{"id":28335,"date":"2024-12-19T19:34:40","date_gmt":"2024-12-19T22:34:40","guid":{"rendered":"https:\/\/tienda.test.rigelec.com.ar\/?product=lampara-led-luz-fria-e27-38w-3240lm"},"modified":"2026-05-01T11:39:18","modified_gmt":"2026-05-01T14:39:18","slug":"lampara-led-macroled-e27-38w-luz-fria-3240lm","status":"publish","type":"product","link":"https:\/\/tienda.rigelec.com.ar\/?product=lampara-led-macroled-e27-38w-luz-fria-3240lm","title":{"rendered":"LAMPARA LED LUZ FRIA E27 38W- 3240LM"},"content":{"rendered":"<p>La <strong data-start=\"188\" data-end=\"229\">L\u00e1mpara LED Macroled E27 38W Luz Fr\u00eda<\/strong> ofrece una iluminaci\u00f3n potente de <strong data-start=\"264\" data-end=\"280\">3240 l\u00famenes<\/strong>, ideal para reemplazar l\u00e1mparas incandescentes o de bajo consumo de alta potencia. Gracias a su dise\u00f1o de rosca est\u00e1ndar E27, es f\u00e1cil de instalar en cualquier portal\u00e1mpara com\u00fan, brindando una luz clara, brillante y uniforme, perfecta para espacios amplios que requieren m\u00e1xima visibilidad.<\/p>\n<h2 data-start=\"581\" data-end=\"613\">Caracter\u00edsticas t\u00e9cnicas<\/h2>\n<ul data-start=\"614\" data-end=\"1122\">\n<li data-start=\"614\" data-end=\"637\">\n<p data-start=\"616\" data-end=\"637\"><strong data-start=\"616\" data-end=\"626\">Marca:<\/strong> Macroled<\/p>\n<\/li>\n<li data-start=\"638\" data-end=\"669\">\n<p data-start=\"640\" data-end=\"669\"><strong data-start=\"640\" data-end=\"651\">Modelo:<\/strong> L\u00e1mpara LED E27<\/p>\n<\/li>\n<li data-start=\"670\" data-end=\"691\">\n<p data-start=\"672\" data-end=\"691\"><strong data-start=\"672\" data-end=\"685\">Potencia:<\/strong> 38W<\/p>\n<\/li>\n<li data-start=\"692\" data-end=\"729\">\n<p data-start=\"694\" data-end=\"729\"><strong data-start=\"694\" data-end=\"713\">Flujo luminoso:<\/strong> 3.240 l\u00famenes<\/p>\n<\/li>\n<li data-start=\"730\" data-end=\"783\">\n<p data-start=\"732\" data-end=\"783\"><strong data-start=\"732\" data-end=\"757\">Temperatura de color:<\/strong> Luz Fr\u00eda (6500K aprox.)<\/p>\n<\/li>\n<li data-start=\"784\" data-end=\"815\">\n<p data-start=\"786\" data-end=\"815\"><strong data-start=\"786\" data-end=\"800\">Casquillo:<\/strong> E27 est\u00e1ndar<\/p>\n<\/li>\n<li data-start=\"816\" data-end=\"848\">\n<p data-start=\"818\" data-end=\"848\"><strong data-start=\"818\" data-end=\"841\">\u00c1ngulo de apertura:<\/strong> 200\u00b0<\/p>\n<\/li>\n<li data-start=\"849\" data-end=\"882\">\n<p data-start=\"851\" data-end=\"882\"><strong data-start=\"851\" data-end=\"868\">Alimentaci\u00f3n:<\/strong> 220V \u2013 50Hz<\/p>\n<\/li>\n<li data-start=\"883\" data-end=\"921\">\n<p data-start=\"885\" data-end=\"921\"><strong data-start=\"885\" data-end=\"899\">Vida \u00fatil:<\/strong> 25.000 horas aprox.<\/p>\n<\/li>\n<li data-start=\"922\" data-end=\"961\">\n<p data-start=\"924\" data-end=\"961\"><strong data-start=\"924\" data-end=\"950\">Eficiencia energ\u00e9tica:<\/strong> Clase A+<\/p>\n<\/li>\n<li data-start=\"962\" data-end=\"1009\">\n<p data-start=\"964\" data-end=\"1009\"><strong data-start=\"964\" data-end=\"977\">Material:<\/strong> Pl\u00e1stico + aluminio disipador<\/p>\n<\/li>\n<li data-start=\"1010\" data-end=\"1043\">\n<p data-start=\"1012\" data-end=\"1043\"><strong data-start=\"1012\" data-end=\"1038\">Encendido instant\u00e1neo:<\/strong> S\u00ed<\/p>\n<\/li>\n<li data-start=\"1044\" data-end=\"1122\">\n<p data-start=\"1046\" data-end=\"1122\"><strong data-start=\"1046\" data-end=\"1062\">Dimensiones:<\/strong> est\u00e1ndar globo E27 (aprox. 165 mm largo x 70 mm di\u00e1metro)<\/p>\n<\/li>\n<\/ul>\n<h2 data-start=\"1129\" data-end=\"1162\">Aplicaciones<\/h2>\n<ul data-start=\"1163\" data-end=\"1485\">\n<li data-start=\"1163\" data-end=\"1225\">\n<p data-start=\"1165\" data-end=\"1225\"><strong data-start=\"1165\" data-end=\"1176\">Hogares<\/strong>: cocinas, garajes, patios y ambientes grandes.<\/p>\n<\/li>\n<li data-start=\"1226\" data-end=\"1279\">\n<p data-start=\"1228\" data-end=\"1279\"><strong data-start=\"1228\" data-end=\"1241\">Comercios<\/strong>: supermercados, locales, dep\u00f3sitos.<\/p>\n<\/li>\n<li data-start=\"1280\" data-end=\"1345\">\n<p data-start=\"1282\" data-end=\"1345\"><strong data-start=\"1282\" data-end=\"1316\">Oficinas y espacios de trabajo<\/strong> que requieren luz intensa.<\/p>\n<\/li>\n<li data-start=\"1346\" data-end=\"1401\">\n<p data-start=\"1348\" data-end=\"1401\"><strong data-start=\"1348\" data-end=\"1365\">\u00c1reas comunes<\/strong> en edificios, pasillos y accesos.<\/p>\n<\/li>\n<li data-start=\"1402\" data-end=\"1485\">\n<p data-start=\"1404\" data-end=\"1485\"><strong data-start=\"1404\" data-end=\"1427\">Iluminaci\u00f3n general<\/strong> en espacios que necesiten alta potencia y bajo consumo.<\/p>\n<\/li>\n<\/ul>\n<p><a href=\"https:\/\/www.macroled.com.ar\/lamparas\/7428325576322\">https:\/\/www.macroled.com.ar\/lamparas\/7428325576322<\/a><\/p>\n","protected":false},"excerpt":{"rendered":"<p>Potencia: 38W<br \/>\nTensi\u00f3n: AC180-240V<br \/>\nVida \u00datil (horas): 9.000hs<br \/>\nCorriente: 275mA<br \/>\nFactor de Potencia: 0.5<br \/>\nProtecci\u00f3n IP: IP20<br \/>\nFunci\u00f3n Dimeable: No<br \/>\n\u00c1ngulo de Apertura: 180\u00b0<br \/>\nMaterial del Cuerpo: PVC y Aluminio<br \/>\nTipo de Chip: 2835 &#8211; 33pcs<\/p>\n","protected":false},"featured_media":28336,"comment_status":"open","ping_status":"closed","template":"","meta":{"_monsterinsights_skip_tracking":false,"_monsterinsights_sitenote_active":false,"_monsterinsights_sitenote_note":"","_monsterinsights_sitenote_category":0},"product_brand":[],"product_cat":[214],"product_tag":[146],"class_list":{"0":"post-28335","1":"product","2":"type-product","3":"status-publish","4":"has-post-thumbnail","6":"product_cat-i-lamparas","7":"product_tag-macroled","9":"first","10":"instock","11":"shipping-taxable","12":"purchasable","13":"product-type-simple"},"yoast_head":"<!-- This site is optimized with the Yoast SEO plugin v25.3.1 - https:\/\/yoast.com\/wordpress\/plugins\/seo\/ -->\n<title>Tienda Rigelec L\u00e1mpara LED Macroled E27 38W Luz Fr\u00eda \u2013 3240lm<\/title>\n<meta name=\"description\" content=\"L\u00e1mpara LED Macroled E27 38W luz fr\u00eda. Potencia y eficiencia con 3240 l\u00famenes de brillo uniforme, ideal para hogares, oficinas y comercios.\" \/>\n<meta name=\"robots\" content=\"index, follow, max-snippet:-1, max-image-preview:large, max-video-preview:-1\" \/>\n<link rel=\"canonical\" href=\"https:\/\/tienda.rigelec.com.ar\/?product=lampara-led-macroled-e27-38w-luz-fria-3240lm\" \/>\n<meta property=\"og:locale\" content=\"es_ES\" \/>\n<meta property=\"og:type\" content=\"article\" \/>\n<meta property=\"og:title\" content=\"Tienda Rigelec L\u00e1mpara LED Macroled E27 38W Luz Fr\u00eda \u2013 3240lm\" \/>\n<meta property=\"og:description\" content=\"L\u00e1mpara LED Macroled E27 38W luz fr\u00eda. Potencia y eficiencia con 3240 l\u00famenes de brillo uniforme, ideal para hogares, oficinas y comercios.\" \/>\n<meta property=\"og:url\" content=\"https:\/\/tienda.rigelec.com.ar\/?product=lampara-led-macroled-e27-38w-luz-fria-3240lm\" \/>\n<meta property=\"og:site_name\" content=\"Tienda Rigelec\" \/>\n<meta property=\"article:modified_time\" content=\"2026-05-01T14:39:18+00:00\" \/>\n<meta property=\"og:image\" content=\"https:\/\/tienda.rigelec.com.ar\/wp-content\/uploads\/2024\/12\/LAMPARALEDLUZFRIA-30.jpg\" \/>\n\t<meta property=\"og:image:width\" content=\"908\" \/>\n\t<meta property=\"og:image:height\" content=\"934\" \/>\n\t<meta property=\"og:image:type\" content=\"image\/jpeg\" \/>\n<meta name=\"twitter:card\" content=\"summary_large_image\" \/>\n<meta name=\"twitter:label1\" content=\"Tiempo de lectura\" \/>\n\t<meta name=\"twitter:data1\" content=\"1 minuto\" \/>\n<script type=\"application\/ld+json\" class=\"yoast-schema-graph\">{\"@context\":\"https:\/\/schema.org\",\"@graph\":[{\"@type\":\"WebPage\",\"@id\":\"https:\/\/tienda.rigelec.com.ar\/?product=lampara-led-macroled-e27-38w-luz-fria-3240lm\",\"url\":\"https:\/\/tienda.rigelec.com.ar\/?product=lampara-led-macroled-e27-38w-luz-fria-3240lm\",\"name\":\"Tienda Rigelec L\u00e1mpara LED Macroled E27 38W Luz Fr\u00eda \u2013 3240lm\",\"isPartOf\":{\"@id\":\"https:\/\/tienda.rigelec.com.ar\/#website\"},\"primaryImageOfPage\":{\"@id\":\"https:\/\/tienda.rigelec.com.ar\/?product=lampara-led-macroled-e27-38w-luz-fria-3240lm#primaryimage\"},\"image\":{\"@id\":\"https:\/\/tienda.rigelec.com.ar\/?product=lampara-led-macroled-e27-38w-luz-fria-3240lm#primaryimage\"},\"thumbnailUrl\":\"https:\/\/tienda.rigelec.com.ar\/wp-content\/uploads\/2024\/12\/LAMPARALEDLUZFRIA-30.jpg\",\"datePublished\":\"2024-12-19T22:34:40+00:00\",\"dateModified\":\"2026-05-01T14:39:18+00:00\",\"description\":\"L\u00e1mpara LED Macroled E27 38W luz fr\u00eda. Potencia y eficiencia con 3240 l\u00famenes de brillo uniforme, ideal para hogares, oficinas y comercios.\",\"breadcrumb\":{\"@id\":\"https:\/\/tienda.rigelec.com.ar\/?product=lampara-led-macroled-e27-38w-luz-fria-3240lm#breadcrumb\"},\"inLanguage\":\"es-AR\",\"potentialAction\":[{\"@type\":\"ReadAction\",\"target\":[\"https:\/\/tienda.rigelec.com.ar\/?product=lampara-led-macroled-e27-38w-luz-fria-3240lm\"]}]},{\"@type\":\"ImageObject\",\"inLanguage\":\"es-AR\",\"@id\":\"https:\/\/tienda.rigelec.com.ar\/?product=lampara-led-macroled-e27-38w-luz-fria-3240lm#primaryimage\",\"url\":\"https:\/\/tienda.rigelec.com.ar\/wp-content\/uploads\/2024\/12\/LAMPARALEDLUZFRIA-30.jpg\",\"contentUrl\":\"https:\/\/tienda.rigelec.com.ar\/wp-content\/uploads\/2024\/12\/LAMPARALEDLUZFRIA-30.jpg\",\"width\":908,\"height\":934},{\"@type\":\"BreadcrumbList\",\"@id\":\"https:\/\/tienda.rigelec.com.ar\/?product=lampara-led-macroled-e27-38w-luz-fria-3240lm#breadcrumb\",\"itemListElement\":[{\"@type\":\"ListItem\",\"position\":1,\"name\":\"Inicio\",\"item\":\"https:\/\/tienda.rigelec.com.ar\/\"},{\"@type\":\"ListItem\",\"position\":2,\"name\":\"Shop\",\"item\":\"https:\/\/tienda.rigelec.com.ar\/?page_id=12\"},{\"@type\":\"ListItem\",\"position\":3,\"name\":\"LAMPARA LED LUZ FRIA E27 38W- 3240LM\"}]},{\"@type\":\"WebSite\",\"@id\":\"https:\/\/tienda.rigelec.com.ar\/#website\",\"url\":\"https:\/\/tienda.rigelec.com.ar\/\",\"name\":\"Tienda Rigelec\",\"description\":\"Energia en movimiento\",\"publisher\":{\"@id\":\"https:\/\/tienda.rigelec.com.ar\/#organization\"},\"potentialAction\":[{\"@type\":\"SearchAction\",\"target\":{\"@type\":\"EntryPoint\",\"urlTemplate\":\"https:\/\/tienda.rigelec.com.ar\/?s={search_term_string}\"},\"query-input\":{\"@type\":\"PropertyValueSpecification\",\"valueRequired\":true,\"valueName\":\"search_term_string\"}}],\"inLanguage\":\"es-AR\"},{\"@type\":\"Organization\",\"@id\":\"https:\/\/tienda.rigelec.com.ar\/#organization\",\"name\":\"Tienda Rigelec\",\"url\":\"https:\/\/tienda.rigelec.com.ar\/\",\"logo\":{\"@type\":\"ImageObject\",\"inLanguage\":\"es-AR\",\"@id\":\"https:\/\/tienda.rigelec.com.ar\/#\/schema\/logo\/image\/\",\"url\":\"https:\/\/tienda.rigelec.com.ar\/wp-content\/uploads\/2024\/09\/isologo-blanco-rigelec.png\",\"contentUrl\":\"https:\/\/tienda.rigelec.com.ar\/wp-content\/uploads\/2024\/09\/isologo-blanco-rigelec.png\",\"width\":94,\"height\":97,\"caption\":\"Tienda Rigelec\"},\"image\":{\"@id\":\"https:\/\/tienda.rigelec.com.ar\/#\/schema\/logo\/image\/\"}}]}<\/script>\n<!-- \/ Yoast SEO plugin. -->","yoast_head_json":{"title":"Tienda Rigelec L\u00e1mpara LED Macroled E27 38W Luz Fr\u00eda \u2013 3240lm","description":"L\u00e1mpara LED Macroled E27 38W luz fr\u00eda. Potencia y eficiencia con 3240 l\u00famenes de brillo uniforme, ideal para hogares, oficinas y comercios.","robots":{"index":"index","follow":"follow","max-snippet":"max-snippet:-1","max-image-preview":"max-image-preview:large","max-video-preview":"max-video-preview:-1"},"canonical":"https:\/\/tienda.rigelec.com.ar\/?product=lampara-led-macroled-e27-38w-luz-fria-3240lm","og_locale":"es_ES","og_type":"article","og_title":"Tienda Rigelec L\u00e1mpara LED Macroled E27 38W Luz Fr\u00eda \u2013 3240lm","og_description":"L\u00e1mpara LED Macroled E27 38W luz fr\u00eda. Potencia y eficiencia con 3240 l\u00famenes de brillo uniforme, ideal para hogares, oficinas y comercios.","og_url":"https:\/\/tienda.rigelec.com.ar\/?product=lampara-led-macroled-e27-38w-luz-fria-3240lm","og_site_name":"Tienda Rigelec","article_modified_time":"2026-05-01T14:39:18+00:00","og_image":[{"width":908,"height":934,"url":"https:\/\/tienda.rigelec.com.ar\/wp-content\/uploads\/2024\/12\/LAMPARALEDLUZFRIA-30.jpg","type":"image\/jpeg"}],"twitter_card":"summary_large_image","twitter_misc":{"Tiempo de lectura":"1 minuto"},"schema":{"@context":"https:\/\/schema.org","@graph":[{"@type":"WebPage","@id":"https:\/\/tienda.rigelec.com.ar\/?product=lampara-led-macroled-e27-38w-luz-fria-3240lm","url":"https:\/\/tienda.rigelec.com.ar\/?product=lampara-led-macroled-e27-38w-luz-fria-3240lm","name":"Tienda Rigelec L\u00e1mpara LED Macroled E27 38W Luz Fr\u00eda \u2013 3240lm","isPartOf":{"@id":"https:\/\/tienda.rigelec.com.ar\/#website"},"primaryImageOfPage":{"@id":"https:\/\/tienda.rigelec.com.ar\/?product=lampara-led-macroled-e27-38w-luz-fria-3240lm#primaryimage"},"image":{"@id":"https:\/\/tienda.rigelec.com.ar\/?product=lampara-led-macroled-e27-38w-luz-fria-3240lm#primaryimage"},"thumbnailUrl":"https:\/\/tienda.rigelec.com.ar\/wp-content\/uploads\/2024\/12\/LAMPARALEDLUZFRIA-30.jpg","datePublished":"2024-12-19T22:34:40+00:00","dateModified":"2026-05-01T14:39:18+00:00","description":"L\u00e1mpara LED Macroled E27 38W luz fr\u00eda. Potencia y eficiencia con 3240 l\u00famenes de brillo uniforme, ideal para hogares, oficinas y comercios.","breadcrumb":{"@id":"https:\/\/tienda.rigelec.com.ar\/?product=lampara-led-macroled-e27-38w-luz-fria-3240lm#breadcrumb"},"inLanguage":"es-AR","potentialAction":[{"@type":"ReadAction","target":["https:\/\/tienda.rigelec.com.ar\/?product=lampara-led-macroled-e27-38w-luz-fria-3240lm"]}]},{"@type":"ImageObject","inLanguage":"es-AR","@id":"https:\/\/tienda.rigelec.com.ar\/?product=lampara-led-macroled-e27-38w-luz-fria-3240lm#primaryimage","url":"https:\/\/tienda.rigelec.com.ar\/wp-content\/uploads\/2024\/12\/LAMPARALEDLUZFRIA-30.jpg","contentUrl":"https:\/\/tienda.rigelec.com.ar\/wp-content\/uploads\/2024\/12\/LAMPARALEDLUZFRIA-30.jpg","width":908,"height":934},{"@type":"BreadcrumbList","@id":"https:\/\/tienda.rigelec.com.ar\/?product=lampara-led-macroled-e27-38w-luz-fria-3240lm#breadcrumb","itemListElement":[{"@type":"ListItem","position":1,"name":"Inicio","item":"https:\/\/tienda.rigelec.com.ar\/"},{"@type":"ListItem","position":2,"name":"Shop","item":"https:\/\/tienda.rigelec.com.ar\/?page_id=12"},{"@type":"ListItem","position":3,"name":"LAMPARA LED LUZ FRIA E27 38W- 3240LM"}]},{"@type":"WebSite","@id":"https:\/\/tienda.rigelec.com.ar\/#website","url":"https:\/\/tienda.rigelec.com.ar\/","name":"Tienda Rigelec","description":"Energia en movimiento","publisher":{"@id":"https:\/\/tienda.rigelec.com.ar\/#organization"},"potentialAction":[{"@type":"SearchAction","target":{"@type":"EntryPoint","urlTemplate":"https:\/\/tienda.rigelec.com.ar\/?s={search_term_string}"},"query-input":{"@type":"PropertyValueSpecification","valueRequired":true,"valueName":"search_term_string"}}],"inLanguage":"es-AR"},{"@type":"Organization","@id":"https:\/\/tienda.rigelec.com.ar\/#organization","name":"Tienda Rigelec","url":"https:\/\/tienda.rigelec.com.ar\/","logo":{"@type":"ImageObject","inLanguage":"es-AR","@id":"https:\/\/tienda.rigelec.com.ar\/#\/schema\/logo\/image\/","url":"https:\/\/tienda.rigelec.com.ar\/wp-content\/uploads\/2024\/09\/isologo-blanco-rigelec.png","contentUrl":"https:\/\/tienda.rigelec.com.ar\/wp-content\/uploads\/2024\/09\/isologo-blanco-rigelec.png","width":94,"height":97,"caption":"Tienda Rigelec"},"image":{"@id":"https:\/\/tienda.rigelec.com.ar\/#\/schema\/logo\/image\/"}}]}},"jetpack_sharing_enabled":true,"_links":{"self":[{"href":"https:\/\/tienda.rigelec.com.ar\/index.php?rest_route=\/wp\/v2\/product\/28335","targetHints":{"allow":["GET"]}}],"collection":[{"href":"https:\/\/tienda.rigelec.com.ar\/index.php?rest_route=\/wp\/v2\/product"}],"about":[{"href":"https:\/\/tienda.rigelec.com.ar\/index.php?rest_route=\/wp\/v2\/types\/product"}],"replies":[{"embeddable":true,"href":"https:\/\/tienda.rigelec.com.ar\/index.php?rest_route=%2Fwp%2Fv2%2Fcomments&post=28335"}],"wp:featuredmedia":[{"embeddable":true,"href":"https:\/\/tienda.rigelec.com.ar\/index.php?rest_route=\/wp\/v2\/media\/28336"}],"wp:attachment":[{"href":"https:\/\/tienda.rigelec.com.ar\/index.php?rest_route=%2Fwp%2Fv2%2Fmedia&parent=28335"}],"wp:term":[{"taxonomy":"product_brand","embeddable":true,"href":"https:\/\/tienda.rigelec.com.ar\/index.php?rest_route=%2Fwp%2Fv2%2Fproduct_brand&post=28335"},{"taxonomy":"product_cat","embeddable":true,"href":"https:\/\/tienda.rigelec.com.ar\/index.php?rest_route=%2Fwp%2Fv2%2Fproduct_cat&post=28335"},{"taxonomy":"product_tag","embeddable":true,"href":"https:\/\/tienda.rigelec.com.ar\/index.php?rest_route=%2Fwp%2Fv2%2Fproduct_tag&post=28335"}],"curies":[{"name":"wp","href":"https:\/\/api.w.org\/{rel}","templated":true}]}}