{"id":28369,"date":"2024-12-19T19:36:00","date_gmt":"2024-12-19T22:36:00","guid":{"rendered":"https:\/\/tienda.test.rigelec.com.ar\/?product=lateral-enterizo-serie-97-450x1800mm"},"modified":"2026-04-30T22:07:40","modified_gmt":"2026-05-01T01:07:40","slug":"lateral-enterizo-serie-97-450x1800mm","status":"publish","type":"product","link":"https:\/\/tienda.rigelec.com.ar\/?product=lateral-enterizo-serie-97-450x1800mm","title":{"rendered":"LATERAL ENTERIZO SERIE 97 450X1800MM"},"content":{"rendered":"<p>LATERAL ENTERIZO<\/p>\n<h3 data-start=\"260\" data-end=\"312\">Lateral enterizo Serie 97 \u2013 450&#215;1800 mm | Genrod<\/h3>\n<p data-start=\"314\" data-end=\"652\">El lateral enterizo Serie 97 de 450&#215;1800 mm es una pieza fundamental para el cerramiento de gabinetes el\u00e9ctricos, dise\u00f1ado espec\u00edficamente para brindar protecci\u00f3n, estructura y estanqueidad. Fabricado por Genrod, este componente se instala como placa lateral o superior en tableros, asegurando un montaje s\u00f3lido y profesional.<\/p>\n<p data-start=\"654\" data-end=\"974\">Este tipo de placas es ideal para completar la envolvente de gabinetes modulares, ya que permiten cerrar los laterales o el techo seg\u00fan sea necesario. Adem\u00e1s, cada unidad incluye un burlete inyectado de manera continua, lo que garantiza un sellado confiable frente al polvo, humedad y otros factores ambientales.<\/p>\n<p data-start=\"976\" data-end=\"1261\">Su formato enterizo facilita la instalaci\u00f3n y otorga una apariencia limpia y uniforme. Gracias a sus dimensiones (450 mm de ancho por 1800 mm de alto), es compatible con gabinetes de la Serie 97, una l\u00ednea ampliamente utilizada en entornos industriales, comerciales y t\u00e9cnicos.<\/p>\n<p data-start=\"1263\" data-end=\"1295\"><strong data-start=\"1263\" data-end=\"1295\">Caracter\u00edsticas principales:<\/strong><\/p>\n<ul data-start=\"1297\" data-end=\"1667\">\n<li data-start=\"1297\" data-end=\"1334\">\n<p data-start=\"1299\" data-end=\"1334\">Modelo: Lateral enterizo Serie 97<\/p>\n<\/li>\n<li data-start=\"1335\" data-end=\"1361\">\n<p data-start=\"1337\" data-end=\"1361\">Medidas: 450 x 1800 mm<\/p>\n<\/li>\n<li data-start=\"1362\" data-end=\"1421\">\n<p data-start=\"1364\" data-end=\"1421\">Aplicaci\u00f3n: cerramiento lateral o superior de gabinetes<\/p>\n<\/li>\n<li data-start=\"1422\" data-end=\"1456\">\n<p data-start=\"1424\" data-end=\"1456\">Con burlete inyectado continuo<\/p>\n<\/li>\n<li data-start=\"1457\" data-end=\"1496\">\n<p data-start=\"1459\" data-end=\"1496\">Garantiza estanqueidad y protecci\u00f3n<\/p>\n<\/li>\n<li data-start=\"1497\" data-end=\"1538\">\n<p data-start=\"1499\" data-end=\"1538\">Estructura s\u00f3lida y f\u00e1cil de instalar<\/p>\n<\/li>\n<li data-start=\"1539\" data-end=\"1585\">\n<p data-start=\"1541\" data-end=\"1585\">Compatible con gabinetes Genrod \u2013 Serie 97<\/p>\n<\/li>\n<li data-start=\"1586\" data-end=\"1667\">\n<p data-start=\"1588\" data-end=\"1667\">Uso recomendado: instalaciones el\u00e9ctricas, automatizaci\u00f3n, centros de control<\/p>\n<\/li>\n<\/ul>\n<p data-start=\"1669\" data-end=\"1892\">Este lateral es una excelente opci\u00f3n para asegurar la protecci\u00f3n integral de tus tableros, cumpliendo con est\u00e1ndares t\u00e9cnicos y est\u00e9ticos exigentes. Adem\u00e1s, su burlete integrado elimina la necesidad de sellados adicionales.<\/p>\n<p><a href=\"https:\/\/genrod.com.ar\/archivos\/catalogos\/Genrod--S97.pdf\">https:\/\/genrod.com.ar\/archivos\/catalogos\/Genrod&#8211;S97.pdf<\/a><\/p>\n","protected":false},"excerpt":{"rendered":"<p>Placas que se utilizan de cerramientos en los laterales y techo de los gabinetes.<br \/>\nCuentan con burlete inyectado de manera continua, que asegura su estanqueidad<\/p>\n","protected":false},"featured_media":28370,"comment_status":"open","ping_status":"closed","template":"","meta":{"_monsterinsights_skip_tracking":false,"_monsterinsights_sitenote_active":false,"_monsterinsights_sitenote_note":"","_monsterinsights_sitenote_category":0},"product_brand":[],"product_cat":[260],"product_tag":[66],"class_list":{"0":"post-28369","1":"product","2":"type-product","3":"status-publish","4":"has-post-thumbnail","6":"product_cat-i-accesorios","7":"product_tag-genrod","9":"first","10":"outofstock","11":"shipping-taxable","12":"purchasable","13":"product-type-simple"},"yoast_head":"<!-- This site is optimized with the Yoast SEO plugin v25.3.1 - https:\/\/yoast.com\/wordpress\/plugins\/seo\/ -->\n<title>LATERAL ENTERIZO SERIE 97 450X1800MM - Tienda Rigelec<\/title>\n<meta name=\"description\" content=\"LATERAL ENTERIZO SERIE 97 450X1800MM Tienda Rigelec - LATERAL ENTERIZO SERIE 97 450X1800MM Tienda Rigelec - LATERAL ENTERIZO SERIE 97 450X1800MM\" \/>\n<meta name=\"robots\" content=\"index, follow, max-snippet:-1, max-image-preview:large, max-video-preview:-1\" \/>\n<link rel=\"canonical\" href=\"https:\/\/tienda.rigelec.com.ar\/?product=lateral-enterizo-serie-97-450x1800mm\" \/>\n<meta property=\"og:locale\" content=\"es_ES\" \/>\n<meta property=\"og:type\" content=\"article\" \/>\n<meta property=\"og:title\" content=\"LATERAL ENTERIZO SERIE 97 450X1800MM - Tienda Rigelec\" \/>\n<meta property=\"og:description\" content=\"LATERAL ENTERIZO SERIE 97 450X1800MM Tienda Rigelec - LATERAL ENTERIZO SERIE 97 450X1800MM Tienda Rigelec - LATERAL ENTERIZO SERIE 97 450X1800MM\" \/>\n<meta property=\"og:url\" content=\"https:\/\/tienda.rigelec.com.ar\/?product=lateral-enterizo-serie-97-450x1800mm\" \/>\n<meta property=\"og:site_name\" content=\"Tienda Rigelec\" \/>\n<meta property=\"article:modified_time\" content=\"2026-05-01T01:07:40+00:00\" \/>\n<meta property=\"og:image\" content=\"https:\/\/tienda.rigelec.com.ar\/wp-content\/uploads\/2024\/12\/LATERALENTERIZO.jpg\" \/>\n\t<meta property=\"og:image:width\" content=\"1080\" \/>\n\t<meta property=\"og:image:height\" content=\"961\" \/>\n\t<meta property=\"og:image:type\" content=\"image\/jpeg\" \/>\n<meta name=\"twitter:card\" content=\"summary_large_image\" \/>\n<meta name=\"twitter:label1\" content=\"Tiempo de lectura\" \/>\n\t<meta name=\"twitter:data1\" content=\"2 minutos\" \/>\n<script type=\"application\/ld+json\" class=\"yoast-schema-graph\">{\"@context\":\"https:\/\/schema.org\",\"@graph\":[{\"@type\":\"WebPage\",\"@id\":\"https:\/\/tienda.rigelec.com.ar\/?product=lateral-enterizo-serie-97-450x1800mm\",\"url\":\"https:\/\/tienda.rigelec.com.ar\/?product=lateral-enterizo-serie-97-450x1800mm\",\"name\":\"LATERAL ENTERIZO SERIE 97 450X1800MM - Tienda Rigelec\",\"isPartOf\":{\"@id\":\"https:\/\/tienda.rigelec.com.ar\/#website\"},\"primaryImageOfPage\":{\"@id\":\"https:\/\/tienda.rigelec.com.ar\/?product=lateral-enterizo-serie-97-450x1800mm#primaryimage\"},\"image\":{\"@id\":\"https:\/\/tienda.rigelec.com.ar\/?product=lateral-enterizo-serie-97-450x1800mm#primaryimage\"},\"thumbnailUrl\":\"https:\/\/tienda.rigelec.com.ar\/wp-content\/uploads\/2024\/12\/LATERALENTERIZO.jpg\",\"datePublished\":\"2024-12-19T22:36:00+00:00\",\"dateModified\":\"2026-05-01T01:07:40+00:00\",\"description\":\"LATERAL ENTERIZO SERIE 97 450X1800MM Tienda Rigelec - LATERAL ENTERIZO SERIE 97 450X1800MM Tienda Rigelec - LATERAL ENTERIZO SERIE 97 450X1800MM\",\"breadcrumb\":{\"@id\":\"https:\/\/tienda.rigelec.com.ar\/?product=lateral-enterizo-serie-97-450x1800mm#breadcrumb\"},\"inLanguage\":\"es-AR\",\"potentialAction\":[{\"@type\":\"ReadAction\",\"target\":[\"https:\/\/tienda.rigelec.com.ar\/?product=lateral-enterizo-serie-97-450x1800mm\"]}]},{\"@type\":\"ImageObject\",\"inLanguage\":\"es-AR\",\"@id\":\"https:\/\/tienda.rigelec.com.ar\/?product=lateral-enterizo-serie-97-450x1800mm#primaryimage\",\"url\":\"https:\/\/tienda.rigelec.com.ar\/wp-content\/uploads\/2024\/12\/LATERALENTERIZO.jpg\",\"contentUrl\":\"https:\/\/tienda.rigelec.com.ar\/wp-content\/uploads\/2024\/12\/LATERALENTERIZO.jpg\",\"width\":1080,\"height\":961},{\"@type\":\"BreadcrumbList\",\"@id\":\"https:\/\/tienda.rigelec.com.ar\/?product=lateral-enterizo-serie-97-450x1800mm#breadcrumb\",\"itemListElement\":[{\"@type\":\"ListItem\",\"position\":1,\"name\":\"Inicio\",\"item\":\"https:\/\/tienda.rigelec.com.ar\/\"},{\"@type\":\"ListItem\",\"position\":2,\"name\":\"Shop\",\"item\":\"https:\/\/tienda.rigelec.com.ar\/?page_id=12\"},{\"@type\":\"ListItem\",\"position\":3,\"name\":\"LATERAL ENTERIZO SERIE 97 450X1800MM\"}]},{\"@type\":\"WebSite\",\"@id\":\"https:\/\/tienda.rigelec.com.ar\/#website\",\"url\":\"https:\/\/tienda.rigelec.com.ar\/\",\"name\":\"Tienda Rigelec\",\"description\":\"Energia en movimiento\",\"publisher\":{\"@id\":\"https:\/\/tienda.rigelec.com.ar\/#organization\"},\"potentialAction\":[{\"@type\":\"SearchAction\",\"target\":{\"@type\":\"EntryPoint\",\"urlTemplate\":\"https:\/\/tienda.rigelec.com.ar\/?s={search_term_string}\"},\"query-input\":{\"@type\":\"PropertyValueSpecification\",\"valueRequired\":true,\"valueName\":\"search_term_string\"}}],\"inLanguage\":\"es-AR\"},{\"@type\":\"Organization\",\"@id\":\"https:\/\/tienda.rigelec.com.ar\/#organization\",\"name\":\"Tienda Rigelec\",\"url\":\"https:\/\/tienda.rigelec.com.ar\/\",\"logo\":{\"@type\":\"ImageObject\",\"inLanguage\":\"es-AR\",\"@id\":\"https:\/\/tienda.rigelec.com.ar\/#\/schema\/logo\/image\/\",\"url\":\"https:\/\/tienda.rigelec.com.ar\/wp-content\/uploads\/2024\/09\/isologo-blanco-rigelec.png\",\"contentUrl\":\"https:\/\/tienda.rigelec.com.ar\/wp-content\/uploads\/2024\/09\/isologo-blanco-rigelec.png\",\"width\":94,\"height\":97,\"caption\":\"Tienda Rigelec\"},\"image\":{\"@id\":\"https:\/\/tienda.rigelec.com.ar\/#\/schema\/logo\/image\/\"}}]}<\/script>\n<!-- \/ Yoast SEO plugin. -->","yoast_head_json":{"title":"LATERAL ENTERIZO SERIE 97 450X1800MM - Tienda Rigelec","description":"LATERAL ENTERIZO SERIE 97 450X1800MM Tienda Rigelec - LATERAL ENTERIZO SERIE 97 450X1800MM Tienda Rigelec - LATERAL ENTERIZO SERIE 97 450X1800MM","robots":{"index":"index","follow":"follow","max-snippet":"max-snippet:-1","max-image-preview":"max-image-preview:large","max-video-preview":"max-video-preview:-1"},"canonical":"https:\/\/tienda.rigelec.com.ar\/?product=lateral-enterizo-serie-97-450x1800mm","og_locale":"es_ES","og_type":"article","og_title":"LATERAL ENTERIZO SERIE 97 450X1800MM - Tienda Rigelec","og_description":"LATERAL ENTERIZO SERIE 97 450X1800MM Tienda Rigelec - LATERAL ENTERIZO SERIE 97 450X1800MM Tienda Rigelec - LATERAL ENTERIZO SERIE 97 450X1800MM","og_url":"https:\/\/tienda.rigelec.com.ar\/?product=lateral-enterizo-serie-97-450x1800mm","og_site_name":"Tienda Rigelec","article_modified_time":"2026-05-01T01:07:40+00:00","og_image":[{"width":1080,"height":961,"url":"https:\/\/tienda.rigelec.com.ar\/wp-content\/uploads\/2024\/12\/LATERALENTERIZO.jpg","type":"image\/jpeg"}],"twitter_card":"summary_large_image","twitter_misc":{"Tiempo de lectura":"2 minutos"},"schema":{"@context":"https:\/\/schema.org","@graph":[{"@type":"WebPage","@id":"https:\/\/tienda.rigelec.com.ar\/?product=lateral-enterizo-serie-97-450x1800mm","url":"https:\/\/tienda.rigelec.com.ar\/?product=lateral-enterizo-serie-97-450x1800mm","name":"LATERAL ENTERIZO SERIE 97 450X1800MM - Tienda Rigelec","isPartOf":{"@id":"https:\/\/tienda.rigelec.com.ar\/#website"},"primaryImageOfPage":{"@id":"https:\/\/tienda.rigelec.com.ar\/?product=lateral-enterizo-serie-97-450x1800mm#primaryimage"},"image":{"@id":"https:\/\/tienda.rigelec.com.ar\/?product=lateral-enterizo-serie-97-450x1800mm#primaryimage"},"thumbnailUrl":"https:\/\/tienda.rigelec.com.ar\/wp-content\/uploads\/2024\/12\/LATERALENTERIZO.jpg","datePublished":"2024-12-19T22:36:00+00:00","dateModified":"2026-05-01T01:07:40+00:00","description":"LATERAL ENTERIZO SERIE 97 450X1800MM Tienda Rigelec - LATERAL ENTERIZO SERIE 97 450X1800MM Tienda Rigelec - LATERAL ENTERIZO SERIE 97 450X1800MM","breadcrumb":{"@id":"https:\/\/tienda.rigelec.com.ar\/?product=lateral-enterizo-serie-97-450x1800mm#breadcrumb"},"inLanguage":"es-AR","potentialAction":[{"@type":"ReadAction","target":["https:\/\/tienda.rigelec.com.ar\/?product=lateral-enterizo-serie-97-450x1800mm"]}]},{"@type":"ImageObject","inLanguage":"es-AR","@id":"https:\/\/tienda.rigelec.com.ar\/?product=lateral-enterizo-serie-97-450x1800mm#primaryimage","url":"https:\/\/tienda.rigelec.com.ar\/wp-content\/uploads\/2024\/12\/LATERALENTERIZO.jpg","contentUrl":"https:\/\/tienda.rigelec.com.ar\/wp-content\/uploads\/2024\/12\/LATERALENTERIZO.jpg","width":1080,"height":961},{"@type":"BreadcrumbList","@id":"https:\/\/tienda.rigelec.com.ar\/?product=lateral-enterizo-serie-97-450x1800mm#breadcrumb","itemListElement":[{"@type":"ListItem","position":1,"name":"Inicio","item":"https:\/\/tienda.rigelec.com.ar\/"},{"@type":"ListItem","position":2,"name":"Shop","item":"https:\/\/tienda.rigelec.com.ar\/?page_id=12"},{"@type":"ListItem","position":3,"name":"LATERAL ENTERIZO SERIE 97 450X1800MM"}]},{"@type":"WebSite","@id":"https:\/\/tienda.rigelec.com.ar\/#website","url":"https:\/\/tienda.rigelec.com.ar\/","name":"Tienda Rigelec","description":"Energia en movimiento","publisher":{"@id":"https:\/\/tienda.rigelec.com.ar\/#organization"},"potentialAction":[{"@type":"SearchAction","target":{"@type":"EntryPoint","urlTemplate":"https:\/\/tienda.rigelec.com.ar\/?s={search_term_string}"},"query-input":{"@type":"PropertyValueSpecification","valueRequired":true,"valueName":"search_term_string"}}],"inLanguage":"es-AR"},{"@type":"Organization","@id":"https:\/\/tienda.rigelec.com.ar\/#organization","name":"Tienda Rigelec","url":"https:\/\/tienda.rigelec.com.ar\/","logo":{"@type":"ImageObject","inLanguage":"es-AR","@id":"https:\/\/tienda.rigelec.com.ar\/#\/schema\/logo\/image\/","url":"https:\/\/tienda.rigelec.com.ar\/wp-content\/uploads\/2024\/09\/isologo-blanco-rigelec.png","contentUrl":"https:\/\/tienda.rigelec.com.ar\/wp-content\/uploads\/2024\/09\/isologo-blanco-rigelec.png","width":94,"height":97,"caption":"Tienda Rigelec"},"image":{"@id":"https:\/\/tienda.rigelec.com.ar\/#\/schema\/logo\/image\/"}}]}},"jetpack_sharing_enabled":true,"_links":{"self":[{"href":"https:\/\/tienda.rigelec.com.ar\/index.php?rest_route=\/wp\/v2\/product\/28369","targetHints":{"allow":["GET"]}}],"collection":[{"href":"https:\/\/tienda.rigelec.com.ar\/index.php?rest_route=\/wp\/v2\/product"}],"about":[{"href":"https:\/\/tienda.rigelec.com.ar\/index.php?rest_route=\/wp\/v2\/types\/product"}],"replies":[{"embeddable":true,"href":"https:\/\/tienda.rigelec.com.ar\/index.php?rest_route=%2Fwp%2Fv2%2Fcomments&post=28369"}],"wp:featuredmedia":[{"embeddable":true,"href":"https:\/\/tienda.rigelec.com.ar\/index.php?rest_route=\/wp\/v2\/media\/28370"}],"wp:attachment":[{"href":"https:\/\/tienda.rigelec.com.ar\/index.php?rest_route=%2Fwp%2Fv2%2Fmedia&parent=28369"}],"wp:term":[{"taxonomy":"product_brand","embeddable":true,"href":"https:\/\/tienda.rigelec.com.ar\/index.php?rest_route=%2Fwp%2Fv2%2Fproduct_brand&post=28369"},{"taxonomy":"product_cat","embeddable":true,"href":"https:\/\/tienda.rigelec.com.ar\/index.php?rest_route=%2Fwp%2Fv2%2Fproduct_cat&post=28369"},{"taxonomy":"product_tag","embeddable":true,"href":"https:\/\/tienda.rigelec.com.ar\/index.php?rest_route=%2Fwp%2Fv2%2Fproduct_tag&post=28369"}],"curies":[{"name":"wp","href":"https:\/\/api.w.org\/{rel}","templated":true}]}}