{"id":28513,"date":"2024-12-19T19:43:59","date_gmt":"2024-12-19T22:43:59","guid":{"rendered":"https:\/\/tienda.test.rigelec.com.ar\/?product=tecla-de-pared-smart-negra-tactil-tsx1n-1-canal-1000w"},"modified":"2026-04-30T22:16:21","modified_gmt":"2026-05-01T01:16:21","slug":"tecla-de-pared-smart-negra-tactil-tsx1n-1-canal-1000w","status":"publish","type":"product","link":"https:\/\/tienda.rigelec.com.ar\/?product=tecla-de-pared-smart-negra-tactil-tsx1n-1-canal-1000w","title":{"rendered":"TECLA DE PARED SMART NEGRA TACTIL TSX1N 1 CANAL &#8211; 1000W"},"content":{"rendered":"<p>TECLA DE PARED SMART NEGRA TACTIL<\/p>\n","protected":false},"excerpt":{"rendered":"<p>Canales\tx1<br \/>\nApp\tMacroled power by Tuya<br \/>\nModelo\tTSX1N<br \/>\nTensi\u00f3n\tAC100-240V<br \/>\nCorriente\t10A M\u00e1x.<br \/>\nProtecci\u00f3n IP\tIP20<br \/>\nMaterial del Cuerpo\tPC Ign\u00edfugo + Vidrio Templado<br \/>\nTama\u00f1o de Lampara\t118x72x39 mm<br \/>\nPeso\t159 g<br \/>\nTama\u00f1o de Master\t34.5x28x29.5 cm<br \/>\nCantidad por Master\t40 pcs<br \/>\nTemperatura de Trabajo\t-10\u00b0 +40\u00b0C<br \/>\nColor\tNegro<br \/>\nCompatibilidad\tAlexa, Google Assistant, Siri<br \/>\nConexi\u00f3n\tInalambrica 2.4 GHz Requerida<\/p>\n","protected":false},"featured_media":28514,"comment_status":"open","ping_status":"closed","template":"","meta":{"_monsterinsights_skip_tracking":false,"_monsterinsights_sitenote_active":false,"_monsterinsights_sitenote_note":"","_monsterinsights_sitenote_category":0},"product_brand":[],"product_cat":[196],"product_tag":[146],"class_list":{"0":"post-28513","1":"product","2":"type-product","3":"status-publish","4":"has-post-thumbnail","6":"product_cat-1-interruptores","7":"product_tag-macroled","9":"first","10":"instock","11":"shipping-taxable","12":"purchasable","13":"product-type-simple"},"yoast_head":"<!-- This site is optimized with the Yoast SEO plugin v25.3.1 - https:\/\/yoast.com\/wordpress\/plugins\/seo\/ -->\n<title>TECLA DE PARED SMART NEGRA TACTIL TSX1N 1 CANAL - 1000W - Tienda Rigelec<\/title>\n<meta name=\"robots\" content=\"index, follow, max-snippet:-1, max-image-preview:large, max-video-preview:-1\" \/>\n<link rel=\"canonical\" href=\"https:\/\/tienda.rigelec.com.ar\/?product=tecla-de-pared-smart-negra-tactil-tsx1n-1-canal-1000w\" \/>\n<meta property=\"og:locale\" content=\"es_ES\" \/>\n<meta property=\"og:type\" content=\"article\" \/>\n<meta property=\"og:title\" content=\"TECLA DE PARED SMART NEGRA TACTIL TSX1N 1 CANAL - 1000W - Tienda Rigelec\" \/>\n<meta property=\"og:description\" content=\"Canales x1 App Macroled power by Tuya Modelo TSX1N Tensi\u00f3n AC100-240V Corriente 10A M\u00e1x. Protecci\u00f3n IP IP20 Material del Cuerpo PC Ign\u00edfugo + Vidrio Templado Tama\u00f1o de Lampara 118x72x39 mm Peso 159 g Tama\u00f1o de Master 34.5x28x29.5 cm Cantidad por Master 40 pcs Temperatura de Trabajo -10\u00b0 +40\u00b0C Color Negro Compatibilidad Alexa, Google Assistant, Siri Conexi\u00f3n Inalambrica 2.4 GHz Requerida\" \/>\n<meta property=\"og:url\" content=\"https:\/\/tienda.rigelec.com.ar\/?product=tecla-de-pared-smart-negra-tactil-tsx1n-1-canal-1000w\" \/>\n<meta property=\"og:site_name\" content=\"Tienda Rigelec\" \/>\n<meta property=\"article:modified_time\" content=\"2026-05-01T01:16:21+00:00\" \/>\n<meta property=\"og:image\" content=\"https:\/\/tienda.rigelec.com.ar\/wp-content\/uploads\/2024\/12\/TECLADEPAREDSMARTNEGRATACTIL-1.jpg\" \/>\n\t<meta property=\"og:image:width\" content=\"1080\" \/>\n\t<meta property=\"og:image:height\" content=\"955\" \/>\n\t<meta property=\"og:image:type\" content=\"image\/jpeg\" \/>\n<meta name=\"twitter:card\" content=\"summary_large_image\" \/>\n<script type=\"application\/ld+json\" class=\"yoast-schema-graph\">{\"@context\":\"https:\/\/schema.org\",\"@graph\":[{\"@type\":\"WebPage\",\"@id\":\"https:\/\/tienda.rigelec.com.ar\/?product=tecla-de-pared-smart-negra-tactil-tsx1n-1-canal-1000w\",\"url\":\"https:\/\/tienda.rigelec.com.ar\/?product=tecla-de-pared-smart-negra-tactil-tsx1n-1-canal-1000w\",\"name\":\"TECLA DE PARED SMART NEGRA TACTIL TSX1N 1 CANAL - 1000W - Tienda Rigelec\",\"isPartOf\":{\"@id\":\"https:\/\/tienda.rigelec.com.ar\/#website\"},\"primaryImageOfPage\":{\"@id\":\"https:\/\/tienda.rigelec.com.ar\/?product=tecla-de-pared-smart-negra-tactil-tsx1n-1-canal-1000w#primaryimage\"},\"image\":{\"@id\":\"https:\/\/tienda.rigelec.com.ar\/?product=tecla-de-pared-smart-negra-tactil-tsx1n-1-canal-1000w#primaryimage\"},\"thumbnailUrl\":\"https:\/\/tienda.rigelec.com.ar\/wp-content\/uploads\/2024\/12\/TECLADEPAREDSMARTNEGRATACTIL-1.jpg\",\"datePublished\":\"2024-12-19T22:43:59+00:00\",\"dateModified\":\"2026-05-01T01:16:21+00:00\",\"breadcrumb\":{\"@id\":\"https:\/\/tienda.rigelec.com.ar\/?product=tecla-de-pared-smart-negra-tactil-tsx1n-1-canal-1000w#breadcrumb\"},\"inLanguage\":\"es-AR\",\"potentialAction\":[{\"@type\":\"ReadAction\",\"target\":[\"https:\/\/tienda.rigelec.com.ar\/?product=tecla-de-pared-smart-negra-tactil-tsx1n-1-canal-1000w\"]}]},{\"@type\":\"ImageObject\",\"inLanguage\":\"es-AR\",\"@id\":\"https:\/\/tienda.rigelec.com.ar\/?product=tecla-de-pared-smart-negra-tactil-tsx1n-1-canal-1000w#primaryimage\",\"url\":\"https:\/\/tienda.rigelec.com.ar\/wp-content\/uploads\/2024\/12\/TECLADEPAREDSMARTNEGRATACTIL-1.jpg\",\"contentUrl\":\"https:\/\/tienda.rigelec.com.ar\/wp-content\/uploads\/2024\/12\/TECLADEPAREDSMARTNEGRATACTIL-1.jpg\",\"width\":1080,\"height\":955},{\"@type\":\"BreadcrumbList\",\"@id\":\"https:\/\/tienda.rigelec.com.ar\/?product=tecla-de-pared-smart-negra-tactil-tsx1n-1-canal-1000w#breadcrumb\",\"itemListElement\":[{\"@type\":\"ListItem\",\"position\":1,\"name\":\"Inicio\",\"item\":\"https:\/\/tienda.rigelec.com.ar\/\"},{\"@type\":\"ListItem\",\"position\":2,\"name\":\"Shop\",\"item\":\"https:\/\/tienda.rigelec.com.ar\/?page_id=12\"},{\"@type\":\"ListItem\",\"position\":3,\"name\":\"TECLA DE PARED SMART NEGRA TACTIL TSX1N 1 CANAL &#8211; 1000W\"}]},{\"@type\":\"WebSite\",\"@id\":\"https:\/\/tienda.rigelec.com.ar\/#website\",\"url\":\"https:\/\/tienda.rigelec.com.ar\/\",\"name\":\"Tienda Rigelec\",\"description\":\"Energia en movimiento\",\"publisher\":{\"@id\":\"https:\/\/tienda.rigelec.com.ar\/#organization\"},\"potentialAction\":[{\"@type\":\"SearchAction\",\"target\":{\"@type\":\"EntryPoint\",\"urlTemplate\":\"https:\/\/tienda.rigelec.com.ar\/?s={search_term_string}\"},\"query-input\":{\"@type\":\"PropertyValueSpecification\",\"valueRequired\":true,\"valueName\":\"search_term_string\"}}],\"inLanguage\":\"es-AR\"},{\"@type\":\"Organization\",\"@id\":\"https:\/\/tienda.rigelec.com.ar\/#organization\",\"name\":\"Tienda Rigelec\",\"url\":\"https:\/\/tienda.rigelec.com.ar\/\",\"logo\":{\"@type\":\"ImageObject\",\"inLanguage\":\"es-AR\",\"@id\":\"https:\/\/tienda.rigelec.com.ar\/#\/schema\/logo\/image\/\",\"url\":\"https:\/\/tienda.rigelec.com.ar\/wp-content\/uploads\/2024\/09\/isologo-blanco-rigelec.png\",\"contentUrl\":\"https:\/\/tienda.rigelec.com.ar\/wp-content\/uploads\/2024\/09\/isologo-blanco-rigelec.png\",\"width\":94,\"height\":97,\"caption\":\"Tienda Rigelec\"},\"image\":{\"@id\":\"https:\/\/tienda.rigelec.com.ar\/#\/schema\/logo\/image\/\"}}]}<\/script>\n<!-- \/ Yoast SEO plugin. -->","yoast_head_json":{"title":"TECLA DE PARED SMART NEGRA TACTIL TSX1N 1 CANAL - 1000W - Tienda Rigelec","robots":{"index":"index","follow":"follow","max-snippet":"max-snippet:-1","max-image-preview":"max-image-preview:large","max-video-preview":"max-video-preview:-1"},"canonical":"https:\/\/tienda.rigelec.com.ar\/?product=tecla-de-pared-smart-negra-tactil-tsx1n-1-canal-1000w","og_locale":"es_ES","og_type":"article","og_title":"TECLA DE PARED SMART NEGRA TACTIL TSX1N 1 CANAL - 1000W - Tienda Rigelec","og_description":"Canales x1 App Macroled power by Tuya Modelo TSX1N Tensi\u00f3n AC100-240V Corriente 10A M\u00e1x. Protecci\u00f3n IP IP20 Material del Cuerpo PC Ign\u00edfugo + Vidrio Templado Tama\u00f1o de Lampara 118x72x39 mm Peso 159 g Tama\u00f1o de Master 34.5x28x29.5 cm Cantidad por Master 40 pcs Temperatura de Trabajo -10\u00b0 +40\u00b0C Color Negro Compatibilidad Alexa, Google Assistant, Siri Conexi\u00f3n Inalambrica 2.4 GHz Requerida","og_url":"https:\/\/tienda.rigelec.com.ar\/?product=tecla-de-pared-smart-negra-tactil-tsx1n-1-canal-1000w","og_site_name":"Tienda Rigelec","article_modified_time":"2026-05-01T01:16:21+00:00","og_image":[{"width":1080,"height":955,"url":"https:\/\/tienda.rigelec.com.ar\/wp-content\/uploads\/2024\/12\/TECLADEPAREDSMARTNEGRATACTIL-1.jpg","type":"image\/jpeg"}],"twitter_card":"summary_large_image","schema":{"@context":"https:\/\/schema.org","@graph":[{"@type":"WebPage","@id":"https:\/\/tienda.rigelec.com.ar\/?product=tecla-de-pared-smart-negra-tactil-tsx1n-1-canal-1000w","url":"https:\/\/tienda.rigelec.com.ar\/?product=tecla-de-pared-smart-negra-tactil-tsx1n-1-canal-1000w","name":"TECLA DE PARED SMART NEGRA TACTIL TSX1N 1 CANAL - 1000W - Tienda Rigelec","isPartOf":{"@id":"https:\/\/tienda.rigelec.com.ar\/#website"},"primaryImageOfPage":{"@id":"https:\/\/tienda.rigelec.com.ar\/?product=tecla-de-pared-smart-negra-tactil-tsx1n-1-canal-1000w#primaryimage"},"image":{"@id":"https:\/\/tienda.rigelec.com.ar\/?product=tecla-de-pared-smart-negra-tactil-tsx1n-1-canal-1000w#primaryimage"},"thumbnailUrl":"https:\/\/tienda.rigelec.com.ar\/wp-content\/uploads\/2024\/12\/TECLADEPAREDSMARTNEGRATACTIL-1.jpg","datePublished":"2024-12-19T22:43:59+00:00","dateModified":"2026-05-01T01:16:21+00:00","breadcrumb":{"@id":"https:\/\/tienda.rigelec.com.ar\/?product=tecla-de-pared-smart-negra-tactil-tsx1n-1-canal-1000w#breadcrumb"},"inLanguage":"es-AR","potentialAction":[{"@type":"ReadAction","target":["https:\/\/tienda.rigelec.com.ar\/?product=tecla-de-pared-smart-negra-tactil-tsx1n-1-canal-1000w"]}]},{"@type":"ImageObject","inLanguage":"es-AR","@id":"https:\/\/tienda.rigelec.com.ar\/?product=tecla-de-pared-smart-negra-tactil-tsx1n-1-canal-1000w#primaryimage","url":"https:\/\/tienda.rigelec.com.ar\/wp-content\/uploads\/2024\/12\/TECLADEPAREDSMARTNEGRATACTIL-1.jpg","contentUrl":"https:\/\/tienda.rigelec.com.ar\/wp-content\/uploads\/2024\/12\/TECLADEPAREDSMARTNEGRATACTIL-1.jpg","width":1080,"height":955},{"@type":"BreadcrumbList","@id":"https:\/\/tienda.rigelec.com.ar\/?product=tecla-de-pared-smart-negra-tactil-tsx1n-1-canal-1000w#breadcrumb","itemListElement":[{"@type":"ListItem","position":1,"name":"Inicio","item":"https:\/\/tienda.rigelec.com.ar\/"},{"@type":"ListItem","position":2,"name":"Shop","item":"https:\/\/tienda.rigelec.com.ar\/?page_id=12"},{"@type":"ListItem","position":3,"name":"TECLA DE PARED SMART NEGRA TACTIL TSX1N 1 CANAL &#8211; 1000W"}]},{"@type":"WebSite","@id":"https:\/\/tienda.rigelec.com.ar\/#website","url":"https:\/\/tienda.rigelec.com.ar\/","name":"Tienda Rigelec","description":"Energia en movimiento","publisher":{"@id":"https:\/\/tienda.rigelec.com.ar\/#organization"},"potentialAction":[{"@type":"SearchAction","target":{"@type":"EntryPoint","urlTemplate":"https:\/\/tienda.rigelec.com.ar\/?s={search_term_string}"},"query-input":{"@type":"PropertyValueSpecification","valueRequired":true,"valueName":"search_term_string"}}],"inLanguage":"es-AR"},{"@type":"Organization","@id":"https:\/\/tienda.rigelec.com.ar\/#organization","name":"Tienda Rigelec","url":"https:\/\/tienda.rigelec.com.ar\/","logo":{"@type":"ImageObject","inLanguage":"es-AR","@id":"https:\/\/tienda.rigelec.com.ar\/#\/schema\/logo\/image\/","url":"https:\/\/tienda.rigelec.com.ar\/wp-content\/uploads\/2024\/09\/isologo-blanco-rigelec.png","contentUrl":"https:\/\/tienda.rigelec.com.ar\/wp-content\/uploads\/2024\/09\/isologo-blanco-rigelec.png","width":94,"height":97,"caption":"Tienda Rigelec"},"image":{"@id":"https:\/\/tienda.rigelec.com.ar\/#\/schema\/logo\/image\/"}}]}},"jetpack_sharing_enabled":true,"_links":{"self":[{"href":"https:\/\/tienda.rigelec.com.ar\/index.php?rest_route=\/wp\/v2\/product\/28513","targetHints":{"allow":["GET"]}}],"collection":[{"href":"https:\/\/tienda.rigelec.com.ar\/index.php?rest_route=\/wp\/v2\/product"}],"about":[{"href":"https:\/\/tienda.rigelec.com.ar\/index.php?rest_route=\/wp\/v2\/types\/product"}],"replies":[{"embeddable":true,"href":"https:\/\/tienda.rigelec.com.ar\/index.php?rest_route=%2Fwp%2Fv2%2Fcomments&post=28513"}],"wp:featuredmedia":[{"embeddable":true,"href":"https:\/\/tienda.rigelec.com.ar\/index.php?rest_route=\/wp\/v2\/media\/28514"}],"wp:attachment":[{"href":"https:\/\/tienda.rigelec.com.ar\/index.php?rest_route=%2Fwp%2Fv2%2Fmedia&parent=28513"}],"wp:term":[{"taxonomy":"product_brand","embeddable":true,"href":"https:\/\/tienda.rigelec.com.ar\/index.php?rest_route=%2Fwp%2Fv2%2Fproduct_brand&post=28513"},{"taxonomy":"product_cat","embeddable":true,"href":"https:\/\/tienda.rigelec.com.ar\/index.php?rest_route=%2Fwp%2Fv2%2Fproduct_cat&post=28513"},{"taxonomy":"product_tag","embeddable":true,"href":"https:\/\/tienda.rigelec.com.ar\/index.php?rest_route=%2Fwp%2Fv2%2Fproduct_tag&post=28513"}],"curies":[{"name":"wp","href":"https:\/\/api.w.org\/{rel}","templated":true}]}}