{"id":28517,"date":"2024-12-19T19:44:02","date_gmt":"2024-12-19T22:44:02","guid":{"rendered":"https:\/\/tienda.test.rigelec.com.ar\/?product=lampara-led-luz-fria-e27-30w-2500lm"},"modified":"2026-05-01T11:51:07","modified_gmt":"2026-05-01T14:51:07","slug":"lampara-led-luz-fria-e27-30w-2500lm","status":"publish","type":"product","link":"https:\/\/tienda.rigelec.com.ar\/?product=lampara-led-luz-fria-e27-30w-2500lm","title":{"rendered":"LAMPARA LED LUZ FRIA E27 30W &#8211; 2500LM"},"content":{"rendered":"<p>LAMPARA LED LUZ FRIA<\/p>\n<p data-start=\"271\" data-end=\"664\">La L\u00e1mpara LED Bulb\u00f3n Eco E27 de 30\u202fW, con luz fr\u00eda (6500\u202fK), es una opci\u00f3n realmente eficiente y sencilla para iluminar espacios interiores con gran claridad. Adem\u00e1s, ofrece un flujo luminoso de 2500 l\u00famenes, lo que garantiza una iluminaci\u00f3n intensa y uniforme, ideal para cocinas, oficinas, talleres o comercios que demandan visibilidad precisa.<\/p>\n<p data-start=\"666\" data-end=\"1190\">Asimismo, est\u00e1 equipada con 24 chips SMD2835, lo que no solo mejora su rendimiento lum\u00ednico, sino que tambi\u00e9n la convierte en una alternativa energ\u00e9ticamente eficiente.\u00a0Cabe destacar que su rendimiento es de aproximadamente 89\u202flm\/W, manteniendo una calificaci\u00f3n de eficiencia energ\u00e9tica A+, aunque su factor de potencia es de 0,5, lo que, si bien no es el m\u00e1s alto del mercado, sigue siendo adecuado para uso dom\u00e9stico e industrial.<\/p>\n<p data-start=\"1192\" data-end=\"1550\">Por otro lado, su dise\u00f1o combina un cuerpo de PVC y aluminio con una lente de policarbonato, favoreciendo una disipaci\u00f3n t\u00e9rmica eficiente y ofreciendo durabilidad. Adem\u00e1s, cuenta con protecci\u00f3n IP20, por lo que es perfectamente apta para ambientes interiores sin exposici\u00f3n a humedad o condiciones extremas.<\/p>\n<p data-start=\"1552\" data-end=\"1865\">Tambi\u00e9n resulta muy sencilla de instalar gracias a su cl\u00e1sico casquillo E27, compatible con la mayor\u00eda de portal\u00e1mparas est\u00e1ndar. Adem\u00e1s, opera dentro de un rango de tensi\u00f3n amplio (AC185\u2011260\u202fV), lo que aporta versatilidad y seguridad en diversos entornos el\u00e9ctricos.<\/p>\n<p data-start=\"1867\" data-end=\"2235\">En cuanto a su vida \u00fatil, esta l\u00e1mpara est\u00e1 dise\u00f1ada para ofrecer hasta 9\u202f000 horas de funcionamiento, y soportar hasta 8\u202f000 ciclos de encendido\/apagado, situ\u00e1ndola como una alternativa confiable y econ\u00f3mica frente a tecnolog\u00edas m\u00e1s tradicionales. Adem\u00e1s, dispone de una garant\u00eda de 1 a\u00f1o, lo que respalda su calidad.<\/p>\n<p data-start=\"1867\" data-end=\"2235\"><a href=\"https:\/\/www.macroled.com.ar\/lamparas\/7428325576315\">https:\/\/www.macroled.com.ar\/lamparas\/7428325576315<\/a><\/p>\n","protected":false},"excerpt":{"rendered":"<p>Potencia: 30W<br \/>\nTensi\u00f3n: AC180-240V<br \/>\nConector: E27<br \/>\nCorriente: 230mA<br \/>\nFactor de Potencia: 0.5<br \/>\nProtecci\u00f3n IP: IP20<br \/>\nFunci\u00f3n Dimeable: No<br \/>\n\u00c1ngulo de Apertura: 180\u00b0<br \/>\nMaterial del Cuerpo: PVC y Aluminio<br \/>\nTipo de Chip: 2835 &#8211; 24pcs<br \/>\nDimerizable: No<br \/>\nTipo de Blanco: Fr\u00edo 6500k<br \/>\nFlujo Luminoso: 2,500lm<br \/>\nFrecuencia: 50-60Hz<br \/>\nAnti-High-Volt: 1500V<br \/>\nEMC: Si<br \/>\nClase 2<br \/>\nVida \u00datil (horas): 9.000hs<\/p>\n","protected":false},"featured_media":28518,"comment_status":"open","ping_status":"closed","template":"","meta":{"_monsterinsights_skip_tracking":false,"_monsterinsights_sitenote_active":false,"_monsterinsights_sitenote_note":"","_monsterinsights_sitenote_category":0},"product_brand":[],"product_cat":[214],"product_tag":[146],"class_list":{"0":"post-28517","1":"product","2":"type-product","3":"status-publish","4":"has-post-thumbnail","6":"product_cat-i-lamparas","7":"product_tag-macroled","9":"first","10":"outofstock","11":"shipping-taxable","12":"purchasable","13":"product-type-simple"},"yoast_head":"<!-- This site is optimized with the Yoast SEO plugin v25.3.1 - https:\/\/yoast.com\/wordpress\/plugins\/seo\/ -->\n<title>LAMPARA LED LUZ FRIA E27 30W - 2500LM - Tienda Rigelec<\/title>\n<meta name=\"robots\" content=\"index, follow, max-snippet:-1, max-image-preview:large, max-video-preview:-1\" \/>\n<link rel=\"canonical\" href=\"https:\/\/tienda.rigelec.com.ar\/?product=lampara-led-luz-fria-e27-30w-2500lm\" \/>\n<meta property=\"og:locale\" content=\"es_ES\" \/>\n<meta property=\"og:type\" content=\"article\" \/>\n<meta property=\"og:title\" content=\"LAMPARA LED LUZ FRIA E27 30W - 2500LM - Tienda Rigelec\" \/>\n<meta property=\"og:description\" content=\"Potencia: 30W Tensi\u00f3n: AC180-240V Conector: E27 Corriente: 230mA Factor de Potencia: 0.5 Protecci\u00f3n IP: IP20 Funci\u00f3n Dimeable: No \u00c1ngulo de Apertura: 180\u00b0 Material del Cuerpo: PVC y Aluminio Tipo de Chip: 2835 - 24pcs Dimerizable: No Tipo de Blanco: Fr\u00edo 6500k Flujo Luminoso: 2,500lm Frecuencia: 50-60Hz Anti-High-Volt: 1500V EMC: Si Clase 2 Vida \u00datil (horas): 9.000hs\" \/>\n<meta property=\"og:url\" content=\"https:\/\/tienda.rigelec.com.ar\/?product=lampara-led-luz-fria-e27-30w-2500lm\" \/>\n<meta property=\"og:site_name\" content=\"Tienda Rigelec\" \/>\n<meta property=\"article:modified_time\" content=\"2026-05-01T14:51:07+00:00\" \/>\n<meta property=\"og:image\" content=\"https:\/\/tienda.rigelec.com.ar\/wp-content\/uploads\/2024\/12\/LAMPARALEDLUZFRIA-32.jpg\" \/>\n\t<meta property=\"og:image:width\" content=\"908\" \/>\n\t<meta property=\"og:image:height\" content=\"934\" \/>\n\t<meta property=\"og:image:type\" content=\"image\/jpeg\" \/>\n<meta name=\"twitter:card\" content=\"summary_large_image\" \/>\n<meta name=\"twitter:label1\" content=\"Tiempo de lectura\" \/>\n\t<meta name=\"twitter:data1\" content=\"2 minutos\" \/>\n<script type=\"application\/ld+json\" class=\"yoast-schema-graph\">{\"@context\":\"https:\/\/schema.org\",\"@graph\":[{\"@type\":\"WebPage\",\"@id\":\"https:\/\/tienda.rigelec.com.ar\/?product=lampara-led-luz-fria-e27-30w-2500lm\",\"url\":\"https:\/\/tienda.rigelec.com.ar\/?product=lampara-led-luz-fria-e27-30w-2500lm\",\"name\":\"LAMPARA LED LUZ FRIA E27 30W - 2500LM - Tienda Rigelec\",\"isPartOf\":{\"@id\":\"https:\/\/tienda.rigelec.com.ar\/#website\"},\"primaryImageOfPage\":{\"@id\":\"https:\/\/tienda.rigelec.com.ar\/?product=lampara-led-luz-fria-e27-30w-2500lm#primaryimage\"},\"image\":{\"@id\":\"https:\/\/tienda.rigelec.com.ar\/?product=lampara-led-luz-fria-e27-30w-2500lm#primaryimage\"},\"thumbnailUrl\":\"https:\/\/tienda.rigelec.com.ar\/wp-content\/uploads\/2024\/12\/LAMPARALEDLUZFRIA-32.jpg\",\"datePublished\":\"2024-12-19T22:44:02+00:00\",\"dateModified\":\"2026-05-01T14:51:07+00:00\",\"breadcrumb\":{\"@id\":\"https:\/\/tienda.rigelec.com.ar\/?product=lampara-led-luz-fria-e27-30w-2500lm#breadcrumb\"},\"inLanguage\":\"es-AR\",\"potentialAction\":[{\"@type\":\"ReadAction\",\"target\":[\"https:\/\/tienda.rigelec.com.ar\/?product=lampara-led-luz-fria-e27-30w-2500lm\"]}]},{\"@type\":\"ImageObject\",\"inLanguage\":\"es-AR\",\"@id\":\"https:\/\/tienda.rigelec.com.ar\/?product=lampara-led-luz-fria-e27-30w-2500lm#primaryimage\",\"url\":\"https:\/\/tienda.rigelec.com.ar\/wp-content\/uploads\/2024\/12\/LAMPARALEDLUZFRIA-32.jpg\",\"contentUrl\":\"https:\/\/tienda.rigelec.com.ar\/wp-content\/uploads\/2024\/12\/LAMPARALEDLUZFRIA-32.jpg\",\"width\":908,\"height\":934},{\"@type\":\"BreadcrumbList\",\"@id\":\"https:\/\/tienda.rigelec.com.ar\/?product=lampara-led-luz-fria-e27-30w-2500lm#breadcrumb\",\"itemListElement\":[{\"@type\":\"ListItem\",\"position\":1,\"name\":\"Inicio\",\"item\":\"https:\/\/tienda.rigelec.com.ar\/\"},{\"@type\":\"ListItem\",\"position\":2,\"name\":\"Shop\",\"item\":\"https:\/\/tienda.rigelec.com.ar\/?page_id=12\"},{\"@type\":\"ListItem\",\"position\":3,\"name\":\"LAMPARA LED LUZ FRIA E27 30W &#8211; 2500LM\"}]},{\"@type\":\"WebSite\",\"@id\":\"https:\/\/tienda.rigelec.com.ar\/#website\",\"url\":\"https:\/\/tienda.rigelec.com.ar\/\",\"name\":\"Tienda Rigelec\",\"description\":\"Energia en movimiento\",\"publisher\":{\"@id\":\"https:\/\/tienda.rigelec.com.ar\/#organization\"},\"potentialAction\":[{\"@type\":\"SearchAction\",\"target\":{\"@type\":\"EntryPoint\",\"urlTemplate\":\"https:\/\/tienda.rigelec.com.ar\/?s={search_term_string}\"},\"query-input\":{\"@type\":\"PropertyValueSpecification\",\"valueRequired\":true,\"valueName\":\"search_term_string\"}}],\"inLanguage\":\"es-AR\"},{\"@type\":\"Organization\",\"@id\":\"https:\/\/tienda.rigelec.com.ar\/#organization\",\"name\":\"Tienda Rigelec\",\"url\":\"https:\/\/tienda.rigelec.com.ar\/\",\"logo\":{\"@type\":\"ImageObject\",\"inLanguage\":\"es-AR\",\"@id\":\"https:\/\/tienda.rigelec.com.ar\/#\/schema\/logo\/image\/\",\"url\":\"https:\/\/tienda.rigelec.com.ar\/wp-content\/uploads\/2024\/09\/isologo-blanco-rigelec.png\",\"contentUrl\":\"https:\/\/tienda.rigelec.com.ar\/wp-content\/uploads\/2024\/09\/isologo-blanco-rigelec.png\",\"width\":94,\"height\":97,\"caption\":\"Tienda Rigelec\"},\"image\":{\"@id\":\"https:\/\/tienda.rigelec.com.ar\/#\/schema\/logo\/image\/\"}}]}<\/script>\n<!-- \/ Yoast SEO plugin. -->","yoast_head_json":{"title":"LAMPARA LED LUZ FRIA E27 30W - 2500LM - Tienda Rigelec","robots":{"index":"index","follow":"follow","max-snippet":"max-snippet:-1","max-image-preview":"max-image-preview:large","max-video-preview":"max-video-preview:-1"},"canonical":"https:\/\/tienda.rigelec.com.ar\/?product=lampara-led-luz-fria-e27-30w-2500lm","og_locale":"es_ES","og_type":"article","og_title":"LAMPARA LED LUZ FRIA E27 30W - 2500LM - Tienda Rigelec","og_description":"Potencia: 30W Tensi\u00f3n: AC180-240V Conector: E27 Corriente: 230mA Factor de Potencia: 0.5 Protecci\u00f3n IP: IP20 Funci\u00f3n Dimeable: No \u00c1ngulo de Apertura: 180\u00b0 Material del Cuerpo: PVC y Aluminio Tipo de Chip: 2835 - 24pcs Dimerizable: No Tipo de Blanco: Fr\u00edo 6500k Flujo Luminoso: 2,500lm Frecuencia: 50-60Hz Anti-High-Volt: 1500V EMC: Si Clase 2 Vida \u00datil (horas): 9.000hs","og_url":"https:\/\/tienda.rigelec.com.ar\/?product=lampara-led-luz-fria-e27-30w-2500lm","og_site_name":"Tienda Rigelec","article_modified_time":"2026-05-01T14:51:07+00:00","og_image":[{"width":908,"height":934,"url":"https:\/\/tienda.rigelec.com.ar\/wp-content\/uploads\/2024\/12\/LAMPARALEDLUZFRIA-32.jpg","type":"image\/jpeg"}],"twitter_card":"summary_large_image","twitter_misc":{"Tiempo de lectura":"2 minutos"},"schema":{"@context":"https:\/\/schema.org","@graph":[{"@type":"WebPage","@id":"https:\/\/tienda.rigelec.com.ar\/?product=lampara-led-luz-fria-e27-30w-2500lm","url":"https:\/\/tienda.rigelec.com.ar\/?product=lampara-led-luz-fria-e27-30w-2500lm","name":"LAMPARA LED LUZ FRIA E27 30W - 2500LM - Tienda Rigelec","isPartOf":{"@id":"https:\/\/tienda.rigelec.com.ar\/#website"},"primaryImageOfPage":{"@id":"https:\/\/tienda.rigelec.com.ar\/?product=lampara-led-luz-fria-e27-30w-2500lm#primaryimage"},"image":{"@id":"https:\/\/tienda.rigelec.com.ar\/?product=lampara-led-luz-fria-e27-30w-2500lm#primaryimage"},"thumbnailUrl":"https:\/\/tienda.rigelec.com.ar\/wp-content\/uploads\/2024\/12\/LAMPARALEDLUZFRIA-32.jpg","datePublished":"2024-12-19T22:44:02+00:00","dateModified":"2026-05-01T14:51:07+00:00","breadcrumb":{"@id":"https:\/\/tienda.rigelec.com.ar\/?product=lampara-led-luz-fria-e27-30w-2500lm#breadcrumb"},"inLanguage":"es-AR","potentialAction":[{"@type":"ReadAction","target":["https:\/\/tienda.rigelec.com.ar\/?product=lampara-led-luz-fria-e27-30w-2500lm"]}]},{"@type":"ImageObject","inLanguage":"es-AR","@id":"https:\/\/tienda.rigelec.com.ar\/?product=lampara-led-luz-fria-e27-30w-2500lm#primaryimage","url":"https:\/\/tienda.rigelec.com.ar\/wp-content\/uploads\/2024\/12\/LAMPARALEDLUZFRIA-32.jpg","contentUrl":"https:\/\/tienda.rigelec.com.ar\/wp-content\/uploads\/2024\/12\/LAMPARALEDLUZFRIA-32.jpg","width":908,"height":934},{"@type":"BreadcrumbList","@id":"https:\/\/tienda.rigelec.com.ar\/?product=lampara-led-luz-fria-e27-30w-2500lm#breadcrumb","itemListElement":[{"@type":"ListItem","position":1,"name":"Inicio","item":"https:\/\/tienda.rigelec.com.ar\/"},{"@type":"ListItem","position":2,"name":"Shop","item":"https:\/\/tienda.rigelec.com.ar\/?page_id=12"},{"@type":"ListItem","position":3,"name":"LAMPARA LED LUZ FRIA E27 30W &#8211; 2500LM"}]},{"@type":"WebSite","@id":"https:\/\/tienda.rigelec.com.ar\/#website","url":"https:\/\/tienda.rigelec.com.ar\/","name":"Tienda Rigelec","description":"Energia en movimiento","publisher":{"@id":"https:\/\/tienda.rigelec.com.ar\/#organization"},"potentialAction":[{"@type":"SearchAction","target":{"@type":"EntryPoint","urlTemplate":"https:\/\/tienda.rigelec.com.ar\/?s={search_term_string}"},"query-input":{"@type":"PropertyValueSpecification","valueRequired":true,"valueName":"search_term_string"}}],"inLanguage":"es-AR"},{"@type":"Organization","@id":"https:\/\/tienda.rigelec.com.ar\/#organization","name":"Tienda Rigelec","url":"https:\/\/tienda.rigelec.com.ar\/","logo":{"@type":"ImageObject","inLanguage":"es-AR","@id":"https:\/\/tienda.rigelec.com.ar\/#\/schema\/logo\/image\/","url":"https:\/\/tienda.rigelec.com.ar\/wp-content\/uploads\/2024\/09\/isologo-blanco-rigelec.png","contentUrl":"https:\/\/tienda.rigelec.com.ar\/wp-content\/uploads\/2024\/09\/isologo-blanco-rigelec.png","width":94,"height":97,"caption":"Tienda Rigelec"},"image":{"@id":"https:\/\/tienda.rigelec.com.ar\/#\/schema\/logo\/image\/"}}]}},"jetpack_sharing_enabled":true,"_links":{"self":[{"href":"https:\/\/tienda.rigelec.com.ar\/index.php?rest_route=\/wp\/v2\/product\/28517","targetHints":{"allow":["GET"]}}],"collection":[{"href":"https:\/\/tienda.rigelec.com.ar\/index.php?rest_route=\/wp\/v2\/product"}],"about":[{"href":"https:\/\/tienda.rigelec.com.ar\/index.php?rest_route=\/wp\/v2\/types\/product"}],"replies":[{"embeddable":true,"href":"https:\/\/tienda.rigelec.com.ar\/index.php?rest_route=%2Fwp%2Fv2%2Fcomments&post=28517"}],"wp:featuredmedia":[{"embeddable":true,"href":"https:\/\/tienda.rigelec.com.ar\/index.php?rest_route=\/wp\/v2\/media\/28518"}],"wp:attachment":[{"href":"https:\/\/tienda.rigelec.com.ar\/index.php?rest_route=%2Fwp%2Fv2%2Fmedia&parent=28517"}],"wp:term":[{"taxonomy":"product_brand","embeddable":true,"href":"https:\/\/tienda.rigelec.com.ar\/index.php?rest_route=%2Fwp%2Fv2%2Fproduct_brand&post=28517"},{"taxonomy":"product_cat","embeddable":true,"href":"https:\/\/tienda.rigelec.com.ar\/index.php?rest_route=%2Fwp%2Fv2%2Fproduct_cat&post=28517"},{"taxonomy":"product_tag","embeddable":true,"href":"https:\/\/tienda.rigelec.com.ar\/index.php?rest_route=%2Fwp%2Fv2%2Fproduct_tag&post=28517"}],"curies":[{"name":"wp","href":"https:\/\/api.w.org\/{rel}","templated":true}]}}