{"id":29169,"date":"2025-01-27T11:59:04","date_gmt":"2025-01-27T14:59:04","guid":{"rendered":"https:\/\/tienda.rigelec.com.ar\/?product=colgante-1-luz-acabado-natural-eliptica-50cm"},"modified":"2026-05-01T00:23:04","modified_gmt":"2026-05-01T03:23:04","slug":"colgante-1-luz-acabado-natural-7","status":"publish","type":"product","link":"https:\/\/tienda.rigelec.com.ar\/?product=colgante-1-luz-acabado-natural-7","title":{"rendered":"COLGANTE 1 LUZ ACABADO NATURAL ELIPTICA 50CM"},"content":{"rendered":"<p>COLGANTE 1 LUZ ACABADO NATURAL<\/p>\n<p data-start=\"139\" data-end=\"204\"><strong data-start=\"139\" data-end=\"204\">L\u00e1mpara colgante EL\u00cdPTICA \u2013 Cart\u00f3n reciclado natural 50\u00d721 cm<\/strong><\/p>\n<p data-start=\"206\" data-end=\"544\">Con un dise\u00f1o el\u00edptico y envolvente, esta l\u00e1mpara colgante es ideal para sumar estilo, calidez y compromiso ambiental a tus espacios. Su estructura de 50 cm de di\u00e1metro medio y 21 cm de alto est\u00e1 fabricada artesanalmente en cart\u00f3n corrugado reciclado, un material que no solo aporta textura y dise\u00f1o, sino tambi\u00e9n una elecci\u00f3n consciente.<\/p>\n<p data-start=\"546\" data-end=\"739\">La luminaria cuenta con tratamiento ign\u00edfugo para brindar mayor seguridad, y se entrega con flor\u00f3n, bobacha y un metro de cable textil de yute, aportando un toque r\u00fastico y natural al conjunto.<\/p>\n<p data-start=\"741\" data-end=\"773\"><strong data-start=\"741\" data-end=\"773\">Caracter\u00edsticas principales:<\/strong><\/p>\n<ul data-start=\"774\" data-end=\"1031\">\n<li data-start=\"774\" data-end=\"799\">\n<p data-start=\"776\" data-end=\"799\">Di\u00e1metro medio: 50 cm<\/p>\n<\/li>\n<li data-start=\"800\" data-end=\"828\">\n<p data-start=\"802\" data-end=\"828\">Di\u00e1metro inferior: 39 cm<\/p>\n<\/li>\n<li data-start=\"829\" data-end=\"846\">\n<p data-start=\"831\" data-end=\"846\">Altura: 21 cm<\/p>\n<\/li>\n<li data-start=\"847\" data-end=\"887\">\n<p data-start=\"849\" data-end=\"887\">Material: Cart\u00f3n corrugado reciclado<\/p>\n<\/li>\n<li data-start=\"888\" data-end=\"925\">\n<p data-start=\"890\" data-end=\"925\">Terminaci\u00f3n: Tratamiento ign\u00edfugo<\/p>\n<\/li>\n<li data-start=\"926\" data-end=\"988\">\n<p data-start=\"928\" data-end=\"988\">Incluye: Flor\u00f3n, bobacha y 1 metro de cable textil de yute<\/p>\n<\/li>\n<li data-start=\"989\" data-end=\"1031\">\n<p data-start=\"991\" data-end=\"1031\">Tipo de luz: 1 luz (l\u00e1mpara no incluida)<\/p>\n<\/li>\n<\/ul>\n<p data-start=\"1033\" data-end=\"1144\">Ideal para livings, comedores, bares o estudios que buscan una iluminaci\u00f3n decorativa, artesanal y sustentable.<\/p>\n","protected":false},"excerpt":{"rendered":"<p>Lampara colgante elitpica di\u00e1metro medio 50cm, diametro inferior 39cm, altura 21cm realizada con cart\u00f3n corrugado reciclado.<br \/>\nCuentan con tratamiento ign\u00edfugo por protecci\u00f3n.<br \/>\nIncluye floron, bobacha y un metro de cable textil yute.<\/p>\n","protected":false},"featured_media":29170,"comment_status":"open","ping_status":"closed","template":"","meta":{"_monsterinsights_skip_tracking":false,"_monsterinsights_sitenote_active":false,"_monsterinsights_sitenote_note":"","_monsterinsights_sitenote_category":0},"product_brand":[],"product_cat":[181],"product_tag":[451],"class_list":{"0":"post-29169","1":"product","2":"type-product","3":"status-publish","4":"has-post-thumbnail","6":"product_cat-a-colgantes","7":"product_tag-decart","9":"first","10":"instock","11":"shipping-taxable","12":"purchasable","13":"product-type-simple"},"yoast_head":"<!-- This site is optimized with the Yoast SEO plugin v25.3.1 - https:\/\/yoast.com\/wordpress\/plugins\/seo\/ -->\n<title>COLGANTE 1 LUZ ACABADO NATURAL ELIPTICA 50CM - Tienda Rigelec<\/title>\n<meta name=\"description\" content=\"COLGANTE 1 LUZ ACABADO NATURAL ELIPTICA 50CM Tienda Rigelec COLGANTE 1 LUZ ACABADO NATURAL ELIPTICA 50CM Tienda Rigelec COLGANTE 1 LUZ ACABADO NATURAL\" \/>\n<meta name=\"robots\" content=\"index, follow, max-snippet:-1, max-image-preview:large, max-video-preview:-1\" \/>\n<link rel=\"canonical\" href=\"https:\/\/tienda.rigelec.com.ar\/?product=colgante-1-luz-acabado-natural-7\" \/>\n<meta property=\"og:locale\" content=\"es_ES\" \/>\n<meta property=\"og:type\" content=\"article\" \/>\n<meta property=\"og:title\" content=\"COLGANTE 1 LUZ ACABADO NATURAL ELIPTICA 50CM - Tienda Rigelec\" \/>\n<meta property=\"og:description\" content=\"COLGANTE 1 LUZ ACABADO NATURAL ELIPTICA 50CM Tienda Rigelec COLGANTE 1 LUZ ACABADO NATURAL ELIPTICA 50CM Tienda Rigelec COLGANTE 1 LUZ ACABADO NATURAL\" \/>\n<meta property=\"og:url\" content=\"https:\/\/tienda.rigelec.com.ar\/?product=colgante-1-luz-acabado-natural-7\" \/>\n<meta property=\"og:site_name\" content=\"Tienda Rigelec\" \/>\n<meta property=\"article:modified_time\" content=\"2026-05-01T03:23:04+00:00\" \/>\n<meta property=\"og:image\" content=\"https:\/\/tienda.rigelec.com.ar\/wp-content\/uploads\/2025\/01\/COLGANTE1LUZACABADONATURAL.jpg\" \/>\n\t<meta property=\"og:image:width\" content=\"958\" \/>\n\t<meta property=\"og:image:height\" content=\"904\" \/>\n\t<meta property=\"og:image:type\" content=\"image\/jpeg\" \/>\n<meta name=\"twitter:card\" content=\"summary_large_image\" \/>\n<meta name=\"twitter:label1\" content=\"Tiempo de lectura\" \/>\n\t<meta name=\"twitter:data1\" content=\"1 minuto\" \/>\n<script type=\"application\/ld+json\" class=\"yoast-schema-graph\">{\"@context\":\"https:\/\/schema.org\",\"@graph\":[{\"@type\":\"WebPage\",\"@id\":\"https:\/\/tienda.rigelec.com.ar\/?product=colgante-1-luz-acabado-natural-7\",\"url\":\"https:\/\/tienda.rigelec.com.ar\/?product=colgante-1-luz-acabado-natural-7\",\"name\":\"COLGANTE 1 LUZ ACABADO NATURAL ELIPTICA 50CM - Tienda Rigelec\",\"isPartOf\":{\"@id\":\"https:\/\/tienda.rigelec.com.ar\/#website\"},\"primaryImageOfPage\":{\"@id\":\"https:\/\/tienda.rigelec.com.ar\/?product=colgante-1-luz-acabado-natural-7#primaryimage\"},\"image\":{\"@id\":\"https:\/\/tienda.rigelec.com.ar\/?product=colgante-1-luz-acabado-natural-7#primaryimage\"},\"thumbnailUrl\":\"https:\/\/tienda.rigelec.com.ar\/wp-content\/uploads\/2025\/01\/COLGANTE1LUZACABADONATURAL.jpg\",\"datePublished\":\"2025-01-27T14:59:04+00:00\",\"dateModified\":\"2026-05-01T03:23:04+00:00\",\"description\":\"COLGANTE 1 LUZ ACABADO NATURAL ELIPTICA 50CM Tienda Rigelec COLGANTE 1 LUZ ACABADO NATURAL ELIPTICA 50CM Tienda Rigelec COLGANTE 1 LUZ ACABADO NATURAL\",\"breadcrumb\":{\"@id\":\"https:\/\/tienda.rigelec.com.ar\/?product=colgante-1-luz-acabado-natural-7#breadcrumb\"},\"inLanguage\":\"es-AR\",\"potentialAction\":[{\"@type\":\"ReadAction\",\"target\":[\"https:\/\/tienda.rigelec.com.ar\/?product=colgante-1-luz-acabado-natural-7\"]}]},{\"@type\":\"ImageObject\",\"inLanguage\":\"es-AR\",\"@id\":\"https:\/\/tienda.rigelec.com.ar\/?product=colgante-1-luz-acabado-natural-7#primaryimage\",\"url\":\"https:\/\/tienda.rigelec.com.ar\/wp-content\/uploads\/2025\/01\/COLGANTE1LUZACABADONATURAL.jpg\",\"contentUrl\":\"https:\/\/tienda.rigelec.com.ar\/wp-content\/uploads\/2025\/01\/COLGANTE1LUZACABADONATURAL.jpg\",\"width\":958,\"height\":904},{\"@type\":\"BreadcrumbList\",\"@id\":\"https:\/\/tienda.rigelec.com.ar\/?product=colgante-1-luz-acabado-natural-7#breadcrumb\",\"itemListElement\":[{\"@type\":\"ListItem\",\"position\":1,\"name\":\"Inicio\",\"item\":\"https:\/\/tienda.rigelec.com.ar\/\"},{\"@type\":\"ListItem\",\"position\":2,\"name\":\"Shop\",\"item\":\"https:\/\/tienda.rigelec.com.ar\/?page_id=12\"},{\"@type\":\"ListItem\",\"position\":3,\"name\":\"COLGANTE 1 LUZ ACABADO NATURAL ELIPTICA 50CM\"}]},{\"@type\":\"WebSite\",\"@id\":\"https:\/\/tienda.rigelec.com.ar\/#website\",\"url\":\"https:\/\/tienda.rigelec.com.ar\/\",\"name\":\"Tienda Rigelec\",\"description\":\"Energia en movimiento\",\"publisher\":{\"@id\":\"https:\/\/tienda.rigelec.com.ar\/#organization\"},\"potentialAction\":[{\"@type\":\"SearchAction\",\"target\":{\"@type\":\"EntryPoint\",\"urlTemplate\":\"https:\/\/tienda.rigelec.com.ar\/?s={search_term_string}\"},\"query-input\":{\"@type\":\"PropertyValueSpecification\",\"valueRequired\":true,\"valueName\":\"search_term_string\"}}],\"inLanguage\":\"es-AR\"},{\"@type\":\"Organization\",\"@id\":\"https:\/\/tienda.rigelec.com.ar\/#organization\",\"name\":\"Tienda Rigelec\",\"url\":\"https:\/\/tienda.rigelec.com.ar\/\",\"logo\":{\"@type\":\"ImageObject\",\"inLanguage\":\"es-AR\",\"@id\":\"https:\/\/tienda.rigelec.com.ar\/#\/schema\/logo\/image\/\",\"url\":\"https:\/\/tienda.rigelec.com.ar\/wp-content\/uploads\/2024\/09\/isologo-blanco-rigelec.png\",\"contentUrl\":\"https:\/\/tienda.rigelec.com.ar\/wp-content\/uploads\/2024\/09\/isologo-blanco-rigelec.png\",\"width\":94,\"height\":97,\"caption\":\"Tienda Rigelec\"},\"image\":{\"@id\":\"https:\/\/tienda.rigelec.com.ar\/#\/schema\/logo\/image\/\"}}]}<\/script>\n<!-- \/ Yoast SEO plugin. -->","yoast_head_json":{"title":"COLGANTE 1 LUZ ACABADO NATURAL ELIPTICA 50CM - Tienda Rigelec","description":"COLGANTE 1 LUZ ACABADO NATURAL ELIPTICA 50CM Tienda Rigelec COLGANTE 1 LUZ ACABADO NATURAL ELIPTICA 50CM Tienda Rigelec COLGANTE 1 LUZ ACABADO NATURAL","robots":{"index":"index","follow":"follow","max-snippet":"max-snippet:-1","max-image-preview":"max-image-preview:large","max-video-preview":"max-video-preview:-1"},"canonical":"https:\/\/tienda.rigelec.com.ar\/?product=colgante-1-luz-acabado-natural-7","og_locale":"es_ES","og_type":"article","og_title":"COLGANTE 1 LUZ ACABADO NATURAL ELIPTICA 50CM - Tienda Rigelec","og_description":"COLGANTE 1 LUZ ACABADO NATURAL ELIPTICA 50CM Tienda Rigelec COLGANTE 1 LUZ ACABADO NATURAL ELIPTICA 50CM Tienda Rigelec COLGANTE 1 LUZ ACABADO NATURAL","og_url":"https:\/\/tienda.rigelec.com.ar\/?product=colgante-1-luz-acabado-natural-7","og_site_name":"Tienda Rigelec","article_modified_time":"2026-05-01T03:23:04+00:00","og_image":[{"width":958,"height":904,"url":"https:\/\/tienda.rigelec.com.ar\/wp-content\/uploads\/2025\/01\/COLGANTE1LUZACABADONATURAL.jpg","type":"image\/jpeg"}],"twitter_card":"summary_large_image","twitter_misc":{"Tiempo de lectura":"1 minuto"},"schema":{"@context":"https:\/\/schema.org","@graph":[{"@type":"WebPage","@id":"https:\/\/tienda.rigelec.com.ar\/?product=colgante-1-luz-acabado-natural-7","url":"https:\/\/tienda.rigelec.com.ar\/?product=colgante-1-luz-acabado-natural-7","name":"COLGANTE 1 LUZ ACABADO NATURAL ELIPTICA 50CM - Tienda Rigelec","isPartOf":{"@id":"https:\/\/tienda.rigelec.com.ar\/#website"},"primaryImageOfPage":{"@id":"https:\/\/tienda.rigelec.com.ar\/?product=colgante-1-luz-acabado-natural-7#primaryimage"},"image":{"@id":"https:\/\/tienda.rigelec.com.ar\/?product=colgante-1-luz-acabado-natural-7#primaryimage"},"thumbnailUrl":"https:\/\/tienda.rigelec.com.ar\/wp-content\/uploads\/2025\/01\/COLGANTE1LUZACABADONATURAL.jpg","datePublished":"2025-01-27T14:59:04+00:00","dateModified":"2026-05-01T03:23:04+00:00","description":"COLGANTE 1 LUZ ACABADO NATURAL ELIPTICA 50CM Tienda Rigelec COLGANTE 1 LUZ ACABADO NATURAL ELIPTICA 50CM Tienda Rigelec COLGANTE 1 LUZ ACABADO NATURAL","breadcrumb":{"@id":"https:\/\/tienda.rigelec.com.ar\/?product=colgante-1-luz-acabado-natural-7#breadcrumb"},"inLanguage":"es-AR","potentialAction":[{"@type":"ReadAction","target":["https:\/\/tienda.rigelec.com.ar\/?product=colgante-1-luz-acabado-natural-7"]}]},{"@type":"ImageObject","inLanguage":"es-AR","@id":"https:\/\/tienda.rigelec.com.ar\/?product=colgante-1-luz-acabado-natural-7#primaryimage","url":"https:\/\/tienda.rigelec.com.ar\/wp-content\/uploads\/2025\/01\/COLGANTE1LUZACABADONATURAL.jpg","contentUrl":"https:\/\/tienda.rigelec.com.ar\/wp-content\/uploads\/2025\/01\/COLGANTE1LUZACABADONATURAL.jpg","width":958,"height":904},{"@type":"BreadcrumbList","@id":"https:\/\/tienda.rigelec.com.ar\/?product=colgante-1-luz-acabado-natural-7#breadcrumb","itemListElement":[{"@type":"ListItem","position":1,"name":"Inicio","item":"https:\/\/tienda.rigelec.com.ar\/"},{"@type":"ListItem","position":2,"name":"Shop","item":"https:\/\/tienda.rigelec.com.ar\/?page_id=12"},{"@type":"ListItem","position":3,"name":"COLGANTE 1 LUZ ACABADO NATURAL ELIPTICA 50CM"}]},{"@type":"WebSite","@id":"https:\/\/tienda.rigelec.com.ar\/#website","url":"https:\/\/tienda.rigelec.com.ar\/","name":"Tienda Rigelec","description":"Energia en movimiento","publisher":{"@id":"https:\/\/tienda.rigelec.com.ar\/#organization"},"potentialAction":[{"@type":"SearchAction","target":{"@type":"EntryPoint","urlTemplate":"https:\/\/tienda.rigelec.com.ar\/?s={search_term_string}"},"query-input":{"@type":"PropertyValueSpecification","valueRequired":true,"valueName":"search_term_string"}}],"inLanguage":"es-AR"},{"@type":"Organization","@id":"https:\/\/tienda.rigelec.com.ar\/#organization","name":"Tienda Rigelec","url":"https:\/\/tienda.rigelec.com.ar\/","logo":{"@type":"ImageObject","inLanguage":"es-AR","@id":"https:\/\/tienda.rigelec.com.ar\/#\/schema\/logo\/image\/","url":"https:\/\/tienda.rigelec.com.ar\/wp-content\/uploads\/2024\/09\/isologo-blanco-rigelec.png","contentUrl":"https:\/\/tienda.rigelec.com.ar\/wp-content\/uploads\/2024\/09\/isologo-blanco-rigelec.png","width":94,"height":97,"caption":"Tienda Rigelec"},"image":{"@id":"https:\/\/tienda.rigelec.com.ar\/#\/schema\/logo\/image\/"}}]}},"jetpack_sharing_enabled":true,"_links":{"self":[{"href":"https:\/\/tienda.rigelec.com.ar\/index.php?rest_route=\/wp\/v2\/product\/29169","targetHints":{"allow":["GET"]}}],"collection":[{"href":"https:\/\/tienda.rigelec.com.ar\/index.php?rest_route=\/wp\/v2\/product"}],"about":[{"href":"https:\/\/tienda.rigelec.com.ar\/index.php?rest_route=\/wp\/v2\/types\/product"}],"replies":[{"embeddable":true,"href":"https:\/\/tienda.rigelec.com.ar\/index.php?rest_route=%2Fwp%2Fv2%2Fcomments&post=29169"}],"wp:featuredmedia":[{"embeddable":true,"href":"https:\/\/tienda.rigelec.com.ar\/index.php?rest_route=\/wp\/v2\/media\/29170"}],"wp:attachment":[{"href":"https:\/\/tienda.rigelec.com.ar\/index.php?rest_route=%2Fwp%2Fv2%2Fmedia&parent=29169"}],"wp:term":[{"taxonomy":"product_brand","embeddable":true,"href":"https:\/\/tienda.rigelec.com.ar\/index.php?rest_route=%2Fwp%2Fv2%2Fproduct_brand&post=29169"},{"taxonomy":"product_cat","embeddable":true,"href":"https:\/\/tienda.rigelec.com.ar\/index.php?rest_route=%2Fwp%2Fv2%2Fproduct_cat&post=29169"},{"taxonomy":"product_tag","embeddable":true,"href":"https:\/\/tienda.rigelec.com.ar\/index.php?rest_route=%2Fwp%2Fv2%2Fproduct_tag&post=29169"}],"curies":[{"name":"wp","href":"https:\/\/api.w.org\/{rel}","templated":true}]}}