{"id":29171,"date":"2025-01-27T11:59:05","date_gmt":"2025-01-27T14:59:05","guid":{"rendered":"https:\/\/tienda.rigelec.com.ar\/?product=colgante-1-luz-acabado-natural-esferica-45cm"},"modified":"2026-05-03T20:16:22","modified_gmt":"2026-05-03T23:16:22","slug":"colgante-1-luz-acabado-natural-6","status":"publish","type":"product","link":"https:\/\/tienda.rigelec.com.ar\/?product=colgante-1-luz-acabado-natural-6","title":{"rendered":"COLGANTE 1 LUZ ACABADO NATURAL ESFERICA 45CM"},"content":{"rendered":"<p>COLGANTE 1 LUZ ACABADO NATURAL<\/p>\n<p data-start=\"179\" data-end=\"242\"><strong data-start=\"179\" data-end=\"242\">L\u00e1mpara colgante ESF\u00c9RICA \u2013 Cart\u00f3n reciclado natural \u00d845 cm<\/strong><\/p>\n<p data-start=\"244\" data-end=\"518\">La l\u00e1mpara colgante ESF\u00c9RICA es una pieza de iluminaci\u00f3n que destaca por su dise\u00f1o equilibrado, su calidez visual y su compromiso con el ambiente. Con un di\u00e1metro medio de 45 cm y base de 40 cm, su forma redondeada y envolvente distribuye la luz de manera suave y armoniosa.<\/p>\n<p data-start=\"520\" data-end=\"802\">Est\u00e1 realizada artesanalmente en cart\u00f3n corrugado reciclado, tratado con material ign\u00edfugo para brindar seguridad y finalizada con un barniz natural que realza su textura org\u00e1nica y la protege de la humedad. Perfecta para ambientes que buscan una est\u00e9tica natural, c\u00e1lida y moderna.<\/p>\n<p data-start=\"804\" data-end=\"899\">Incluye flor\u00f3n met\u00e1lico, bobacha y 1 metro de cable textil negro para facilitar su instalaci\u00f3n.<\/p>\n<p data-start=\"901\" data-end=\"933\"><strong data-start=\"901\" data-end=\"933\">Caracter\u00edsticas principales:<\/strong><\/p>\n<ul data-start=\"934\" data-end=\"1187\">\n<li data-start=\"934\" data-end=\"962\">\n<p data-start=\"936\" data-end=\"962\">Di\u00e1metro inferior: 40 cm<\/p>\n<\/li>\n<li data-start=\"963\" data-end=\"988\">\n<p data-start=\"965\" data-end=\"988\">Di\u00e1metro medio: 45 cm<\/p>\n<\/li>\n<li data-start=\"989\" data-end=\"1029\">\n<p data-start=\"991\" data-end=\"1029\">Material: Cart\u00f3n corrugado reciclado<\/p>\n<\/li>\n<li data-start=\"1030\" data-end=\"1084\">\n<p data-start=\"1032\" data-end=\"1084\">Terminaci\u00f3n: Barniz natural y tratamiento ign\u00edfugo<\/p>\n<\/li>\n<li data-start=\"1085\" data-end=\"1145\">\n<p data-start=\"1087\" data-end=\"1145\">Incluye: Flor\u00f3n, bobacha y 1 metro de cable textil negro<\/p>\n<\/li>\n<li data-start=\"1146\" data-end=\"1187\">\n<p data-start=\"1148\" data-end=\"1187\">Tipo de luz: 1 luz (no incluye l\u00e1mpara)<\/p>\n<\/li>\n<\/ul>\n<p data-start=\"1189\" data-end=\"1293\">Ideal para comedores, salas de estar o espacios comerciales que buscan un toque sustentable y de dise\u00f1o.<\/p>\n","protected":false},"excerpt":{"rendered":"<p>Lampara Colgante esferica di\u00e1metro inferior 40cm, diametro medio 45cm realizada con cart\u00f3n corrugado reciclado.<br \/>\nCuentan con tratamiento ign\u00edfugo por protecci\u00f3n y terminaci\u00f3n natural con barniz.<br \/>\nIncluye floron, bobacha y un metro de cable textil negro<\/p>\n","protected":false},"featured_media":29172,"comment_status":"open","ping_status":"closed","template":"","meta":{"_monsterinsights_skip_tracking":false,"_monsterinsights_sitenote_active":false,"_monsterinsights_sitenote_note":"","_monsterinsights_sitenote_category":0},"product_brand":[],"product_cat":[181],"product_tag":[451],"class_list":{"0":"post-29171","1":"product","2":"type-product","3":"status-publish","4":"has-post-thumbnail","6":"product_cat-a-colgantes","7":"product_tag-decart","9":"first","10":"outofstock","11":"shipping-taxable","12":"purchasable","13":"product-type-simple"},"yoast_head":"<!-- This site is optimized with the Yoast SEO plugin v25.3.1 - https:\/\/yoast.com\/wordpress\/plugins\/seo\/ -->\n<title>COLGANTE 1 LUZ ACABADO NATURAL ESFERICA 45CM - Tienda Rigelec<\/title>\n<meta name=\"description\" content=\"COLGANTE 1 LUZ ACABADO NATURAL ESFERICA 45CM Tienda Rigelec COLGANTE 1 LUZ ACABADO NATURAL Tienda Rigelec COLGANTE 1 LUZ ACABADO NATURAL ESFERICA 45CM\" \/>\n<meta name=\"robots\" content=\"index, follow, max-snippet:-1, max-image-preview:large, max-video-preview:-1\" \/>\n<link rel=\"canonical\" href=\"https:\/\/tienda.rigelec.com.ar\/?product=colgante-1-luz-acabado-natural-6\" \/>\n<meta property=\"og:locale\" content=\"es_ES\" \/>\n<meta property=\"og:type\" content=\"article\" \/>\n<meta property=\"og:title\" content=\"COLGANTE 1 LUZ ACABADO NATURAL ESFERICA 45CM - Tienda Rigelec\" \/>\n<meta property=\"og:description\" content=\"COLGANTE 1 LUZ ACABADO NATURAL ESFERICA 45CM Tienda Rigelec COLGANTE 1 LUZ ACABADO NATURAL Tienda Rigelec COLGANTE 1 LUZ ACABADO NATURAL ESFERICA 45CM\" \/>\n<meta property=\"og:url\" content=\"https:\/\/tienda.rigelec.com.ar\/?product=colgante-1-luz-acabado-natural-6\" \/>\n<meta property=\"og:site_name\" content=\"Tienda Rigelec\" \/>\n<meta property=\"article:modified_time\" content=\"2026-05-03T23:16:22+00:00\" \/>\n<meta property=\"og:image\" content=\"https:\/\/tienda.rigelec.com.ar\/wp-content\/uploads\/2025\/01\/COLGANTE1LUZACABADONATURAL-1.jpg\" \/>\n\t<meta property=\"og:image:width\" content=\"935\" \/>\n\t<meta property=\"og:image:height\" content=\"868\" \/>\n\t<meta property=\"og:image:type\" content=\"image\/jpeg\" \/>\n<meta name=\"twitter:card\" content=\"summary_large_image\" \/>\n<meta name=\"twitter:label1\" content=\"Tiempo de lectura\" \/>\n\t<meta name=\"twitter:data1\" content=\"1 minuto\" \/>\n<script type=\"application\/ld+json\" class=\"yoast-schema-graph\">{\"@context\":\"https:\/\/schema.org\",\"@graph\":[{\"@type\":\"WebPage\",\"@id\":\"https:\/\/tienda.rigelec.com.ar\/?product=colgante-1-luz-acabado-natural-6\",\"url\":\"https:\/\/tienda.rigelec.com.ar\/?product=colgante-1-luz-acabado-natural-6\",\"name\":\"COLGANTE 1 LUZ ACABADO NATURAL ESFERICA 45CM - Tienda Rigelec\",\"isPartOf\":{\"@id\":\"https:\/\/tienda.rigelec.com.ar\/#website\"},\"primaryImageOfPage\":{\"@id\":\"https:\/\/tienda.rigelec.com.ar\/?product=colgante-1-luz-acabado-natural-6#primaryimage\"},\"image\":{\"@id\":\"https:\/\/tienda.rigelec.com.ar\/?product=colgante-1-luz-acabado-natural-6#primaryimage\"},\"thumbnailUrl\":\"https:\/\/tienda.rigelec.com.ar\/wp-content\/uploads\/2025\/01\/COLGANTE1LUZACABADONATURAL-1.jpg\",\"datePublished\":\"2025-01-27T14:59:05+00:00\",\"dateModified\":\"2026-05-03T23:16:22+00:00\",\"description\":\"COLGANTE 1 LUZ ACABADO NATURAL ESFERICA 45CM Tienda Rigelec COLGANTE 1 LUZ ACABADO NATURAL Tienda Rigelec COLGANTE 1 LUZ ACABADO NATURAL ESFERICA 45CM\",\"breadcrumb\":{\"@id\":\"https:\/\/tienda.rigelec.com.ar\/?product=colgante-1-luz-acabado-natural-6#breadcrumb\"},\"inLanguage\":\"es-AR\",\"potentialAction\":[{\"@type\":\"ReadAction\",\"target\":[\"https:\/\/tienda.rigelec.com.ar\/?product=colgante-1-luz-acabado-natural-6\"]}]},{\"@type\":\"ImageObject\",\"inLanguage\":\"es-AR\",\"@id\":\"https:\/\/tienda.rigelec.com.ar\/?product=colgante-1-luz-acabado-natural-6#primaryimage\",\"url\":\"https:\/\/tienda.rigelec.com.ar\/wp-content\/uploads\/2025\/01\/COLGANTE1LUZACABADONATURAL-1.jpg\",\"contentUrl\":\"https:\/\/tienda.rigelec.com.ar\/wp-content\/uploads\/2025\/01\/COLGANTE1LUZACABADONATURAL-1.jpg\",\"width\":935,\"height\":868},{\"@type\":\"BreadcrumbList\",\"@id\":\"https:\/\/tienda.rigelec.com.ar\/?product=colgante-1-luz-acabado-natural-6#breadcrumb\",\"itemListElement\":[{\"@type\":\"ListItem\",\"position\":1,\"name\":\"Inicio\",\"item\":\"https:\/\/tienda.rigelec.com.ar\/\"},{\"@type\":\"ListItem\",\"position\":2,\"name\":\"Shop\",\"item\":\"https:\/\/tienda.rigelec.com.ar\/?page_id=12\"},{\"@type\":\"ListItem\",\"position\":3,\"name\":\"COLGANTE 1 LUZ ACABADO NATURAL ESFERICA 45CM\"}]},{\"@type\":\"WebSite\",\"@id\":\"https:\/\/tienda.rigelec.com.ar\/#website\",\"url\":\"https:\/\/tienda.rigelec.com.ar\/\",\"name\":\"Tienda Rigelec\",\"description\":\"Energia en movimiento\",\"publisher\":{\"@id\":\"https:\/\/tienda.rigelec.com.ar\/#organization\"},\"potentialAction\":[{\"@type\":\"SearchAction\",\"target\":{\"@type\":\"EntryPoint\",\"urlTemplate\":\"https:\/\/tienda.rigelec.com.ar\/?s={search_term_string}\"},\"query-input\":{\"@type\":\"PropertyValueSpecification\",\"valueRequired\":true,\"valueName\":\"search_term_string\"}}],\"inLanguage\":\"es-AR\"},{\"@type\":\"Organization\",\"@id\":\"https:\/\/tienda.rigelec.com.ar\/#organization\",\"name\":\"Tienda Rigelec\",\"url\":\"https:\/\/tienda.rigelec.com.ar\/\",\"logo\":{\"@type\":\"ImageObject\",\"inLanguage\":\"es-AR\",\"@id\":\"https:\/\/tienda.rigelec.com.ar\/#\/schema\/logo\/image\/\",\"url\":\"https:\/\/tienda.rigelec.com.ar\/wp-content\/uploads\/2024\/09\/isologo-blanco-rigelec.png\",\"contentUrl\":\"https:\/\/tienda.rigelec.com.ar\/wp-content\/uploads\/2024\/09\/isologo-blanco-rigelec.png\",\"width\":94,\"height\":97,\"caption\":\"Tienda Rigelec\"},\"image\":{\"@id\":\"https:\/\/tienda.rigelec.com.ar\/#\/schema\/logo\/image\/\"}}]}<\/script>\n<!-- \/ Yoast SEO plugin. -->","yoast_head_json":{"title":"COLGANTE 1 LUZ ACABADO NATURAL ESFERICA 45CM - Tienda Rigelec","description":"COLGANTE 1 LUZ ACABADO NATURAL ESFERICA 45CM Tienda Rigelec COLGANTE 1 LUZ ACABADO NATURAL Tienda Rigelec COLGANTE 1 LUZ ACABADO NATURAL ESFERICA 45CM","robots":{"index":"index","follow":"follow","max-snippet":"max-snippet:-1","max-image-preview":"max-image-preview:large","max-video-preview":"max-video-preview:-1"},"canonical":"https:\/\/tienda.rigelec.com.ar\/?product=colgante-1-luz-acabado-natural-6","og_locale":"es_ES","og_type":"article","og_title":"COLGANTE 1 LUZ ACABADO NATURAL ESFERICA 45CM - Tienda Rigelec","og_description":"COLGANTE 1 LUZ ACABADO NATURAL ESFERICA 45CM Tienda Rigelec COLGANTE 1 LUZ ACABADO NATURAL Tienda Rigelec COLGANTE 1 LUZ ACABADO NATURAL ESFERICA 45CM","og_url":"https:\/\/tienda.rigelec.com.ar\/?product=colgante-1-luz-acabado-natural-6","og_site_name":"Tienda Rigelec","article_modified_time":"2026-05-03T23:16:22+00:00","og_image":[{"width":935,"height":868,"url":"https:\/\/tienda.rigelec.com.ar\/wp-content\/uploads\/2025\/01\/COLGANTE1LUZACABADONATURAL-1.jpg","type":"image\/jpeg"}],"twitter_card":"summary_large_image","twitter_misc":{"Tiempo de lectura":"1 minuto"},"schema":{"@context":"https:\/\/schema.org","@graph":[{"@type":"WebPage","@id":"https:\/\/tienda.rigelec.com.ar\/?product=colgante-1-luz-acabado-natural-6","url":"https:\/\/tienda.rigelec.com.ar\/?product=colgante-1-luz-acabado-natural-6","name":"COLGANTE 1 LUZ ACABADO NATURAL ESFERICA 45CM - Tienda Rigelec","isPartOf":{"@id":"https:\/\/tienda.rigelec.com.ar\/#website"},"primaryImageOfPage":{"@id":"https:\/\/tienda.rigelec.com.ar\/?product=colgante-1-luz-acabado-natural-6#primaryimage"},"image":{"@id":"https:\/\/tienda.rigelec.com.ar\/?product=colgante-1-luz-acabado-natural-6#primaryimage"},"thumbnailUrl":"https:\/\/tienda.rigelec.com.ar\/wp-content\/uploads\/2025\/01\/COLGANTE1LUZACABADONATURAL-1.jpg","datePublished":"2025-01-27T14:59:05+00:00","dateModified":"2026-05-03T23:16:22+00:00","description":"COLGANTE 1 LUZ ACABADO NATURAL ESFERICA 45CM Tienda Rigelec COLGANTE 1 LUZ ACABADO NATURAL Tienda Rigelec COLGANTE 1 LUZ ACABADO NATURAL ESFERICA 45CM","breadcrumb":{"@id":"https:\/\/tienda.rigelec.com.ar\/?product=colgante-1-luz-acabado-natural-6#breadcrumb"},"inLanguage":"es-AR","potentialAction":[{"@type":"ReadAction","target":["https:\/\/tienda.rigelec.com.ar\/?product=colgante-1-luz-acabado-natural-6"]}]},{"@type":"ImageObject","inLanguage":"es-AR","@id":"https:\/\/tienda.rigelec.com.ar\/?product=colgante-1-luz-acabado-natural-6#primaryimage","url":"https:\/\/tienda.rigelec.com.ar\/wp-content\/uploads\/2025\/01\/COLGANTE1LUZACABADONATURAL-1.jpg","contentUrl":"https:\/\/tienda.rigelec.com.ar\/wp-content\/uploads\/2025\/01\/COLGANTE1LUZACABADONATURAL-1.jpg","width":935,"height":868},{"@type":"BreadcrumbList","@id":"https:\/\/tienda.rigelec.com.ar\/?product=colgante-1-luz-acabado-natural-6#breadcrumb","itemListElement":[{"@type":"ListItem","position":1,"name":"Inicio","item":"https:\/\/tienda.rigelec.com.ar\/"},{"@type":"ListItem","position":2,"name":"Shop","item":"https:\/\/tienda.rigelec.com.ar\/?page_id=12"},{"@type":"ListItem","position":3,"name":"COLGANTE 1 LUZ ACABADO NATURAL ESFERICA 45CM"}]},{"@type":"WebSite","@id":"https:\/\/tienda.rigelec.com.ar\/#website","url":"https:\/\/tienda.rigelec.com.ar\/","name":"Tienda Rigelec","description":"Energia en movimiento","publisher":{"@id":"https:\/\/tienda.rigelec.com.ar\/#organization"},"potentialAction":[{"@type":"SearchAction","target":{"@type":"EntryPoint","urlTemplate":"https:\/\/tienda.rigelec.com.ar\/?s={search_term_string}"},"query-input":{"@type":"PropertyValueSpecification","valueRequired":true,"valueName":"search_term_string"}}],"inLanguage":"es-AR"},{"@type":"Organization","@id":"https:\/\/tienda.rigelec.com.ar\/#organization","name":"Tienda Rigelec","url":"https:\/\/tienda.rigelec.com.ar\/","logo":{"@type":"ImageObject","inLanguage":"es-AR","@id":"https:\/\/tienda.rigelec.com.ar\/#\/schema\/logo\/image\/","url":"https:\/\/tienda.rigelec.com.ar\/wp-content\/uploads\/2024\/09\/isologo-blanco-rigelec.png","contentUrl":"https:\/\/tienda.rigelec.com.ar\/wp-content\/uploads\/2024\/09\/isologo-blanco-rigelec.png","width":94,"height":97,"caption":"Tienda Rigelec"},"image":{"@id":"https:\/\/tienda.rigelec.com.ar\/#\/schema\/logo\/image\/"}}]}},"jetpack_sharing_enabled":true,"_links":{"self":[{"href":"https:\/\/tienda.rigelec.com.ar\/index.php?rest_route=\/wp\/v2\/product\/29171","targetHints":{"allow":["GET"]}}],"collection":[{"href":"https:\/\/tienda.rigelec.com.ar\/index.php?rest_route=\/wp\/v2\/product"}],"about":[{"href":"https:\/\/tienda.rigelec.com.ar\/index.php?rest_route=\/wp\/v2\/types\/product"}],"replies":[{"embeddable":true,"href":"https:\/\/tienda.rigelec.com.ar\/index.php?rest_route=%2Fwp%2Fv2%2Fcomments&post=29171"}],"wp:featuredmedia":[{"embeddable":true,"href":"https:\/\/tienda.rigelec.com.ar\/index.php?rest_route=\/wp\/v2\/media\/29172"}],"wp:attachment":[{"href":"https:\/\/tienda.rigelec.com.ar\/index.php?rest_route=%2Fwp%2Fv2%2Fmedia&parent=29171"}],"wp:term":[{"taxonomy":"product_brand","embeddable":true,"href":"https:\/\/tienda.rigelec.com.ar\/index.php?rest_route=%2Fwp%2Fv2%2Fproduct_brand&post=29171"},{"taxonomy":"product_cat","embeddable":true,"href":"https:\/\/tienda.rigelec.com.ar\/index.php?rest_route=%2Fwp%2Fv2%2Fproduct_cat&post=29171"},{"taxonomy":"product_tag","embeddable":true,"href":"https:\/\/tienda.rigelec.com.ar\/index.php?rest_route=%2Fwp%2Fv2%2Fproduct_tag&post=29171"}],"curies":[{"name":"wp","href":"https:\/\/api.w.org\/{rel}","templated":true}]}}