{"id":29173,"date":"2025-01-27T11:59:06","date_gmt":"2025-01-27T14:59:06","guid":{"rendered":"https:\/\/tienda.rigelec.com.ar\/?product=colgante-1-luz-acabado-natural-circular-combinada-35x18cm"},"modified":"2026-05-01T00:23:05","modified_gmt":"2026-05-01T03:23:05","slug":"colgante-1-luz-acabado-natural-5","status":"publish","type":"product","link":"https:\/\/tienda.rigelec.com.ar\/?product=colgante-1-luz-acabado-natural-5","title":{"rendered":"COLGANTE 1 LUZ ACABADO NATURAL CIRCULAR COMBINADA 35X18CM"},"content":{"rendered":"<p>COLGANTE 1 LUZ ACABADO NATURAL<\/p>\n<p data-start=\"183\" data-end=\"258\"><strong data-start=\"183\" data-end=\"258\">L\u00e1mpara colgante CIRCULAR COMBINADA \u2013 Cart\u00f3n reciclado natural 35\u00d718 cm<\/strong><\/p>\n<p data-start=\"260\" data-end=\"606\">Dise\u00f1o moderno, materiales reciclados y terminaciones artesanales: la l\u00e1mpara colgante CIRCULAR COMBINADA es una opci\u00f3n ideal para iluminar con estilo y conciencia ambiental. Su estructura circular, con 35 cm de di\u00e1metro inferior y 38 cm superior, est\u00e1 realizada en cart\u00f3n corrugado reciclado, lo que aporta calidez, textura y una est\u00e9tica \u00fanica.<\/p>\n<p data-start=\"608\" data-end=\"831\">Gracias a su tratamiento ign\u00edfugo y acabado con barniz natural, esta luminaria es segura y resistente a la humedad. Su dise\u00f1o combinado de capas genera una luz suave, perfecta para comedores, livings o espacios comerciales.<\/p>\n<p data-start=\"833\" data-end=\"917\">Incluye flor\u00f3n met\u00e1lico, bobacha y 1 metro de cable textil negro para su colocaci\u00f3n.<\/p>\n<p data-start=\"919\" data-end=\"951\"><strong data-start=\"919\" data-end=\"951\">Caracter\u00edsticas principales:<\/strong><\/p>\n<ul data-start=\"952\" data-end=\"1227\">\n<li data-start=\"952\" data-end=\"980\">\n<p data-start=\"954\" data-end=\"980\">Di\u00e1metro inferior: 35 cm<\/p>\n<\/li>\n<li data-start=\"981\" data-end=\"1009\">\n<p data-start=\"983\" data-end=\"1009\">Di\u00e1metro superior: 38 cm<\/p>\n<\/li>\n<li data-start=\"1010\" data-end=\"1027\">\n<p data-start=\"1012\" data-end=\"1027\">Altura: 18 cm<\/p>\n<\/li>\n<li data-start=\"1028\" data-end=\"1068\">\n<p data-start=\"1030\" data-end=\"1068\">Material: Cart\u00f3n corrugado reciclado<\/p>\n<\/li>\n<li data-start=\"1069\" data-end=\"1123\">\n<p data-start=\"1071\" data-end=\"1123\">Terminaci\u00f3n: Barniz natural y tratamiento ign\u00edfugo<\/p>\n<\/li>\n<li data-start=\"1124\" data-end=\"1184\">\n<p data-start=\"1126\" data-end=\"1184\">Incluye: Flor\u00f3n, bobacha y 1 metro de cable textil negro<\/p>\n<\/li>\n<li data-start=\"1185\" data-end=\"1227\">\n<p data-start=\"1187\" data-end=\"1227\">Tipo de luz: 1 luz (l\u00e1mpara no incluida)<\/p>\n<\/li>\n<\/ul>\n<p data-start=\"1229\" data-end=\"1306\">Ideal para quienes buscan sumar dise\u00f1o y sustentabilidad en un solo producto.<\/p>\n","protected":false},"excerpt":{"rendered":"<p>Lampara colgante di\u00e1metro inferior 35cm, diametro superior 38cm, altura 18cm realizada con cart\u00f3n corrugado reciclado.<br \/>\nCuentan con tratamiento ign\u00edfugo por protecci\u00f3n y terminaci\u00f3n natural con barniz.<br \/>\nIncluye floron, bobacha y un metro de cable textil negro.<\/p>\n","protected":false},"featured_media":29174,"comment_status":"open","ping_status":"closed","template":"","meta":{"_monsterinsights_skip_tracking":false,"_monsterinsights_sitenote_active":false,"_monsterinsights_sitenote_note":"","_monsterinsights_sitenote_category":0},"product_brand":[],"product_cat":[181],"product_tag":[451],"class_list":{"0":"post-29173","1":"product","2":"type-product","3":"status-publish","4":"has-post-thumbnail","6":"product_cat-a-colgantes","7":"product_tag-decart","9":"first","10":"instock","11":"shipping-taxable","12":"purchasable","13":"product-type-simple"},"yoast_head":"<!-- This site is optimized with the Yoast SEO plugin v25.3.1 - https:\/\/yoast.com\/wordpress\/plugins\/seo\/ -->\n<title>COLGANTE 1 LUZ ACABADO NATURAL CIRCULAR COMBINADA 35X18CM - Tienda Rigelec<\/title>\n<meta name=\"description\" content=\"COLGANTE 1 LUZ ACABADO NATURAL CIRCULAR COMBINADA 35X18CM Tienda Rigelec COLGANTE 1 LUZ ACABADO NATURAL CIRCULAR COMBINADA 35X18CM\" \/>\n<meta name=\"robots\" content=\"index, follow, max-snippet:-1, max-image-preview:large, max-video-preview:-1\" \/>\n<link rel=\"canonical\" href=\"https:\/\/tienda.rigelec.com.ar\/?product=colgante-1-luz-acabado-natural-5\" \/>\n<meta property=\"og:locale\" content=\"es_ES\" \/>\n<meta property=\"og:type\" content=\"article\" \/>\n<meta property=\"og:title\" content=\"COLGANTE 1 LUZ ACABADO NATURAL CIRCULAR COMBINADA 35X18CM - Tienda Rigelec\" \/>\n<meta property=\"og:description\" content=\"COLGANTE 1 LUZ ACABADO NATURAL CIRCULAR COMBINADA 35X18CM Tienda Rigelec COLGANTE 1 LUZ ACABADO NATURAL CIRCULAR COMBINADA 35X18CM\" \/>\n<meta property=\"og:url\" content=\"https:\/\/tienda.rigelec.com.ar\/?product=colgante-1-luz-acabado-natural-5\" \/>\n<meta property=\"og:site_name\" content=\"Tienda Rigelec\" \/>\n<meta property=\"article:modified_time\" content=\"2026-05-01T03:23:05+00:00\" \/>\n<meta property=\"og:image\" content=\"https:\/\/tienda.rigelec.com.ar\/wp-content\/uploads\/2025\/01\/COLGANTE1LUZACABADONATURAL-2.jpg\" \/>\n\t<meta property=\"og:image:width\" content=\"868\" \/>\n\t<meta property=\"og:image:height\" content=\"794\" \/>\n\t<meta property=\"og:image:type\" content=\"image\/jpeg\" \/>\n<meta name=\"twitter:card\" content=\"summary_large_image\" \/>\n<meta name=\"twitter:label1\" content=\"Tiempo de lectura\" \/>\n\t<meta name=\"twitter:data1\" content=\"1 minuto\" \/>\n<script type=\"application\/ld+json\" class=\"yoast-schema-graph\">{\"@context\":\"https:\/\/schema.org\",\"@graph\":[{\"@type\":\"WebPage\",\"@id\":\"https:\/\/tienda.rigelec.com.ar\/?product=colgante-1-luz-acabado-natural-5\",\"url\":\"https:\/\/tienda.rigelec.com.ar\/?product=colgante-1-luz-acabado-natural-5\",\"name\":\"COLGANTE 1 LUZ ACABADO NATURAL CIRCULAR COMBINADA 35X18CM - Tienda Rigelec\",\"isPartOf\":{\"@id\":\"https:\/\/tienda.rigelec.com.ar\/#website\"},\"primaryImageOfPage\":{\"@id\":\"https:\/\/tienda.rigelec.com.ar\/?product=colgante-1-luz-acabado-natural-5#primaryimage\"},\"image\":{\"@id\":\"https:\/\/tienda.rigelec.com.ar\/?product=colgante-1-luz-acabado-natural-5#primaryimage\"},\"thumbnailUrl\":\"https:\/\/tienda.rigelec.com.ar\/wp-content\/uploads\/2025\/01\/COLGANTE1LUZACABADONATURAL-2.jpg\",\"datePublished\":\"2025-01-27T14:59:06+00:00\",\"dateModified\":\"2026-05-01T03:23:05+00:00\",\"description\":\"COLGANTE 1 LUZ ACABADO NATURAL CIRCULAR COMBINADA 35X18CM Tienda Rigelec COLGANTE 1 LUZ ACABADO NATURAL CIRCULAR COMBINADA 35X18CM\",\"breadcrumb\":{\"@id\":\"https:\/\/tienda.rigelec.com.ar\/?product=colgante-1-luz-acabado-natural-5#breadcrumb\"},\"inLanguage\":\"es-AR\",\"potentialAction\":[{\"@type\":\"ReadAction\",\"target\":[\"https:\/\/tienda.rigelec.com.ar\/?product=colgante-1-luz-acabado-natural-5\"]}]},{\"@type\":\"ImageObject\",\"inLanguage\":\"es-AR\",\"@id\":\"https:\/\/tienda.rigelec.com.ar\/?product=colgante-1-luz-acabado-natural-5#primaryimage\",\"url\":\"https:\/\/tienda.rigelec.com.ar\/wp-content\/uploads\/2025\/01\/COLGANTE1LUZACABADONATURAL-2.jpg\",\"contentUrl\":\"https:\/\/tienda.rigelec.com.ar\/wp-content\/uploads\/2025\/01\/COLGANTE1LUZACABADONATURAL-2.jpg\",\"width\":868,\"height\":794},{\"@type\":\"BreadcrumbList\",\"@id\":\"https:\/\/tienda.rigelec.com.ar\/?product=colgante-1-luz-acabado-natural-5#breadcrumb\",\"itemListElement\":[{\"@type\":\"ListItem\",\"position\":1,\"name\":\"Inicio\",\"item\":\"https:\/\/tienda.rigelec.com.ar\/\"},{\"@type\":\"ListItem\",\"position\":2,\"name\":\"Shop\",\"item\":\"https:\/\/tienda.rigelec.com.ar\/?page_id=12\"},{\"@type\":\"ListItem\",\"position\":3,\"name\":\"COLGANTE 1 LUZ ACABADO NATURAL CIRCULAR COMBINADA 35X18CM\"}]},{\"@type\":\"WebSite\",\"@id\":\"https:\/\/tienda.rigelec.com.ar\/#website\",\"url\":\"https:\/\/tienda.rigelec.com.ar\/\",\"name\":\"Tienda Rigelec\",\"description\":\"Energia en movimiento\",\"publisher\":{\"@id\":\"https:\/\/tienda.rigelec.com.ar\/#organization\"},\"potentialAction\":[{\"@type\":\"SearchAction\",\"target\":{\"@type\":\"EntryPoint\",\"urlTemplate\":\"https:\/\/tienda.rigelec.com.ar\/?s={search_term_string}\"},\"query-input\":{\"@type\":\"PropertyValueSpecification\",\"valueRequired\":true,\"valueName\":\"search_term_string\"}}],\"inLanguage\":\"es-AR\"},{\"@type\":\"Organization\",\"@id\":\"https:\/\/tienda.rigelec.com.ar\/#organization\",\"name\":\"Tienda Rigelec\",\"url\":\"https:\/\/tienda.rigelec.com.ar\/\",\"logo\":{\"@type\":\"ImageObject\",\"inLanguage\":\"es-AR\",\"@id\":\"https:\/\/tienda.rigelec.com.ar\/#\/schema\/logo\/image\/\",\"url\":\"https:\/\/tienda.rigelec.com.ar\/wp-content\/uploads\/2024\/09\/isologo-blanco-rigelec.png\",\"contentUrl\":\"https:\/\/tienda.rigelec.com.ar\/wp-content\/uploads\/2024\/09\/isologo-blanco-rigelec.png\",\"width\":94,\"height\":97,\"caption\":\"Tienda Rigelec\"},\"image\":{\"@id\":\"https:\/\/tienda.rigelec.com.ar\/#\/schema\/logo\/image\/\"}}]}<\/script>\n<!-- \/ Yoast SEO plugin. -->","yoast_head_json":{"title":"COLGANTE 1 LUZ ACABADO NATURAL CIRCULAR COMBINADA 35X18CM - Tienda Rigelec","description":"COLGANTE 1 LUZ ACABADO NATURAL CIRCULAR COMBINADA 35X18CM Tienda Rigelec COLGANTE 1 LUZ ACABADO NATURAL CIRCULAR COMBINADA 35X18CM","robots":{"index":"index","follow":"follow","max-snippet":"max-snippet:-1","max-image-preview":"max-image-preview:large","max-video-preview":"max-video-preview:-1"},"canonical":"https:\/\/tienda.rigelec.com.ar\/?product=colgante-1-luz-acabado-natural-5","og_locale":"es_ES","og_type":"article","og_title":"COLGANTE 1 LUZ ACABADO NATURAL CIRCULAR COMBINADA 35X18CM - Tienda Rigelec","og_description":"COLGANTE 1 LUZ ACABADO NATURAL CIRCULAR COMBINADA 35X18CM Tienda Rigelec COLGANTE 1 LUZ ACABADO NATURAL CIRCULAR COMBINADA 35X18CM","og_url":"https:\/\/tienda.rigelec.com.ar\/?product=colgante-1-luz-acabado-natural-5","og_site_name":"Tienda Rigelec","article_modified_time":"2026-05-01T03:23:05+00:00","og_image":[{"width":868,"height":794,"url":"https:\/\/tienda.rigelec.com.ar\/wp-content\/uploads\/2025\/01\/COLGANTE1LUZACABADONATURAL-2.jpg","type":"image\/jpeg"}],"twitter_card":"summary_large_image","twitter_misc":{"Tiempo de lectura":"1 minuto"},"schema":{"@context":"https:\/\/schema.org","@graph":[{"@type":"WebPage","@id":"https:\/\/tienda.rigelec.com.ar\/?product=colgante-1-luz-acabado-natural-5","url":"https:\/\/tienda.rigelec.com.ar\/?product=colgante-1-luz-acabado-natural-5","name":"COLGANTE 1 LUZ ACABADO NATURAL CIRCULAR COMBINADA 35X18CM - Tienda Rigelec","isPartOf":{"@id":"https:\/\/tienda.rigelec.com.ar\/#website"},"primaryImageOfPage":{"@id":"https:\/\/tienda.rigelec.com.ar\/?product=colgante-1-luz-acabado-natural-5#primaryimage"},"image":{"@id":"https:\/\/tienda.rigelec.com.ar\/?product=colgante-1-luz-acabado-natural-5#primaryimage"},"thumbnailUrl":"https:\/\/tienda.rigelec.com.ar\/wp-content\/uploads\/2025\/01\/COLGANTE1LUZACABADONATURAL-2.jpg","datePublished":"2025-01-27T14:59:06+00:00","dateModified":"2026-05-01T03:23:05+00:00","description":"COLGANTE 1 LUZ ACABADO NATURAL CIRCULAR COMBINADA 35X18CM Tienda Rigelec COLGANTE 1 LUZ ACABADO NATURAL CIRCULAR COMBINADA 35X18CM","breadcrumb":{"@id":"https:\/\/tienda.rigelec.com.ar\/?product=colgante-1-luz-acabado-natural-5#breadcrumb"},"inLanguage":"es-AR","potentialAction":[{"@type":"ReadAction","target":["https:\/\/tienda.rigelec.com.ar\/?product=colgante-1-luz-acabado-natural-5"]}]},{"@type":"ImageObject","inLanguage":"es-AR","@id":"https:\/\/tienda.rigelec.com.ar\/?product=colgante-1-luz-acabado-natural-5#primaryimage","url":"https:\/\/tienda.rigelec.com.ar\/wp-content\/uploads\/2025\/01\/COLGANTE1LUZACABADONATURAL-2.jpg","contentUrl":"https:\/\/tienda.rigelec.com.ar\/wp-content\/uploads\/2025\/01\/COLGANTE1LUZACABADONATURAL-2.jpg","width":868,"height":794},{"@type":"BreadcrumbList","@id":"https:\/\/tienda.rigelec.com.ar\/?product=colgante-1-luz-acabado-natural-5#breadcrumb","itemListElement":[{"@type":"ListItem","position":1,"name":"Inicio","item":"https:\/\/tienda.rigelec.com.ar\/"},{"@type":"ListItem","position":2,"name":"Shop","item":"https:\/\/tienda.rigelec.com.ar\/?page_id=12"},{"@type":"ListItem","position":3,"name":"COLGANTE 1 LUZ ACABADO NATURAL CIRCULAR COMBINADA 35X18CM"}]},{"@type":"WebSite","@id":"https:\/\/tienda.rigelec.com.ar\/#website","url":"https:\/\/tienda.rigelec.com.ar\/","name":"Tienda Rigelec","description":"Energia en movimiento","publisher":{"@id":"https:\/\/tienda.rigelec.com.ar\/#organization"},"potentialAction":[{"@type":"SearchAction","target":{"@type":"EntryPoint","urlTemplate":"https:\/\/tienda.rigelec.com.ar\/?s={search_term_string}"},"query-input":{"@type":"PropertyValueSpecification","valueRequired":true,"valueName":"search_term_string"}}],"inLanguage":"es-AR"},{"@type":"Organization","@id":"https:\/\/tienda.rigelec.com.ar\/#organization","name":"Tienda Rigelec","url":"https:\/\/tienda.rigelec.com.ar\/","logo":{"@type":"ImageObject","inLanguage":"es-AR","@id":"https:\/\/tienda.rigelec.com.ar\/#\/schema\/logo\/image\/","url":"https:\/\/tienda.rigelec.com.ar\/wp-content\/uploads\/2024\/09\/isologo-blanco-rigelec.png","contentUrl":"https:\/\/tienda.rigelec.com.ar\/wp-content\/uploads\/2024\/09\/isologo-blanco-rigelec.png","width":94,"height":97,"caption":"Tienda Rigelec"},"image":{"@id":"https:\/\/tienda.rigelec.com.ar\/#\/schema\/logo\/image\/"}}]}},"jetpack_sharing_enabled":true,"_links":{"self":[{"href":"https:\/\/tienda.rigelec.com.ar\/index.php?rest_route=\/wp\/v2\/product\/29173","targetHints":{"allow":["GET"]}}],"collection":[{"href":"https:\/\/tienda.rigelec.com.ar\/index.php?rest_route=\/wp\/v2\/product"}],"about":[{"href":"https:\/\/tienda.rigelec.com.ar\/index.php?rest_route=\/wp\/v2\/types\/product"}],"replies":[{"embeddable":true,"href":"https:\/\/tienda.rigelec.com.ar\/index.php?rest_route=%2Fwp%2Fv2%2Fcomments&post=29173"}],"wp:featuredmedia":[{"embeddable":true,"href":"https:\/\/tienda.rigelec.com.ar\/index.php?rest_route=\/wp\/v2\/media\/29174"}],"wp:attachment":[{"href":"https:\/\/tienda.rigelec.com.ar\/index.php?rest_route=%2Fwp%2Fv2%2Fmedia&parent=29173"}],"wp:term":[{"taxonomy":"product_brand","embeddable":true,"href":"https:\/\/tienda.rigelec.com.ar\/index.php?rest_route=%2Fwp%2Fv2%2Fproduct_brand&post=29173"},{"taxonomy":"product_cat","embeddable":true,"href":"https:\/\/tienda.rigelec.com.ar\/index.php?rest_route=%2Fwp%2Fv2%2Fproduct_cat&post=29173"},{"taxonomy":"product_tag","embeddable":true,"href":"https:\/\/tienda.rigelec.com.ar\/index.php?rest_route=%2Fwp%2Fv2%2Fproduct_tag&post=29173"}],"curies":[{"name":"wp","href":"https:\/\/api.w.org\/{rel}","templated":true}]}}