{"id":29181,"date":"2025-01-27T11:59:10","date_gmt":"2025-01-27T14:59:10","guid":{"rendered":"https:\/\/tienda.rigelec.com.ar\/?product=colgante-1-luz-acabado-natural-kali-40x55cm"},"modified":"2026-05-01T00:24:09","modified_gmt":"2026-05-01T03:24:09","slug":"colgante-1-luz-acabado-natural","status":"publish","type":"product","link":"https:\/\/tienda.rigelec.com.ar\/?product=colgante-1-luz-acabado-natural","title":{"rendered":"COLGANTE 1 LUZ ACABADO NATURAL KALI 40X55CM"},"content":{"rendered":"<p>COLGANTE 1 LUZ ACABADO NATURAL<\/p>\n<p data-start=\"137\" data-end=\"212\"><strong data-start=\"137\" data-end=\"212\">L\u00e1mpara colgante KALI 1 luz \u2013 Cart\u00f3n reciclado acabado natural 40\u00d755 cm<\/strong><\/p>\n<p data-start=\"214\" data-end=\"486\">Agreg\u00e1 un toque c\u00e1lido, sustentable y de dise\u00f1o artesanal a tus ambientes con la l\u00e1mpara colgante KALI. Su forma org\u00e1nica y su estructura hecha con cart\u00f3n corrugado reciclado la convierten en una opci\u00f3n ideal para quienes buscan decoraci\u00f3n consciente sin resignar estilo.<\/p>\n<p data-start=\"488\" data-end=\"668\">Esta luminaria est\u00e1 tratada con material ign\u00edfugo para mayor seguridad y cuenta con una terminaci\u00f3n natural con barniz que realza la textura del cart\u00f3n y lo protege de la humedad.<\/p>\n<p data-start=\"670\" data-end=\"777\">Incluye flor\u00f3n met\u00e1lico, bobacha de sujeci\u00f3n y 1 metro de cable textil negro para facilitar su instalaci\u00f3n.<\/p>\n<p data-start=\"779\" data-end=\"811\"><strong data-start=\"779\" data-end=\"811\">Caracter\u00edsticas principales:<\/strong><\/p>\n<ul data-start=\"812\" data-end=\"1064\">\n<li data-start=\"812\" data-end=\"840\">\n<p data-start=\"814\" data-end=\"840\">Di\u00e1metro inferior: 40 cm<\/p>\n<\/li>\n<li data-start=\"841\" data-end=\"864\">\n<p data-start=\"843\" data-end=\"864\">Altura total: 55 cm<\/p>\n<\/li>\n<li data-start=\"865\" data-end=\"905\">\n<p data-start=\"867\" data-end=\"905\">Material: Cart\u00f3n corrugado reciclado<\/p>\n<\/li>\n<li data-start=\"906\" data-end=\"960\">\n<p data-start=\"908\" data-end=\"960\">Terminaci\u00f3n: Barniz natural y tratamiento ign\u00edfugo<\/p>\n<\/li>\n<li data-start=\"961\" data-end=\"1021\">\n<p data-start=\"963\" data-end=\"1021\">Incluye: Flor\u00f3n, bobacha y 1 metro de cable textil negro<\/p>\n<\/li>\n<li data-start=\"1022\" data-end=\"1064\">\n<p data-start=\"1024\" data-end=\"1064\">Tipo de luz: 1 luz (l\u00e1mpara no incluida)<\/p>\n<\/li>\n<\/ul>\n<p data-start=\"1066\" data-end=\"1183\">Ideal para comedores, livings, pasillos o locales que buscan una iluminaci\u00f3n con personalidad y compromiso ambiental.<\/p>\n","protected":false},"excerpt":{"rendered":"<p>Lampara colgante KALI di\u00e1metro inferior 40cm, altura 55cm realizada con cart\u00f3n corrugado reciclado.<br \/>\nCuentan con tratamiento ign\u00edfugo por protecci\u00f3n y terminaci\u00f3n natural con barniz.<br \/>\nIncluye floron, bobacha y un metro de cable textil negro<\/p>\n","protected":false},"featured_media":29182,"comment_status":"open","ping_status":"closed","template":"","meta":{"_monsterinsights_skip_tracking":false,"_monsterinsights_sitenote_active":false,"_monsterinsights_sitenote_note":"","_monsterinsights_sitenote_category":0},"product_brand":[],"product_cat":[181],"product_tag":[451],"class_list":{"0":"post-29181","1":"product","2":"type-product","3":"status-publish","4":"has-post-thumbnail","6":"product_cat-a-colgantes","7":"product_tag-decart","9":"first","10":"instock","11":"shipping-taxable","12":"purchasable","13":"product-type-simple"},"yoast_head":"<!-- This site is optimized with the Yoast SEO plugin v25.3.1 - https:\/\/yoast.com\/wordpress\/plugins\/seo\/ -->\n<title>COLGANTE 1 LUZ ACABADO NATURAL KALI 40X55CM - Tienda Rigelec<\/title>\n<meta name=\"description\" content=\"COLGANTE 1 LUZ ACABADO NATURAL KALI 40X55CM Tienda Rigelec COLGANTE 1 LUZ ACABADO NATURAL KALI 40X55CM Tienda Rigelec COLGANTE 1 LUZ ACABADO NATURAL\" \/>\n<meta name=\"robots\" content=\"index, follow, max-snippet:-1, max-image-preview:large, max-video-preview:-1\" \/>\n<link rel=\"canonical\" href=\"https:\/\/tienda.rigelec.com.ar\/?product=colgante-1-luz-acabado-natural\" \/>\n<meta property=\"og:locale\" content=\"es_ES\" \/>\n<meta property=\"og:type\" content=\"article\" \/>\n<meta property=\"og:title\" content=\"COLGANTE 1 LUZ ACABADO NATURAL KALI 40X55CM - Tienda Rigelec\" \/>\n<meta property=\"og:description\" content=\"COLGANTE 1 LUZ ACABADO NATURAL KALI 40X55CM Tienda Rigelec COLGANTE 1 LUZ ACABADO NATURAL KALI 40X55CM Tienda Rigelec COLGANTE 1 LUZ ACABADO NATURAL\" \/>\n<meta property=\"og:url\" content=\"https:\/\/tienda.rigelec.com.ar\/?product=colgante-1-luz-acabado-natural\" \/>\n<meta property=\"og:site_name\" content=\"Tienda Rigelec\" \/>\n<meta property=\"article:modified_time\" content=\"2026-05-01T03:24:09+00:00\" \/>\n<meta property=\"og:image\" content=\"https:\/\/tienda.rigelec.com.ar\/wp-content\/uploads\/2025\/01\/COLGANTE1LUZACABADONATURAL-6.jpg\" \/>\n\t<meta property=\"og:image:width\" content=\"980\" \/>\n\t<meta property=\"og:image:height\" content=\"921\" \/>\n\t<meta property=\"og:image:type\" content=\"image\/jpeg\" \/>\n<meta name=\"twitter:card\" content=\"summary_large_image\" \/>\n<meta name=\"twitter:label1\" content=\"Tiempo de lectura\" \/>\n\t<meta name=\"twitter:data1\" content=\"1 minuto\" \/>\n<script type=\"application\/ld+json\" class=\"yoast-schema-graph\">{\"@context\":\"https:\/\/schema.org\",\"@graph\":[{\"@type\":\"WebPage\",\"@id\":\"https:\/\/tienda.rigelec.com.ar\/?product=colgante-1-luz-acabado-natural\",\"url\":\"https:\/\/tienda.rigelec.com.ar\/?product=colgante-1-luz-acabado-natural\",\"name\":\"COLGANTE 1 LUZ ACABADO NATURAL KALI 40X55CM - Tienda Rigelec\",\"isPartOf\":{\"@id\":\"https:\/\/tienda.rigelec.com.ar\/#website\"},\"primaryImageOfPage\":{\"@id\":\"https:\/\/tienda.rigelec.com.ar\/?product=colgante-1-luz-acabado-natural#primaryimage\"},\"image\":{\"@id\":\"https:\/\/tienda.rigelec.com.ar\/?product=colgante-1-luz-acabado-natural#primaryimage\"},\"thumbnailUrl\":\"https:\/\/tienda.rigelec.com.ar\/wp-content\/uploads\/2025\/01\/COLGANTE1LUZACABADONATURAL-6.jpg\",\"datePublished\":\"2025-01-27T14:59:10+00:00\",\"dateModified\":\"2026-05-01T03:24:09+00:00\",\"description\":\"COLGANTE 1 LUZ ACABADO NATURAL KALI 40X55CM Tienda Rigelec COLGANTE 1 LUZ ACABADO NATURAL KALI 40X55CM Tienda Rigelec COLGANTE 1 LUZ ACABADO NATURAL\",\"breadcrumb\":{\"@id\":\"https:\/\/tienda.rigelec.com.ar\/?product=colgante-1-luz-acabado-natural#breadcrumb\"},\"inLanguage\":\"es-AR\",\"potentialAction\":[{\"@type\":\"ReadAction\",\"target\":[\"https:\/\/tienda.rigelec.com.ar\/?product=colgante-1-luz-acabado-natural\"]}]},{\"@type\":\"ImageObject\",\"inLanguage\":\"es-AR\",\"@id\":\"https:\/\/tienda.rigelec.com.ar\/?product=colgante-1-luz-acabado-natural#primaryimage\",\"url\":\"https:\/\/tienda.rigelec.com.ar\/wp-content\/uploads\/2025\/01\/COLGANTE1LUZACABADONATURAL-6.jpg\",\"contentUrl\":\"https:\/\/tienda.rigelec.com.ar\/wp-content\/uploads\/2025\/01\/COLGANTE1LUZACABADONATURAL-6.jpg\",\"width\":980,\"height\":921},{\"@type\":\"BreadcrumbList\",\"@id\":\"https:\/\/tienda.rigelec.com.ar\/?product=colgante-1-luz-acabado-natural#breadcrumb\",\"itemListElement\":[{\"@type\":\"ListItem\",\"position\":1,\"name\":\"Inicio\",\"item\":\"https:\/\/tienda.rigelec.com.ar\/\"},{\"@type\":\"ListItem\",\"position\":2,\"name\":\"Shop\",\"item\":\"https:\/\/tienda.rigelec.com.ar\/?page_id=12\"},{\"@type\":\"ListItem\",\"position\":3,\"name\":\"COLGANTE 1 LUZ ACABADO NATURAL KALI 40X55CM\"}]},{\"@type\":\"WebSite\",\"@id\":\"https:\/\/tienda.rigelec.com.ar\/#website\",\"url\":\"https:\/\/tienda.rigelec.com.ar\/\",\"name\":\"Tienda Rigelec\",\"description\":\"Energia en movimiento\",\"publisher\":{\"@id\":\"https:\/\/tienda.rigelec.com.ar\/#organization\"},\"potentialAction\":[{\"@type\":\"SearchAction\",\"target\":{\"@type\":\"EntryPoint\",\"urlTemplate\":\"https:\/\/tienda.rigelec.com.ar\/?s={search_term_string}\"},\"query-input\":{\"@type\":\"PropertyValueSpecification\",\"valueRequired\":true,\"valueName\":\"search_term_string\"}}],\"inLanguage\":\"es-AR\"},{\"@type\":\"Organization\",\"@id\":\"https:\/\/tienda.rigelec.com.ar\/#organization\",\"name\":\"Tienda Rigelec\",\"url\":\"https:\/\/tienda.rigelec.com.ar\/\",\"logo\":{\"@type\":\"ImageObject\",\"inLanguage\":\"es-AR\",\"@id\":\"https:\/\/tienda.rigelec.com.ar\/#\/schema\/logo\/image\/\",\"url\":\"https:\/\/tienda.rigelec.com.ar\/wp-content\/uploads\/2024\/09\/isologo-blanco-rigelec.png\",\"contentUrl\":\"https:\/\/tienda.rigelec.com.ar\/wp-content\/uploads\/2024\/09\/isologo-blanco-rigelec.png\",\"width\":94,\"height\":97,\"caption\":\"Tienda Rigelec\"},\"image\":{\"@id\":\"https:\/\/tienda.rigelec.com.ar\/#\/schema\/logo\/image\/\"}}]}<\/script>\n<!-- \/ Yoast SEO plugin. -->","yoast_head_json":{"title":"COLGANTE 1 LUZ ACABADO NATURAL KALI 40X55CM - Tienda Rigelec","description":"COLGANTE 1 LUZ ACABADO NATURAL KALI 40X55CM Tienda Rigelec COLGANTE 1 LUZ ACABADO NATURAL KALI 40X55CM Tienda Rigelec COLGANTE 1 LUZ ACABADO NATURAL","robots":{"index":"index","follow":"follow","max-snippet":"max-snippet:-1","max-image-preview":"max-image-preview:large","max-video-preview":"max-video-preview:-1"},"canonical":"https:\/\/tienda.rigelec.com.ar\/?product=colgante-1-luz-acabado-natural","og_locale":"es_ES","og_type":"article","og_title":"COLGANTE 1 LUZ ACABADO NATURAL KALI 40X55CM - Tienda Rigelec","og_description":"COLGANTE 1 LUZ ACABADO NATURAL KALI 40X55CM Tienda Rigelec COLGANTE 1 LUZ ACABADO NATURAL KALI 40X55CM Tienda Rigelec COLGANTE 1 LUZ ACABADO NATURAL","og_url":"https:\/\/tienda.rigelec.com.ar\/?product=colgante-1-luz-acabado-natural","og_site_name":"Tienda Rigelec","article_modified_time":"2026-05-01T03:24:09+00:00","og_image":[{"width":980,"height":921,"url":"https:\/\/tienda.rigelec.com.ar\/wp-content\/uploads\/2025\/01\/COLGANTE1LUZACABADONATURAL-6.jpg","type":"image\/jpeg"}],"twitter_card":"summary_large_image","twitter_misc":{"Tiempo de lectura":"1 minuto"},"schema":{"@context":"https:\/\/schema.org","@graph":[{"@type":"WebPage","@id":"https:\/\/tienda.rigelec.com.ar\/?product=colgante-1-luz-acabado-natural","url":"https:\/\/tienda.rigelec.com.ar\/?product=colgante-1-luz-acabado-natural","name":"COLGANTE 1 LUZ ACABADO NATURAL KALI 40X55CM - Tienda Rigelec","isPartOf":{"@id":"https:\/\/tienda.rigelec.com.ar\/#website"},"primaryImageOfPage":{"@id":"https:\/\/tienda.rigelec.com.ar\/?product=colgante-1-luz-acabado-natural#primaryimage"},"image":{"@id":"https:\/\/tienda.rigelec.com.ar\/?product=colgante-1-luz-acabado-natural#primaryimage"},"thumbnailUrl":"https:\/\/tienda.rigelec.com.ar\/wp-content\/uploads\/2025\/01\/COLGANTE1LUZACABADONATURAL-6.jpg","datePublished":"2025-01-27T14:59:10+00:00","dateModified":"2026-05-01T03:24:09+00:00","description":"COLGANTE 1 LUZ ACABADO NATURAL KALI 40X55CM Tienda Rigelec COLGANTE 1 LUZ ACABADO NATURAL KALI 40X55CM Tienda Rigelec COLGANTE 1 LUZ ACABADO NATURAL","breadcrumb":{"@id":"https:\/\/tienda.rigelec.com.ar\/?product=colgante-1-luz-acabado-natural#breadcrumb"},"inLanguage":"es-AR","potentialAction":[{"@type":"ReadAction","target":["https:\/\/tienda.rigelec.com.ar\/?product=colgante-1-luz-acabado-natural"]}]},{"@type":"ImageObject","inLanguage":"es-AR","@id":"https:\/\/tienda.rigelec.com.ar\/?product=colgante-1-luz-acabado-natural#primaryimage","url":"https:\/\/tienda.rigelec.com.ar\/wp-content\/uploads\/2025\/01\/COLGANTE1LUZACABADONATURAL-6.jpg","contentUrl":"https:\/\/tienda.rigelec.com.ar\/wp-content\/uploads\/2025\/01\/COLGANTE1LUZACABADONATURAL-6.jpg","width":980,"height":921},{"@type":"BreadcrumbList","@id":"https:\/\/tienda.rigelec.com.ar\/?product=colgante-1-luz-acabado-natural#breadcrumb","itemListElement":[{"@type":"ListItem","position":1,"name":"Inicio","item":"https:\/\/tienda.rigelec.com.ar\/"},{"@type":"ListItem","position":2,"name":"Shop","item":"https:\/\/tienda.rigelec.com.ar\/?page_id=12"},{"@type":"ListItem","position":3,"name":"COLGANTE 1 LUZ ACABADO NATURAL KALI 40X55CM"}]},{"@type":"WebSite","@id":"https:\/\/tienda.rigelec.com.ar\/#website","url":"https:\/\/tienda.rigelec.com.ar\/","name":"Tienda Rigelec","description":"Energia en movimiento","publisher":{"@id":"https:\/\/tienda.rigelec.com.ar\/#organization"},"potentialAction":[{"@type":"SearchAction","target":{"@type":"EntryPoint","urlTemplate":"https:\/\/tienda.rigelec.com.ar\/?s={search_term_string}"},"query-input":{"@type":"PropertyValueSpecification","valueRequired":true,"valueName":"search_term_string"}}],"inLanguage":"es-AR"},{"@type":"Organization","@id":"https:\/\/tienda.rigelec.com.ar\/#organization","name":"Tienda Rigelec","url":"https:\/\/tienda.rigelec.com.ar\/","logo":{"@type":"ImageObject","inLanguage":"es-AR","@id":"https:\/\/tienda.rigelec.com.ar\/#\/schema\/logo\/image\/","url":"https:\/\/tienda.rigelec.com.ar\/wp-content\/uploads\/2024\/09\/isologo-blanco-rigelec.png","contentUrl":"https:\/\/tienda.rigelec.com.ar\/wp-content\/uploads\/2024\/09\/isologo-blanco-rigelec.png","width":94,"height":97,"caption":"Tienda Rigelec"},"image":{"@id":"https:\/\/tienda.rigelec.com.ar\/#\/schema\/logo\/image\/"}}]}},"jetpack_sharing_enabled":true,"_links":{"self":[{"href":"https:\/\/tienda.rigelec.com.ar\/index.php?rest_route=\/wp\/v2\/product\/29181","targetHints":{"allow":["GET"]}}],"collection":[{"href":"https:\/\/tienda.rigelec.com.ar\/index.php?rest_route=\/wp\/v2\/product"}],"about":[{"href":"https:\/\/tienda.rigelec.com.ar\/index.php?rest_route=\/wp\/v2\/types\/product"}],"replies":[{"embeddable":true,"href":"https:\/\/tienda.rigelec.com.ar\/index.php?rest_route=%2Fwp%2Fv2%2Fcomments&post=29181"}],"wp:featuredmedia":[{"embeddable":true,"href":"https:\/\/tienda.rigelec.com.ar\/index.php?rest_route=\/wp\/v2\/media\/29182"}],"wp:attachment":[{"href":"https:\/\/tienda.rigelec.com.ar\/index.php?rest_route=%2Fwp%2Fv2%2Fmedia&parent=29181"}],"wp:term":[{"taxonomy":"product_brand","embeddable":true,"href":"https:\/\/tienda.rigelec.com.ar\/index.php?rest_route=%2Fwp%2Fv2%2Fproduct_brand&post=29181"},{"taxonomy":"product_cat","embeddable":true,"href":"https:\/\/tienda.rigelec.com.ar\/index.php?rest_route=%2Fwp%2Fv2%2Fproduct_cat&post=29181"},{"taxonomy":"product_tag","embeddable":true,"href":"https:\/\/tienda.rigelec.com.ar\/index.php?rest_route=%2Fwp%2Fv2%2Fproduct_tag&post=29181"}],"curies":[{"name":"wp","href":"https:\/\/api.w.org\/{rel}","templated":true}]}}