{"id":29183,"date":"2025-01-27T12:01:23","date_gmt":"2025-01-27T15:01:23","guid":{"rendered":"https:\/\/tienda.rigelec.com.ar\/?product=lampara-de-pie-1-luz-con-pantalla-carton-tripode-h1-60m-50x23cm"},"modified":"2026-02-05T13:44:30","modified_gmt":"2026-02-05T16:44:30","slug":"lampara-de-pie-1-luz-con-pantalla-carton","status":"publish","type":"product","link":"https:\/\/tienda.rigelec.com.ar\/?product=lampara-de-pie-1-luz-con-pantalla-carton","title":{"rendered":"LAMPARA DE PIE 1 LUZ CON PANTALLA CARTON TRIPODE H:1.60M &#8211; 50X23CM"},"content":{"rendered":"<p>LAMPARA DE PIE 1 LUZ CON PANTALLA CARTON<\/p>\n<p data-start=\"244\" data-end=\"322\"><strong data-start=\"244\" data-end=\"322\">L\u00e1mpara de pie de madera con pantalla de cart\u00f3n reciclado \u2013 Tr\u00edpode 1,60 m<\/strong><\/p>\n<p data-start=\"324\" data-end=\"723\">Dale calidez y estilo a tu hogar con esta l\u00e1mpara de pie de dise\u00f1o artesanal. Su estructura tipo tr\u00edpode fabricada en madera de caroba brinda estabilidad y un acabado natural, mientras que la pantalla, hecha en cart\u00f3n corrugado reciclado, aporta un toque sustentable y moderno. Cada pieza cuenta con un tratamiento ign\u00edfugo para mayor seguridad y una terminaci\u00f3n barnizada que protege de la humedad.<\/p>\n<p data-start=\"725\" data-end=\"857\">Ideal para iluminar livings, dormitorios o espacios de lectura, esta l\u00e1mpara combina est\u00e9tica, funcionalidad y conciencia ambiental.<\/p>\n<p data-start=\"859\" data-end=\"891\"><strong data-start=\"859\" data-end=\"891\">Caracter\u00edsticas principales:<\/strong><\/p>\n<ul data-start=\"892\" data-end=\"1179\">\n<li data-start=\"892\" data-end=\"916\">\n<p data-start=\"894\" data-end=\"916\">Altura total: 1,60 m<\/p>\n<\/li>\n<li data-start=\"917\" data-end=\"948\">\n<p data-start=\"919\" data-end=\"948\">Di\u00e1metro de pantalla: 50 cm<\/p>\n<\/li>\n<li data-start=\"949\" data-end=\"976\">\n<p data-start=\"951\" data-end=\"976\">Alto de pantalla: 23 cm<\/p>\n<\/li>\n<li data-start=\"977\" data-end=\"1015\">\n<p data-start=\"979\" data-end=\"1015\">Material del pie: Madera de caroba<\/p>\n<\/li>\n<li data-start=\"1016\" data-end=\"1081\">\n<p data-start=\"1018\" data-end=\"1081\">Pantalla: Cart\u00f3n corrugado reciclado con tratamiento ign\u00edfugo<\/p>\n<\/li>\n<li data-start=\"1082\" data-end=\"1137\">\n<p data-start=\"1084\" data-end=\"1137\">Acabado: Barniz natural protector contra la humedad<\/p>\n<\/li>\n<li data-start=\"1138\" data-end=\"1179\">\n<p data-start=\"1140\" data-end=\"1179\">Tipo de luz: 1 luz (no incluye l\u00e1mpara)<\/p>\n<\/li>\n<\/ul>\n<p data-start=\"1181\" data-end=\"1250\">Sum\u00e1 dise\u00f1o sustentable a tus espacios con esta l\u00e1mpara de pie \u00fanica.<\/p>\n","protected":false},"excerpt":{"rendered":"<p>Dimensiones alto total 1.60m<br \/>\nDiametro de pantalla 50cm<br \/>\nAlto pantalla 23cm<br \/>\nMadera del pie: Caroba<br \/>\nPantalla en carton corrugado reciclado, cuenta con tratamiento ign\u00edfugo para protegerla del calor y una terminaci\u00f3n natural con barniz que la protege de la humedad.<\/p>\n","protected":false},"featured_media":29184,"comment_status":"open","ping_status":"closed","template":"","meta":{"_monsterinsights_skip_tracking":false,"_monsterinsights_sitenote_active":false,"_monsterinsights_sitenote_note":"","_monsterinsights_sitenote_category":0},"product_brand":[],"product_cat":[184],"product_tag":[451],"class_list":{"0":"post-29183","1":"product","2":"type-product","3":"status-publish","4":"has-post-thumbnail","6":"product_cat-f-lamparas","7":"product_tag-decart","9":"first","10":"outofstock","11":"shipping-taxable","12":"purchasable","13":"product-type-simple"},"yoast_head":"<!-- This site is optimized with the Yoast SEO plugin v25.3.1 - https:\/\/yoast.com\/wordpress\/plugins\/seo\/ -->\n<title>LAMPARA DE PIE 1 LUZ CON PANTALLA CARTON TRIPODE H:1.60M - 50X23CM - Tienda Rigelec<\/title>\n<meta name=\"description\" content=\"LAMPARA DE PIE 1 LUZ CON PANTALLA CARTON TRIPODE H:1.60M - 50X23CM Tienda Rigelec LAMPARA DE PIE 1 LUZ CON PANTALLA CARTON TRIPODE H:1.60M - 50X23CM\" \/>\n<meta name=\"robots\" content=\"index, follow, max-snippet:-1, max-image-preview:large, max-video-preview:-1\" \/>\n<link rel=\"canonical\" href=\"https:\/\/tienda.rigelec.com.ar\/?product=lampara-de-pie-1-luz-con-pantalla-carton\" \/>\n<meta property=\"og:locale\" content=\"es_ES\" \/>\n<meta property=\"og:type\" content=\"article\" \/>\n<meta property=\"og:title\" content=\"LAMPARA DE PIE 1 LUZ CON PANTALLA CARTON TRIPODE H:1.60M - 50X23CM - Tienda Rigelec\" \/>\n<meta property=\"og:description\" content=\"LAMPARA DE PIE 1 LUZ CON PANTALLA CARTON TRIPODE H:1.60M - 50X23CM Tienda Rigelec LAMPARA DE PIE 1 LUZ CON PANTALLA CARTON TRIPODE H:1.60M - 50X23CM\" \/>\n<meta property=\"og:url\" content=\"https:\/\/tienda.rigelec.com.ar\/?product=lampara-de-pie-1-luz-con-pantalla-carton\" \/>\n<meta property=\"og:site_name\" content=\"Tienda Rigelec\" \/>\n<meta property=\"article:modified_time\" content=\"2026-02-05T16:44:30+00:00\" \/>\n<meta property=\"og:image\" content=\"https:\/\/tienda.rigelec.com.ar\/wp-content\/uploads\/2025\/01\/LAMPARADEPIE1LUZCONPANTALLACARTON.jpg\" \/>\n\t<meta property=\"og:image:width\" content=\"968\" \/>\n\t<meta property=\"og:image:height\" content=\"959\" \/>\n\t<meta property=\"og:image:type\" content=\"image\/jpeg\" \/>\n<meta name=\"twitter:card\" content=\"summary_large_image\" \/>\n<meta name=\"twitter:label1\" content=\"Tiempo de lectura\" \/>\n\t<meta name=\"twitter:data1\" content=\"1 minuto\" \/>\n<script type=\"application\/ld+json\" class=\"yoast-schema-graph\">{\"@context\":\"https:\/\/schema.org\",\"@graph\":[{\"@type\":\"WebPage\",\"@id\":\"https:\/\/tienda.rigelec.com.ar\/?product=lampara-de-pie-1-luz-con-pantalla-carton\",\"url\":\"https:\/\/tienda.rigelec.com.ar\/?product=lampara-de-pie-1-luz-con-pantalla-carton\",\"name\":\"LAMPARA DE PIE 1 LUZ CON PANTALLA CARTON TRIPODE H:1.60M - 50X23CM - Tienda Rigelec\",\"isPartOf\":{\"@id\":\"https:\/\/tienda.rigelec.com.ar\/#website\"},\"primaryImageOfPage\":{\"@id\":\"https:\/\/tienda.rigelec.com.ar\/?product=lampara-de-pie-1-luz-con-pantalla-carton#primaryimage\"},\"image\":{\"@id\":\"https:\/\/tienda.rigelec.com.ar\/?product=lampara-de-pie-1-luz-con-pantalla-carton#primaryimage\"},\"thumbnailUrl\":\"https:\/\/tienda.rigelec.com.ar\/wp-content\/uploads\/2025\/01\/LAMPARADEPIE1LUZCONPANTALLACARTON.jpg\",\"datePublished\":\"2025-01-27T15:01:23+00:00\",\"dateModified\":\"2026-02-05T16:44:30+00:00\",\"description\":\"LAMPARA DE PIE 1 LUZ CON PANTALLA CARTON TRIPODE H:1.60M - 50X23CM Tienda Rigelec LAMPARA DE PIE 1 LUZ CON PANTALLA CARTON TRIPODE H:1.60M - 50X23CM\",\"breadcrumb\":{\"@id\":\"https:\/\/tienda.rigelec.com.ar\/?product=lampara-de-pie-1-luz-con-pantalla-carton#breadcrumb\"},\"inLanguage\":\"es-AR\",\"potentialAction\":[{\"@type\":\"ReadAction\",\"target\":[\"https:\/\/tienda.rigelec.com.ar\/?product=lampara-de-pie-1-luz-con-pantalla-carton\"]}]},{\"@type\":\"ImageObject\",\"inLanguage\":\"es-AR\",\"@id\":\"https:\/\/tienda.rigelec.com.ar\/?product=lampara-de-pie-1-luz-con-pantalla-carton#primaryimage\",\"url\":\"https:\/\/tienda.rigelec.com.ar\/wp-content\/uploads\/2025\/01\/LAMPARADEPIE1LUZCONPANTALLACARTON.jpg\",\"contentUrl\":\"https:\/\/tienda.rigelec.com.ar\/wp-content\/uploads\/2025\/01\/LAMPARADEPIE1LUZCONPANTALLACARTON.jpg\",\"width\":968,\"height\":959},{\"@type\":\"BreadcrumbList\",\"@id\":\"https:\/\/tienda.rigelec.com.ar\/?product=lampara-de-pie-1-luz-con-pantalla-carton#breadcrumb\",\"itemListElement\":[{\"@type\":\"ListItem\",\"position\":1,\"name\":\"Inicio\",\"item\":\"https:\/\/tienda.rigelec.com.ar\/\"},{\"@type\":\"ListItem\",\"position\":2,\"name\":\"Shop\",\"item\":\"https:\/\/tienda.rigelec.com.ar\/?page_id=12\"},{\"@type\":\"ListItem\",\"position\":3,\"name\":\"LAMPARA DE PIE 1 LUZ CON PANTALLA CARTON TRIPODE H:1.60M &#8211; 50X23CM\"}]},{\"@type\":\"WebSite\",\"@id\":\"https:\/\/tienda.rigelec.com.ar\/#website\",\"url\":\"https:\/\/tienda.rigelec.com.ar\/\",\"name\":\"Tienda Rigelec\",\"description\":\"Energia en movimiento\",\"publisher\":{\"@id\":\"https:\/\/tienda.rigelec.com.ar\/#organization\"},\"potentialAction\":[{\"@type\":\"SearchAction\",\"target\":{\"@type\":\"EntryPoint\",\"urlTemplate\":\"https:\/\/tienda.rigelec.com.ar\/?s={search_term_string}\"},\"query-input\":{\"@type\":\"PropertyValueSpecification\",\"valueRequired\":true,\"valueName\":\"search_term_string\"}}],\"inLanguage\":\"es-AR\"},{\"@type\":\"Organization\",\"@id\":\"https:\/\/tienda.rigelec.com.ar\/#organization\",\"name\":\"Tienda Rigelec\",\"url\":\"https:\/\/tienda.rigelec.com.ar\/\",\"logo\":{\"@type\":\"ImageObject\",\"inLanguage\":\"es-AR\",\"@id\":\"https:\/\/tienda.rigelec.com.ar\/#\/schema\/logo\/image\/\",\"url\":\"https:\/\/tienda.rigelec.com.ar\/wp-content\/uploads\/2024\/09\/isologo-blanco-rigelec.png\",\"contentUrl\":\"https:\/\/tienda.rigelec.com.ar\/wp-content\/uploads\/2024\/09\/isologo-blanco-rigelec.png\",\"width\":94,\"height\":97,\"caption\":\"Tienda Rigelec\"},\"image\":{\"@id\":\"https:\/\/tienda.rigelec.com.ar\/#\/schema\/logo\/image\/\"}}]}<\/script>\n<!-- \/ Yoast SEO plugin. -->","yoast_head_json":{"title":"LAMPARA DE PIE 1 LUZ CON PANTALLA CARTON TRIPODE H:1.60M - 50X23CM - Tienda Rigelec","description":"LAMPARA DE PIE 1 LUZ CON PANTALLA CARTON TRIPODE H:1.60M - 50X23CM Tienda Rigelec LAMPARA DE PIE 1 LUZ CON PANTALLA CARTON TRIPODE H:1.60M - 50X23CM","robots":{"index":"index","follow":"follow","max-snippet":"max-snippet:-1","max-image-preview":"max-image-preview:large","max-video-preview":"max-video-preview:-1"},"canonical":"https:\/\/tienda.rigelec.com.ar\/?product=lampara-de-pie-1-luz-con-pantalla-carton","og_locale":"es_ES","og_type":"article","og_title":"LAMPARA DE PIE 1 LUZ CON PANTALLA CARTON TRIPODE H:1.60M - 50X23CM - Tienda Rigelec","og_description":"LAMPARA DE PIE 1 LUZ CON PANTALLA CARTON TRIPODE H:1.60M - 50X23CM Tienda Rigelec LAMPARA DE PIE 1 LUZ CON PANTALLA CARTON TRIPODE H:1.60M - 50X23CM","og_url":"https:\/\/tienda.rigelec.com.ar\/?product=lampara-de-pie-1-luz-con-pantalla-carton","og_site_name":"Tienda Rigelec","article_modified_time":"2026-02-05T16:44:30+00:00","og_image":[{"width":968,"height":959,"url":"https:\/\/tienda.rigelec.com.ar\/wp-content\/uploads\/2025\/01\/LAMPARADEPIE1LUZCONPANTALLACARTON.jpg","type":"image\/jpeg"}],"twitter_card":"summary_large_image","twitter_misc":{"Tiempo de lectura":"1 minuto"},"schema":{"@context":"https:\/\/schema.org","@graph":[{"@type":"WebPage","@id":"https:\/\/tienda.rigelec.com.ar\/?product=lampara-de-pie-1-luz-con-pantalla-carton","url":"https:\/\/tienda.rigelec.com.ar\/?product=lampara-de-pie-1-luz-con-pantalla-carton","name":"LAMPARA DE PIE 1 LUZ CON PANTALLA CARTON TRIPODE H:1.60M - 50X23CM - Tienda Rigelec","isPartOf":{"@id":"https:\/\/tienda.rigelec.com.ar\/#website"},"primaryImageOfPage":{"@id":"https:\/\/tienda.rigelec.com.ar\/?product=lampara-de-pie-1-luz-con-pantalla-carton#primaryimage"},"image":{"@id":"https:\/\/tienda.rigelec.com.ar\/?product=lampara-de-pie-1-luz-con-pantalla-carton#primaryimage"},"thumbnailUrl":"https:\/\/tienda.rigelec.com.ar\/wp-content\/uploads\/2025\/01\/LAMPARADEPIE1LUZCONPANTALLACARTON.jpg","datePublished":"2025-01-27T15:01:23+00:00","dateModified":"2026-02-05T16:44:30+00:00","description":"LAMPARA DE PIE 1 LUZ CON PANTALLA CARTON TRIPODE H:1.60M - 50X23CM Tienda Rigelec LAMPARA DE PIE 1 LUZ CON PANTALLA CARTON TRIPODE H:1.60M - 50X23CM","breadcrumb":{"@id":"https:\/\/tienda.rigelec.com.ar\/?product=lampara-de-pie-1-luz-con-pantalla-carton#breadcrumb"},"inLanguage":"es-AR","potentialAction":[{"@type":"ReadAction","target":["https:\/\/tienda.rigelec.com.ar\/?product=lampara-de-pie-1-luz-con-pantalla-carton"]}]},{"@type":"ImageObject","inLanguage":"es-AR","@id":"https:\/\/tienda.rigelec.com.ar\/?product=lampara-de-pie-1-luz-con-pantalla-carton#primaryimage","url":"https:\/\/tienda.rigelec.com.ar\/wp-content\/uploads\/2025\/01\/LAMPARADEPIE1LUZCONPANTALLACARTON.jpg","contentUrl":"https:\/\/tienda.rigelec.com.ar\/wp-content\/uploads\/2025\/01\/LAMPARADEPIE1LUZCONPANTALLACARTON.jpg","width":968,"height":959},{"@type":"BreadcrumbList","@id":"https:\/\/tienda.rigelec.com.ar\/?product=lampara-de-pie-1-luz-con-pantalla-carton#breadcrumb","itemListElement":[{"@type":"ListItem","position":1,"name":"Inicio","item":"https:\/\/tienda.rigelec.com.ar\/"},{"@type":"ListItem","position":2,"name":"Shop","item":"https:\/\/tienda.rigelec.com.ar\/?page_id=12"},{"@type":"ListItem","position":3,"name":"LAMPARA DE PIE 1 LUZ CON PANTALLA CARTON TRIPODE H:1.60M &#8211; 50X23CM"}]},{"@type":"WebSite","@id":"https:\/\/tienda.rigelec.com.ar\/#website","url":"https:\/\/tienda.rigelec.com.ar\/","name":"Tienda Rigelec","description":"Energia en movimiento","publisher":{"@id":"https:\/\/tienda.rigelec.com.ar\/#organization"},"potentialAction":[{"@type":"SearchAction","target":{"@type":"EntryPoint","urlTemplate":"https:\/\/tienda.rigelec.com.ar\/?s={search_term_string}"},"query-input":{"@type":"PropertyValueSpecification","valueRequired":true,"valueName":"search_term_string"}}],"inLanguage":"es-AR"},{"@type":"Organization","@id":"https:\/\/tienda.rigelec.com.ar\/#organization","name":"Tienda Rigelec","url":"https:\/\/tienda.rigelec.com.ar\/","logo":{"@type":"ImageObject","inLanguage":"es-AR","@id":"https:\/\/tienda.rigelec.com.ar\/#\/schema\/logo\/image\/","url":"https:\/\/tienda.rigelec.com.ar\/wp-content\/uploads\/2024\/09\/isologo-blanco-rigelec.png","contentUrl":"https:\/\/tienda.rigelec.com.ar\/wp-content\/uploads\/2024\/09\/isologo-blanco-rigelec.png","width":94,"height":97,"caption":"Tienda Rigelec"},"image":{"@id":"https:\/\/tienda.rigelec.com.ar\/#\/schema\/logo\/image\/"}}]}},"jetpack_sharing_enabled":true,"_links":{"self":[{"href":"https:\/\/tienda.rigelec.com.ar\/index.php?rest_route=\/wp\/v2\/product\/29183","targetHints":{"allow":["GET"]}}],"collection":[{"href":"https:\/\/tienda.rigelec.com.ar\/index.php?rest_route=\/wp\/v2\/product"}],"about":[{"href":"https:\/\/tienda.rigelec.com.ar\/index.php?rest_route=\/wp\/v2\/types\/product"}],"replies":[{"embeddable":true,"href":"https:\/\/tienda.rigelec.com.ar\/index.php?rest_route=%2Fwp%2Fv2%2Fcomments&post=29183"}],"wp:featuredmedia":[{"embeddable":true,"href":"https:\/\/tienda.rigelec.com.ar\/index.php?rest_route=\/wp\/v2\/media\/29184"}],"wp:attachment":[{"href":"https:\/\/tienda.rigelec.com.ar\/index.php?rest_route=%2Fwp%2Fv2%2Fmedia&parent=29183"}],"wp:term":[{"taxonomy":"product_brand","embeddable":true,"href":"https:\/\/tienda.rigelec.com.ar\/index.php?rest_route=%2Fwp%2Fv2%2Fproduct_brand&post=29183"},{"taxonomy":"product_cat","embeddable":true,"href":"https:\/\/tienda.rigelec.com.ar\/index.php?rest_route=%2Fwp%2Fv2%2Fproduct_cat&post=29183"},{"taxonomy":"product_tag","embeddable":true,"href":"https:\/\/tienda.rigelec.com.ar\/index.php?rest_route=%2Fwp%2Fv2%2Fproduct_tag&post=29183"}],"curies":[{"name":"wp","href":"https:\/\/api.w.org\/{rel}","templated":true}]}}