{"id":29236,"date":"2025-03-09T00:16:03","date_gmt":"2025-03-09T03:16:03","guid":{"rendered":"https:\/\/tienda.rigelec.com.ar\/?product=cable-canal-superficie-20x12-con-adhesivo-y-retenedor-dexson-2m"},"modified":"2026-05-01T01:22:39","modified_gmt":"2026-05-01T04:22:39","slug":"cable-canal-superficie-20x12","status":"publish","type":"product","link":"https:\/\/tienda.rigelec.com.ar\/?product=cable-canal-superficie-20x12","title":{"rendered":"CABLE CANAL SUPERFICIE 20X12 CON ADHESIVO Y RETENEDOR- DEXSON 2M"},"content":{"rendered":"<p>CABLE CANAL SUPERFICIE 20X12<\/p>\n<p data-start=\"93\" data-end=\"164\"><strong data-start=\"93\" data-end=\"162\">CABLE CANAL SUPERFICIE 20&#215;12 CON ADHESIVO Y RETENEDOR \u2013 DEXSON 2M<\/strong><\/p>\n<p data-start=\"166\" data-end=\"375\">El <strong data-start=\"169\" data-end=\"204\">cable canal autoadhesivo Dexson<\/strong> de Schneider Electric est\u00e1 dise\u00f1ado para <strong data-start=\"246\" data-end=\"291\">organizar y proteger el tendido de cables<\/strong> en instalaciones el\u00e9ctricas, ofreciendo una soluci\u00f3n pr\u00e1ctica, segura y est\u00e9tica.<\/p>\n<p data-start=\"377\" data-end=\"756\">Este modelo cuenta con <strong data-start=\"400\" data-end=\"420\">1 compartimiento<\/strong>, dimensiones de <strong data-start=\"437\" data-end=\"451\">20 x 12 mm<\/strong> y una longitud de <strong data-start=\"470\" data-end=\"482\">2 metros<\/strong>. Fabricado en <strong data-start=\"497\" data-end=\"520\">PVC de alta calidad<\/strong>, es <strong data-start=\"525\" data-end=\"544\">autoextinguible<\/strong> y resistente a impactos (<strong data-start=\"570\" data-end=\"578\">IK07<\/strong>), con protecci\u00f3n <strong data-start=\"596\" data-end=\"604\">IP42<\/strong> frente a ingreso de s\u00f3lidos y agua. Incorpora <strong data-start=\"651\" data-end=\"675\">adhesivo y retenedor<\/strong>, lo que facilita su instalaci\u00f3n en superficies sin necesidad de perforaciones.<\/p>\n<p data-start=\"758\" data-end=\"984\">Cumple con clasificaci\u00f3n <strong data-start=\"783\" data-end=\"795\">UL 94 V0<\/strong> y norma <strong data-start=\"804\" data-end=\"820\">M1 UNE-23727<\/strong> de retardancia a la llama, garantizando mayor seguridad en caso de incendio. Su acabado en color <strong data-start=\"918\" data-end=\"937\">blanco RAL 9003<\/strong> se integra f\u00e1cilmente a diferentes entornos.<\/p>\n","protected":false},"excerpt":{"rendered":"<p>Este Dexson Autoadhesivo Mini enlace de Schneider Electric tiene 1 compartimiento. Las dimensiones son (An.) 20mm x (Alt.) 12mm x (Alt.) 2000mm. El color de la trayectoria es blanco (RAL 9003). Est\u00e1 hecho de material de PVC (cloruro de polivinilo). La temperatura de funcionamiento es de -5\u00b0C a 60\u00b0C. Alcanza un grado de protecci\u00f3n IP42 e IK07. Est\u00e1 equipado con retardo de llama de HB-UL 94 V0, autoextinguible y M1 UNE-23727.<\/p>\n","protected":false},"featured_media":29237,"comment_status":"open","ping_status":"closed","template":"","meta":{"_monsterinsights_skip_tracking":false,"_monsterinsights_sitenote_active":false,"_monsterinsights_sitenote_note":"","_monsterinsights_sitenote_category":0},"product_brand":[],"product_cat":[161],"product_tag":[450],"class_list":{"0":"post-29236","1":"product","2":"type-product","3":"status-publish","4":"has-post-thumbnail","6":"product_cat-iv-cablecanal","7":"product_tag-schneider","9":"first","10":"instock","11":"shipping-taxable","12":"purchasable","13":"product-type-simple"},"yoast_head":"<!-- This site is optimized with the Yoast SEO plugin v25.3.1 - https:\/\/yoast.com\/wordpress\/plugins\/seo\/ -->\n<title>CABLE CANAL SUPERFICIE 20X12 CON ADHESIVO Y RETENEDOR- DEXSON 2M - Tienda Rigelec<\/title>\n<meta name=\"description\" content=\"Tienda Rigelec CABLE CANAL SUPERFICIE 20X12 CON ADHESIVO Y RETENEDOR- DEXSON 2M Tienda Rigelec CABLE CANAL SUPERFICIE 20X12\" \/>\n<meta name=\"robots\" content=\"index, follow, max-snippet:-1, max-image-preview:large, max-video-preview:-1\" \/>\n<link rel=\"canonical\" href=\"https:\/\/tienda.rigelec.com.ar\/?product=cable-canal-superficie-20x12\" \/>\n<meta property=\"og:locale\" content=\"es_ES\" \/>\n<meta property=\"og:type\" content=\"article\" \/>\n<meta property=\"og:title\" content=\"CABLE CANAL SUPERFICIE 20X12 CON ADHESIVO Y RETENEDOR- DEXSON 2M - Tienda Rigelec\" \/>\n<meta property=\"og:description\" content=\"Tienda Rigelec CABLE CANAL SUPERFICIE 20X12 CON ADHESIVO Y RETENEDOR- DEXSON 2M Tienda Rigelec CABLE CANAL SUPERFICIE 20X12\" \/>\n<meta property=\"og:url\" content=\"https:\/\/tienda.rigelec.com.ar\/?product=cable-canal-superficie-20x12\" \/>\n<meta property=\"og:site_name\" content=\"Tienda Rigelec\" \/>\n<meta property=\"article:modified_time\" content=\"2026-05-01T04:22:39+00:00\" \/>\n<meta property=\"og:image\" content=\"https:\/\/tienda.rigelec.com.ar\/wp-content\/uploads\/2025\/03\/CABLECANALSUPERFICIE20X12.jpg\" \/>\n\t<meta property=\"og:image:width\" content=\"1080\" \/>\n\t<meta property=\"og:image:height\" content=\"1080\" \/>\n\t<meta property=\"og:image:type\" content=\"image\/jpeg\" \/>\n<meta name=\"twitter:card\" content=\"summary_large_image\" \/>\n<meta name=\"twitter:label1\" content=\"Tiempo de lectura\" \/>\n\t<meta name=\"twitter:data1\" content=\"1 minuto\" \/>\n<script type=\"application\/ld+json\" class=\"yoast-schema-graph\">{\"@context\":\"https:\/\/schema.org\",\"@graph\":[{\"@type\":\"WebPage\",\"@id\":\"https:\/\/tienda.rigelec.com.ar\/?product=cable-canal-superficie-20x12\",\"url\":\"https:\/\/tienda.rigelec.com.ar\/?product=cable-canal-superficie-20x12\",\"name\":\"CABLE CANAL SUPERFICIE 20X12 CON ADHESIVO Y RETENEDOR- DEXSON 2M - Tienda Rigelec\",\"isPartOf\":{\"@id\":\"https:\/\/tienda.rigelec.com.ar\/#website\"},\"primaryImageOfPage\":{\"@id\":\"https:\/\/tienda.rigelec.com.ar\/?product=cable-canal-superficie-20x12#primaryimage\"},\"image\":{\"@id\":\"https:\/\/tienda.rigelec.com.ar\/?product=cable-canal-superficie-20x12#primaryimage\"},\"thumbnailUrl\":\"https:\/\/tienda.rigelec.com.ar\/wp-content\/uploads\/2025\/03\/CABLECANALSUPERFICIE20X12.jpg\",\"datePublished\":\"2025-03-09T03:16:03+00:00\",\"dateModified\":\"2026-05-01T04:22:39+00:00\",\"description\":\"Tienda Rigelec CABLE CANAL SUPERFICIE 20X12 CON ADHESIVO Y RETENEDOR- DEXSON 2M Tienda Rigelec CABLE CANAL SUPERFICIE 20X12\",\"breadcrumb\":{\"@id\":\"https:\/\/tienda.rigelec.com.ar\/?product=cable-canal-superficie-20x12#breadcrumb\"},\"inLanguage\":\"es-AR\",\"potentialAction\":[{\"@type\":\"ReadAction\",\"target\":[\"https:\/\/tienda.rigelec.com.ar\/?product=cable-canal-superficie-20x12\"]}]},{\"@type\":\"ImageObject\",\"inLanguage\":\"es-AR\",\"@id\":\"https:\/\/tienda.rigelec.com.ar\/?product=cable-canal-superficie-20x12#primaryimage\",\"url\":\"https:\/\/tienda.rigelec.com.ar\/wp-content\/uploads\/2025\/03\/CABLECANALSUPERFICIE20X12.jpg\",\"contentUrl\":\"https:\/\/tienda.rigelec.com.ar\/wp-content\/uploads\/2025\/03\/CABLECANALSUPERFICIE20X12.jpg\",\"width\":1080,\"height\":1080},{\"@type\":\"BreadcrumbList\",\"@id\":\"https:\/\/tienda.rigelec.com.ar\/?product=cable-canal-superficie-20x12#breadcrumb\",\"itemListElement\":[{\"@type\":\"ListItem\",\"position\":1,\"name\":\"Inicio\",\"item\":\"https:\/\/tienda.rigelec.com.ar\/\"},{\"@type\":\"ListItem\",\"position\":2,\"name\":\"Shop\",\"item\":\"https:\/\/tienda.rigelec.com.ar\/?page_id=12\"},{\"@type\":\"ListItem\",\"position\":3,\"name\":\"CABLE CANAL SUPERFICIE 20X12 CON ADHESIVO Y RETENEDOR- DEXSON 2M\"}]},{\"@type\":\"WebSite\",\"@id\":\"https:\/\/tienda.rigelec.com.ar\/#website\",\"url\":\"https:\/\/tienda.rigelec.com.ar\/\",\"name\":\"Tienda Rigelec\",\"description\":\"Energia en movimiento\",\"publisher\":{\"@id\":\"https:\/\/tienda.rigelec.com.ar\/#organization\"},\"potentialAction\":[{\"@type\":\"SearchAction\",\"target\":{\"@type\":\"EntryPoint\",\"urlTemplate\":\"https:\/\/tienda.rigelec.com.ar\/?s={search_term_string}\"},\"query-input\":{\"@type\":\"PropertyValueSpecification\",\"valueRequired\":true,\"valueName\":\"search_term_string\"}}],\"inLanguage\":\"es-AR\"},{\"@type\":\"Organization\",\"@id\":\"https:\/\/tienda.rigelec.com.ar\/#organization\",\"name\":\"Tienda Rigelec\",\"url\":\"https:\/\/tienda.rigelec.com.ar\/\",\"logo\":{\"@type\":\"ImageObject\",\"inLanguage\":\"es-AR\",\"@id\":\"https:\/\/tienda.rigelec.com.ar\/#\/schema\/logo\/image\/\",\"url\":\"https:\/\/tienda.rigelec.com.ar\/wp-content\/uploads\/2024\/09\/isologo-blanco-rigelec.png\",\"contentUrl\":\"https:\/\/tienda.rigelec.com.ar\/wp-content\/uploads\/2024\/09\/isologo-blanco-rigelec.png\",\"width\":94,\"height\":97,\"caption\":\"Tienda Rigelec\"},\"image\":{\"@id\":\"https:\/\/tienda.rigelec.com.ar\/#\/schema\/logo\/image\/\"}}]}<\/script>\n<!-- \/ Yoast SEO plugin. -->","yoast_head_json":{"title":"CABLE CANAL SUPERFICIE 20X12 CON ADHESIVO Y RETENEDOR- DEXSON 2M - Tienda Rigelec","description":"Tienda Rigelec CABLE CANAL SUPERFICIE 20X12 CON ADHESIVO Y RETENEDOR- DEXSON 2M Tienda Rigelec CABLE CANAL SUPERFICIE 20X12","robots":{"index":"index","follow":"follow","max-snippet":"max-snippet:-1","max-image-preview":"max-image-preview:large","max-video-preview":"max-video-preview:-1"},"canonical":"https:\/\/tienda.rigelec.com.ar\/?product=cable-canal-superficie-20x12","og_locale":"es_ES","og_type":"article","og_title":"CABLE CANAL SUPERFICIE 20X12 CON ADHESIVO Y RETENEDOR- DEXSON 2M - Tienda Rigelec","og_description":"Tienda Rigelec CABLE CANAL SUPERFICIE 20X12 CON ADHESIVO Y RETENEDOR- DEXSON 2M Tienda Rigelec CABLE CANAL SUPERFICIE 20X12","og_url":"https:\/\/tienda.rigelec.com.ar\/?product=cable-canal-superficie-20x12","og_site_name":"Tienda Rigelec","article_modified_time":"2026-05-01T04:22:39+00:00","og_image":[{"width":1080,"height":1080,"url":"https:\/\/tienda.rigelec.com.ar\/wp-content\/uploads\/2025\/03\/CABLECANALSUPERFICIE20X12.jpg","type":"image\/jpeg"}],"twitter_card":"summary_large_image","twitter_misc":{"Tiempo de lectura":"1 minuto"},"schema":{"@context":"https:\/\/schema.org","@graph":[{"@type":"WebPage","@id":"https:\/\/tienda.rigelec.com.ar\/?product=cable-canal-superficie-20x12","url":"https:\/\/tienda.rigelec.com.ar\/?product=cable-canal-superficie-20x12","name":"CABLE CANAL SUPERFICIE 20X12 CON ADHESIVO Y RETENEDOR- DEXSON 2M - Tienda Rigelec","isPartOf":{"@id":"https:\/\/tienda.rigelec.com.ar\/#website"},"primaryImageOfPage":{"@id":"https:\/\/tienda.rigelec.com.ar\/?product=cable-canal-superficie-20x12#primaryimage"},"image":{"@id":"https:\/\/tienda.rigelec.com.ar\/?product=cable-canal-superficie-20x12#primaryimage"},"thumbnailUrl":"https:\/\/tienda.rigelec.com.ar\/wp-content\/uploads\/2025\/03\/CABLECANALSUPERFICIE20X12.jpg","datePublished":"2025-03-09T03:16:03+00:00","dateModified":"2026-05-01T04:22:39+00:00","description":"Tienda Rigelec CABLE CANAL SUPERFICIE 20X12 CON ADHESIVO Y RETENEDOR- DEXSON 2M Tienda Rigelec CABLE CANAL SUPERFICIE 20X12","breadcrumb":{"@id":"https:\/\/tienda.rigelec.com.ar\/?product=cable-canal-superficie-20x12#breadcrumb"},"inLanguage":"es-AR","potentialAction":[{"@type":"ReadAction","target":["https:\/\/tienda.rigelec.com.ar\/?product=cable-canal-superficie-20x12"]}]},{"@type":"ImageObject","inLanguage":"es-AR","@id":"https:\/\/tienda.rigelec.com.ar\/?product=cable-canal-superficie-20x12#primaryimage","url":"https:\/\/tienda.rigelec.com.ar\/wp-content\/uploads\/2025\/03\/CABLECANALSUPERFICIE20X12.jpg","contentUrl":"https:\/\/tienda.rigelec.com.ar\/wp-content\/uploads\/2025\/03\/CABLECANALSUPERFICIE20X12.jpg","width":1080,"height":1080},{"@type":"BreadcrumbList","@id":"https:\/\/tienda.rigelec.com.ar\/?product=cable-canal-superficie-20x12#breadcrumb","itemListElement":[{"@type":"ListItem","position":1,"name":"Inicio","item":"https:\/\/tienda.rigelec.com.ar\/"},{"@type":"ListItem","position":2,"name":"Shop","item":"https:\/\/tienda.rigelec.com.ar\/?page_id=12"},{"@type":"ListItem","position":3,"name":"CABLE CANAL SUPERFICIE 20X12 CON ADHESIVO Y RETENEDOR- DEXSON 2M"}]},{"@type":"WebSite","@id":"https:\/\/tienda.rigelec.com.ar\/#website","url":"https:\/\/tienda.rigelec.com.ar\/","name":"Tienda Rigelec","description":"Energia en movimiento","publisher":{"@id":"https:\/\/tienda.rigelec.com.ar\/#organization"},"potentialAction":[{"@type":"SearchAction","target":{"@type":"EntryPoint","urlTemplate":"https:\/\/tienda.rigelec.com.ar\/?s={search_term_string}"},"query-input":{"@type":"PropertyValueSpecification","valueRequired":true,"valueName":"search_term_string"}}],"inLanguage":"es-AR"},{"@type":"Organization","@id":"https:\/\/tienda.rigelec.com.ar\/#organization","name":"Tienda Rigelec","url":"https:\/\/tienda.rigelec.com.ar\/","logo":{"@type":"ImageObject","inLanguage":"es-AR","@id":"https:\/\/tienda.rigelec.com.ar\/#\/schema\/logo\/image\/","url":"https:\/\/tienda.rigelec.com.ar\/wp-content\/uploads\/2024\/09\/isologo-blanco-rigelec.png","contentUrl":"https:\/\/tienda.rigelec.com.ar\/wp-content\/uploads\/2024\/09\/isologo-blanco-rigelec.png","width":94,"height":97,"caption":"Tienda Rigelec"},"image":{"@id":"https:\/\/tienda.rigelec.com.ar\/#\/schema\/logo\/image\/"}}]}},"jetpack_sharing_enabled":true,"_links":{"self":[{"href":"https:\/\/tienda.rigelec.com.ar\/index.php?rest_route=\/wp\/v2\/product\/29236","targetHints":{"allow":["GET"]}}],"collection":[{"href":"https:\/\/tienda.rigelec.com.ar\/index.php?rest_route=\/wp\/v2\/product"}],"about":[{"href":"https:\/\/tienda.rigelec.com.ar\/index.php?rest_route=\/wp\/v2\/types\/product"}],"replies":[{"embeddable":true,"href":"https:\/\/tienda.rigelec.com.ar\/index.php?rest_route=%2Fwp%2Fv2%2Fcomments&post=29236"}],"wp:featuredmedia":[{"embeddable":true,"href":"https:\/\/tienda.rigelec.com.ar\/index.php?rest_route=\/wp\/v2\/media\/29237"}],"wp:attachment":[{"href":"https:\/\/tienda.rigelec.com.ar\/index.php?rest_route=%2Fwp%2Fv2%2Fmedia&parent=29236"}],"wp:term":[{"taxonomy":"product_brand","embeddable":true,"href":"https:\/\/tienda.rigelec.com.ar\/index.php?rest_route=%2Fwp%2Fv2%2Fproduct_brand&post=29236"},{"taxonomy":"product_cat","embeddable":true,"href":"https:\/\/tienda.rigelec.com.ar\/index.php?rest_route=%2Fwp%2Fv2%2Fproduct_cat&post=29236"},{"taxonomy":"product_tag","embeddable":true,"href":"https:\/\/tienda.rigelec.com.ar\/index.php?rest_route=%2Fwp%2Fv2%2Fproduct_tag&post=29236"}],"curies":[{"name":"wp","href":"https:\/\/api.w.org\/{rel}","templated":true}]}}