{"id":29305,"date":"2025-03-28T21:09:07","date_gmt":"2025-03-29T00:09:07","guid":{"rendered":"https:\/\/tienda.rigelec.com.ar\/?product=caja-cable-unipolar-marron-extraflexible-clase-5-1x1-5mm"},"modified":"2026-04-30T16:49:10","modified_gmt":"2026-04-30T19:49:10","slug":"caja-cable-unipolar-marron-extraflexible-clase-5-1x1-5mm","status":"publish","type":"product","link":"https:\/\/tienda.rigelec.com.ar\/?product=caja-cable-unipolar-marron-extraflexible-clase-5-1x1-5mm","title":{"rendered":"CAJA CABLE UNIPOLAR MARRON EXTRAFLEXIBLE CLASE 5 1X1.5MM"},"content":{"rendered":"<p>CAJA CABLE UNIPOLAR MARRON<\/p>\n","protected":false},"excerpt":{"rendered":"<p>Los conductores el\u00e9ctricos pertenecientes a la clase 5 poseen propiedades y caracter\u00edsticas de extra flexibilidad con alto grado de deslizamiento.<br \/>\nCaracter\u00edsticas:<br \/>\nTensi\u00f3n Nominal: 450\/750 V CA<br \/>\nTemperatura de servicio: 70\u00baC<br \/>\nNorma fabricaci\u00f3n: IRAM NM 247-3 &#8211; IRAM NM 280<br \/>\nConductor: Clase 5 &#8211; Cobre C\u00e1todo (electrol\u00edtico)<br \/>\nAislaci\u00f3n: PVC \u0096 No propagante de incendio<\/p>\n","protected":false},"featured_media":29306,"comment_status":"open","ping_status":"closed","template":"","meta":{"_monsterinsights_skip_tracking":false,"_monsterinsights_sitenote_active":false,"_monsterinsights_sitenote_note":"","_monsterinsights_sitenote_category":0},"product_brand":[],"product_cat":[220],"product_tag":[64],"class_list":{"0":"post-29305","1":"product","2":"type-product","3":"status-publish","4":"has-post-thumbnail","6":"product_cat-a-unipolar","7":"product_tag-kalop","9":"first","10":"instock","11":"shipping-taxable","12":"purchasable","13":"product-type-simple"},"yoast_head":"<!-- This site is optimized with the Yoast SEO plugin v25.3.1 - https:\/\/yoast.com\/wordpress\/plugins\/seo\/ -->\n<title>CAJA CABLE UNIPOLAR MARRON EXTRAFLEXIBLE CLASE 5 1X1.5MM - Tienda Rigelec<\/title>\n<meta name=\"robots\" content=\"index, follow, max-snippet:-1, max-image-preview:large, max-video-preview:-1\" \/>\n<link rel=\"canonical\" href=\"https:\/\/tienda.rigelec.com.ar\/?product=caja-cable-unipolar-marron-extraflexible-clase-5-1x1-5mm\" \/>\n<meta property=\"og:locale\" content=\"es_ES\" \/>\n<meta property=\"og:type\" content=\"article\" \/>\n<meta property=\"og:title\" content=\"CAJA CABLE UNIPOLAR MARRON EXTRAFLEXIBLE CLASE 5 1X1.5MM - Tienda Rigelec\" \/>\n<meta property=\"og:description\" content=\"Los conductores el\u00e9ctricos pertenecientes a la clase 5 poseen propiedades y caracter\u00edsticas de extra flexibilidad con alto grado de deslizamiento. Caracter\u00edsticas: Tensi\u00f3n Nominal: 450\/750 V CA Temperatura de servicio: 70\u00baC Norma fabricaci\u00f3n: IRAM NM 247-3 - IRAM NM 280 Conductor: Clase 5 - Cobre C\u00e1todo (electrol\u00edtico) Aislaci\u00f3n: PVC \u0096 No propagante de incendio\" \/>\n<meta property=\"og:url\" content=\"https:\/\/tienda.rigelec.com.ar\/?product=caja-cable-unipolar-marron-extraflexible-clase-5-1x1-5mm\" \/>\n<meta property=\"og:site_name\" content=\"Tienda Rigelec\" \/>\n<meta property=\"article:modified_time\" content=\"2026-04-30T19:49:10+00:00\" \/>\n<meta name=\"twitter:card\" content=\"summary_large_image\" \/>\n<script type=\"application\/ld+json\" class=\"yoast-schema-graph\">{\"@context\":\"https:\/\/schema.org\",\"@graph\":[{\"@type\":\"WebPage\",\"@id\":\"https:\/\/tienda.rigelec.com.ar\/?product=caja-cable-unipolar-marron-extraflexible-clase-5-1x1-5mm\",\"url\":\"https:\/\/tienda.rigelec.com.ar\/?product=caja-cable-unipolar-marron-extraflexible-clase-5-1x1-5mm\",\"name\":\"CAJA CABLE UNIPOLAR MARRON EXTRAFLEXIBLE CLASE 5 1X1.5MM - Tienda Rigelec\",\"isPartOf\":{\"@id\":\"https:\/\/tienda.rigelec.com.ar\/#website\"},\"primaryImageOfPage\":{\"@id\":\"https:\/\/tienda.rigelec.com.ar\/?product=caja-cable-unipolar-marron-extraflexible-clase-5-1x1-5mm#primaryimage\"},\"image\":{\"@id\":\"https:\/\/tienda.rigelec.com.ar\/?product=caja-cable-unipolar-marron-extraflexible-clase-5-1x1-5mm#primaryimage\"},\"thumbnailUrl\":\"https:\/\/tienda.rigelec.com.ar\/wp-content\/uploads\/2025\/03\/CAJACABLEUNIPOLARMARRON-2.jpg\",\"datePublished\":\"2025-03-29T00:09:07+00:00\",\"dateModified\":\"2026-04-30T19:49:10+00:00\",\"breadcrumb\":{\"@id\":\"https:\/\/tienda.rigelec.com.ar\/?product=caja-cable-unipolar-marron-extraflexible-clase-5-1x1-5mm#breadcrumb\"},\"inLanguage\":\"es-AR\",\"potentialAction\":[{\"@type\":\"ReadAction\",\"target\":[\"https:\/\/tienda.rigelec.com.ar\/?product=caja-cable-unipolar-marron-extraflexible-clase-5-1x1-5mm\"]}]},{\"@type\":\"ImageObject\",\"inLanguage\":\"es-AR\",\"@id\":\"https:\/\/tienda.rigelec.com.ar\/?product=caja-cable-unipolar-marron-extraflexible-clase-5-1x1-5mm#primaryimage\",\"url\":\"https:\/\/tienda.rigelec.com.ar\/wp-content\/uploads\/2025\/03\/CAJACABLEUNIPOLARMARRON-2.jpg\",\"contentUrl\":\"https:\/\/tienda.rigelec.com.ar\/wp-content\/uploads\/2025\/03\/CAJACABLEUNIPOLARMARRON-2.jpg\",\"width\":1080,\"height\":1080},{\"@type\":\"BreadcrumbList\",\"@id\":\"https:\/\/tienda.rigelec.com.ar\/?product=caja-cable-unipolar-marron-extraflexible-clase-5-1x1-5mm#breadcrumb\",\"itemListElement\":[{\"@type\":\"ListItem\",\"position\":1,\"name\":\"Inicio\",\"item\":\"https:\/\/tienda.rigelec.com.ar\/\"},{\"@type\":\"ListItem\",\"position\":2,\"name\":\"Shop\",\"item\":\"https:\/\/tienda.rigelec.com.ar\/?page_id=12\"},{\"@type\":\"ListItem\",\"position\":3,\"name\":\"CAJA CABLE UNIPOLAR MARRON EXTRAFLEXIBLE CLASE 5 1X1.5MM\"}]},{\"@type\":\"WebSite\",\"@id\":\"https:\/\/tienda.rigelec.com.ar\/#website\",\"url\":\"https:\/\/tienda.rigelec.com.ar\/\",\"name\":\"Tienda Rigelec\",\"description\":\"Energia en movimiento\",\"publisher\":{\"@id\":\"https:\/\/tienda.rigelec.com.ar\/#organization\"},\"potentialAction\":[{\"@type\":\"SearchAction\",\"target\":{\"@type\":\"EntryPoint\",\"urlTemplate\":\"https:\/\/tienda.rigelec.com.ar\/?s={search_term_string}\"},\"query-input\":{\"@type\":\"PropertyValueSpecification\",\"valueRequired\":true,\"valueName\":\"search_term_string\"}}],\"inLanguage\":\"es-AR\"},{\"@type\":\"Organization\",\"@id\":\"https:\/\/tienda.rigelec.com.ar\/#organization\",\"name\":\"Tienda Rigelec\",\"url\":\"https:\/\/tienda.rigelec.com.ar\/\",\"logo\":{\"@type\":\"ImageObject\",\"inLanguage\":\"es-AR\",\"@id\":\"https:\/\/tienda.rigelec.com.ar\/#\/schema\/logo\/image\/\",\"url\":\"https:\/\/tienda.rigelec.com.ar\/wp-content\/uploads\/2024\/09\/isologo-blanco-rigelec.png\",\"contentUrl\":\"https:\/\/tienda.rigelec.com.ar\/wp-content\/uploads\/2024\/09\/isologo-blanco-rigelec.png\",\"width\":94,\"height\":97,\"caption\":\"Tienda Rigelec\"},\"image\":{\"@id\":\"https:\/\/tienda.rigelec.com.ar\/#\/schema\/logo\/image\/\"}}]}<\/script>\n<!-- \/ Yoast SEO plugin. -->","yoast_head_json":{"title":"CAJA CABLE UNIPOLAR MARRON EXTRAFLEXIBLE CLASE 5 1X1.5MM - Tienda Rigelec","robots":{"index":"index","follow":"follow","max-snippet":"max-snippet:-1","max-image-preview":"max-image-preview:large","max-video-preview":"max-video-preview:-1"},"canonical":"https:\/\/tienda.rigelec.com.ar\/?product=caja-cable-unipolar-marron-extraflexible-clase-5-1x1-5mm","og_locale":"es_ES","og_type":"article","og_title":"CAJA CABLE UNIPOLAR MARRON EXTRAFLEXIBLE CLASE 5 1X1.5MM - Tienda Rigelec","og_description":"Los conductores el\u00e9ctricos pertenecientes a la clase 5 poseen propiedades y caracter\u00edsticas de extra flexibilidad con alto grado de deslizamiento. Caracter\u00edsticas: Tensi\u00f3n Nominal: 450\/750 V CA Temperatura de servicio: 70\u00baC Norma fabricaci\u00f3n: IRAM NM 247-3 - IRAM NM 280 Conductor: Clase 5 - Cobre C\u00e1todo (electrol\u00edtico) Aislaci\u00f3n: PVC \u0096 No propagante de incendio","og_url":"https:\/\/tienda.rigelec.com.ar\/?product=caja-cable-unipolar-marron-extraflexible-clase-5-1x1-5mm","og_site_name":"Tienda Rigelec","article_modified_time":"2026-04-30T19:49:10+00:00","twitter_card":"summary_large_image","schema":{"@context":"https:\/\/schema.org","@graph":[{"@type":"WebPage","@id":"https:\/\/tienda.rigelec.com.ar\/?product=caja-cable-unipolar-marron-extraflexible-clase-5-1x1-5mm","url":"https:\/\/tienda.rigelec.com.ar\/?product=caja-cable-unipolar-marron-extraflexible-clase-5-1x1-5mm","name":"CAJA CABLE UNIPOLAR MARRON EXTRAFLEXIBLE CLASE 5 1X1.5MM - Tienda Rigelec","isPartOf":{"@id":"https:\/\/tienda.rigelec.com.ar\/#website"},"primaryImageOfPage":{"@id":"https:\/\/tienda.rigelec.com.ar\/?product=caja-cable-unipolar-marron-extraflexible-clase-5-1x1-5mm#primaryimage"},"image":{"@id":"https:\/\/tienda.rigelec.com.ar\/?product=caja-cable-unipolar-marron-extraflexible-clase-5-1x1-5mm#primaryimage"},"thumbnailUrl":"https:\/\/tienda.rigelec.com.ar\/wp-content\/uploads\/2025\/03\/CAJACABLEUNIPOLARMARRON-2.jpg","datePublished":"2025-03-29T00:09:07+00:00","dateModified":"2026-04-30T19:49:10+00:00","breadcrumb":{"@id":"https:\/\/tienda.rigelec.com.ar\/?product=caja-cable-unipolar-marron-extraflexible-clase-5-1x1-5mm#breadcrumb"},"inLanguage":"es-AR","potentialAction":[{"@type":"ReadAction","target":["https:\/\/tienda.rigelec.com.ar\/?product=caja-cable-unipolar-marron-extraflexible-clase-5-1x1-5mm"]}]},{"@type":"ImageObject","inLanguage":"es-AR","@id":"https:\/\/tienda.rigelec.com.ar\/?product=caja-cable-unipolar-marron-extraflexible-clase-5-1x1-5mm#primaryimage","url":"https:\/\/tienda.rigelec.com.ar\/wp-content\/uploads\/2025\/03\/CAJACABLEUNIPOLARMARRON-2.jpg","contentUrl":"https:\/\/tienda.rigelec.com.ar\/wp-content\/uploads\/2025\/03\/CAJACABLEUNIPOLARMARRON-2.jpg","width":1080,"height":1080},{"@type":"BreadcrumbList","@id":"https:\/\/tienda.rigelec.com.ar\/?product=caja-cable-unipolar-marron-extraflexible-clase-5-1x1-5mm#breadcrumb","itemListElement":[{"@type":"ListItem","position":1,"name":"Inicio","item":"https:\/\/tienda.rigelec.com.ar\/"},{"@type":"ListItem","position":2,"name":"Shop","item":"https:\/\/tienda.rigelec.com.ar\/?page_id=12"},{"@type":"ListItem","position":3,"name":"CAJA CABLE UNIPOLAR MARRON EXTRAFLEXIBLE CLASE 5 1X1.5MM"}]},{"@type":"WebSite","@id":"https:\/\/tienda.rigelec.com.ar\/#website","url":"https:\/\/tienda.rigelec.com.ar\/","name":"Tienda Rigelec","description":"Energia en movimiento","publisher":{"@id":"https:\/\/tienda.rigelec.com.ar\/#organization"},"potentialAction":[{"@type":"SearchAction","target":{"@type":"EntryPoint","urlTemplate":"https:\/\/tienda.rigelec.com.ar\/?s={search_term_string}"},"query-input":{"@type":"PropertyValueSpecification","valueRequired":true,"valueName":"search_term_string"}}],"inLanguage":"es-AR"},{"@type":"Organization","@id":"https:\/\/tienda.rigelec.com.ar\/#organization","name":"Tienda Rigelec","url":"https:\/\/tienda.rigelec.com.ar\/","logo":{"@type":"ImageObject","inLanguage":"es-AR","@id":"https:\/\/tienda.rigelec.com.ar\/#\/schema\/logo\/image\/","url":"https:\/\/tienda.rigelec.com.ar\/wp-content\/uploads\/2024\/09\/isologo-blanco-rigelec.png","contentUrl":"https:\/\/tienda.rigelec.com.ar\/wp-content\/uploads\/2024\/09\/isologo-blanco-rigelec.png","width":94,"height":97,"caption":"Tienda Rigelec"},"image":{"@id":"https:\/\/tienda.rigelec.com.ar\/#\/schema\/logo\/image\/"}}]}},"jetpack_sharing_enabled":true,"_links":{"self":[{"href":"https:\/\/tienda.rigelec.com.ar\/index.php?rest_route=\/wp\/v2\/product\/29305","targetHints":{"allow":["GET"]}}],"collection":[{"href":"https:\/\/tienda.rigelec.com.ar\/index.php?rest_route=\/wp\/v2\/product"}],"about":[{"href":"https:\/\/tienda.rigelec.com.ar\/index.php?rest_route=\/wp\/v2\/types\/product"}],"replies":[{"embeddable":true,"href":"https:\/\/tienda.rigelec.com.ar\/index.php?rest_route=%2Fwp%2Fv2%2Fcomments&post=29305"}],"wp:featuredmedia":[{"embeddable":true,"href":"https:\/\/tienda.rigelec.com.ar\/index.php?rest_route=\/wp\/v2\/media\/29306"}],"wp:attachment":[{"href":"https:\/\/tienda.rigelec.com.ar\/index.php?rest_route=%2Fwp%2Fv2%2Fmedia&parent=29305"}],"wp:term":[{"taxonomy":"product_brand","embeddable":true,"href":"https:\/\/tienda.rigelec.com.ar\/index.php?rest_route=%2Fwp%2Fv2%2Fproduct_brand&post=29305"},{"taxonomy":"product_cat","embeddable":true,"href":"https:\/\/tienda.rigelec.com.ar\/index.php?rest_route=%2Fwp%2Fv2%2Fproduct_cat&post=29305"},{"taxonomy":"product_tag","embeddable":true,"href":"https:\/\/tienda.rigelec.com.ar\/index.php?rest_route=%2Fwp%2Fv2%2Fproduct_tag&post=29305"}],"curies":[{"name":"wp","href":"https:\/\/api.w.org\/{rel}","templated":true}]}}