{"id":29489,"date":"2025-05-09T21:36:51","date_gmt":"2025-05-10T00:36:51","guid":{"rendered":"https:\/\/tienda.rigelec.com.ar\/?product=tijera-corta-tubos-para-tubo-rigido-o3-42mm"},"modified":"2026-05-01T00:33:07","modified_gmt":"2026-05-01T03:33:07","slug":"tijera-corta-tubos","status":"publish","type":"product","link":"https:\/\/tienda.rigelec.com.ar\/?product=tijera-corta-tubos","title":{"rendered":"TIJERA CORTA TUBOS PARA TUBO RIGIDO \u00d83 &#8211; 42MM"},"content":{"rendered":"<p>TIJERA CORTA TUBOS<\/p>\n<h3 data-start=\"74\" data-end=\"131\"><strong data-start=\"78\" data-end=\"131\">Tijera Corta Tubos \u00d83 &#8211; 42 mm | Cortatubos de PVC<\/strong><\/h3>\n<p data-start=\"133\" data-end=\"291\">Tijera de alta precisi\u00f3n para corte limpio y eficiente de tubos r\u00edgidos. Ideal para trabajos profesionales en instalaciones sanitarias, de riego o el\u00e9ctricas.<\/p>\n<p data-start=\"293\" data-end=\"325\"><strong data-start=\"293\" data-end=\"325\">Caracter\u00edsticas principales:<\/strong><\/p>\n<ul data-start=\"326\" data-end=\"533\">\n<li data-start=\"326\" data-end=\"364\">\n<p data-start=\"328\" data-end=\"364\">Corte \u00fanico, preciso y sin rebabas<\/p>\n<\/li>\n<li data-start=\"365\" data-end=\"385\">\n<p data-start=\"367\" data-end=\"385\">Longitud: 203 mm<\/p>\n<\/li>\n<li data-start=\"386\" data-end=\"418\">\n<p data-start=\"388\" data-end=\"418\">Di\u00e1metro de corte: 3 a 42 mm<\/p>\n<\/li>\n<li data-start=\"419\" data-end=\"462\">\n<p data-start=\"421\" data-end=\"462\">Material: Cuerpo de aluminio resistente<\/p>\n<\/li>\n<li data-start=\"463\" data-end=\"533\">\n<p data-start=\"465\" data-end=\"533\">Hoja recubierta de tefl\u00f3n para mayor durabilidad y suavidad de corte<\/p>\n<\/li>\n<\/ul>\n<p data-start=\"535\" data-end=\"638\">Pr\u00e1ctica, liviana y ergon\u00f3mica. Una herramienta imprescindible para electricistas, plomeros y t\u00e9cnicos.<\/p>\n","protected":false},"excerpt":{"rendered":"<p>Cortatubos de PVC<br \/>\nCorte \u00fanico<br \/>\nLongitud: 203mm<br \/>\nRecubierto de tefl\u00f3n<br \/>\nDi\u00e1metro de corte: 3 &#8211; 42mm<br \/>\nMaterial: Aluminio<\/p>\n","protected":false},"featured_media":29490,"comment_status":"open","ping_status":"closed","template":"","meta":{"_monsterinsights_skip_tracking":false,"_monsterinsights_sitenote_active":false,"_monsterinsights_sitenote_note":"","_monsterinsights_sitenote_category":0},"product_brand":[],"product_cat":[162],"product_tag":[452],"class_list":{"0":"post-29489","1":"product","2":"type-product","3":"status-publish","4":"has-post-thumbnail","6":"product_cat-a-manuales","7":"product_tag-jadever","9":"first","10":"outofstock","11":"shipping-taxable","12":"purchasable","13":"product-type-simple"},"yoast_head":"<!-- This site is optimized with the Yoast SEO plugin v25.3.1 - https:\/\/yoast.com\/wordpress\/plugins\/seo\/ -->\n<title>TIJERA CORTA TUBOS PARA TUBO RIGIDO \u00d83 - 42MM - Tienda Rigelec<\/title>\n<meta name=\"description\" content=\"TIJERA CORTA TUBOS PARA TUBO RIGIDO \u00d83 - 42MM Tienda Rigelec TIJERA CORTA TUBOS PARA TUBO RIGIDO \u00d83 - 42MM Tienda Rigelec\" \/>\n<meta name=\"robots\" content=\"index, follow, max-snippet:-1, max-image-preview:large, max-video-preview:-1\" \/>\n<link rel=\"canonical\" href=\"https:\/\/tienda.rigelec.com.ar\/?product=tijera-corta-tubos\" \/>\n<meta property=\"og:locale\" content=\"es_ES\" \/>\n<meta property=\"og:type\" content=\"article\" \/>\n<meta property=\"og:title\" content=\"TIJERA CORTA TUBOS PARA TUBO RIGIDO \u00d83 - 42MM - Tienda Rigelec\" \/>\n<meta property=\"og:description\" content=\"TIJERA CORTA TUBOS PARA TUBO RIGIDO \u00d83 - 42MM Tienda Rigelec TIJERA CORTA TUBOS PARA TUBO RIGIDO \u00d83 - 42MM Tienda Rigelec\" \/>\n<meta property=\"og:url\" content=\"https:\/\/tienda.rigelec.com.ar\/?product=tijera-corta-tubos\" \/>\n<meta property=\"og:site_name\" content=\"Tienda Rigelec\" \/>\n<meta property=\"article:modified_time\" content=\"2026-05-01T03:33:07+00:00\" \/>\n<meta property=\"og:image\" content=\"https:\/\/tienda.rigelec.com.ar\/wp-content\/uploads\/2025\/05\/TIJERACORTATUBOS.jpg\" \/>\n\t<meta property=\"og:image:width\" content=\"1080\" \/>\n\t<meta property=\"og:image:height\" content=\"947\" \/>\n\t<meta property=\"og:image:type\" content=\"image\/jpeg\" \/>\n<meta name=\"twitter:card\" content=\"summary_large_image\" \/>\n<meta name=\"twitter:label1\" content=\"Tiempo de lectura\" \/>\n\t<meta name=\"twitter:data1\" content=\"1 minuto\" \/>\n<script type=\"application\/ld+json\" class=\"yoast-schema-graph\">{\"@context\":\"https:\/\/schema.org\",\"@graph\":[{\"@type\":\"WebPage\",\"@id\":\"https:\/\/tienda.rigelec.com.ar\/?product=tijera-corta-tubos\",\"url\":\"https:\/\/tienda.rigelec.com.ar\/?product=tijera-corta-tubos\",\"name\":\"TIJERA CORTA TUBOS PARA TUBO RIGIDO \u00d83 - 42MM - Tienda Rigelec\",\"isPartOf\":{\"@id\":\"https:\/\/tienda.rigelec.com.ar\/#website\"},\"primaryImageOfPage\":{\"@id\":\"https:\/\/tienda.rigelec.com.ar\/?product=tijera-corta-tubos#primaryimage\"},\"image\":{\"@id\":\"https:\/\/tienda.rigelec.com.ar\/?product=tijera-corta-tubos#primaryimage\"},\"thumbnailUrl\":\"https:\/\/tienda.rigelec.com.ar\/wp-content\/uploads\/2025\/05\/TIJERACORTATUBOS.jpg\",\"datePublished\":\"2025-05-10T00:36:51+00:00\",\"dateModified\":\"2026-05-01T03:33:07+00:00\",\"description\":\"TIJERA CORTA TUBOS PARA TUBO RIGIDO \u00d83 - 42MM Tienda Rigelec TIJERA CORTA TUBOS PARA TUBO RIGIDO \u00d83 - 42MM Tienda Rigelec\",\"breadcrumb\":{\"@id\":\"https:\/\/tienda.rigelec.com.ar\/?product=tijera-corta-tubos#breadcrumb\"},\"inLanguage\":\"es-AR\",\"potentialAction\":[{\"@type\":\"ReadAction\",\"target\":[\"https:\/\/tienda.rigelec.com.ar\/?product=tijera-corta-tubos\"]}]},{\"@type\":\"ImageObject\",\"inLanguage\":\"es-AR\",\"@id\":\"https:\/\/tienda.rigelec.com.ar\/?product=tijera-corta-tubos#primaryimage\",\"url\":\"https:\/\/tienda.rigelec.com.ar\/wp-content\/uploads\/2025\/05\/TIJERACORTATUBOS.jpg\",\"contentUrl\":\"https:\/\/tienda.rigelec.com.ar\/wp-content\/uploads\/2025\/05\/TIJERACORTATUBOS.jpg\",\"width\":1080,\"height\":947},{\"@type\":\"BreadcrumbList\",\"@id\":\"https:\/\/tienda.rigelec.com.ar\/?product=tijera-corta-tubos#breadcrumb\",\"itemListElement\":[{\"@type\":\"ListItem\",\"position\":1,\"name\":\"Inicio\",\"item\":\"https:\/\/tienda.rigelec.com.ar\/\"},{\"@type\":\"ListItem\",\"position\":2,\"name\":\"Shop\",\"item\":\"https:\/\/tienda.rigelec.com.ar\/?page_id=12\"},{\"@type\":\"ListItem\",\"position\":3,\"name\":\"TIJERA CORTA TUBOS PARA TUBO RIGIDO \u00d83 &#8211; 42MM\"}]},{\"@type\":\"WebSite\",\"@id\":\"https:\/\/tienda.rigelec.com.ar\/#website\",\"url\":\"https:\/\/tienda.rigelec.com.ar\/\",\"name\":\"Tienda Rigelec\",\"description\":\"Energia en movimiento\",\"publisher\":{\"@id\":\"https:\/\/tienda.rigelec.com.ar\/#organization\"},\"potentialAction\":[{\"@type\":\"SearchAction\",\"target\":{\"@type\":\"EntryPoint\",\"urlTemplate\":\"https:\/\/tienda.rigelec.com.ar\/?s={search_term_string}\"},\"query-input\":{\"@type\":\"PropertyValueSpecification\",\"valueRequired\":true,\"valueName\":\"search_term_string\"}}],\"inLanguage\":\"es-AR\"},{\"@type\":\"Organization\",\"@id\":\"https:\/\/tienda.rigelec.com.ar\/#organization\",\"name\":\"Tienda Rigelec\",\"url\":\"https:\/\/tienda.rigelec.com.ar\/\",\"logo\":{\"@type\":\"ImageObject\",\"inLanguage\":\"es-AR\",\"@id\":\"https:\/\/tienda.rigelec.com.ar\/#\/schema\/logo\/image\/\",\"url\":\"https:\/\/tienda.rigelec.com.ar\/wp-content\/uploads\/2024\/09\/isologo-blanco-rigelec.png\",\"contentUrl\":\"https:\/\/tienda.rigelec.com.ar\/wp-content\/uploads\/2024\/09\/isologo-blanco-rigelec.png\",\"width\":94,\"height\":97,\"caption\":\"Tienda Rigelec\"},\"image\":{\"@id\":\"https:\/\/tienda.rigelec.com.ar\/#\/schema\/logo\/image\/\"}}]}<\/script>\n<!-- \/ Yoast SEO plugin. -->","yoast_head_json":{"title":"TIJERA CORTA TUBOS PARA TUBO RIGIDO \u00d83 - 42MM - Tienda Rigelec","description":"TIJERA CORTA TUBOS PARA TUBO RIGIDO \u00d83 - 42MM Tienda Rigelec TIJERA CORTA TUBOS PARA TUBO RIGIDO \u00d83 - 42MM Tienda Rigelec","robots":{"index":"index","follow":"follow","max-snippet":"max-snippet:-1","max-image-preview":"max-image-preview:large","max-video-preview":"max-video-preview:-1"},"canonical":"https:\/\/tienda.rigelec.com.ar\/?product=tijera-corta-tubos","og_locale":"es_ES","og_type":"article","og_title":"TIJERA CORTA TUBOS PARA TUBO RIGIDO \u00d83 - 42MM - Tienda Rigelec","og_description":"TIJERA CORTA TUBOS PARA TUBO RIGIDO \u00d83 - 42MM Tienda Rigelec TIJERA CORTA TUBOS PARA TUBO RIGIDO \u00d83 - 42MM Tienda Rigelec","og_url":"https:\/\/tienda.rigelec.com.ar\/?product=tijera-corta-tubos","og_site_name":"Tienda Rigelec","article_modified_time":"2026-05-01T03:33:07+00:00","og_image":[{"width":1080,"height":947,"url":"https:\/\/tienda.rigelec.com.ar\/wp-content\/uploads\/2025\/05\/TIJERACORTATUBOS.jpg","type":"image\/jpeg"}],"twitter_card":"summary_large_image","twitter_misc":{"Tiempo de lectura":"1 minuto"},"schema":{"@context":"https:\/\/schema.org","@graph":[{"@type":"WebPage","@id":"https:\/\/tienda.rigelec.com.ar\/?product=tijera-corta-tubos","url":"https:\/\/tienda.rigelec.com.ar\/?product=tijera-corta-tubos","name":"TIJERA CORTA TUBOS PARA TUBO RIGIDO \u00d83 - 42MM - Tienda Rigelec","isPartOf":{"@id":"https:\/\/tienda.rigelec.com.ar\/#website"},"primaryImageOfPage":{"@id":"https:\/\/tienda.rigelec.com.ar\/?product=tijera-corta-tubos#primaryimage"},"image":{"@id":"https:\/\/tienda.rigelec.com.ar\/?product=tijera-corta-tubos#primaryimage"},"thumbnailUrl":"https:\/\/tienda.rigelec.com.ar\/wp-content\/uploads\/2025\/05\/TIJERACORTATUBOS.jpg","datePublished":"2025-05-10T00:36:51+00:00","dateModified":"2026-05-01T03:33:07+00:00","description":"TIJERA CORTA TUBOS PARA TUBO RIGIDO \u00d83 - 42MM Tienda Rigelec TIJERA CORTA TUBOS PARA TUBO RIGIDO \u00d83 - 42MM Tienda Rigelec","breadcrumb":{"@id":"https:\/\/tienda.rigelec.com.ar\/?product=tijera-corta-tubos#breadcrumb"},"inLanguage":"es-AR","potentialAction":[{"@type":"ReadAction","target":["https:\/\/tienda.rigelec.com.ar\/?product=tijera-corta-tubos"]}]},{"@type":"ImageObject","inLanguage":"es-AR","@id":"https:\/\/tienda.rigelec.com.ar\/?product=tijera-corta-tubos#primaryimage","url":"https:\/\/tienda.rigelec.com.ar\/wp-content\/uploads\/2025\/05\/TIJERACORTATUBOS.jpg","contentUrl":"https:\/\/tienda.rigelec.com.ar\/wp-content\/uploads\/2025\/05\/TIJERACORTATUBOS.jpg","width":1080,"height":947},{"@type":"BreadcrumbList","@id":"https:\/\/tienda.rigelec.com.ar\/?product=tijera-corta-tubos#breadcrumb","itemListElement":[{"@type":"ListItem","position":1,"name":"Inicio","item":"https:\/\/tienda.rigelec.com.ar\/"},{"@type":"ListItem","position":2,"name":"Shop","item":"https:\/\/tienda.rigelec.com.ar\/?page_id=12"},{"@type":"ListItem","position":3,"name":"TIJERA CORTA TUBOS PARA TUBO RIGIDO \u00d83 &#8211; 42MM"}]},{"@type":"WebSite","@id":"https:\/\/tienda.rigelec.com.ar\/#website","url":"https:\/\/tienda.rigelec.com.ar\/","name":"Tienda Rigelec","description":"Energia en movimiento","publisher":{"@id":"https:\/\/tienda.rigelec.com.ar\/#organization"},"potentialAction":[{"@type":"SearchAction","target":{"@type":"EntryPoint","urlTemplate":"https:\/\/tienda.rigelec.com.ar\/?s={search_term_string}"},"query-input":{"@type":"PropertyValueSpecification","valueRequired":true,"valueName":"search_term_string"}}],"inLanguage":"es-AR"},{"@type":"Organization","@id":"https:\/\/tienda.rigelec.com.ar\/#organization","name":"Tienda Rigelec","url":"https:\/\/tienda.rigelec.com.ar\/","logo":{"@type":"ImageObject","inLanguage":"es-AR","@id":"https:\/\/tienda.rigelec.com.ar\/#\/schema\/logo\/image\/","url":"https:\/\/tienda.rigelec.com.ar\/wp-content\/uploads\/2024\/09\/isologo-blanco-rigelec.png","contentUrl":"https:\/\/tienda.rigelec.com.ar\/wp-content\/uploads\/2024\/09\/isologo-blanco-rigelec.png","width":94,"height":97,"caption":"Tienda Rigelec"},"image":{"@id":"https:\/\/tienda.rigelec.com.ar\/#\/schema\/logo\/image\/"}}]}},"jetpack_sharing_enabled":true,"_links":{"self":[{"href":"https:\/\/tienda.rigelec.com.ar\/index.php?rest_route=\/wp\/v2\/product\/29489","targetHints":{"allow":["GET"]}}],"collection":[{"href":"https:\/\/tienda.rigelec.com.ar\/index.php?rest_route=\/wp\/v2\/product"}],"about":[{"href":"https:\/\/tienda.rigelec.com.ar\/index.php?rest_route=\/wp\/v2\/types\/product"}],"replies":[{"embeddable":true,"href":"https:\/\/tienda.rigelec.com.ar\/index.php?rest_route=%2Fwp%2Fv2%2Fcomments&post=29489"}],"wp:featuredmedia":[{"embeddable":true,"href":"https:\/\/tienda.rigelec.com.ar\/index.php?rest_route=\/wp\/v2\/media\/29490"}],"wp:attachment":[{"href":"https:\/\/tienda.rigelec.com.ar\/index.php?rest_route=%2Fwp%2Fv2%2Fmedia&parent=29489"}],"wp:term":[{"taxonomy":"product_brand","embeddable":true,"href":"https:\/\/tienda.rigelec.com.ar\/index.php?rest_route=%2Fwp%2Fv2%2Fproduct_brand&post=29489"},{"taxonomy":"product_cat","embeddable":true,"href":"https:\/\/tienda.rigelec.com.ar\/index.php?rest_route=%2Fwp%2Fv2%2Fproduct_cat&post=29489"},{"taxonomy":"product_tag","embeddable":true,"href":"https:\/\/tienda.rigelec.com.ar\/index.php?rest_route=%2Fwp%2Fv2%2Fproduct_tag&post=29489"}],"curies":[{"name":"wp","href":"https:\/\/api.w.org\/{rel}","templated":true}]}}