{"id":29495,"date":"2025-05-09T21:37:57","date_gmt":"2025-05-10T00:37:57","guid":{"rendered":"https:\/\/tienda.rigelec.com.ar\/?product=nivel-burbuja-jdsl1g100-100mm"},"modified":"2026-05-01T00:33:53","modified_gmt":"2026-05-01T03:33:53","slug":"nivel-burbuja","status":"publish","type":"product","link":"https:\/\/tienda.rigelec.com.ar\/?product=nivel-burbuja","title":{"rendered":"NIVEL BURBUJA JDSL1G100 100MM"},"content":{"rendered":"<p>NIVEL BURBUJA<\/p>\n<h3 data-start=\"91\" data-end=\"135\"><strong data-start=\"95\" data-end=\"135\">Nivel de Burbuja 100 cm \u2013 3 Burbujas<\/strong><\/h3>\n<p data-start=\"137\" data-end=\"320\">Herramienta esencial para trabajos de instalaci\u00f3n, carpinter\u00eda, obra y decoraci\u00f3n, este nivel de burbuja de 100 cm ofrece precisi\u00f3n y resistencia para uso profesional o dom\u00e9stico.<\/p>\n<p data-start=\"322\" data-end=\"342\"><strong data-start=\"322\" data-end=\"342\">Caracter\u00edsticas:<\/strong><\/p>\n<ul data-start=\"343\" data-end=\"612\">\n<li data-start=\"343\" data-end=\"367\">\n<p data-start=\"345\" data-end=\"367\">Longitud: 100 cm<\/p>\n<\/li>\n<li data-start=\"368\" data-end=\"430\">\n<p data-start=\"370\" data-end=\"430\">Cantidad de burbujas: 3 (horizontal, vertical y a 45\u00b0)<\/p>\n<\/li>\n<li data-start=\"431\" data-end=\"497\">\n<p data-start=\"433\" data-end=\"497\">Cuerpo: Robusto y liviano, ideal para trabajos prolongados<\/p>\n<\/li>\n<li data-start=\"498\" data-end=\"554\">\n<p data-start=\"500\" data-end=\"554\">Empu\u00f1aduras: Agarre ergon\u00f3mico para mejor manejo<\/p>\n<\/li>\n<li data-start=\"555\" data-end=\"612\">\n<p data-start=\"557\" data-end=\"612\">Color: Verde con detalles amarillos (marca: JROVER)<\/p>\n<\/li>\n<\/ul>\n<p data-start=\"614\" data-end=\"738\">Garantiza mediciones exactas en todo tipo de superficies y es una herramienta imprescindible para lograr acabados perfectos.<\/p>\n","protected":false},"excerpt":{"rendered":"<p>Nivel de burbuja<br \/>\nLongitud: 100 cm 3 burbujas<\/p>\n","protected":false},"featured_media":29496,"comment_status":"open","ping_status":"closed","template":"","meta":{"_monsterinsights_skip_tracking":false,"_monsterinsights_sitenote_active":false,"_monsterinsights_sitenote_note":"","_monsterinsights_sitenote_category":0},"product_brand":[],"product_cat":[367],"product_tag":[452],"class_list":{"0":"post-29495","1":"product","2":"type-product","3":"status-publish","4":"has-post-thumbnail","6":"product_cat-d-instrumentos-de-medicion","7":"product_tag-jadever","9":"first","10":"instock","11":"shipping-taxable","12":"purchasable","13":"product-type-simple"},"yoast_head":"<!-- This site is optimized with the Yoast SEO plugin v25.3.1 - https:\/\/yoast.com\/wordpress\/plugins\/seo\/ -->\n<title>NIVEL BURBUJA JDSL1G100 100MM - Tienda Rigelec<\/title>\n<meta name=\"description\" content=\"NIVEL BURBUJA JDSL1G100 100MM Tienda Rigelec NIVEL BURBUJA JDSL1G100 100MM Tienda Rigelec NIVEL BURBUJA JDSL1G100 100MM Tienda Rigelec\" \/>\n<meta name=\"robots\" content=\"index, follow, max-snippet:-1, max-image-preview:large, max-video-preview:-1\" \/>\n<link rel=\"canonical\" href=\"https:\/\/tienda.rigelec.com.ar\/?product=nivel-burbuja\" \/>\n<meta property=\"og:locale\" content=\"es_ES\" \/>\n<meta property=\"og:type\" content=\"article\" \/>\n<meta property=\"og:title\" content=\"NIVEL BURBUJA JDSL1G100 100MM - Tienda Rigelec\" \/>\n<meta property=\"og:description\" content=\"NIVEL BURBUJA JDSL1G100 100MM Tienda Rigelec NIVEL BURBUJA JDSL1G100 100MM Tienda Rigelec NIVEL BURBUJA JDSL1G100 100MM Tienda Rigelec\" \/>\n<meta property=\"og:url\" content=\"https:\/\/tienda.rigelec.com.ar\/?product=nivel-burbuja\" \/>\n<meta property=\"og:site_name\" content=\"Tienda Rigelec\" \/>\n<meta property=\"article:modified_time\" content=\"2026-05-01T03:33:53+00:00\" \/>\n<meta property=\"og:image\" content=\"https:\/\/tienda.rigelec.com.ar\/wp-content\/uploads\/2025\/05\/NIVELBURBUJA.jpg\" \/>\n\t<meta property=\"og:image:width\" content=\"600\" \/>\n\t<meta property=\"og:image:height\" content=\"600\" \/>\n\t<meta property=\"og:image:type\" content=\"image\/jpeg\" \/>\n<meta name=\"twitter:card\" content=\"summary_large_image\" \/>\n<meta name=\"twitter:label1\" content=\"Tiempo de lectura\" \/>\n\t<meta name=\"twitter:data1\" content=\"1 minuto\" \/>\n<script type=\"application\/ld+json\" class=\"yoast-schema-graph\">{\"@context\":\"https:\/\/schema.org\",\"@graph\":[{\"@type\":\"WebPage\",\"@id\":\"https:\/\/tienda.rigelec.com.ar\/?product=nivel-burbuja\",\"url\":\"https:\/\/tienda.rigelec.com.ar\/?product=nivel-burbuja\",\"name\":\"NIVEL BURBUJA JDSL1G100 100MM - Tienda Rigelec\",\"isPartOf\":{\"@id\":\"https:\/\/tienda.rigelec.com.ar\/#website\"},\"primaryImageOfPage\":{\"@id\":\"https:\/\/tienda.rigelec.com.ar\/?product=nivel-burbuja#primaryimage\"},\"image\":{\"@id\":\"https:\/\/tienda.rigelec.com.ar\/?product=nivel-burbuja#primaryimage\"},\"thumbnailUrl\":\"https:\/\/tienda.rigelec.com.ar\/wp-content\/uploads\/2025\/05\/NIVELBURBUJA.jpg\",\"datePublished\":\"2025-05-10T00:37:57+00:00\",\"dateModified\":\"2026-05-01T03:33:53+00:00\",\"description\":\"NIVEL BURBUJA JDSL1G100 100MM Tienda Rigelec NIVEL BURBUJA JDSL1G100 100MM Tienda Rigelec NIVEL BURBUJA JDSL1G100 100MM Tienda Rigelec\",\"breadcrumb\":{\"@id\":\"https:\/\/tienda.rigelec.com.ar\/?product=nivel-burbuja#breadcrumb\"},\"inLanguage\":\"es-AR\",\"potentialAction\":[{\"@type\":\"ReadAction\",\"target\":[\"https:\/\/tienda.rigelec.com.ar\/?product=nivel-burbuja\"]}]},{\"@type\":\"ImageObject\",\"inLanguage\":\"es-AR\",\"@id\":\"https:\/\/tienda.rigelec.com.ar\/?product=nivel-burbuja#primaryimage\",\"url\":\"https:\/\/tienda.rigelec.com.ar\/wp-content\/uploads\/2025\/05\/NIVELBURBUJA.jpg\",\"contentUrl\":\"https:\/\/tienda.rigelec.com.ar\/wp-content\/uploads\/2025\/05\/NIVELBURBUJA.jpg\",\"width\":600,\"height\":600},{\"@type\":\"BreadcrumbList\",\"@id\":\"https:\/\/tienda.rigelec.com.ar\/?product=nivel-burbuja#breadcrumb\",\"itemListElement\":[{\"@type\":\"ListItem\",\"position\":1,\"name\":\"Inicio\",\"item\":\"https:\/\/tienda.rigelec.com.ar\/\"},{\"@type\":\"ListItem\",\"position\":2,\"name\":\"Shop\",\"item\":\"https:\/\/tienda.rigelec.com.ar\/?page_id=12\"},{\"@type\":\"ListItem\",\"position\":3,\"name\":\"NIVEL BURBUJA JDSL1G100 100MM\"}]},{\"@type\":\"WebSite\",\"@id\":\"https:\/\/tienda.rigelec.com.ar\/#website\",\"url\":\"https:\/\/tienda.rigelec.com.ar\/\",\"name\":\"Tienda Rigelec\",\"description\":\"Energia en movimiento\",\"publisher\":{\"@id\":\"https:\/\/tienda.rigelec.com.ar\/#organization\"},\"potentialAction\":[{\"@type\":\"SearchAction\",\"target\":{\"@type\":\"EntryPoint\",\"urlTemplate\":\"https:\/\/tienda.rigelec.com.ar\/?s={search_term_string}\"},\"query-input\":{\"@type\":\"PropertyValueSpecification\",\"valueRequired\":true,\"valueName\":\"search_term_string\"}}],\"inLanguage\":\"es-AR\"},{\"@type\":\"Organization\",\"@id\":\"https:\/\/tienda.rigelec.com.ar\/#organization\",\"name\":\"Tienda Rigelec\",\"url\":\"https:\/\/tienda.rigelec.com.ar\/\",\"logo\":{\"@type\":\"ImageObject\",\"inLanguage\":\"es-AR\",\"@id\":\"https:\/\/tienda.rigelec.com.ar\/#\/schema\/logo\/image\/\",\"url\":\"https:\/\/tienda.rigelec.com.ar\/wp-content\/uploads\/2024\/09\/isologo-blanco-rigelec.png\",\"contentUrl\":\"https:\/\/tienda.rigelec.com.ar\/wp-content\/uploads\/2024\/09\/isologo-blanco-rigelec.png\",\"width\":94,\"height\":97,\"caption\":\"Tienda Rigelec\"},\"image\":{\"@id\":\"https:\/\/tienda.rigelec.com.ar\/#\/schema\/logo\/image\/\"}}]}<\/script>\n<!-- \/ Yoast SEO plugin. -->","yoast_head_json":{"title":"NIVEL BURBUJA JDSL1G100 100MM - Tienda Rigelec","description":"NIVEL BURBUJA JDSL1G100 100MM Tienda Rigelec NIVEL BURBUJA JDSL1G100 100MM Tienda Rigelec NIVEL BURBUJA JDSL1G100 100MM Tienda Rigelec","robots":{"index":"index","follow":"follow","max-snippet":"max-snippet:-1","max-image-preview":"max-image-preview:large","max-video-preview":"max-video-preview:-1"},"canonical":"https:\/\/tienda.rigelec.com.ar\/?product=nivel-burbuja","og_locale":"es_ES","og_type":"article","og_title":"NIVEL BURBUJA JDSL1G100 100MM - Tienda Rigelec","og_description":"NIVEL BURBUJA JDSL1G100 100MM Tienda Rigelec NIVEL BURBUJA JDSL1G100 100MM Tienda Rigelec NIVEL BURBUJA JDSL1G100 100MM Tienda Rigelec","og_url":"https:\/\/tienda.rigelec.com.ar\/?product=nivel-burbuja","og_site_name":"Tienda Rigelec","article_modified_time":"2026-05-01T03:33:53+00:00","og_image":[{"width":600,"height":600,"url":"https:\/\/tienda.rigelec.com.ar\/wp-content\/uploads\/2025\/05\/NIVELBURBUJA.jpg","type":"image\/jpeg"}],"twitter_card":"summary_large_image","twitter_misc":{"Tiempo de lectura":"1 minuto"},"schema":{"@context":"https:\/\/schema.org","@graph":[{"@type":"WebPage","@id":"https:\/\/tienda.rigelec.com.ar\/?product=nivel-burbuja","url":"https:\/\/tienda.rigelec.com.ar\/?product=nivel-burbuja","name":"NIVEL BURBUJA JDSL1G100 100MM - Tienda Rigelec","isPartOf":{"@id":"https:\/\/tienda.rigelec.com.ar\/#website"},"primaryImageOfPage":{"@id":"https:\/\/tienda.rigelec.com.ar\/?product=nivel-burbuja#primaryimage"},"image":{"@id":"https:\/\/tienda.rigelec.com.ar\/?product=nivel-burbuja#primaryimage"},"thumbnailUrl":"https:\/\/tienda.rigelec.com.ar\/wp-content\/uploads\/2025\/05\/NIVELBURBUJA.jpg","datePublished":"2025-05-10T00:37:57+00:00","dateModified":"2026-05-01T03:33:53+00:00","description":"NIVEL BURBUJA JDSL1G100 100MM Tienda Rigelec NIVEL BURBUJA JDSL1G100 100MM Tienda Rigelec NIVEL BURBUJA JDSL1G100 100MM Tienda Rigelec","breadcrumb":{"@id":"https:\/\/tienda.rigelec.com.ar\/?product=nivel-burbuja#breadcrumb"},"inLanguage":"es-AR","potentialAction":[{"@type":"ReadAction","target":["https:\/\/tienda.rigelec.com.ar\/?product=nivel-burbuja"]}]},{"@type":"ImageObject","inLanguage":"es-AR","@id":"https:\/\/tienda.rigelec.com.ar\/?product=nivel-burbuja#primaryimage","url":"https:\/\/tienda.rigelec.com.ar\/wp-content\/uploads\/2025\/05\/NIVELBURBUJA.jpg","contentUrl":"https:\/\/tienda.rigelec.com.ar\/wp-content\/uploads\/2025\/05\/NIVELBURBUJA.jpg","width":600,"height":600},{"@type":"BreadcrumbList","@id":"https:\/\/tienda.rigelec.com.ar\/?product=nivel-burbuja#breadcrumb","itemListElement":[{"@type":"ListItem","position":1,"name":"Inicio","item":"https:\/\/tienda.rigelec.com.ar\/"},{"@type":"ListItem","position":2,"name":"Shop","item":"https:\/\/tienda.rigelec.com.ar\/?page_id=12"},{"@type":"ListItem","position":3,"name":"NIVEL BURBUJA JDSL1G100 100MM"}]},{"@type":"WebSite","@id":"https:\/\/tienda.rigelec.com.ar\/#website","url":"https:\/\/tienda.rigelec.com.ar\/","name":"Tienda Rigelec","description":"Energia en movimiento","publisher":{"@id":"https:\/\/tienda.rigelec.com.ar\/#organization"},"potentialAction":[{"@type":"SearchAction","target":{"@type":"EntryPoint","urlTemplate":"https:\/\/tienda.rigelec.com.ar\/?s={search_term_string}"},"query-input":{"@type":"PropertyValueSpecification","valueRequired":true,"valueName":"search_term_string"}}],"inLanguage":"es-AR"},{"@type":"Organization","@id":"https:\/\/tienda.rigelec.com.ar\/#organization","name":"Tienda Rigelec","url":"https:\/\/tienda.rigelec.com.ar\/","logo":{"@type":"ImageObject","inLanguage":"es-AR","@id":"https:\/\/tienda.rigelec.com.ar\/#\/schema\/logo\/image\/","url":"https:\/\/tienda.rigelec.com.ar\/wp-content\/uploads\/2024\/09\/isologo-blanco-rigelec.png","contentUrl":"https:\/\/tienda.rigelec.com.ar\/wp-content\/uploads\/2024\/09\/isologo-blanco-rigelec.png","width":94,"height":97,"caption":"Tienda Rigelec"},"image":{"@id":"https:\/\/tienda.rigelec.com.ar\/#\/schema\/logo\/image\/"}}]}},"jetpack_sharing_enabled":true,"_links":{"self":[{"href":"https:\/\/tienda.rigelec.com.ar\/index.php?rest_route=\/wp\/v2\/product\/29495","targetHints":{"allow":["GET"]}}],"collection":[{"href":"https:\/\/tienda.rigelec.com.ar\/index.php?rest_route=\/wp\/v2\/product"}],"about":[{"href":"https:\/\/tienda.rigelec.com.ar\/index.php?rest_route=\/wp\/v2\/types\/product"}],"replies":[{"embeddable":true,"href":"https:\/\/tienda.rigelec.com.ar\/index.php?rest_route=%2Fwp%2Fv2%2Fcomments&post=29495"}],"wp:featuredmedia":[{"embeddable":true,"href":"https:\/\/tienda.rigelec.com.ar\/index.php?rest_route=\/wp\/v2\/media\/29496"}],"wp:attachment":[{"href":"https:\/\/tienda.rigelec.com.ar\/index.php?rest_route=%2Fwp%2Fv2%2Fmedia&parent=29495"}],"wp:term":[{"taxonomy":"product_brand","embeddable":true,"href":"https:\/\/tienda.rigelec.com.ar\/index.php?rest_route=%2Fwp%2Fv2%2Fproduct_brand&post=29495"},{"taxonomy":"product_cat","embeddable":true,"href":"https:\/\/tienda.rigelec.com.ar\/index.php?rest_route=%2Fwp%2Fv2%2Fproduct_cat&post=29495"},{"taxonomy":"product_tag","embeddable":true,"href":"https:\/\/tienda.rigelec.com.ar\/index.php?rest_route=%2Fwp%2Fv2%2Fproduct_tag&post=29495"}],"curies":[{"name":"wp","href":"https:\/\/api.w.org\/{rel}","templated":true}]}}