{"id":29505,"date":"2025-05-10T00:19:19","date_gmt":"2025-05-10T03:19:19","guid":{"rendered":"https:\/\/tienda.rigelec.com.ar\/?product=portero-frente-exterior-telefono-sin-cerradura-dp-2sdr-201d-220v"},"modified":"2026-05-01T07:26:41","modified_gmt":"2026-05-01T10:26:41","slug":"portero-frente-exterior-telefono-sin-cerradura-dp-2sdr-201d-220v","status":"publish","type":"product","link":"https:\/\/tienda.rigelec.com.ar\/?product=portero-frente-exterior-telefono-sin-cerradura-dp-2sdr-201d-220v","title":{"rendered":"PORTERO FRENTE EXTERIOR + TELEFONO SIN CERRADURA DP-2S+DR-201D 220V"},"content":{"rendered":"<p>PORTERO FRENTE EXTERIOR + TELEFONO SIN CERRADURA<\/p>\n","protected":false},"excerpt":{"rendered":"<p>2 cables sin polaridad<br \/>\nLlamada al visitante<br \/>\nApertura de puerta sin trafo a cerradura<br \/>\nDesarrollo user-friendly del tubo con c\u00f3moda empu\u00f1adura<br \/>\nAlimentaci\u00f3n: AC 220V, 50Hz<br \/>\nMontaje: En Superficie<br \/>\nCableado: 2 conductores + 2 cerraduras<br \/>\nDetalles:<br \/>\nPara la conexi\u00f3n deber\u00e1 utilizar cables de 0.5mm de secci\u00f3n para una distancia de hasta 40mts, y cables de 1mm de secci\u00f3n para distancias de hasta 100mts.<\/p>\n<p>El portero el\u00e9ctrico mod DP-2S no entrega directamente tensi\u00f3n para la cerradura el\u00e9ctrica, necesita adicionarse un transformador de 220v-12v 500ma AC, exclusivo para la cerradura<br \/>\nKIT DP-2S + DR-201D<\/p>\n","protected":false},"featured_media":29506,"comment_status":"open","ping_status":"closed","template":"","meta":{"_monsterinsights_skip_tracking":false,"_monsterinsights_sitenote_active":false,"_monsterinsights_sitenote_note":"","_monsterinsights_sitenote_category":0},"product_brand":[],"product_cat":[167],"product_tag":[101],"class_list":{"0":"post-29505","1":"product","2":"type-product","3":"status-publish","4":"has-post-thumbnail","6":"product_cat-i-electricos","7":"product_tag-commax","9":"first","10":"instock","11":"shipping-taxable","12":"purchasable","13":"product-type-simple"},"yoast_head":"<!-- This site is optimized with the Yoast SEO plugin v25.3.1 - https:\/\/yoast.com\/wordpress\/plugins\/seo\/ -->\n<title>PORTERO FRENTE EXTERIOR + TELEFONO SIN CERRADURA DP-2S+DR-201D 220V - Tienda Rigelec<\/title>\n<meta name=\"robots\" content=\"index, follow, max-snippet:-1, max-image-preview:large, max-video-preview:-1\" \/>\n<link rel=\"canonical\" href=\"https:\/\/tienda.rigelec.com.ar\/?product=portero-frente-exterior-telefono-sin-cerradura-dp-2sdr-201d-220v\" \/>\n<meta property=\"og:locale\" content=\"es_ES\" \/>\n<meta property=\"og:type\" content=\"article\" \/>\n<meta property=\"og:title\" content=\"PORTERO FRENTE EXTERIOR + TELEFONO SIN CERRADURA DP-2S+DR-201D 220V - Tienda Rigelec\" \/>\n<meta property=\"og:description\" content=\"2 cables sin polaridad Llamada al visitante Apertura de puerta sin trafo a cerradura Desarrollo user-friendly del tubo con c\u00f3moda empu\u00f1adura Alimentaci\u00f3n: AC 220V, 50Hz Montaje: En Superficie Cableado: 2 conductores + 2 cerraduras Detalles: Para la conexi\u00f3n deber\u00e1 utilizar cables de 0.5mm de secci\u00f3n para una distancia de hasta 40mts, y cables de 1mm de secci\u00f3n para distancias de hasta 100mts.  El portero el\u00e9ctrico mod DP-2S no entrega directamente tensi\u00f3n para la cerradura el\u00e9ctrica, necesita adicionarse un transformador de 220v-12v 500ma AC, exclusivo para la cerradura KIT DP-2S + DR-201D\" \/>\n<meta property=\"og:url\" content=\"https:\/\/tienda.rigelec.com.ar\/?product=portero-frente-exterior-telefono-sin-cerradura-dp-2sdr-201d-220v\" \/>\n<meta property=\"og:site_name\" content=\"Tienda Rigelec\" \/>\n<meta property=\"article:modified_time\" content=\"2026-05-01T10:26:41+00:00\" \/>\n<meta name=\"twitter:card\" content=\"summary_large_image\" \/>\n<script type=\"application\/ld+json\" class=\"yoast-schema-graph\">{\"@context\":\"https:\/\/schema.org\",\"@graph\":[{\"@type\":\"WebPage\",\"@id\":\"https:\/\/tienda.rigelec.com.ar\/?product=portero-frente-exterior-telefono-sin-cerradura-dp-2sdr-201d-220v\",\"url\":\"https:\/\/tienda.rigelec.com.ar\/?product=portero-frente-exterior-telefono-sin-cerradura-dp-2sdr-201d-220v\",\"name\":\"PORTERO FRENTE EXTERIOR + TELEFONO SIN CERRADURA DP-2S+DR-201D 220V - Tienda Rigelec\",\"isPartOf\":{\"@id\":\"https:\/\/tienda.rigelec.com.ar\/#website\"},\"primaryImageOfPage\":{\"@id\":\"https:\/\/tienda.rigelec.com.ar\/?product=portero-frente-exterior-telefono-sin-cerradura-dp-2sdr-201d-220v#primaryimage\"},\"image\":{\"@id\":\"https:\/\/tienda.rigelec.com.ar\/?product=portero-frente-exterior-telefono-sin-cerradura-dp-2sdr-201d-220v#primaryimage\"},\"thumbnailUrl\":\"https:\/\/tienda.rigelec.com.ar\/wp-content\/uploads\/2025\/05\/PORTEROFRENTEEXTERIORTELEFONOSINCERRADURA.jpg\",\"datePublished\":\"2025-05-10T03:19:19+00:00\",\"dateModified\":\"2026-05-01T10:26:41+00:00\",\"breadcrumb\":{\"@id\":\"https:\/\/tienda.rigelec.com.ar\/?product=portero-frente-exterior-telefono-sin-cerradura-dp-2sdr-201d-220v#breadcrumb\"},\"inLanguage\":\"es-AR\",\"potentialAction\":[{\"@type\":\"ReadAction\",\"target\":[\"https:\/\/tienda.rigelec.com.ar\/?product=portero-frente-exterior-telefono-sin-cerradura-dp-2sdr-201d-220v\"]}]},{\"@type\":\"ImageObject\",\"inLanguage\":\"es-AR\",\"@id\":\"https:\/\/tienda.rigelec.com.ar\/?product=portero-frente-exterior-telefono-sin-cerradura-dp-2sdr-201d-220v#primaryimage\",\"url\":\"https:\/\/tienda.rigelec.com.ar\/wp-content\/uploads\/2025\/05\/PORTEROFRENTEEXTERIORTELEFONOSINCERRADURA.jpg\",\"contentUrl\":\"https:\/\/tienda.rigelec.com.ar\/wp-content\/uploads\/2025\/05\/PORTEROFRENTEEXTERIORTELEFONOSINCERRADURA.jpg\",\"width\":1080,\"height\":1080},{\"@type\":\"BreadcrumbList\",\"@id\":\"https:\/\/tienda.rigelec.com.ar\/?product=portero-frente-exterior-telefono-sin-cerradura-dp-2sdr-201d-220v#breadcrumb\",\"itemListElement\":[{\"@type\":\"ListItem\",\"position\":1,\"name\":\"Inicio\",\"item\":\"https:\/\/tienda.rigelec.com.ar\/\"},{\"@type\":\"ListItem\",\"position\":2,\"name\":\"Shop\",\"item\":\"https:\/\/tienda.rigelec.com.ar\/?page_id=12\"},{\"@type\":\"ListItem\",\"position\":3,\"name\":\"PORTERO FRENTE EXTERIOR + TELEFONO SIN CERRADURA DP-2S+DR-201D 220V\"}]},{\"@type\":\"WebSite\",\"@id\":\"https:\/\/tienda.rigelec.com.ar\/#website\",\"url\":\"https:\/\/tienda.rigelec.com.ar\/\",\"name\":\"Tienda Rigelec\",\"description\":\"Energia en movimiento\",\"publisher\":{\"@id\":\"https:\/\/tienda.rigelec.com.ar\/#organization\"},\"potentialAction\":[{\"@type\":\"SearchAction\",\"target\":{\"@type\":\"EntryPoint\",\"urlTemplate\":\"https:\/\/tienda.rigelec.com.ar\/?s={search_term_string}\"},\"query-input\":{\"@type\":\"PropertyValueSpecification\",\"valueRequired\":true,\"valueName\":\"search_term_string\"}}],\"inLanguage\":\"es-AR\"},{\"@type\":\"Organization\",\"@id\":\"https:\/\/tienda.rigelec.com.ar\/#organization\",\"name\":\"Tienda Rigelec\",\"url\":\"https:\/\/tienda.rigelec.com.ar\/\",\"logo\":{\"@type\":\"ImageObject\",\"inLanguage\":\"es-AR\",\"@id\":\"https:\/\/tienda.rigelec.com.ar\/#\/schema\/logo\/image\/\",\"url\":\"https:\/\/tienda.rigelec.com.ar\/wp-content\/uploads\/2024\/09\/isologo-blanco-rigelec.png\",\"contentUrl\":\"https:\/\/tienda.rigelec.com.ar\/wp-content\/uploads\/2024\/09\/isologo-blanco-rigelec.png\",\"width\":94,\"height\":97,\"caption\":\"Tienda Rigelec\"},\"image\":{\"@id\":\"https:\/\/tienda.rigelec.com.ar\/#\/schema\/logo\/image\/\"}}]}<\/script>\n<!-- \/ Yoast SEO plugin. -->","yoast_head_json":{"title":"PORTERO FRENTE EXTERIOR + TELEFONO SIN CERRADURA DP-2S+DR-201D 220V - Tienda Rigelec","robots":{"index":"index","follow":"follow","max-snippet":"max-snippet:-1","max-image-preview":"max-image-preview:large","max-video-preview":"max-video-preview:-1"},"canonical":"https:\/\/tienda.rigelec.com.ar\/?product=portero-frente-exterior-telefono-sin-cerradura-dp-2sdr-201d-220v","og_locale":"es_ES","og_type":"article","og_title":"PORTERO FRENTE EXTERIOR + TELEFONO SIN CERRADURA DP-2S+DR-201D 220V - Tienda Rigelec","og_description":"2 cables sin polaridad Llamada al visitante Apertura de puerta sin trafo a cerradura Desarrollo user-friendly del tubo con c\u00f3moda empu\u00f1adura Alimentaci\u00f3n: AC 220V, 50Hz Montaje: En Superficie Cableado: 2 conductores + 2 cerraduras Detalles: Para la conexi\u00f3n deber\u00e1 utilizar cables de 0.5mm de secci\u00f3n para una distancia de hasta 40mts, y cables de 1mm de secci\u00f3n para distancias de hasta 100mts.  El portero el\u00e9ctrico mod DP-2S no entrega directamente tensi\u00f3n para la cerradura el\u00e9ctrica, necesita adicionarse un transformador de 220v-12v 500ma AC, exclusivo para la cerradura KIT DP-2S + DR-201D","og_url":"https:\/\/tienda.rigelec.com.ar\/?product=portero-frente-exterior-telefono-sin-cerradura-dp-2sdr-201d-220v","og_site_name":"Tienda Rigelec","article_modified_time":"2026-05-01T10:26:41+00:00","twitter_card":"summary_large_image","schema":{"@context":"https:\/\/schema.org","@graph":[{"@type":"WebPage","@id":"https:\/\/tienda.rigelec.com.ar\/?product=portero-frente-exterior-telefono-sin-cerradura-dp-2sdr-201d-220v","url":"https:\/\/tienda.rigelec.com.ar\/?product=portero-frente-exterior-telefono-sin-cerradura-dp-2sdr-201d-220v","name":"PORTERO FRENTE EXTERIOR + TELEFONO SIN CERRADURA DP-2S+DR-201D 220V - Tienda Rigelec","isPartOf":{"@id":"https:\/\/tienda.rigelec.com.ar\/#website"},"primaryImageOfPage":{"@id":"https:\/\/tienda.rigelec.com.ar\/?product=portero-frente-exterior-telefono-sin-cerradura-dp-2sdr-201d-220v#primaryimage"},"image":{"@id":"https:\/\/tienda.rigelec.com.ar\/?product=portero-frente-exterior-telefono-sin-cerradura-dp-2sdr-201d-220v#primaryimage"},"thumbnailUrl":"https:\/\/tienda.rigelec.com.ar\/wp-content\/uploads\/2025\/05\/PORTEROFRENTEEXTERIORTELEFONOSINCERRADURA.jpg","datePublished":"2025-05-10T03:19:19+00:00","dateModified":"2026-05-01T10:26:41+00:00","breadcrumb":{"@id":"https:\/\/tienda.rigelec.com.ar\/?product=portero-frente-exterior-telefono-sin-cerradura-dp-2sdr-201d-220v#breadcrumb"},"inLanguage":"es-AR","potentialAction":[{"@type":"ReadAction","target":["https:\/\/tienda.rigelec.com.ar\/?product=portero-frente-exterior-telefono-sin-cerradura-dp-2sdr-201d-220v"]}]},{"@type":"ImageObject","inLanguage":"es-AR","@id":"https:\/\/tienda.rigelec.com.ar\/?product=portero-frente-exterior-telefono-sin-cerradura-dp-2sdr-201d-220v#primaryimage","url":"https:\/\/tienda.rigelec.com.ar\/wp-content\/uploads\/2025\/05\/PORTEROFRENTEEXTERIORTELEFONOSINCERRADURA.jpg","contentUrl":"https:\/\/tienda.rigelec.com.ar\/wp-content\/uploads\/2025\/05\/PORTEROFRENTEEXTERIORTELEFONOSINCERRADURA.jpg","width":1080,"height":1080},{"@type":"BreadcrumbList","@id":"https:\/\/tienda.rigelec.com.ar\/?product=portero-frente-exterior-telefono-sin-cerradura-dp-2sdr-201d-220v#breadcrumb","itemListElement":[{"@type":"ListItem","position":1,"name":"Inicio","item":"https:\/\/tienda.rigelec.com.ar\/"},{"@type":"ListItem","position":2,"name":"Shop","item":"https:\/\/tienda.rigelec.com.ar\/?page_id=12"},{"@type":"ListItem","position":3,"name":"PORTERO FRENTE EXTERIOR + TELEFONO SIN CERRADURA DP-2S+DR-201D 220V"}]},{"@type":"WebSite","@id":"https:\/\/tienda.rigelec.com.ar\/#website","url":"https:\/\/tienda.rigelec.com.ar\/","name":"Tienda Rigelec","description":"Energia en movimiento","publisher":{"@id":"https:\/\/tienda.rigelec.com.ar\/#organization"},"potentialAction":[{"@type":"SearchAction","target":{"@type":"EntryPoint","urlTemplate":"https:\/\/tienda.rigelec.com.ar\/?s={search_term_string}"},"query-input":{"@type":"PropertyValueSpecification","valueRequired":true,"valueName":"search_term_string"}}],"inLanguage":"es-AR"},{"@type":"Organization","@id":"https:\/\/tienda.rigelec.com.ar\/#organization","name":"Tienda Rigelec","url":"https:\/\/tienda.rigelec.com.ar\/","logo":{"@type":"ImageObject","inLanguage":"es-AR","@id":"https:\/\/tienda.rigelec.com.ar\/#\/schema\/logo\/image\/","url":"https:\/\/tienda.rigelec.com.ar\/wp-content\/uploads\/2024\/09\/isologo-blanco-rigelec.png","contentUrl":"https:\/\/tienda.rigelec.com.ar\/wp-content\/uploads\/2024\/09\/isologo-blanco-rigelec.png","width":94,"height":97,"caption":"Tienda Rigelec"},"image":{"@id":"https:\/\/tienda.rigelec.com.ar\/#\/schema\/logo\/image\/"}}]}},"jetpack_sharing_enabled":true,"_links":{"self":[{"href":"https:\/\/tienda.rigelec.com.ar\/index.php?rest_route=\/wp\/v2\/product\/29505","targetHints":{"allow":["GET"]}}],"collection":[{"href":"https:\/\/tienda.rigelec.com.ar\/index.php?rest_route=\/wp\/v2\/product"}],"about":[{"href":"https:\/\/tienda.rigelec.com.ar\/index.php?rest_route=\/wp\/v2\/types\/product"}],"replies":[{"embeddable":true,"href":"https:\/\/tienda.rigelec.com.ar\/index.php?rest_route=%2Fwp%2Fv2%2Fcomments&post=29505"}],"wp:featuredmedia":[{"embeddable":true,"href":"https:\/\/tienda.rigelec.com.ar\/index.php?rest_route=\/wp\/v2\/media\/29506"}],"wp:attachment":[{"href":"https:\/\/tienda.rigelec.com.ar\/index.php?rest_route=%2Fwp%2Fv2%2Fmedia&parent=29505"}],"wp:term":[{"taxonomy":"product_brand","embeddable":true,"href":"https:\/\/tienda.rigelec.com.ar\/index.php?rest_route=%2Fwp%2Fv2%2Fproduct_brand&post=29505"},{"taxonomy":"product_cat","embeddable":true,"href":"https:\/\/tienda.rigelec.com.ar\/index.php?rest_route=%2Fwp%2Fv2%2Fproduct_cat&post=29505"},{"taxonomy":"product_tag","embeddable":true,"href":"https:\/\/tienda.rigelec.com.ar\/index.php?rest_route=%2Fwp%2Fv2%2Fproduct_tag&post=29505"}],"curies":[{"name":"wp","href":"https:\/\/api.w.org\/{rel}","templated":true}]}}