{"id":29709,"date":"2025-05-21T11:52:08","date_gmt":"2025-05-21T14:52:08","guid":{"rendered":"https:\/\/tienda.rigelec.com.ar\/?product=mecha-hss-acero-tac1200014-diam1mm"},"modified":"2026-05-01T01:43:15","modified_gmt":"2026-05-01T04:43:15","slug":"mecha-hss-acero","status":"publish","type":"product","link":"https:\/\/tienda.rigelec.com.ar\/?product=mecha-hss-acero","title":{"rendered":"MECHA HSS ACERO TAC1200014 DIAM:1MM"},"content":{"rendered":"<p>MECHA HSS ACERO<\/p>\n<h3 data-start=\"65\" data-end=\"106\"><strong data-start=\"69\" data-end=\"106\">Mecha HSS para Metal | TAC1200014<\/strong><\/h3>\n<p data-start=\"108\" data-end=\"181\">Mechas de alta precisi\u00f3n, ideales para perforaci\u00f3n en metal y acero fino.<\/p>\n<p data-start=\"183\" data-end=\"204\"><strong data-start=\"183\" data-end=\"204\">Especificaciones:<\/strong><\/p>\n<ul data-start=\"205\" data-end=\"397\">\n<li data-start=\"205\" data-end=\"231\">\n<p data-start=\"207\" data-end=\"231\">Modelo: TAC1200014<\/p>\n<\/li>\n<li data-start=\"232\" data-end=\"258\">\n<p data-start=\"234\" data-end=\"258\">Material: HSS 4341<\/p>\n<\/li>\n<li data-start=\"259\" data-end=\"288\">\n<p data-start=\"261\" data-end=\"288\">\u00c1ngulo de corte: 135\u00b0<\/p>\n<\/li>\n<li data-start=\"289\" data-end=\"313\">\n<p data-start=\"291\" data-end=\"313\">Di\u00e1metro: 1,5 mm<\/p>\n<\/li>\n<li data-start=\"314\" data-end=\"352\">\n<p data-start=\"316\" data-end=\"352\">Aplicaci\u00f3n: Metal y acero fino<\/p>\n<\/li>\n<li data-start=\"353\" data-end=\"397\">\n<p data-start=\"355\" data-end=\"397\">Presentaci\u00f3n: Bl\u00edster con 2 unidades<\/p>\n<\/li>\n<\/ul>\n<p data-start=\"399\" data-end=\"464\">Dise\u00f1adas para mayor durabilidad y precisi\u00f3n en cada perforaci\u00f3n.<\/p>\n","protected":false},"excerpt":{"rendered":"<p>Para metal y acero fino<br \/>\nHSS 4341<br \/>\n135\u00ba<br \/>\nDi\u00e1metro 1,5mm<br \/>\n2 unidades<\/p>\n","protected":false},"featured_media":29710,"comment_status":"open","ping_status":"closed","template":"","meta":{"_monsterinsights_skip_tracking":false,"_monsterinsights_sitenote_active":false,"_monsterinsights_sitenote_note":"","_monsterinsights_sitenote_category":0},"product_brand":[],"product_cat":[374],"product_tag":[456],"class_list":{"0":"post-29709","1":"product","2":"type-product","3":"status-publish","4":"has-post-thumbnail","6":"product_cat-h-mechas-y-discos","7":"product_tag-total","9":"first","10":"outofstock","11":"shipping-taxable","12":"purchasable","13":"product-type-simple"},"yoast_head":"<!-- This site is optimized with the Yoast SEO plugin v25.3.1 - https:\/\/yoast.com\/wordpress\/plugins\/seo\/ -->\n<title>MECHA HSS ACERO TAC1200014 DIAM:1MM - Tienda Rigelec<\/title>\n<meta name=\"description\" content=\"MECHA HSS ACERO TAC1200014 DIAM:1MM Tienda Rigelec MECHA HSS ACERO TAC1200014 DIAM:1MM Tienda Rigelec MECHA HSS ACERO Tienda Rigelec\" \/>\n<meta name=\"robots\" content=\"index, follow, max-snippet:-1, max-image-preview:large, max-video-preview:-1\" \/>\n<link rel=\"canonical\" href=\"https:\/\/tienda.rigelec.com.ar\/?product=mecha-hss-acero\" \/>\n<meta property=\"og:locale\" content=\"es_ES\" \/>\n<meta property=\"og:type\" content=\"article\" \/>\n<meta property=\"og:title\" content=\"MECHA HSS ACERO TAC1200014 DIAM:1MM - Tienda Rigelec\" \/>\n<meta property=\"og:description\" content=\"MECHA HSS ACERO TAC1200014 DIAM:1MM Tienda Rigelec MECHA HSS ACERO TAC1200014 DIAM:1MM Tienda Rigelec MECHA HSS ACERO Tienda Rigelec\" \/>\n<meta property=\"og:url\" content=\"https:\/\/tienda.rigelec.com.ar\/?product=mecha-hss-acero\" \/>\n<meta property=\"og:site_name\" content=\"Tienda Rigelec\" \/>\n<meta property=\"article:modified_time\" content=\"2026-05-01T04:43:15+00:00\" \/>\n<meta property=\"og:image\" content=\"https:\/\/tienda.rigelec.com.ar\/wp-content\/uploads\/2025\/05\/MECHAHSSACERO.jpg\" \/>\n\t<meta property=\"og:image:width\" content=\"1080\" \/>\n\t<meta property=\"og:image:height\" content=\"1080\" \/>\n\t<meta property=\"og:image:type\" content=\"image\/jpeg\" \/>\n<meta name=\"twitter:card\" content=\"summary_large_image\" \/>\n<meta name=\"twitter:label1\" content=\"Tiempo de lectura\" \/>\n\t<meta name=\"twitter:data1\" content=\"1 minuto\" \/>\n<script type=\"application\/ld+json\" class=\"yoast-schema-graph\">{\"@context\":\"https:\/\/schema.org\",\"@graph\":[{\"@type\":\"WebPage\",\"@id\":\"https:\/\/tienda.rigelec.com.ar\/?product=mecha-hss-acero\",\"url\":\"https:\/\/tienda.rigelec.com.ar\/?product=mecha-hss-acero\",\"name\":\"MECHA HSS ACERO TAC1200014 DIAM:1MM - Tienda Rigelec\",\"isPartOf\":{\"@id\":\"https:\/\/tienda.rigelec.com.ar\/#website\"},\"primaryImageOfPage\":{\"@id\":\"https:\/\/tienda.rigelec.com.ar\/?product=mecha-hss-acero#primaryimage\"},\"image\":{\"@id\":\"https:\/\/tienda.rigelec.com.ar\/?product=mecha-hss-acero#primaryimage\"},\"thumbnailUrl\":\"https:\/\/tienda.rigelec.com.ar\/wp-content\/uploads\/2025\/05\/MECHAHSSACERO.jpg\",\"datePublished\":\"2025-05-21T14:52:08+00:00\",\"dateModified\":\"2026-05-01T04:43:15+00:00\",\"description\":\"MECHA HSS ACERO TAC1200014 DIAM:1MM Tienda Rigelec MECHA HSS ACERO TAC1200014 DIAM:1MM Tienda Rigelec MECHA HSS ACERO Tienda Rigelec\",\"breadcrumb\":{\"@id\":\"https:\/\/tienda.rigelec.com.ar\/?product=mecha-hss-acero#breadcrumb\"},\"inLanguage\":\"es-AR\",\"potentialAction\":[{\"@type\":\"ReadAction\",\"target\":[\"https:\/\/tienda.rigelec.com.ar\/?product=mecha-hss-acero\"]}]},{\"@type\":\"ImageObject\",\"inLanguage\":\"es-AR\",\"@id\":\"https:\/\/tienda.rigelec.com.ar\/?product=mecha-hss-acero#primaryimage\",\"url\":\"https:\/\/tienda.rigelec.com.ar\/wp-content\/uploads\/2025\/05\/MECHAHSSACERO.jpg\",\"contentUrl\":\"https:\/\/tienda.rigelec.com.ar\/wp-content\/uploads\/2025\/05\/MECHAHSSACERO.jpg\",\"width\":1080,\"height\":1080},{\"@type\":\"BreadcrumbList\",\"@id\":\"https:\/\/tienda.rigelec.com.ar\/?product=mecha-hss-acero#breadcrumb\",\"itemListElement\":[{\"@type\":\"ListItem\",\"position\":1,\"name\":\"Inicio\",\"item\":\"https:\/\/tienda.rigelec.com.ar\/\"},{\"@type\":\"ListItem\",\"position\":2,\"name\":\"Shop\",\"item\":\"https:\/\/tienda.rigelec.com.ar\/?page_id=12\"},{\"@type\":\"ListItem\",\"position\":3,\"name\":\"MECHA HSS ACERO TAC1200014 DIAM:1MM\"}]},{\"@type\":\"WebSite\",\"@id\":\"https:\/\/tienda.rigelec.com.ar\/#website\",\"url\":\"https:\/\/tienda.rigelec.com.ar\/\",\"name\":\"Tienda Rigelec\",\"description\":\"Energia en movimiento\",\"publisher\":{\"@id\":\"https:\/\/tienda.rigelec.com.ar\/#organization\"},\"potentialAction\":[{\"@type\":\"SearchAction\",\"target\":{\"@type\":\"EntryPoint\",\"urlTemplate\":\"https:\/\/tienda.rigelec.com.ar\/?s={search_term_string}\"},\"query-input\":{\"@type\":\"PropertyValueSpecification\",\"valueRequired\":true,\"valueName\":\"search_term_string\"}}],\"inLanguage\":\"es-AR\"},{\"@type\":\"Organization\",\"@id\":\"https:\/\/tienda.rigelec.com.ar\/#organization\",\"name\":\"Tienda Rigelec\",\"url\":\"https:\/\/tienda.rigelec.com.ar\/\",\"logo\":{\"@type\":\"ImageObject\",\"inLanguage\":\"es-AR\",\"@id\":\"https:\/\/tienda.rigelec.com.ar\/#\/schema\/logo\/image\/\",\"url\":\"https:\/\/tienda.rigelec.com.ar\/wp-content\/uploads\/2024\/09\/isologo-blanco-rigelec.png\",\"contentUrl\":\"https:\/\/tienda.rigelec.com.ar\/wp-content\/uploads\/2024\/09\/isologo-blanco-rigelec.png\",\"width\":94,\"height\":97,\"caption\":\"Tienda Rigelec\"},\"image\":{\"@id\":\"https:\/\/tienda.rigelec.com.ar\/#\/schema\/logo\/image\/\"}}]}<\/script>\n<!-- \/ Yoast SEO plugin. -->","yoast_head_json":{"title":"MECHA HSS ACERO TAC1200014 DIAM:1MM - Tienda Rigelec","description":"MECHA HSS ACERO TAC1200014 DIAM:1MM Tienda Rigelec MECHA HSS ACERO TAC1200014 DIAM:1MM Tienda Rigelec MECHA HSS ACERO Tienda Rigelec","robots":{"index":"index","follow":"follow","max-snippet":"max-snippet:-1","max-image-preview":"max-image-preview:large","max-video-preview":"max-video-preview:-1"},"canonical":"https:\/\/tienda.rigelec.com.ar\/?product=mecha-hss-acero","og_locale":"es_ES","og_type":"article","og_title":"MECHA HSS ACERO TAC1200014 DIAM:1MM - Tienda Rigelec","og_description":"MECHA HSS ACERO TAC1200014 DIAM:1MM Tienda Rigelec MECHA HSS ACERO TAC1200014 DIAM:1MM Tienda Rigelec MECHA HSS ACERO Tienda Rigelec","og_url":"https:\/\/tienda.rigelec.com.ar\/?product=mecha-hss-acero","og_site_name":"Tienda Rigelec","article_modified_time":"2026-05-01T04:43:15+00:00","og_image":[{"width":1080,"height":1080,"url":"https:\/\/tienda.rigelec.com.ar\/wp-content\/uploads\/2025\/05\/MECHAHSSACERO.jpg","type":"image\/jpeg"}],"twitter_card":"summary_large_image","twitter_misc":{"Tiempo de lectura":"1 minuto"},"schema":{"@context":"https:\/\/schema.org","@graph":[{"@type":"WebPage","@id":"https:\/\/tienda.rigelec.com.ar\/?product=mecha-hss-acero","url":"https:\/\/tienda.rigelec.com.ar\/?product=mecha-hss-acero","name":"MECHA HSS ACERO TAC1200014 DIAM:1MM - Tienda Rigelec","isPartOf":{"@id":"https:\/\/tienda.rigelec.com.ar\/#website"},"primaryImageOfPage":{"@id":"https:\/\/tienda.rigelec.com.ar\/?product=mecha-hss-acero#primaryimage"},"image":{"@id":"https:\/\/tienda.rigelec.com.ar\/?product=mecha-hss-acero#primaryimage"},"thumbnailUrl":"https:\/\/tienda.rigelec.com.ar\/wp-content\/uploads\/2025\/05\/MECHAHSSACERO.jpg","datePublished":"2025-05-21T14:52:08+00:00","dateModified":"2026-05-01T04:43:15+00:00","description":"MECHA HSS ACERO TAC1200014 DIAM:1MM Tienda Rigelec MECHA HSS ACERO TAC1200014 DIAM:1MM Tienda Rigelec MECHA HSS ACERO Tienda Rigelec","breadcrumb":{"@id":"https:\/\/tienda.rigelec.com.ar\/?product=mecha-hss-acero#breadcrumb"},"inLanguage":"es-AR","potentialAction":[{"@type":"ReadAction","target":["https:\/\/tienda.rigelec.com.ar\/?product=mecha-hss-acero"]}]},{"@type":"ImageObject","inLanguage":"es-AR","@id":"https:\/\/tienda.rigelec.com.ar\/?product=mecha-hss-acero#primaryimage","url":"https:\/\/tienda.rigelec.com.ar\/wp-content\/uploads\/2025\/05\/MECHAHSSACERO.jpg","contentUrl":"https:\/\/tienda.rigelec.com.ar\/wp-content\/uploads\/2025\/05\/MECHAHSSACERO.jpg","width":1080,"height":1080},{"@type":"BreadcrumbList","@id":"https:\/\/tienda.rigelec.com.ar\/?product=mecha-hss-acero#breadcrumb","itemListElement":[{"@type":"ListItem","position":1,"name":"Inicio","item":"https:\/\/tienda.rigelec.com.ar\/"},{"@type":"ListItem","position":2,"name":"Shop","item":"https:\/\/tienda.rigelec.com.ar\/?page_id=12"},{"@type":"ListItem","position":3,"name":"MECHA HSS ACERO TAC1200014 DIAM:1MM"}]},{"@type":"WebSite","@id":"https:\/\/tienda.rigelec.com.ar\/#website","url":"https:\/\/tienda.rigelec.com.ar\/","name":"Tienda Rigelec","description":"Energia en movimiento","publisher":{"@id":"https:\/\/tienda.rigelec.com.ar\/#organization"},"potentialAction":[{"@type":"SearchAction","target":{"@type":"EntryPoint","urlTemplate":"https:\/\/tienda.rigelec.com.ar\/?s={search_term_string}"},"query-input":{"@type":"PropertyValueSpecification","valueRequired":true,"valueName":"search_term_string"}}],"inLanguage":"es-AR"},{"@type":"Organization","@id":"https:\/\/tienda.rigelec.com.ar\/#organization","name":"Tienda Rigelec","url":"https:\/\/tienda.rigelec.com.ar\/","logo":{"@type":"ImageObject","inLanguage":"es-AR","@id":"https:\/\/tienda.rigelec.com.ar\/#\/schema\/logo\/image\/","url":"https:\/\/tienda.rigelec.com.ar\/wp-content\/uploads\/2024\/09\/isologo-blanco-rigelec.png","contentUrl":"https:\/\/tienda.rigelec.com.ar\/wp-content\/uploads\/2024\/09\/isologo-blanco-rigelec.png","width":94,"height":97,"caption":"Tienda Rigelec"},"image":{"@id":"https:\/\/tienda.rigelec.com.ar\/#\/schema\/logo\/image\/"}}]}},"jetpack_sharing_enabled":true,"_links":{"self":[{"href":"https:\/\/tienda.rigelec.com.ar\/index.php?rest_route=\/wp\/v2\/product\/29709","targetHints":{"allow":["GET"]}}],"collection":[{"href":"https:\/\/tienda.rigelec.com.ar\/index.php?rest_route=\/wp\/v2\/product"}],"about":[{"href":"https:\/\/tienda.rigelec.com.ar\/index.php?rest_route=\/wp\/v2\/types\/product"}],"replies":[{"embeddable":true,"href":"https:\/\/tienda.rigelec.com.ar\/index.php?rest_route=%2Fwp%2Fv2%2Fcomments&post=29709"}],"wp:featuredmedia":[{"embeddable":true,"href":"https:\/\/tienda.rigelec.com.ar\/index.php?rest_route=\/wp\/v2\/media\/29710"}],"wp:attachment":[{"href":"https:\/\/tienda.rigelec.com.ar\/index.php?rest_route=%2Fwp%2Fv2%2Fmedia&parent=29709"}],"wp:term":[{"taxonomy":"product_brand","embeddable":true,"href":"https:\/\/tienda.rigelec.com.ar\/index.php?rest_route=%2Fwp%2Fv2%2Fproduct_brand&post=29709"},{"taxonomy":"product_cat","embeddable":true,"href":"https:\/\/tienda.rigelec.com.ar\/index.php?rest_route=%2Fwp%2Fv2%2Fproduct_cat&post=29709"},{"taxonomy":"product_tag","embeddable":true,"href":"https:\/\/tienda.rigelec.com.ar\/index.php?rest_route=%2Fwp%2Fv2%2Fproduct_tag&post=29709"}],"curies":[{"name":"wp","href":"https:\/\/api.w.org\/{rel}","templated":true}]}}