{"id":30068,"date":"2025-06-09T16:42:08","date_gmt":"2025-06-09T19:42:08","guid":{"rendered":"https:\/\/tienda.rigelec.com.ar\/?product=alicate-aislado-1000v-pm-917-160mm"},"modified":"2026-04-30T19:49:47","modified_gmt":"2026-04-30T22:49:47","slug":"alicate-aislado-1000v","status":"publish","type":"product","link":"https:\/\/tienda.rigelec.com.ar\/?product=alicate-aislado-1000v","title":{"rendered":"ALICATE AISLADO 1000V PM-917 160MM"},"content":{"rendered":"<p>ALICATE AISLADO 1000V<\/p>\n<h3 data-start=\"115\" data-end=\"171\"><strong data-start=\"119\" data-end=\"171\">Alicate Aislado 1000V | Pro\u2019sKit PM-917 \u2013 160 mm<\/strong><\/h3>\n<p data-start=\"173\" data-end=\"366\">Herramienta profesional dise\u00f1ada para trabajos el\u00e9ctricos con la m\u00e1xima seguridad. Con certificaci\u00f3n internacional y dise\u00f1o ergon\u00f3mico, este alicate combina precisi\u00f3n, resistencia y protecci\u00f3n.<\/p>\n<p data-start=\"368\" data-end=\"400\"><strong data-start=\"368\" data-end=\"400\">Caracter\u00edsticas principales:<\/strong><\/p>\n<ul data-start=\"401\" data-end=\"753\">\n<li data-start=\"401\" data-end=\"474\">\n<p data-start=\"403\" data-end=\"474\">Certificado para 1000V seg\u00fan normas IEC 60900:2004, VDE, DIN y GS<\/p>\n<\/li>\n<li data-start=\"475\" data-end=\"517\">\n<p data-start=\"477\" data-end=\"517\">Material: Acero AISI 6150 templado<\/p>\n<\/li>\n<li data-start=\"518\" data-end=\"587\">\n<p data-start=\"520\" data-end=\"587\">Filos de corte templados por inducci\u00f3n para mayor durabilidad<\/p>\n<\/li>\n<li data-start=\"588\" data-end=\"647\">\n<p data-start=\"590\" data-end=\"647\">Mango ergon\u00f3mico antideslizante de alta visibilidad<\/p>\n<\/li>\n<li data-start=\"648\" data-end=\"699\">\n<p data-start=\"650\" data-end=\"699\">Acabado cromado con recubrimiento de tefl\u00f3n<\/p>\n<\/li>\n<li data-start=\"700\" data-end=\"730\">\n<p data-start=\"702\" data-end=\"730\">Longitud total: 160 mm<\/p>\n<\/li>\n<li data-start=\"731\" data-end=\"753\">\n<p data-start=\"733\" data-end=\"753\">Dureza: 46\u00b0 \u00b1 4\u00b0<\/p>\n<\/li>\n<\/ul>\n<p data-start=\"755\" data-end=\"878\">Ideal para: trabajos el\u00e9ctricos, instalaciones profesionales y tareas de mantenimiento donde la seguridad es prioridad.<\/p>\n","protected":false},"excerpt":{"rendered":"<p>Certificado seg\u00fan las normas de seguridad IEC 60900: 2004, VDE y DIN<br \/>\n1000V y certificado GS.<br \/>\nAsas de agarre ergon\u00f3micas moldeadas de alta visibilidad.<br \/>\nFilos de corte templados por inducci\u00f3n.<br \/>\nAcabado en cromo duro multicapa de tefl\u00f3n.<br \/>\nIdeal para trabajos profesionales de instalaciones el\u00e9ctricas.<\/p>\n<p>Especificaciones:<br \/>\n&#8211; Material: AISI 6150<br \/>\n&#8211; Dureza: 46\u00b0\u00b14\u00b0.<br \/>\n&#8211; Longitud: 165mm.<\/p>\n","protected":false},"featured_media":30069,"comment_status":"open","ping_status":"closed","template":"","meta":{"_monsterinsights_skip_tracking":false,"_monsterinsights_sitenote_active":false,"_monsterinsights_sitenote_note":"","_monsterinsights_sitenote_category":0},"product_brand":[],"product_cat":[162],"product_tag":[468],"class_list":{"0":"post-30068","1":"product","2":"type-product","3":"status-publish","4":"has-post-thumbnail","6":"product_cat-a-manuales","7":"product_tag-proskit","9":"first","10":"instock","11":"shipping-taxable","12":"purchasable","13":"product-type-simple"},"yoast_head":"<!-- This site is optimized with the Yoast SEO plugin v25.3.1 - https:\/\/yoast.com\/wordpress\/plugins\/seo\/ -->\n<title>ALICATE AISLADO 1000V PM-917 160MM - Tienda Rigelec<\/title>\n<meta name=\"description\" content=\"ALICATE AISLADO 1000V PM-917 160MM Tienda Rigelec ALICATE AISLADO 1000V PM-917 160MM Tienda Rigelec ALICATE AISLADO 1000V\" \/>\n<meta name=\"robots\" content=\"index, follow, max-snippet:-1, max-image-preview:large, max-video-preview:-1\" \/>\n<link rel=\"canonical\" href=\"https:\/\/tienda.rigelec.com.ar\/?product=alicate-aislado-1000v\" \/>\n<meta property=\"og:locale\" content=\"es_ES\" \/>\n<meta property=\"og:type\" content=\"article\" \/>\n<meta property=\"og:title\" content=\"ALICATE AISLADO 1000V PM-917 160MM - Tienda Rigelec\" \/>\n<meta property=\"og:description\" content=\"ALICATE AISLADO 1000V PM-917 160MM Tienda Rigelec ALICATE AISLADO 1000V PM-917 160MM Tienda Rigelec ALICATE AISLADO 1000V\" \/>\n<meta property=\"og:url\" content=\"https:\/\/tienda.rigelec.com.ar\/?product=alicate-aislado-1000v\" \/>\n<meta property=\"og:site_name\" content=\"Tienda Rigelec\" \/>\n<meta property=\"article:modified_time\" content=\"2026-04-30T22:49:47+00:00\" \/>\n<meta property=\"og:image\" content=\"https:\/\/tienda.rigelec.com.ar\/wp-content\/uploads\/2025\/06\/ALICATEAISLADO1000V.jpg\" \/>\n\t<meta property=\"og:image:width\" content=\"1080\" \/>\n\t<meta property=\"og:image:height\" content=\"1080\" \/>\n\t<meta property=\"og:image:type\" content=\"image\/jpeg\" \/>\n<meta name=\"twitter:card\" content=\"summary_large_image\" \/>\n<meta name=\"twitter:label1\" content=\"Tiempo de lectura\" \/>\n\t<meta name=\"twitter:data1\" content=\"1 minuto\" \/>\n<script type=\"application\/ld+json\" class=\"yoast-schema-graph\">{\"@context\":\"https:\/\/schema.org\",\"@graph\":[{\"@type\":\"WebPage\",\"@id\":\"https:\/\/tienda.rigelec.com.ar\/?product=alicate-aislado-1000v\",\"url\":\"https:\/\/tienda.rigelec.com.ar\/?product=alicate-aislado-1000v\",\"name\":\"ALICATE AISLADO 1000V PM-917 160MM - Tienda Rigelec\",\"isPartOf\":{\"@id\":\"https:\/\/tienda.rigelec.com.ar\/#website\"},\"primaryImageOfPage\":{\"@id\":\"https:\/\/tienda.rigelec.com.ar\/?product=alicate-aislado-1000v#primaryimage\"},\"image\":{\"@id\":\"https:\/\/tienda.rigelec.com.ar\/?product=alicate-aislado-1000v#primaryimage\"},\"thumbnailUrl\":\"https:\/\/tienda.rigelec.com.ar\/wp-content\/uploads\/2025\/06\/ALICATEAISLADO1000V.jpg\",\"datePublished\":\"2025-06-09T19:42:08+00:00\",\"dateModified\":\"2026-04-30T22:49:47+00:00\",\"description\":\"ALICATE AISLADO 1000V PM-917 160MM Tienda Rigelec ALICATE AISLADO 1000V PM-917 160MM Tienda Rigelec ALICATE AISLADO 1000V\",\"breadcrumb\":{\"@id\":\"https:\/\/tienda.rigelec.com.ar\/?product=alicate-aislado-1000v#breadcrumb\"},\"inLanguage\":\"es-AR\",\"potentialAction\":[{\"@type\":\"ReadAction\",\"target\":[\"https:\/\/tienda.rigelec.com.ar\/?product=alicate-aislado-1000v\"]}]},{\"@type\":\"ImageObject\",\"inLanguage\":\"es-AR\",\"@id\":\"https:\/\/tienda.rigelec.com.ar\/?product=alicate-aislado-1000v#primaryimage\",\"url\":\"https:\/\/tienda.rigelec.com.ar\/wp-content\/uploads\/2025\/06\/ALICATEAISLADO1000V.jpg\",\"contentUrl\":\"https:\/\/tienda.rigelec.com.ar\/wp-content\/uploads\/2025\/06\/ALICATEAISLADO1000V.jpg\",\"width\":1080,\"height\":1080},{\"@type\":\"BreadcrumbList\",\"@id\":\"https:\/\/tienda.rigelec.com.ar\/?product=alicate-aislado-1000v#breadcrumb\",\"itemListElement\":[{\"@type\":\"ListItem\",\"position\":1,\"name\":\"Inicio\",\"item\":\"https:\/\/tienda.rigelec.com.ar\/\"},{\"@type\":\"ListItem\",\"position\":2,\"name\":\"Shop\",\"item\":\"https:\/\/tienda.rigelec.com.ar\/?page_id=12\"},{\"@type\":\"ListItem\",\"position\":3,\"name\":\"ALICATE AISLADO 1000V PM-917 160MM\"}]},{\"@type\":\"WebSite\",\"@id\":\"https:\/\/tienda.rigelec.com.ar\/#website\",\"url\":\"https:\/\/tienda.rigelec.com.ar\/\",\"name\":\"Tienda Rigelec\",\"description\":\"Energia en movimiento\",\"publisher\":{\"@id\":\"https:\/\/tienda.rigelec.com.ar\/#organization\"},\"potentialAction\":[{\"@type\":\"SearchAction\",\"target\":{\"@type\":\"EntryPoint\",\"urlTemplate\":\"https:\/\/tienda.rigelec.com.ar\/?s={search_term_string}\"},\"query-input\":{\"@type\":\"PropertyValueSpecification\",\"valueRequired\":true,\"valueName\":\"search_term_string\"}}],\"inLanguage\":\"es-AR\"},{\"@type\":\"Organization\",\"@id\":\"https:\/\/tienda.rigelec.com.ar\/#organization\",\"name\":\"Tienda Rigelec\",\"url\":\"https:\/\/tienda.rigelec.com.ar\/\",\"logo\":{\"@type\":\"ImageObject\",\"inLanguage\":\"es-AR\",\"@id\":\"https:\/\/tienda.rigelec.com.ar\/#\/schema\/logo\/image\/\",\"url\":\"https:\/\/tienda.rigelec.com.ar\/wp-content\/uploads\/2024\/09\/isologo-blanco-rigelec.png\",\"contentUrl\":\"https:\/\/tienda.rigelec.com.ar\/wp-content\/uploads\/2024\/09\/isologo-blanco-rigelec.png\",\"width\":94,\"height\":97,\"caption\":\"Tienda Rigelec\"},\"image\":{\"@id\":\"https:\/\/tienda.rigelec.com.ar\/#\/schema\/logo\/image\/\"}}]}<\/script>\n<!-- \/ Yoast SEO plugin. -->","yoast_head_json":{"title":"ALICATE AISLADO 1000V PM-917 160MM - Tienda Rigelec","description":"ALICATE AISLADO 1000V PM-917 160MM Tienda Rigelec ALICATE AISLADO 1000V PM-917 160MM Tienda Rigelec ALICATE AISLADO 1000V","robots":{"index":"index","follow":"follow","max-snippet":"max-snippet:-1","max-image-preview":"max-image-preview:large","max-video-preview":"max-video-preview:-1"},"canonical":"https:\/\/tienda.rigelec.com.ar\/?product=alicate-aislado-1000v","og_locale":"es_ES","og_type":"article","og_title":"ALICATE AISLADO 1000V PM-917 160MM - Tienda Rigelec","og_description":"ALICATE AISLADO 1000V PM-917 160MM Tienda Rigelec ALICATE AISLADO 1000V PM-917 160MM Tienda Rigelec ALICATE AISLADO 1000V","og_url":"https:\/\/tienda.rigelec.com.ar\/?product=alicate-aislado-1000v","og_site_name":"Tienda Rigelec","article_modified_time":"2026-04-30T22:49:47+00:00","og_image":[{"width":1080,"height":1080,"url":"https:\/\/tienda.rigelec.com.ar\/wp-content\/uploads\/2025\/06\/ALICATEAISLADO1000V.jpg","type":"image\/jpeg"}],"twitter_card":"summary_large_image","twitter_misc":{"Tiempo de lectura":"1 minuto"},"schema":{"@context":"https:\/\/schema.org","@graph":[{"@type":"WebPage","@id":"https:\/\/tienda.rigelec.com.ar\/?product=alicate-aislado-1000v","url":"https:\/\/tienda.rigelec.com.ar\/?product=alicate-aislado-1000v","name":"ALICATE AISLADO 1000V PM-917 160MM - Tienda Rigelec","isPartOf":{"@id":"https:\/\/tienda.rigelec.com.ar\/#website"},"primaryImageOfPage":{"@id":"https:\/\/tienda.rigelec.com.ar\/?product=alicate-aislado-1000v#primaryimage"},"image":{"@id":"https:\/\/tienda.rigelec.com.ar\/?product=alicate-aislado-1000v#primaryimage"},"thumbnailUrl":"https:\/\/tienda.rigelec.com.ar\/wp-content\/uploads\/2025\/06\/ALICATEAISLADO1000V.jpg","datePublished":"2025-06-09T19:42:08+00:00","dateModified":"2026-04-30T22:49:47+00:00","description":"ALICATE AISLADO 1000V PM-917 160MM Tienda Rigelec ALICATE AISLADO 1000V PM-917 160MM Tienda Rigelec ALICATE AISLADO 1000V","breadcrumb":{"@id":"https:\/\/tienda.rigelec.com.ar\/?product=alicate-aislado-1000v#breadcrumb"},"inLanguage":"es-AR","potentialAction":[{"@type":"ReadAction","target":["https:\/\/tienda.rigelec.com.ar\/?product=alicate-aislado-1000v"]}]},{"@type":"ImageObject","inLanguage":"es-AR","@id":"https:\/\/tienda.rigelec.com.ar\/?product=alicate-aislado-1000v#primaryimage","url":"https:\/\/tienda.rigelec.com.ar\/wp-content\/uploads\/2025\/06\/ALICATEAISLADO1000V.jpg","contentUrl":"https:\/\/tienda.rigelec.com.ar\/wp-content\/uploads\/2025\/06\/ALICATEAISLADO1000V.jpg","width":1080,"height":1080},{"@type":"BreadcrumbList","@id":"https:\/\/tienda.rigelec.com.ar\/?product=alicate-aislado-1000v#breadcrumb","itemListElement":[{"@type":"ListItem","position":1,"name":"Inicio","item":"https:\/\/tienda.rigelec.com.ar\/"},{"@type":"ListItem","position":2,"name":"Shop","item":"https:\/\/tienda.rigelec.com.ar\/?page_id=12"},{"@type":"ListItem","position":3,"name":"ALICATE AISLADO 1000V PM-917 160MM"}]},{"@type":"WebSite","@id":"https:\/\/tienda.rigelec.com.ar\/#website","url":"https:\/\/tienda.rigelec.com.ar\/","name":"Tienda Rigelec","description":"Energia en movimiento","publisher":{"@id":"https:\/\/tienda.rigelec.com.ar\/#organization"},"potentialAction":[{"@type":"SearchAction","target":{"@type":"EntryPoint","urlTemplate":"https:\/\/tienda.rigelec.com.ar\/?s={search_term_string}"},"query-input":{"@type":"PropertyValueSpecification","valueRequired":true,"valueName":"search_term_string"}}],"inLanguage":"es-AR"},{"@type":"Organization","@id":"https:\/\/tienda.rigelec.com.ar\/#organization","name":"Tienda Rigelec","url":"https:\/\/tienda.rigelec.com.ar\/","logo":{"@type":"ImageObject","inLanguage":"es-AR","@id":"https:\/\/tienda.rigelec.com.ar\/#\/schema\/logo\/image\/","url":"https:\/\/tienda.rigelec.com.ar\/wp-content\/uploads\/2024\/09\/isologo-blanco-rigelec.png","contentUrl":"https:\/\/tienda.rigelec.com.ar\/wp-content\/uploads\/2024\/09\/isologo-blanco-rigelec.png","width":94,"height":97,"caption":"Tienda Rigelec"},"image":{"@id":"https:\/\/tienda.rigelec.com.ar\/#\/schema\/logo\/image\/"}}]}},"jetpack_sharing_enabled":true,"_links":{"self":[{"href":"https:\/\/tienda.rigelec.com.ar\/index.php?rest_route=\/wp\/v2\/product\/30068","targetHints":{"allow":["GET"]}}],"collection":[{"href":"https:\/\/tienda.rigelec.com.ar\/index.php?rest_route=\/wp\/v2\/product"}],"about":[{"href":"https:\/\/tienda.rigelec.com.ar\/index.php?rest_route=\/wp\/v2\/types\/product"}],"replies":[{"embeddable":true,"href":"https:\/\/tienda.rigelec.com.ar\/index.php?rest_route=%2Fwp%2Fv2%2Fcomments&post=30068"}],"wp:featuredmedia":[{"embeddable":true,"href":"https:\/\/tienda.rigelec.com.ar\/index.php?rest_route=\/wp\/v2\/media\/30069"}],"wp:attachment":[{"href":"https:\/\/tienda.rigelec.com.ar\/index.php?rest_route=%2Fwp%2Fv2%2Fmedia&parent=30068"}],"wp:term":[{"taxonomy":"product_brand","embeddable":true,"href":"https:\/\/tienda.rigelec.com.ar\/index.php?rest_route=%2Fwp%2Fv2%2Fproduct_brand&post=30068"},{"taxonomy":"product_cat","embeddable":true,"href":"https:\/\/tienda.rigelec.com.ar\/index.php?rest_route=%2Fwp%2Fv2%2Fproduct_cat&post=30068"},{"taxonomy":"product_tag","embeddable":true,"href":"https:\/\/tienda.rigelec.com.ar\/index.php?rest_route=%2Fwp%2Fv2%2Fproduct_tag&post=30068"}],"curies":[{"name":"wp","href":"https:\/\/api.w.org\/{rel}","templated":true}]}}