{"id":30142,"date":"2025-06-13T16:12:51","date_gmt":"2025-06-13T19:12:51","guid":{"rendered":"https:\/\/tienda.rigelec.com.ar\/?product=metro-cable-subterraneo-clase-4-5x1-5mm"},"modified":"2026-05-02T04:58:00","modified_gmt":"2026-05-02T07:58:00","slug":"metro-cable-subterraneo-clase-4-5x1-5mm","status":"publish","type":"product","link":"https:\/\/tienda.rigelec.com.ar\/?product=metro-cable-subterraneo-clase-4-5x1-5mm","title":{"rendered":"METRO CABLE SUBTERRANEO CLASE 4 5X1.5MM"},"content":{"rendered":"<p>METRO CABLE SUBTERRANEO<\/p>\n","protected":false},"excerpt":{"rendered":"<p>Conductor: Formado a partir del reunido \/ cableado de alambre de cobre recocido seg\u00fan normas IRAM NM 280 en Clase 4.<br \/>\nAislaci\u00f3n: Compuesto termopl\u00e1stico de PVC tipo BWF (resistente a la propagaci\u00f3n de llama).<br \/>\nCuenta con excelentes prestaciones mec\u00e1nicas, el\u00e9ctricas, flexibles, deslizantes y ecol\u00f3gico libre de metales pesados.<br \/>\nRelleno: Sobre el cableado de los conductores aislados se aplica una capa de PVC adherente no higrosc\u00f3pico.<br \/>\nEnvoltura: Envoltura de Compuesto termopl\u00e1stico de PVC resistente a la propagaci\u00f3n de llama. Cuenta con excelentes caracter\u00edsticas mec\u00e1nicas; adem\u00e1s garantiza la durabilidad al ser expuesto a la intemperie y a agentes pat\u00f3genos ambientales.<br \/>\nCampo de aplicaci\u00f3n: Recomendado para la alimentaci\u00f3n y distribuci\u00f3n de energ\u00eda el\u00e9ctrica en industrias, domicilios subestaciones etc. Se puede instalar en bandejas, interior de ca\u00f1er\u00edas, enterrados en la tierra y de forma a\u00e9rea; Por su comportamiento de auto extinci\u00f3n tiene un amplio abanico de aplicaciones.<br \/>\nTensi\u00f3n Nominal de Trabajo 0,6\/1,1kv<br \/>\nCumple con los Est\u00e1ndares de Calidad seg\u00fan IRAM 2178<br \/>\nCertificaci\u00f3n otorgada: Bureau Veritas<\/p>\n","protected":false},"featured_media":30143,"comment_status":"open","ping_status":"closed","template":"","meta":{"_monsterinsights_skip_tracking":false,"_monsterinsights_sitenote_active":false,"_monsterinsights_sitenote_note":"","_monsterinsights_sitenote_category":0},"product_brand":[],"product_cat":[222],"product_tag":[140],"class_list":{"0":"post-30142","1":"product","2":"type-product","3":"status-publish","4":"has-post-thumbnail","6":"product_cat-d-subterraneo","7":"product_tag-trefilcon","9":"first","10":"outofstock","11":"shipping-taxable","12":"purchasable","13":"product-type-simple"},"yoast_head":"<!-- This site is optimized with the Yoast SEO plugin v25.3.1 - https:\/\/yoast.com\/wordpress\/plugins\/seo\/ -->\n<title>METRO CABLE SUBTERRANEO CLASE 4 5X1.5MM - Tienda Rigelec<\/title>\n<meta name=\"robots\" content=\"index, follow, max-snippet:-1, max-image-preview:large, max-video-preview:-1\" \/>\n<link rel=\"canonical\" href=\"https:\/\/tienda.rigelec.com.ar\/?product=metro-cable-subterraneo-clase-4-5x1-5mm\" \/>\n<meta property=\"og:locale\" content=\"es_ES\" \/>\n<meta property=\"og:type\" content=\"article\" \/>\n<meta property=\"og:title\" content=\"METRO CABLE SUBTERRANEO CLASE 4 5X1.5MM - Tienda Rigelec\" \/>\n<meta property=\"og:description\" content=\"Conductor: Formado a partir del reunido \/ cableado de alambre de cobre recocido seg\u00fan normas IRAM NM 280 en Clase 4. Aislaci\u00f3n: Compuesto termopl\u00e1stico de PVC tipo BWF (resistente a la propagaci\u00f3n de llama). Cuenta con excelentes prestaciones mec\u00e1nicas, el\u00e9ctricas, flexibles, deslizantes y ecol\u00f3gico libre de metales pesados. Relleno: Sobre el cableado de los conductores aislados se aplica una capa de PVC adherente no higrosc\u00f3pico. Envoltura: Envoltura de Compuesto termopl\u00e1stico de PVC resistente a la propagaci\u00f3n de llama. Cuenta con excelentes caracter\u00edsticas mec\u00e1nicas; adem\u00e1s garantiza la durabilidad al ser expuesto a la intemperie y a agentes pat\u00f3genos ambientales. Campo de aplicaci\u00f3n: Recomendado para la alimentaci\u00f3n y distribuci\u00f3n de energ\u00eda el\u00e9ctrica en industrias, domicilios subestaciones etc. Se puede instalar en bandejas, interior de ca\u00f1er\u00edas, enterrados en la tierra y de forma a\u00e9rea; Por su comportamiento de auto extinci\u00f3n tiene un amplio abanico de aplicaciones. Tensi\u00f3n Nominal de Trabajo 0,6\/1,1kv Cumple con los Est\u00e1ndares de Calidad seg\u00fan IRAM 2178 Certificaci\u00f3n otorgada: Bureau Veritas\" \/>\n<meta property=\"og:url\" content=\"https:\/\/tienda.rigelec.com.ar\/?product=metro-cable-subterraneo-clase-4-5x1-5mm\" \/>\n<meta property=\"og:site_name\" content=\"Tienda Rigelec\" \/>\n<meta property=\"article:modified_time\" content=\"2026-05-02T07:58:00+00:00\" \/>\n<meta name=\"twitter:card\" content=\"summary_large_image\" \/>\n<script type=\"application\/ld+json\" class=\"yoast-schema-graph\">{\"@context\":\"https:\/\/schema.org\",\"@graph\":[{\"@type\":\"WebPage\",\"@id\":\"https:\/\/tienda.rigelec.com.ar\/?product=metro-cable-subterraneo-clase-4-5x1-5mm\",\"url\":\"https:\/\/tienda.rigelec.com.ar\/?product=metro-cable-subterraneo-clase-4-5x1-5mm\",\"name\":\"METRO CABLE SUBTERRANEO CLASE 4 5X1.5MM - Tienda Rigelec\",\"isPartOf\":{\"@id\":\"https:\/\/tienda.rigelec.com.ar\/#website\"},\"primaryImageOfPage\":{\"@id\":\"https:\/\/tienda.rigelec.com.ar\/?product=metro-cable-subterraneo-clase-4-5x1-5mm#primaryimage\"},\"image\":{\"@id\":\"https:\/\/tienda.rigelec.com.ar\/?product=metro-cable-subterraneo-clase-4-5x1-5mm#primaryimage\"},\"thumbnailUrl\":\"https:\/\/tienda.rigelec.com.ar\/wp-content\/uploads\/2025\/06\/METROCABLESUBTERRANEO-12.jpg\",\"datePublished\":\"2025-06-13T19:12:51+00:00\",\"dateModified\":\"2026-05-02T07:58:00+00:00\",\"breadcrumb\":{\"@id\":\"https:\/\/tienda.rigelec.com.ar\/?product=metro-cable-subterraneo-clase-4-5x1-5mm#breadcrumb\"},\"inLanguage\":\"es-AR\",\"potentialAction\":[{\"@type\":\"ReadAction\",\"target\":[\"https:\/\/tienda.rigelec.com.ar\/?product=metro-cable-subterraneo-clase-4-5x1-5mm\"]}]},{\"@type\":\"ImageObject\",\"inLanguage\":\"es-AR\",\"@id\":\"https:\/\/tienda.rigelec.com.ar\/?product=metro-cable-subterraneo-clase-4-5x1-5mm#primaryimage\",\"url\":\"https:\/\/tienda.rigelec.com.ar\/wp-content\/uploads\/2025\/06\/METROCABLESUBTERRANEO-12.jpg\",\"contentUrl\":\"https:\/\/tienda.rigelec.com.ar\/wp-content\/uploads\/2025\/06\/METROCABLESUBTERRANEO-12.jpg\",\"width\":1080,\"height\":952},{\"@type\":\"BreadcrumbList\",\"@id\":\"https:\/\/tienda.rigelec.com.ar\/?product=metro-cable-subterraneo-clase-4-5x1-5mm#breadcrumb\",\"itemListElement\":[{\"@type\":\"ListItem\",\"position\":1,\"name\":\"Inicio\",\"item\":\"https:\/\/tienda.rigelec.com.ar\/\"},{\"@type\":\"ListItem\",\"position\":2,\"name\":\"Shop\",\"item\":\"https:\/\/tienda.rigelec.com.ar\/?page_id=12\"},{\"@type\":\"ListItem\",\"position\":3,\"name\":\"METRO CABLE SUBTERRANEO CLASE 4 5X1.5MM\"}]},{\"@type\":\"WebSite\",\"@id\":\"https:\/\/tienda.rigelec.com.ar\/#website\",\"url\":\"https:\/\/tienda.rigelec.com.ar\/\",\"name\":\"Tienda Rigelec\",\"description\":\"Energia en movimiento\",\"publisher\":{\"@id\":\"https:\/\/tienda.rigelec.com.ar\/#organization\"},\"potentialAction\":[{\"@type\":\"SearchAction\",\"target\":{\"@type\":\"EntryPoint\",\"urlTemplate\":\"https:\/\/tienda.rigelec.com.ar\/?s={search_term_string}\"},\"query-input\":{\"@type\":\"PropertyValueSpecification\",\"valueRequired\":true,\"valueName\":\"search_term_string\"}}],\"inLanguage\":\"es-AR\"},{\"@type\":\"Organization\",\"@id\":\"https:\/\/tienda.rigelec.com.ar\/#organization\",\"name\":\"Tienda Rigelec\",\"url\":\"https:\/\/tienda.rigelec.com.ar\/\",\"logo\":{\"@type\":\"ImageObject\",\"inLanguage\":\"es-AR\",\"@id\":\"https:\/\/tienda.rigelec.com.ar\/#\/schema\/logo\/image\/\",\"url\":\"https:\/\/tienda.rigelec.com.ar\/wp-content\/uploads\/2024\/09\/isologo-blanco-rigelec.png\",\"contentUrl\":\"https:\/\/tienda.rigelec.com.ar\/wp-content\/uploads\/2024\/09\/isologo-blanco-rigelec.png\",\"width\":94,\"height\":97,\"caption\":\"Tienda Rigelec\"},\"image\":{\"@id\":\"https:\/\/tienda.rigelec.com.ar\/#\/schema\/logo\/image\/\"}}]}<\/script>\n<!-- \/ Yoast SEO plugin. -->","yoast_head_json":{"title":"METRO CABLE SUBTERRANEO CLASE 4 5X1.5MM - Tienda Rigelec","robots":{"index":"index","follow":"follow","max-snippet":"max-snippet:-1","max-image-preview":"max-image-preview:large","max-video-preview":"max-video-preview:-1"},"canonical":"https:\/\/tienda.rigelec.com.ar\/?product=metro-cable-subterraneo-clase-4-5x1-5mm","og_locale":"es_ES","og_type":"article","og_title":"METRO CABLE SUBTERRANEO CLASE 4 5X1.5MM - Tienda Rigelec","og_description":"Conductor: Formado a partir del reunido \/ cableado de alambre de cobre recocido seg\u00fan normas IRAM NM 280 en Clase 4. Aislaci\u00f3n: Compuesto termopl\u00e1stico de PVC tipo BWF (resistente a la propagaci\u00f3n de llama). Cuenta con excelentes prestaciones mec\u00e1nicas, el\u00e9ctricas, flexibles, deslizantes y ecol\u00f3gico libre de metales pesados. Relleno: Sobre el cableado de los conductores aislados se aplica una capa de PVC adherente no higrosc\u00f3pico. Envoltura: Envoltura de Compuesto termopl\u00e1stico de PVC resistente a la propagaci\u00f3n de llama. Cuenta con excelentes caracter\u00edsticas mec\u00e1nicas; adem\u00e1s garantiza la durabilidad al ser expuesto a la intemperie y a agentes pat\u00f3genos ambientales. Campo de aplicaci\u00f3n: Recomendado para la alimentaci\u00f3n y distribuci\u00f3n de energ\u00eda el\u00e9ctrica en industrias, domicilios subestaciones etc. Se puede instalar en bandejas, interior de ca\u00f1er\u00edas, enterrados en la tierra y de forma a\u00e9rea; Por su comportamiento de auto extinci\u00f3n tiene un amplio abanico de aplicaciones. Tensi\u00f3n Nominal de Trabajo 0,6\/1,1kv Cumple con los Est\u00e1ndares de Calidad seg\u00fan IRAM 2178 Certificaci\u00f3n otorgada: Bureau Veritas","og_url":"https:\/\/tienda.rigelec.com.ar\/?product=metro-cable-subterraneo-clase-4-5x1-5mm","og_site_name":"Tienda Rigelec","article_modified_time":"2026-05-02T07:58:00+00:00","twitter_card":"summary_large_image","schema":{"@context":"https:\/\/schema.org","@graph":[{"@type":"WebPage","@id":"https:\/\/tienda.rigelec.com.ar\/?product=metro-cable-subterraneo-clase-4-5x1-5mm","url":"https:\/\/tienda.rigelec.com.ar\/?product=metro-cable-subterraneo-clase-4-5x1-5mm","name":"METRO CABLE SUBTERRANEO CLASE 4 5X1.5MM - Tienda Rigelec","isPartOf":{"@id":"https:\/\/tienda.rigelec.com.ar\/#website"},"primaryImageOfPage":{"@id":"https:\/\/tienda.rigelec.com.ar\/?product=metro-cable-subterraneo-clase-4-5x1-5mm#primaryimage"},"image":{"@id":"https:\/\/tienda.rigelec.com.ar\/?product=metro-cable-subterraneo-clase-4-5x1-5mm#primaryimage"},"thumbnailUrl":"https:\/\/tienda.rigelec.com.ar\/wp-content\/uploads\/2025\/06\/METROCABLESUBTERRANEO-12.jpg","datePublished":"2025-06-13T19:12:51+00:00","dateModified":"2026-05-02T07:58:00+00:00","breadcrumb":{"@id":"https:\/\/tienda.rigelec.com.ar\/?product=metro-cable-subterraneo-clase-4-5x1-5mm#breadcrumb"},"inLanguage":"es-AR","potentialAction":[{"@type":"ReadAction","target":["https:\/\/tienda.rigelec.com.ar\/?product=metro-cable-subterraneo-clase-4-5x1-5mm"]}]},{"@type":"ImageObject","inLanguage":"es-AR","@id":"https:\/\/tienda.rigelec.com.ar\/?product=metro-cable-subterraneo-clase-4-5x1-5mm#primaryimage","url":"https:\/\/tienda.rigelec.com.ar\/wp-content\/uploads\/2025\/06\/METROCABLESUBTERRANEO-12.jpg","contentUrl":"https:\/\/tienda.rigelec.com.ar\/wp-content\/uploads\/2025\/06\/METROCABLESUBTERRANEO-12.jpg","width":1080,"height":952},{"@type":"BreadcrumbList","@id":"https:\/\/tienda.rigelec.com.ar\/?product=metro-cable-subterraneo-clase-4-5x1-5mm#breadcrumb","itemListElement":[{"@type":"ListItem","position":1,"name":"Inicio","item":"https:\/\/tienda.rigelec.com.ar\/"},{"@type":"ListItem","position":2,"name":"Shop","item":"https:\/\/tienda.rigelec.com.ar\/?page_id=12"},{"@type":"ListItem","position":3,"name":"METRO CABLE SUBTERRANEO CLASE 4 5X1.5MM"}]},{"@type":"WebSite","@id":"https:\/\/tienda.rigelec.com.ar\/#website","url":"https:\/\/tienda.rigelec.com.ar\/","name":"Tienda Rigelec","description":"Energia en movimiento","publisher":{"@id":"https:\/\/tienda.rigelec.com.ar\/#organization"},"potentialAction":[{"@type":"SearchAction","target":{"@type":"EntryPoint","urlTemplate":"https:\/\/tienda.rigelec.com.ar\/?s={search_term_string}"},"query-input":{"@type":"PropertyValueSpecification","valueRequired":true,"valueName":"search_term_string"}}],"inLanguage":"es-AR"},{"@type":"Organization","@id":"https:\/\/tienda.rigelec.com.ar\/#organization","name":"Tienda Rigelec","url":"https:\/\/tienda.rigelec.com.ar\/","logo":{"@type":"ImageObject","inLanguage":"es-AR","@id":"https:\/\/tienda.rigelec.com.ar\/#\/schema\/logo\/image\/","url":"https:\/\/tienda.rigelec.com.ar\/wp-content\/uploads\/2024\/09\/isologo-blanco-rigelec.png","contentUrl":"https:\/\/tienda.rigelec.com.ar\/wp-content\/uploads\/2024\/09\/isologo-blanco-rigelec.png","width":94,"height":97,"caption":"Tienda Rigelec"},"image":{"@id":"https:\/\/tienda.rigelec.com.ar\/#\/schema\/logo\/image\/"}}]}},"jetpack_sharing_enabled":true,"_links":{"self":[{"href":"https:\/\/tienda.rigelec.com.ar\/index.php?rest_route=\/wp\/v2\/product\/30142","targetHints":{"allow":["GET"]}}],"collection":[{"href":"https:\/\/tienda.rigelec.com.ar\/index.php?rest_route=\/wp\/v2\/product"}],"about":[{"href":"https:\/\/tienda.rigelec.com.ar\/index.php?rest_route=\/wp\/v2\/types\/product"}],"replies":[{"embeddable":true,"href":"https:\/\/tienda.rigelec.com.ar\/index.php?rest_route=%2Fwp%2Fv2%2Fcomments&post=30142"}],"wp:featuredmedia":[{"embeddable":true,"href":"https:\/\/tienda.rigelec.com.ar\/index.php?rest_route=\/wp\/v2\/media\/30143"}],"wp:attachment":[{"href":"https:\/\/tienda.rigelec.com.ar\/index.php?rest_route=%2Fwp%2Fv2%2Fmedia&parent=30142"}],"wp:term":[{"taxonomy":"product_brand","embeddable":true,"href":"https:\/\/tienda.rigelec.com.ar\/index.php?rest_route=%2Fwp%2Fv2%2Fproduct_brand&post=30142"},{"taxonomy":"product_cat","embeddable":true,"href":"https:\/\/tienda.rigelec.com.ar\/index.php?rest_route=%2Fwp%2Fv2%2Fproduct_cat&post=30142"},{"taxonomy":"product_tag","embeddable":true,"href":"https:\/\/tienda.rigelec.com.ar\/index.php?rest_route=%2Fwp%2Fv2%2Fproduct_tag&post=30142"}],"curies":[{"name":"wp","href":"https:\/\/api.w.org\/{rel}","templated":true}]}}