{"id":30194,"date":"2025-06-19T19:13:51","date_gmt":"2025-06-19T22:13:51","guid":{"rendered":"https:\/\/tienda.rigelec.com.ar\/?product=contactor-ac3-tesys-deca-3p-9a-220v-1na1-nc"},"modified":"2026-05-01T01:13:59","modified_gmt":"2026-05-01T04:13:59","slug":"contactor-ac3-6","status":"publish","type":"product","link":"https:\/\/tienda.rigelec.com.ar\/?product=contactor-ac3-6","title":{"rendered":"CONTACTOR AC3 TESYS DECA 3P &#8211; 9A &#8211; 220V &#8211; 1NA+1 NC"},"content":{"rendered":"<p>CONTACTOR AC3<\/p>\n<p data-start=\"173\" data-end=\"228\"><strong data-start=\"173\" data-end=\"226\">CONTACTOR AC3 TESYS DECA 3P \u2013 9A \u2013 220V \u2013 1NA+1NC<\/strong><\/p>\n<p data-start=\"230\" data-end=\"515\">El <strong data-start=\"233\" data-end=\"261\">Contactor TeSys Deca AC3<\/strong> de Schneider Electric es una soluci\u00f3n confiable y robusta para el <strong data-start=\"328\" data-end=\"361\">control de motores el\u00e9ctricos<\/strong>. Dise\u00f1ado con <strong data-start=\"376\" data-end=\"392\">3 polos (NO)<\/strong>, soporta hasta <strong data-start=\"408\" data-end=\"440\">9A \/ 690V AC-3\/3e (4kW\/400V)<\/strong>, ofreciendo alto rendimiento en aplicaciones industriales y comerciales.<\/p>\n<p data-start=\"517\" data-end=\"877\">Este modelo incorpora una <strong data-start=\"543\" data-end=\"572\">bobina de 220V AC 50\/60Hz<\/strong> con <strong data-start=\"577\" data-end=\"608\">m\u00f3dulo supresor transitorio<\/strong> para proteger el circuito. Tambi\u00e9n cuenta con <strong data-start=\"655\" data-end=\"689\">contactos auxiliares 1NO + 1NC<\/strong>, certificados como <strong data-start=\"709\" data-end=\"722\">NC espejo<\/strong>, que garantizan seguridad adicional. La conexi\u00f3n se realiza mediante <strong data-start=\"792\" data-end=\"817\">terminales de resorte<\/strong>, lo que facilita el cableado y asegura un montaje r\u00e1pido.<\/p>\n<p data-start=\"879\" data-end=\"1160\">Su <strong data-start=\"882\" data-end=\"901\">dise\u00f1o compacto<\/strong> de 45 mm de ancho lo hace ideal para espacios reducidos. Puede montarse en <strong data-start=\"977\" data-end=\"989\">riel DIN<\/strong> o fijarse con tornillos, ofreciendo flexibilidad de instalaci\u00f3n. Adem\u00e1s, dispone de <strong data-start=\"1074\" data-end=\"1093\">protecci\u00f3n IP20<\/strong> contra contactos directos, lo que mejora la seguridad operativa.<\/p>\n<p data-start=\"1162\" data-end=\"1464\">Este contactor soporta hasta <strong data-start=\"1191\" data-end=\"1212\">3.600 ciclos\/hora<\/strong> y temperaturas de operaci\u00f3n de hasta <strong data-start=\"1250\" data-end=\"1258\">60\u00b0C<\/strong>, lo que asegura una larga vida \u00fatil y confiabilidad. Cumple con <strong data-start=\"1323\" data-end=\"1354\">certificaci\u00f3n multiest\u00e1ndar<\/strong> (IEC, UL, CSA, CCC, EAC, Marine), lo que garantiza compatibilidad con distintas normativas internacionales.<\/p>\n<p data-start=\"1466\" data-end=\"1686\">La l\u00ednea <strong data-start=\"1475\" data-end=\"1493\">Green Premium\u2122<\/strong> certifica que este producto cumple con las regulaciones m\u00e1s recientes, ofrece transparencia sobre su impacto ambiental, promueve la circularidad y mantiene un bajo nivel de emisiones de CO\u2082.<\/p>\n","protected":false},"excerpt":{"rendered":"<p>El contactor de la nueva generaci\u00f3n de la serie TeSys Deca ofrece una soluci\u00f3n confiable y robusta para acelerar el tiempo de llegada al mercado de las m\u00e1quinas. Este producto tiene 3 (NO) polos y est\u00e1 destinado para aplicaciones de control de motores hasta 9A\/690V AC-3\/3e (4kW\/400V). Dispone de bobina 220V AC 50\/60Hz con m\u00f3dulo supresor transit\u00f3rio, contactos auxiliares incorporados 1NO+1NC (certificados NC espejo) y conexi\u00f3n mediante terminales de resorte. Este contactor garantiza sencillez y facilidad de instalaci\u00f3n, es muy resistente y compacto (45mm de ancho). Tiene un rango de operaci\u00f3n de 3.600 ciclos\/hora en ambientes de hasta 60\u00b0C, proporcionando alta confiabilidad y durabilidad. Adem\u00e1s, tiene protecci\u00f3n IP20 y montaje en riel DIN o fijaci\u00f3n por tornillos. Este producto tiene certificaci\u00f3n multiest\u00e1ndar (IEC, UL, CSA, CCC, EAC, Marine). Los contactores Tesys Deca cuentan con la etiqueta Green PremiumTM, la cual promete el cumplimiento de las reglamentaciones m\u00e1s recientes, transparencia sobre los impactos medioambientales, productos circulares y de bajo nivel de CO2.<\/p>\n","protected":false},"featured_media":30195,"comment_status":"open","ping_status":"closed","template":"","meta":{"_monsterinsights_skip_tracking":false,"_monsterinsights_sitenote_active":false,"_monsterinsights_sitenote_note":"","_monsterinsights_sitenote_category":0},"product_brand":[],"product_cat":[332],"product_tag":[450],"class_list":{"0":"post-30194","1":"product","2":"type-product","3":"status-publish","4":"has-post-thumbnail","6":"product_cat-a-contactores","7":"product_tag-schneider","9":"first","10":"instock","11":"shipping-taxable","12":"purchasable","13":"product-type-simple"},"yoast_head":"<!-- This site is optimized with the Yoast SEO plugin v25.3.1 - https:\/\/yoast.com\/wordpress\/plugins\/seo\/ -->\n<title>CONTACTOR AC3 TESYS DECA 3P - 9A - 220V - 1NA+1 NC - Tienda Rigelec<\/title>\n<meta name=\"description\" content=\"Tienda Rigelec CONTACTOR AC3 TESYS DECA 3P - 9A - 220V - 1NA+1 NC Tienda Rigelec CONTACTOR AC3 Tienda Rigelec Tienda Rigelec\" \/>\n<meta name=\"robots\" content=\"index, follow, max-snippet:-1, max-image-preview:large, max-video-preview:-1\" \/>\n<link rel=\"canonical\" href=\"https:\/\/tienda.rigelec.com.ar\/?product=contactor-ac3-6\" \/>\n<meta property=\"og:locale\" content=\"es_ES\" \/>\n<meta property=\"og:type\" content=\"article\" \/>\n<meta property=\"og:title\" content=\"CONTACTOR AC3 TESYS DECA 3P - 9A - 220V - 1NA+1 NC - Tienda Rigelec\" \/>\n<meta property=\"og:description\" content=\"Tienda Rigelec CONTACTOR AC3 TESYS DECA 3P - 9A - 220V - 1NA+1 NC Tienda Rigelec CONTACTOR AC3 Tienda Rigelec Tienda Rigelec\" \/>\n<meta property=\"og:url\" content=\"https:\/\/tienda.rigelec.com.ar\/?product=contactor-ac3-6\" \/>\n<meta property=\"og:site_name\" content=\"Tienda Rigelec\" \/>\n<meta property=\"article:modified_time\" content=\"2026-05-01T04:13:59+00:00\" \/>\n<meta property=\"og:image\" content=\"https:\/\/tienda.rigelec.com.ar\/wp-content\/uploads\/2025\/06\/CONTACTORAC3.jpg\" \/>\n\t<meta property=\"og:image:width\" content=\"1080\" \/>\n\t<meta property=\"og:image:height\" content=\"1080\" \/>\n\t<meta property=\"og:image:type\" content=\"image\/jpeg\" \/>\n<meta name=\"twitter:card\" content=\"summary_large_image\" \/>\n<meta name=\"twitter:label1\" content=\"Tiempo de lectura\" \/>\n\t<meta name=\"twitter:data1\" content=\"1 minuto\" \/>\n<script type=\"application\/ld+json\" class=\"yoast-schema-graph\">{\"@context\":\"https:\/\/schema.org\",\"@graph\":[{\"@type\":\"WebPage\",\"@id\":\"https:\/\/tienda.rigelec.com.ar\/?product=contactor-ac3-6\",\"url\":\"https:\/\/tienda.rigelec.com.ar\/?product=contactor-ac3-6\",\"name\":\"CONTACTOR AC3 TESYS DECA 3P - 9A - 220V - 1NA+1 NC - Tienda Rigelec\",\"isPartOf\":{\"@id\":\"https:\/\/tienda.rigelec.com.ar\/#website\"},\"primaryImageOfPage\":{\"@id\":\"https:\/\/tienda.rigelec.com.ar\/?product=contactor-ac3-6#primaryimage\"},\"image\":{\"@id\":\"https:\/\/tienda.rigelec.com.ar\/?product=contactor-ac3-6#primaryimage\"},\"thumbnailUrl\":\"https:\/\/tienda.rigelec.com.ar\/wp-content\/uploads\/2025\/06\/CONTACTORAC3.jpg\",\"datePublished\":\"2025-06-19T22:13:51+00:00\",\"dateModified\":\"2026-05-01T04:13:59+00:00\",\"description\":\"Tienda Rigelec CONTACTOR AC3 TESYS DECA 3P - 9A - 220V - 1NA+1 NC Tienda Rigelec CONTACTOR AC3 Tienda Rigelec Tienda Rigelec\",\"breadcrumb\":{\"@id\":\"https:\/\/tienda.rigelec.com.ar\/?product=contactor-ac3-6#breadcrumb\"},\"inLanguage\":\"es-AR\",\"potentialAction\":[{\"@type\":\"ReadAction\",\"target\":[\"https:\/\/tienda.rigelec.com.ar\/?product=contactor-ac3-6\"]}]},{\"@type\":\"ImageObject\",\"inLanguage\":\"es-AR\",\"@id\":\"https:\/\/tienda.rigelec.com.ar\/?product=contactor-ac3-6#primaryimage\",\"url\":\"https:\/\/tienda.rigelec.com.ar\/wp-content\/uploads\/2025\/06\/CONTACTORAC3.jpg\",\"contentUrl\":\"https:\/\/tienda.rigelec.com.ar\/wp-content\/uploads\/2025\/06\/CONTACTORAC3.jpg\",\"width\":1080,\"height\":1080},{\"@type\":\"BreadcrumbList\",\"@id\":\"https:\/\/tienda.rigelec.com.ar\/?product=contactor-ac3-6#breadcrumb\",\"itemListElement\":[{\"@type\":\"ListItem\",\"position\":1,\"name\":\"Inicio\",\"item\":\"https:\/\/tienda.rigelec.com.ar\/\"},{\"@type\":\"ListItem\",\"position\":2,\"name\":\"Shop\",\"item\":\"https:\/\/tienda.rigelec.com.ar\/?page_id=12\"},{\"@type\":\"ListItem\",\"position\":3,\"name\":\"CONTACTOR AC3 TESYS DECA 3P &#8211; 9A &#8211; 220V &#8211; 1NA+1 NC\"}]},{\"@type\":\"WebSite\",\"@id\":\"https:\/\/tienda.rigelec.com.ar\/#website\",\"url\":\"https:\/\/tienda.rigelec.com.ar\/\",\"name\":\"Tienda Rigelec\",\"description\":\"Energia en movimiento\",\"publisher\":{\"@id\":\"https:\/\/tienda.rigelec.com.ar\/#organization\"},\"potentialAction\":[{\"@type\":\"SearchAction\",\"target\":{\"@type\":\"EntryPoint\",\"urlTemplate\":\"https:\/\/tienda.rigelec.com.ar\/?s={search_term_string}\"},\"query-input\":{\"@type\":\"PropertyValueSpecification\",\"valueRequired\":true,\"valueName\":\"search_term_string\"}}],\"inLanguage\":\"es-AR\"},{\"@type\":\"Organization\",\"@id\":\"https:\/\/tienda.rigelec.com.ar\/#organization\",\"name\":\"Tienda Rigelec\",\"url\":\"https:\/\/tienda.rigelec.com.ar\/\",\"logo\":{\"@type\":\"ImageObject\",\"inLanguage\":\"es-AR\",\"@id\":\"https:\/\/tienda.rigelec.com.ar\/#\/schema\/logo\/image\/\",\"url\":\"https:\/\/tienda.rigelec.com.ar\/wp-content\/uploads\/2024\/09\/isologo-blanco-rigelec.png\",\"contentUrl\":\"https:\/\/tienda.rigelec.com.ar\/wp-content\/uploads\/2024\/09\/isologo-blanco-rigelec.png\",\"width\":94,\"height\":97,\"caption\":\"Tienda Rigelec\"},\"image\":{\"@id\":\"https:\/\/tienda.rigelec.com.ar\/#\/schema\/logo\/image\/\"}}]}<\/script>\n<!-- \/ Yoast SEO plugin. -->","yoast_head_json":{"title":"CONTACTOR AC3 TESYS DECA 3P - 9A - 220V - 1NA+1 NC - Tienda Rigelec","description":"Tienda Rigelec CONTACTOR AC3 TESYS DECA 3P - 9A - 220V - 1NA+1 NC Tienda Rigelec CONTACTOR AC3 Tienda Rigelec Tienda Rigelec","robots":{"index":"index","follow":"follow","max-snippet":"max-snippet:-1","max-image-preview":"max-image-preview:large","max-video-preview":"max-video-preview:-1"},"canonical":"https:\/\/tienda.rigelec.com.ar\/?product=contactor-ac3-6","og_locale":"es_ES","og_type":"article","og_title":"CONTACTOR AC3 TESYS DECA 3P - 9A - 220V - 1NA+1 NC - Tienda Rigelec","og_description":"Tienda Rigelec CONTACTOR AC3 TESYS DECA 3P - 9A - 220V - 1NA+1 NC Tienda Rigelec CONTACTOR AC3 Tienda Rigelec Tienda Rigelec","og_url":"https:\/\/tienda.rigelec.com.ar\/?product=contactor-ac3-6","og_site_name":"Tienda Rigelec","article_modified_time":"2026-05-01T04:13:59+00:00","og_image":[{"width":1080,"height":1080,"url":"https:\/\/tienda.rigelec.com.ar\/wp-content\/uploads\/2025\/06\/CONTACTORAC3.jpg","type":"image\/jpeg"}],"twitter_card":"summary_large_image","twitter_misc":{"Tiempo de lectura":"1 minuto"},"schema":{"@context":"https:\/\/schema.org","@graph":[{"@type":"WebPage","@id":"https:\/\/tienda.rigelec.com.ar\/?product=contactor-ac3-6","url":"https:\/\/tienda.rigelec.com.ar\/?product=contactor-ac3-6","name":"CONTACTOR AC3 TESYS DECA 3P - 9A - 220V - 1NA+1 NC - Tienda Rigelec","isPartOf":{"@id":"https:\/\/tienda.rigelec.com.ar\/#website"},"primaryImageOfPage":{"@id":"https:\/\/tienda.rigelec.com.ar\/?product=contactor-ac3-6#primaryimage"},"image":{"@id":"https:\/\/tienda.rigelec.com.ar\/?product=contactor-ac3-6#primaryimage"},"thumbnailUrl":"https:\/\/tienda.rigelec.com.ar\/wp-content\/uploads\/2025\/06\/CONTACTORAC3.jpg","datePublished":"2025-06-19T22:13:51+00:00","dateModified":"2026-05-01T04:13:59+00:00","description":"Tienda Rigelec CONTACTOR AC3 TESYS DECA 3P - 9A - 220V - 1NA+1 NC Tienda Rigelec CONTACTOR AC3 Tienda Rigelec Tienda Rigelec","breadcrumb":{"@id":"https:\/\/tienda.rigelec.com.ar\/?product=contactor-ac3-6#breadcrumb"},"inLanguage":"es-AR","potentialAction":[{"@type":"ReadAction","target":["https:\/\/tienda.rigelec.com.ar\/?product=contactor-ac3-6"]}]},{"@type":"ImageObject","inLanguage":"es-AR","@id":"https:\/\/tienda.rigelec.com.ar\/?product=contactor-ac3-6#primaryimage","url":"https:\/\/tienda.rigelec.com.ar\/wp-content\/uploads\/2025\/06\/CONTACTORAC3.jpg","contentUrl":"https:\/\/tienda.rigelec.com.ar\/wp-content\/uploads\/2025\/06\/CONTACTORAC3.jpg","width":1080,"height":1080},{"@type":"BreadcrumbList","@id":"https:\/\/tienda.rigelec.com.ar\/?product=contactor-ac3-6#breadcrumb","itemListElement":[{"@type":"ListItem","position":1,"name":"Inicio","item":"https:\/\/tienda.rigelec.com.ar\/"},{"@type":"ListItem","position":2,"name":"Shop","item":"https:\/\/tienda.rigelec.com.ar\/?page_id=12"},{"@type":"ListItem","position":3,"name":"CONTACTOR AC3 TESYS DECA 3P &#8211; 9A &#8211; 220V &#8211; 1NA+1 NC"}]},{"@type":"WebSite","@id":"https:\/\/tienda.rigelec.com.ar\/#website","url":"https:\/\/tienda.rigelec.com.ar\/","name":"Tienda Rigelec","description":"Energia en movimiento","publisher":{"@id":"https:\/\/tienda.rigelec.com.ar\/#organization"},"potentialAction":[{"@type":"SearchAction","target":{"@type":"EntryPoint","urlTemplate":"https:\/\/tienda.rigelec.com.ar\/?s={search_term_string}"},"query-input":{"@type":"PropertyValueSpecification","valueRequired":true,"valueName":"search_term_string"}}],"inLanguage":"es-AR"},{"@type":"Organization","@id":"https:\/\/tienda.rigelec.com.ar\/#organization","name":"Tienda Rigelec","url":"https:\/\/tienda.rigelec.com.ar\/","logo":{"@type":"ImageObject","inLanguage":"es-AR","@id":"https:\/\/tienda.rigelec.com.ar\/#\/schema\/logo\/image\/","url":"https:\/\/tienda.rigelec.com.ar\/wp-content\/uploads\/2024\/09\/isologo-blanco-rigelec.png","contentUrl":"https:\/\/tienda.rigelec.com.ar\/wp-content\/uploads\/2024\/09\/isologo-blanco-rigelec.png","width":94,"height":97,"caption":"Tienda Rigelec"},"image":{"@id":"https:\/\/tienda.rigelec.com.ar\/#\/schema\/logo\/image\/"}}]}},"jetpack_sharing_enabled":true,"_links":{"self":[{"href":"https:\/\/tienda.rigelec.com.ar\/index.php?rest_route=\/wp\/v2\/product\/30194","targetHints":{"allow":["GET"]}}],"collection":[{"href":"https:\/\/tienda.rigelec.com.ar\/index.php?rest_route=\/wp\/v2\/product"}],"about":[{"href":"https:\/\/tienda.rigelec.com.ar\/index.php?rest_route=\/wp\/v2\/types\/product"}],"replies":[{"embeddable":true,"href":"https:\/\/tienda.rigelec.com.ar\/index.php?rest_route=%2Fwp%2Fv2%2Fcomments&post=30194"}],"wp:featuredmedia":[{"embeddable":true,"href":"https:\/\/tienda.rigelec.com.ar\/index.php?rest_route=\/wp\/v2\/media\/30195"}],"wp:attachment":[{"href":"https:\/\/tienda.rigelec.com.ar\/index.php?rest_route=%2Fwp%2Fv2%2Fmedia&parent=30194"}],"wp:term":[{"taxonomy":"product_brand","embeddable":true,"href":"https:\/\/tienda.rigelec.com.ar\/index.php?rest_route=%2Fwp%2Fv2%2Fproduct_brand&post=30194"},{"taxonomy":"product_cat","embeddable":true,"href":"https:\/\/tienda.rigelec.com.ar\/index.php?rest_route=%2Fwp%2Fv2%2Fproduct_cat&post=30194"},{"taxonomy":"product_tag","embeddable":true,"href":"https:\/\/tienda.rigelec.com.ar\/index.php?rest_route=%2Fwp%2Fv2%2Fproduct_tag&post=30194"}],"curies":[{"name":"wp","href":"https:\/\/api.w.org\/{rel}","templated":true}]}}