{"id":30210,"date":"2025-06-23T20:31:56","date_gmt":"2025-06-23T23:31:56","guid":{"rendered":"https:\/\/tienda.rigelec.com.ar\/?product=bloque-contactos-auxiliares-easy-tesys-1-69vca-1na1nc"},"modified":"2026-05-01T01:29:49","modified_gmt":"2026-05-01T04:29:49","slug":"bloque-contactos","status":"publish","type":"product","link":"https:\/\/tienda.rigelec.com.ar\/?product=bloque-contactos","title":{"rendered":"BLOQUE CONTACTOS AUXILIARES EASY TESYS 1-69VCA &#8211; 1NA+1NC"},"content":{"rendered":"<p>BLOQUE CONTACTOS AUXILIARES<\/p>\n<p data-start=\"156\" data-end=\"220\"><strong data-start=\"156\" data-end=\"218\">BLOQUE CONTACTOS AUXILIARES EASY TESYS \u2013 1-69VCA \u2013 1NA+1NC<\/strong><\/p>\n<p data-start=\"222\" data-end=\"511\">El <strong data-start=\"225\" data-end=\"272\">bloque de contactos auxiliares EasyPact TVS<\/strong> de Schneider Electric es un accesorio dise\u00f1ado para <strong data-start=\"325\" data-end=\"345\">contactores LC1E<\/strong>. Proporciona <strong data-start=\"359\" data-end=\"395\">contactos instant\u00e1neos 1NA + 1NC<\/strong> con una capacidad nominal de hasta <strong data-start=\"431\" data-end=\"446\">1A \u2013 69V CA<\/strong>, conectados mediante <strong data-start=\"468\" data-end=\"508\">terminales de abrazadera de tornillo<\/strong>.<\/p>\n<p data-start=\"513\" data-end=\"768\">Gracias a sus <strong data-start=\"527\" data-end=\"571\">contactos de espejo con certificaci\u00f3n NC<\/strong>, puede utilizarse en <strong data-start=\"593\" data-end=\"622\">aplicaciones de seguridad<\/strong>, ofreciendo mayor fiabilidad. Su montaje es r\u00e1pido y sencillo, ya que se fija en la parte frontal del contactor mediante un <strong data-start=\"747\" data-end=\"765\">clip de encaje<\/strong>.<\/p>\n<p data-start=\"770\" data-end=\"1060\">Este bloque auxiliar combina <strong data-start=\"799\" data-end=\"833\">durabilidad y alto rendimiento<\/strong>, adapt\u00e1ndose a entornos exigentes. Adem\u00e1s, est\u00e1 disponible a nivel mundial y cuenta con <strong data-start=\"922\" data-end=\"955\">certificaciones multiest\u00e1ndar<\/strong> (IEC, UL, CSA, CCC, EAC, Marine), garantizando compatibilidad con diversas normativas internacionales.<\/p>\n<p data-start=\"1062\" data-end=\"1283\">Asimismo, pertenece a la l\u00ednea <strong data-start=\"1093\" data-end=\"1111\">Green Premium\u2122<\/strong>, lo que asegura cumplimiento con las regulaciones medioambientales m\u00e1s recientes, productos circulares y reducci\u00f3n del impacto ambiental seg\u00fan directivas <strong data-start=\"1266\" data-end=\"1280\">RoHS\/REACH<\/strong>.<\/p>\n","protected":false},"excerpt":{"rendered":"<p>Bloque de contactos auxiliares para contactores EasyPact TVS LC1E. Proporciona contactos instant\u00e1neos 1NA+1NC con una capacidad nominal de hasta 1 A 69 V CA, conectados por terminales de abrazaderas de tornillo. Se puede utilizar en aplicaciones de seguridad gracias a sus contactos de espejo con certificaci\u00f3n NC. F\u00e1cil de montar en la parte frontal mediante un clip, proporciona gran fiabilidad y durabilidad. Est\u00e1 disponible en todo el mundo y cumple con los est\u00e1ndares m\u00faltiples (IEC, UL, CSA, CCC, EAC, Marine) y Green Premium (RoHs\/Reach).<\/p>\n","protected":false},"featured_media":30211,"comment_status":"open","ping_status":"closed","template":"","meta":{"_monsterinsights_skip_tracking":false,"_monsterinsights_sitenote_active":false,"_monsterinsights_sitenote_note":"","_monsterinsights_sitenote_category":0},"product_brand":[],"product_cat":[332],"product_tag":[450],"class_list":{"0":"post-30210","1":"product","2":"type-product","3":"status-publish","4":"has-post-thumbnail","6":"product_cat-a-contactores","7":"product_tag-schneider","9":"first","10":"instock","11":"shipping-taxable","12":"purchasable","13":"product-type-simple"},"yoast_head":"<!-- This site is optimized with the Yoast SEO plugin v25.3.1 - https:\/\/yoast.com\/wordpress\/plugins\/seo\/ -->\n<title>BLOQUE CONTACTOS AUXILIARES EASY TESYS 1-69VCA - 1NA+1NC - Tienda Rigelec<\/title>\n<meta name=\"description\" content=\"BLOQUE CONTACTOS AUXILIARES EASY TESYS 1-69VCA - 1NA+1NC Tienda Rigelec BLOQUE CONTACTOS AUXILIARES EASY TESYS 1-69VCA - 1NA+1NC\" \/>\n<meta name=\"robots\" content=\"index, follow, max-snippet:-1, max-image-preview:large, max-video-preview:-1\" \/>\n<link rel=\"canonical\" href=\"https:\/\/tienda.rigelec.com.ar\/?product=bloque-contactos\" \/>\n<meta property=\"og:locale\" content=\"es_ES\" \/>\n<meta property=\"og:type\" content=\"article\" \/>\n<meta property=\"og:title\" content=\"BLOQUE CONTACTOS AUXILIARES EASY TESYS 1-69VCA - 1NA+1NC - Tienda Rigelec\" \/>\n<meta property=\"og:description\" content=\"BLOQUE CONTACTOS AUXILIARES EASY TESYS 1-69VCA - 1NA+1NC Tienda Rigelec BLOQUE CONTACTOS AUXILIARES EASY TESYS 1-69VCA - 1NA+1NC\" \/>\n<meta property=\"og:url\" content=\"https:\/\/tienda.rigelec.com.ar\/?product=bloque-contactos\" \/>\n<meta property=\"og:site_name\" content=\"Tienda Rigelec\" \/>\n<meta property=\"article:modified_time\" content=\"2026-05-01T04:29:49+00:00\" \/>\n<meta property=\"og:image\" content=\"https:\/\/tienda.rigelec.com.ar\/wp-content\/uploads\/2025\/06\/BLOQUECONTACTOSAUXILIARES.jpg\" \/>\n\t<meta property=\"og:image:width\" content=\"1080\" \/>\n\t<meta property=\"og:image:height\" content=\"1080\" \/>\n\t<meta property=\"og:image:type\" content=\"image\/jpeg\" \/>\n<meta name=\"twitter:card\" content=\"summary_large_image\" \/>\n<meta name=\"twitter:label1\" content=\"Tiempo de lectura\" \/>\n\t<meta name=\"twitter:data1\" content=\"1 minuto\" \/>\n<script type=\"application\/ld+json\" class=\"yoast-schema-graph\">{\"@context\":\"https:\/\/schema.org\",\"@graph\":[{\"@type\":\"WebPage\",\"@id\":\"https:\/\/tienda.rigelec.com.ar\/?product=bloque-contactos\",\"url\":\"https:\/\/tienda.rigelec.com.ar\/?product=bloque-contactos\",\"name\":\"BLOQUE CONTACTOS AUXILIARES EASY TESYS 1-69VCA - 1NA+1NC - Tienda Rigelec\",\"isPartOf\":{\"@id\":\"https:\/\/tienda.rigelec.com.ar\/#website\"},\"primaryImageOfPage\":{\"@id\":\"https:\/\/tienda.rigelec.com.ar\/?product=bloque-contactos#primaryimage\"},\"image\":{\"@id\":\"https:\/\/tienda.rigelec.com.ar\/?product=bloque-contactos#primaryimage\"},\"thumbnailUrl\":\"https:\/\/tienda.rigelec.com.ar\/wp-content\/uploads\/2025\/06\/BLOQUECONTACTOSAUXILIARES.jpg\",\"datePublished\":\"2025-06-23T23:31:56+00:00\",\"dateModified\":\"2026-05-01T04:29:49+00:00\",\"description\":\"BLOQUE CONTACTOS AUXILIARES EASY TESYS 1-69VCA - 1NA+1NC Tienda Rigelec BLOQUE CONTACTOS AUXILIARES EASY TESYS 1-69VCA - 1NA+1NC\",\"breadcrumb\":{\"@id\":\"https:\/\/tienda.rigelec.com.ar\/?product=bloque-contactos#breadcrumb\"},\"inLanguage\":\"es-AR\",\"potentialAction\":[{\"@type\":\"ReadAction\",\"target\":[\"https:\/\/tienda.rigelec.com.ar\/?product=bloque-contactos\"]}]},{\"@type\":\"ImageObject\",\"inLanguage\":\"es-AR\",\"@id\":\"https:\/\/tienda.rigelec.com.ar\/?product=bloque-contactos#primaryimage\",\"url\":\"https:\/\/tienda.rigelec.com.ar\/wp-content\/uploads\/2025\/06\/BLOQUECONTACTOSAUXILIARES.jpg\",\"contentUrl\":\"https:\/\/tienda.rigelec.com.ar\/wp-content\/uploads\/2025\/06\/BLOQUECONTACTOSAUXILIARES.jpg\",\"width\":1080,\"height\":1080},{\"@type\":\"BreadcrumbList\",\"@id\":\"https:\/\/tienda.rigelec.com.ar\/?product=bloque-contactos#breadcrumb\",\"itemListElement\":[{\"@type\":\"ListItem\",\"position\":1,\"name\":\"Inicio\",\"item\":\"https:\/\/tienda.rigelec.com.ar\/\"},{\"@type\":\"ListItem\",\"position\":2,\"name\":\"Shop\",\"item\":\"https:\/\/tienda.rigelec.com.ar\/?page_id=12\"},{\"@type\":\"ListItem\",\"position\":3,\"name\":\"BLOQUE CONTACTOS AUXILIARES EASY TESYS 1-69VCA &#8211; 1NA+1NC\"}]},{\"@type\":\"WebSite\",\"@id\":\"https:\/\/tienda.rigelec.com.ar\/#website\",\"url\":\"https:\/\/tienda.rigelec.com.ar\/\",\"name\":\"Tienda Rigelec\",\"description\":\"Energia en movimiento\",\"publisher\":{\"@id\":\"https:\/\/tienda.rigelec.com.ar\/#organization\"},\"potentialAction\":[{\"@type\":\"SearchAction\",\"target\":{\"@type\":\"EntryPoint\",\"urlTemplate\":\"https:\/\/tienda.rigelec.com.ar\/?s={search_term_string}\"},\"query-input\":{\"@type\":\"PropertyValueSpecification\",\"valueRequired\":true,\"valueName\":\"search_term_string\"}}],\"inLanguage\":\"es-AR\"},{\"@type\":\"Organization\",\"@id\":\"https:\/\/tienda.rigelec.com.ar\/#organization\",\"name\":\"Tienda Rigelec\",\"url\":\"https:\/\/tienda.rigelec.com.ar\/\",\"logo\":{\"@type\":\"ImageObject\",\"inLanguage\":\"es-AR\",\"@id\":\"https:\/\/tienda.rigelec.com.ar\/#\/schema\/logo\/image\/\",\"url\":\"https:\/\/tienda.rigelec.com.ar\/wp-content\/uploads\/2024\/09\/isologo-blanco-rigelec.png\",\"contentUrl\":\"https:\/\/tienda.rigelec.com.ar\/wp-content\/uploads\/2024\/09\/isologo-blanco-rigelec.png\",\"width\":94,\"height\":97,\"caption\":\"Tienda Rigelec\"},\"image\":{\"@id\":\"https:\/\/tienda.rigelec.com.ar\/#\/schema\/logo\/image\/\"}}]}<\/script>\n<!-- \/ Yoast SEO plugin. -->","yoast_head_json":{"title":"BLOQUE CONTACTOS AUXILIARES EASY TESYS 1-69VCA - 1NA+1NC - Tienda Rigelec","description":"BLOQUE CONTACTOS AUXILIARES EASY TESYS 1-69VCA - 1NA+1NC Tienda Rigelec BLOQUE CONTACTOS AUXILIARES EASY TESYS 1-69VCA - 1NA+1NC","robots":{"index":"index","follow":"follow","max-snippet":"max-snippet:-1","max-image-preview":"max-image-preview:large","max-video-preview":"max-video-preview:-1"},"canonical":"https:\/\/tienda.rigelec.com.ar\/?product=bloque-contactos","og_locale":"es_ES","og_type":"article","og_title":"BLOQUE CONTACTOS AUXILIARES EASY TESYS 1-69VCA - 1NA+1NC - Tienda Rigelec","og_description":"BLOQUE CONTACTOS AUXILIARES EASY TESYS 1-69VCA - 1NA+1NC Tienda Rigelec BLOQUE CONTACTOS AUXILIARES EASY TESYS 1-69VCA - 1NA+1NC","og_url":"https:\/\/tienda.rigelec.com.ar\/?product=bloque-contactos","og_site_name":"Tienda Rigelec","article_modified_time":"2026-05-01T04:29:49+00:00","og_image":[{"width":1080,"height":1080,"url":"https:\/\/tienda.rigelec.com.ar\/wp-content\/uploads\/2025\/06\/BLOQUECONTACTOSAUXILIARES.jpg","type":"image\/jpeg"}],"twitter_card":"summary_large_image","twitter_misc":{"Tiempo de lectura":"1 minuto"},"schema":{"@context":"https:\/\/schema.org","@graph":[{"@type":"WebPage","@id":"https:\/\/tienda.rigelec.com.ar\/?product=bloque-contactos","url":"https:\/\/tienda.rigelec.com.ar\/?product=bloque-contactos","name":"BLOQUE CONTACTOS AUXILIARES EASY TESYS 1-69VCA - 1NA+1NC - Tienda Rigelec","isPartOf":{"@id":"https:\/\/tienda.rigelec.com.ar\/#website"},"primaryImageOfPage":{"@id":"https:\/\/tienda.rigelec.com.ar\/?product=bloque-contactos#primaryimage"},"image":{"@id":"https:\/\/tienda.rigelec.com.ar\/?product=bloque-contactos#primaryimage"},"thumbnailUrl":"https:\/\/tienda.rigelec.com.ar\/wp-content\/uploads\/2025\/06\/BLOQUECONTACTOSAUXILIARES.jpg","datePublished":"2025-06-23T23:31:56+00:00","dateModified":"2026-05-01T04:29:49+00:00","description":"BLOQUE CONTACTOS AUXILIARES EASY TESYS 1-69VCA - 1NA+1NC Tienda Rigelec BLOQUE CONTACTOS AUXILIARES EASY TESYS 1-69VCA - 1NA+1NC","breadcrumb":{"@id":"https:\/\/tienda.rigelec.com.ar\/?product=bloque-contactos#breadcrumb"},"inLanguage":"es-AR","potentialAction":[{"@type":"ReadAction","target":["https:\/\/tienda.rigelec.com.ar\/?product=bloque-contactos"]}]},{"@type":"ImageObject","inLanguage":"es-AR","@id":"https:\/\/tienda.rigelec.com.ar\/?product=bloque-contactos#primaryimage","url":"https:\/\/tienda.rigelec.com.ar\/wp-content\/uploads\/2025\/06\/BLOQUECONTACTOSAUXILIARES.jpg","contentUrl":"https:\/\/tienda.rigelec.com.ar\/wp-content\/uploads\/2025\/06\/BLOQUECONTACTOSAUXILIARES.jpg","width":1080,"height":1080},{"@type":"BreadcrumbList","@id":"https:\/\/tienda.rigelec.com.ar\/?product=bloque-contactos#breadcrumb","itemListElement":[{"@type":"ListItem","position":1,"name":"Inicio","item":"https:\/\/tienda.rigelec.com.ar\/"},{"@type":"ListItem","position":2,"name":"Shop","item":"https:\/\/tienda.rigelec.com.ar\/?page_id=12"},{"@type":"ListItem","position":3,"name":"BLOQUE CONTACTOS AUXILIARES EASY TESYS 1-69VCA &#8211; 1NA+1NC"}]},{"@type":"WebSite","@id":"https:\/\/tienda.rigelec.com.ar\/#website","url":"https:\/\/tienda.rigelec.com.ar\/","name":"Tienda Rigelec","description":"Energia en movimiento","publisher":{"@id":"https:\/\/tienda.rigelec.com.ar\/#organization"},"potentialAction":[{"@type":"SearchAction","target":{"@type":"EntryPoint","urlTemplate":"https:\/\/tienda.rigelec.com.ar\/?s={search_term_string}"},"query-input":{"@type":"PropertyValueSpecification","valueRequired":true,"valueName":"search_term_string"}}],"inLanguage":"es-AR"},{"@type":"Organization","@id":"https:\/\/tienda.rigelec.com.ar\/#organization","name":"Tienda Rigelec","url":"https:\/\/tienda.rigelec.com.ar\/","logo":{"@type":"ImageObject","inLanguage":"es-AR","@id":"https:\/\/tienda.rigelec.com.ar\/#\/schema\/logo\/image\/","url":"https:\/\/tienda.rigelec.com.ar\/wp-content\/uploads\/2024\/09\/isologo-blanco-rigelec.png","contentUrl":"https:\/\/tienda.rigelec.com.ar\/wp-content\/uploads\/2024\/09\/isologo-blanco-rigelec.png","width":94,"height":97,"caption":"Tienda Rigelec"},"image":{"@id":"https:\/\/tienda.rigelec.com.ar\/#\/schema\/logo\/image\/"}}]}},"jetpack_sharing_enabled":true,"_links":{"self":[{"href":"https:\/\/tienda.rigelec.com.ar\/index.php?rest_route=\/wp\/v2\/product\/30210","targetHints":{"allow":["GET"]}}],"collection":[{"href":"https:\/\/tienda.rigelec.com.ar\/index.php?rest_route=\/wp\/v2\/product"}],"about":[{"href":"https:\/\/tienda.rigelec.com.ar\/index.php?rest_route=\/wp\/v2\/types\/product"}],"replies":[{"embeddable":true,"href":"https:\/\/tienda.rigelec.com.ar\/index.php?rest_route=%2Fwp%2Fv2%2Fcomments&post=30210"}],"wp:featuredmedia":[{"embeddable":true,"href":"https:\/\/tienda.rigelec.com.ar\/index.php?rest_route=\/wp\/v2\/media\/30211"}],"wp:attachment":[{"href":"https:\/\/tienda.rigelec.com.ar\/index.php?rest_route=%2Fwp%2Fv2%2Fmedia&parent=30210"}],"wp:term":[{"taxonomy":"product_brand","embeddable":true,"href":"https:\/\/tienda.rigelec.com.ar\/index.php?rest_route=%2Fwp%2Fv2%2Fproduct_brand&post=30210"},{"taxonomy":"product_cat","embeddable":true,"href":"https:\/\/tienda.rigelec.com.ar\/index.php?rest_route=%2Fwp%2Fv2%2Fproduct_cat&post=30210"},{"taxonomy":"product_tag","embeddable":true,"href":"https:\/\/tienda.rigelec.com.ar\/index.php?rest_route=%2Fwp%2Fv2%2Fproduct_tag&post=30210"}],"curies":[{"name":"wp","href":"https:\/\/api.w.org\/{rel}","templated":true}]}}