{"id":30286,"date":"2025-07-07T19:03:21","date_gmt":"2025-07-07T22:03:21","guid":{"rendered":"https:\/\/tienda.rigelec.com.ar\/?product=luz-de-emergencia-autonoma-frog-2-leds-3w-ip43-ignifugo"},"modified":"2026-05-03T21:54:04","modified_gmt":"2026-05-04T00:54:04","slug":"luz-de-emergencia-autonoma-frog-2-leds-3w-ip43-ignifugo","status":"publish","type":"product","link":"https:\/\/tienda.rigelec.com.ar\/?product=luz-de-emergencia-autonoma-frog-2-leds-3w-ip43-ignifugo","title":{"rendered":"LUZ DE EMERGENCIA AUTONOMA FROG 2 LEDS &#8211; 3W &#8211; IP43 &#8211; IGNIFUGO"},"content":{"rendered":"<p>LUZ DE EMERGENCIA AUTONOMA<\/p>\n","protected":false},"excerpt":{"rendered":"<p>Frog es una l\u00ednea de iluminaci\u00f3n de emergencia con lentes direccionables. Su \u00f3ptimo dise\u00f1o fotom\u00e9trico y su alta potencia lum\u00ednica  otorgan una gran \u00e1rea de cobertura. Algunos modelos de la l\u00ednea Frog se pueden instalar con una separaci\u00f3n de 60 metros cubriendo 1 lux a nivel de piso, lo que permite ahorrar en luminarias. Adem\u00e1s tiene luminosidad constante desde el primer minuto hasta el fin de la autonom\u00eda. Posee tres tipos de lentes (puntual, ambiente y corredor) que se adaptan a las necesidades de los diferentes ambientes a iluminar.<\/p>\n<p>POTENCIA: 3.7W<br \/>\nAUTONOMIA: 2hr<br \/>\nBATERIA: LITIO &#8211; ION<br \/>\nFLUJO LUMINICO: 562<br \/>\nTIPO DE LUZ: FRIA<br \/>\nALTURA MINIMA DE MONTAJE: 2.5M<br \/>\nNORMALIZADAS SEGUN: IEC 605998-2-22:2014 &amp; IEC 60598-1:2014<\/p>\n","protected":false},"featured_media":30287,"comment_status":"open","ping_status":"closed","template":"","meta":{"_monsterinsights_skip_tracking":false,"_monsterinsights_sitenote_active":false,"_monsterinsights_sitenote_note":"","_monsterinsights_sitenote_category":0},"product_brand":[],"product_cat":[190],"product_tag":[470],"class_list":{"0":"post-30286","1":"product","2":"type-product","3":"status-publish","4":"has-post-thumbnail","6":"product_cat-c-senalizacion-y-emergencia","7":"product_tag-gama-sonic","9":"first","10":"outofstock","11":"shipping-taxable","12":"purchasable","13":"product-type-simple"},"yoast_head":"<!-- This site is optimized with the Yoast SEO plugin v25.3.1 - https:\/\/yoast.com\/wordpress\/plugins\/seo\/ -->\n<title>LUZ DE EMERGENCIA AUTONOMA FROG 2 LEDS - 3W - IP43 - IGNIFUGO - Tienda Rigelec<\/title>\n<meta name=\"robots\" content=\"index, follow, max-snippet:-1, max-image-preview:large, max-video-preview:-1\" \/>\n<link rel=\"canonical\" href=\"https:\/\/tienda.rigelec.com.ar\/?product=luz-de-emergencia-autonoma-frog-2-leds-3w-ip43-ignifugo\" \/>\n<meta property=\"og:locale\" content=\"es_ES\" \/>\n<meta property=\"og:type\" content=\"article\" \/>\n<meta property=\"og:title\" content=\"LUZ DE EMERGENCIA AUTONOMA FROG 2 LEDS - 3W - IP43 - IGNIFUGO - Tienda Rigelec\" \/>\n<meta property=\"og:description\" content=\"Frog es una l\u00ednea de iluminaci\u00f3n de emergencia con lentes direccionables. Su \u00f3ptimo dise\u00f1o fotom\u00e9trico y su alta potencia lum\u00ednica otorgan una gran \u00e1rea de cobertura. Algunos modelos de la l\u00ednea Frog se pueden instalar con una separaci\u00f3n de 60 metros cubriendo 1 lux a nivel de piso, lo que permite ahorrar en luminarias. Adem\u00e1s tiene luminosidad constante desde el primer minuto hasta el fin de la autonom\u00eda. Posee tres tipos de lentes (puntual, ambiente y corredor) que se adaptan a las necesidades de los diferentes ambientes a iluminar.  POTENCIA: 3.7W AUTONOMIA: 2hr BATERIA: LITIO - ION FLUJO LUMINICO: 562 TIPO DE LUZ: FRIA ALTURA MINIMA DE MONTAJE: 2.5M NORMALIZADAS SEGUN: IEC 605998-2-22:2014 &amp; IEC 60598-1:2014\" \/>\n<meta property=\"og:url\" content=\"https:\/\/tienda.rigelec.com.ar\/?product=luz-de-emergencia-autonoma-frog-2-leds-3w-ip43-ignifugo\" \/>\n<meta property=\"og:site_name\" content=\"Tienda Rigelec\" \/>\n<meta property=\"article:modified_time\" content=\"2026-05-04T00:54:04+00:00\" \/>\n<meta name=\"twitter:card\" content=\"summary_large_image\" \/>\n<script type=\"application\/ld+json\" class=\"yoast-schema-graph\">{\"@context\":\"https:\/\/schema.org\",\"@graph\":[{\"@type\":\"WebPage\",\"@id\":\"https:\/\/tienda.rigelec.com.ar\/?product=luz-de-emergencia-autonoma-frog-2-leds-3w-ip43-ignifugo\",\"url\":\"https:\/\/tienda.rigelec.com.ar\/?product=luz-de-emergencia-autonoma-frog-2-leds-3w-ip43-ignifugo\",\"name\":\"LUZ DE EMERGENCIA AUTONOMA FROG 2 LEDS - 3W - IP43 - IGNIFUGO - Tienda Rigelec\",\"isPartOf\":{\"@id\":\"https:\/\/tienda.rigelec.com.ar\/#website\"},\"primaryImageOfPage\":{\"@id\":\"https:\/\/tienda.rigelec.com.ar\/?product=luz-de-emergencia-autonoma-frog-2-leds-3w-ip43-ignifugo#primaryimage\"},\"image\":{\"@id\":\"https:\/\/tienda.rigelec.com.ar\/?product=luz-de-emergencia-autonoma-frog-2-leds-3w-ip43-ignifugo#primaryimage\"},\"thumbnailUrl\":\"https:\/\/tienda.rigelec.com.ar\/wp-content\/uploads\/2025\/07\/LUZDEEMERGENCIAAUTONOMA.jpg\",\"datePublished\":\"2025-07-07T22:03:21+00:00\",\"dateModified\":\"2026-05-04T00:54:04+00:00\",\"breadcrumb\":{\"@id\":\"https:\/\/tienda.rigelec.com.ar\/?product=luz-de-emergencia-autonoma-frog-2-leds-3w-ip43-ignifugo#breadcrumb\"},\"inLanguage\":\"es-AR\",\"potentialAction\":[{\"@type\":\"ReadAction\",\"target\":[\"https:\/\/tienda.rigelec.com.ar\/?product=luz-de-emergencia-autonoma-frog-2-leds-3w-ip43-ignifugo\"]}]},{\"@type\":\"ImageObject\",\"inLanguage\":\"es-AR\",\"@id\":\"https:\/\/tienda.rigelec.com.ar\/?product=luz-de-emergencia-autonoma-frog-2-leds-3w-ip43-ignifugo#primaryimage\",\"url\":\"https:\/\/tienda.rigelec.com.ar\/wp-content\/uploads\/2025\/07\/LUZDEEMERGENCIAAUTONOMA.jpg\",\"contentUrl\":\"https:\/\/tienda.rigelec.com.ar\/wp-content\/uploads\/2025\/07\/LUZDEEMERGENCIAAUTONOMA.jpg\",\"width\":1080,\"height\":1080},{\"@type\":\"BreadcrumbList\",\"@id\":\"https:\/\/tienda.rigelec.com.ar\/?product=luz-de-emergencia-autonoma-frog-2-leds-3w-ip43-ignifugo#breadcrumb\",\"itemListElement\":[{\"@type\":\"ListItem\",\"position\":1,\"name\":\"Inicio\",\"item\":\"https:\/\/tienda.rigelec.com.ar\/\"},{\"@type\":\"ListItem\",\"position\":2,\"name\":\"Shop\",\"item\":\"https:\/\/tienda.rigelec.com.ar\/?page_id=12\"},{\"@type\":\"ListItem\",\"position\":3,\"name\":\"LUZ DE EMERGENCIA AUTONOMA FROG 2 LEDS &#8211; 3W &#8211; IP43 &#8211; IGNIFUGO\"}]},{\"@type\":\"WebSite\",\"@id\":\"https:\/\/tienda.rigelec.com.ar\/#website\",\"url\":\"https:\/\/tienda.rigelec.com.ar\/\",\"name\":\"Tienda Rigelec\",\"description\":\"Energia en movimiento\",\"publisher\":{\"@id\":\"https:\/\/tienda.rigelec.com.ar\/#organization\"},\"potentialAction\":[{\"@type\":\"SearchAction\",\"target\":{\"@type\":\"EntryPoint\",\"urlTemplate\":\"https:\/\/tienda.rigelec.com.ar\/?s={search_term_string}\"},\"query-input\":{\"@type\":\"PropertyValueSpecification\",\"valueRequired\":true,\"valueName\":\"search_term_string\"}}],\"inLanguage\":\"es-AR\"},{\"@type\":\"Organization\",\"@id\":\"https:\/\/tienda.rigelec.com.ar\/#organization\",\"name\":\"Tienda Rigelec\",\"url\":\"https:\/\/tienda.rigelec.com.ar\/\",\"logo\":{\"@type\":\"ImageObject\",\"inLanguage\":\"es-AR\",\"@id\":\"https:\/\/tienda.rigelec.com.ar\/#\/schema\/logo\/image\/\",\"url\":\"https:\/\/tienda.rigelec.com.ar\/wp-content\/uploads\/2024\/09\/isologo-blanco-rigelec.png\",\"contentUrl\":\"https:\/\/tienda.rigelec.com.ar\/wp-content\/uploads\/2024\/09\/isologo-blanco-rigelec.png\",\"width\":94,\"height\":97,\"caption\":\"Tienda Rigelec\"},\"image\":{\"@id\":\"https:\/\/tienda.rigelec.com.ar\/#\/schema\/logo\/image\/\"}}]}<\/script>\n<!-- \/ Yoast SEO plugin. -->","yoast_head_json":{"title":"LUZ DE EMERGENCIA AUTONOMA FROG 2 LEDS - 3W - IP43 - IGNIFUGO - Tienda Rigelec","robots":{"index":"index","follow":"follow","max-snippet":"max-snippet:-1","max-image-preview":"max-image-preview:large","max-video-preview":"max-video-preview:-1"},"canonical":"https:\/\/tienda.rigelec.com.ar\/?product=luz-de-emergencia-autonoma-frog-2-leds-3w-ip43-ignifugo","og_locale":"es_ES","og_type":"article","og_title":"LUZ DE EMERGENCIA AUTONOMA FROG 2 LEDS - 3W - IP43 - IGNIFUGO - Tienda Rigelec","og_description":"Frog es una l\u00ednea de iluminaci\u00f3n de emergencia con lentes direccionables. Su \u00f3ptimo dise\u00f1o fotom\u00e9trico y su alta potencia lum\u00ednica otorgan una gran \u00e1rea de cobertura. Algunos modelos de la l\u00ednea Frog se pueden instalar con una separaci\u00f3n de 60 metros cubriendo 1 lux a nivel de piso, lo que permite ahorrar en luminarias. Adem\u00e1s tiene luminosidad constante desde el primer minuto hasta el fin de la autonom\u00eda. Posee tres tipos de lentes (puntual, ambiente y corredor) que se adaptan a las necesidades de los diferentes ambientes a iluminar.  POTENCIA: 3.7W AUTONOMIA: 2hr BATERIA: LITIO - ION FLUJO LUMINICO: 562 TIPO DE LUZ: FRIA ALTURA MINIMA DE MONTAJE: 2.5M NORMALIZADAS SEGUN: IEC 605998-2-22:2014 &amp; IEC 60598-1:2014","og_url":"https:\/\/tienda.rigelec.com.ar\/?product=luz-de-emergencia-autonoma-frog-2-leds-3w-ip43-ignifugo","og_site_name":"Tienda Rigelec","article_modified_time":"2026-05-04T00:54:04+00:00","twitter_card":"summary_large_image","schema":{"@context":"https:\/\/schema.org","@graph":[{"@type":"WebPage","@id":"https:\/\/tienda.rigelec.com.ar\/?product=luz-de-emergencia-autonoma-frog-2-leds-3w-ip43-ignifugo","url":"https:\/\/tienda.rigelec.com.ar\/?product=luz-de-emergencia-autonoma-frog-2-leds-3w-ip43-ignifugo","name":"LUZ DE EMERGENCIA AUTONOMA FROG 2 LEDS - 3W - IP43 - IGNIFUGO - Tienda Rigelec","isPartOf":{"@id":"https:\/\/tienda.rigelec.com.ar\/#website"},"primaryImageOfPage":{"@id":"https:\/\/tienda.rigelec.com.ar\/?product=luz-de-emergencia-autonoma-frog-2-leds-3w-ip43-ignifugo#primaryimage"},"image":{"@id":"https:\/\/tienda.rigelec.com.ar\/?product=luz-de-emergencia-autonoma-frog-2-leds-3w-ip43-ignifugo#primaryimage"},"thumbnailUrl":"https:\/\/tienda.rigelec.com.ar\/wp-content\/uploads\/2025\/07\/LUZDEEMERGENCIAAUTONOMA.jpg","datePublished":"2025-07-07T22:03:21+00:00","dateModified":"2026-05-04T00:54:04+00:00","breadcrumb":{"@id":"https:\/\/tienda.rigelec.com.ar\/?product=luz-de-emergencia-autonoma-frog-2-leds-3w-ip43-ignifugo#breadcrumb"},"inLanguage":"es-AR","potentialAction":[{"@type":"ReadAction","target":["https:\/\/tienda.rigelec.com.ar\/?product=luz-de-emergencia-autonoma-frog-2-leds-3w-ip43-ignifugo"]}]},{"@type":"ImageObject","inLanguage":"es-AR","@id":"https:\/\/tienda.rigelec.com.ar\/?product=luz-de-emergencia-autonoma-frog-2-leds-3w-ip43-ignifugo#primaryimage","url":"https:\/\/tienda.rigelec.com.ar\/wp-content\/uploads\/2025\/07\/LUZDEEMERGENCIAAUTONOMA.jpg","contentUrl":"https:\/\/tienda.rigelec.com.ar\/wp-content\/uploads\/2025\/07\/LUZDEEMERGENCIAAUTONOMA.jpg","width":1080,"height":1080},{"@type":"BreadcrumbList","@id":"https:\/\/tienda.rigelec.com.ar\/?product=luz-de-emergencia-autonoma-frog-2-leds-3w-ip43-ignifugo#breadcrumb","itemListElement":[{"@type":"ListItem","position":1,"name":"Inicio","item":"https:\/\/tienda.rigelec.com.ar\/"},{"@type":"ListItem","position":2,"name":"Shop","item":"https:\/\/tienda.rigelec.com.ar\/?page_id=12"},{"@type":"ListItem","position":3,"name":"LUZ DE EMERGENCIA AUTONOMA FROG 2 LEDS &#8211; 3W &#8211; IP43 &#8211; IGNIFUGO"}]},{"@type":"WebSite","@id":"https:\/\/tienda.rigelec.com.ar\/#website","url":"https:\/\/tienda.rigelec.com.ar\/","name":"Tienda Rigelec","description":"Energia en movimiento","publisher":{"@id":"https:\/\/tienda.rigelec.com.ar\/#organization"},"potentialAction":[{"@type":"SearchAction","target":{"@type":"EntryPoint","urlTemplate":"https:\/\/tienda.rigelec.com.ar\/?s={search_term_string}"},"query-input":{"@type":"PropertyValueSpecification","valueRequired":true,"valueName":"search_term_string"}}],"inLanguage":"es-AR"},{"@type":"Organization","@id":"https:\/\/tienda.rigelec.com.ar\/#organization","name":"Tienda Rigelec","url":"https:\/\/tienda.rigelec.com.ar\/","logo":{"@type":"ImageObject","inLanguage":"es-AR","@id":"https:\/\/tienda.rigelec.com.ar\/#\/schema\/logo\/image\/","url":"https:\/\/tienda.rigelec.com.ar\/wp-content\/uploads\/2024\/09\/isologo-blanco-rigelec.png","contentUrl":"https:\/\/tienda.rigelec.com.ar\/wp-content\/uploads\/2024\/09\/isologo-blanco-rigelec.png","width":94,"height":97,"caption":"Tienda Rigelec"},"image":{"@id":"https:\/\/tienda.rigelec.com.ar\/#\/schema\/logo\/image\/"}}]}},"jetpack_sharing_enabled":true,"_links":{"self":[{"href":"https:\/\/tienda.rigelec.com.ar\/index.php?rest_route=\/wp\/v2\/product\/30286","targetHints":{"allow":["GET"]}}],"collection":[{"href":"https:\/\/tienda.rigelec.com.ar\/index.php?rest_route=\/wp\/v2\/product"}],"about":[{"href":"https:\/\/tienda.rigelec.com.ar\/index.php?rest_route=\/wp\/v2\/types\/product"}],"replies":[{"embeddable":true,"href":"https:\/\/tienda.rigelec.com.ar\/index.php?rest_route=%2Fwp%2Fv2%2Fcomments&post=30286"}],"wp:featuredmedia":[{"embeddable":true,"href":"https:\/\/tienda.rigelec.com.ar\/index.php?rest_route=\/wp\/v2\/media\/30287"}],"wp:attachment":[{"href":"https:\/\/tienda.rigelec.com.ar\/index.php?rest_route=%2Fwp%2Fv2%2Fmedia&parent=30286"}],"wp:term":[{"taxonomy":"product_brand","embeddable":true,"href":"https:\/\/tienda.rigelec.com.ar\/index.php?rest_route=%2Fwp%2Fv2%2Fproduct_brand&post=30286"},{"taxonomy":"product_cat","embeddable":true,"href":"https:\/\/tienda.rigelec.com.ar\/index.php?rest_route=%2Fwp%2Fv2%2Fproduct_cat&post=30286"},{"taxonomy":"product_tag","embeddable":true,"href":"https:\/\/tienda.rigelec.com.ar\/index.php?rest_route=%2Fwp%2Fv2%2Fproduct_tag&post=30286"}],"curies":[{"name":"wp","href":"https:\/\/api.w.org\/{rel}","templated":true}]}}