{"id":30507,"date":"2025-07-17T12:41:22","date_gmt":"2025-07-17T15:41:22","guid":{"rendered":"https:\/\/tienda.rigelec.com.ar\/?product=difusor-pared-rectangular-malla-y-vidrio-oxido-exterior-15x25x15xcm"},"modified":"2026-05-01T02:02:44","modified_gmt":"2026-05-01T05:02:44","slug":"difusor","status":"publish","type":"product","link":"https:\/\/tienda.rigelec.com.ar\/?product=difusor","title":{"rendered":"DIFUSOR PARED RECTANGULAR MALLA Y VIDRIO OXIDO EXTERIOR 15X25X15XCM"},"content":{"rendered":"<p>DIFUSOR PARED RECTANGULAR MALLA Y VIDRIO OXIDO<\/p>\n<p data-start=\"108\" data-end=\"184\"><strong data-start=\"108\" data-end=\"182\">DIFUSOR DE PARED RECTANGULAR MALLA Y VIDRIO \u2013 ACABADO \u00d3XIDO \u2013 EXTERIOR<\/strong><\/p>\n<p data-start=\"186\" data-end=\"428\">Aplique de pared rectangular para <strong data-start=\"220\" data-end=\"232\">exterior<\/strong>, dise\u00f1ado para aportar iluminaci\u00f3n decorativa y seguridad en galer\u00edas, patios, entradas o fachadas. Su estructura met\u00e1lica con <strong data-start=\"360\" data-end=\"384\">acabado efecto \u00f3xido<\/strong> le otorga un estilo r\u00fastico y distintivo.<\/p>\n<p data-start=\"430\" data-end=\"596\">Combina <strong data-start=\"438\" data-end=\"472\">paneles de vidrio transparente<\/strong> con frente de <strong data-start=\"487\" data-end=\"516\">malla met\u00e1lica decorativa<\/strong>, lo que brinda un atractivo efecto visual y protecci\u00f3n extra para la l\u00e1mpara.<\/p>\n<p data-start=\"598\" data-end=\"630\"><strong data-start=\"598\" data-end=\"628\">Especificaciones t\u00e9cnicas:<\/strong><\/p>\n<ul data-start=\"631\" data-end=\"903\">\n<li data-start=\"631\" data-end=\"667\">\n<p data-start=\"633\" data-end=\"667\"><strong data-start=\"633\" data-end=\"649\">Dimensiones:<\/strong> 15 x 25 x 15 cm<\/p>\n<\/li>\n<li data-start=\"668\" data-end=\"709\">\n<p data-start=\"670\" data-end=\"709\"><strong data-start=\"670\" data-end=\"683\">Material:<\/strong> Metal con acabado \u00f3xido<\/p>\n<\/li>\n<li data-start=\"710\" data-end=\"758\">\n<p data-start=\"712\" data-end=\"758\"><strong data-start=\"712\" data-end=\"724\">Difusor:<\/strong> Vidrio + malla met\u00e1lica frontal<\/p>\n<\/li>\n<li data-start=\"759\" data-end=\"812\">\n<p data-start=\"761\" data-end=\"812\"><strong data-start=\"761\" data-end=\"777\">Instalaci\u00f3n:<\/strong> Pared exterior (apto intemperie)<\/p>\n<\/li>\n<li data-start=\"813\" data-end=\"856\">\n<p data-start=\"815\" data-end=\"856\"><strong data-start=\"815\" data-end=\"823\">Uso:<\/strong> L\u00e1mpara tipo E27 (no incluida)<\/p>\n<\/li>\n<li data-start=\"857\" data-end=\"903\">\n<p data-start=\"859\" data-end=\"903\"><strong data-start=\"859\" data-end=\"870\">Estilo:<\/strong> R\u00fastico \u2013 Vintage \u2013 Industrial<\/p>\n<\/li>\n<\/ul>\n<p data-start=\"905\" data-end=\"1023\">Ideal para crear un <strong data-start=\"925\" data-end=\"957\">ambiente acogedor y elegante<\/strong> en espacios al aire libre, combinando <strong data-start=\"996\" data-end=\"1020\">dise\u00f1o y durabilidad<\/strong>.<\/p>\n","protected":false},"excerpt":{"rendered":"<p>DIFUSOR PARED RECTANGULAR MALLA Y VIDRIO OXIDO DIFUSOR DE PARED RECTANGULAR MALLA Y VIDRIO \u2013 ACABADO \u00d3XIDO \u2013 EXTERIOR Aplique de pared rectangular para exterior, dise\u00f1ado para aportar iluminaci\u00f3n decorativa y seguridad en galer\u00edas, patios, entradas o fachadas. Su estructura met\u00e1lica con acabado efecto \u00f3xido le otorga un estilo r\u00fastico y distintivo. Combina paneles de [&hellip;]<\/p>\n","protected":false},"featured_media":30508,"comment_status":"open","ping_status":"closed","template":"","meta":{"_monsterinsights_skip_tracking":false,"_monsterinsights_sitenote_active":false,"_monsterinsights_sitenote_note":"","_monsterinsights_sitenote_category":0},"product_brand":[],"product_cat":[204],"product_tag":[474],"class_list":{"0":"post-30507","1":"product","2":"type-product","3":"status-publish","4":"has-post-thumbnail","6":"product_cat-h-difusores","7":"product_tag-los-nietos-herreria","9":"first","10":"instock","11":"shipping-taxable","12":"purchasable","13":"product-type-simple"},"yoast_head":"<!-- This site is optimized with the Yoast SEO plugin v25.3.1 - https:\/\/yoast.com\/wordpress\/plugins\/seo\/ -->\n<title>DIFUSOR PARED RECTANGULAR MALLA Y VIDRIO OXIDO EXTERIOR 15X25X15XCM - Tienda Rigelec<\/title>\n<meta name=\"description\" content=\"DIFUSOR PARED RECTANGULAR MALLA Y VIDRIO OXIDO EXTERIOR 15X25X15XCM Tienda Rigelec DIFUSOR PARED RECTANGULAR MALLA Y VIDRIO OXIDO EXTERIOR 15X25X15XCM\" \/>\n<meta name=\"robots\" content=\"index, follow, max-snippet:-1, max-image-preview:large, max-video-preview:-1\" \/>\n<link rel=\"canonical\" href=\"https:\/\/tienda.rigelec.com.ar\/?product=difusor\" \/>\n<meta property=\"og:locale\" content=\"es_ES\" \/>\n<meta property=\"og:type\" content=\"article\" \/>\n<meta property=\"og:title\" content=\"DIFUSOR PARED RECTANGULAR MALLA Y VIDRIO OXIDO EXTERIOR 15X25X15XCM - Tienda Rigelec\" \/>\n<meta property=\"og:description\" content=\"DIFUSOR PARED RECTANGULAR MALLA Y VIDRIO OXIDO EXTERIOR 15X25X15XCM Tienda Rigelec DIFUSOR PARED RECTANGULAR MALLA Y VIDRIO OXIDO EXTERIOR 15X25X15XCM\" \/>\n<meta property=\"og:url\" content=\"https:\/\/tienda.rigelec.com.ar\/?product=difusor\" \/>\n<meta property=\"og:site_name\" content=\"Tienda Rigelec\" \/>\n<meta property=\"article:modified_time\" content=\"2026-05-01T05:02:44+00:00\" \/>\n<meta property=\"og:image\" content=\"https:\/\/tienda.rigelec.com.ar\/wp-content\/uploads\/2025\/07\/DIFUSORPAREDRECTANGULARMALLAYVIDRIOOXIDO.jpg\" \/>\n\t<meta property=\"og:image:width\" content=\"1080\" \/>\n\t<meta property=\"og:image:height\" content=\"1080\" \/>\n\t<meta property=\"og:image:type\" content=\"image\/jpeg\" \/>\n<meta name=\"twitter:card\" content=\"summary_large_image\" \/>\n<meta name=\"twitter:label1\" content=\"Tiempo de lectura\" \/>\n\t<meta name=\"twitter:data1\" content=\"1 minuto\" \/>\n<script type=\"application\/ld+json\" class=\"yoast-schema-graph\">{\"@context\":\"https:\/\/schema.org\",\"@graph\":[{\"@type\":\"WebPage\",\"@id\":\"https:\/\/tienda.rigelec.com.ar\/?product=difusor\",\"url\":\"https:\/\/tienda.rigelec.com.ar\/?product=difusor\",\"name\":\"DIFUSOR PARED RECTANGULAR MALLA Y VIDRIO OXIDO EXTERIOR 15X25X15XCM - Tienda Rigelec\",\"isPartOf\":{\"@id\":\"https:\/\/tienda.rigelec.com.ar\/#website\"},\"primaryImageOfPage\":{\"@id\":\"https:\/\/tienda.rigelec.com.ar\/?product=difusor#primaryimage\"},\"image\":{\"@id\":\"https:\/\/tienda.rigelec.com.ar\/?product=difusor#primaryimage\"},\"thumbnailUrl\":\"https:\/\/tienda.rigelec.com.ar\/wp-content\/uploads\/2025\/07\/DIFUSORPAREDRECTANGULARMALLAYVIDRIOOXIDO.jpg\",\"datePublished\":\"2025-07-17T15:41:22+00:00\",\"dateModified\":\"2026-05-01T05:02:44+00:00\",\"description\":\"DIFUSOR PARED RECTANGULAR MALLA Y VIDRIO OXIDO EXTERIOR 15X25X15XCM Tienda Rigelec DIFUSOR PARED RECTANGULAR MALLA Y VIDRIO OXIDO EXTERIOR 15X25X15XCM\",\"breadcrumb\":{\"@id\":\"https:\/\/tienda.rigelec.com.ar\/?product=difusor#breadcrumb\"},\"inLanguage\":\"es-AR\",\"potentialAction\":[{\"@type\":\"ReadAction\",\"target\":[\"https:\/\/tienda.rigelec.com.ar\/?product=difusor\"]}]},{\"@type\":\"ImageObject\",\"inLanguage\":\"es-AR\",\"@id\":\"https:\/\/tienda.rigelec.com.ar\/?product=difusor#primaryimage\",\"url\":\"https:\/\/tienda.rigelec.com.ar\/wp-content\/uploads\/2025\/07\/DIFUSORPAREDRECTANGULARMALLAYVIDRIOOXIDO.jpg\",\"contentUrl\":\"https:\/\/tienda.rigelec.com.ar\/wp-content\/uploads\/2025\/07\/DIFUSORPAREDRECTANGULARMALLAYVIDRIOOXIDO.jpg\",\"width\":1080,\"height\":1080},{\"@type\":\"BreadcrumbList\",\"@id\":\"https:\/\/tienda.rigelec.com.ar\/?product=difusor#breadcrumb\",\"itemListElement\":[{\"@type\":\"ListItem\",\"position\":1,\"name\":\"Inicio\",\"item\":\"https:\/\/tienda.rigelec.com.ar\/\"},{\"@type\":\"ListItem\",\"position\":2,\"name\":\"Shop\",\"item\":\"https:\/\/tienda.rigelec.com.ar\/?page_id=12\"},{\"@type\":\"ListItem\",\"position\":3,\"name\":\"DIFUSOR PARED RECTANGULAR MALLA Y VIDRIO OXIDO EXTERIOR 15X25X15XCM\"}]},{\"@type\":\"WebSite\",\"@id\":\"https:\/\/tienda.rigelec.com.ar\/#website\",\"url\":\"https:\/\/tienda.rigelec.com.ar\/\",\"name\":\"Tienda Rigelec\",\"description\":\"Energia en movimiento\",\"publisher\":{\"@id\":\"https:\/\/tienda.rigelec.com.ar\/#organization\"},\"potentialAction\":[{\"@type\":\"SearchAction\",\"target\":{\"@type\":\"EntryPoint\",\"urlTemplate\":\"https:\/\/tienda.rigelec.com.ar\/?s={search_term_string}\"},\"query-input\":{\"@type\":\"PropertyValueSpecification\",\"valueRequired\":true,\"valueName\":\"search_term_string\"}}],\"inLanguage\":\"es-AR\"},{\"@type\":\"Organization\",\"@id\":\"https:\/\/tienda.rigelec.com.ar\/#organization\",\"name\":\"Tienda Rigelec\",\"url\":\"https:\/\/tienda.rigelec.com.ar\/\",\"logo\":{\"@type\":\"ImageObject\",\"inLanguage\":\"es-AR\",\"@id\":\"https:\/\/tienda.rigelec.com.ar\/#\/schema\/logo\/image\/\",\"url\":\"https:\/\/tienda.rigelec.com.ar\/wp-content\/uploads\/2024\/09\/isologo-blanco-rigelec.png\",\"contentUrl\":\"https:\/\/tienda.rigelec.com.ar\/wp-content\/uploads\/2024\/09\/isologo-blanco-rigelec.png\",\"width\":94,\"height\":97,\"caption\":\"Tienda Rigelec\"},\"image\":{\"@id\":\"https:\/\/tienda.rigelec.com.ar\/#\/schema\/logo\/image\/\"}}]}<\/script>\n<!-- \/ Yoast SEO plugin. -->","yoast_head_json":{"title":"DIFUSOR PARED RECTANGULAR MALLA Y VIDRIO OXIDO EXTERIOR 15X25X15XCM - Tienda Rigelec","description":"DIFUSOR PARED RECTANGULAR MALLA Y VIDRIO OXIDO EXTERIOR 15X25X15XCM Tienda Rigelec DIFUSOR PARED RECTANGULAR MALLA Y VIDRIO OXIDO EXTERIOR 15X25X15XCM","robots":{"index":"index","follow":"follow","max-snippet":"max-snippet:-1","max-image-preview":"max-image-preview:large","max-video-preview":"max-video-preview:-1"},"canonical":"https:\/\/tienda.rigelec.com.ar\/?product=difusor","og_locale":"es_ES","og_type":"article","og_title":"DIFUSOR PARED RECTANGULAR MALLA Y VIDRIO OXIDO EXTERIOR 15X25X15XCM - Tienda Rigelec","og_description":"DIFUSOR PARED RECTANGULAR MALLA Y VIDRIO OXIDO EXTERIOR 15X25X15XCM Tienda Rigelec DIFUSOR PARED RECTANGULAR MALLA Y VIDRIO OXIDO EXTERIOR 15X25X15XCM","og_url":"https:\/\/tienda.rigelec.com.ar\/?product=difusor","og_site_name":"Tienda Rigelec","article_modified_time":"2026-05-01T05:02:44+00:00","og_image":[{"width":1080,"height":1080,"url":"https:\/\/tienda.rigelec.com.ar\/wp-content\/uploads\/2025\/07\/DIFUSORPAREDRECTANGULARMALLAYVIDRIOOXIDO.jpg","type":"image\/jpeg"}],"twitter_card":"summary_large_image","twitter_misc":{"Tiempo de lectura":"1 minuto"},"schema":{"@context":"https:\/\/schema.org","@graph":[{"@type":"WebPage","@id":"https:\/\/tienda.rigelec.com.ar\/?product=difusor","url":"https:\/\/tienda.rigelec.com.ar\/?product=difusor","name":"DIFUSOR PARED RECTANGULAR MALLA Y VIDRIO OXIDO EXTERIOR 15X25X15XCM - Tienda Rigelec","isPartOf":{"@id":"https:\/\/tienda.rigelec.com.ar\/#website"},"primaryImageOfPage":{"@id":"https:\/\/tienda.rigelec.com.ar\/?product=difusor#primaryimage"},"image":{"@id":"https:\/\/tienda.rigelec.com.ar\/?product=difusor#primaryimage"},"thumbnailUrl":"https:\/\/tienda.rigelec.com.ar\/wp-content\/uploads\/2025\/07\/DIFUSORPAREDRECTANGULARMALLAYVIDRIOOXIDO.jpg","datePublished":"2025-07-17T15:41:22+00:00","dateModified":"2026-05-01T05:02:44+00:00","description":"DIFUSOR PARED RECTANGULAR MALLA Y VIDRIO OXIDO EXTERIOR 15X25X15XCM Tienda Rigelec DIFUSOR PARED RECTANGULAR MALLA Y VIDRIO OXIDO EXTERIOR 15X25X15XCM","breadcrumb":{"@id":"https:\/\/tienda.rigelec.com.ar\/?product=difusor#breadcrumb"},"inLanguage":"es-AR","potentialAction":[{"@type":"ReadAction","target":["https:\/\/tienda.rigelec.com.ar\/?product=difusor"]}]},{"@type":"ImageObject","inLanguage":"es-AR","@id":"https:\/\/tienda.rigelec.com.ar\/?product=difusor#primaryimage","url":"https:\/\/tienda.rigelec.com.ar\/wp-content\/uploads\/2025\/07\/DIFUSORPAREDRECTANGULARMALLAYVIDRIOOXIDO.jpg","contentUrl":"https:\/\/tienda.rigelec.com.ar\/wp-content\/uploads\/2025\/07\/DIFUSORPAREDRECTANGULARMALLAYVIDRIOOXIDO.jpg","width":1080,"height":1080},{"@type":"BreadcrumbList","@id":"https:\/\/tienda.rigelec.com.ar\/?product=difusor#breadcrumb","itemListElement":[{"@type":"ListItem","position":1,"name":"Inicio","item":"https:\/\/tienda.rigelec.com.ar\/"},{"@type":"ListItem","position":2,"name":"Shop","item":"https:\/\/tienda.rigelec.com.ar\/?page_id=12"},{"@type":"ListItem","position":3,"name":"DIFUSOR PARED RECTANGULAR MALLA Y VIDRIO OXIDO EXTERIOR 15X25X15XCM"}]},{"@type":"WebSite","@id":"https:\/\/tienda.rigelec.com.ar\/#website","url":"https:\/\/tienda.rigelec.com.ar\/","name":"Tienda Rigelec","description":"Energia en movimiento","publisher":{"@id":"https:\/\/tienda.rigelec.com.ar\/#organization"},"potentialAction":[{"@type":"SearchAction","target":{"@type":"EntryPoint","urlTemplate":"https:\/\/tienda.rigelec.com.ar\/?s={search_term_string}"},"query-input":{"@type":"PropertyValueSpecification","valueRequired":true,"valueName":"search_term_string"}}],"inLanguage":"es-AR"},{"@type":"Organization","@id":"https:\/\/tienda.rigelec.com.ar\/#organization","name":"Tienda Rigelec","url":"https:\/\/tienda.rigelec.com.ar\/","logo":{"@type":"ImageObject","inLanguage":"es-AR","@id":"https:\/\/tienda.rigelec.com.ar\/#\/schema\/logo\/image\/","url":"https:\/\/tienda.rigelec.com.ar\/wp-content\/uploads\/2024\/09\/isologo-blanco-rigelec.png","contentUrl":"https:\/\/tienda.rigelec.com.ar\/wp-content\/uploads\/2024\/09\/isologo-blanco-rigelec.png","width":94,"height":97,"caption":"Tienda Rigelec"},"image":{"@id":"https:\/\/tienda.rigelec.com.ar\/#\/schema\/logo\/image\/"}}]}},"jetpack_sharing_enabled":true,"_links":{"self":[{"href":"https:\/\/tienda.rigelec.com.ar\/index.php?rest_route=\/wp\/v2\/product\/30507","targetHints":{"allow":["GET"]}}],"collection":[{"href":"https:\/\/tienda.rigelec.com.ar\/index.php?rest_route=\/wp\/v2\/product"}],"about":[{"href":"https:\/\/tienda.rigelec.com.ar\/index.php?rest_route=\/wp\/v2\/types\/product"}],"replies":[{"embeddable":true,"href":"https:\/\/tienda.rigelec.com.ar\/index.php?rest_route=%2Fwp%2Fv2%2Fcomments&post=30507"}],"wp:featuredmedia":[{"embeddable":true,"href":"https:\/\/tienda.rigelec.com.ar\/index.php?rest_route=\/wp\/v2\/media\/30508"}],"wp:attachment":[{"href":"https:\/\/tienda.rigelec.com.ar\/index.php?rest_route=%2Fwp%2Fv2%2Fmedia&parent=30507"}],"wp:term":[{"taxonomy":"product_brand","embeddable":true,"href":"https:\/\/tienda.rigelec.com.ar\/index.php?rest_route=%2Fwp%2Fv2%2Fproduct_brand&post=30507"},{"taxonomy":"product_cat","embeddable":true,"href":"https:\/\/tienda.rigelec.com.ar\/index.php?rest_route=%2Fwp%2Fv2%2Fproduct_cat&post=30507"},{"taxonomy":"product_tag","embeddable":true,"href":"https:\/\/tienda.rigelec.com.ar\/index.php?rest_route=%2Fwp%2Fv2%2Fproduct_tag&post=30507"}],"curies":[{"name":"wp","href":"https:\/\/api.w.org\/{rel}","templated":true}]}}