{"id":30593,"date":"2025-07-24T18:07:10","date_gmt":"2025-07-24T21:07:10","guid":{"rendered":"https:\/\/tienda.rigelec.com.ar\/?product=grampa-de-fijacion-equipotencial"},"modified":"2026-05-01T02:07:05","modified_gmt":"2026-05-01T05:07:05","slug":"grampa-de-fijacion-equipotencial","status":"publish","type":"product","link":"https:\/\/tienda.rigelec.com.ar\/?product=grampa-de-fijacion-equipotencial","title":{"rendered":"GRAMPA DE FIJACION  EQUIPOTENCIAL"},"content":{"rendered":"<p>GRAMPA DE FIJACION  EQUIPOTENCIAL<\/p>\n","protected":false},"excerpt":{"rendered":"<p>La Grampa de fijaci\u00f3n para Cable Equipotencial brinda a los Instaladores y Usuarios de nuestras Bandejas una mayor seguridad y confianza durante el montaje, sin la necesidad de pelar ning\u00fan cable.<br \/>\nSiguiendo las recomendaciones de AEA 90364, hemos dise\u00f1ado nuestra L\u00ednea Smarttray con un punto de conexi\u00f3n espec\u00edfico para alojar esta Grampa que permite conectar y equipotencializar un sistema de Bandejas Portacables.<\/p>\n<p>Simplemente ajustas la grampa con la burloner\u00eda incorporada.<\/p>\n","protected":false},"featured_media":30594,"comment_status":"open","ping_status":"closed","template":"","meta":{"_monsterinsights_skip_tracking":false,"_monsterinsights_sitenote_active":false,"_monsterinsights_sitenote_note":"","_monsterinsights_sitenote_category":0},"product_brand":[],"product_cat":[361],"product_tag":[478],"class_list":{"0":"post-30593","1":"product","2":"type-product","3":"status-publish","4":"has-post-thumbnail","6":"product_cat-f-grampas","7":"product_tag-samet","9":"first","10":"instock","11":"shipping-taxable","12":"purchasable","13":"product-type-simple"},"yoast_head":"<!-- This site is optimized with the Yoast SEO plugin v25.3.1 - https:\/\/yoast.com\/wordpress\/plugins\/seo\/ -->\n<title>GRAMPA DE FIJACION EQUIPOTENCIAL - Tienda Rigelec<\/title>\n<meta name=\"robots\" content=\"index, follow, max-snippet:-1, max-image-preview:large, max-video-preview:-1\" \/>\n<link rel=\"canonical\" href=\"https:\/\/tienda.rigelec.com.ar\/?product=grampa-de-fijacion-equipotencial\" \/>\n<meta property=\"og:locale\" content=\"es_ES\" \/>\n<meta property=\"og:type\" content=\"article\" \/>\n<meta property=\"og:title\" content=\"GRAMPA DE FIJACION EQUIPOTENCIAL - Tienda Rigelec\" \/>\n<meta property=\"og:description\" content=\"La Grampa de fijaci\u00f3n para Cable Equipotencial brinda a los Instaladores y Usuarios de nuestras Bandejas una mayor seguridad y confianza durante el montaje, sin la necesidad de pelar ning\u00fan cable. Siguiendo las recomendaciones de AEA 90364, hemos dise\u00f1ado nuestra L\u00ednea Smarttray con un punto de conexi\u00f3n espec\u00edfico para alojar esta Grampa que permite conectar y equipotencializar un sistema de Bandejas Portacables.  Simplemente ajustas la grampa con la burloner\u00eda incorporada.\" \/>\n<meta property=\"og:url\" content=\"https:\/\/tienda.rigelec.com.ar\/?product=grampa-de-fijacion-equipotencial\" \/>\n<meta property=\"og:site_name\" content=\"Tienda Rigelec\" \/>\n<meta property=\"article:modified_time\" content=\"2026-05-01T05:07:05+00:00\" \/>\n<meta name=\"twitter:card\" content=\"summary_large_image\" \/>\n<script type=\"application\/ld+json\" class=\"yoast-schema-graph\">{\"@context\":\"https:\/\/schema.org\",\"@graph\":[{\"@type\":\"WebPage\",\"@id\":\"https:\/\/tienda.rigelec.com.ar\/?product=grampa-de-fijacion-equipotencial\",\"url\":\"https:\/\/tienda.rigelec.com.ar\/?product=grampa-de-fijacion-equipotencial\",\"name\":\"GRAMPA DE FIJACION EQUIPOTENCIAL - Tienda Rigelec\",\"isPartOf\":{\"@id\":\"https:\/\/tienda.rigelec.com.ar\/#website\"},\"primaryImageOfPage\":{\"@id\":\"https:\/\/tienda.rigelec.com.ar\/?product=grampa-de-fijacion-equipotencial#primaryimage\"},\"image\":{\"@id\":\"https:\/\/tienda.rigelec.com.ar\/?product=grampa-de-fijacion-equipotencial#primaryimage\"},\"thumbnailUrl\":\"https:\/\/tienda.rigelec.com.ar\/wp-content\/uploads\/2025\/07\/GRAMPADEFIJACIONEQUIPOTENCIAL.jpg\",\"datePublished\":\"2025-07-24T21:07:10+00:00\",\"dateModified\":\"2026-05-01T05:07:05+00:00\",\"breadcrumb\":{\"@id\":\"https:\/\/tienda.rigelec.com.ar\/?product=grampa-de-fijacion-equipotencial#breadcrumb\"},\"inLanguage\":\"es-AR\",\"potentialAction\":[{\"@type\":\"ReadAction\",\"target\":[\"https:\/\/tienda.rigelec.com.ar\/?product=grampa-de-fijacion-equipotencial\"]}]},{\"@type\":\"ImageObject\",\"inLanguage\":\"es-AR\",\"@id\":\"https:\/\/tienda.rigelec.com.ar\/?product=grampa-de-fijacion-equipotencial#primaryimage\",\"url\":\"https:\/\/tienda.rigelec.com.ar\/wp-content\/uploads\/2025\/07\/GRAMPADEFIJACIONEQUIPOTENCIAL.jpg\",\"contentUrl\":\"https:\/\/tienda.rigelec.com.ar\/wp-content\/uploads\/2025\/07\/GRAMPADEFIJACIONEQUIPOTENCIAL.jpg\",\"width\":2000,\"height\":2000},{\"@type\":\"BreadcrumbList\",\"@id\":\"https:\/\/tienda.rigelec.com.ar\/?product=grampa-de-fijacion-equipotencial#breadcrumb\",\"itemListElement\":[{\"@type\":\"ListItem\",\"position\":1,\"name\":\"Inicio\",\"item\":\"https:\/\/tienda.rigelec.com.ar\/\"},{\"@type\":\"ListItem\",\"position\":2,\"name\":\"Shop\",\"item\":\"https:\/\/tienda.rigelec.com.ar\/?page_id=12\"},{\"@type\":\"ListItem\",\"position\":3,\"name\":\"GRAMPA DE FIJACION EQUIPOTENCIAL\"}]},{\"@type\":\"WebSite\",\"@id\":\"https:\/\/tienda.rigelec.com.ar\/#website\",\"url\":\"https:\/\/tienda.rigelec.com.ar\/\",\"name\":\"Tienda Rigelec\",\"description\":\"Energia en movimiento\",\"publisher\":{\"@id\":\"https:\/\/tienda.rigelec.com.ar\/#organization\"},\"potentialAction\":[{\"@type\":\"SearchAction\",\"target\":{\"@type\":\"EntryPoint\",\"urlTemplate\":\"https:\/\/tienda.rigelec.com.ar\/?s={search_term_string}\"},\"query-input\":{\"@type\":\"PropertyValueSpecification\",\"valueRequired\":true,\"valueName\":\"search_term_string\"}}],\"inLanguage\":\"es-AR\"},{\"@type\":\"Organization\",\"@id\":\"https:\/\/tienda.rigelec.com.ar\/#organization\",\"name\":\"Tienda Rigelec\",\"url\":\"https:\/\/tienda.rigelec.com.ar\/\",\"logo\":{\"@type\":\"ImageObject\",\"inLanguage\":\"es-AR\",\"@id\":\"https:\/\/tienda.rigelec.com.ar\/#\/schema\/logo\/image\/\",\"url\":\"https:\/\/tienda.rigelec.com.ar\/wp-content\/uploads\/2024\/09\/isologo-blanco-rigelec.png\",\"contentUrl\":\"https:\/\/tienda.rigelec.com.ar\/wp-content\/uploads\/2024\/09\/isologo-blanco-rigelec.png\",\"width\":94,\"height\":97,\"caption\":\"Tienda Rigelec\"},\"image\":{\"@id\":\"https:\/\/tienda.rigelec.com.ar\/#\/schema\/logo\/image\/\"}}]}<\/script>\n<!-- \/ Yoast SEO plugin. -->","yoast_head_json":{"title":"GRAMPA DE FIJACION EQUIPOTENCIAL - Tienda Rigelec","robots":{"index":"index","follow":"follow","max-snippet":"max-snippet:-1","max-image-preview":"max-image-preview:large","max-video-preview":"max-video-preview:-1"},"canonical":"https:\/\/tienda.rigelec.com.ar\/?product=grampa-de-fijacion-equipotencial","og_locale":"es_ES","og_type":"article","og_title":"GRAMPA DE FIJACION EQUIPOTENCIAL - Tienda Rigelec","og_description":"La Grampa de fijaci\u00f3n para Cable Equipotencial brinda a los Instaladores y Usuarios de nuestras Bandejas una mayor seguridad y confianza durante el montaje, sin la necesidad de pelar ning\u00fan cable. Siguiendo las recomendaciones de AEA 90364, hemos dise\u00f1ado nuestra L\u00ednea Smarttray con un punto de conexi\u00f3n espec\u00edfico para alojar esta Grampa que permite conectar y equipotencializar un sistema de Bandejas Portacables.  Simplemente ajustas la grampa con la burloner\u00eda incorporada.","og_url":"https:\/\/tienda.rigelec.com.ar\/?product=grampa-de-fijacion-equipotencial","og_site_name":"Tienda Rigelec","article_modified_time":"2026-05-01T05:07:05+00:00","twitter_card":"summary_large_image","schema":{"@context":"https:\/\/schema.org","@graph":[{"@type":"WebPage","@id":"https:\/\/tienda.rigelec.com.ar\/?product=grampa-de-fijacion-equipotencial","url":"https:\/\/tienda.rigelec.com.ar\/?product=grampa-de-fijacion-equipotencial","name":"GRAMPA DE FIJACION EQUIPOTENCIAL - Tienda Rigelec","isPartOf":{"@id":"https:\/\/tienda.rigelec.com.ar\/#website"},"primaryImageOfPage":{"@id":"https:\/\/tienda.rigelec.com.ar\/?product=grampa-de-fijacion-equipotencial#primaryimage"},"image":{"@id":"https:\/\/tienda.rigelec.com.ar\/?product=grampa-de-fijacion-equipotencial#primaryimage"},"thumbnailUrl":"https:\/\/tienda.rigelec.com.ar\/wp-content\/uploads\/2025\/07\/GRAMPADEFIJACIONEQUIPOTENCIAL.jpg","datePublished":"2025-07-24T21:07:10+00:00","dateModified":"2026-05-01T05:07:05+00:00","breadcrumb":{"@id":"https:\/\/tienda.rigelec.com.ar\/?product=grampa-de-fijacion-equipotencial#breadcrumb"},"inLanguage":"es-AR","potentialAction":[{"@type":"ReadAction","target":["https:\/\/tienda.rigelec.com.ar\/?product=grampa-de-fijacion-equipotencial"]}]},{"@type":"ImageObject","inLanguage":"es-AR","@id":"https:\/\/tienda.rigelec.com.ar\/?product=grampa-de-fijacion-equipotencial#primaryimage","url":"https:\/\/tienda.rigelec.com.ar\/wp-content\/uploads\/2025\/07\/GRAMPADEFIJACIONEQUIPOTENCIAL.jpg","contentUrl":"https:\/\/tienda.rigelec.com.ar\/wp-content\/uploads\/2025\/07\/GRAMPADEFIJACIONEQUIPOTENCIAL.jpg","width":2000,"height":2000},{"@type":"BreadcrumbList","@id":"https:\/\/tienda.rigelec.com.ar\/?product=grampa-de-fijacion-equipotencial#breadcrumb","itemListElement":[{"@type":"ListItem","position":1,"name":"Inicio","item":"https:\/\/tienda.rigelec.com.ar\/"},{"@type":"ListItem","position":2,"name":"Shop","item":"https:\/\/tienda.rigelec.com.ar\/?page_id=12"},{"@type":"ListItem","position":3,"name":"GRAMPA DE FIJACION EQUIPOTENCIAL"}]},{"@type":"WebSite","@id":"https:\/\/tienda.rigelec.com.ar\/#website","url":"https:\/\/tienda.rigelec.com.ar\/","name":"Tienda Rigelec","description":"Energia en movimiento","publisher":{"@id":"https:\/\/tienda.rigelec.com.ar\/#organization"},"potentialAction":[{"@type":"SearchAction","target":{"@type":"EntryPoint","urlTemplate":"https:\/\/tienda.rigelec.com.ar\/?s={search_term_string}"},"query-input":{"@type":"PropertyValueSpecification","valueRequired":true,"valueName":"search_term_string"}}],"inLanguage":"es-AR"},{"@type":"Organization","@id":"https:\/\/tienda.rigelec.com.ar\/#organization","name":"Tienda Rigelec","url":"https:\/\/tienda.rigelec.com.ar\/","logo":{"@type":"ImageObject","inLanguage":"es-AR","@id":"https:\/\/tienda.rigelec.com.ar\/#\/schema\/logo\/image\/","url":"https:\/\/tienda.rigelec.com.ar\/wp-content\/uploads\/2024\/09\/isologo-blanco-rigelec.png","contentUrl":"https:\/\/tienda.rigelec.com.ar\/wp-content\/uploads\/2024\/09\/isologo-blanco-rigelec.png","width":94,"height":97,"caption":"Tienda Rigelec"},"image":{"@id":"https:\/\/tienda.rigelec.com.ar\/#\/schema\/logo\/image\/"}}]}},"jetpack_sharing_enabled":true,"_links":{"self":[{"href":"https:\/\/tienda.rigelec.com.ar\/index.php?rest_route=\/wp\/v2\/product\/30593","targetHints":{"allow":["GET"]}}],"collection":[{"href":"https:\/\/tienda.rigelec.com.ar\/index.php?rest_route=\/wp\/v2\/product"}],"about":[{"href":"https:\/\/tienda.rigelec.com.ar\/index.php?rest_route=\/wp\/v2\/types\/product"}],"replies":[{"embeddable":true,"href":"https:\/\/tienda.rigelec.com.ar\/index.php?rest_route=%2Fwp%2Fv2%2Fcomments&post=30593"}],"wp:featuredmedia":[{"embeddable":true,"href":"https:\/\/tienda.rigelec.com.ar\/index.php?rest_route=\/wp\/v2\/media\/30594"}],"wp:attachment":[{"href":"https:\/\/tienda.rigelec.com.ar\/index.php?rest_route=%2Fwp%2Fv2%2Fmedia&parent=30593"}],"wp:term":[{"taxonomy":"product_brand","embeddable":true,"href":"https:\/\/tienda.rigelec.com.ar\/index.php?rest_route=%2Fwp%2Fv2%2Fproduct_brand&post=30593"},{"taxonomy":"product_cat","embeddable":true,"href":"https:\/\/tienda.rigelec.com.ar\/index.php?rest_route=%2Fwp%2Fv2%2Fproduct_cat&post=30593"},{"taxonomy":"product_tag","embeddable":true,"href":"https:\/\/tienda.rigelec.com.ar\/index.php?rest_route=%2Fwp%2Fv2%2Fproduct_tag&post=30593"}],"curies":[{"name":"wp","href":"https:\/\/api.w.org\/{rel}","templated":true}]}}