{"id":30718,"date":"2025-07-28T13:29:35","date_gmt":"2025-07-28T16:29:35","guid":{"rendered":"https:\/\/tienda.rigelec.com.ar\/?product=odometro-0-1000-metros"},"modified":"2026-05-03T22:04:41","modified_gmt":"2026-05-04T01:04:41","slug":"odometro","status":"publish","type":"product","link":"https:\/\/tienda.rigelec.com.ar\/?product=odometro","title":{"rendered":"OD\u00d3METRO  0 &#8211; 1000 METROS"},"content":{"rendered":"<p>OD\u00d3METRO<\/p>\n<h3 data-start=\"90\" data-end=\"130\"><strong data-start=\"94\" data-end=\"130\">Od\u00f3metro con Rueda \u2013 1000 Metros<\/strong><\/h3>\n<p data-start=\"132\" data-end=\"354\">Ideal para trabajos de medici\u00f3n en obras, campos o terrenos extensos. Este od\u00f3metro cuenta con una rueda de 320 mm de di\u00e1metro y un dise\u00f1o ergon\u00f3mico que permite realizar mediciones c\u00f3modas y precisas en largas distancias.<\/p>\n<p data-start=\"356\" data-end=\"385\"><strong data-start=\"356\" data-end=\"385\">Caracter\u00edsticas t\u00e9cnicas:<\/strong><\/p>\n<ul data-start=\"386\" data-end=\"581\">\n<li data-start=\"386\" data-end=\"426\">\n<p data-start=\"388\" data-end=\"426\">Rango de medici\u00f3n: 0 a 9999,9 metros<\/p>\n<\/li>\n<li data-start=\"427\" data-end=\"464\">\n<p data-start=\"429\" data-end=\"464\">Resoluci\u00f3n de pantalla: 0,1 metro<\/p>\n<\/li>\n<li data-start=\"465\" data-end=\"484\">\n<p data-start=\"467\" data-end=\"484\">Tolerancia: \u00b15%<\/p>\n<\/li>\n<li data-start=\"485\" data-end=\"517\">\n<p data-start=\"487\" data-end=\"517\">Di\u00e1metro de la rueda: 320 mm<\/p>\n<\/li>\n<li data-start=\"518\" data-end=\"552\">\n<p data-start=\"520\" data-end=\"552\">Per\u00edmetro de la rueda: 1000 mm<\/p>\n<\/li>\n<li data-start=\"553\" data-end=\"581\">\n<p data-start=\"555\" data-end=\"581\">Incluye soporte de apoyo<\/p>\n<\/li>\n<\/ul>\n<p data-start=\"583\" data-end=\"650\">Precisi\u00f3n, practicidad y dise\u00f1o robusto para mediciones confiables.<\/p>\n","protected":false},"excerpt":{"rendered":"<p>Resoluci\u00f3n de pantalla: 0,1 m<br \/>\nTolerancia:\u00b15%<br \/>\nRango de medici\u00f3n: 0-9999.9m<br \/>\nDi\u00e1metro de la rueda: 320 mm<br \/>\nPer\u00edmetro de la rueda: 1000 mm con soporte<\/p>\n","protected":false},"featured_media":30719,"comment_status":"open","ping_status":"closed","template":"","meta":{"_monsterinsights_skip_tracking":false,"_monsterinsights_sitenote_active":false,"_monsterinsights_sitenote_note":"","_monsterinsights_sitenote_category":0},"product_brand":[],"product_cat":[367],"product_tag":[452],"class_list":{"0":"post-30718","1":"product","2":"type-product","3":"status-publish","4":"has-post-thumbnail","6":"product_cat-d-instrumentos-de-medicion","7":"product_tag-jadever","9":"first","10":"outofstock","11":"shipping-taxable","12":"purchasable","13":"product-type-simple"},"yoast_head":"<!-- This site is optimized with the Yoast SEO plugin v25.3.1 - https:\/\/yoast.com\/wordpress\/plugins\/seo\/ -->\n<title>OD\u00d3METRO 0 - 1000 METROS - Tienda Rigelec<\/title>\n<meta name=\"description\" content=\"Tienda Rigelec OD\u00d3METRO 0 - 1000 METROS Tienda Rigelec OD\u00d3METRO 0 - 1000 METROS Tienda Rigelec OD\u00d3METRO 0 - 1000 METROS Tienda Rigelec OD\u00d3METRO\" \/>\n<meta name=\"robots\" content=\"index, follow, max-snippet:-1, max-image-preview:large, max-video-preview:-1\" \/>\n<link rel=\"canonical\" href=\"https:\/\/tienda.rigelec.com.ar\/?product=odometro\" \/>\n<meta property=\"og:locale\" content=\"es_ES\" \/>\n<meta property=\"og:type\" content=\"article\" \/>\n<meta property=\"og:title\" content=\"OD\u00d3METRO 0 - 1000 METROS - Tienda Rigelec\" \/>\n<meta property=\"og:description\" content=\"Tienda Rigelec OD\u00d3METRO 0 - 1000 METROS Tienda Rigelec OD\u00d3METRO 0 - 1000 METROS Tienda Rigelec OD\u00d3METRO 0 - 1000 METROS Tienda Rigelec OD\u00d3METRO\" \/>\n<meta property=\"og:url\" content=\"https:\/\/tienda.rigelec.com.ar\/?product=odometro\" \/>\n<meta property=\"og:site_name\" content=\"Tienda Rigelec\" \/>\n<meta property=\"article:modified_time\" content=\"2026-05-04T01:04:41+00:00\" \/>\n<meta property=\"og:image\" content=\"https:\/\/tienda.rigelec.com.ar\/wp-content\/uploads\/2025\/07\/ODOMETRO.jpg\" \/>\n\t<meta property=\"og:image:width\" content=\"2000\" \/>\n\t<meta property=\"og:image:height\" content=\"2000\" \/>\n\t<meta property=\"og:image:type\" content=\"image\/jpeg\" \/>\n<meta name=\"twitter:card\" content=\"summary_large_image\" \/>\n<meta name=\"twitter:label1\" content=\"Tiempo de lectura\" \/>\n\t<meta name=\"twitter:data1\" content=\"1 minuto\" \/>\n<script type=\"application\/ld+json\" class=\"yoast-schema-graph\">{\"@context\":\"https:\/\/schema.org\",\"@graph\":[{\"@type\":\"WebPage\",\"@id\":\"https:\/\/tienda.rigelec.com.ar\/?product=odometro\",\"url\":\"https:\/\/tienda.rigelec.com.ar\/?product=odometro\",\"name\":\"OD\u00d3METRO 0 - 1000 METROS - Tienda Rigelec\",\"isPartOf\":{\"@id\":\"https:\/\/tienda.rigelec.com.ar\/#website\"},\"primaryImageOfPage\":{\"@id\":\"https:\/\/tienda.rigelec.com.ar\/?product=odometro#primaryimage\"},\"image\":{\"@id\":\"https:\/\/tienda.rigelec.com.ar\/?product=odometro#primaryimage\"},\"thumbnailUrl\":\"https:\/\/tienda.rigelec.com.ar\/wp-content\/uploads\/2025\/07\/ODOMETRO.jpg\",\"datePublished\":\"2025-07-28T16:29:35+00:00\",\"dateModified\":\"2026-05-04T01:04:41+00:00\",\"description\":\"Tienda Rigelec OD\u00d3METRO 0 - 1000 METROS Tienda Rigelec OD\u00d3METRO 0 - 1000 METROS Tienda Rigelec OD\u00d3METRO 0 - 1000 METROS Tienda Rigelec OD\u00d3METRO\",\"breadcrumb\":{\"@id\":\"https:\/\/tienda.rigelec.com.ar\/?product=odometro#breadcrumb\"},\"inLanguage\":\"es-AR\",\"potentialAction\":[{\"@type\":\"ReadAction\",\"target\":[\"https:\/\/tienda.rigelec.com.ar\/?product=odometro\"]}]},{\"@type\":\"ImageObject\",\"inLanguage\":\"es-AR\",\"@id\":\"https:\/\/tienda.rigelec.com.ar\/?product=odometro#primaryimage\",\"url\":\"https:\/\/tienda.rigelec.com.ar\/wp-content\/uploads\/2025\/07\/ODOMETRO.jpg\",\"contentUrl\":\"https:\/\/tienda.rigelec.com.ar\/wp-content\/uploads\/2025\/07\/ODOMETRO.jpg\",\"width\":2000,\"height\":2000},{\"@type\":\"BreadcrumbList\",\"@id\":\"https:\/\/tienda.rigelec.com.ar\/?product=odometro#breadcrumb\",\"itemListElement\":[{\"@type\":\"ListItem\",\"position\":1,\"name\":\"Inicio\",\"item\":\"https:\/\/tienda.rigelec.com.ar\/\"},{\"@type\":\"ListItem\",\"position\":2,\"name\":\"Shop\",\"item\":\"https:\/\/tienda.rigelec.com.ar\/?page_id=12\"},{\"@type\":\"ListItem\",\"position\":3,\"name\":\"OD\u00d3METRO 0 &#8211; 1000 METROS\"}]},{\"@type\":\"WebSite\",\"@id\":\"https:\/\/tienda.rigelec.com.ar\/#website\",\"url\":\"https:\/\/tienda.rigelec.com.ar\/\",\"name\":\"Tienda Rigelec\",\"description\":\"Energia en movimiento\",\"publisher\":{\"@id\":\"https:\/\/tienda.rigelec.com.ar\/#organization\"},\"potentialAction\":[{\"@type\":\"SearchAction\",\"target\":{\"@type\":\"EntryPoint\",\"urlTemplate\":\"https:\/\/tienda.rigelec.com.ar\/?s={search_term_string}\"},\"query-input\":{\"@type\":\"PropertyValueSpecification\",\"valueRequired\":true,\"valueName\":\"search_term_string\"}}],\"inLanguage\":\"es-AR\"},{\"@type\":\"Organization\",\"@id\":\"https:\/\/tienda.rigelec.com.ar\/#organization\",\"name\":\"Tienda Rigelec\",\"url\":\"https:\/\/tienda.rigelec.com.ar\/\",\"logo\":{\"@type\":\"ImageObject\",\"inLanguage\":\"es-AR\",\"@id\":\"https:\/\/tienda.rigelec.com.ar\/#\/schema\/logo\/image\/\",\"url\":\"https:\/\/tienda.rigelec.com.ar\/wp-content\/uploads\/2024\/09\/isologo-blanco-rigelec.png\",\"contentUrl\":\"https:\/\/tienda.rigelec.com.ar\/wp-content\/uploads\/2024\/09\/isologo-blanco-rigelec.png\",\"width\":94,\"height\":97,\"caption\":\"Tienda Rigelec\"},\"image\":{\"@id\":\"https:\/\/tienda.rigelec.com.ar\/#\/schema\/logo\/image\/\"}}]}<\/script>\n<!-- \/ Yoast SEO plugin. -->","yoast_head_json":{"title":"OD\u00d3METRO 0 - 1000 METROS - Tienda Rigelec","description":"Tienda Rigelec OD\u00d3METRO 0 - 1000 METROS Tienda Rigelec OD\u00d3METRO 0 - 1000 METROS Tienda Rigelec OD\u00d3METRO 0 - 1000 METROS Tienda Rigelec OD\u00d3METRO","robots":{"index":"index","follow":"follow","max-snippet":"max-snippet:-1","max-image-preview":"max-image-preview:large","max-video-preview":"max-video-preview:-1"},"canonical":"https:\/\/tienda.rigelec.com.ar\/?product=odometro","og_locale":"es_ES","og_type":"article","og_title":"OD\u00d3METRO 0 - 1000 METROS - Tienda Rigelec","og_description":"Tienda Rigelec OD\u00d3METRO 0 - 1000 METROS Tienda Rigelec OD\u00d3METRO 0 - 1000 METROS Tienda Rigelec OD\u00d3METRO 0 - 1000 METROS Tienda Rigelec OD\u00d3METRO","og_url":"https:\/\/tienda.rigelec.com.ar\/?product=odometro","og_site_name":"Tienda Rigelec","article_modified_time":"2026-05-04T01:04:41+00:00","og_image":[{"width":2000,"height":2000,"url":"https:\/\/tienda.rigelec.com.ar\/wp-content\/uploads\/2025\/07\/ODOMETRO.jpg","type":"image\/jpeg"}],"twitter_card":"summary_large_image","twitter_misc":{"Tiempo de lectura":"1 minuto"},"schema":{"@context":"https:\/\/schema.org","@graph":[{"@type":"WebPage","@id":"https:\/\/tienda.rigelec.com.ar\/?product=odometro","url":"https:\/\/tienda.rigelec.com.ar\/?product=odometro","name":"OD\u00d3METRO 0 - 1000 METROS - Tienda Rigelec","isPartOf":{"@id":"https:\/\/tienda.rigelec.com.ar\/#website"},"primaryImageOfPage":{"@id":"https:\/\/tienda.rigelec.com.ar\/?product=odometro#primaryimage"},"image":{"@id":"https:\/\/tienda.rigelec.com.ar\/?product=odometro#primaryimage"},"thumbnailUrl":"https:\/\/tienda.rigelec.com.ar\/wp-content\/uploads\/2025\/07\/ODOMETRO.jpg","datePublished":"2025-07-28T16:29:35+00:00","dateModified":"2026-05-04T01:04:41+00:00","description":"Tienda Rigelec OD\u00d3METRO 0 - 1000 METROS Tienda Rigelec OD\u00d3METRO 0 - 1000 METROS Tienda Rigelec OD\u00d3METRO 0 - 1000 METROS Tienda Rigelec OD\u00d3METRO","breadcrumb":{"@id":"https:\/\/tienda.rigelec.com.ar\/?product=odometro#breadcrumb"},"inLanguage":"es-AR","potentialAction":[{"@type":"ReadAction","target":["https:\/\/tienda.rigelec.com.ar\/?product=odometro"]}]},{"@type":"ImageObject","inLanguage":"es-AR","@id":"https:\/\/tienda.rigelec.com.ar\/?product=odometro#primaryimage","url":"https:\/\/tienda.rigelec.com.ar\/wp-content\/uploads\/2025\/07\/ODOMETRO.jpg","contentUrl":"https:\/\/tienda.rigelec.com.ar\/wp-content\/uploads\/2025\/07\/ODOMETRO.jpg","width":2000,"height":2000},{"@type":"BreadcrumbList","@id":"https:\/\/tienda.rigelec.com.ar\/?product=odometro#breadcrumb","itemListElement":[{"@type":"ListItem","position":1,"name":"Inicio","item":"https:\/\/tienda.rigelec.com.ar\/"},{"@type":"ListItem","position":2,"name":"Shop","item":"https:\/\/tienda.rigelec.com.ar\/?page_id=12"},{"@type":"ListItem","position":3,"name":"OD\u00d3METRO 0 &#8211; 1000 METROS"}]},{"@type":"WebSite","@id":"https:\/\/tienda.rigelec.com.ar\/#website","url":"https:\/\/tienda.rigelec.com.ar\/","name":"Tienda Rigelec","description":"Energia en movimiento","publisher":{"@id":"https:\/\/tienda.rigelec.com.ar\/#organization"},"potentialAction":[{"@type":"SearchAction","target":{"@type":"EntryPoint","urlTemplate":"https:\/\/tienda.rigelec.com.ar\/?s={search_term_string}"},"query-input":{"@type":"PropertyValueSpecification","valueRequired":true,"valueName":"search_term_string"}}],"inLanguage":"es-AR"},{"@type":"Organization","@id":"https:\/\/tienda.rigelec.com.ar\/#organization","name":"Tienda Rigelec","url":"https:\/\/tienda.rigelec.com.ar\/","logo":{"@type":"ImageObject","inLanguage":"es-AR","@id":"https:\/\/tienda.rigelec.com.ar\/#\/schema\/logo\/image\/","url":"https:\/\/tienda.rigelec.com.ar\/wp-content\/uploads\/2024\/09\/isologo-blanco-rigelec.png","contentUrl":"https:\/\/tienda.rigelec.com.ar\/wp-content\/uploads\/2024\/09\/isologo-blanco-rigelec.png","width":94,"height":97,"caption":"Tienda Rigelec"},"image":{"@id":"https:\/\/tienda.rigelec.com.ar\/#\/schema\/logo\/image\/"}}]}},"jetpack_sharing_enabled":true,"_links":{"self":[{"href":"https:\/\/tienda.rigelec.com.ar\/index.php?rest_route=\/wp\/v2\/product\/30718","targetHints":{"allow":["GET"]}}],"collection":[{"href":"https:\/\/tienda.rigelec.com.ar\/index.php?rest_route=\/wp\/v2\/product"}],"about":[{"href":"https:\/\/tienda.rigelec.com.ar\/index.php?rest_route=\/wp\/v2\/types\/product"}],"replies":[{"embeddable":true,"href":"https:\/\/tienda.rigelec.com.ar\/index.php?rest_route=%2Fwp%2Fv2%2Fcomments&post=30718"}],"wp:featuredmedia":[{"embeddable":true,"href":"https:\/\/tienda.rigelec.com.ar\/index.php?rest_route=\/wp\/v2\/media\/30719"}],"wp:attachment":[{"href":"https:\/\/tienda.rigelec.com.ar\/index.php?rest_route=%2Fwp%2Fv2%2Fmedia&parent=30718"}],"wp:term":[{"taxonomy":"product_brand","embeddable":true,"href":"https:\/\/tienda.rigelec.com.ar\/index.php?rest_route=%2Fwp%2Fv2%2Fproduct_brand&post=30718"},{"taxonomy":"product_cat","embeddable":true,"href":"https:\/\/tienda.rigelec.com.ar\/index.php?rest_route=%2Fwp%2Fv2%2Fproduct_cat&post=30718"},{"taxonomy":"product_tag","embeddable":true,"href":"https:\/\/tienda.rigelec.com.ar\/index.php?rest_route=%2Fwp%2Fv2%2Fproduct_tag&post=30718"}],"curies":[{"name":"wp","href":"https:\/\/api.w.org\/{rel}","templated":true}]}}