{"id":30763,"date":"2025-07-29T17:24:22","date_gmt":"2025-07-29T20:24:22","guid":{"rendered":"https:\/\/tienda.rigelec.com.ar\/?product=destornillador-plano-conico-sl6-5x38-6-5x38mm"},"modified":"2026-05-03T20:25:00","modified_gmt":"2026-05-03T23:25:00","slug":"destornillador-plano-conico","status":"publish","type":"product","link":"https:\/\/tienda.rigelec.com.ar\/?product=destornillador-plano-conico","title":{"rendered":"DESTORNILLADOR PLANO CONICO SL6.5X38 6.5X38MM"},"content":{"rendered":"<p>DESTORNILLADOR PLANO CONICO<\/p>\n<h3 data-start=\"65\" data-end=\"121\"><strong data-start=\"69\" data-end=\"121\">Destornillador Plano C\u00f3nico SL6.5x38mm | Jadever<\/strong><\/h3>\n<p data-start=\"123\" data-end=\"322\">Destornillador de alta resistencia y precisi\u00f3n, ideal para trabajos el\u00e9ctricos, mec\u00e1nicos o de bricolaje. Su dise\u00f1o compacto y punta magn\u00e9tica permiten un manejo c\u00f3modo incluso en espacios reducidos.<\/p>\n<p data-start=\"324\" data-end=\"353\"><strong data-start=\"324\" data-end=\"353\">Caracter\u00edsticas t\u00e9cnicas:<\/strong><\/p>\n<ul data-start=\"354\" data-end=\"665\">\n<li data-start=\"354\" data-end=\"404\">\n<p data-start=\"356\" data-end=\"404\">Tipo de punta: Ranurada c\u00f3nica SL6.5 (magn\u00e9tica)<\/p>\n<\/li>\n<li data-start=\"405\" data-end=\"433\">\n<p data-start=\"407\" data-end=\"433\">Tama\u00f1o de la punta: 6,5 mm<\/p>\n<\/li>\n<li data-start=\"434\" data-end=\"462\">\n<p data-start=\"436\" data-end=\"462\">Longitud de la hoja: 38 mm<\/p>\n<\/li>\n<li data-start=\"463\" data-end=\"490\">\n<p data-start=\"465\" data-end=\"490\">Di\u00e1metro de la hoja: 6 mm<\/p>\n<\/li>\n<li data-start=\"491\" data-end=\"538\">\n<p data-start=\"493\" data-end=\"538\">Material de la hoja: Acero S2 de alta calidad<\/p>\n<\/li>\n<li data-start=\"539\" data-end=\"583\">\n<p data-start=\"541\" data-end=\"583\">Mango: Ergon\u00f3mico, bicolor, antideslizante<\/p>\n<\/li>\n<li data-start=\"584\" data-end=\"609\">\n<p data-start=\"586\" data-end=\"609\">Tipo de agarre: Redondo<\/p>\n<\/li>\n<li data-start=\"610\" data-end=\"665\">\n<p data-start=\"612\" data-end=\"665\">Presentaci\u00f3n: 1 destornillador con percha de pl\u00e1stico<\/p>\n<\/li>\n<\/ul>\n<p data-start=\"667\" data-end=\"779\">Dise\u00f1ado para brindar m\u00e1ximo control y precisi\u00f3n. Ideal para quienes buscan herramientas confiables y duraderas.<\/p>\n","protected":false},"excerpt":{"rendered":"<p>Material de la hoja: S2<br \/>\nTipo de punta: ranurada SL6.5 (magn\u00e9tica)<br \/>\nTama\u00f1o de la punta: 6,5 mm<br \/>\nLongitud de la hoja: 38 mm<br \/>\nDi\u00e1metro de la hoja: 6,0 mm<br \/>\nTipo de mango: redondo<br \/>\nMaterial del mango: ergon\u00f3mico bicolor.<br \/>\n1 destornillador con 1 percha de pl\u00e1stico.<br \/>\nCon fuerte magn\u00e9tico<br \/>\nEmbalado con percha de pl\u00e1stico<\/p>\n","protected":false},"featured_media":30764,"comment_status":"open","ping_status":"closed","template":"","meta":{"_monsterinsights_skip_tracking":false,"_monsterinsights_sitenote_active":false,"_monsterinsights_sitenote_note":"","_monsterinsights_sitenote_category":0},"product_brand":[],"product_cat":[363],"product_tag":[452],"class_list":{"0":"post-30763","1":"product","2":"type-product","3":"status-publish","4":"has-post-thumbnail","6":"product_cat-i-destornillador","7":"product_tag-jadever","9":"first","10":"instock","11":"shipping-taxable","12":"purchasable","13":"product-type-simple"},"yoast_head":"<!-- This site is optimized with the Yoast SEO plugin v25.3.1 - https:\/\/yoast.com\/wordpress\/plugins\/seo\/ -->\n<title>DESTORNILLADOR PLANO CONICO SL6.5X38 6.5X38MM - Tienda Rigelec<\/title>\n<meta name=\"description\" content=\"DESTORNILLADOR PLANO CONICO SL6.5X38 6.5X38MM Tienda Rigelec DESTORNILLADOR PLANO CONICO SL6.5X38 6.5X38MM Tienda Rigelec\" \/>\n<meta name=\"robots\" content=\"index, follow, max-snippet:-1, max-image-preview:large, max-video-preview:-1\" \/>\n<link rel=\"canonical\" href=\"https:\/\/tienda.rigelec.com.ar\/?product=destornillador-plano-conico\" \/>\n<meta property=\"og:locale\" content=\"es_ES\" \/>\n<meta property=\"og:type\" content=\"article\" \/>\n<meta property=\"og:title\" content=\"DESTORNILLADOR PLANO CONICO SL6.5X38 6.5X38MM - Tienda Rigelec\" \/>\n<meta property=\"og:description\" content=\"DESTORNILLADOR PLANO CONICO SL6.5X38 6.5X38MM Tienda Rigelec DESTORNILLADOR PLANO CONICO SL6.5X38 6.5X38MM Tienda Rigelec\" \/>\n<meta property=\"og:url\" content=\"https:\/\/tienda.rigelec.com.ar\/?product=destornillador-plano-conico\" \/>\n<meta property=\"og:site_name\" content=\"Tienda Rigelec\" \/>\n<meta property=\"article:modified_time\" content=\"2026-05-03T23:25:00+00:00\" \/>\n<meta property=\"og:image\" content=\"https:\/\/tienda.rigelec.com.ar\/wp-content\/uploads\/2025\/07\/DESTORNILLADORPLANOCONICO.jpg\" \/>\n\t<meta property=\"og:image:width\" content=\"2000\" \/>\n\t<meta property=\"og:image:height\" content=\"2000\" \/>\n\t<meta property=\"og:image:type\" content=\"image\/jpeg\" \/>\n<meta name=\"twitter:card\" content=\"summary_large_image\" \/>\n<meta name=\"twitter:label1\" content=\"Tiempo de lectura\" \/>\n\t<meta name=\"twitter:data1\" content=\"1 minuto\" \/>\n<script type=\"application\/ld+json\" class=\"yoast-schema-graph\">{\"@context\":\"https:\/\/schema.org\",\"@graph\":[{\"@type\":\"WebPage\",\"@id\":\"https:\/\/tienda.rigelec.com.ar\/?product=destornillador-plano-conico\",\"url\":\"https:\/\/tienda.rigelec.com.ar\/?product=destornillador-plano-conico\",\"name\":\"DESTORNILLADOR PLANO CONICO SL6.5X38 6.5X38MM - Tienda Rigelec\",\"isPartOf\":{\"@id\":\"https:\/\/tienda.rigelec.com.ar\/#website\"},\"primaryImageOfPage\":{\"@id\":\"https:\/\/tienda.rigelec.com.ar\/?product=destornillador-plano-conico#primaryimage\"},\"image\":{\"@id\":\"https:\/\/tienda.rigelec.com.ar\/?product=destornillador-plano-conico#primaryimage\"},\"thumbnailUrl\":\"https:\/\/tienda.rigelec.com.ar\/wp-content\/uploads\/2025\/07\/DESTORNILLADORPLANOCONICO.jpg\",\"datePublished\":\"2025-07-29T20:24:22+00:00\",\"dateModified\":\"2026-05-03T23:25:00+00:00\",\"description\":\"DESTORNILLADOR PLANO CONICO SL6.5X38 6.5X38MM Tienda Rigelec DESTORNILLADOR PLANO CONICO SL6.5X38 6.5X38MM Tienda Rigelec\",\"breadcrumb\":{\"@id\":\"https:\/\/tienda.rigelec.com.ar\/?product=destornillador-plano-conico#breadcrumb\"},\"inLanguage\":\"es-AR\",\"potentialAction\":[{\"@type\":\"ReadAction\",\"target\":[\"https:\/\/tienda.rigelec.com.ar\/?product=destornillador-plano-conico\"]}]},{\"@type\":\"ImageObject\",\"inLanguage\":\"es-AR\",\"@id\":\"https:\/\/tienda.rigelec.com.ar\/?product=destornillador-plano-conico#primaryimage\",\"url\":\"https:\/\/tienda.rigelec.com.ar\/wp-content\/uploads\/2025\/07\/DESTORNILLADORPLANOCONICO.jpg\",\"contentUrl\":\"https:\/\/tienda.rigelec.com.ar\/wp-content\/uploads\/2025\/07\/DESTORNILLADORPLANOCONICO.jpg\",\"width\":2000,\"height\":2000},{\"@type\":\"BreadcrumbList\",\"@id\":\"https:\/\/tienda.rigelec.com.ar\/?product=destornillador-plano-conico#breadcrumb\",\"itemListElement\":[{\"@type\":\"ListItem\",\"position\":1,\"name\":\"Inicio\",\"item\":\"https:\/\/tienda.rigelec.com.ar\/\"},{\"@type\":\"ListItem\",\"position\":2,\"name\":\"Shop\",\"item\":\"https:\/\/tienda.rigelec.com.ar\/?page_id=12\"},{\"@type\":\"ListItem\",\"position\":3,\"name\":\"DESTORNILLADOR PLANO CONICO SL6.5X38 6.5X38MM\"}]},{\"@type\":\"WebSite\",\"@id\":\"https:\/\/tienda.rigelec.com.ar\/#website\",\"url\":\"https:\/\/tienda.rigelec.com.ar\/\",\"name\":\"Tienda Rigelec\",\"description\":\"Energia en movimiento\",\"publisher\":{\"@id\":\"https:\/\/tienda.rigelec.com.ar\/#organization\"},\"potentialAction\":[{\"@type\":\"SearchAction\",\"target\":{\"@type\":\"EntryPoint\",\"urlTemplate\":\"https:\/\/tienda.rigelec.com.ar\/?s={search_term_string}\"},\"query-input\":{\"@type\":\"PropertyValueSpecification\",\"valueRequired\":true,\"valueName\":\"search_term_string\"}}],\"inLanguage\":\"es-AR\"},{\"@type\":\"Organization\",\"@id\":\"https:\/\/tienda.rigelec.com.ar\/#organization\",\"name\":\"Tienda Rigelec\",\"url\":\"https:\/\/tienda.rigelec.com.ar\/\",\"logo\":{\"@type\":\"ImageObject\",\"inLanguage\":\"es-AR\",\"@id\":\"https:\/\/tienda.rigelec.com.ar\/#\/schema\/logo\/image\/\",\"url\":\"https:\/\/tienda.rigelec.com.ar\/wp-content\/uploads\/2024\/09\/isologo-blanco-rigelec.png\",\"contentUrl\":\"https:\/\/tienda.rigelec.com.ar\/wp-content\/uploads\/2024\/09\/isologo-blanco-rigelec.png\",\"width\":94,\"height\":97,\"caption\":\"Tienda Rigelec\"},\"image\":{\"@id\":\"https:\/\/tienda.rigelec.com.ar\/#\/schema\/logo\/image\/\"}}]}<\/script>\n<!-- \/ Yoast SEO plugin. -->","yoast_head_json":{"title":"DESTORNILLADOR PLANO CONICO SL6.5X38 6.5X38MM - Tienda Rigelec","description":"DESTORNILLADOR PLANO CONICO SL6.5X38 6.5X38MM Tienda Rigelec DESTORNILLADOR PLANO CONICO SL6.5X38 6.5X38MM Tienda Rigelec","robots":{"index":"index","follow":"follow","max-snippet":"max-snippet:-1","max-image-preview":"max-image-preview:large","max-video-preview":"max-video-preview:-1"},"canonical":"https:\/\/tienda.rigelec.com.ar\/?product=destornillador-plano-conico","og_locale":"es_ES","og_type":"article","og_title":"DESTORNILLADOR PLANO CONICO SL6.5X38 6.5X38MM - Tienda Rigelec","og_description":"DESTORNILLADOR PLANO CONICO SL6.5X38 6.5X38MM Tienda Rigelec DESTORNILLADOR PLANO CONICO SL6.5X38 6.5X38MM Tienda Rigelec","og_url":"https:\/\/tienda.rigelec.com.ar\/?product=destornillador-plano-conico","og_site_name":"Tienda Rigelec","article_modified_time":"2026-05-03T23:25:00+00:00","og_image":[{"width":2000,"height":2000,"url":"https:\/\/tienda.rigelec.com.ar\/wp-content\/uploads\/2025\/07\/DESTORNILLADORPLANOCONICO.jpg","type":"image\/jpeg"}],"twitter_card":"summary_large_image","twitter_misc":{"Tiempo de lectura":"1 minuto"},"schema":{"@context":"https:\/\/schema.org","@graph":[{"@type":"WebPage","@id":"https:\/\/tienda.rigelec.com.ar\/?product=destornillador-plano-conico","url":"https:\/\/tienda.rigelec.com.ar\/?product=destornillador-plano-conico","name":"DESTORNILLADOR PLANO CONICO SL6.5X38 6.5X38MM - Tienda Rigelec","isPartOf":{"@id":"https:\/\/tienda.rigelec.com.ar\/#website"},"primaryImageOfPage":{"@id":"https:\/\/tienda.rigelec.com.ar\/?product=destornillador-plano-conico#primaryimage"},"image":{"@id":"https:\/\/tienda.rigelec.com.ar\/?product=destornillador-plano-conico#primaryimage"},"thumbnailUrl":"https:\/\/tienda.rigelec.com.ar\/wp-content\/uploads\/2025\/07\/DESTORNILLADORPLANOCONICO.jpg","datePublished":"2025-07-29T20:24:22+00:00","dateModified":"2026-05-03T23:25:00+00:00","description":"DESTORNILLADOR PLANO CONICO SL6.5X38 6.5X38MM Tienda Rigelec DESTORNILLADOR PLANO CONICO SL6.5X38 6.5X38MM Tienda Rigelec","breadcrumb":{"@id":"https:\/\/tienda.rigelec.com.ar\/?product=destornillador-plano-conico#breadcrumb"},"inLanguage":"es-AR","potentialAction":[{"@type":"ReadAction","target":["https:\/\/tienda.rigelec.com.ar\/?product=destornillador-plano-conico"]}]},{"@type":"ImageObject","inLanguage":"es-AR","@id":"https:\/\/tienda.rigelec.com.ar\/?product=destornillador-plano-conico#primaryimage","url":"https:\/\/tienda.rigelec.com.ar\/wp-content\/uploads\/2025\/07\/DESTORNILLADORPLANOCONICO.jpg","contentUrl":"https:\/\/tienda.rigelec.com.ar\/wp-content\/uploads\/2025\/07\/DESTORNILLADORPLANOCONICO.jpg","width":2000,"height":2000},{"@type":"BreadcrumbList","@id":"https:\/\/tienda.rigelec.com.ar\/?product=destornillador-plano-conico#breadcrumb","itemListElement":[{"@type":"ListItem","position":1,"name":"Inicio","item":"https:\/\/tienda.rigelec.com.ar\/"},{"@type":"ListItem","position":2,"name":"Shop","item":"https:\/\/tienda.rigelec.com.ar\/?page_id=12"},{"@type":"ListItem","position":3,"name":"DESTORNILLADOR PLANO CONICO SL6.5X38 6.5X38MM"}]},{"@type":"WebSite","@id":"https:\/\/tienda.rigelec.com.ar\/#website","url":"https:\/\/tienda.rigelec.com.ar\/","name":"Tienda Rigelec","description":"Energia en movimiento","publisher":{"@id":"https:\/\/tienda.rigelec.com.ar\/#organization"},"potentialAction":[{"@type":"SearchAction","target":{"@type":"EntryPoint","urlTemplate":"https:\/\/tienda.rigelec.com.ar\/?s={search_term_string}"},"query-input":{"@type":"PropertyValueSpecification","valueRequired":true,"valueName":"search_term_string"}}],"inLanguage":"es-AR"},{"@type":"Organization","@id":"https:\/\/tienda.rigelec.com.ar\/#organization","name":"Tienda Rigelec","url":"https:\/\/tienda.rigelec.com.ar\/","logo":{"@type":"ImageObject","inLanguage":"es-AR","@id":"https:\/\/tienda.rigelec.com.ar\/#\/schema\/logo\/image\/","url":"https:\/\/tienda.rigelec.com.ar\/wp-content\/uploads\/2024\/09\/isologo-blanco-rigelec.png","contentUrl":"https:\/\/tienda.rigelec.com.ar\/wp-content\/uploads\/2024\/09\/isologo-blanco-rigelec.png","width":94,"height":97,"caption":"Tienda Rigelec"},"image":{"@id":"https:\/\/tienda.rigelec.com.ar\/#\/schema\/logo\/image\/"}}]}},"jetpack_sharing_enabled":true,"_links":{"self":[{"href":"https:\/\/tienda.rigelec.com.ar\/index.php?rest_route=\/wp\/v2\/product\/30763","targetHints":{"allow":["GET"]}}],"collection":[{"href":"https:\/\/tienda.rigelec.com.ar\/index.php?rest_route=\/wp\/v2\/product"}],"about":[{"href":"https:\/\/tienda.rigelec.com.ar\/index.php?rest_route=\/wp\/v2\/types\/product"}],"replies":[{"embeddable":true,"href":"https:\/\/tienda.rigelec.com.ar\/index.php?rest_route=%2Fwp%2Fv2%2Fcomments&post=30763"}],"wp:featuredmedia":[{"embeddable":true,"href":"https:\/\/tienda.rigelec.com.ar\/index.php?rest_route=\/wp\/v2\/media\/30764"}],"wp:attachment":[{"href":"https:\/\/tienda.rigelec.com.ar\/index.php?rest_route=%2Fwp%2Fv2%2Fmedia&parent=30763"}],"wp:term":[{"taxonomy":"product_brand","embeddable":true,"href":"https:\/\/tienda.rigelec.com.ar\/index.php?rest_route=%2Fwp%2Fv2%2Fproduct_brand&post=30763"},{"taxonomy":"product_cat","embeddable":true,"href":"https:\/\/tienda.rigelec.com.ar\/index.php?rest_route=%2Fwp%2Fv2%2Fproduct_cat&post=30763"},{"taxonomy":"product_tag","embeddable":true,"href":"https:\/\/tienda.rigelec.com.ar\/index.php?rest_route=%2Fwp%2Fv2%2Fproduct_tag&post=30763"}],"curies":[{"name":"wp","href":"https:\/\/api.w.org\/{rel}","templated":true}]}}