{"id":30773,"date":"2025-07-29T17:27:14","date_gmt":"2025-07-29T20:27:14","guid":{"rendered":"https:\/\/tienda.rigelec.com.ar\/?product=cutter-de-hoja-desmontable-jdsk2918-18x100mm-150mm"},"modified":"2026-05-01T00:33:07","modified_gmt":"2026-05-01T03:33:07","slug":"cutter-de-hoja-desmontable","status":"publish","type":"product","link":"https:\/\/tienda.rigelec.com.ar\/?product=cutter-de-hoja-desmontable","title":{"rendered":"CUTTER DE HOJA DESMONTABLE JDSK2918 18X100MM &#8211; 150MM"},"content":{"rendered":"<p>CUTTER DE HOJA DESMONTABLE<\/p>\n<h3 data-start=\"71\" data-end=\"124\"><strong data-start=\"75\" data-end=\"124\">Cutter de Hoja Desmontable 18x100mm | Jadever<\/strong><\/h3>\n<p data-start=\"126\" data-end=\"265\">Herramienta pr\u00e1ctica y segura para cortes precisos en papel, cart\u00f3n, pl\u00e1stico y m\u00e1s. Dise\u00f1ada para brindar comodidad y control en cada uso.<\/p>\n<p data-start=\"267\" data-end=\"287\"><strong data-start=\"267\" data-end=\"287\">Caracter\u00edsticas:<\/strong><\/p>\n<ul data-start=\"288\" data-end=\"553\">\n<li data-start=\"288\" data-end=\"322\">\n<p data-start=\"290\" data-end=\"322\">Tama\u00f1o de hoja: 18 mm x 100 mm<\/p>\n<\/li>\n<li data-start=\"323\" data-end=\"360\">\n<p data-start=\"325\" data-end=\"360\">Longitud total del cutter: 150 mm<\/p>\n<\/li>\n<li data-start=\"361\" data-end=\"396\">\n<p data-start=\"363\" data-end=\"396\">Hoja desmontable y reemplazable<\/p>\n<\/li>\n<li data-start=\"397\" data-end=\"449\">\n<p data-start=\"399\" data-end=\"449\">Cuerpo pl\u00e1stico resistente con dise\u00f1o ergon\u00f3mico<\/p>\n<\/li>\n<li data-start=\"450\" data-end=\"508\">\n<p data-start=\"452\" data-end=\"508\">Pulsador plano para mayor seguridad y facilidad de uso<\/p>\n<\/li>\n<li data-start=\"509\" data-end=\"553\">\n<p data-start=\"511\" data-end=\"553\">Dise\u00f1o antideslizante para un agarre firme<\/p>\n<\/li>\n<\/ul>\n<p data-start=\"555\" data-end=\"652\">Ideal para tareas de oficina, taller, embalaje o bricolaje. Precisi\u00f3n y durabilidad en tus manos.<\/p>\n","protected":false},"excerpt":{"rendered":"<p>Cutter de hoja desmontable &#8211;<br \/>\nTama\u00f1o de hoja: 18mm x 100mm &#8211;<br \/>\nLongitud: 150mm<br \/>\nCon pulsador plano<\/p>\n","protected":false},"featured_media":30774,"comment_status":"open","ping_status":"closed","template":"","meta":{"_monsterinsights_skip_tracking":false,"_monsterinsights_sitenote_active":false,"_monsterinsights_sitenote_note":"","_monsterinsights_sitenote_category":0},"product_brand":[],"product_cat":[363],"product_tag":[452],"class_list":{"0":"post-30773","1":"product","2":"type-product","3":"status-publish","4":"has-post-thumbnail","6":"product_cat-i-destornillador","7":"product_tag-jadever","9":"first","10":"outofstock","11":"shipping-taxable","12":"purchasable","13":"product-type-simple"},"yoast_head":"<!-- This site is optimized with the Yoast SEO plugin v25.3.1 - https:\/\/yoast.com\/wordpress\/plugins\/seo\/ -->\n<title>CUTTER DE HOJA DESMONTABLE JDSK2918 18X100MM - 150MM - Tienda Rigelec<\/title>\n<meta name=\"description\" content=\"CUTTER DE HOJA DESMONTABLE JDSK2918 18X100MM - 150MM Tienda Rigelec CUTTER DE HOJA DESMONTABLE JDSK2918 18X100MM - 150MM Tienda Rigelec\" \/>\n<meta name=\"robots\" content=\"index, follow, max-snippet:-1, max-image-preview:large, max-video-preview:-1\" \/>\n<link rel=\"canonical\" href=\"https:\/\/tienda.rigelec.com.ar\/?product=cutter-de-hoja-desmontable\" \/>\n<meta property=\"og:locale\" content=\"es_ES\" \/>\n<meta property=\"og:type\" content=\"article\" \/>\n<meta property=\"og:title\" content=\"CUTTER DE HOJA DESMONTABLE JDSK2918 18X100MM - 150MM - Tienda Rigelec\" \/>\n<meta property=\"og:description\" content=\"CUTTER DE HOJA DESMONTABLE JDSK2918 18X100MM - 150MM Tienda Rigelec CUTTER DE HOJA DESMONTABLE JDSK2918 18X100MM - 150MM Tienda Rigelec\" \/>\n<meta property=\"og:url\" content=\"https:\/\/tienda.rigelec.com.ar\/?product=cutter-de-hoja-desmontable\" \/>\n<meta property=\"og:site_name\" content=\"Tienda Rigelec\" \/>\n<meta property=\"article:modified_time\" content=\"2026-05-01T03:33:07+00:00\" \/>\n<meta property=\"og:image\" content=\"https:\/\/tienda.rigelec.com.ar\/wp-content\/uploads\/2025\/07\/CUTTERDEHOJADESMONTABLE.jpg\" \/>\n\t<meta property=\"og:image:width\" content=\"2000\" \/>\n\t<meta property=\"og:image:height\" content=\"2000\" \/>\n\t<meta property=\"og:image:type\" content=\"image\/jpeg\" \/>\n<meta name=\"twitter:card\" content=\"summary_large_image\" \/>\n<meta name=\"twitter:label1\" content=\"Tiempo de lectura\" \/>\n\t<meta name=\"twitter:data1\" content=\"1 minuto\" \/>\n<script type=\"application\/ld+json\" class=\"yoast-schema-graph\">{\"@context\":\"https:\/\/schema.org\",\"@graph\":[{\"@type\":\"WebPage\",\"@id\":\"https:\/\/tienda.rigelec.com.ar\/?product=cutter-de-hoja-desmontable\",\"url\":\"https:\/\/tienda.rigelec.com.ar\/?product=cutter-de-hoja-desmontable\",\"name\":\"CUTTER DE HOJA DESMONTABLE JDSK2918 18X100MM - 150MM - Tienda Rigelec\",\"isPartOf\":{\"@id\":\"https:\/\/tienda.rigelec.com.ar\/#website\"},\"primaryImageOfPage\":{\"@id\":\"https:\/\/tienda.rigelec.com.ar\/?product=cutter-de-hoja-desmontable#primaryimage\"},\"image\":{\"@id\":\"https:\/\/tienda.rigelec.com.ar\/?product=cutter-de-hoja-desmontable#primaryimage\"},\"thumbnailUrl\":\"https:\/\/tienda.rigelec.com.ar\/wp-content\/uploads\/2025\/07\/CUTTERDEHOJADESMONTABLE.jpg\",\"datePublished\":\"2025-07-29T20:27:14+00:00\",\"dateModified\":\"2026-05-01T03:33:07+00:00\",\"description\":\"CUTTER DE HOJA DESMONTABLE JDSK2918 18X100MM - 150MM Tienda Rigelec CUTTER DE HOJA DESMONTABLE JDSK2918 18X100MM - 150MM Tienda Rigelec\",\"breadcrumb\":{\"@id\":\"https:\/\/tienda.rigelec.com.ar\/?product=cutter-de-hoja-desmontable#breadcrumb\"},\"inLanguage\":\"es-AR\",\"potentialAction\":[{\"@type\":\"ReadAction\",\"target\":[\"https:\/\/tienda.rigelec.com.ar\/?product=cutter-de-hoja-desmontable\"]}]},{\"@type\":\"ImageObject\",\"inLanguage\":\"es-AR\",\"@id\":\"https:\/\/tienda.rigelec.com.ar\/?product=cutter-de-hoja-desmontable#primaryimage\",\"url\":\"https:\/\/tienda.rigelec.com.ar\/wp-content\/uploads\/2025\/07\/CUTTERDEHOJADESMONTABLE.jpg\",\"contentUrl\":\"https:\/\/tienda.rigelec.com.ar\/wp-content\/uploads\/2025\/07\/CUTTERDEHOJADESMONTABLE.jpg\",\"width\":2000,\"height\":2000},{\"@type\":\"BreadcrumbList\",\"@id\":\"https:\/\/tienda.rigelec.com.ar\/?product=cutter-de-hoja-desmontable#breadcrumb\",\"itemListElement\":[{\"@type\":\"ListItem\",\"position\":1,\"name\":\"Inicio\",\"item\":\"https:\/\/tienda.rigelec.com.ar\/\"},{\"@type\":\"ListItem\",\"position\":2,\"name\":\"Shop\",\"item\":\"https:\/\/tienda.rigelec.com.ar\/?page_id=12\"},{\"@type\":\"ListItem\",\"position\":3,\"name\":\"CUTTER DE HOJA DESMONTABLE JDSK2918 18X100MM &#8211; 150MM\"}]},{\"@type\":\"WebSite\",\"@id\":\"https:\/\/tienda.rigelec.com.ar\/#website\",\"url\":\"https:\/\/tienda.rigelec.com.ar\/\",\"name\":\"Tienda Rigelec\",\"description\":\"Energia en movimiento\",\"publisher\":{\"@id\":\"https:\/\/tienda.rigelec.com.ar\/#organization\"},\"potentialAction\":[{\"@type\":\"SearchAction\",\"target\":{\"@type\":\"EntryPoint\",\"urlTemplate\":\"https:\/\/tienda.rigelec.com.ar\/?s={search_term_string}\"},\"query-input\":{\"@type\":\"PropertyValueSpecification\",\"valueRequired\":true,\"valueName\":\"search_term_string\"}}],\"inLanguage\":\"es-AR\"},{\"@type\":\"Organization\",\"@id\":\"https:\/\/tienda.rigelec.com.ar\/#organization\",\"name\":\"Tienda Rigelec\",\"url\":\"https:\/\/tienda.rigelec.com.ar\/\",\"logo\":{\"@type\":\"ImageObject\",\"inLanguage\":\"es-AR\",\"@id\":\"https:\/\/tienda.rigelec.com.ar\/#\/schema\/logo\/image\/\",\"url\":\"https:\/\/tienda.rigelec.com.ar\/wp-content\/uploads\/2024\/09\/isologo-blanco-rigelec.png\",\"contentUrl\":\"https:\/\/tienda.rigelec.com.ar\/wp-content\/uploads\/2024\/09\/isologo-blanco-rigelec.png\",\"width\":94,\"height\":97,\"caption\":\"Tienda Rigelec\"},\"image\":{\"@id\":\"https:\/\/tienda.rigelec.com.ar\/#\/schema\/logo\/image\/\"}}]}<\/script>\n<!-- \/ Yoast SEO plugin. -->","yoast_head_json":{"title":"CUTTER DE HOJA DESMONTABLE JDSK2918 18X100MM - 150MM - Tienda Rigelec","description":"CUTTER DE HOJA DESMONTABLE JDSK2918 18X100MM - 150MM Tienda Rigelec CUTTER DE HOJA DESMONTABLE JDSK2918 18X100MM - 150MM Tienda Rigelec","robots":{"index":"index","follow":"follow","max-snippet":"max-snippet:-1","max-image-preview":"max-image-preview:large","max-video-preview":"max-video-preview:-1"},"canonical":"https:\/\/tienda.rigelec.com.ar\/?product=cutter-de-hoja-desmontable","og_locale":"es_ES","og_type":"article","og_title":"CUTTER DE HOJA DESMONTABLE JDSK2918 18X100MM - 150MM - Tienda Rigelec","og_description":"CUTTER DE HOJA DESMONTABLE JDSK2918 18X100MM - 150MM Tienda Rigelec CUTTER DE HOJA DESMONTABLE JDSK2918 18X100MM - 150MM Tienda Rigelec","og_url":"https:\/\/tienda.rigelec.com.ar\/?product=cutter-de-hoja-desmontable","og_site_name":"Tienda Rigelec","article_modified_time":"2026-05-01T03:33:07+00:00","og_image":[{"width":2000,"height":2000,"url":"https:\/\/tienda.rigelec.com.ar\/wp-content\/uploads\/2025\/07\/CUTTERDEHOJADESMONTABLE.jpg","type":"image\/jpeg"}],"twitter_card":"summary_large_image","twitter_misc":{"Tiempo de lectura":"1 minuto"},"schema":{"@context":"https:\/\/schema.org","@graph":[{"@type":"WebPage","@id":"https:\/\/tienda.rigelec.com.ar\/?product=cutter-de-hoja-desmontable","url":"https:\/\/tienda.rigelec.com.ar\/?product=cutter-de-hoja-desmontable","name":"CUTTER DE HOJA DESMONTABLE JDSK2918 18X100MM - 150MM - Tienda Rigelec","isPartOf":{"@id":"https:\/\/tienda.rigelec.com.ar\/#website"},"primaryImageOfPage":{"@id":"https:\/\/tienda.rigelec.com.ar\/?product=cutter-de-hoja-desmontable#primaryimage"},"image":{"@id":"https:\/\/tienda.rigelec.com.ar\/?product=cutter-de-hoja-desmontable#primaryimage"},"thumbnailUrl":"https:\/\/tienda.rigelec.com.ar\/wp-content\/uploads\/2025\/07\/CUTTERDEHOJADESMONTABLE.jpg","datePublished":"2025-07-29T20:27:14+00:00","dateModified":"2026-05-01T03:33:07+00:00","description":"CUTTER DE HOJA DESMONTABLE JDSK2918 18X100MM - 150MM Tienda Rigelec CUTTER DE HOJA DESMONTABLE JDSK2918 18X100MM - 150MM Tienda Rigelec","breadcrumb":{"@id":"https:\/\/tienda.rigelec.com.ar\/?product=cutter-de-hoja-desmontable#breadcrumb"},"inLanguage":"es-AR","potentialAction":[{"@type":"ReadAction","target":["https:\/\/tienda.rigelec.com.ar\/?product=cutter-de-hoja-desmontable"]}]},{"@type":"ImageObject","inLanguage":"es-AR","@id":"https:\/\/tienda.rigelec.com.ar\/?product=cutter-de-hoja-desmontable#primaryimage","url":"https:\/\/tienda.rigelec.com.ar\/wp-content\/uploads\/2025\/07\/CUTTERDEHOJADESMONTABLE.jpg","contentUrl":"https:\/\/tienda.rigelec.com.ar\/wp-content\/uploads\/2025\/07\/CUTTERDEHOJADESMONTABLE.jpg","width":2000,"height":2000},{"@type":"BreadcrumbList","@id":"https:\/\/tienda.rigelec.com.ar\/?product=cutter-de-hoja-desmontable#breadcrumb","itemListElement":[{"@type":"ListItem","position":1,"name":"Inicio","item":"https:\/\/tienda.rigelec.com.ar\/"},{"@type":"ListItem","position":2,"name":"Shop","item":"https:\/\/tienda.rigelec.com.ar\/?page_id=12"},{"@type":"ListItem","position":3,"name":"CUTTER DE HOJA DESMONTABLE JDSK2918 18X100MM &#8211; 150MM"}]},{"@type":"WebSite","@id":"https:\/\/tienda.rigelec.com.ar\/#website","url":"https:\/\/tienda.rigelec.com.ar\/","name":"Tienda Rigelec","description":"Energia en movimiento","publisher":{"@id":"https:\/\/tienda.rigelec.com.ar\/#organization"},"potentialAction":[{"@type":"SearchAction","target":{"@type":"EntryPoint","urlTemplate":"https:\/\/tienda.rigelec.com.ar\/?s={search_term_string}"},"query-input":{"@type":"PropertyValueSpecification","valueRequired":true,"valueName":"search_term_string"}}],"inLanguage":"es-AR"},{"@type":"Organization","@id":"https:\/\/tienda.rigelec.com.ar\/#organization","name":"Tienda Rigelec","url":"https:\/\/tienda.rigelec.com.ar\/","logo":{"@type":"ImageObject","inLanguage":"es-AR","@id":"https:\/\/tienda.rigelec.com.ar\/#\/schema\/logo\/image\/","url":"https:\/\/tienda.rigelec.com.ar\/wp-content\/uploads\/2024\/09\/isologo-blanco-rigelec.png","contentUrl":"https:\/\/tienda.rigelec.com.ar\/wp-content\/uploads\/2024\/09\/isologo-blanco-rigelec.png","width":94,"height":97,"caption":"Tienda Rigelec"},"image":{"@id":"https:\/\/tienda.rigelec.com.ar\/#\/schema\/logo\/image\/"}}]}},"jetpack_sharing_enabled":true,"_links":{"self":[{"href":"https:\/\/tienda.rigelec.com.ar\/index.php?rest_route=\/wp\/v2\/product\/30773","targetHints":{"allow":["GET"]}}],"collection":[{"href":"https:\/\/tienda.rigelec.com.ar\/index.php?rest_route=\/wp\/v2\/product"}],"about":[{"href":"https:\/\/tienda.rigelec.com.ar\/index.php?rest_route=\/wp\/v2\/types\/product"}],"replies":[{"embeddable":true,"href":"https:\/\/tienda.rigelec.com.ar\/index.php?rest_route=%2Fwp%2Fv2%2Fcomments&post=30773"}],"wp:featuredmedia":[{"embeddable":true,"href":"https:\/\/tienda.rigelec.com.ar\/index.php?rest_route=\/wp\/v2\/media\/30774"}],"wp:attachment":[{"href":"https:\/\/tienda.rigelec.com.ar\/index.php?rest_route=%2Fwp%2Fv2%2Fmedia&parent=30773"}],"wp:term":[{"taxonomy":"product_brand","embeddable":true,"href":"https:\/\/tienda.rigelec.com.ar\/index.php?rest_route=%2Fwp%2Fv2%2Fproduct_brand&post=30773"},{"taxonomy":"product_cat","embeddable":true,"href":"https:\/\/tienda.rigelec.com.ar\/index.php?rest_route=%2Fwp%2Fv2%2Fproduct_cat&post=30773"},{"taxonomy":"product_tag","embeddable":true,"href":"https:\/\/tienda.rigelec.com.ar\/index.php?rest_route=%2Fwp%2Fv2%2Fproduct_tag&post=30773"}],"curies":[{"name":"wp","href":"https:\/\/api.w.org\/{rel}","templated":true}]}}