{"id":30781,"date":"2025-07-29T18:20:11","date_gmt":"2025-07-29T21:20:11","guid":{"rendered":"https:\/\/tienda.rigelec.com.ar\/?product=cuchara-albanileria-jdbt8308-2000mm-8"},"modified":"2026-05-01T01:40:00","modified_gmt":"2026-05-01T04:40:00","slug":"cuchara-albanileria","status":"publish","type":"product","link":"https:\/\/tienda.rigelec.com.ar\/?product=cuchara-albanileria","title":{"rendered":"CUCHARA ALBA\u00d1ILERIA JDBT8308 2000MM-8&#8243;"},"content":{"rendered":"<p>CUCHARA ALBA\u00d1ILERIA<\/p>\n<h3 data-start=\"65\" data-end=\"117\"><strong data-start=\"69\" data-end=\"117\">Cuchara de Alba\u00f1iler\u00eda 8&#8243; | Jadever JDBT8308<\/strong><\/h3>\n<p data-start=\"119\" data-end=\"252\">Herramienta esencial para trabajos de construcci\u00f3n y alba\u00f1iler\u00eda, dise\u00f1ada para ofrecer precisi\u00f3n, resistencia y confort en cada uso.<\/p>\n<p data-start=\"254\" data-end=\"274\"><strong data-start=\"254\" data-end=\"274\">Caracter\u00edsticas:<\/strong><\/p>\n<ul data-start=\"275\" data-end=\"455\">\n<li data-start=\"275\" data-end=\"298\">\n<p data-start=\"277\" data-end=\"298\">Tama\u00f1o: 8&#8243; (200 mm)<\/p>\n<\/li>\n<li data-start=\"299\" data-end=\"331\">\n<p data-start=\"301\" data-end=\"331\">Di\u00e1metro de la biela: 7,5 mm<\/p>\n<\/li>\n<li data-start=\"332\" data-end=\"371\">\n<p data-start=\"334\" data-end=\"371\">Hoja de acero resistente y duradero<\/p>\n<\/li>\n<li data-start=\"372\" data-end=\"408\">\n<p data-start=\"374\" data-end=\"408\">Mango ergon\u00f3mico de dise\u00f1o \u00fanico<\/p>\n<\/li>\n<li data-start=\"409\" data-end=\"455\">\n<p data-start=\"411\" data-end=\"455\">Ideal para mezclar, aplicar y moldear mezcla<\/p>\n<\/li>\n<\/ul>\n<p data-start=\"457\" data-end=\"506\">Construida para acompa\u00f1arte en todo tipo de obra.<\/p>\n","protected":false},"excerpt":{"rendered":"<p>Tama\u00f1o: 8&#8243;\/200 mm.<br \/>\nDi\u00e1metro de la biela: 7,5 mm.<br \/>\nMango de dise\u00f1o \u00fanico<br \/>\nEmpaquetado por etiqueta<\/p>\n","protected":false},"featured_media":30782,"comment_status":"open","ping_status":"closed","template":"","meta":{"_monsterinsights_skip_tracking":false,"_monsterinsights_sitenote_active":false,"_monsterinsights_sitenote_note":"","_monsterinsights_sitenote_category":0},"product_brand":[],"product_cat":[162],"product_tag":[452],"class_list":{"0":"post-30781","1":"product","2":"type-product","3":"status-publish","4":"has-post-thumbnail","6":"product_cat-a-manuales","7":"product_tag-jadever","9":"first","10":"outofstock","11":"shipping-taxable","12":"purchasable","13":"product-type-simple"},"yoast_head":"<!-- This site is optimized with the Yoast SEO plugin v25.3.1 - https:\/\/yoast.com\/wordpress\/plugins\/seo\/ -->\n<title>CUCHARA ALBA\u00d1ILERIA JDBT8308 2000MM-8&quot; - Tienda Rigelec<\/title>\n<meta name=\"description\" content=\"Tienda Rigelec CUCHARA ALBA\u00d1ILERIA JDBT8308 2000MM-8&quot; Tienda Rigelec CUCHARA ALBA\u00d1ILERIA JDBT8308 2000MM-8&quot; Tienda Rigelec\" \/>\n<meta name=\"robots\" content=\"index, follow, max-snippet:-1, max-image-preview:large, max-video-preview:-1\" \/>\n<link rel=\"canonical\" href=\"https:\/\/tienda.rigelec.com.ar\/?product=cuchara-albanileria\" \/>\n<meta property=\"og:locale\" content=\"es_ES\" \/>\n<meta property=\"og:type\" content=\"article\" \/>\n<meta property=\"og:title\" content=\"CUCHARA ALBA\u00d1ILERIA JDBT8308 2000MM-8&quot; - Tienda Rigelec\" \/>\n<meta property=\"og:description\" content=\"Tienda Rigelec CUCHARA ALBA\u00d1ILERIA JDBT8308 2000MM-8&quot; Tienda Rigelec CUCHARA ALBA\u00d1ILERIA JDBT8308 2000MM-8&quot; Tienda Rigelec\" \/>\n<meta property=\"og:url\" content=\"https:\/\/tienda.rigelec.com.ar\/?product=cuchara-albanileria\" \/>\n<meta property=\"og:site_name\" content=\"Tienda Rigelec\" \/>\n<meta property=\"article:modified_time\" content=\"2026-05-01T04:40:00+00:00\" \/>\n<meta property=\"og:image\" content=\"https:\/\/tienda.rigelec.com.ar\/wp-content\/uploads\/2025\/07\/CUCHARAALBANILERIA.jpg\" \/>\n\t<meta property=\"og:image:width\" content=\"2000\" \/>\n\t<meta property=\"og:image:height\" content=\"2000\" \/>\n\t<meta property=\"og:image:type\" content=\"image\/jpeg\" \/>\n<meta name=\"twitter:card\" content=\"summary_large_image\" \/>\n<meta name=\"twitter:label1\" content=\"Tiempo de lectura\" \/>\n\t<meta name=\"twitter:data1\" content=\"1 minuto\" \/>\n<script type=\"application\/ld+json\" class=\"yoast-schema-graph\">{\"@context\":\"https:\/\/schema.org\",\"@graph\":[{\"@type\":\"WebPage\",\"@id\":\"https:\/\/tienda.rigelec.com.ar\/?product=cuchara-albanileria\",\"url\":\"https:\/\/tienda.rigelec.com.ar\/?product=cuchara-albanileria\",\"name\":\"CUCHARA ALBA\u00d1ILERIA JDBT8308 2000MM-8\\\" - Tienda Rigelec\",\"isPartOf\":{\"@id\":\"https:\/\/tienda.rigelec.com.ar\/#website\"},\"primaryImageOfPage\":{\"@id\":\"https:\/\/tienda.rigelec.com.ar\/?product=cuchara-albanileria#primaryimage\"},\"image\":{\"@id\":\"https:\/\/tienda.rigelec.com.ar\/?product=cuchara-albanileria#primaryimage\"},\"thumbnailUrl\":\"https:\/\/tienda.rigelec.com.ar\/wp-content\/uploads\/2025\/07\/CUCHARAALBANILERIA.jpg\",\"datePublished\":\"2025-07-29T21:20:11+00:00\",\"dateModified\":\"2026-05-01T04:40:00+00:00\",\"description\":\"Tienda Rigelec CUCHARA ALBA\u00d1ILERIA JDBT8308 2000MM-8\\\" Tienda Rigelec CUCHARA ALBA\u00d1ILERIA JDBT8308 2000MM-8\\\" Tienda Rigelec\",\"breadcrumb\":{\"@id\":\"https:\/\/tienda.rigelec.com.ar\/?product=cuchara-albanileria#breadcrumb\"},\"inLanguage\":\"es-AR\",\"potentialAction\":[{\"@type\":\"ReadAction\",\"target\":[\"https:\/\/tienda.rigelec.com.ar\/?product=cuchara-albanileria\"]}]},{\"@type\":\"ImageObject\",\"inLanguage\":\"es-AR\",\"@id\":\"https:\/\/tienda.rigelec.com.ar\/?product=cuchara-albanileria#primaryimage\",\"url\":\"https:\/\/tienda.rigelec.com.ar\/wp-content\/uploads\/2025\/07\/CUCHARAALBANILERIA.jpg\",\"contentUrl\":\"https:\/\/tienda.rigelec.com.ar\/wp-content\/uploads\/2025\/07\/CUCHARAALBANILERIA.jpg\",\"width\":2000,\"height\":2000},{\"@type\":\"BreadcrumbList\",\"@id\":\"https:\/\/tienda.rigelec.com.ar\/?product=cuchara-albanileria#breadcrumb\",\"itemListElement\":[{\"@type\":\"ListItem\",\"position\":1,\"name\":\"Inicio\",\"item\":\"https:\/\/tienda.rigelec.com.ar\/\"},{\"@type\":\"ListItem\",\"position\":2,\"name\":\"Shop\",\"item\":\"https:\/\/tienda.rigelec.com.ar\/?page_id=12\"},{\"@type\":\"ListItem\",\"position\":3,\"name\":\"CUCHARA ALBA\u00d1ILERIA JDBT8308 2000MM-8&#8243;\"}]},{\"@type\":\"WebSite\",\"@id\":\"https:\/\/tienda.rigelec.com.ar\/#website\",\"url\":\"https:\/\/tienda.rigelec.com.ar\/\",\"name\":\"Tienda Rigelec\",\"description\":\"Energia en movimiento\",\"publisher\":{\"@id\":\"https:\/\/tienda.rigelec.com.ar\/#organization\"},\"potentialAction\":[{\"@type\":\"SearchAction\",\"target\":{\"@type\":\"EntryPoint\",\"urlTemplate\":\"https:\/\/tienda.rigelec.com.ar\/?s={search_term_string}\"},\"query-input\":{\"@type\":\"PropertyValueSpecification\",\"valueRequired\":true,\"valueName\":\"search_term_string\"}}],\"inLanguage\":\"es-AR\"},{\"@type\":\"Organization\",\"@id\":\"https:\/\/tienda.rigelec.com.ar\/#organization\",\"name\":\"Tienda Rigelec\",\"url\":\"https:\/\/tienda.rigelec.com.ar\/\",\"logo\":{\"@type\":\"ImageObject\",\"inLanguage\":\"es-AR\",\"@id\":\"https:\/\/tienda.rigelec.com.ar\/#\/schema\/logo\/image\/\",\"url\":\"https:\/\/tienda.rigelec.com.ar\/wp-content\/uploads\/2024\/09\/isologo-blanco-rigelec.png\",\"contentUrl\":\"https:\/\/tienda.rigelec.com.ar\/wp-content\/uploads\/2024\/09\/isologo-blanco-rigelec.png\",\"width\":94,\"height\":97,\"caption\":\"Tienda Rigelec\"},\"image\":{\"@id\":\"https:\/\/tienda.rigelec.com.ar\/#\/schema\/logo\/image\/\"}}]}<\/script>\n<!-- \/ Yoast SEO plugin. -->","yoast_head_json":{"title":"CUCHARA ALBA\u00d1ILERIA JDBT8308 2000MM-8\" - Tienda Rigelec","description":"Tienda Rigelec CUCHARA ALBA\u00d1ILERIA JDBT8308 2000MM-8\" Tienda Rigelec CUCHARA ALBA\u00d1ILERIA JDBT8308 2000MM-8\" Tienda Rigelec","robots":{"index":"index","follow":"follow","max-snippet":"max-snippet:-1","max-image-preview":"max-image-preview:large","max-video-preview":"max-video-preview:-1"},"canonical":"https:\/\/tienda.rigelec.com.ar\/?product=cuchara-albanileria","og_locale":"es_ES","og_type":"article","og_title":"CUCHARA ALBA\u00d1ILERIA JDBT8308 2000MM-8\" - Tienda Rigelec","og_description":"Tienda Rigelec CUCHARA ALBA\u00d1ILERIA JDBT8308 2000MM-8\" Tienda Rigelec CUCHARA ALBA\u00d1ILERIA JDBT8308 2000MM-8\" Tienda Rigelec","og_url":"https:\/\/tienda.rigelec.com.ar\/?product=cuchara-albanileria","og_site_name":"Tienda Rigelec","article_modified_time":"2026-05-01T04:40:00+00:00","og_image":[{"width":2000,"height":2000,"url":"https:\/\/tienda.rigelec.com.ar\/wp-content\/uploads\/2025\/07\/CUCHARAALBANILERIA.jpg","type":"image\/jpeg"}],"twitter_card":"summary_large_image","twitter_misc":{"Tiempo de lectura":"1 minuto"},"schema":{"@context":"https:\/\/schema.org","@graph":[{"@type":"WebPage","@id":"https:\/\/tienda.rigelec.com.ar\/?product=cuchara-albanileria","url":"https:\/\/tienda.rigelec.com.ar\/?product=cuchara-albanileria","name":"CUCHARA ALBA\u00d1ILERIA JDBT8308 2000MM-8\" - Tienda Rigelec","isPartOf":{"@id":"https:\/\/tienda.rigelec.com.ar\/#website"},"primaryImageOfPage":{"@id":"https:\/\/tienda.rigelec.com.ar\/?product=cuchara-albanileria#primaryimage"},"image":{"@id":"https:\/\/tienda.rigelec.com.ar\/?product=cuchara-albanileria#primaryimage"},"thumbnailUrl":"https:\/\/tienda.rigelec.com.ar\/wp-content\/uploads\/2025\/07\/CUCHARAALBANILERIA.jpg","datePublished":"2025-07-29T21:20:11+00:00","dateModified":"2026-05-01T04:40:00+00:00","description":"Tienda Rigelec CUCHARA ALBA\u00d1ILERIA JDBT8308 2000MM-8\" Tienda Rigelec CUCHARA ALBA\u00d1ILERIA JDBT8308 2000MM-8\" Tienda Rigelec","breadcrumb":{"@id":"https:\/\/tienda.rigelec.com.ar\/?product=cuchara-albanileria#breadcrumb"},"inLanguage":"es-AR","potentialAction":[{"@type":"ReadAction","target":["https:\/\/tienda.rigelec.com.ar\/?product=cuchara-albanileria"]}]},{"@type":"ImageObject","inLanguage":"es-AR","@id":"https:\/\/tienda.rigelec.com.ar\/?product=cuchara-albanileria#primaryimage","url":"https:\/\/tienda.rigelec.com.ar\/wp-content\/uploads\/2025\/07\/CUCHARAALBANILERIA.jpg","contentUrl":"https:\/\/tienda.rigelec.com.ar\/wp-content\/uploads\/2025\/07\/CUCHARAALBANILERIA.jpg","width":2000,"height":2000},{"@type":"BreadcrumbList","@id":"https:\/\/tienda.rigelec.com.ar\/?product=cuchara-albanileria#breadcrumb","itemListElement":[{"@type":"ListItem","position":1,"name":"Inicio","item":"https:\/\/tienda.rigelec.com.ar\/"},{"@type":"ListItem","position":2,"name":"Shop","item":"https:\/\/tienda.rigelec.com.ar\/?page_id=12"},{"@type":"ListItem","position":3,"name":"CUCHARA ALBA\u00d1ILERIA JDBT8308 2000MM-8&#8243;"}]},{"@type":"WebSite","@id":"https:\/\/tienda.rigelec.com.ar\/#website","url":"https:\/\/tienda.rigelec.com.ar\/","name":"Tienda Rigelec","description":"Energia en movimiento","publisher":{"@id":"https:\/\/tienda.rigelec.com.ar\/#organization"},"potentialAction":[{"@type":"SearchAction","target":{"@type":"EntryPoint","urlTemplate":"https:\/\/tienda.rigelec.com.ar\/?s={search_term_string}"},"query-input":{"@type":"PropertyValueSpecification","valueRequired":true,"valueName":"search_term_string"}}],"inLanguage":"es-AR"},{"@type":"Organization","@id":"https:\/\/tienda.rigelec.com.ar\/#organization","name":"Tienda Rigelec","url":"https:\/\/tienda.rigelec.com.ar\/","logo":{"@type":"ImageObject","inLanguage":"es-AR","@id":"https:\/\/tienda.rigelec.com.ar\/#\/schema\/logo\/image\/","url":"https:\/\/tienda.rigelec.com.ar\/wp-content\/uploads\/2024\/09\/isologo-blanco-rigelec.png","contentUrl":"https:\/\/tienda.rigelec.com.ar\/wp-content\/uploads\/2024\/09\/isologo-blanco-rigelec.png","width":94,"height":97,"caption":"Tienda Rigelec"},"image":{"@id":"https:\/\/tienda.rigelec.com.ar\/#\/schema\/logo\/image\/"}}]}},"jetpack_sharing_enabled":true,"_links":{"self":[{"href":"https:\/\/tienda.rigelec.com.ar\/index.php?rest_route=\/wp\/v2\/product\/30781","targetHints":{"allow":["GET"]}}],"collection":[{"href":"https:\/\/tienda.rigelec.com.ar\/index.php?rest_route=\/wp\/v2\/product"}],"about":[{"href":"https:\/\/tienda.rigelec.com.ar\/index.php?rest_route=\/wp\/v2\/types\/product"}],"replies":[{"embeddable":true,"href":"https:\/\/tienda.rigelec.com.ar\/index.php?rest_route=%2Fwp%2Fv2%2Fcomments&post=30781"}],"wp:featuredmedia":[{"embeddable":true,"href":"https:\/\/tienda.rigelec.com.ar\/index.php?rest_route=\/wp\/v2\/media\/30782"}],"wp:attachment":[{"href":"https:\/\/tienda.rigelec.com.ar\/index.php?rest_route=%2Fwp%2Fv2%2Fmedia&parent=30781"}],"wp:term":[{"taxonomy":"product_brand","embeddable":true,"href":"https:\/\/tienda.rigelec.com.ar\/index.php?rest_route=%2Fwp%2Fv2%2Fproduct_brand&post=30781"},{"taxonomy":"product_cat","embeddable":true,"href":"https:\/\/tienda.rigelec.com.ar\/index.php?rest_route=%2Fwp%2Fv2%2Fproduct_cat&post=30781"},{"taxonomy":"product_tag","embeddable":true,"href":"https:\/\/tienda.rigelec.com.ar\/index.php?rest_route=%2Fwp%2Fv2%2Fproduct_tag&post=30781"}],"curies":[{"name":"wp","href":"https:\/\/api.w.org\/{rel}","templated":true}]}}