{"id":30797,"date":"2025-07-29T18:42:11","date_gmt":"2025-07-29T21:42:11","guid":{"rendered":"https:\/\/tienda.rigelec.com.ar\/?product=contactor-ac3-tesys-deca-3p-32a-220v-1na-1-nc"},"modified":"2026-05-03T22:06:53","modified_gmt":"2026-05-04T01:06:53","slug":"contactor-ac3-7","status":"publish","type":"product","link":"https:\/\/tienda.rigelec.com.ar\/?product=contactor-ac3-7","title":{"rendered":"CONTACTOR AC3 TESYS DECA 3P &#8211; 32A &#8211; 220V- 1NA + 1 NC"},"content":{"rendered":"<p>CONTACTOR AC3<\/p>\n<p data-start=\"150\" data-end=\"206\"><strong data-start=\"150\" data-end=\"204\">CONTACTOR AC3 TESYS DECA 3P \u2013 32A \u2013 220V \u2013 1NA+1NC<\/strong><\/p>\n<p data-start=\"208\" data-end=\"515\">El <strong data-start=\"211\" data-end=\"239\">Contactor TeSys Deca AC3<\/strong> de Schneider Electric es una soluci\u00f3n confiable y robusta para el <strong data-start=\"306\" data-end=\"339\">control de motores el\u00e9ctricos<\/strong> en aplicaciones industriales y comerciales. Est\u00e1 dise\u00f1ado con <strong data-start=\"402\" data-end=\"418\">3 polos (NO)<\/strong> y soporta hasta <strong data-start=\"435\" data-end=\"469\">32A \/ 690V AC-3\/3e (15kW\/400V)<\/strong>, garantizando alto rendimiento y seguridad.<\/p>\n<p data-start=\"517\" data-end=\"814\">Este modelo cuenta con <strong data-start=\"540\" data-end=\"569\">bobina de 220V AC 50\/60Hz<\/strong> y <strong data-start=\"572\" data-end=\"619\">contactos auxiliares incorporados 1NO + 1NC<\/strong>, certificados como <strong data-start=\"639\" data-end=\"652\">NC espejo<\/strong> para una operaci\u00f3n segura. La conexi\u00f3n se realiza mediante <strong data-start=\"712\" data-end=\"752\">terminales de abrazadera de tornillo<\/strong>, lo que facilita la instalaci\u00f3n y asegura un montaje firme.<\/p>\n<p data-start=\"816\" data-end=\"1011\">Su <strong data-start=\"819\" data-end=\"838\">dise\u00f1o compacto<\/strong> de 45 mm de ancho permite instalarlo en espacios reducidos. Ofrece <strong data-start=\"906\" data-end=\"925\">protecci\u00f3n IP20<\/strong> contra contactos directos y puede montarse en <strong data-start=\"972\" data-end=\"984\">riel DIN<\/strong> o fijarse con tornillos.<\/p>\n<p data-start=\"1013\" data-end=\"1206\">Este contactor est\u00e1 dise\u00f1ado para funcionar en ambientes de hasta <strong data-start=\"1079\" data-end=\"1087\">60\u00b0C<\/strong> y soportar un r\u00e9gimen de <strong data-start=\"1113\" data-end=\"1134\">3.600 ciclos\/hora<\/strong>, lo que asegura una larga vida \u00fatil incluso en condiciones exigentes.<\/p>\n<p data-start=\"1208\" data-end=\"1572\">Cuenta con <strong data-start=\"1219\" data-end=\"1250\">certificaci\u00f3n multiest\u00e1ndar<\/strong> (IEC, UL, CSA, CCC, EAC, Marine), lo que garantiza compatibilidad con diferentes normativas internacionales. Adem\u00e1s, pertenece a la l\u00ednea <strong data-start=\"1389\" data-end=\"1407\">Green Premium\u2122<\/strong>, que certifica el cumplimiento de las regulaciones m\u00e1s recientes, transparencia sobre el impacto ambiental, productos circulares y bajo nivel de emisiones de CO\u2082.<\/p>\n","protected":false},"excerpt":{"rendered":"<p>El contactor de la nueva generaci\u00f3n de la serie TeSys Deca ofrece una soluci\u00f3n confiable y robusta para acelerar el tiempo de llegada al mercado de las m\u00e1quinas. Este producto tiene 3 (NO) polos y est\u00e1 destinado para aplicaciones de control de motores hasta 32A\/690V AC-3\/3e (15kW\/400V). Dispone de bobina 220V AC 50\/60Hz con contactos auxiliares incorporados 1NO+1NC (certificados NC espejo) y conexi\u00f3n mediante terminales de abrazadera de tornillo. Este contactor garantiza sencillez y facilidad de instalaci\u00f3n, es muy resistente y compacto (45mm de ancho). Tiene un rango de operaci\u00f3n de 3.600 ciclos\/hora en ambientes de hasta 60\u00b0C, proporcionando alta confiabilidad y durabilidad. Adem\u00e1s, tiene protecci\u00f3n IP20 y montaje en riel DIN o fijaci\u00f3n por tornillos. Este producto tiene certificaci\u00f3n multiest\u00e1ndar (IEC, UL, CSA, CCC, EAC, Marine). Los contactores Tesys Deca cuentan con la etiqueta Green PremiumTM, la cual promete el cumplimiento de las reglamentaciones m\u00e1s recientes, transparencia sobre los impactos medioambientales, productos circulares y de bajo nivel de CO2.<\/p>\n","protected":false},"featured_media":30798,"comment_status":"open","ping_status":"closed","template":"","meta":{"_monsterinsights_skip_tracking":false,"_monsterinsights_sitenote_active":false,"_monsterinsights_sitenote_note":"","_monsterinsights_sitenote_category":0},"product_brand":[],"product_cat":[332],"product_tag":[450],"class_list":{"0":"post-30797","1":"product","2":"type-product","3":"status-publish","4":"has-post-thumbnail","6":"product_cat-a-contactores","7":"product_tag-schneider","9":"first","10":"instock","11":"shipping-taxable","12":"purchasable","13":"product-type-simple"},"yoast_head":"<!-- This site is optimized with the Yoast SEO plugin v25.3.1 - https:\/\/yoast.com\/wordpress\/plugins\/seo\/ -->\n<title>CONTACTOR AC3 TESYS DECA 3P - 32A - 220V- 1NA + 1 NC - Tienda Rigelec<\/title>\n<meta name=\"description\" content=\"CONTACTOR AC3 TESYS DECA 3P - 32A - 220V- 1NA + 1 NC Tienda Rigelec CONTACTOR AC3 Tienda Rigelec CONTACTOR AC3 TESYS DECA 3P - 32A - 220V- 1NA + 1 NC\" \/>\n<meta name=\"robots\" content=\"index, follow, max-snippet:-1, max-image-preview:large, max-video-preview:-1\" \/>\n<link rel=\"canonical\" href=\"https:\/\/tienda.rigelec.com.ar\/?product=contactor-ac3-7\" \/>\n<meta property=\"og:locale\" content=\"es_ES\" \/>\n<meta property=\"og:type\" content=\"article\" \/>\n<meta property=\"og:title\" content=\"CONTACTOR AC3 TESYS DECA 3P - 32A - 220V- 1NA + 1 NC - Tienda Rigelec\" \/>\n<meta property=\"og:description\" content=\"CONTACTOR AC3 TESYS DECA 3P - 32A - 220V- 1NA + 1 NC Tienda Rigelec CONTACTOR AC3 Tienda Rigelec CONTACTOR AC3 TESYS DECA 3P - 32A - 220V- 1NA + 1 NC\" \/>\n<meta property=\"og:url\" content=\"https:\/\/tienda.rigelec.com.ar\/?product=contactor-ac3-7\" \/>\n<meta property=\"og:site_name\" content=\"Tienda Rigelec\" \/>\n<meta property=\"article:modified_time\" content=\"2026-05-04T01:06:53+00:00\" \/>\n<meta property=\"og:image\" content=\"https:\/\/tienda.rigelec.com.ar\/wp-content\/uploads\/2025\/07\/CONTACTORAC3-1.jpg\" \/>\n\t<meta property=\"og:image:width\" content=\"1080\" \/>\n\t<meta property=\"og:image:height\" content=\"1080\" \/>\n\t<meta property=\"og:image:type\" content=\"image\/jpeg\" \/>\n<meta name=\"twitter:card\" content=\"summary_large_image\" \/>\n<meta name=\"twitter:label1\" content=\"Tiempo de lectura\" \/>\n\t<meta name=\"twitter:data1\" content=\"1 minuto\" \/>\n<script type=\"application\/ld+json\" class=\"yoast-schema-graph\">{\"@context\":\"https:\/\/schema.org\",\"@graph\":[{\"@type\":\"WebPage\",\"@id\":\"https:\/\/tienda.rigelec.com.ar\/?product=contactor-ac3-7\",\"url\":\"https:\/\/tienda.rigelec.com.ar\/?product=contactor-ac3-7\",\"name\":\"CONTACTOR AC3 TESYS DECA 3P - 32A - 220V- 1NA + 1 NC - Tienda Rigelec\",\"isPartOf\":{\"@id\":\"https:\/\/tienda.rigelec.com.ar\/#website\"},\"primaryImageOfPage\":{\"@id\":\"https:\/\/tienda.rigelec.com.ar\/?product=contactor-ac3-7#primaryimage\"},\"image\":{\"@id\":\"https:\/\/tienda.rigelec.com.ar\/?product=contactor-ac3-7#primaryimage\"},\"thumbnailUrl\":\"https:\/\/tienda.rigelec.com.ar\/wp-content\/uploads\/2025\/07\/CONTACTORAC3-1.jpg\",\"datePublished\":\"2025-07-29T21:42:11+00:00\",\"dateModified\":\"2026-05-04T01:06:53+00:00\",\"description\":\"CONTACTOR AC3 TESYS DECA 3P - 32A - 220V- 1NA + 1 NC Tienda Rigelec CONTACTOR AC3 Tienda Rigelec CONTACTOR AC3 TESYS DECA 3P - 32A - 220V- 1NA + 1 NC\",\"breadcrumb\":{\"@id\":\"https:\/\/tienda.rigelec.com.ar\/?product=contactor-ac3-7#breadcrumb\"},\"inLanguage\":\"es-AR\",\"potentialAction\":[{\"@type\":\"ReadAction\",\"target\":[\"https:\/\/tienda.rigelec.com.ar\/?product=contactor-ac3-7\"]}]},{\"@type\":\"ImageObject\",\"inLanguage\":\"es-AR\",\"@id\":\"https:\/\/tienda.rigelec.com.ar\/?product=contactor-ac3-7#primaryimage\",\"url\":\"https:\/\/tienda.rigelec.com.ar\/wp-content\/uploads\/2025\/07\/CONTACTORAC3-1.jpg\",\"contentUrl\":\"https:\/\/tienda.rigelec.com.ar\/wp-content\/uploads\/2025\/07\/CONTACTORAC3-1.jpg\",\"width\":1080,\"height\":1080},{\"@type\":\"BreadcrumbList\",\"@id\":\"https:\/\/tienda.rigelec.com.ar\/?product=contactor-ac3-7#breadcrumb\",\"itemListElement\":[{\"@type\":\"ListItem\",\"position\":1,\"name\":\"Inicio\",\"item\":\"https:\/\/tienda.rigelec.com.ar\/\"},{\"@type\":\"ListItem\",\"position\":2,\"name\":\"Shop\",\"item\":\"https:\/\/tienda.rigelec.com.ar\/?page_id=12\"},{\"@type\":\"ListItem\",\"position\":3,\"name\":\"CONTACTOR AC3 TESYS DECA 3P &#8211; 32A &#8211; 220V- 1NA + 1 NC\"}]},{\"@type\":\"WebSite\",\"@id\":\"https:\/\/tienda.rigelec.com.ar\/#website\",\"url\":\"https:\/\/tienda.rigelec.com.ar\/\",\"name\":\"Tienda Rigelec\",\"description\":\"Energia en movimiento\",\"publisher\":{\"@id\":\"https:\/\/tienda.rigelec.com.ar\/#organization\"},\"potentialAction\":[{\"@type\":\"SearchAction\",\"target\":{\"@type\":\"EntryPoint\",\"urlTemplate\":\"https:\/\/tienda.rigelec.com.ar\/?s={search_term_string}\"},\"query-input\":{\"@type\":\"PropertyValueSpecification\",\"valueRequired\":true,\"valueName\":\"search_term_string\"}}],\"inLanguage\":\"es-AR\"},{\"@type\":\"Organization\",\"@id\":\"https:\/\/tienda.rigelec.com.ar\/#organization\",\"name\":\"Tienda Rigelec\",\"url\":\"https:\/\/tienda.rigelec.com.ar\/\",\"logo\":{\"@type\":\"ImageObject\",\"inLanguage\":\"es-AR\",\"@id\":\"https:\/\/tienda.rigelec.com.ar\/#\/schema\/logo\/image\/\",\"url\":\"https:\/\/tienda.rigelec.com.ar\/wp-content\/uploads\/2024\/09\/isologo-blanco-rigelec.png\",\"contentUrl\":\"https:\/\/tienda.rigelec.com.ar\/wp-content\/uploads\/2024\/09\/isologo-blanco-rigelec.png\",\"width\":94,\"height\":97,\"caption\":\"Tienda Rigelec\"},\"image\":{\"@id\":\"https:\/\/tienda.rigelec.com.ar\/#\/schema\/logo\/image\/\"}}]}<\/script>\n<!-- \/ Yoast SEO plugin. -->","yoast_head_json":{"title":"CONTACTOR AC3 TESYS DECA 3P - 32A - 220V- 1NA + 1 NC - Tienda Rigelec","description":"CONTACTOR AC3 TESYS DECA 3P - 32A - 220V- 1NA + 1 NC Tienda Rigelec CONTACTOR AC3 Tienda Rigelec CONTACTOR AC3 TESYS DECA 3P - 32A - 220V- 1NA + 1 NC","robots":{"index":"index","follow":"follow","max-snippet":"max-snippet:-1","max-image-preview":"max-image-preview:large","max-video-preview":"max-video-preview:-1"},"canonical":"https:\/\/tienda.rigelec.com.ar\/?product=contactor-ac3-7","og_locale":"es_ES","og_type":"article","og_title":"CONTACTOR AC3 TESYS DECA 3P - 32A - 220V- 1NA + 1 NC - Tienda Rigelec","og_description":"CONTACTOR AC3 TESYS DECA 3P - 32A - 220V- 1NA + 1 NC Tienda Rigelec CONTACTOR AC3 Tienda Rigelec CONTACTOR AC3 TESYS DECA 3P - 32A - 220V- 1NA + 1 NC","og_url":"https:\/\/tienda.rigelec.com.ar\/?product=contactor-ac3-7","og_site_name":"Tienda Rigelec","article_modified_time":"2026-05-04T01:06:53+00:00","og_image":[{"width":1080,"height":1080,"url":"https:\/\/tienda.rigelec.com.ar\/wp-content\/uploads\/2025\/07\/CONTACTORAC3-1.jpg","type":"image\/jpeg"}],"twitter_card":"summary_large_image","twitter_misc":{"Tiempo de lectura":"1 minuto"},"schema":{"@context":"https:\/\/schema.org","@graph":[{"@type":"WebPage","@id":"https:\/\/tienda.rigelec.com.ar\/?product=contactor-ac3-7","url":"https:\/\/tienda.rigelec.com.ar\/?product=contactor-ac3-7","name":"CONTACTOR AC3 TESYS DECA 3P - 32A - 220V- 1NA + 1 NC - Tienda Rigelec","isPartOf":{"@id":"https:\/\/tienda.rigelec.com.ar\/#website"},"primaryImageOfPage":{"@id":"https:\/\/tienda.rigelec.com.ar\/?product=contactor-ac3-7#primaryimage"},"image":{"@id":"https:\/\/tienda.rigelec.com.ar\/?product=contactor-ac3-7#primaryimage"},"thumbnailUrl":"https:\/\/tienda.rigelec.com.ar\/wp-content\/uploads\/2025\/07\/CONTACTORAC3-1.jpg","datePublished":"2025-07-29T21:42:11+00:00","dateModified":"2026-05-04T01:06:53+00:00","description":"CONTACTOR AC3 TESYS DECA 3P - 32A - 220V- 1NA + 1 NC Tienda Rigelec CONTACTOR AC3 Tienda Rigelec CONTACTOR AC3 TESYS DECA 3P - 32A - 220V- 1NA + 1 NC","breadcrumb":{"@id":"https:\/\/tienda.rigelec.com.ar\/?product=contactor-ac3-7#breadcrumb"},"inLanguage":"es-AR","potentialAction":[{"@type":"ReadAction","target":["https:\/\/tienda.rigelec.com.ar\/?product=contactor-ac3-7"]}]},{"@type":"ImageObject","inLanguage":"es-AR","@id":"https:\/\/tienda.rigelec.com.ar\/?product=contactor-ac3-7#primaryimage","url":"https:\/\/tienda.rigelec.com.ar\/wp-content\/uploads\/2025\/07\/CONTACTORAC3-1.jpg","contentUrl":"https:\/\/tienda.rigelec.com.ar\/wp-content\/uploads\/2025\/07\/CONTACTORAC3-1.jpg","width":1080,"height":1080},{"@type":"BreadcrumbList","@id":"https:\/\/tienda.rigelec.com.ar\/?product=contactor-ac3-7#breadcrumb","itemListElement":[{"@type":"ListItem","position":1,"name":"Inicio","item":"https:\/\/tienda.rigelec.com.ar\/"},{"@type":"ListItem","position":2,"name":"Shop","item":"https:\/\/tienda.rigelec.com.ar\/?page_id=12"},{"@type":"ListItem","position":3,"name":"CONTACTOR AC3 TESYS DECA 3P &#8211; 32A &#8211; 220V- 1NA + 1 NC"}]},{"@type":"WebSite","@id":"https:\/\/tienda.rigelec.com.ar\/#website","url":"https:\/\/tienda.rigelec.com.ar\/","name":"Tienda Rigelec","description":"Energia en movimiento","publisher":{"@id":"https:\/\/tienda.rigelec.com.ar\/#organization"},"potentialAction":[{"@type":"SearchAction","target":{"@type":"EntryPoint","urlTemplate":"https:\/\/tienda.rigelec.com.ar\/?s={search_term_string}"},"query-input":{"@type":"PropertyValueSpecification","valueRequired":true,"valueName":"search_term_string"}}],"inLanguage":"es-AR"},{"@type":"Organization","@id":"https:\/\/tienda.rigelec.com.ar\/#organization","name":"Tienda Rigelec","url":"https:\/\/tienda.rigelec.com.ar\/","logo":{"@type":"ImageObject","inLanguage":"es-AR","@id":"https:\/\/tienda.rigelec.com.ar\/#\/schema\/logo\/image\/","url":"https:\/\/tienda.rigelec.com.ar\/wp-content\/uploads\/2024\/09\/isologo-blanco-rigelec.png","contentUrl":"https:\/\/tienda.rigelec.com.ar\/wp-content\/uploads\/2024\/09\/isologo-blanco-rigelec.png","width":94,"height":97,"caption":"Tienda Rigelec"},"image":{"@id":"https:\/\/tienda.rigelec.com.ar\/#\/schema\/logo\/image\/"}}]}},"jetpack_sharing_enabled":true,"_links":{"self":[{"href":"https:\/\/tienda.rigelec.com.ar\/index.php?rest_route=\/wp\/v2\/product\/30797","targetHints":{"allow":["GET"]}}],"collection":[{"href":"https:\/\/tienda.rigelec.com.ar\/index.php?rest_route=\/wp\/v2\/product"}],"about":[{"href":"https:\/\/tienda.rigelec.com.ar\/index.php?rest_route=\/wp\/v2\/types\/product"}],"replies":[{"embeddable":true,"href":"https:\/\/tienda.rigelec.com.ar\/index.php?rest_route=%2Fwp%2Fv2%2Fcomments&post=30797"}],"wp:featuredmedia":[{"embeddable":true,"href":"https:\/\/tienda.rigelec.com.ar\/index.php?rest_route=\/wp\/v2\/media\/30798"}],"wp:attachment":[{"href":"https:\/\/tienda.rigelec.com.ar\/index.php?rest_route=%2Fwp%2Fv2%2Fmedia&parent=30797"}],"wp:term":[{"taxonomy":"product_brand","embeddable":true,"href":"https:\/\/tienda.rigelec.com.ar\/index.php?rest_route=%2Fwp%2Fv2%2Fproduct_brand&post=30797"},{"taxonomy":"product_cat","embeddable":true,"href":"https:\/\/tienda.rigelec.com.ar\/index.php?rest_route=%2Fwp%2Fv2%2Fproduct_cat&post=30797"},{"taxonomy":"product_tag","embeddable":true,"href":"https:\/\/tienda.rigelec.com.ar\/index.php?rest_route=%2Fwp%2Fv2%2Fproduct_tag&post=30797"}],"curies":[{"name":"wp","href":"https:\/\/api.w.org\/{rel}","templated":true}]}}