{"id":30799,"date":"2025-07-29T18:42:13","date_gmt":"2025-07-29T21:42:13","guid":{"rendered":"https:\/\/tienda.rigelec.com.ar\/?product=termica-4x100a-curva-tipo-c-acti9-10ka-400v"},"modified":"2026-05-03T08:33:01","modified_gmt":"2026-05-03T11:33:01","slug":"termica-4x100a","status":"publish","type":"product","link":"https:\/\/tienda.rigelec.com.ar\/?product=termica-4x100a","title":{"rendered":"TERMICA 4X100A CURVA TIPO C ACTI9 10KA &#8211; 400V"},"content":{"rendered":"<p>TERMICA 4X100A CURVA TIPO C<\/p>\n<p data-start=\"175\" data-end=\"234\"><strong data-start=\"175\" data-end=\"232\">T\u00c9RMICA 4X100A CURVA TIPO C ACTI9 C120N \u2013 10KA \u2013 400V<\/strong><\/p>\n<p data-start=\"236\" data-end=\"430\">El <strong data-start=\"239\" data-end=\"281\">interruptor termomagn\u00e9tico Acti9 C120N<\/strong> de Schneider Electric est\u00e1 dise\u00f1ado para <strong data-start=\"323\" data-end=\"371\">proteger contra sobrecargas y cortocircuitos<\/strong> en instalaciones industriales, comerciales y terciarias.<\/p>\n<p data-start=\"432\" data-end=\"604\">Este modelo cuenta con <strong data-start=\"455\" data-end=\"466\">4 polos<\/strong>, capacidad de <strong data-start=\"481\" data-end=\"489\">100A<\/strong>, curva de disparo <strong data-start=\"508\" data-end=\"518\">tipo C<\/strong> y un poder de corte de <strong data-start=\"542\" data-end=\"550\">10kA<\/strong> a 230\/400V CA 50\/60 Hz (IEC 60898-1 \/ IEC 60947-2).<\/p>\n<p data-start=\"606\" data-end=\"903\">Ofrece <strong data-start=\"613\" data-end=\"632\">protecci\u00f3n IP20<\/strong> y montaje sencillo en <strong data-start=\"655\" data-end=\"667\">riel DIN<\/strong>. Su rango de operaci\u00f3n va desde <strong data-start=\"700\" data-end=\"720\">-25\u00b0C hasta 70\u00b0C<\/strong>, lo que lo hace apto para entornos exigentes. Adem\u00e1s, cuenta con <strong data-start=\"786\" data-end=\"811\">clase de limitaci\u00f3n 3<\/strong>, mejorando la protecci\u00f3n del circuito aguas abajo y reduciendo el costo de mantenimiento.<\/p>\n<p data-start=\"905\" data-end=\"1173\">El <strong data-start=\"908\" data-end=\"923\">Acti9 C120N<\/strong> cumple con normas <strong data-start=\"942\" data-end=\"977\">IEC 60898-1, IEC 60947-2 e IRAM<\/strong>, garantizando calidad y certificaci\u00f3n internacional. Posee <strong data-start=\"1037\" data-end=\"1084\">resistencia el\u00e9ctrica de hasta 5.000 ciclos<\/strong> y <strong data-start=\"1087\" data-end=\"1134\">resistencia mec\u00e1nica de hasta 20.000 ciclos<\/strong>, lo que asegura una larga vida \u00fatil.<\/p>\n<p data-start=\"1175\" data-end=\"1340\">Este modelo pertenece a la l\u00ednea <strong data-start=\"1208\" data-end=\"1226\">Green Premium\u2122<\/strong>, que asegura cumplimiento normativo, transparencia ambiental, dise\u00f1o circular y bajo nivel de emisiones de CO\u2082.<\/p>\n","protected":false},"excerpt":{"rendered":"<p>El interruptor termomagn\u00e9tico Acti9 C120N de baja tension de Schneider Electric garantiza la protecci\u00f3n contra sobrecargas y cortocircuitos en todos los edificios industriales y terciarios Este producto tiene 1 polo, capacidad de 80A, curva de disparo tipo B y poder de corte de 10kA 230 a 400V CA 50\/60Hz (IEC 60898 \/ IEC 60947-2) Esta interruptor termomagn\u00e9tico est\u00e1 dise\u00f1ado para ofrecer un alto nivel de rendimiento industrial Cuenta con protecci\u00f3n IP20 y se puede montar en riel DIN Adem\u00e1s, tiene un amplio rango de operaci\u00f3n, actuando en temperaturas desde -25\u00b0C hasta 70\u00b0C El producto cumple con la norma IEC 60898-1, 60947-2 e IRAM Los interruptores termomagn\u00e9ticos Acti9 C120N cuentan con la etiqueta Green PremiumTM, la cual promete el cumplimiento de las reglamentaciones m\u00e1s recientes, transparencia sobre los impactos medioambientales, productos circulares y de bajo nivel de CO15 Tiene una resistencia el\u00e9ctrica de hasta 5 ciclos y una resistencia mec\u00e1nica de hasta 2 ciclos. El voltaje de funcionamiento del Ue va de 38VAC a 415VAC. La tensi\u00f3n de aislamiento nominal Ui es de 5 VCA. Su clase de limitaci\u00f3n 3 (de acuerdo con EN\/IEC6898-1) mejora el costo de protecci\u00f3n del circuito aguas abajo. El producto puede engancharse en un carril DIN. Su ancho es de 12 pasos de 9mm. El grado de contaminaci\u00f3n es 3. La categor\u00eda de sobretensi\u00f3n es IV. El color del producto es blanco (RAL93). Las dimensiones son (An.) 18 mm x (Alt.) 81 mm x (Prof.) 73 mm. El peso es de ,82 kg. Dispone de un grado de protecci\u00f3n IP2 (seg\u00fan IEC\/EN 6529) en sus terminales. La temperatura de funcionamiento es de -25\u00b0C a 7\u00b0C. La temperatura de almacenamiento es de -4\u00b0C a 85\u00b0C.<\/p>\n","protected":false},"featured_media":30800,"comment_status":"open","ping_status":"closed","template":"","meta":{"_monsterinsights_skip_tracking":false,"_monsterinsights_sitenote_active":false,"_monsterinsights_sitenote_note":"","_monsterinsights_sitenote_category":0},"product_brand":[],"product_cat":[265],"product_tag":[450],"class_list":{"0":"post-30799","1":"product","2":"type-product","3":"status-publish","4":"has-post-thumbnail","6":"product_cat-a-termomagneticos","7":"product_tag-schneider","9":"first","10":"outofstock","11":"shipping-taxable","12":"purchasable","13":"product-type-simple"},"yoast_head":"<!-- This site is optimized with the Yoast SEO plugin v25.3.1 - https:\/\/yoast.com\/wordpress\/plugins\/seo\/ -->\n<title>TERMICA 4X100A CURVA TIPO C ACTI9 10KA - 400V - Tienda Rigelec<\/title>\n<meta name=\"description\" content=\"TERMICA 4X100A CURVA TIPO C ACTI9 10KA - 400V TERMICA 4X100A CURVA TIPO C ACTI9 10KA - 400V Tienda Rigelec TERMICA 4X100A CURVA TIPO C ACTI9 10KA - 400V\" \/>\n<meta name=\"robots\" content=\"index, follow, max-snippet:-1, max-image-preview:large, max-video-preview:-1\" \/>\n<link rel=\"canonical\" href=\"https:\/\/tienda.rigelec.com.ar\/?product=termica-4x100a\" \/>\n<meta property=\"og:locale\" content=\"es_ES\" \/>\n<meta property=\"og:type\" content=\"article\" \/>\n<meta property=\"og:title\" content=\"TERMICA 4X100A CURVA TIPO C ACTI9 10KA - 400V - Tienda Rigelec\" \/>\n<meta property=\"og:description\" content=\"TERMICA 4X100A CURVA TIPO C ACTI9 10KA - 400V TERMICA 4X100A CURVA TIPO C ACTI9 10KA - 400V Tienda Rigelec TERMICA 4X100A CURVA TIPO C ACTI9 10KA - 400V\" \/>\n<meta property=\"og:url\" content=\"https:\/\/tienda.rigelec.com.ar\/?product=termica-4x100a\" \/>\n<meta property=\"og:site_name\" content=\"Tienda Rigelec\" \/>\n<meta property=\"article:modified_time\" content=\"2026-05-03T11:33:01+00:00\" \/>\n<meta property=\"og:image\" content=\"https:\/\/tienda.rigelec.com.ar\/wp-content\/uploads\/2025\/07\/TERMICA4X100ACURVATIPOC.jpg\" \/>\n\t<meta property=\"og:image:width\" content=\"1080\" \/>\n\t<meta property=\"og:image:height\" content=\"1080\" \/>\n\t<meta property=\"og:image:type\" content=\"image\/jpeg\" \/>\n<meta name=\"twitter:card\" content=\"summary_large_image\" \/>\n<meta name=\"twitter:label1\" content=\"Tiempo de lectura\" \/>\n\t<meta name=\"twitter:data1\" content=\"1 minuto\" \/>\n<script type=\"application\/ld+json\" class=\"yoast-schema-graph\">{\"@context\":\"https:\/\/schema.org\",\"@graph\":[{\"@type\":\"WebPage\",\"@id\":\"https:\/\/tienda.rigelec.com.ar\/?product=termica-4x100a\",\"url\":\"https:\/\/tienda.rigelec.com.ar\/?product=termica-4x100a\",\"name\":\"TERMICA 4X100A CURVA TIPO C ACTI9 10KA - 400V - Tienda Rigelec\",\"isPartOf\":{\"@id\":\"https:\/\/tienda.rigelec.com.ar\/#website\"},\"primaryImageOfPage\":{\"@id\":\"https:\/\/tienda.rigelec.com.ar\/?product=termica-4x100a#primaryimage\"},\"image\":{\"@id\":\"https:\/\/tienda.rigelec.com.ar\/?product=termica-4x100a#primaryimage\"},\"thumbnailUrl\":\"https:\/\/tienda.rigelec.com.ar\/wp-content\/uploads\/2025\/07\/TERMICA4X100ACURVATIPOC.jpg\",\"datePublished\":\"2025-07-29T21:42:13+00:00\",\"dateModified\":\"2026-05-03T11:33:01+00:00\",\"description\":\"TERMICA 4X100A CURVA TIPO C ACTI9 10KA - 400V TERMICA 4X100A CURVA TIPO C ACTI9 10KA - 400V Tienda Rigelec TERMICA 4X100A CURVA TIPO C ACTI9 10KA - 400V\",\"breadcrumb\":{\"@id\":\"https:\/\/tienda.rigelec.com.ar\/?product=termica-4x100a#breadcrumb\"},\"inLanguage\":\"es-AR\",\"potentialAction\":[{\"@type\":\"ReadAction\",\"target\":[\"https:\/\/tienda.rigelec.com.ar\/?product=termica-4x100a\"]}]},{\"@type\":\"ImageObject\",\"inLanguage\":\"es-AR\",\"@id\":\"https:\/\/tienda.rigelec.com.ar\/?product=termica-4x100a#primaryimage\",\"url\":\"https:\/\/tienda.rigelec.com.ar\/wp-content\/uploads\/2025\/07\/TERMICA4X100ACURVATIPOC.jpg\",\"contentUrl\":\"https:\/\/tienda.rigelec.com.ar\/wp-content\/uploads\/2025\/07\/TERMICA4X100ACURVATIPOC.jpg\",\"width\":1080,\"height\":1080},{\"@type\":\"BreadcrumbList\",\"@id\":\"https:\/\/tienda.rigelec.com.ar\/?product=termica-4x100a#breadcrumb\",\"itemListElement\":[{\"@type\":\"ListItem\",\"position\":1,\"name\":\"Inicio\",\"item\":\"https:\/\/tienda.rigelec.com.ar\/\"},{\"@type\":\"ListItem\",\"position\":2,\"name\":\"Shop\",\"item\":\"https:\/\/tienda.rigelec.com.ar\/?page_id=12\"},{\"@type\":\"ListItem\",\"position\":3,\"name\":\"TERMICA 4X100A CURVA TIPO C ACTI9 10KA &#8211; 400V\"}]},{\"@type\":\"WebSite\",\"@id\":\"https:\/\/tienda.rigelec.com.ar\/#website\",\"url\":\"https:\/\/tienda.rigelec.com.ar\/\",\"name\":\"Tienda Rigelec\",\"description\":\"Energia en movimiento\",\"publisher\":{\"@id\":\"https:\/\/tienda.rigelec.com.ar\/#organization\"},\"potentialAction\":[{\"@type\":\"SearchAction\",\"target\":{\"@type\":\"EntryPoint\",\"urlTemplate\":\"https:\/\/tienda.rigelec.com.ar\/?s={search_term_string}\"},\"query-input\":{\"@type\":\"PropertyValueSpecification\",\"valueRequired\":true,\"valueName\":\"search_term_string\"}}],\"inLanguage\":\"es-AR\"},{\"@type\":\"Organization\",\"@id\":\"https:\/\/tienda.rigelec.com.ar\/#organization\",\"name\":\"Tienda Rigelec\",\"url\":\"https:\/\/tienda.rigelec.com.ar\/\",\"logo\":{\"@type\":\"ImageObject\",\"inLanguage\":\"es-AR\",\"@id\":\"https:\/\/tienda.rigelec.com.ar\/#\/schema\/logo\/image\/\",\"url\":\"https:\/\/tienda.rigelec.com.ar\/wp-content\/uploads\/2024\/09\/isologo-blanco-rigelec.png\",\"contentUrl\":\"https:\/\/tienda.rigelec.com.ar\/wp-content\/uploads\/2024\/09\/isologo-blanco-rigelec.png\",\"width\":94,\"height\":97,\"caption\":\"Tienda Rigelec\"},\"image\":{\"@id\":\"https:\/\/tienda.rigelec.com.ar\/#\/schema\/logo\/image\/\"}}]}<\/script>\n<!-- \/ Yoast SEO plugin. -->","yoast_head_json":{"title":"TERMICA 4X100A CURVA TIPO C ACTI9 10KA - 400V - Tienda Rigelec","description":"TERMICA 4X100A CURVA TIPO C ACTI9 10KA - 400V TERMICA 4X100A CURVA TIPO C ACTI9 10KA - 400V Tienda Rigelec TERMICA 4X100A CURVA TIPO C ACTI9 10KA - 400V","robots":{"index":"index","follow":"follow","max-snippet":"max-snippet:-1","max-image-preview":"max-image-preview:large","max-video-preview":"max-video-preview:-1"},"canonical":"https:\/\/tienda.rigelec.com.ar\/?product=termica-4x100a","og_locale":"es_ES","og_type":"article","og_title":"TERMICA 4X100A CURVA TIPO C ACTI9 10KA - 400V - Tienda Rigelec","og_description":"TERMICA 4X100A CURVA TIPO C ACTI9 10KA - 400V TERMICA 4X100A CURVA TIPO C ACTI9 10KA - 400V Tienda Rigelec TERMICA 4X100A CURVA TIPO C ACTI9 10KA - 400V","og_url":"https:\/\/tienda.rigelec.com.ar\/?product=termica-4x100a","og_site_name":"Tienda Rigelec","article_modified_time":"2026-05-03T11:33:01+00:00","og_image":[{"width":1080,"height":1080,"url":"https:\/\/tienda.rigelec.com.ar\/wp-content\/uploads\/2025\/07\/TERMICA4X100ACURVATIPOC.jpg","type":"image\/jpeg"}],"twitter_card":"summary_large_image","twitter_misc":{"Tiempo de lectura":"1 minuto"},"schema":{"@context":"https:\/\/schema.org","@graph":[{"@type":"WebPage","@id":"https:\/\/tienda.rigelec.com.ar\/?product=termica-4x100a","url":"https:\/\/tienda.rigelec.com.ar\/?product=termica-4x100a","name":"TERMICA 4X100A CURVA TIPO C ACTI9 10KA - 400V - Tienda Rigelec","isPartOf":{"@id":"https:\/\/tienda.rigelec.com.ar\/#website"},"primaryImageOfPage":{"@id":"https:\/\/tienda.rigelec.com.ar\/?product=termica-4x100a#primaryimage"},"image":{"@id":"https:\/\/tienda.rigelec.com.ar\/?product=termica-4x100a#primaryimage"},"thumbnailUrl":"https:\/\/tienda.rigelec.com.ar\/wp-content\/uploads\/2025\/07\/TERMICA4X100ACURVATIPOC.jpg","datePublished":"2025-07-29T21:42:13+00:00","dateModified":"2026-05-03T11:33:01+00:00","description":"TERMICA 4X100A CURVA TIPO C ACTI9 10KA - 400V TERMICA 4X100A CURVA TIPO C ACTI9 10KA - 400V Tienda Rigelec TERMICA 4X100A CURVA TIPO C ACTI9 10KA - 400V","breadcrumb":{"@id":"https:\/\/tienda.rigelec.com.ar\/?product=termica-4x100a#breadcrumb"},"inLanguage":"es-AR","potentialAction":[{"@type":"ReadAction","target":["https:\/\/tienda.rigelec.com.ar\/?product=termica-4x100a"]}]},{"@type":"ImageObject","inLanguage":"es-AR","@id":"https:\/\/tienda.rigelec.com.ar\/?product=termica-4x100a#primaryimage","url":"https:\/\/tienda.rigelec.com.ar\/wp-content\/uploads\/2025\/07\/TERMICA4X100ACURVATIPOC.jpg","contentUrl":"https:\/\/tienda.rigelec.com.ar\/wp-content\/uploads\/2025\/07\/TERMICA4X100ACURVATIPOC.jpg","width":1080,"height":1080},{"@type":"BreadcrumbList","@id":"https:\/\/tienda.rigelec.com.ar\/?product=termica-4x100a#breadcrumb","itemListElement":[{"@type":"ListItem","position":1,"name":"Inicio","item":"https:\/\/tienda.rigelec.com.ar\/"},{"@type":"ListItem","position":2,"name":"Shop","item":"https:\/\/tienda.rigelec.com.ar\/?page_id=12"},{"@type":"ListItem","position":3,"name":"TERMICA 4X100A CURVA TIPO C ACTI9 10KA &#8211; 400V"}]},{"@type":"WebSite","@id":"https:\/\/tienda.rigelec.com.ar\/#website","url":"https:\/\/tienda.rigelec.com.ar\/","name":"Tienda Rigelec","description":"Energia en movimiento","publisher":{"@id":"https:\/\/tienda.rigelec.com.ar\/#organization"},"potentialAction":[{"@type":"SearchAction","target":{"@type":"EntryPoint","urlTemplate":"https:\/\/tienda.rigelec.com.ar\/?s={search_term_string}"},"query-input":{"@type":"PropertyValueSpecification","valueRequired":true,"valueName":"search_term_string"}}],"inLanguage":"es-AR"},{"@type":"Organization","@id":"https:\/\/tienda.rigelec.com.ar\/#organization","name":"Tienda Rigelec","url":"https:\/\/tienda.rigelec.com.ar\/","logo":{"@type":"ImageObject","inLanguage":"es-AR","@id":"https:\/\/tienda.rigelec.com.ar\/#\/schema\/logo\/image\/","url":"https:\/\/tienda.rigelec.com.ar\/wp-content\/uploads\/2024\/09\/isologo-blanco-rigelec.png","contentUrl":"https:\/\/tienda.rigelec.com.ar\/wp-content\/uploads\/2024\/09\/isologo-blanco-rigelec.png","width":94,"height":97,"caption":"Tienda Rigelec"},"image":{"@id":"https:\/\/tienda.rigelec.com.ar\/#\/schema\/logo\/image\/"}}]}},"jetpack_sharing_enabled":true,"_links":{"self":[{"href":"https:\/\/tienda.rigelec.com.ar\/index.php?rest_route=\/wp\/v2\/product\/30799","targetHints":{"allow":["GET"]}}],"collection":[{"href":"https:\/\/tienda.rigelec.com.ar\/index.php?rest_route=\/wp\/v2\/product"}],"about":[{"href":"https:\/\/tienda.rigelec.com.ar\/index.php?rest_route=\/wp\/v2\/types\/product"}],"replies":[{"embeddable":true,"href":"https:\/\/tienda.rigelec.com.ar\/index.php?rest_route=%2Fwp%2Fv2%2Fcomments&post=30799"}],"wp:featuredmedia":[{"embeddable":true,"href":"https:\/\/tienda.rigelec.com.ar\/index.php?rest_route=\/wp\/v2\/media\/30800"}],"wp:attachment":[{"href":"https:\/\/tienda.rigelec.com.ar\/index.php?rest_route=%2Fwp%2Fv2%2Fmedia&parent=30799"}],"wp:term":[{"taxonomy":"product_brand","embeddable":true,"href":"https:\/\/tienda.rigelec.com.ar\/index.php?rest_route=%2Fwp%2Fv2%2Fproduct_brand&post=30799"},{"taxonomy":"product_cat","embeddable":true,"href":"https:\/\/tienda.rigelec.com.ar\/index.php?rest_route=%2Fwp%2Fv2%2Fproduct_cat&post=30799"},{"taxonomy":"product_tag","embeddable":true,"href":"https:\/\/tienda.rigelec.com.ar\/index.php?rest_route=%2Fwp%2Fv2%2Fproduct_tag&post=30799"}],"curies":[{"name":"wp","href":"https:\/\/api.w.org\/{rel}","templated":true}]}}