{"id":30801,"date":"2025-07-29T18:42:14","date_gmt":"2025-07-29T21:42:14","guid":{"rendered":"https:\/\/tienda.rigelec.com.ar\/?product=termica-4x50a-curva-tipo-c-acti9-10ka-400v"},"modified":"2026-05-01T02:12:29","modified_gmt":"2026-05-01T05:12:29","slug":"termica-4x50a","status":"publish","type":"product","link":"https:\/\/tienda.rigelec.com.ar\/?product=termica-4x50a","title":{"rendered":"TERMICA 4X50A CURVA TIPO C ACTI9 10KA &#8211; 400V"},"content":{"rendered":"<p>TERMICA 4X50A CURVA TIPO C<\/p>\n<p data-start=\"203\" data-end=\"255\"><strong data-start=\"203\" data-end=\"253\">T\u00c9RMICA 4X50A CURVA TIPO C ACTI9 \u2013 10KA \u2013 400V<\/strong><\/p>\n<p data-start=\"257\" data-end=\"451\">El <strong data-start=\"260\" data-end=\"302\">interruptor termomagn\u00e9tico Acti9 iC60N<\/strong> de Schneider Electric es ideal para la <strong data-start=\"342\" data-end=\"392\">protecci\u00f3n contra sobrecargas y cortocircuitos<\/strong> en instalaciones industriales, comerciales y terciarias.<\/p>\n<p data-start=\"453\" data-end=\"606\">Este modelo cuenta con <strong data-start=\"476\" data-end=\"487\">4 polos<\/strong>, capacidad de <strong data-start=\"502\" data-end=\"509\">50A<\/strong>, curva de disparo <strong data-start=\"528\" data-end=\"538\">tipo C<\/strong> y un poder de corte de <strong data-start=\"562\" data-end=\"570\">10kA<\/strong> a 400V CA 50\/60 Hz (IEC 60947-2).<\/p>\n<p data-start=\"608\" data-end=\"838\">Dispone de <strong data-start=\"619\" data-end=\"644\">clase de limitaci\u00f3n 3<\/strong>, polos interclavados y <strong data-start=\"668\" data-end=\"711\">bornes de conexi\u00f3n antierror y aislados<\/strong>, garantizando seguridad y evitando errores de instalaci\u00f3n. Ofrece <strong data-start=\"778\" data-end=\"797\">protecci\u00f3n IP20<\/strong> y se monta f\u00e1cilmente en <strong data-start=\"823\" data-end=\"835\">riel DIN<\/strong>.<\/p>\n<p data-start=\"840\" data-end=\"1078\">Su <strong data-start=\"843\" data-end=\"867\">aislamiento clase II<\/strong> en cajas de distribuci\u00f3n duplica la distancia m\u00ednima exigida por la normativa, aumentando la seguridad el\u00e9ctrica. Opera en temperaturas de <strong data-start=\"1007\" data-end=\"1023\">-35\u00b0C a 70\u00b0C<\/strong> y tambi\u00e9n puede emplearse en <strong data-start=\"1053\" data-end=\"1075\">corriente continua<\/strong>.<\/p>\n<p data-start=\"1080\" data-end=\"1326\">Es completamente compatible con la gama de <strong data-start=\"1123\" data-end=\"1155\">protecci\u00f3n diferencial Acti9<\/strong> y con los <strong data-start=\"1166\" data-end=\"1207\">interruptores autom\u00e1ticos Compact NSX<\/strong>. Cumple con las normas <strong data-start=\"1231\" data-end=\"1266\">IEC 60898-1, IEC 60947-2 e IRAM<\/strong>, lo que asegura su calidad y certificaci\u00f3n internacional.<\/p>\n<p data-start=\"1328\" data-end=\"1491\">Adem\u00e1s, pertenece a la l\u00ednea <strong data-start=\"1357\" data-end=\"1375\">Green Premium\u2122<\/strong>, que garantiza cumplimiento normativo, transparencia ambiental, dise\u00f1o circular y bajo nivel de emisiones de CO\u2082.<\/p>\n","protected":false},"excerpt":{"rendered":"<p>El interruptor termomagn\u00e9tico Acti9 iC60N de Schneider Electric es la nueva referencia en el campo de la distribuci\u00f3n terminal en baja tensi\u00f3n para la protecci\u00f3n contra sobrecargas y cortocircuitos en todos los edificios industriales y terciarios Este producto tiene 1 polo, capacidad de 1A, curva de disparo tipo B y poder de corte de 6kA 230V CA 50\/60 Hz (IEC 60898-1) o 10kA 230V CA 50\/60 Hz (IEC 60947-2) El interruptor termomagn\u00e9tico cuenta con clase de limitacion 3, polos interclavados y borne de conexion antierror y aislado Adem\u00e1s, tiene protecci\u00f3n IP20 y se puede montar en riel DIN Su aislamiento clase II en cajas de distribuci\u00f3n garantiza que la distancia entre el interruptor y los componentes internos del aparato es el doble al requerido por la normativa aplicable, proporcionando m\u00e1xima protecci\u00f3n Cuenta tambi\u00e9n con un amplio rango de operaci\u00f3n, actuando en temperaturas desde -35\u00b0C hasta 70\u00b0C Puede tambi\u00e9n ser empleado en aplicaciones de corriente continua Esta llave t\u00e9rmica tiene coordinaci\u00f3n total con la gama de protecci\u00f3n diferencial Acti9 y con los interruptores autom\u00e1ticos Compact NSX El producto cumple con la norma IEC 60898-1, 60947-2 e IRAM Las llaves t\u00e9rmicas Acti9 iC60N cuentan con la etiqueta Green PremiumTM, la cual promete el cumplimiento de las reglamentaciones m\u00e1s recientes, transparencia sobre los impactos medioambientales, productos circulares y de bajo nivel de CO107 Su clase de limitaci\u00f3n 3 (de acuerdo con EN\/IEC6898-1) mejora el coste de la protecci\u00f3n del circuito aguas abajo. El producto se puede encliquetar en un riel DIN. Su ancho es de 8 partes de 9 mm. El grado de contaminaci\u00f3n es 3. La categor\u00eda de sobretensi\u00f3n es IV. El color del producto es el blanco (RAL93). Las dimensiones son (An.) 72 x (Alt.) 85 x (Prof.) 78,5 mm. El peso es de ,5 kg. De acuerdo con la norma IEC 6529, el grado de protecci\u00f3n es IP2 y IP4 en carcasa. La temperatura de funcionamiento es de -35 \u00b0C a 7 \u00b0C. La temperatura de almacenamiento es de -4 \u00b0C a 85 \u00b0C.<\/p>\n","protected":false},"featured_media":30802,"comment_status":"open","ping_status":"closed","template":"","meta":{"_monsterinsights_skip_tracking":false,"_monsterinsights_sitenote_active":false,"_monsterinsights_sitenote_note":"","_monsterinsights_sitenote_category":0},"product_brand":[],"product_cat":[265],"product_tag":[450],"class_list":{"0":"post-30801","1":"product","2":"type-product","3":"status-publish","4":"has-post-thumbnail","6":"product_cat-a-termomagneticos","7":"product_tag-schneider","9":"first","10":"outofstock","11":"shipping-taxable","12":"purchasable","13":"product-type-simple"},"yoast_head":"<!-- This site is optimized with the Yoast SEO plugin v25.3.1 - https:\/\/yoast.com\/wordpress\/plugins\/seo\/ -->\n<title>TERMICA 4X50A CURVA TIPO C ACTI9 10KA - 400V - Tienda Rigelec<\/title>\n<meta name=\"description\" content=\"TERMICA 4X50A CURVA TIPO C ACTI9 10KA - 400V Tienda Rigelec TERMICA 4X50A CURVA TIPO C ACTI9 10KA - 400V TERMICA 4X50A Tienda Rigelec\" \/>\n<meta name=\"robots\" content=\"index, follow, max-snippet:-1, max-image-preview:large, max-video-preview:-1\" \/>\n<link rel=\"canonical\" href=\"https:\/\/tienda.rigelec.com.ar\/?product=termica-4x50a\" \/>\n<meta property=\"og:locale\" content=\"es_ES\" \/>\n<meta property=\"og:type\" content=\"article\" \/>\n<meta property=\"og:title\" content=\"TERMICA 4X50A CURVA TIPO C ACTI9 10KA - 400V - Tienda Rigelec\" \/>\n<meta property=\"og:description\" content=\"TERMICA 4X50A CURVA TIPO C ACTI9 10KA - 400V Tienda Rigelec TERMICA 4X50A CURVA TIPO C ACTI9 10KA - 400V TERMICA 4X50A Tienda Rigelec\" \/>\n<meta property=\"og:url\" content=\"https:\/\/tienda.rigelec.com.ar\/?product=termica-4x50a\" \/>\n<meta property=\"og:site_name\" content=\"Tienda Rigelec\" \/>\n<meta property=\"article:modified_time\" content=\"2026-05-01T05:12:29+00:00\" \/>\n<meta property=\"og:image\" content=\"https:\/\/tienda.rigelec.com.ar\/wp-content\/uploads\/2025\/07\/TERMICA4X50ACURVATIPOC.jpg\" \/>\n\t<meta property=\"og:image:width\" content=\"2000\" \/>\n\t<meta property=\"og:image:height\" content=\"2000\" \/>\n\t<meta property=\"og:image:type\" content=\"image\/jpeg\" \/>\n<meta name=\"twitter:card\" content=\"summary_large_image\" \/>\n<meta name=\"twitter:label1\" content=\"Tiempo de lectura\" \/>\n\t<meta name=\"twitter:data1\" content=\"2 minutos\" \/>\n<script type=\"application\/ld+json\" class=\"yoast-schema-graph\">{\"@context\":\"https:\/\/schema.org\",\"@graph\":[{\"@type\":\"WebPage\",\"@id\":\"https:\/\/tienda.rigelec.com.ar\/?product=termica-4x50a\",\"url\":\"https:\/\/tienda.rigelec.com.ar\/?product=termica-4x50a\",\"name\":\"TERMICA 4X50A CURVA TIPO C ACTI9 10KA - 400V - Tienda Rigelec\",\"isPartOf\":{\"@id\":\"https:\/\/tienda.rigelec.com.ar\/#website\"},\"primaryImageOfPage\":{\"@id\":\"https:\/\/tienda.rigelec.com.ar\/?product=termica-4x50a#primaryimage\"},\"image\":{\"@id\":\"https:\/\/tienda.rigelec.com.ar\/?product=termica-4x50a#primaryimage\"},\"thumbnailUrl\":\"https:\/\/tienda.rigelec.com.ar\/wp-content\/uploads\/2025\/07\/TERMICA4X50ACURVATIPOC.jpg\",\"datePublished\":\"2025-07-29T21:42:14+00:00\",\"dateModified\":\"2026-05-01T05:12:29+00:00\",\"description\":\"TERMICA 4X50A CURVA TIPO C ACTI9 10KA - 400V Tienda Rigelec TERMICA 4X50A CURVA TIPO C ACTI9 10KA - 400V TERMICA 4X50A Tienda Rigelec\",\"breadcrumb\":{\"@id\":\"https:\/\/tienda.rigelec.com.ar\/?product=termica-4x50a#breadcrumb\"},\"inLanguage\":\"es-AR\",\"potentialAction\":[{\"@type\":\"ReadAction\",\"target\":[\"https:\/\/tienda.rigelec.com.ar\/?product=termica-4x50a\"]}]},{\"@type\":\"ImageObject\",\"inLanguage\":\"es-AR\",\"@id\":\"https:\/\/tienda.rigelec.com.ar\/?product=termica-4x50a#primaryimage\",\"url\":\"https:\/\/tienda.rigelec.com.ar\/wp-content\/uploads\/2025\/07\/TERMICA4X50ACURVATIPOC.jpg\",\"contentUrl\":\"https:\/\/tienda.rigelec.com.ar\/wp-content\/uploads\/2025\/07\/TERMICA4X50ACURVATIPOC.jpg\",\"width\":2000,\"height\":2000},{\"@type\":\"BreadcrumbList\",\"@id\":\"https:\/\/tienda.rigelec.com.ar\/?product=termica-4x50a#breadcrumb\",\"itemListElement\":[{\"@type\":\"ListItem\",\"position\":1,\"name\":\"Inicio\",\"item\":\"https:\/\/tienda.rigelec.com.ar\/\"},{\"@type\":\"ListItem\",\"position\":2,\"name\":\"Shop\",\"item\":\"https:\/\/tienda.rigelec.com.ar\/?page_id=12\"},{\"@type\":\"ListItem\",\"position\":3,\"name\":\"TERMICA 4X50A CURVA TIPO C ACTI9 10KA &#8211; 400V\"}]},{\"@type\":\"WebSite\",\"@id\":\"https:\/\/tienda.rigelec.com.ar\/#website\",\"url\":\"https:\/\/tienda.rigelec.com.ar\/\",\"name\":\"Tienda Rigelec\",\"description\":\"Energia en movimiento\",\"publisher\":{\"@id\":\"https:\/\/tienda.rigelec.com.ar\/#organization\"},\"potentialAction\":[{\"@type\":\"SearchAction\",\"target\":{\"@type\":\"EntryPoint\",\"urlTemplate\":\"https:\/\/tienda.rigelec.com.ar\/?s={search_term_string}\"},\"query-input\":{\"@type\":\"PropertyValueSpecification\",\"valueRequired\":true,\"valueName\":\"search_term_string\"}}],\"inLanguage\":\"es-AR\"},{\"@type\":\"Organization\",\"@id\":\"https:\/\/tienda.rigelec.com.ar\/#organization\",\"name\":\"Tienda Rigelec\",\"url\":\"https:\/\/tienda.rigelec.com.ar\/\",\"logo\":{\"@type\":\"ImageObject\",\"inLanguage\":\"es-AR\",\"@id\":\"https:\/\/tienda.rigelec.com.ar\/#\/schema\/logo\/image\/\",\"url\":\"https:\/\/tienda.rigelec.com.ar\/wp-content\/uploads\/2024\/09\/isologo-blanco-rigelec.png\",\"contentUrl\":\"https:\/\/tienda.rigelec.com.ar\/wp-content\/uploads\/2024\/09\/isologo-blanco-rigelec.png\",\"width\":94,\"height\":97,\"caption\":\"Tienda Rigelec\"},\"image\":{\"@id\":\"https:\/\/tienda.rigelec.com.ar\/#\/schema\/logo\/image\/\"}}]}<\/script>\n<!-- \/ Yoast SEO plugin. -->","yoast_head_json":{"title":"TERMICA 4X50A CURVA TIPO C ACTI9 10KA - 400V - Tienda Rigelec","description":"TERMICA 4X50A CURVA TIPO C ACTI9 10KA - 400V Tienda Rigelec TERMICA 4X50A CURVA TIPO C ACTI9 10KA - 400V TERMICA 4X50A Tienda Rigelec","robots":{"index":"index","follow":"follow","max-snippet":"max-snippet:-1","max-image-preview":"max-image-preview:large","max-video-preview":"max-video-preview:-1"},"canonical":"https:\/\/tienda.rigelec.com.ar\/?product=termica-4x50a","og_locale":"es_ES","og_type":"article","og_title":"TERMICA 4X50A CURVA TIPO C ACTI9 10KA - 400V - Tienda Rigelec","og_description":"TERMICA 4X50A CURVA TIPO C ACTI9 10KA - 400V Tienda Rigelec TERMICA 4X50A CURVA TIPO C ACTI9 10KA - 400V TERMICA 4X50A Tienda Rigelec","og_url":"https:\/\/tienda.rigelec.com.ar\/?product=termica-4x50a","og_site_name":"Tienda Rigelec","article_modified_time":"2026-05-01T05:12:29+00:00","og_image":[{"width":2000,"height":2000,"url":"https:\/\/tienda.rigelec.com.ar\/wp-content\/uploads\/2025\/07\/TERMICA4X50ACURVATIPOC.jpg","type":"image\/jpeg"}],"twitter_card":"summary_large_image","twitter_misc":{"Tiempo de lectura":"2 minutos"},"schema":{"@context":"https:\/\/schema.org","@graph":[{"@type":"WebPage","@id":"https:\/\/tienda.rigelec.com.ar\/?product=termica-4x50a","url":"https:\/\/tienda.rigelec.com.ar\/?product=termica-4x50a","name":"TERMICA 4X50A CURVA TIPO C ACTI9 10KA - 400V - Tienda Rigelec","isPartOf":{"@id":"https:\/\/tienda.rigelec.com.ar\/#website"},"primaryImageOfPage":{"@id":"https:\/\/tienda.rigelec.com.ar\/?product=termica-4x50a#primaryimage"},"image":{"@id":"https:\/\/tienda.rigelec.com.ar\/?product=termica-4x50a#primaryimage"},"thumbnailUrl":"https:\/\/tienda.rigelec.com.ar\/wp-content\/uploads\/2025\/07\/TERMICA4X50ACURVATIPOC.jpg","datePublished":"2025-07-29T21:42:14+00:00","dateModified":"2026-05-01T05:12:29+00:00","description":"TERMICA 4X50A CURVA TIPO C ACTI9 10KA - 400V Tienda Rigelec TERMICA 4X50A CURVA TIPO C ACTI9 10KA - 400V TERMICA 4X50A Tienda Rigelec","breadcrumb":{"@id":"https:\/\/tienda.rigelec.com.ar\/?product=termica-4x50a#breadcrumb"},"inLanguage":"es-AR","potentialAction":[{"@type":"ReadAction","target":["https:\/\/tienda.rigelec.com.ar\/?product=termica-4x50a"]}]},{"@type":"ImageObject","inLanguage":"es-AR","@id":"https:\/\/tienda.rigelec.com.ar\/?product=termica-4x50a#primaryimage","url":"https:\/\/tienda.rigelec.com.ar\/wp-content\/uploads\/2025\/07\/TERMICA4X50ACURVATIPOC.jpg","contentUrl":"https:\/\/tienda.rigelec.com.ar\/wp-content\/uploads\/2025\/07\/TERMICA4X50ACURVATIPOC.jpg","width":2000,"height":2000},{"@type":"BreadcrumbList","@id":"https:\/\/tienda.rigelec.com.ar\/?product=termica-4x50a#breadcrumb","itemListElement":[{"@type":"ListItem","position":1,"name":"Inicio","item":"https:\/\/tienda.rigelec.com.ar\/"},{"@type":"ListItem","position":2,"name":"Shop","item":"https:\/\/tienda.rigelec.com.ar\/?page_id=12"},{"@type":"ListItem","position":3,"name":"TERMICA 4X50A CURVA TIPO C ACTI9 10KA &#8211; 400V"}]},{"@type":"WebSite","@id":"https:\/\/tienda.rigelec.com.ar\/#website","url":"https:\/\/tienda.rigelec.com.ar\/","name":"Tienda Rigelec","description":"Energia en movimiento","publisher":{"@id":"https:\/\/tienda.rigelec.com.ar\/#organization"},"potentialAction":[{"@type":"SearchAction","target":{"@type":"EntryPoint","urlTemplate":"https:\/\/tienda.rigelec.com.ar\/?s={search_term_string}"},"query-input":{"@type":"PropertyValueSpecification","valueRequired":true,"valueName":"search_term_string"}}],"inLanguage":"es-AR"},{"@type":"Organization","@id":"https:\/\/tienda.rigelec.com.ar\/#organization","name":"Tienda Rigelec","url":"https:\/\/tienda.rigelec.com.ar\/","logo":{"@type":"ImageObject","inLanguage":"es-AR","@id":"https:\/\/tienda.rigelec.com.ar\/#\/schema\/logo\/image\/","url":"https:\/\/tienda.rigelec.com.ar\/wp-content\/uploads\/2024\/09\/isologo-blanco-rigelec.png","contentUrl":"https:\/\/tienda.rigelec.com.ar\/wp-content\/uploads\/2024\/09\/isologo-blanco-rigelec.png","width":94,"height":97,"caption":"Tienda Rigelec"},"image":{"@id":"https:\/\/tienda.rigelec.com.ar\/#\/schema\/logo\/image\/"}}]}},"jetpack_sharing_enabled":true,"_links":{"self":[{"href":"https:\/\/tienda.rigelec.com.ar\/index.php?rest_route=\/wp\/v2\/product\/30801","targetHints":{"allow":["GET"]}}],"collection":[{"href":"https:\/\/tienda.rigelec.com.ar\/index.php?rest_route=\/wp\/v2\/product"}],"about":[{"href":"https:\/\/tienda.rigelec.com.ar\/index.php?rest_route=\/wp\/v2\/types\/product"}],"replies":[{"embeddable":true,"href":"https:\/\/tienda.rigelec.com.ar\/index.php?rest_route=%2Fwp%2Fv2%2Fcomments&post=30801"}],"wp:featuredmedia":[{"embeddable":true,"href":"https:\/\/tienda.rigelec.com.ar\/index.php?rest_route=\/wp\/v2\/media\/30802"}],"wp:attachment":[{"href":"https:\/\/tienda.rigelec.com.ar\/index.php?rest_route=%2Fwp%2Fv2%2Fmedia&parent=30801"}],"wp:term":[{"taxonomy":"product_brand","embeddable":true,"href":"https:\/\/tienda.rigelec.com.ar\/index.php?rest_route=%2Fwp%2Fv2%2Fproduct_brand&post=30801"},{"taxonomy":"product_cat","embeddable":true,"href":"https:\/\/tienda.rigelec.com.ar\/index.php?rest_route=%2Fwp%2Fv2%2Fproduct_cat&post=30801"},{"taxonomy":"product_tag","embeddable":true,"href":"https:\/\/tienda.rigelec.com.ar\/index.php?rest_route=%2Fwp%2Fv2%2Fproduct_tag&post=30801"}],"curies":[{"name":"wp","href":"https:\/\/api.w.org\/{rel}","templated":true}]}}