{"id":30854,"date":"2025-07-30T15:35:08","date_gmt":"2025-07-30T18:35:08","guid":{"rendered":"https:\/\/tienda.rigelec.com.ar\/?product=escalera-6-escalones-aluminio-1220mm-120kg"},"modified":"2026-05-01T02:03:50","modified_gmt":"2026-05-01T05:03:50","slug":"escalera-6-escalones","status":"publish","type":"product","link":"https:\/\/tienda.rigelec.com.ar\/?product=escalera-6-escalones","title":{"rendered":"ESCALERA 6 ESCALONES ALUMINIO 1220MM &#8211; 120KG"},"content":{"rendered":"<p>ESCALERA 6 ESCALONES<\/p>\n<p data-start=\"129\" data-end=\"209\"><strong data-start=\"129\" data-end=\"209\">Escalera de aluminio con 6 escalones \u2013 Plataforma de acero y dise\u00f1o plegable<\/strong><\/p>\n<p data-start=\"211\" data-end=\"448\">Segura, liviana y funcional, esta escalera de 6 pasos es la aliada ideal para tareas en altura, tanto en el hogar como en entornos laborales. Fabricada con estructura mixta de aluminio y acero, combina resistencia con f\u00e1cil manipulaci\u00f3n.<\/p>\n<p data-start=\"450\" data-end=\"646\">La plataforma superior de acero ofrece una base firme de trabajo, mientras que sus patas antideslizantes garantizan estabilidad. El dise\u00f1o plegable permite transportarla y guardarla con comodidad.<\/p>\n<p data-start=\"648\" data-end=\"677\"><strong data-start=\"648\" data-end=\"677\">Caracter\u00edsticas t\u00e9cnicas:<\/strong><\/p>\n<ul data-start=\"678\" data-end=\"1003\">\n<li data-start=\"678\" data-end=\"724\">\n<p data-start=\"680\" data-end=\"724\">Material: Aluminio con plataforma de acero<\/p>\n<\/li>\n<li data-start=\"725\" data-end=\"753\">\n<p data-start=\"727\" data-end=\"753\">Cantidad de escalones: 6<\/p>\n<\/li>\n<li data-start=\"754\" data-end=\"791\">\n<p data-start=\"756\" data-end=\"791\">Distancia entre escalones: 220 mm<\/p>\n<\/li>\n<li data-start=\"792\" data-end=\"830\">\n<p data-start=\"794\" data-end=\"830\">Altura del \u00faltimo escal\u00f3n: 1220 mm<\/p>\n<\/li>\n<li data-start=\"831\" data-end=\"881\">\n<p data-start=\"833\" data-end=\"881\">Altura del asa desde el \u00faltimo escal\u00f3n: 500 mm<\/p>\n<\/li>\n<li data-start=\"882\" data-end=\"907\">\n<p data-start=\"884\" data-end=\"907\">Peso aproximado: 4 kg<\/p>\n<\/li>\n<li data-start=\"908\" data-end=\"947\">\n<p data-start=\"910\" data-end=\"947\">Capacidad de carga: 120 kg (264 lb)<\/p>\n<\/li>\n<li data-start=\"948\" data-end=\"1003\">\n<p data-start=\"950\" data-end=\"1003\">Presentaci\u00f3n: Embalada por encogimiento (shrink wrap)<\/p>\n<\/li>\n<\/ul>\n<p data-start=\"1005\" data-end=\"1135\"><strong data-start=\"1005\" data-end=\"1027\">Usos recomendados:<\/strong> Tareas de mantenimiento, instalaciones el\u00e9ctricas, limpieza, pintura, dep\u00f3sitos, uso comercial o dom\u00e9stico.<\/p>\n","protected":false},"excerpt":{"rendered":"<p>Material: aluminio y acero<br \/>\nPasos: 6 pasos<br \/>\nDistancia entre dos escalones: 220mm<br \/>\nDistancia entre el escal\u00f3n superior yel asa: 500 mm<br \/>\nDistancia desde el suelo hasta el escal\u00f3n superior: 1220 mm<br \/>\nPlataforma superior de acero<br \/>\nPeso aproximado: 4kg<br \/>\nM\u00e1x. carga: 120 kg (264 libras)<br \/>\nEmbalado por encogimiento<\/p>\n","protected":false},"featured_media":30855,"comment_status":"open","ping_status":"closed","template":"","meta":{"_monsterinsights_skip_tracking":false,"_monsterinsights_sitenote_active":false,"_monsterinsights_sitenote_note":"","_monsterinsights_sitenote_category":0},"product_brand":[],"product_cat":[153],"product_tag":[452],"class_list":{"0":"post-30854","1":"product","2":"type-product","3":"status-publish","4":"has-post-thumbnail","6":"product_cat-a-herramientas","7":"product_tag-jadever","9":"first","10":"outofstock","11":"shipping-taxable","12":"purchasable","13":"product-type-simple"},"yoast_head":"<!-- This site is optimized with the Yoast SEO plugin v25.3.1 - https:\/\/yoast.com\/wordpress\/plugins\/seo\/ -->\n<title>ESCALERA 6 ESCALONES ALUMINIO 1220MM - 120KG - Tienda Rigelec<\/title>\n<meta name=\"description\" content=\"ESCALERA 6 ESCALONES ALUMINIO 1220MM - 120KG Tienda Rigelec ESCALERA 6 ESCALONES ALUMINIO 1220MM - 120KG ESCALERA 6 ESCALONES\" \/>\n<meta name=\"robots\" content=\"index, follow, max-snippet:-1, max-image-preview:large, max-video-preview:-1\" \/>\n<link rel=\"canonical\" href=\"https:\/\/tienda.rigelec.com.ar\/?product=escalera-6-escalones\" \/>\n<meta property=\"og:locale\" content=\"es_ES\" \/>\n<meta property=\"og:type\" content=\"article\" \/>\n<meta property=\"og:title\" content=\"ESCALERA 6 ESCALONES ALUMINIO 1220MM - 120KG - Tienda Rigelec\" \/>\n<meta property=\"og:description\" content=\"ESCALERA 6 ESCALONES ALUMINIO 1220MM - 120KG Tienda Rigelec ESCALERA 6 ESCALONES ALUMINIO 1220MM - 120KG ESCALERA 6 ESCALONES\" \/>\n<meta property=\"og:url\" content=\"https:\/\/tienda.rigelec.com.ar\/?product=escalera-6-escalones\" \/>\n<meta property=\"og:site_name\" content=\"Tienda Rigelec\" \/>\n<meta property=\"article:modified_time\" content=\"2026-05-01T05:03:50+00:00\" \/>\n<meta property=\"og:image\" content=\"https:\/\/tienda.rigelec.com.ar\/wp-content\/uploads\/2025\/07\/ESCALERA6ESCALONES.jpg\" \/>\n\t<meta property=\"og:image:width\" content=\"2000\" \/>\n\t<meta property=\"og:image:height\" content=\"2000\" \/>\n\t<meta property=\"og:image:type\" content=\"image\/jpeg\" \/>\n<meta name=\"twitter:card\" content=\"summary_large_image\" \/>\n<meta name=\"twitter:label1\" content=\"Tiempo de lectura\" \/>\n\t<meta name=\"twitter:data1\" content=\"1 minuto\" \/>\n<script type=\"application\/ld+json\" class=\"yoast-schema-graph\">{\"@context\":\"https:\/\/schema.org\",\"@graph\":[{\"@type\":\"WebPage\",\"@id\":\"https:\/\/tienda.rigelec.com.ar\/?product=escalera-6-escalones\",\"url\":\"https:\/\/tienda.rigelec.com.ar\/?product=escalera-6-escalones\",\"name\":\"ESCALERA 6 ESCALONES ALUMINIO 1220MM - 120KG - Tienda Rigelec\",\"isPartOf\":{\"@id\":\"https:\/\/tienda.rigelec.com.ar\/#website\"},\"primaryImageOfPage\":{\"@id\":\"https:\/\/tienda.rigelec.com.ar\/?product=escalera-6-escalones#primaryimage\"},\"image\":{\"@id\":\"https:\/\/tienda.rigelec.com.ar\/?product=escalera-6-escalones#primaryimage\"},\"thumbnailUrl\":\"https:\/\/tienda.rigelec.com.ar\/wp-content\/uploads\/2025\/07\/ESCALERA6ESCALONES.jpg\",\"datePublished\":\"2025-07-30T18:35:08+00:00\",\"dateModified\":\"2026-05-01T05:03:50+00:00\",\"description\":\"ESCALERA 6 ESCALONES ALUMINIO 1220MM - 120KG Tienda Rigelec ESCALERA 6 ESCALONES ALUMINIO 1220MM - 120KG ESCALERA 6 ESCALONES\",\"breadcrumb\":{\"@id\":\"https:\/\/tienda.rigelec.com.ar\/?product=escalera-6-escalones#breadcrumb\"},\"inLanguage\":\"es-AR\",\"potentialAction\":[{\"@type\":\"ReadAction\",\"target\":[\"https:\/\/tienda.rigelec.com.ar\/?product=escalera-6-escalones\"]}]},{\"@type\":\"ImageObject\",\"inLanguage\":\"es-AR\",\"@id\":\"https:\/\/tienda.rigelec.com.ar\/?product=escalera-6-escalones#primaryimage\",\"url\":\"https:\/\/tienda.rigelec.com.ar\/wp-content\/uploads\/2025\/07\/ESCALERA6ESCALONES.jpg\",\"contentUrl\":\"https:\/\/tienda.rigelec.com.ar\/wp-content\/uploads\/2025\/07\/ESCALERA6ESCALONES.jpg\",\"width\":2000,\"height\":2000},{\"@type\":\"BreadcrumbList\",\"@id\":\"https:\/\/tienda.rigelec.com.ar\/?product=escalera-6-escalones#breadcrumb\",\"itemListElement\":[{\"@type\":\"ListItem\",\"position\":1,\"name\":\"Inicio\",\"item\":\"https:\/\/tienda.rigelec.com.ar\/\"},{\"@type\":\"ListItem\",\"position\":2,\"name\":\"Shop\",\"item\":\"https:\/\/tienda.rigelec.com.ar\/?page_id=12\"},{\"@type\":\"ListItem\",\"position\":3,\"name\":\"ESCALERA 6 ESCALONES ALUMINIO 1220MM &#8211; 120KG\"}]},{\"@type\":\"WebSite\",\"@id\":\"https:\/\/tienda.rigelec.com.ar\/#website\",\"url\":\"https:\/\/tienda.rigelec.com.ar\/\",\"name\":\"Tienda Rigelec\",\"description\":\"Energia en movimiento\",\"publisher\":{\"@id\":\"https:\/\/tienda.rigelec.com.ar\/#organization\"},\"potentialAction\":[{\"@type\":\"SearchAction\",\"target\":{\"@type\":\"EntryPoint\",\"urlTemplate\":\"https:\/\/tienda.rigelec.com.ar\/?s={search_term_string}\"},\"query-input\":{\"@type\":\"PropertyValueSpecification\",\"valueRequired\":true,\"valueName\":\"search_term_string\"}}],\"inLanguage\":\"es-AR\"},{\"@type\":\"Organization\",\"@id\":\"https:\/\/tienda.rigelec.com.ar\/#organization\",\"name\":\"Tienda Rigelec\",\"url\":\"https:\/\/tienda.rigelec.com.ar\/\",\"logo\":{\"@type\":\"ImageObject\",\"inLanguage\":\"es-AR\",\"@id\":\"https:\/\/tienda.rigelec.com.ar\/#\/schema\/logo\/image\/\",\"url\":\"https:\/\/tienda.rigelec.com.ar\/wp-content\/uploads\/2024\/09\/isologo-blanco-rigelec.png\",\"contentUrl\":\"https:\/\/tienda.rigelec.com.ar\/wp-content\/uploads\/2024\/09\/isologo-blanco-rigelec.png\",\"width\":94,\"height\":97,\"caption\":\"Tienda Rigelec\"},\"image\":{\"@id\":\"https:\/\/tienda.rigelec.com.ar\/#\/schema\/logo\/image\/\"}}]}<\/script>\n<!-- \/ Yoast SEO plugin. -->","yoast_head_json":{"title":"ESCALERA 6 ESCALONES ALUMINIO 1220MM - 120KG - Tienda Rigelec","description":"ESCALERA 6 ESCALONES ALUMINIO 1220MM - 120KG Tienda Rigelec ESCALERA 6 ESCALONES ALUMINIO 1220MM - 120KG ESCALERA 6 ESCALONES","robots":{"index":"index","follow":"follow","max-snippet":"max-snippet:-1","max-image-preview":"max-image-preview:large","max-video-preview":"max-video-preview:-1"},"canonical":"https:\/\/tienda.rigelec.com.ar\/?product=escalera-6-escalones","og_locale":"es_ES","og_type":"article","og_title":"ESCALERA 6 ESCALONES ALUMINIO 1220MM - 120KG - Tienda Rigelec","og_description":"ESCALERA 6 ESCALONES ALUMINIO 1220MM - 120KG Tienda Rigelec ESCALERA 6 ESCALONES ALUMINIO 1220MM - 120KG ESCALERA 6 ESCALONES","og_url":"https:\/\/tienda.rigelec.com.ar\/?product=escalera-6-escalones","og_site_name":"Tienda Rigelec","article_modified_time":"2026-05-01T05:03:50+00:00","og_image":[{"width":2000,"height":2000,"url":"https:\/\/tienda.rigelec.com.ar\/wp-content\/uploads\/2025\/07\/ESCALERA6ESCALONES.jpg","type":"image\/jpeg"}],"twitter_card":"summary_large_image","twitter_misc":{"Tiempo de lectura":"1 minuto"},"schema":{"@context":"https:\/\/schema.org","@graph":[{"@type":"WebPage","@id":"https:\/\/tienda.rigelec.com.ar\/?product=escalera-6-escalones","url":"https:\/\/tienda.rigelec.com.ar\/?product=escalera-6-escalones","name":"ESCALERA 6 ESCALONES ALUMINIO 1220MM - 120KG - Tienda Rigelec","isPartOf":{"@id":"https:\/\/tienda.rigelec.com.ar\/#website"},"primaryImageOfPage":{"@id":"https:\/\/tienda.rigelec.com.ar\/?product=escalera-6-escalones#primaryimage"},"image":{"@id":"https:\/\/tienda.rigelec.com.ar\/?product=escalera-6-escalones#primaryimage"},"thumbnailUrl":"https:\/\/tienda.rigelec.com.ar\/wp-content\/uploads\/2025\/07\/ESCALERA6ESCALONES.jpg","datePublished":"2025-07-30T18:35:08+00:00","dateModified":"2026-05-01T05:03:50+00:00","description":"ESCALERA 6 ESCALONES ALUMINIO 1220MM - 120KG Tienda Rigelec ESCALERA 6 ESCALONES ALUMINIO 1220MM - 120KG ESCALERA 6 ESCALONES","breadcrumb":{"@id":"https:\/\/tienda.rigelec.com.ar\/?product=escalera-6-escalones#breadcrumb"},"inLanguage":"es-AR","potentialAction":[{"@type":"ReadAction","target":["https:\/\/tienda.rigelec.com.ar\/?product=escalera-6-escalones"]}]},{"@type":"ImageObject","inLanguage":"es-AR","@id":"https:\/\/tienda.rigelec.com.ar\/?product=escalera-6-escalones#primaryimage","url":"https:\/\/tienda.rigelec.com.ar\/wp-content\/uploads\/2025\/07\/ESCALERA6ESCALONES.jpg","contentUrl":"https:\/\/tienda.rigelec.com.ar\/wp-content\/uploads\/2025\/07\/ESCALERA6ESCALONES.jpg","width":2000,"height":2000},{"@type":"BreadcrumbList","@id":"https:\/\/tienda.rigelec.com.ar\/?product=escalera-6-escalones#breadcrumb","itemListElement":[{"@type":"ListItem","position":1,"name":"Inicio","item":"https:\/\/tienda.rigelec.com.ar\/"},{"@type":"ListItem","position":2,"name":"Shop","item":"https:\/\/tienda.rigelec.com.ar\/?page_id=12"},{"@type":"ListItem","position":3,"name":"ESCALERA 6 ESCALONES ALUMINIO 1220MM &#8211; 120KG"}]},{"@type":"WebSite","@id":"https:\/\/tienda.rigelec.com.ar\/#website","url":"https:\/\/tienda.rigelec.com.ar\/","name":"Tienda Rigelec","description":"Energia en movimiento","publisher":{"@id":"https:\/\/tienda.rigelec.com.ar\/#organization"},"potentialAction":[{"@type":"SearchAction","target":{"@type":"EntryPoint","urlTemplate":"https:\/\/tienda.rigelec.com.ar\/?s={search_term_string}"},"query-input":{"@type":"PropertyValueSpecification","valueRequired":true,"valueName":"search_term_string"}}],"inLanguage":"es-AR"},{"@type":"Organization","@id":"https:\/\/tienda.rigelec.com.ar\/#organization","name":"Tienda Rigelec","url":"https:\/\/tienda.rigelec.com.ar\/","logo":{"@type":"ImageObject","inLanguage":"es-AR","@id":"https:\/\/tienda.rigelec.com.ar\/#\/schema\/logo\/image\/","url":"https:\/\/tienda.rigelec.com.ar\/wp-content\/uploads\/2024\/09\/isologo-blanco-rigelec.png","contentUrl":"https:\/\/tienda.rigelec.com.ar\/wp-content\/uploads\/2024\/09\/isologo-blanco-rigelec.png","width":94,"height":97,"caption":"Tienda Rigelec"},"image":{"@id":"https:\/\/tienda.rigelec.com.ar\/#\/schema\/logo\/image\/"}}]}},"jetpack_sharing_enabled":true,"_links":{"self":[{"href":"https:\/\/tienda.rigelec.com.ar\/index.php?rest_route=\/wp\/v2\/product\/30854","targetHints":{"allow":["GET"]}}],"collection":[{"href":"https:\/\/tienda.rigelec.com.ar\/index.php?rest_route=\/wp\/v2\/product"}],"about":[{"href":"https:\/\/tienda.rigelec.com.ar\/index.php?rest_route=\/wp\/v2\/types\/product"}],"replies":[{"embeddable":true,"href":"https:\/\/tienda.rigelec.com.ar\/index.php?rest_route=%2Fwp%2Fv2%2Fcomments&post=30854"}],"wp:featuredmedia":[{"embeddable":true,"href":"https:\/\/tienda.rigelec.com.ar\/index.php?rest_route=\/wp\/v2\/media\/30855"}],"wp:attachment":[{"href":"https:\/\/tienda.rigelec.com.ar\/index.php?rest_route=%2Fwp%2Fv2%2Fmedia&parent=30854"}],"wp:term":[{"taxonomy":"product_brand","embeddable":true,"href":"https:\/\/tienda.rigelec.com.ar\/index.php?rest_route=%2Fwp%2Fv2%2Fproduct_brand&post=30854"},{"taxonomy":"product_cat","embeddable":true,"href":"https:\/\/tienda.rigelec.com.ar\/index.php?rest_route=%2Fwp%2Fv2%2Fproduct_cat&post=30854"},{"taxonomy":"product_tag","embeddable":true,"href":"https:\/\/tienda.rigelec.com.ar\/index.php?rest_route=%2Fwp%2Fv2%2Fproduct_tag&post=30854"}],"curies":[{"name":"wp","href":"https:\/\/api.w.org\/{rel}","templated":true}]}}