{"id":30866,"date":"2025-07-30T15:35:52","date_gmt":"2025-07-30T18:35:52","guid":{"rendered":"https:\/\/tienda.rigelec.com.ar\/?product=escalera-de-trabajo-71-escalones-aluminio-2056mm-150kg"},"modified":"2026-05-01T02:04:53","modified_gmt":"2026-05-01T05:04:53","slug":"escalera-de-trabajo-71-escalones","status":"publish","type":"product","link":"https:\/\/tienda.rigelec.com.ar\/?product=escalera-de-trabajo-71-escalones","title":{"rendered":"ESCALERA DE TRABAJO 7+1 ESCALONES ALUMINIO 2056MM &#8211; 150KG"},"content":{"rendered":"<p>ESCALERA DE TRABAJO 7+1 ESCALONES<\/p>\n<h3 data-start=\"261\" data-end=\"350\"><strong data-start=\"265\" data-end=\"350\">Escalera de trabajo de aluminio 7+1 escalones \u2013 Altura 2056 mm \u2013 Capacidad 150 kg<\/strong><\/h3>\n<p data-start=\"352\" data-end=\"612\">La escalera de trabajo de aluminio 7+1 es una opci\u00f3n profesional, robusta y liviana para quienes necesitan alcanzar alturas elevadas con total seguridad. Fabricada \u00edntegramente en aluminio, permite una manipulaci\u00f3n \u00e1gil sin resignar estabilidad ni resistencia.<\/p>\n<p data-start=\"614\" data-end=\"959\">Su dise\u00f1o incluye 7 escalones y una plataforma superior que funciona como octavo pelda\u00f1o, ideal para brindar un punto de apoyo firme y c\u00f3modo. Con una altura total de 2056 mm cuando est\u00e1 cerrada, esta escalera se adapta perfectamente a tareas que exigen mayor alcance, como instalaciones, mantenimientos o trabajos en techos y estructuras altas.<\/p>\n<p data-start=\"961\" data-end=\"1144\">El sistema plegable permite un f\u00e1cil transporte y almacenamiento. Adem\u00e1s, cuenta con topes antideslizantes en las patas para brindar m\u00e1xima estabilidad sobre todo tipo de superficies.<\/p>\n<h3 data-start=\"1151\" data-end=\"1184\"><strong data-start=\"1155\" data-end=\"1184\">Caracter\u00edsticas t\u00e9cnicas:<\/strong><\/h3>\n<ul data-start=\"1185\" data-end=\"1492\">\n<li data-start=\"1185\" data-end=\"1207\">\n<p data-start=\"1187\" data-end=\"1207\">Material: Aluminio<\/p>\n<\/li>\n<li data-start=\"1208\" data-end=\"1260\">\n<p data-start=\"1210\" data-end=\"1260\">Cantidad de escalones: 7 + 1 plataforma superior<\/p>\n<\/li>\n<li data-start=\"1261\" data-end=\"1301\">\n<p data-start=\"1263\" data-end=\"1301\">Tama\u00f1o abierto: 554 \u00d7 1402 \u00d7 1881 mm<\/p>\n<\/li>\n<li data-start=\"1302\" data-end=\"1341\">\n<p data-start=\"1304\" data-end=\"1341\">Tama\u00f1o cerrado: 554 \u00d7 154 \u00d7 2056 mm<\/p>\n<\/li>\n<li data-start=\"1342\" data-end=\"1378\">\n<p data-start=\"1344\" data-end=\"1378\">Elevaci\u00f3n entre pelda\u00f1os: 252 mm<\/p>\n<\/li>\n<li data-start=\"1379\" data-end=\"1406\">\n<p data-start=\"1381\" data-end=\"1406\">Peso aproximado: 5,6 kg<\/p>\n<\/li>\n<li data-start=\"1407\" data-end=\"1453\">\n<p data-start=\"1409\" data-end=\"1453\">Capacidad de carga m\u00e1xima: 150 kg (330 lb)<\/p>\n<\/li>\n<li data-start=\"1454\" data-end=\"1492\">\n<p data-start=\"1456\" data-end=\"1492\">Embalaje: encogimiento (shrink wrap)<\/p>\n<\/li>\n<\/ul>\n","protected":false},"excerpt":{"rendered":"<p>Material: aluminio<br \/>\nPasos: 7+1pasos<br \/>\nTama\u00f1o abierto: 554*1402*1881mm<br \/>\nTama\u00f1o cerrado: 554*154*2056mm<br \/>\nElevaci\u00f3n del escal\u00f3n: 252 mm<br \/>\nPeso aproximado: 5,6 kg<br \/>\nCarga m\u00e1xima: 150 kg (330 lb)<br \/>\nEmbalado por encogimiento<\/p>\n","protected":false},"featured_media":30867,"comment_status":"open","ping_status":"closed","template":"","meta":{"_monsterinsights_skip_tracking":false,"_monsterinsights_sitenote_active":false,"_monsterinsights_sitenote_note":"","_monsterinsights_sitenote_category":0},"product_brand":[],"product_cat":[153],"product_tag":[452],"class_list":{"0":"post-30866","1":"product","2":"type-product","3":"status-publish","4":"has-post-thumbnail","6":"product_cat-a-herramientas","7":"product_tag-jadever","9":"first","10":"outofstock","11":"shipping-taxable","12":"purchasable","13":"product-type-simple"},"yoast_head":"<!-- This site is optimized with the Yoast SEO plugin v25.3.1 - https:\/\/yoast.com\/wordpress\/plugins\/seo\/ -->\n<title>ESCALERA DE TRABAJO 7+1 ESCALONES ALUMINIO 2056MM - 150KG - Tienda Rigelec<\/title>\n<meta name=\"description\" content=\"ESCALERA DE TRABAJO 7+1 ESCALONES ALUMINIO 2056MM - 150KG Tienda Rigelec ESCALERA DE TRABAJO 7+1 ESCALONES Tienda Rigelec\" \/>\n<meta name=\"robots\" content=\"index, follow, max-snippet:-1, max-image-preview:large, max-video-preview:-1\" \/>\n<link rel=\"canonical\" href=\"https:\/\/tienda.rigelec.com.ar\/?product=escalera-de-trabajo-71-escalones\" \/>\n<meta property=\"og:locale\" content=\"es_ES\" \/>\n<meta property=\"og:type\" content=\"article\" \/>\n<meta property=\"og:title\" content=\"ESCALERA DE TRABAJO 7+1 ESCALONES ALUMINIO 2056MM - 150KG - Tienda Rigelec\" \/>\n<meta property=\"og:description\" content=\"ESCALERA DE TRABAJO 7+1 ESCALONES ALUMINIO 2056MM - 150KG Tienda Rigelec ESCALERA DE TRABAJO 7+1 ESCALONES Tienda Rigelec\" \/>\n<meta property=\"og:url\" content=\"https:\/\/tienda.rigelec.com.ar\/?product=escalera-de-trabajo-71-escalones\" \/>\n<meta property=\"og:site_name\" content=\"Tienda Rigelec\" \/>\n<meta property=\"article:modified_time\" content=\"2026-05-01T05:04:53+00:00\" \/>\n<meta property=\"og:image\" content=\"https:\/\/tienda.rigelec.com.ar\/wp-content\/uploads\/2025\/07\/ESCALERADETRABAJO71ESCALONES.jpg\" \/>\n\t<meta property=\"og:image:width\" content=\"2000\" \/>\n\t<meta property=\"og:image:height\" content=\"2000\" \/>\n\t<meta property=\"og:image:type\" content=\"image\/jpeg\" \/>\n<meta name=\"twitter:card\" content=\"summary_large_image\" \/>\n<meta name=\"twitter:label1\" content=\"Tiempo de lectura\" \/>\n\t<meta name=\"twitter:data1\" content=\"2 minutos\" \/>\n<script type=\"application\/ld+json\" class=\"yoast-schema-graph\">{\"@context\":\"https:\/\/schema.org\",\"@graph\":[{\"@type\":\"WebPage\",\"@id\":\"https:\/\/tienda.rigelec.com.ar\/?product=escalera-de-trabajo-71-escalones\",\"url\":\"https:\/\/tienda.rigelec.com.ar\/?product=escalera-de-trabajo-71-escalones\",\"name\":\"ESCALERA DE TRABAJO 7+1 ESCALONES ALUMINIO 2056MM - 150KG - Tienda Rigelec\",\"isPartOf\":{\"@id\":\"https:\/\/tienda.rigelec.com.ar\/#website\"},\"primaryImageOfPage\":{\"@id\":\"https:\/\/tienda.rigelec.com.ar\/?product=escalera-de-trabajo-71-escalones#primaryimage\"},\"image\":{\"@id\":\"https:\/\/tienda.rigelec.com.ar\/?product=escalera-de-trabajo-71-escalones#primaryimage\"},\"thumbnailUrl\":\"https:\/\/tienda.rigelec.com.ar\/wp-content\/uploads\/2025\/07\/ESCALERADETRABAJO71ESCALONES.jpg\",\"datePublished\":\"2025-07-30T18:35:52+00:00\",\"dateModified\":\"2026-05-01T05:04:53+00:00\",\"description\":\"ESCALERA DE TRABAJO 7+1 ESCALONES ALUMINIO 2056MM - 150KG Tienda Rigelec ESCALERA DE TRABAJO 7+1 ESCALONES Tienda Rigelec\",\"breadcrumb\":{\"@id\":\"https:\/\/tienda.rigelec.com.ar\/?product=escalera-de-trabajo-71-escalones#breadcrumb\"},\"inLanguage\":\"es-AR\",\"potentialAction\":[{\"@type\":\"ReadAction\",\"target\":[\"https:\/\/tienda.rigelec.com.ar\/?product=escalera-de-trabajo-71-escalones\"]}]},{\"@type\":\"ImageObject\",\"inLanguage\":\"es-AR\",\"@id\":\"https:\/\/tienda.rigelec.com.ar\/?product=escalera-de-trabajo-71-escalones#primaryimage\",\"url\":\"https:\/\/tienda.rigelec.com.ar\/wp-content\/uploads\/2025\/07\/ESCALERADETRABAJO71ESCALONES.jpg\",\"contentUrl\":\"https:\/\/tienda.rigelec.com.ar\/wp-content\/uploads\/2025\/07\/ESCALERADETRABAJO71ESCALONES.jpg\",\"width\":2000,\"height\":2000},{\"@type\":\"BreadcrumbList\",\"@id\":\"https:\/\/tienda.rigelec.com.ar\/?product=escalera-de-trabajo-71-escalones#breadcrumb\",\"itemListElement\":[{\"@type\":\"ListItem\",\"position\":1,\"name\":\"Inicio\",\"item\":\"https:\/\/tienda.rigelec.com.ar\/\"},{\"@type\":\"ListItem\",\"position\":2,\"name\":\"Shop\",\"item\":\"https:\/\/tienda.rigelec.com.ar\/?page_id=12\"},{\"@type\":\"ListItem\",\"position\":3,\"name\":\"ESCALERA DE TRABAJO 7+1 ESCALONES ALUMINIO 2056MM &#8211; 150KG\"}]},{\"@type\":\"WebSite\",\"@id\":\"https:\/\/tienda.rigelec.com.ar\/#website\",\"url\":\"https:\/\/tienda.rigelec.com.ar\/\",\"name\":\"Tienda Rigelec\",\"description\":\"Energia en movimiento\",\"publisher\":{\"@id\":\"https:\/\/tienda.rigelec.com.ar\/#organization\"},\"potentialAction\":[{\"@type\":\"SearchAction\",\"target\":{\"@type\":\"EntryPoint\",\"urlTemplate\":\"https:\/\/tienda.rigelec.com.ar\/?s={search_term_string}\"},\"query-input\":{\"@type\":\"PropertyValueSpecification\",\"valueRequired\":true,\"valueName\":\"search_term_string\"}}],\"inLanguage\":\"es-AR\"},{\"@type\":\"Organization\",\"@id\":\"https:\/\/tienda.rigelec.com.ar\/#organization\",\"name\":\"Tienda Rigelec\",\"url\":\"https:\/\/tienda.rigelec.com.ar\/\",\"logo\":{\"@type\":\"ImageObject\",\"inLanguage\":\"es-AR\",\"@id\":\"https:\/\/tienda.rigelec.com.ar\/#\/schema\/logo\/image\/\",\"url\":\"https:\/\/tienda.rigelec.com.ar\/wp-content\/uploads\/2024\/09\/isologo-blanco-rigelec.png\",\"contentUrl\":\"https:\/\/tienda.rigelec.com.ar\/wp-content\/uploads\/2024\/09\/isologo-blanco-rigelec.png\",\"width\":94,\"height\":97,\"caption\":\"Tienda Rigelec\"},\"image\":{\"@id\":\"https:\/\/tienda.rigelec.com.ar\/#\/schema\/logo\/image\/\"}}]}<\/script>\n<!-- \/ Yoast SEO plugin. -->","yoast_head_json":{"title":"ESCALERA DE TRABAJO 7+1 ESCALONES ALUMINIO 2056MM - 150KG - Tienda Rigelec","description":"ESCALERA DE TRABAJO 7+1 ESCALONES ALUMINIO 2056MM - 150KG Tienda Rigelec ESCALERA DE TRABAJO 7+1 ESCALONES Tienda Rigelec","robots":{"index":"index","follow":"follow","max-snippet":"max-snippet:-1","max-image-preview":"max-image-preview:large","max-video-preview":"max-video-preview:-1"},"canonical":"https:\/\/tienda.rigelec.com.ar\/?product=escalera-de-trabajo-71-escalones","og_locale":"es_ES","og_type":"article","og_title":"ESCALERA DE TRABAJO 7+1 ESCALONES ALUMINIO 2056MM - 150KG - Tienda Rigelec","og_description":"ESCALERA DE TRABAJO 7+1 ESCALONES ALUMINIO 2056MM - 150KG Tienda Rigelec ESCALERA DE TRABAJO 7+1 ESCALONES Tienda Rigelec","og_url":"https:\/\/tienda.rigelec.com.ar\/?product=escalera-de-trabajo-71-escalones","og_site_name":"Tienda Rigelec","article_modified_time":"2026-05-01T05:04:53+00:00","og_image":[{"width":2000,"height":2000,"url":"https:\/\/tienda.rigelec.com.ar\/wp-content\/uploads\/2025\/07\/ESCALERADETRABAJO71ESCALONES.jpg","type":"image\/jpeg"}],"twitter_card":"summary_large_image","twitter_misc":{"Tiempo de lectura":"2 minutos"},"schema":{"@context":"https:\/\/schema.org","@graph":[{"@type":"WebPage","@id":"https:\/\/tienda.rigelec.com.ar\/?product=escalera-de-trabajo-71-escalones","url":"https:\/\/tienda.rigelec.com.ar\/?product=escalera-de-trabajo-71-escalones","name":"ESCALERA DE TRABAJO 7+1 ESCALONES ALUMINIO 2056MM - 150KG - Tienda Rigelec","isPartOf":{"@id":"https:\/\/tienda.rigelec.com.ar\/#website"},"primaryImageOfPage":{"@id":"https:\/\/tienda.rigelec.com.ar\/?product=escalera-de-trabajo-71-escalones#primaryimage"},"image":{"@id":"https:\/\/tienda.rigelec.com.ar\/?product=escalera-de-trabajo-71-escalones#primaryimage"},"thumbnailUrl":"https:\/\/tienda.rigelec.com.ar\/wp-content\/uploads\/2025\/07\/ESCALERADETRABAJO71ESCALONES.jpg","datePublished":"2025-07-30T18:35:52+00:00","dateModified":"2026-05-01T05:04:53+00:00","description":"ESCALERA DE TRABAJO 7+1 ESCALONES ALUMINIO 2056MM - 150KG Tienda Rigelec ESCALERA DE TRABAJO 7+1 ESCALONES Tienda Rigelec","breadcrumb":{"@id":"https:\/\/tienda.rigelec.com.ar\/?product=escalera-de-trabajo-71-escalones#breadcrumb"},"inLanguage":"es-AR","potentialAction":[{"@type":"ReadAction","target":["https:\/\/tienda.rigelec.com.ar\/?product=escalera-de-trabajo-71-escalones"]}]},{"@type":"ImageObject","inLanguage":"es-AR","@id":"https:\/\/tienda.rigelec.com.ar\/?product=escalera-de-trabajo-71-escalones#primaryimage","url":"https:\/\/tienda.rigelec.com.ar\/wp-content\/uploads\/2025\/07\/ESCALERADETRABAJO71ESCALONES.jpg","contentUrl":"https:\/\/tienda.rigelec.com.ar\/wp-content\/uploads\/2025\/07\/ESCALERADETRABAJO71ESCALONES.jpg","width":2000,"height":2000},{"@type":"BreadcrumbList","@id":"https:\/\/tienda.rigelec.com.ar\/?product=escalera-de-trabajo-71-escalones#breadcrumb","itemListElement":[{"@type":"ListItem","position":1,"name":"Inicio","item":"https:\/\/tienda.rigelec.com.ar\/"},{"@type":"ListItem","position":2,"name":"Shop","item":"https:\/\/tienda.rigelec.com.ar\/?page_id=12"},{"@type":"ListItem","position":3,"name":"ESCALERA DE TRABAJO 7+1 ESCALONES ALUMINIO 2056MM &#8211; 150KG"}]},{"@type":"WebSite","@id":"https:\/\/tienda.rigelec.com.ar\/#website","url":"https:\/\/tienda.rigelec.com.ar\/","name":"Tienda Rigelec","description":"Energia en movimiento","publisher":{"@id":"https:\/\/tienda.rigelec.com.ar\/#organization"},"potentialAction":[{"@type":"SearchAction","target":{"@type":"EntryPoint","urlTemplate":"https:\/\/tienda.rigelec.com.ar\/?s={search_term_string}"},"query-input":{"@type":"PropertyValueSpecification","valueRequired":true,"valueName":"search_term_string"}}],"inLanguage":"es-AR"},{"@type":"Organization","@id":"https:\/\/tienda.rigelec.com.ar\/#organization","name":"Tienda Rigelec","url":"https:\/\/tienda.rigelec.com.ar\/","logo":{"@type":"ImageObject","inLanguage":"es-AR","@id":"https:\/\/tienda.rigelec.com.ar\/#\/schema\/logo\/image\/","url":"https:\/\/tienda.rigelec.com.ar\/wp-content\/uploads\/2024\/09\/isologo-blanco-rigelec.png","contentUrl":"https:\/\/tienda.rigelec.com.ar\/wp-content\/uploads\/2024\/09\/isologo-blanco-rigelec.png","width":94,"height":97,"caption":"Tienda Rigelec"},"image":{"@id":"https:\/\/tienda.rigelec.com.ar\/#\/schema\/logo\/image\/"}}]}},"jetpack_sharing_enabled":true,"_links":{"self":[{"href":"https:\/\/tienda.rigelec.com.ar\/index.php?rest_route=\/wp\/v2\/product\/30866","targetHints":{"allow":["GET"]}}],"collection":[{"href":"https:\/\/tienda.rigelec.com.ar\/index.php?rest_route=\/wp\/v2\/product"}],"about":[{"href":"https:\/\/tienda.rigelec.com.ar\/index.php?rest_route=\/wp\/v2\/types\/product"}],"replies":[{"embeddable":true,"href":"https:\/\/tienda.rigelec.com.ar\/index.php?rest_route=%2Fwp%2Fv2%2Fcomments&post=30866"}],"wp:featuredmedia":[{"embeddable":true,"href":"https:\/\/tienda.rigelec.com.ar\/index.php?rest_route=\/wp\/v2\/media\/30867"}],"wp:attachment":[{"href":"https:\/\/tienda.rigelec.com.ar\/index.php?rest_route=%2Fwp%2Fv2%2Fmedia&parent=30866"}],"wp:term":[{"taxonomy":"product_brand","embeddable":true,"href":"https:\/\/tienda.rigelec.com.ar\/index.php?rest_route=%2Fwp%2Fv2%2Fproduct_brand&post=30866"},{"taxonomy":"product_cat","embeddable":true,"href":"https:\/\/tienda.rigelec.com.ar\/index.php?rest_route=%2Fwp%2Fv2%2Fproduct_cat&post=30866"},{"taxonomy":"product_tag","embeddable":true,"href":"https:\/\/tienda.rigelec.com.ar\/index.php?rest_route=%2Fwp%2Fv2%2Fproduct_tag&post=30866"}],"curies":[{"name":"wp","href":"https:\/\/api.w.org\/{rel}","templated":true}]}}