{"id":30868,"date":"2025-07-30T15:35:55","date_gmt":"2025-07-30T18:35:55","guid":{"rendered":"https:\/\/tienda.rigelec.com.ar\/?product=escalera-de-trabajo-31-escalones-porta-herramientas-aluminio-1260mm-150kg"},"modified":"2026-05-01T02:04:54","modified_gmt":"2026-05-01T05:04:54","slug":"escalera-de-trabajo-31","status":"publish","type":"product","link":"https:\/\/tienda.rigelec.com.ar\/?product=escalera-de-trabajo-31","title":{"rendered":"ESCALERA DE TRABAJO 3+1 ESCALONES + PORTA HERRAMIENTAS ALUMINIO 1260MM &#8211; 150KG"},"content":{"rendered":"<p>ESCALERA DE TRABAJO 3+1 ESCALONES + PORTA HERRAMIENTAS<\/p>\n<h3 data-start=\"207\" data-end=\"309\"><strong data-start=\"211\" data-end=\"309\">Escalera de trabajo de aluminio 3+1 escalones con porta herramientas \u2013 Altura 1260 mm \u2013 150 kg<\/strong><\/h3>\n<p data-start=\"311\" data-end=\"662\">Compacta, pr\u00e1ctica y funcional, esta escalera de trabajo de aluminio 3+1 est\u00e1 dise\u00f1ada para facilitar tareas cotidianas con una estructura segura, liviana y eficiente. Ideal para el hogar, comercios o talleres, incorpora una <strong data-start=\"536\" data-end=\"596\">bandeja porta herramientas pl\u00e1stica en el \u00faltimo pelda\u00f1o<\/strong>, lo que permite mantener todo lo necesario al alcance de la mano.<\/p>\n<p data-start=\"664\" data-end=\"935\">Cuenta con tres escalones de acceso m\u00e1s una <strong data-start=\"708\" data-end=\"738\">mesa superior multifunci\u00f3n<\/strong> que se utiliza tanto como apoyo como para colocar herramientas, pinturas o elementos de trabajo. Gracias a su construcci\u00f3n en aluminio, combina resistencia con portabilidad y una gran durabilidad.<\/p>\n<p data-start=\"937\" data-end=\"1060\">Su dise\u00f1o plegable y liviano permite transportarla y almacenarla con facilidad, ocupando poco espacio cuando no se utiliza.<\/p>\n<h3 data-start=\"1067\" data-end=\"1100\"><strong data-start=\"1071\" data-end=\"1100\">Caracter\u00edsticas t\u00e9cnicas:<\/strong><\/h3>\n<ul data-start=\"1101\" data-end=\"1464\">\n<li data-start=\"1101\" data-end=\"1123\">\n<p data-start=\"1103\" data-end=\"1123\">Material: Aluminio<\/p>\n<\/li>\n<li data-start=\"1124\" data-end=\"1182\">\n<p data-start=\"1126\" data-end=\"1182\">Cantidad de escalones: 3 + 1 (mesa porta herramientas)<\/p>\n<\/li>\n<li data-start=\"1183\" data-end=\"1222\">\n<p data-start=\"1185\" data-end=\"1222\">Tama\u00f1o abierto: 465 \u00d7 800 \u00d7 1150 mm<\/p>\n<\/li>\n<li data-start=\"1223\" data-end=\"1262\">\n<p data-start=\"1225\" data-end=\"1262\">Tama\u00f1o cerrado: 470 \u00d7 135 \u00d7 1260 mm<\/p>\n<\/li>\n<li data-start=\"1263\" data-end=\"1299\">\n<p data-start=\"1265\" data-end=\"1299\">Elevaci\u00f3n entre pelda\u00f1os: 305 mm<\/p>\n<\/li>\n<li data-start=\"1300\" data-end=\"1357\">\n<p data-start=\"1302\" data-end=\"1357\">Plataforma superior: mesa de herramientas de pl\u00e1stico<\/p>\n<\/li>\n<li data-start=\"1358\" data-end=\"1385\">\n<p data-start=\"1360\" data-end=\"1385\">Peso aproximado: 3,8 kg<\/p>\n<\/li>\n<li data-start=\"1386\" data-end=\"1425\">\n<p data-start=\"1388\" data-end=\"1425\">Capacidad de carga: 150 kg (330 lb)<\/p>\n<\/li>\n<li data-start=\"1426\" data-end=\"1464\">\n<p data-start=\"1428\" data-end=\"1464\">Embalaje: Encogimiento (shrink wrap)<\/p>\n<\/li>\n<\/ul>\n","protected":false},"excerpt":{"rendered":"<p>Material: aluminio<br \/>\nLado de escalera con bandeja de herramientas<br \/>\n\u00daltimo paso: mesa de herramientas de pl\u00e1stico<br \/>\nPasos: 3+1 pasos<br \/>\nTama\u00f1o abierto: 465x800x1150mm<br \/>\nTama\u00f1o cerrado: 470x135x1260mm<br \/>\nElevaci\u00f3n del escal\u00f3n: 305 mm<br \/>\nPeso aproximado: 3,8 kg<br \/>\nM\u00e1x. carga: 150 kg (330 libras)<br \/>\nEmbalado por encogimiento<\/p>\n","protected":false},"featured_media":30869,"comment_status":"open","ping_status":"closed","template":"","meta":{"_monsterinsights_skip_tracking":false,"_monsterinsights_sitenote_active":false,"_monsterinsights_sitenote_note":"","_monsterinsights_sitenote_category":0},"product_brand":[],"product_cat":[153],"product_tag":[452],"class_list":{"0":"post-30868","1":"product","2":"type-product","3":"status-publish","4":"has-post-thumbnail","6":"product_cat-a-herramientas","7":"product_tag-jadever","9":"first","10":"outofstock","11":"shipping-taxable","12":"purchasable","13":"product-type-simple"},"yoast_head":"<!-- This site is optimized with the Yoast SEO plugin v25.3.1 - https:\/\/yoast.com\/wordpress\/plugins\/seo\/ -->\n<title>ESCALERA DE TRABAJO 3+1 ESCALONES + PORTA HERRAMIENTAS ALUMINIO 1260MM - 150KG<\/title>\n<meta name=\"description\" content=\"ESCALERA DE TRABAJO 3+1 ESCALONES + PORTA HERRAMIENTAS ALUMINIO 1260MM - 150KG Tienda Rigelec ESCALERA DE TRABAJO 3+1 ESCALONES + PORTA HERRAMIENTAS\" \/>\n<meta name=\"robots\" content=\"index, follow, max-snippet:-1, max-image-preview:large, max-video-preview:-1\" \/>\n<link rel=\"canonical\" href=\"https:\/\/tienda.rigelec.com.ar\/?product=escalera-de-trabajo-31\" \/>\n<meta property=\"og:locale\" content=\"es_ES\" \/>\n<meta property=\"og:type\" content=\"article\" \/>\n<meta property=\"og:title\" content=\"ESCALERA DE TRABAJO 3+1 ESCALONES + PORTA HERRAMIENTAS ALUMINIO 1260MM - 150KG\" \/>\n<meta property=\"og:description\" content=\"ESCALERA DE TRABAJO 3+1 ESCALONES + PORTA HERRAMIENTAS ALUMINIO 1260MM - 150KG Tienda Rigelec ESCALERA DE TRABAJO 3+1 ESCALONES + PORTA HERRAMIENTAS\" \/>\n<meta property=\"og:url\" content=\"https:\/\/tienda.rigelec.com.ar\/?product=escalera-de-trabajo-31\" \/>\n<meta property=\"og:site_name\" content=\"Tienda Rigelec\" \/>\n<meta property=\"article:modified_time\" content=\"2026-05-01T05:04:54+00:00\" \/>\n<meta property=\"og:image\" content=\"https:\/\/tienda.rigelec.com.ar\/wp-content\/uploads\/2025\/07\/ESCALERADETRABAJO31ESCALONESPORTAHERRAMIENTAS.jpg\" \/>\n\t<meta property=\"og:image:width\" content=\"2000\" \/>\n\t<meta property=\"og:image:height\" content=\"2000\" \/>\n\t<meta property=\"og:image:type\" content=\"image\/jpeg\" \/>\n<meta name=\"twitter:card\" content=\"summary_large_image\" \/>\n<meta name=\"twitter:label1\" content=\"Tiempo de lectura\" \/>\n\t<meta name=\"twitter:data1\" content=\"2 minutos\" \/>\n<script type=\"application\/ld+json\" class=\"yoast-schema-graph\">{\"@context\":\"https:\/\/schema.org\",\"@graph\":[{\"@type\":\"WebPage\",\"@id\":\"https:\/\/tienda.rigelec.com.ar\/?product=escalera-de-trabajo-31\",\"url\":\"https:\/\/tienda.rigelec.com.ar\/?product=escalera-de-trabajo-31\",\"name\":\"ESCALERA DE TRABAJO 3+1 ESCALONES + PORTA HERRAMIENTAS ALUMINIO 1260MM - 150KG\",\"isPartOf\":{\"@id\":\"https:\/\/tienda.rigelec.com.ar\/#website\"},\"primaryImageOfPage\":{\"@id\":\"https:\/\/tienda.rigelec.com.ar\/?product=escalera-de-trabajo-31#primaryimage\"},\"image\":{\"@id\":\"https:\/\/tienda.rigelec.com.ar\/?product=escalera-de-trabajo-31#primaryimage\"},\"thumbnailUrl\":\"https:\/\/tienda.rigelec.com.ar\/wp-content\/uploads\/2025\/07\/ESCALERADETRABAJO31ESCALONESPORTAHERRAMIENTAS.jpg\",\"datePublished\":\"2025-07-30T18:35:55+00:00\",\"dateModified\":\"2026-05-01T05:04:54+00:00\",\"description\":\"ESCALERA DE TRABAJO 3+1 ESCALONES + PORTA HERRAMIENTAS ALUMINIO 1260MM - 150KG Tienda Rigelec ESCALERA DE TRABAJO 3+1 ESCALONES + PORTA HERRAMIENTAS\",\"breadcrumb\":{\"@id\":\"https:\/\/tienda.rigelec.com.ar\/?product=escalera-de-trabajo-31#breadcrumb\"},\"inLanguage\":\"es-AR\",\"potentialAction\":[{\"@type\":\"ReadAction\",\"target\":[\"https:\/\/tienda.rigelec.com.ar\/?product=escalera-de-trabajo-31\"]}]},{\"@type\":\"ImageObject\",\"inLanguage\":\"es-AR\",\"@id\":\"https:\/\/tienda.rigelec.com.ar\/?product=escalera-de-trabajo-31#primaryimage\",\"url\":\"https:\/\/tienda.rigelec.com.ar\/wp-content\/uploads\/2025\/07\/ESCALERADETRABAJO31ESCALONESPORTAHERRAMIENTAS.jpg\",\"contentUrl\":\"https:\/\/tienda.rigelec.com.ar\/wp-content\/uploads\/2025\/07\/ESCALERADETRABAJO31ESCALONESPORTAHERRAMIENTAS.jpg\",\"width\":2000,\"height\":2000},{\"@type\":\"BreadcrumbList\",\"@id\":\"https:\/\/tienda.rigelec.com.ar\/?product=escalera-de-trabajo-31#breadcrumb\",\"itemListElement\":[{\"@type\":\"ListItem\",\"position\":1,\"name\":\"Inicio\",\"item\":\"https:\/\/tienda.rigelec.com.ar\/\"},{\"@type\":\"ListItem\",\"position\":2,\"name\":\"Shop\",\"item\":\"https:\/\/tienda.rigelec.com.ar\/?page_id=12\"},{\"@type\":\"ListItem\",\"position\":3,\"name\":\"ESCALERA DE TRABAJO 3+1 ESCALONES + PORTA HERRAMIENTAS ALUMINIO 1260MM &#8211; 150KG\"}]},{\"@type\":\"WebSite\",\"@id\":\"https:\/\/tienda.rigelec.com.ar\/#website\",\"url\":\"https:\/\/tienda.rigelec.com.ar\/\",\"name\":\"Tienda Rigelec\",\"description\":\"Energia en movimiento\",\"publisher\":{\"@id\":\"https:\/\/tienda.rigelec.com.ar\/#organization\"},\"potentialAction\":[{\"@type\":\"SearchAction\",\"target\":{\"@type\":\"EntryPoint\",\"urlTemplate\":\"https:\/\/tienda.rigelec.com.ar\/?s={search_term_string}\"},\"query-input\":{\"@type\":\"PropertyValueSpecification\",\"valueRequired\":true,\"valueName\":\"search_term_string\"}}],\"inLanguage\":\"es-AR\"},{\"@type\":\"Organization\",\"@id\":\"https:\/\/tienda.rigelec.com.ar\/#organization\",\"name\":\"Tienda Rigelec\",\"url\":\"https:\/\/tienda.rigelec.com.ar\/\",\"logo\":{\"@type\":\"ImageObject\",\"inLanguage\":\"es-AR\",\"@id\":\"https:\/\/tienda.rigelec.com.ar\/#\/schema\/logo\/image\/\",\"url\":\"https:\/\/tienda.rigelec.com.ar\/wp-content\/uploads\/2024\/09\/isologo-blanco-rigelec.png\",\"contentUrl\":\"https:\/\/tienda.rigelec.com.ar\/wp-content\/uploads\/2024\/09\/isologo-blanco-rigelec.png\",\"width\":94,\"height\":97,\"caption\":\"Tienda Rigelec\"},\"image\":{\"@id\":\"https:\/\/tienda.rigelec.com.ar\/#\/schema\/logo\/image\/\"}}]}<\/script>\n<!-- \/ Yoast SEO plugin. -->","yoast_head_json":{"title":"ESCALERA DE TRABAJO 3+1 ESCALONES + PORTA HERRAMIENTAS ALUMINIO 1260MM - 150KG","description":"ESCALERA DE TRABAJO 3+1 ESCALONES + PORTA HERRAMIENTAS ALUMINIO 1260MM - 150KG Tienda Rigelec ESCALERA DE TRABAJO 3+1 ESCALONES + PORTA HERRAMIENTAS","robots":{"index":"index","follow":"follow","max-snippet":"max-snippet:-1","max-image-preview":"max-image-preview:large","max-video-preview":"max-video-preview:-1"},"canonical":"https:\/\/tienda.rigelec.com.ar\/?product=escalera-de-trabajo-31","og_locale":"es_ES","og_type":"article","og_title":"ESCALERA DE TRABAJO 3+1 ESCALONES + PORTA HERRAMIENTAS ALUMINIO 1260MM - 150KG","og_description":"ESCALERA DE TRABAJO 3+1 ESCALONES + PORTA HERRAMIENTAS ALUMINIO 1260MM - 150KG Tienda Rigelec ESCALERA DE TRABAJO 3+1 ESCALONES + PORTA HERRAMIENTAS","og_url":"https:\/\/tienda.rigelec.com.ar\/?product=escalera-de-trabajo-31","og_site_name":"Tienda Rigelec","article_modified_time":"2026-05-01T05:04:54+00:00","og_image":[{"width":2000,"height":2000,"url":"https:\/\/tienda.rigelec.com.ar\/wp-content\/uploads\/2025\/07\/ESCALERADETRABAJO31ESCALONESPORTAHERRAMIENTAS.jpg","type":"image\/jpeg"}],"twitter_card":"summary_large_image","twitter_misc":{"Tiempo de lectura":"2 minutos"},"schema":{"@context":"https:\/\/schema.org","@graph":[{"@type":"WebPage","@id":"https:\/\/tienda.rigelec.com.ar\/?product=escalera-de-trabajo-31","url":"https:\/\/tienda.rigelec.com.ar\/?product=escalera-de-trabajo-31","name":"ESCALERA DE TRABAJO 3+1 ESCALONES + PORTA HERRAMIENTAS ALUMINIO 1260MM - 150KG","isPartOf":{"@id":"https:\/\/tienda.rigelec.com.ar\/#website"},"primaryImageOfPage":{"@id":"https:\/\/tienda.rigelec.com.ar\/?product=escalera-de-trabajo-31#primaryimage"},"image":{"@id":"https:\/\/tienda.rigelec.com.ar\/?product=escalera-de-trabajo-31#primaryimage"},"thumbnailUrl":"https:\/\/tienda.rigelec.com.ar\/wp-content\/uploads\/2025\/07\/ESCALERADETRABAJO31ESCALONESPORTAHERRAMIENTAS.jpg","datePublished":"2025-07-30T18:35:55+00:00","dateModified":"2026-05-01T05:04:54+00:00","description":"ESCALERA DE TRABAJO 3+1 ESCALONES + PORTA HERRAMIENTAS ALUMINIO 1260MM - 150KG Tienda Rigelec ESCALERA DE TRABAJO 3+1 ESCALONES + PORTA HERRAMIENTAS","breadcrumb":{"@id":"https:\/\/tienda.rigelec.com.ar\/?product=escalera-de-trabajo-31#breadcrumb"},"inLanguage":"es-AR","potentialAction":[{"@type":"ReadAction","target":["https:\/\/tienda.rigelec.com.ar\/?product=escalera-de-trabajo-31"]}]},{"@type":"ImageObject","inLanguage":"es-AR","@id":"https:\/\/tienda.rigelec.com.ar\/?product=escalera-de-trabajo-31#primaryimage","url":"https:\/\/tienda.rigelec.com.ar\/wp-content\/uploads\/2025\/07\/ESCALERADETRABAJO31ESCALONESPORTAHERRAMIENTAS.jpg","contentUrl":"https:\/\/tienda.rigelec.com.ar\/wp-content\/uploads\/2025\/07\/ESCALERADETRABAJO31ESCALONESPORTAHERRAMIENTAS.jpg","width":2000,"height":2000},{"@type":"BreadcrumbList","@id":"https:\/\/tienda.rigelec.com.ar\/?product=escalera-de-trabajo-31#breadcrumb","itemListElement":[{"@type":"ListItem","position":1,"name":"Inicio","item":"https:\/\/tienda.rigelec.com.ar\/"},{"@type":"ListItem","position":2,"name":"Shop","item":"https:\/\/tienda.rigelec.com.ar\/?page_id=12"},{"@type":"ListItem","position":3,"name":"ESCALERA DE TRABAJO 3+1 ESCALONES + PORTA HERRAMIENTAS ALUMINIO 1260MM &#8211; 150KG"}]},{"@type":"WebSite","@id":"https:\/\/tienda.rigelec.com.ar\/#website","url":"https:\/\/tienda.rigelec.com.ar\/","name":"Tienda Rigelec","description":"Energia en movimiento","publisher":{"@id":"https:\/\/tienda.rigelec.com.ar\/#organization"},"potentialAction":[{"@type":"SearchAction","target":{"@type":"EntryPoint","urlTemplate":"https:\/\/tienda.rigelec.com.ar\/?s={search_term_string}"},"query-input":{"@type":"PropertyValueSpecification","valueRequired":true,"valueName":"search_term_string"}}],"inLanguage":"es-AR"},{"@type":"Organization","@id":"https:\/\/tienda.rigelec.com.ar\/#organization","name":"Tienda Rigelec","url":"https:\/\/tienda.rigelec.com.ar\/","logo":{"@type":"ImageObject","inLanguage":"es-AR","@id":"https:\/\/tienda.rigelec.com.ar\/#\/schema\/logo\/image\/","url":"https:\/\/tienda.rigelec.com.ar\/wp-content\/uploads\/2024\/09\/isologo-blanco-rigelec.png","contentUrl":"https:\/\/tienda.rigelec.com.ar\/wp-content\/uploads\/2024\/09\/isologo-blanco-rigelec.png","width":94,"height":97,"caption":"Tienda Rigelec"},"image":{"@id":"https:\/\/tienda.rigelec.com.ar\/#\/schema\/logo\/image\/"}}]}},"jetpack_sharing_enabled":true,"_links":{"self":[{"href":"https:\/\/tienda.rigelec.com.ar\/index.php?rest_route=\/wp\/v2\/product\/30868","targetHints":{"allow":["GET"]}}],"collection":[{"href":"https:\/\/tienda.rigelec.com.ar\/index.php?rest_route=\/wp\/v2\/product"}],"about":[{"href":"https:\/\/tienda.rigelec.com.ar\/index.php?rest_route=\/wp\/v2\/types\/product"}],"replies":[{"embeddable":true,"href":"https:\/\/tienda.rigelec.com.ar\/index.php?rest_route=%2Fwp%2Fv2%2Fcomments&post=30868"}],"wp:featuredmedia":[{"embeddable":true,"href":"https:\/\/tienda.rigelec.com.ar\/index.php?rest_route=\/wp\/v2\/media\/30869"}],"wp:attachment":[{"href":"https:\/\/tienda.rigelec.com.ar\/index.php?rest_route=%2Fwp%2Fv2%2Fmedia&parent=30868"}],"wp:term":[{"taxonomy":"product_brand","embeddable":true,"href":"https:\/\/tienda.rigelec.com.ar\/index.php?rest_route=%2Fwp%2Fv2%2Fproduct_brand&post=30868"},{"taxonomy":"product_cat","embeddable":true,"href":"https:\/\/tienda.rigelec.com.ar\/index.php?rest_route=%2Fwp%2Fv2%2Fproduct_cat&post=30868"},{"taxonomy":"product_tag","embeddable":true,"href":"https:\/\/tienda.rigelec.com.ar\/index.php?rest_route=%2Fwp%2Fv2%2Fproduct_tag&post=30868"}],"curies":[{"name":"wp","href":"https:\/\/api.w.org\/{rel}","templated":true}]}}