{"id":30870,"date":"2025-07-30T15:35:58","date_gmt":"2025-07-30T18:35:58","guid":{"rendered":"https:\/\/tienda.rigelec.com.ar\/?product=escalera-de-trabajo-41-escalones-porta-herramientas-aluminio-1570mm-150kg"},"modified":"2026-05-01T02:04:54","modified_gmt":"2026-05-01T05:04:54","slug":"escalera-de-trabajo-41-escalones-porta-herramientas","status":"publish","type":"product","link":"https:\/\/tienda.rigelec.com.ar\/?product=escalera-de-trabajo-41-escalones-porta-herramientas","title":{"rendered":"ESCALERA DE TRABAJO 4+1 ESCALONES + PORTA HERRAMIENTAS ALUMINIO 1570MM &#8211; 150KG"},"content":{"rendered":"<p>ESCALERA DE TRABAJO 4+1 ESCALONES + PORTA HERRAMIENTAS<\/p>\n<h3 data-start=\"244\" data-end=\"367\"><strong data-start=\"248\" data-end=\"367\">Escalera de trabajo de aluminio 4+1 escalones con bandeja porta herramientas \u2013 Altura 1570 mm \u2013 Carga m\u00e1xima 150 kg<\/strong><\/h3>\n<p data-start=\"369\" data-end=\"738\">Esta escalera de trabajo de aluminio 4+1 con porta herramientas es una opci\u00f3n vers\u00e1til, segura y funcional para tareas en altura que requieren practicidad y organizaci\u00f3n. Su estructura robusta y liviana incorpora una <strong data-start=\"586\" data-end=\"625\">mesa superior pl\u00e1stica tipo bandeja<\/strong>, ideal para apoyar herramientas, tarros de pintura, tornillos o cualquier accesorio necesario mientras trabaj\u00e1s.<\/p>\n<p data-start=\"740\" data-end=\"1097\">Con cuatro escalones de acceso y un quinto nivel que act\u00faa como superficie de trabajo, esta escalera est\u00e1 dise\u00f1ada para maximizar la eficiencia en tareas de mantenimiento, bricolaje, pintura, instalaciones o limpieza. Su dise\u00f1o plegable facilita el guardado en espacios reducidos, y sus patas con topes antideslizantes brindan mayor estabilidad y seguridad.<\/p>\n<h3 data-start=\"1104\" data-end=\"1137\"><strong data-start=\"1108\" data-end=\"1137\">Caracter\u00edsticas t\u00e9cnicas:<\/strong><\/h3>\n<ul data-start=\"1138\" data-end=\"1532\">\n<li data-start=\"1138\" data-end=\"1160\">\n<p data-start=\"1140\" data-end=\"1160\">Material: Aluminio<\/p>\n<\/li>\n<li data-start=\"1161\" data-end=\"1222\">\n<p data-start=\"1163\" data-end=\"1222\">Cantidad de escalones: 4 + 1 (bandeja porta herramientas)<\/p>\n<\/li>\n<li data-start=\"1223\" data-end=\"1263\">\n<p data-start=\"1225\" data-end=\"1263\">Tama\u00f1o abierto: 504 \u00d7 1000 \u00d7 1440 mm<\/p>\n<\/li>\n<li data-start=\"1264\" data-end=\"1303\">\n<p data-start=\"1266\" data-end=\"1303\">Tama\u00f1o cerrado: 513 \u00d7 135 \u00d7 1570 mm<\/p>\n<\/li>\n<li data-start=\"1304\" data-end=\"1340\">\n<p data-start=\"1306\" data-end=\"1340\">Elevaci\u00f3n entre pelda\u00f1os: 305 mm<\/p>\n<\/li>\n<li data-start=\"1341\" data-end=\"1401\">\n<p data-start=\"1343\" data-end=\"1401\">Plataforma superior: mesa porta herramientas de pl\u00e1stico<\/p>\n<\/li>\n<li data-start=\"1402\" data-end=\"1429\">\n<p data-start=\"1404\" data-end=\"1429\">Peso aproximado: 4,8 kg<\/p>\n<\/li>\n<li data-start=\"1430\" data-end=\"1476\">\n<p data-start=\"1432\" data-end=\"1476\">Capacidad m\u00e1xima de carga: 150 kg (330 lb)<\/p>\n<\/li>\n<li data-start=\"1477\" data-end=\"1532\">\n<p data-start=\"1479\" data-end=\"1532\">Presentaci\u00f3n: Embalada por encogimiento (shrink wrap)<\/p>\n<\/li>\n<\/ul>\n","protected":false},"excerpt":{"rendered":"<p>Material: aluminio<br \/>\nLado de escalera con bandeja de herramientas<br \/>\n\u00daltimo paso: mesa de herramientas de pl\u00e1stico<br \/>\nPasos: 4+1 pasos<br \/>\nTama\u00f1o abierto: 504x1000x1440mm<br \/>\nTama\u00f1o cerrado: 513x135x1570mm<br \/>\nElevaci\u00f3n del escal\u00f3n: 305 mm<br \/>\nPeso aproximado: 4,8 kg<br \/>\nM\u00e1x. carga: 150 kg (330 libras)<br \/>\nEmbalado por encogimiento<\/p>\n","protected":false},"featured_media":30871,"comment_status":"open","ping_status":"closed","template":"","meta":{"_monsterinsights_skip_tracking":false,"_monsterinsights_sitenote_active":false,"_monsterinsights_sitenote_note":"","_monsterinsights_sitenote_category":0},"product_brand":[],"product_cat":[153],"product_tag":[452],"class_list":{"0":"post-30870","1":"product","2":"type-product","3":"status-publish","4":"has-post-thumbnail","6":"product_cat-a-herramientas","7":"product_tag-jadever","9":"first","10":"outofstock","11":"shipping-taxable","12":"purchasable","13":"product-type-simple"},"yoast_head":"<!-- This site is optimized with the Yoast SEO plugin v25.3.1 - https:\/\/yoast.com\/wordpress\/plugins\/seo\/ -->\n<title>ESCALERA DE TRABAJO 4+1 ESCALONES + PORTA HERRAMIENTAS ALUMINIO 1570MM - 150KG - Tienda Rigelec<\/title>\n<meta name=\"description\" content=\"ESCALERA DE TRABAJO 4+1 ESCALONES + PORTA HERRAMIENTAS ALUMINIO 1570MM - 150KG Tienda Rigelec ESCALERA DE TRABAJO 4+1 ESCALONES + PORTA HERRAMIENTAS\" \/>\n<meta name=\"robots\" content=\"index, follow, max-snippet:-1, max-image-preview:large, max-video-preview:-1\" \/>\n<link rel=\"canonical\" href=\"https:\/\/tienda.rigelec.com.ar\/?product=escalera-de-trabajo-41-escalones-porta-herramientas\" \/>\n<meta property=\"og:locale\" content=\"es_ES\" \/>\n<meta property=\"og:type\" content=\"article\" \/>\n<meta property=\"og:title\" content=\"ESCALERA DE TRABAJO 4+1 ESCALONES + PORTA HERRAMIENTAS ALUMINIO 1570MM - 150KG - Tienda Rigelec\" \/>\n<meta property=\"og:description\" content=\"ESCALERA DE TRABAJO 4+1 ESCALONES + PORTA HERRAMIENTAS ALUMINIO 1570MM - 150KG Tienda Rigelec ESCALERA DE TRABAJO 4+1 ESCALONES + PORTA HERRAMIENTAS\" \/>\n<meta property=\"og:url\" content=\"https:\/\/tienda.rigelec.com.ar\/?product=escalera-de-trabajo-41-escalones-porta-herramientas\" \/>\n<meta property=\"og:site_name\" content=\"Tienda Rigelec\" \/>\n<meta property=\"article:modified_time\" content=\"2026-05-01T05:04:54+00:00\" \/>\n<meta property=\"og:image\" content=\"https:\/\/tienda.rigelec.com.ar\/wp-content\/uploads\/2025\/07\/ESCALERADETRABAJO41ESCALONESPORTAHERRAMIENTAS.jpg\" \/>\n\t<meta property=\"og:image:width\" content=\"2000\" \/>\n\t<meta property=\"og:image:height\" content=\"2000\" \/>\n\t<meta property=\"og:image:type\" content=\"image\/jpeg\" \/>\n<meta name=\"twitter:card\" content=\"summary_large_image\" \/>\n<meta name=\"twitter:label1\" content=\"Tiempo de lectura\" \/>\n\t<meta name=\"twitter:data1\" content=\"2 minutos\" \/>\n<script type=\"application\/ld+json\" class=\"yoast-schema-graph\">{\"@context\":\"https:\/\/schema.org\",\"@graph\":[{\"@type\":\"WebPage\",\"@id\":\"https:\/\/tienda.rigelec.com.ar\/?product=escalera-de-trabajo-41-escalones-porta-herramientas\",\"url\":\"https:\/\/tienda.rigelec.com.ar\/?product=escalera-de-trabajo-41-escalones-porta-herramientas\",\"name\":\"ESCALERA DE TRABAJO 4+1 ESCALONES + PORTA HERRAMIENTAS ALUMINIO 1570MM - 150KG - Tienda Rigelec\",\"isPartOf\":{\"@id\":\"https:\/\/tienda.rigelec.com.ar\/#website\"},\"primaryImageOfPage\":{\"@id\":\"https:\/\/tienda.rigelec.com.ar\/?product=escalera-de-trabajo-41-escalones-porta-herramientas#primaryimage\"},\"image\":{\"@id\":\"https:\/\/tienda.rigelec.com.ar\/?product=escalera-de-trabajo-41-escalones-porta-herramientas#primaryimage\"},\"thumbnailUrl\":\"https:\/\/tienda.rigelec.com.ar\/wp-content\/uploads\/2025\/07\/ESCALERADETRABAJO41ESCALONESPORTAHERRAMIENTAS.jpg\",\"datePublished\":\"2025-07-30T18:35:58+00:00\",\"dateModified\":\"2026-05-01T05:04:54+00:00\",\"description\":\"ESCALERA DE TRABAJO 4+1 ESCALONES + PORTA HERRAMIENTAS ALUMINIO 1570MM - 150KG Tienda Rigelec ESCALERA DE TRABAJO 4+1 ESCALONES + PORTA HERRAMIENTAS\",\"breadcrumb\":{\"@id\":\"https:\/\/tienda.rigelec.com.ar\/?product=escalera-de-trabajo-41-escalones-porta-herramientas#breadcrumb\"},\"inLanguage\":\"es-AR\",\"potentialAction\":[{\"@type\":\"ReadAction\",\"target\":[\"https:\/\/tienda.rigelec.com.ar\/?product=escalera-de-trabajo-41-escalones-porta-herramientas\"]}]},{\"@type\":\"ImageObject\",\"inLanguage\":\"es-AR\",\"@id\":\"https:\/\/tienda.rigelec.com.ar\/?product=escalera-de-trabajo-41-escalones-porta-herramientas#primaryimage\",\"url\":\"https:\/\/tienda.rigelec.com.ar\/wp-content\/uploads\/2025\/07\/ESCALERADETRABAJO41ESCALONESPORTAHERRAMIENTAS.jpg\",\"contentUrl\":\"https:\/\/tienda.rigelec.com.ar\/wp-content\/uploads\/2025\/07\/ESCALERADETRABAJO41ESCALONESPORTAHERRAMIENTAS.jpg\",\"width\":2000,\"height\":2000},{\"@type\":\"BreadcrumbList\",\"@id\":\"https:\/\/tienda.rigelec.com.ar\/?product=escalera-de-trabajo-41-escalones-porta-herramientas#breadcrumb\",\"itemListElement\":[{\"@type\":\"ListItem\",\"position\":1,\"name\":\"Inicio\",\"item\":\"https:\/\/tienda.rigelec.com.ar\/\"},{\"@type\":\"ListItem\",\"position\":2,\"name\":\"Shop\",\"item\":\"https:\/\/tienda.rigelec.com.ar\/?page_id=12\"},{\"@type\":\"ListItem\",\"position\":3,\"name\":\"ESCALERA DE TRABAJO 4+1 ESCALONES + PORTA HERRAMIENTAS ALUMINIO 1570MM &#8211; 150KG\"}]},{\"@type\":\"WebSite\",\"@id\":\"https:\/\/tienda.rigelec.com.ar\/#website\",\"url\":\"https:\/\/tienda.rigelec.com.ar\/\",\"name\":\"Tienda Rigelec\",\"description\":\"Energia en movimiento\",\"publisher\":{\"@id\":\"https:\/\/tienda.rigelec.com.ar\/#organization\"},\"potentialAction\":[{\"@type\":\"SearchAction\",\"target\":{\"@type\":\"EntryPoint\",\"urlTemplate\":\"https:\/\/tienda.rigelec.com.ar\/?s={search_term_string}\"},\"query-input\":{\"@type\":\"PropertyValueSpecification\",\"valueRequired\":true,\"valueName\":\"search_term_string\"}}],\"inLanguage\":\"es-AR\"},{\"@type\":\"Organization\",\"@id\":\"https:\/\/tienda.rigelec.com.ar\/#organization\",\"name\":\"Tienda Rigelec\",\"url\":\"https:\/\/tienda.rigelec.com.ar\/\",\"logo\":{\"@type\":\"ImageObject\",\"inLanguage\":\"es-AR\",\"@id\":\"https:\/\/tienda.rigelec.com.ar\/#\/schema\/logo\/image\/\",\"url\":\"https:\/\/tienda.rigelec.com.ar\/wp-content\/uploads\/2024\/09\/isologo-blanco-rigelec.png\",\"contentUrl\":\"https:\/\/tienda.rigelec.com.ar\/wp-content\/uploads\/2024\/09\/isologo-blanco-rigelec.png\",\"width\":94,\"height\":97,\"caption\":\"Tienda Rigelec\"},\"image\":{\"@id\":\"https:\/\/tienda.rigelec.com.ar\/#\/schema\/logo\/image\/\"}}]}<\/script>\n<!-- \/ Yoast SEO plugin. -->","yoast_head_json":{"title":"ESCALERA DE TRABAJO 4+1 ESCALONES + PORTA HERRAMIENTAS ALUMINIO 1570MM - 150KG - Tienda Rigelec","description":"ESCALERA DE TRABAJO 4+1 ESCALONES + PORTA HERRAMIENTAS ALUMINIO 1570MM - 150KG Tienda Rigelec ESCALERA DE TRABAJO 4+1 ESCALONES + PORTA HERRAMIENTAS","robots":{"index":"index","follow":"follow","max-snippet":"max-snippet:-1","max-image-preview":"max-image-preview:large","max-video-preview":"max-video-preview:-1"},"canonical":"https:\/\/tienda.rigelec.com.ar\/?product=escalera-de-trabajo-41-escalones-porta-herramientas","og_locale":"es_ES","og_type":"article","og_title":"ESCALERA DE TRABAJO 4+1 ESCALONES + PORTA HERRAMIENTAS ALUMINIO 1570MM - 150KG - Tienda Rigelec","og_description":"ESCALERA DE TRABAJO 4+1 ESCALONES + PORTA HERRAMIENTAS ALUMINIO 1570MM - 150KG Tienda Rigelec ESCALERA DE TRABAJO 4+1 ESCALONES + PORTA HERRAMIENTAS","og_url":"https:\/\/tienda.rigelec.com.ar\/?product=escalera-de-trabajo-41-escalones-porta-herramientas","og_site_name":"Tienda Rigelec","article_modified_time":"2026-05-01T05:04:54+00:00","og_image":[{"width":2000,"height":2000,"url":"https:\/\/tienda.rigelec.com.ar\/wp-content\/uploads\/2025\/07\/ESCALERADETRABAJO41ESCALONESPORTAHERRAMIENTAS.jpg","type":"image\/jpeg"}],"twitter_card":"summary_large_image","twitter_misc":{"Tiempo de lectura":"2 minutos"},"schema":{"@context":"https:\/\/schema.org","@graph":[{"@type":"WebPage","@id":"https:\/\/tienda.rigelec.com.ar\/?product=escalera-de-trabajo-41-escalones-porta-herramientas","url":"https:\/\/tienda.rigelec.com.ar\/?product=escalera-de-trabajo-41-escalones-porta-herramientas","name":"ESCALERA DE TRABAJO 4+1 ESCALONES + PORTA HERRAMIENTAS ALUMINIO 1570MM - 150KG - Tienda Rigelec","isPartOf":{"@id":"https:\/\/tienda.rigelec.com.ar\/#website"},"primaryImageOfPage":{"@id":"https:\/\/tienda.rigelec.com.ar\/?product=escalera-de-trabajo-41-escalones-porta-herramientas#primaryimage"},"image":{"@id":"https:\/\/tienda.rigelec.com.ar\/?product=escalera-de-trabajo-41-escalones-porta-herramientas#primaryimage"},"thumbnailUrl":"https:\/\/tienda.rigelec.com.ar\/wp-content\/uploads\/2025\/07\/ESCALERADETRABAJO41ESCALONESPORTAHERRAMIENTAS.jpg","datePublished":"2025-07-30T18:35:58+00:00","dateModified":"2026-05-01T05:04:54+00:00","description":"ESCALERA DE TRABAJO 4+1 ESCALONES + PORTA HERRAMIENTAS ALUMINIO 1570MM - 150KG Tienda Rigelec ESCALERA DE TRABAJO 4+1 ESCALONES + PORTA HERRAMIENTAS","breadcrumb":{"@id":"https:\/\/tienda.rigelec.com.ar\/?product=escalera-de-trabajo-41-escalones-porta-herramientas#breadcrumb"},"inLanguage":"es-AR","potentialAction":[{"@type":"ReadAction","target":["https:\/\/tienda.rigelec.com.ar\/?product=escalera-de-trabajo-41-escalones-porta-herramientas"]}]},{"@type":"ImageObject","inLanguage":"es-AR","@id":"https:\/\/tienda.rigelec.com.ar\/?product=escalera-de-trabajo-41-escalones-porta-herramientas#primaryimage","url":"https:\/\/tienda.rigelec.com.ar\/wp-content\/uploads\/2025\/07\/ESCALERADETRABAJO41ESCALONESPORTAHERRAMIENTAS.jpg","contentUrl":"https:\/\/tienda.rigelec.com.ar\/wp-content\/uploads\/2025\/07\/ESCALERADETRABAJO41ESCALONESPORTAHERRAMIENTAS.jpg","width":2000,"height":2000},{"@type":"BreadcrumbList","@id":"https:\/\/tienda.rigelec.com.ar\/?product=escalera-de-trabajo-41-escalones-porta-herramientas#breadcrumb","itemListElement":[{"@type":"ListItem","position":1,"name":"Inicio","item":"https:\/\/tienda.rigelec.com.ar\/"},{"@type":"ListItem","position":2,"name":"Shop","item":"https:\/\/tienda.rigelec.com.ar\/?page_id=12"},{"@type":"ListItem","position":3,"name":"ESCALERA DE TRABAJO 4+1 ESCALONES + PORTA HERRAMIENTAS ALUMINIO 1570MM &#8211; 150KG"}]},{"@type":"WebSite","@id":"https:\/\/tienda.rigelec.com.ar\/#website","url":"https:\/\/tienda.rigelec.com.ar\/","name":"Tienda Rigelec","description":"Energia en movimiento","publisher":{"@id":"https:\/\/tienda.rigelec.com.ar\/#organization"},"potentialAction":[{"@type":"SearchAction","target":{"@type":"EntryPoint","urlTemplate":"https:\/\/tienda.rigelec.com.ar\/?s={search_term_string}"},"query-input":{"@type":"PropertyValueSpecification","valueRequired":true,"valueName":"search_term_string"}}],"inLanguage":"es-AR"},{"@type":"Organization","@id":"https:\/\/tienda.rigelec.com.ar\/#organization","name":"Tienda Rigelec","url":"https:\/\/tienda.rigelec.com.ar\/","logo":{"@type":"ImageObject","inLanguage":"es-AR","@id":"https:\/\/tienda.rigelec.com.ar\/#\/schema\/logo\/image\/","url":"https:\/\/tienda.rigelec.com.ar\/wp-content\/uploads\/2024\/09\/isologo-blanco-rigelec.png","contentUrl":"https:\/\/tienda.rigelec.com.ar\/wp-content\/uploads\/2024\/09\/isologo-blanco-rigelec.png","width":94,"height":97,"caption":"Tienda Rigelec"},"image":{"@id":"https:\/\/tienda.rigelec.com.ar\/#\/schema\/logo\/image\/"}}]}},"jetpack_sharing_enabled":true,"_links":{"self":[{"href":"https:\/\/tienda.rigelec.com.ar\/index.php?rest_route=\/wp\/v2\/product\/30870","targetHints":{"allow":["GET"]}}],"collection":[{"href":"https:\/\/tienda.rigelec.com.ar\/index.php?rest_route=\/wp\/v2\/product"}],"about":[{"href":"https:\/\/tienda.rigelec.com.ar\/index.php?rest_route=\/wp\/v2\/types\/product"}],"replies":[{"embeddable":true,"href":"https:\/\/tienda.rigelec.com.ar\/index.php?rest_route=%2Fwp%2Fv2%2Fcomments&post=30870"}],"wp:featuredmedia":[{"embeddable":true,"href":"https:\/\/tienda.rigelec.com.ar\/index.php?rest_route=\/wp\/v2\/media\/30871"}],"wp:attachment":[{"href":"https:\/\/tienda.rigelec.com.ar\/index.php?rest_route=%2Fwp%2Fv2%2Fmedia&parent=30870"}],"wp:term":[{"taxonomy":"product_brand","embeddable":true,"href":"https:\/\/tienda.rigelec.com.ar\/index.php?rest_route=%2Fwp%2Fv2%2Fproduct_brand&post=30870"},{"taxonomy":"product_cat","embeddable":true,"href":"https:\/\/tienda.rigelec.com.ar\/index.php?rest_route=%2Fwp%2Fv2%2Fproduct_cat&post=30870"},{"taxonomy":"product_tag","embeddable":true,"href":"https:\/\/tienda.rigelec.com.ar\/index.php?rest_route=%2Fwp%2Fv2%2Fproduct_tag&post=30870"}],"curies":[{"name":"wp","href":"https:\/\/api.w.org\/{rel}","templated":true}]}}