{"id":30874,"date":"2025-07-30T15:36:03","date_gmt":"2025-07-30T18:36:03","guid":{"rendered":"https:\/\/tienda.rigelec.com.ar\/?product=escalera-extensible-2x10-escalones-aluminio-5180mm-150kg"},"modified":"2026-05-01T02:06:00","modified_gmt":"2026-05-01T05:06:00","slug":"escalera-extensible-2x10-escalones","status":"publish","type":"product","link":"https:\/\/tienda.rigelec.com.ar\/?product=escalera-extensible-2x10-escalones","title":{"rendered":"ESCALERA EXTENSIBLE 2X10 ESCALONES ALUMINIO 5180MM &#8211; 150KG"},"content":{"rendered":"<p>ESCALERA EXTENSIBLE 2X10 ESCALONES<\/p>\n<h3 data-start=\"194\" data-end=\"293\"><strong data-start=\"198\" data-end=\"293\">Escalera extensible de aluminio 2&#215;10 escalones \u2013 Altura m\u00e1xima 5,18 m \u2013 Carga m\u00e1xima 150 kg<\/strong><\/h3>\n<p data-start=\"295\" data-end=\"677\">Ideal para trabajos de gran altura, esta escalera extensible de aluminio 2&#215;10 escalones ofrece una combinaci\u00f3n perfecta de resistencia, seguridad y practicidad. Su dise\u00f1o telesc\u00f3pico permite alcanzar una <strong data-start=\"499\" data-end=\"531\">altura m\u00e1xima de 5,18 metros<\/strong>, siendo apta para tareas profesionales en obra, mantenimiento edilicio, instalaci\u00f3n de luminarias, trabajos el\u00e9ctricos, limpieza de techos y m\u00e1s.<\/p>\n<p data-start=\"679\" data-end=\"992\">Gracias a su construcci\u00f3n en <strong data-start=\"708\" data-end=\"744\">aluminio liviano de alta calidad<\/strong>, es f\u00e1cil de manipular y transportar. El sistema extensible permite ajustarla a diferentes alturas seg\u00fan la necesidad. Sus pelda\u00f1os antideslizantes, su estructura estable y su capacidad de carga de 150 kg aseguran un trabajo confiable en cada uso.<\/p>\n<h3 data-start=\"999\" data-end=\"1032\"><strong data-start=\"1003\" data-end=\"1032\">Caracter\u00edsticas t\u00e9cnicas:<\/strong><\/h3>\n<ul data-start=\"1033\" data-end=\"1431\">\n<li data-start=\"1033\" data-end=\"1055\">\n<p data-start=\"1035\" data-end=\"1055\">Material: Aluminio<\/p>\n<\/li>\n<li data-start=\"1056\" data-end=\"1085\">\n<p data-start=\"1058\" data-end=\"1085\">Tipo: Escalera extensible<\/p>\n<\/li>\n<li data-start=\"1086\" data-end=\"1132\">\n<p data-start=\"1088\" data-end=\"1132\">Escalones: 2 tramos de 10 escalones (2&#215;10)<\/p>\n<\/li>\n<li data-start=\"1133\" data-end=\"1169\">\n<p data-start=\"1135\" data-end=\"1169\">Altura m\u00e1xima extendida: 5180 mm<\/p>\n<\/li>\n<li data-start=\"1170\" data-end=\"1197\">\n<p data-start=\"1172\" data-end=\"1197\">Altura cerrada: 3030 mm<\/p>\n<\/li>\n<li data-start=\"1198\" data-end=\"1235\">\n<p data-start=\"1200\" data-end=\"1235\">Elevaci\u00f3n entre escalones: 305 mm<\/p>\n<\/li>\n<li data-start=\"1236\" data-end=\"1275\">\n<p data-start=\"1238\" data-end=\"1275\">Tama\u00f1o abierto: 435 \u00d7 135 \u00d7 5180 mm<\/p>\n<\/li>\n<li data-start=\"1276\" data-end=\"1315\">\n<p data-start=\"1278\" data-end=\"1315\">Tama\u00f1o cerrado: 432 \u00d7 135 \u00d7 3030 mm<\/p>\n<\/li>\n<li data-start=\"1316\" data-end=\"1344\">\n<p data-start=\"1318\" data-end=\"1344\">Peso aproximado: 10,8 kg<\/p>\n<\/li>\n<li data-start=\"1345\" data-end=\"1382\">\n<p data-start=\"1347\" data-end=\"1382\">Capacidad m\u00e1xima: 150 kg (330 lb)<\/p>\n<\/li>\n<li data-start=\"1383\" data-end=\"1431\">\n<p data-start=\"1385\" data-end=\"1431\">Presentaci\u00f3n: Embalada en bolsa de polietileno<\/p>\n<\/li>\n<\/ul>\n","protected":false},"excerpt":{"rendered":"<p>Material: aluminio<br \/>\nNo de paso: 2&#215;10<br \/>\nAltura de extensi\u00f3n: 5180 mm<br \/>\nElevaci\u00f3n del escal\u00f3n: 305 mm<br \/>\nTama\u00f1o abierto: 435x135x5180mm<br \/>\nTama\u00f1o cerrado: 432x135x3030mm<br \/>\nAprox. peso: 10,8 kg<br \/>\nM\u00e1x. carga: 150 kg (330 libras)<br \/>\nEmbalado en bolsa de polietileno<\/p>\n","protected":false},"featured_media":30875,"comment_status":"open","ping_status":"closed","template":"","meta":{"_monsterinsights_skip_tracking":false,"_monsterinsights_sitenote_active":false,"_monsterinsights_sitenote_note":"","_monsterinsights_sitenote_category":0},"product_brand":[],"product_cat":[153],"product_tag":[452],"class_list":{"0":"post-30874","1":"product","2":"type-product","3":"status-publish","4":"has-post-thumbnail","6":"product_cat-a-herramientas","7":"product_tag-jadever","9":"first","10":"outofstock","11":"shipping-taxable","12":"purchasable","13":"product-type-simple"},"yoast_head":"<!-- This site is optimized with the Yoast SEO plugin v25.3.1 - https:\/\/yoast.com\/wordpress\/plugins\/seo\/ -->\n<title>ESCALERA EXTENSIBLE 2X10 ESCALONES ALUMINIO 5180MM - 150KG - Tienda Rigelec<\/title>\n<meta name=\"description\" content=\"ESCALERA EXTENSIBLE 2X10 ESCALONES ALUMINIO 5180MM - 150KG Tienda Rigelec ESCALERA EXTENSIBLE 2X10 ESCALONES Tienda Rigelec\" \/>\n<meta name=\"robots\" content=\"index, follow, max-snippet:-1, max-image-preview:large, max-video-preview:-1\" \/>\n<link rel=\"canonical\" href=\"https:\/\/tienda.rigelec.com.ar\/?product=escalera-extensible-2x10-escalones\" \/>\n<meta property=\"og:locale\" content=\"es_ES\" \/>\n<meta property=\"og:type\" content=\"article\" \/>\n<meta property=\"og:title\" content=\"ESCALERA EXTENSIBLE 2X10 ESCALONES ALUMINIO 5180MM - 150KG - Tienda Rigelec\" \/>\n<meta property=\"og:description\" content=\"ESCALERA EXTENSIBLE 2X10 ESCALONES ALUMINIO 5180MM - 150KG Tienda Rigelec ESCALERA EXTENSIBLE 2X10 ESCALONES Tienda Rigelec\" \/>\n<meta property=\"og:url\" content=\"https:\/\/tienda.rigelec.com.ar\/?product=escalera-extensible-2x10-escalones\" \/>\n<meta property=\"og:site_name\" content=\"Tienda Rigelec\" \/>\n<meta property=\"article:modified_time\" content=\"2026-05-01T05:06:00+00:00\" \/>\n<meta property=\"og:image\" content=\"https:\/\/tienda.rigelec.com.ar\/wp-content\/uploads\/2025\/07\/ESCALERAEXTENSIBLE2X10ESCALONES.jpg\" \/>\n\t<meta property=\"og:image:width\" content=\"2000\" \/>\n\t<meta property=\"og:image:height\" content=\"2000\" \/>\n\t<meta property=\"og:image:type\" content=\"image\/jpeg\" \/>\n<meta name=\"twitter:card\" content=\"summary_large_image\" \/>\n<meta name=\"twitter:label1\" content=\"Tiempo de lectura\" \/>\n\t<meta name=\"twitter:data1\" content=\"1 minuto\" \/>\n<script type=\"application\/ld+json\" class=\"yoast-schema-graph\">{\"@context\":\"https:\/\/schema.org\",\"@graph\":[{\"@type\":\"WebPage\",\"@id\":\"https:\/\/tienda.rigelec.com.ar\/?product=escalera-extensible-2x10-escalones\",\"url\":\"https:\/\/tienda.rigelec.com.ar\/?product=escalera-extensible-2x10-escalones\",\"name\":\"ESCALERA EXTENSIBLE 2X10 ESCALONES ALUMINIO 5180MM - 150KG - Tienda Rigelec\",\"isPartOf\":{\"@id\":\"https:\/\/tienda.rigelec.com.ar\/#website\"},\"primaryImageOfPage\":{\"@id\":\"https:\/\/tienda.rigelec.com.ar\/?product=escalera-extensible-2x10-escalones#primaryimage\"},\"image\":{\"@id\":\"https:\/\/tienda.rigelec.com.ar\/?product=escalera-extensible-2x10-escalones#primaryimage\"},\"thumbnailUrl\":\"https:\/\/tienda.rigelec.com.ar\/wp-content\/uploads\/2025\/07\/ESCALERAEXTENSIBLE2X10ESCALONES.jpg\",\"datePublished\":\"2025-07-30T18:36:03+00:00\",\"dateModified\":\"2026-05-01T05:06:00+00:00\",\"description\":\"ESCALERA EXTENSIBLE 2X10 ESCALONES ALUMINIO 5180MM - 150KG Tienda Rigelec ESCALERA EXTENSIBLE 2X10 ESCALONES Tienda Rigelec\",\"breadcrumb\":{\"@id\":\"https:\/\/tienda.rigelec.com.ar\/?product=escalera-extensible-2x10-escalones#breadcrumb\"},\"inLanguage\":\"es-AR\",\"potentialAction\":[{\"@type\":\"ReadAction\",\"target\":[\"https:\/\/tienda.rigelec.com.ar\/?product=escalera-extensible-2x10-escalones\"]}]},{\"@type\":\"ImageObject\",\"inLanguage\":\"es-AR\",\"@id\":\"https:\/\/tienda.rigelec.com.ar\/?product=escalera-extensible-2x10-escalones#primaryimage\",\"url\":\"https:\/\/tienda.rigelec.com.ar\/wp-content\/uploads\/2025\/07\/ESCALERAEXTENSIBLE2X10ESCALONES.jpg\",\"contentUrl\":\"https:\/\/tienda.rigelec.com.ar\/wp-content\/uploads\/2025\/07\/ESCALERAEXTENSIBLE2X10ESCALONES.jpg\",\"width\":2000,\"height\":2000},{\"@type\":\"BreadcrumbList\",\"@id\":\"https:\/\/tienda.rigelec.com.ar\/?product=escalera-extensible-2x10-escalones#breadcrumb\",\"itemListElement\":[{\"@type\":\"ListItem\",\"position\":1,\"name\":\"Inicio\",\"item\":\"https:\/\/tienda.rigelec.com.ar\/\"},{\"@type\":\"ListItem\",\"position\":2,\"name\":\"Shop\",\"item\":\"https:\/\/tienda.rigelec.com.ar\/?page_id=12\"},{\"@type\":\"ListItem\",\"position\":3,\"name\":\"ESCALERA EXTENSIBLE 2X10 ESCALONES ALUMINIO 5180MM &#8211; 150KG\"}]},{\"@type\":\"WebSite\",\"@id\":\"https:\/\/tienda.rigelec.com.ar\/#website\",\"url\":\"https:\/\/tienda.rigelec.com.ar\/\",\"name\":\"Tienda Rigelec\",\"description\":\"Energia en movimiento\",\"publisher\":{\"@id\":\"https:\/\/tienda.rigelec.com.ar\/#organization\"},\"potentialAction\":[{\"@type\":\"SearchAction\",\"target\":{\"@type\":\"EntryPoint\",\"urlTemplate\":\"https:\/\/tienda.rigelec.com.ar\/?s={search_term_string}\"},\"query-input\":{\"@type\":\"PropertyValueSpecification\",\"valueRequired\":true,\"valueName\":\"search_term_string\"}}],\"inLanguage\":\"es-AR\"},{\"@type\":\"Organization\",\"@id\":\"https:\/\/tienda.rigelec.com.ar\/#organization\",\"name\":\"Tienda Rigelec\",\"url\":\"https:\/\/tienda.rigelec.com.ar\/\",\"logo\":{\"@type\":\"ImageObject\",\"inLanguage\":\"es-AR\",\"@id\":\"https:\/\/tienda.rigelec.com.ar\/#\/schema\/logo\/image\/\",\"url\":\"https:\/\/tienda.rigelec.com.ar\/wp-content\/uploads\/2024\/09\/isologo-blanco-rigelec.png\",\"contentUrl\":\"https:\/\/tienda.rigelec.com.ar\/wp-content\/uploads\/2024\/09\/isologo-blanco-rigelec.png\",\"width\":94,\"height\":97,\"caption\":\"Tienda Rigelec\"},\"image\":{\"@id\":\"https:\/\/tienda.rigelec.com.ar\/#\/schema\/logo\/image\/\"}}]}<\/script>\n<!-- \/ Yoast SEO plugin. -->","yoast_head_json":{"title":"ESCALERA EXTENSIBLE 2X10 ESCALONES ALUMINIO 5180MM - 150KG - Tienda Rigelec","description":"ESCALERA EXTENSIBLE 2X10 ESCALONES ALUMINIO 5180MM - 150KG Tienda Rigelec ESCALERA EXTENSIBLE 2X10 ESCALONES Tienda Rigelec","robots":{"index":"index","follow":"follow","max-snippet":"max-snippet:-1","max-image-preview":"max-image-preview:large","max-video-preview":"max-video-preview:-1"},"canonical":"https:\/\/tienda.rigelec.com.ar\/?product=escalera-extensible-2x10-escalones","og_locale":"es_ES","og_type":"article","og_title":"ESCALERA EXTENSIBLE 2X10 ESCALONES ALUMINIO 5180MM - 150KG - Tienda Rigelec","og_description":"ESCALERA EXTENSIBLE 2X10 ESCALONES ALUMINIO 5180MM - 150KG Tienda Rigelec ESCALERA EXTENSIBLE 2X10 ESCALONES Tienda Rigelec","og_url":"https:\/\/tienda.rigelec.com.ar\/?product=escalera-extensible-2x10-escalones","og_site_name":"Tienda Rigelec","article_modified_time":"2026-05-01T05:06:00+00:00","og_image":[{"width":2000,"height":2000,"url":"https:\/\/tienda.rigelec.com.ar\/wp-content\/uploads\/2025\/07\/ESCALERAEXTENSIBLE2X10ESCALONES.jpg","type":"image\/jpeg"}],"twitter_card":"summary_large_image","twitter_misc":{"Tiempo de lectura":"1 minuto"},"schema":{"@context":"https:\/\/schema.org","@graph":[{"@type":"WebPage","@id":"https:\/\/tienda.rigelec.com.ar\/?product=escalera-extensible-2x10-escalones","url":"https:\/\/tienda.rigelec.com.ar\/?product=escalera-extensible-2x10-escalones","name":"ESCALERA EXTENSIBLE 2X10 ESCALONES ALUMINIO 5180MM - 150KG - Tienda Rigelec","isPartOf":{"@id":"https:\/\/tienda.rigelec.com.ar\/#website"},"primaryImageOfPage":{"@id":"https:\/\/tienda.rigelec.com.ar\/?product=escalera-extensible-2x10-escalones#primaryimage"},"image":{"@id":"https:\/\/tienda.rigelec.com.ar\/?product=escalera-extensible-2x10-escalones#primaryimage"},"thumbnailUrl":"https:\/\/tienda.rigelec.com.ar\/wp-content\/uploads\/2025\/07\/ESCALERAEXTENSIBLE2X10ESCALONES.jpg","datePublished":"2025-07-30T18:36:03+00:00","dateModified":"2026-05-01T05:06:00+00:00","description":"ESCALERA EXTENSIBLE 2X10 ESCALONES ALUMINIO 5180MM - 150KG Tienda Rigelec ESCALERA EXTENSIBLE 2X10 ESCALONES Tienda Rigelec","breadcrumb":{"@id":"https:\/\/tienda.rigelec.com.ar\/?product=escalera-extensible-2x10-escalones#breadcrumb"},"inLanguage":"es-AR","potentialAction":[{"@type":"ReadAction","target":["https:\/\/tienda.rigelec.com.ar\/?product=escalera-extensible-2x10-escalones"]}]},{"@type":"ImageObject","inLanguage":"es-AR","@id":"https:\/\/tienda.rigelec.com.ar\/?product=escalera-extensible-2x10-escalones#primaryimage","url":"https:\/\/tienda.rigelec.com.ar\/wp-content\/uploads\/2025\/07\/ESCALERAEXTENSIBLE2X10ESCALONES.jpg","contentUrl":"https:\/\/tienda.rigelec.com.ar\/wp-content\/uploads\/2025\/07\/ESCALERAEXTENSIBLE2X10ESCALONES.jpg","width":2000,"height":2000},{"@type":"BreadcrumbList","@id":"https:\/\/tienda.rigelec.com.ar\/?product=escalera-extensible-2x10-escalones#breadcrumb","itemListElement":[{"@type":"ListItem","position":1,"name":"Inicio","item":"https:\/\/tienda.rigelec.com.ar\/"},{"@type":"ListItem","position":2,"name":"Shop","item":"https:\/\/tienda.rigelec.com.ar\/?page_id=12"},{"@type":"ListItem","position":3,"name":"ESCALERA EXTENSIBLE 2X10 ESCALONES ALUMINIO 5180MM &#8211; 150KG"}]},{"@type":"WebSite","@id":"https:\/\/tienda.rigelec.com.ar\/#website","url":"https:\/\/tienda.rigelec.com.ar\/","name":"Tienda Rigelec","description":"Energia en movimiento","publisher":{"@id":"https:\/\/tienda.rigelec.com.ar\/#organization"},"potentialAction":[{"@type":"SearchAction","target":{"@type":"EntryPoint","urlTemplate":"https:\/\/tienda.rigelec.com.ar\/?s={search_term_string}"},"query-input":{"@type":"PropertyValueSpecification","valueRequired":true,"valueName":"search_term_string"}}],"inLanguage":"es-AR"},{"@type":"Organization","@id":"https:\/\/tienda.rigelec.com.ar\/#organization","name":"Tienda Rigelec","url":"https:\/\/tienda.rigelec.com.ar\/","logo":{"@type":"ImageObject","inLanguage":"es-AR","@id":"https:\/\/tienda.rigelec.com.ar\/#\/schema\/logo\/image\/","url":"https:\/\/tienda.rigelec.com.ar\/wp-content\/uploads\/2024\/09\/isologo-blanco-rigelec.png","contentUrl":"https:\/\/tienda.rigelec.com.ar\/wp-content\/uploads\/2024\/09\/isologo-blanco-rigelec.png","width":94,"height":97,"caption":"Tienda Rigelec"},"image":{"@id":"https:\/\/tienda.rigelec.com.ar\/#\/schema\/logo\/image\/"}}]}},"jetpack_sharing_enabled":true,"_links":{"self":[{"href":"https:\/\/tienda.rigelec.com.ar\/index.php?rest_route=\/wp\/v2\/product\/30874","targetHints":{"allow":["GET"]}}],"collection":[{"href":"https:\/\/tienda.rigelec.com.ar\/index.php?rest_route=\/wp\/v2\/product"}],"about":[{"href":"https:\/\/tienda.rigelec.com.ar\/index.php?rest_route=\/wp\/v2\/types\/product"}],"replies":[{"embeddable":true,"href":"https:\/\/tienda.rigelec.com.ar\/index.php?rest_route=%2Fwp%2Fv2%2Fcomments&post=30874"}],"wp:featuredmedia":[{"embeddable":true,"href":"https:\/\/tienda.rigelec.com.ar\/index.php?rest_route=\/wp\/v2\/media\/30875"}],"wp:attachment":[{"href":"https:\/\/tienda.rigelec.com.ar\/index.php?rest_route=%2Fwp%2Fv2%2Fmedia&parent=30874"}],"wp:term":[{"taxonomy":"product_brand","embeddable":true,"href":"https:\/\/tienda.rigelec.com.ar\/index.php?rest_route=%2Fwp%2Fv2%2Fproduct_brand&post=30874"},{"taxonomy":"product_cat","embeddable":true,"href":"https:\/\/tienda.rigelec.com.ar\/index.php?rest_route=%2Fwp%2Fv2%2Fproduct_cat&post=30874"},{"taxonomy":"product_tag","embeddable":true,"href":"https:\/\/tienda.rigelec.com.ar\/index.php?rest_route=%2Fwp%2Fv2%2Fproduct_tag&post=30874"}],"curies":[{"name":"wp","href":"https:\/\/api.w.org\/{rel}","templated":true}]}}