{"id":30902,"date":"2025-07-31T19:18:43","date_gmt":"2025-07-31T22:18:43","guid":{"rendered":"https:\/\/tienda.rigelec.com.ar\/?product=kit-de-seis-destornilladores-6pcs-set-6-piezas"},"modified":"2026-05-01T00:31:45","modified_gmt":"2026-05-01T03:31:45","slug":"kit-de-seis-destornilladores","status":"publish","type":"product","link":"https:\/\/tienda.rigelec.com.ar\/?product=kit-de-seis-destornilladores","title":{"rendered":"KIT DE SEIS DESTORNILLADORES 6PCS\/SET 6 PIEZAS"},"content":{"rendered":"<p>KIT DE SEIS DESTORNILLADORES<\/p>\n<h3 data-start=\"218\" data-end=\"293\"><strong data-start=\"222\" data-end=\"293\">Kit de destornilladores 6 piezas \u2013 Planos y Phillips \u2013 Set 6PCS\/SET<\/strong><\/h3>\n<p data-start=\"295\" data-end=\"562\">Este <strong data-start=\"300\" data-end=\"329\">kit de 6 destornilladores<\/strong> es ideal para tareas de mantenimiento, reparaci\u00f3n, bricolaje o uso profesional. Incluye puntas planas (SL) y Philips (PH) en diferentes longitudes, lo que lo convierte en un set completo y vers\u00e1til para cubrir m\u00faltiples necesidades.<\/p>\n<p data-start=\"564\" data-end=\"793\">Las herramientas est\u00e1n fabricadas con materiales resistentes, ideales para un uso prolongado. Son aptas para trabajos el\u00e9ctricos, mec\u00e1nicos, montaje de muebles o electr\u00f3nica. Su dise\u00f1o ergon\u00f3mico brinda un agarre c\u00f3modo y seguro.<\/p>\n<h3 data-start=\"800\" data-end=\"826\"><strong data-start=\"804\" data-end=\"826\">Contenido del set:<\/strong><\/h3>\n<ul data-start=\"827\" data-end=\"1008\">\n<li data-start=\"827\" data-end=\"919\">\n<p data-start=\"829\" data-end=\"857\"><strong data-start=\"829\" data-end=\"857\">Destornilladores planos:<\/strong><\/p>\n<ul data-start=\"860\" data-end=\"919\">\n<li data-start=\"860\" data-end=\"877\">\n<p data-start=\"862\" data-end=\"877\">SL5.5 \u00d7 75 mm<\/p>\n<\/li>\n<li data-start=\"880\" data-end=\"898\">\n<p data-start=\"882\" data-end=\"898\">SL5.5 \u00d7 100 mm<\/p>\n<\/li>\n<li data-start=\"901\" data-end=\"919\">\n<p data-start=\"903\" data-end=\"919\">SL6.5 \u00d7 150 mm<\/p>\n<\/li>\n<\/ul>\n<\/li>\n<li data-start=\"921\" data-end=\"1008\">\n<p data-start=\"923\" data-end=\"952\"><strong data-start=\"923\" data-end=\"952\">Destornilladores Philips:<\/strong><\/p>\n<ul data-start=\"955\" data-end=\"1008\">\n<li data-start=\"955\" data-end=\"970\">\n<p data-start=\"957\" data-end=\"970\">PH1 \u00d7 75 mm<\/p>\n<\/li>\n<li data-start=\"973\" data-end=\"989\">\n<p data-start=\"975\" data-end=\"989\">PH1 \u00d7 100 mm<\/p>\n<\/li>\n<li data-start=\"992\" data-end=\"1008\">\n<p data-start=\"994\" data-end=\"1008\">PH2 \u00d7 150 mm<\/p>\n<\/li>\n<\/ul>\n<\/li>\n<\/ul>\n<h3 data-start=\"1015\" data-end=\"1050\"><strong data-start=\"1019\" data-end=\"1050\">Caracter\u00edsticas destacadas:<\/strong><\/h3>\n<ul data-start=\"1051\" data-end=\"1290\">\n<li data-start=\"1051\" data-end=\"1107\">\n<p data-start=\"1053\" data-end=\"1107\">Kit completo: 6 destornilladores en medidas est\u00e1ndar<\/p>\n<\/li>\n<li data-start=\"1108\" data-end=\"1150\">\n<p data-start=\"1110\" data-end=\"1150\">Combinaci\u00f3n de puntas planas y Philips<\/p>\n<\/li>\n<li data-start=\"1151\" data-end=\"1202\">\n<p data-start=\"1153\" data-end=\"1202\">Ideal para uso dom\u00e9stico, profesional y t\u00e9cnico<\/p>\n<\/li>\n<li data-start=\"1203\" data-end=\"1245\">\n<p data-start=\"1205\" data-end=\"1245\">Dise\u00f1o c\u00f3modo y seguro para el usuario<\/p>\n<\/li>\n<li data-start=\"1246\" data-end=\"1290\">\n<p data-start=\"1248\" data-end=\"1290\">Presentaci\u00f3n compacta y f\u00e1cil de almacenar<\/p>\n<\/li>\n<\/ul>\n","protected":false},"excerpt":{"rendered":"<p>Kit de destornilladores &#8211; 6 piezas &#8211;<br \/>\n-Plano SL5.5 x 75mm<br \/>\n-Plano SL5.5 x 100mm<br \/>\n-Plano SL6.5 x 150mm<br \/>\n-Phillips PH1 x 75mm<br \/>\n-Phillips PH1 x 100mm<br \/>\n-Phillips PH2 x 150mm<br \/>\n&#8220;<\/p>\n","protected":false},"featured_media":30903,"comment_status":"open","ping_status":"closed","template":"","meta":{"_monsterinsights_skip_tracking":false,"_monsterinsights_sitenote_active":false,"_monsterinsights_sitenote_note":"","_monsterinsights_sitenote_category":0},"product_brand":[],"product_cat":[363],"product_tag":[452],"class_list":{"0":"post-30902","1":"product","2":"type-product","3":"status-publish","4":"has-post-thumbnail","6":"product_cat-i-destornillador","7":"product_tag-jadever","9":"first","10":"outofstock","11":"shipping-taxable","12":"purchasable","13":"product-type-simple"},"yoast_head":"<!-- This site is optimized with the Yoast SEO plugin v25.3.1 - https:\/\/yoast.com\/wordpress\/plugins\/seo\/ -->\n<title>KIT DE SEIS DESTORNILLADORES 6PCS\/SET 6 PIEZAS - Tienda Rigelec<\/title>\n<meta name=\"description\" content=\"KIT DE SEIS DESTORNILLADORES 6PCS\/SET 6 PIEZAS Tienda Rigelec KIT DE SEIS DESTORNILLADORES 6PCS\/SET 6 PIEZAS KIT DE SEIS DESTORNILLADORES\" \/>\n<meta name=\"robots\" content=\"index, follow, max-snippet:-1, max-image-preview:large, max-video-preview:-1\" \/>\n<link rel=\"canonical\" href=\"https:\/\/tienda.rigelec.com.ar\/?product=kit-de-seis-destornilladores\" \/>\n<meta property=\"og:locale\" content=\"es_ES\" \/>\n<meta property=\"og:type\" content=\"article\" \/>\n<meta property=\"og:title\" content=\"KIT DE SEIS DESTORNILLADORES 6PCS\/SET 6 PIEZAS - Tienda Rigelec\" \/>\n<meta property=\"og:description\" content=\"KIT DE SEIS DESTORNILLADORES 6PCS\/SET 6 PIEZAS Tienda Rigelec KIT DE SEIS DESTORNILLADORES 6PCS\/SET 6 PIEZAS KIT DE SEIS DESTORNILLADORES\" \/>\n<meta property=\"og:url\" content=\"https:\/\/tienda.rigelec.com.ar\/?product=kit-de-seis-destornilladores\" \/>\n<meta property=\"og:site_name\" content=\"Tienda Rigelec\" \/>\n<meta property=\"article:modified_time\" content=\"2026-05-01T03:31:45+00:00\" \/>\n<meta property=\"og:image\" content=\"https:\/\/tienda.rigelec.com.ar\/wp-content\/uploads\/2025\/07\/KITDESEISDESTORNILLADORES.jpg\" \/>\n\t<meta property=\"og:image:width\" content=\"909\" \/>\n\t<meta property=\"og:image:height\" content=\"955\" \/>\n\t<meta property=\"og:image:type\" content=\"image\/jpeg\" \/>\n<meta name=\"twitter:card\" content=\"summary_large_image\" \/>\n<meta name=\"twitter:label1\" content=\"Tiempo de lectura\" \/>\n\t<meta name=\"twitter:data1\" content=\"1 minuto\" \/>\n<script type=\"application\/ld+json\" class=\"yoast-schema-graph\">{\"@context\":\"https:\/\/schema.org\",\"@graph\":[{\"@type\":\"WebPage\",\"@id\":\"https:\/\/tienda.rigelec.com.ar\/?product=kit-de-seis-destornilladores\",\"url\":\"https:\/\/tienda.rigelec.com.ar\/?product=kit-de-seis-destornilladores\",\"name\":\"KIT DE SEIS DESTORNILLADORES 6PCS\/SET 6 PIEZAS - Tienda Rigelec\",\"isPartOf\":{\"@id\":\"https:\/\/tienda.rigelec.com.ar\/#website\"},\"primaryImageOfPage\":{\"@id\":\"https:\/\/tienda.rigelec.com.ar\/?product=kit-de-seis-destornilladores#primaryimage\"},\"image\":{\"@id\":\"https:\/\/tienda.rigelec.com.ar\/?product=kit-de-seis-destornilladores#primaryimage\"},\"thumbnailUrl\":\"https:\/\/tienda.rigelec.com.ar\/wp-content\/uploads\/2025\/07\/KITDESEISDESTORNILLADORES.jpg\",\"datePublished\":\"2025-07-31T22:18:43+00:00\",\"dateModified\":\"2026-05-01T03:31:45+00:00\",\"description\":\"KIT DE SEIS DESTORNILLADORES 6PCS\/SET 6 PIEZAS Tienda Rigelec KIT DE SEIS DESTORNILLADORES 6PCS\/SET 6 PIEZAS KIT DE SEIS DESTORNILLADORES\",\"breadcrumb\":{\"@id\":\"https:\/\/tienda.rigelec.com.ar\/?product=kit-de-seis-destornilladores#breadcrumb\"},\"inLanguage\":\"es-AR\",\"potentialAction\":[{\"@type\":\"ReadAction\",\"target\":[\"https:\/\/tienda.rigelec.com.ar\/?product=kit-de-seis-destornilladores\"]}]},{\"@type\":\"ImageObject\",\"inLanguage\":\"es-AR\",\"@id\":\"https:\/\/tienda.rigelec.com.ar\/?product=kit-de-seis-destornilladores#primaryimage\",\"url\":\"https:\/\/tienda.rigelec.com.ar\/wp-content\/uploads\/2025\/07\/KITDESEISDESTORNILLADORES.jpg\",\"contentUrl\":\"https:\/\/tienda.rigelec.com.ar\/wp-content\/uploads\/2025\/07\/KITDESEISDESTORNILLADORES.jpg\",\"width\":909,\"height\":955},{\"@type\":\"BreadcrumbList\",\"@id\":\"https:\/\/tienda.rigelec.com.ar\/?product=kit-de-seis-destornilladores#breadcrumb\",\"itemListElement\":[{\"@type\":\"ListItem\",\"position\":1,\"name\":\"Inicio\",\"item\":\"https:\/\/tienda.rigelec.com.ar\/\"},{\"@type\":\"ListItem\",\"position\":2,\"name\":\"Shop\",\"item\":\"https:\/\/tienda.rigelec.com.ar\/?page_id=12\"},{\"@type\":\"ListItem\",\"position\":3,\"name\":\"KIT DE SEIS DESTORNILLADORES 6PCS\/SET 6 PIEZAS\"}]},{\"@type\":\"WebSite\",\"@id\":\"https:\/\/tienda.rigelec.com.ar\/#website\",\"url\":\"https:\/\/tienda.rigelec.com.ar\/\",\"name\":\"Tienda Rigelec\",\"description\":\"Energia en movimiento\",\"publisher\":{\"@id\":\"https:\/\/tienda.rigelec.com.ar\/#organization\"},\"potentialAction\":[{\"@type\":\"SearchAction\",\"target\":{\"@type\":\"EntryPoint\",\"urlTemplate\":\"https:\/\/tienda.rigelec.com.ar\/?s={search_term_string}\"},\"query-input\":{\"@type\":\"PropertyValueSpecification\",\"valueRequired\":true,\"valueName\":\"search_term_string\"}}],\"inLanguage\":\"es-AR\"},{\"@type\":\"Organization\",\"@id\":\"https:\/\/tienda.rigelec.com.ar\/#organization\",\"name\":\"Tienda Rigelec\",\"url\":\"https:\/\/tienda.rigelec.com.ar\/\",\"logo\":{\"@type\":\"ImageObject\",\"inLanguage\":\"es-AR\",\"@id\":\"https:\/\/tienda.rigelec.com.ar\/#\/schema\/logo\/image\/\",\"url\":\"https:\/\/tienda.rigelec.com.ar\/wp-content\/uploads\/2024\/09\/isologo-blanco-rigelec.png\",\"contentUrl\":\"https:\/\/tienda.rigelec.com.ar\/wp-content\/uploads\/2024\/09\/isologo-blanco-rigelec.png\",\"width\":94,\"height\":97,\"caption\":\"Tienda Rigelec\"},\"image\":{\"@id\":\"https:\/\/tienda.rigelec.com.ar\/#\/schema\/logo\/image\/\"}}]}<\/script>\n<!-- \/ Yoast SEO plugin. -->","yoast_head_json":{"title":"KIT DE SEIS DESTORNILLADORES 6PCS\/SET 6 PIEZAS - Tienda Rigelec","description":"KIT DE SEIS DESTORNILLADORES 6PCS\/SET 6 PIEZAS Tienda Rigelec KIT DE SEIS DESTORNILLADORES 6PCS\/SET 6 PIEZAS KIT DE SEIS DESTORNILLADORES","robots":{"index":"index","follow":"follow","max-snippet":"max-snippet:-1","max-image-preview":"max-image-preview:large","max-video-preview":"max-video-preview:-1"},"canonical":"https:\/\/tienda.rigelec.com.ar\/?product=kit-de-seis-destornilladores","og_locale":"es_ES","og_type":"article","og_title":"KIT DE SEIS DESTORNILLADORES 6PCS\/SET 6 PIEZAS - Tienda Rigelec","og_description":"KIT DE SEIS DESTORNILLADORES 6PCS\/SET 6 PIEZAS Tienda Rigelec KIT DE SEIS DESTORNILLADORES 6PCS\/SET 6 PIEZAS KIT DE SEIS DESTORNILLADORES","og_url":"https:\/\/tienda.rigelec.com.ar\/?product=kit-de-seis-destornilladores","og_site_name":"Tienda Rigelec","article_modified_time":"2026-05-01T03:31:45+00:00","og_image":[{"width":909,"height":955,"url":"https:\/\/tienda.rigelec.com.ar\/wp-content\/uploads\/2025\/07\/KITDESEISDESTORNILLADORES.jpg","type":"image\/jpeg"}],"twitter_card":"summary_large_image","twitter_misc":{"Tiempo de lectura":"1 minuto"},"schema":{"@context":"https:\/\/schema.org","@graph":[{"@type":"WebPage","@id":"https:\/\/tienda.rigelec.com.ar\/?product=kit-de-seis-destornilladores","url":"https:\/\/tienda.rigelec.com.ar\/?product=kit-de-seis-destornilladores","name":"KIT DE SEIS DESTORNILLADORES 6PCS\/SET 6 PIEZAS - Tienda Rigelec","isPartOf":{"@id":"https:\/\/tienda.rigelec.com.ar\/#website"},"primaryImageOfPage":{"@id":"https:\/\/tienda.rigelec.com.ar\/?product=kit-de-seis-destornilladores#primaryimage"},"image":{"@id":"https:\/\/tienda.rigelec.com.ar\/?product=kit-de-seis-destornilladores#primaryimage"},"thumbnailUrl":"https:\/\/tienda.rigelec.com.ar\/wp-content\/uploads\/2025\/07\/KITDESEISDESTORNILLADORES.jpg","datePublished":"2025-07-31T22:18:43+00:00","dateModified":"2026-05-01T03:31:45+00:00","description":"KIT DE SEIS DESTORNILLADORES 6PCS\/SET 6 PIEZAS Tienda Rigelec KIT DE SEIS DESTORNILLADORES 6PCS\/SET 6 PIEZAS KIT DE SEIS DESTORNILLADORES","breadcrumb":{"@id":"https:\/\/tienda.rigelec.com.ar\/?product=kit-de-seis-destornilladores#breadcrumb"},"inLanguage":"es-AR","potentialAction":[{"@type":"ReadAction","target":["https:\/\/tienda.rigelec.com.ar\/?product=kit-de-seis-destornilladores"]}]},{"@type":"ImageObject","inLanguage":"es-AR","@id":"https:\/\/tienda.rigelec.com.ar\/?product=kit-de-seis-destornilladores#primaryimage","url":"https:\/\/tienda.rigelec.com.ar\/wp-content\/uploads\/2025\/07\/KITDESEISDESTORNILLADORES.jpg","contentUrl":"https:\/\/tienda.rigelec.com.ar\/wp-content\/uploads\/2025\/07\/KITDESEISDESTORNILLADORES.jpg","width":909,"height":955},{"@type":"BreadcrumbList","@id":"https:\/\/tienda.rigelec.com.ar\/?product=kit-de-seis-destornilladores#breadcrumb","itemListElement":[{"@type":"ListItem","position":1,"name":"Inicio","item":"https:\/\/tienda.rigelec.com.ar\/"},{"@type":"ListItem","position":2,"name":"Shop","item":"https:\/\/tienda.rigelec.com.ar\/?page_id=12"},{"@type":"ListItem","position":3,"name":"KIT DE SEIS DESTORNILLADORES 6PCS\/SET 6 PIEZAS"}]},{"@type":"WebSite","@id":"https:\/\/tienda.rigelec.com.ar\/#website","url":"https:\/\/tienda.rigelec.com.ar\/","name":"Tienda Rigelec","description":"Energia en movimiento","publisher":{"@id":"https:\/\/tienda.rigelec.com.ar\/#organization"},"potentialAction":[{"@type":"SearchAction","target":{"@type":"EntryPoint","urlTemplate":"https:\/\/tienda.rigelec.com.ar\/?s={search_term_string}"},"query-input":{"@type":"PropertyValueSpecification","valueRequired":true,"valueName":"search_term_string"}}],"inLanguage":"es-AR"},{"@type":"Organization","@id":"https:\/\/tienda.rigelec.com.ar\/#organization","name":"Tienda Rigelec","url":"https:\/\/tienda.rigelec.com.ar\/","logo":{"@type":"ImageObject","inLanguage":"es-AR","@id":"https:\/\/tienda.rigelec.com.ar\/#\/schema\/logo\/image\/","url":"https:\/\/tienda.rigelec.com.ar\/wp-content\/uploads\/2024\/09\/isologo-blanco-rigelec.png","contentUrl":"https:\/\/tienda.rigelec.com.ar\/wp-content\/uploads\/2024\/09\/isologo-blanco-rigelec.png","width":94,"height":97,"caption":"Tienda Rigelec"},"image":{"@id":"https:\/\/tienda.rigelec.com.ar\/#\/schema\/logo\/image\/"}}]}},"jetpack_sharing_enabled":true,"_links":{"self":[{"href":"https:\/\/tienda.rigelec.com.ar\/index.php?rest_route=\/wp\/v2\/product\/30902","targetHints":{"allow":["GET"]}}],"collection":[{"href":"https:\/\/tienda.rigelec.com.ar\/index.php?rest_route=\/wp\/v2\/product"}],"about":[{"href":"https:\/\/tienda.rigelec.com.ar\/index.php?rest_route=\/wp\/v2\/types\/product"}],"replies":[{"embeddable":true,"href":"https:\/\/tienda.rigelec.com.ar\/index.php?rest_route=%2Fwp%2Fv2%2Fcomments&post=30902"}],"wp:featuredmedia":[{"embeddable":true,"href":"https:\/\/tienda.rigelec.com.ar\/index.php?rest_route=\/wp\/v2\/media\/30903"}],"wp:attachment":[{"href":"https:\/\/tienda.rigelec.com.ar\/index.php?rest_route=%2Fwp%2Fv2%2Fmedia&parent=30902"}],"wp:term":[{"taxonomy":"product_brand","embeddable":true,"href":"https:\/\/tienda.rigelec.com.ar\/index.php?rest_route=%2Fwp%2Fv2%2Fproduct_brand&post=30902"},{"taxonomy":"product_cat","embeddable":true,"href":"https:\/\/tienda.rigelec.com.ar\/index.php?rest_route=%2Fwp%2Fv2%2Fproduct_cat&post=30902"},{"taxonomy":"product_tag","embeddable":true,"href":"https:\/\/tienda.rigelec.com.ar\/index.php?rest_route=%2Fwp%2Fv2%2Fproduct_tag&post=30902"}],"curies":[{"name":"wp","href":"https:\/\/api.w.org\/{rel}","templated":true}]}}