{"id":30904,"date":"2025-07-31T19:19:59","date_gmt":"2025-07-31T22:19:59","guid":{"rendered":"https:\/\/tienda.rigelec.com.ar\/?product=kit-de-destornilladores-precision-31-en1-31in1"},"modified":"2026-05-01T00:33:07","modified_gmt":"2026-05-01T03:33:07","slug":"kit-de-destornilladores-precision","status":"publish","type":"product","link":"https:\/\/tienda.rigelec.com.ar\/?product=kit-de-destornilladores-precision","title":{"rendered":"KIT DE DESTORNILLADORES PRECISION 31 EN1 31IN1"},"content":{"rendered":"<p>KIT DE DESTORNILLADORES PRECISION 31 EN1<\/p>\n<h3 data-start=\"198\" data-end=\"263\"><strong data-start=\"202\" data-end=\"263\">Kit de destornilladores de precisi\u00f3n 31 en 1 \u2013 Acero CR-V<\/strong><\/h3>\n<p data-start=\"265\" data-end=\"626\">Este <strong data-start=\"270\" data-end=\"318\">kit de destornilladores de precisi\u00f3n 31 en 1<\/strong> es la herramienta ideal para trabajos delicados y de alta precisi\u00f3n. Dise\u00f1ado para tareas electr\u00f3nicas, reparaci\u00f3n de celulares, relojes, lentes, notebooks o consolas, ofrece una amplia variedad de puntas fabricadas en <strong data-start=\"538\" data-end=\"568\">acero cromo-vanadio (CR-V)<\/strong>, reconocido por su durabilidad y resistencia al desgaste.<\/p>\n<p data-start=\"628\" data-end=\"853\">El mango ergon\u00f3mico antideslizante permite un manejo c\u00f3modo y firme durante el uso prolongado. Adem\u00e1s, su presentaci\u00f3n compacta y organizada lo convierte en un aliado pr\u00e1ctico tanto para profesionales como para uso dom\u00e9stico.<\/p>\n<h3 data-start=\"860\" data-end=\"886\"><strong data-start=\"864\" data-end=\"886\">Contenido del kit:<\/strong><\/h3>\n<ul data-start=\"887\" data-end=\"1142\">\n<li data-start=\"887\" data-end=\"930\">\n<p data-start=\"889\" data-end=\"930\"><strong data-start=\"889\" data-end=\"928\">1 mango ergon\u00f3mico con agarre suave<\/strong><\/p>\n<\/li>\n<li data-start=\"931\" data-end=\"1142\">\n<p data-start=\"933\" data-end=\"972\"><strong data-start=\"933\" data-end=\"972\">30 puntas de precisi\u00f3n (4 \u00d7 28 mm):<\/strong><\/p>\n<ul data-start=\"975\" data-end=\"1142\">\n<li data-start=\"975\" data-end=\"992\">\n<p data-start=\"977\" data-end=\"992\">7 planas (SL)<\/p>\n<\/li>\n<li data-start=\"995\" data-end=\"1013\">\n<p data-start=\"997\" data-end=\"1013\">4 Philips (PH)<\/p>\n<\/li>\n<li data-start=\"1016\" data-end=\"1033\">\n<p data-start=\"1018\" data-end=\"1033\">6 hexagonales<\/p>\n<\/li>\n<li data-start=\"1036\" data-end=\"1046\">\n<p data-start=\"1038\" data-end=\"1046\">8 torx<\/p>\n<\/li>\n<li data-start=\"1049\" data-end=\"1059\">\n<p data-start=\"1051\" data-end=\"1059\">1 U2.0<\/p>\n<\/li>\n<li data-start=\"1062\" data-end=\"1070\">\n<p data-start=\"1064\" data-end=\"1070\">1 Y3<\/p>\n<\/li>\n<li data-start=\"1073\" data-end=\"1105\">\n<p data-start=\"1075\" data-end=\"1105\">1 estrella de 5 puntas (2.0)<\/p>\n<\/li>\n<li data-start=\"1108\" data-end=\"1120\">\n<p data-start=\"1110\" data-end=\"1120\">1 punz\u00f3n<\/p>\n<\/li>\n<li data-start=\"1123\" data-end=\"1142\">\n<p data-start=\"1125\" data-end=\"1142\">1 tri\u00e1ngulo (2.3)<\/p>\n<\/li>\n<\/ul>\n<\/li>\n<\/ul>\n<h3 data-start=\"1149\" data-end=\"1184\"><strong data-start=\"1153\" data-end=\"1184\">Caracter\u00edsticas destacadas:<\/strong><\/h3>\n<ul data-start=\"1185\" data-end=\"1409\">\n<li data-start=\"1185\" data-end=\"1220\">\n<p data-start=\"1187\" data-end=\"1220\">Puntas fabricadas en acero CR-V<\/p>\n<\/li>\n<li data-start=\"1221\" data-end=\"1269\">\n<p data-start=\"1223\" data-end=\"1269\">Amplia variedad para electr\u00f3nica y precisi\u00f3n<\/p>\n<\/li>\n<li data-start=\"1270\" data-end=\"1310\">\n<p data-start=\"1272\" data-end=\"1310\">Mango antideslizante de f\u00e1cil agarre<\/p>\n<\/li>\n<li data-start=\"1311\" data-end=\"1370\">\n<p data-start=\"1313\" data-end=\"1370\">Ideal para t\u00e9cnicos, aficionados y reparaciones en casa<\/p>\n<\/li>\n<\/ul>\n","protected":false},"excerpt":{"rendered":"<p>Kit de destornilladores de precisi\u00f3n 31 en 1 &#8211; Acero CR-V &#8211;<br \/>\n-Mango suave<br \/>\n-30 puntas de 4 x 28mm: 7 SL<br \/>\n-4 PH<br \/>\n-6 hexagonal<br \/>\n-8 torx<br \/>\n-U2.0<br \/>\n-Y3<br \/>\n-5 estrellas 2.0<br \/>\n-Punz\u00f3n<br \/>\n-Tri\u00e1ngulo 2.3<\/p>\n","protected":false},"featured_media":30905,"comment_status":"open","ping_status":"closed","template":"","meta":{"_monsterinsights_skip_tracking":false,"_monsterinsights_sitenote_active":false,"_monsterinsights_sitenote_note":"","_monsterinsights_sitenote_category":0},"product_brand":[],"product_cat":[363],"product_tag":[452],"class_list":{"0":"post-30904","1":"product","2":"type-product","3":"status-publish","4":"has-post-thumbnail","6":"product_cat-i-destornillador","7":"product_tag-jadever","9":"first","10":"outofstock","11":"shipping-taxable","12":"purchasable","13":"product-type-simple"},"yoast_head":"<!-- This site is optimized with the Yoast SEO plugin v25.3.1 - https:\/\/yoast.com\/wordpress\/plugins\/seo\/ -->\n<title>KIT DE DESTORNILLADORES PRECISION 31 EN1 31IN1 - Tienda Rigelec<\/title>\n<meta name=\"description\" content=\"KIT DE DESTORNILLADORES PRECISION 31 EN1 31IN1 Tienda Rigelec KIT DE DESTORNILLADORES PRECISION KIT DE DESTORNILLADORES PRECISION 31 EN1 31IN1\" \/>\n<meta name=\"robots\" content=\"index, follow, max-snippet:-1, max-image-preview:large, max-video-preview:-1\" \/>\n<link rel=\"canonical\" href=\"https:\/\/tienda.rigelec.com.ar\/?product=kit-de-destornilladores-precision\" \/>\n<meta property=\"og:locale\" content=\"es_ES\" \/>\n<meta property=\"og:type\" content=\"article\" \/>\n<meta property=\"og:title\" content=\"KIT DE DESTORNILLADORES PRECISION 31 EN1 31IN1 - Tienda Rigelec\" \/>\n<meta property=\"og:description\" content=\"KIT DE DESTORNILLADORES PRECISION 31 EN1 31IN1 Tienda Rigelec KIT DE DESTORNILLADORES PRECISION KIT DE DESTORNILLADORES PRECISION 31 EN1 31IN1\" \/>\n<meta property=\"og:url\" content=\"https:\/\/tienda.rigelec.com.ar\/?product=kit-de-destornilladores-precision\" \/>\n<meta property=\"og:site_name\" content=\"Tienda Rigelec\" \/>\n<meta property=\"article:modified_time\" content=\"2026-05-01T03:33:07+00:00\" \/>\n<meta property=\"og:image\" content=\"https:\/\/tienda.rigelec.com.ar\/wp-content\/uploads\/2025\/07\/KITDEDESTORNILLADORESPRECISION31EN1.jpg\" \/>\n\t<meta property=\"og:image:width\" content=\"1080\" \/>\n\t<meta property=\"og:image:height\" content=\"1080\" \/>\n\t<meta property=\"og:image:type\" content=\"image\/jpeg\" \/>\n<meta name=\"twitter:card\" content=\"summary_large_image\" \/>\n<meta name=\"twitter:label1\" content=\"Tiempo de lectura\" \/>\n\t<meta name=\"twitter:data1\" content=\"1 minuto\" \/>\n<script type=\"application\/ld+json\" class=\"yoast-schema-graph\">{\"@context\":\"https:\/\/schema.org\",\"@graph\":[{\"@type\":\"WebPage\",\"@id\":\"https:\/\/tienda.rigelec.com.ar\/?product=kit-de-destornilladores-precision\",\"url\":\"https:\/\/tienda.rigelec.com.ar\/?product=kit-de-destornilladores-precision\",\"name\":\"KIT DE DESTORNILLADORES PRECISION 31 EN1 31IN1 - Tienda Rigelec\",\"isPartOf\":{\"@id\":\"https:\/\/tienda.rigelec.com.ar\/#website\"},\"primaryImageOfPage\":{\"@id\":\"https:\/\/tienda.rigelec.com.ar\/?product=kit-de-destornilladores-precision#primaryimage\"},\"image\":{\"@id\":\"https:\/\/tienda.rigelec.com.ar\/?product=kit-de-destornilladores-precision#primaryimage\"},\"thumbnailUrl\":\"https:\/\/tienda.rigelec.com.ar\/wp-content\/uploads\/2025\/07\/KITDEDESTORNILLADORESPRECISION31EN1.jpg\",\"datePublished\":\"2025-07-31T22:19:59+00:00\",\"dateModified\":\"2026-05-01T03:33:07+00:00\",\"description\":\"KIT DE DESTORNILLADORES PRECISION 31 EN1 31IN1 Tienda Rigelec KIT DE DESTORNILLADORES PRECISION KIT DE DESTORNILLADORES PRECISION 31 EN1 31IN1\",\"breadcrumb\":{\"@id\":\"https:\/\/tienda.rigelec.com.ar\/?product=kit-de-destornilladores-precision#breadcrumb\"},\"inLanguage\":\"es-AR\",\"potentialAction\":[{\"@type\":\"ReadAction\",\"target\":[\"https:\/\/tienda.rigelec.com.ar\/?product=kit-de-destornilladores-precision\"]}]},{\"@type\":\"ImageObject\",\"inLanguage\":\"es-AR\",\"@id\":\"https:\/\/tienda.rigelec.com.ar\/?product=kit-de-destornilladores-precision#primaryimage\",\"url\":\"https:\/\/tienda.rigelec.com.ar\/wp-content\/uploads\/2025\/07\/KITDEDESTORNILLADORESPRECISION31EN1.jpg\",\"contentUrl\":\"https:\/\/tienda.rigelec.com.ar\/wp-content\/uploads\/2025\/07\/KITDEDESTORNILLADORESPRECISION31EN1.jpg\",\"width\":1080,\"height\":1080},{\"@type\":\"BreadcrumbList\",\"@id\":\"https:\/\/tienda.rigelec.com.ar\/?product=kit-de-destornilladores-precision#breadcrumb\",\"itemListElement\":[{\"@type\":\"ListItem\",\"position\":1,\"name\":\"Inicio\",\"item\":\"https:\/\/tienda.rigelec.com.ar\/\"},{\"@type\":\"ListItem\",\"position\":2,\"name\":\"Shop\",\"item\":\"https:\/\/tienda.rigelec.com.ar\/?page_id=12\"},{\"@type\":\"ListItem\",\"position\":3,\"name\":\"KIT DE DESTORNILLADORES PRECISION 31 EN1 31IN1\"}]},{\"@type\":\"WebSite\",\"@id\":\"https:\/\/tienda.rigelec.com.ar\/#website\",\"url\":\"https:\/\/tienda.rigelec.com.ar\/\",\"name\":\"Tienda Rigelec\",\"description\":\"Energia en movimiento\",\"publisher\":{\"@id\":\"https:\/\/tienda.rigelec.com.ar\/#organization\"},\"potentialAction\":[{\"@type\":\"SearchAction\",\"target\":{\"@type\":\"EntryPoint\",\"urlTemplate\":\"https:\/\/tienda.rigelec.com.ar\/?s={search_term_string}\"},\"query-input\":{\"@type\":\"PropertyValueSpecification\",\"valueRequired\":true,\"valueName\":\"search_term_string\"}}],\"inLanguage\":\"es-AR\"},{\"@type\":\"Organization\",\"@id\":\"https:\/\/tienda.rigelec.com.ar\/#organization\",\"name\":\"Tienda Rigelec\",\"url\":\"https:\/\/tienda.rigelec.com.ar\/\",\"logo\":{\"@type\":\"ImageObject\",\"inLanguage\":\"es-AR\",\"@id\":\"https:\/\/tienda.rigelec.com.ar\/#\/schema\/logo\/image\/\",\"url\":\"https:\/\/tienda.rigelec.com.ar\/wp-content\/uploads\/2024\/09\/isologo-blanco-rigelec.png\",\"contentUrl\":\"https:\/\/tienda.rigelec.com.ar\/wp-content\/uploads\/2024\/09\/isologo-blanco-rigelec.png\",\"width\":94,\"height\":97,\"caption\":\"Tienda Rigelec\"},\"image\":{\"@id\":\"https:\/\/tienda.rigelec.com.ar\/#\/schema\/logo\/image\/\"}}]}<\/script>\n<!-- \/ Yoast SEO plugin. -->","yoast_head_json":{"title":"KIT DE DESTORNILLADORES PRECISION 31 EN1 31IN1 - Tienda Rigelec","description":"KIT DE DESTORNILLADORES PRECISION 31 EN1 31IN1 Tienda Rigelec KIT DE DESTORNILLADORES PRECISION KIT DE DESTORNILLADORES PRECISION 31 EN1 31IN1","robots":{"index":"index","follow":"follow","max-snippet":"max-snippet:-1","max-image-preview":"max-image-preview:large","max-video-preview":"max-video-preview:-1"},"canonical":"https:\/\/tienda.rigelec.com.ar\/?product=kit-de-destornilladores-precision","og_locale":"es_ES","og_type":"article","og_title":"KIT DE DESTORNILLADORES PRECISION 31 EN1 31IN1 - Tienda Rigelec","og_description":"KIT DE DESTORNILLADORES PRECISION 31 EN1 31IN1 Tienda Rigelec KIT DE DESTORNILLADORES PRECISION KIT DE DESTORNILLADORES PRECISION 31 EN1 31IN1","og_url":"https:\/\/tienda.rigelec.com.ar\/?product=kit-de-destornilladores-precision","og_site_name":"Tienda Rigelec","article_modified_time":"2026-05-01T03:33:07+00:00","og_image":[{"width":1080,"height":1080,"url":"https:\/\/tienda.rigelec.com.ar\/wp-content\/uploads\/2025\/07\/KITDEDESTORNILLADORESPRECISION31EN1.jpg","type":"image\/jpeg"}],"twitter_card":"summary_large_image","twitter_misc":{"Tiempo de lectura":"1 minuto"},"schema":{"@context":"https:\/\/schema.org","@graph":[{"@type":"WebPage","@id":"https:\/\/tienda.rigelec.com.ar\/?product=kit-de-destornilladores-precision","url":"https:\/\/tienda.rigelec.com.ar\/?product=kit-de-destornilladores-precision","name":"KIT DE DESTORNILLADORES PRECISION 31 EN1 31IN1 - Tienda Rigelec","isPartOf":{"@id":"https:\/\/tienda.rigelec.com.ar\/#website"},"primaryImageOfPage":{"@id":"https:\/\/tienda.rigelec.com.ar\/?product=kit-de-destornilladores-precision#primaryimage"},"image":{"@id":"https:\/\/tienda.rigelec.com.ar\/?product=kit-de-destornilladores-precision#primaryimage"},"thumbnailUrl":"https:\/\/tienda.rigelec.com.ar\/wp-content\/uploads\/2025\/07\/KITDEDESTORNILLADORESPRECISION31EN1.jpg","datePublished":"2025-07-31T22:19:59+00:00","dateModified":"2026-05-01T03:33:07+00:00","description":"KIT DE DESTORNILLADORES PRECISION 31 EN1 31IN1 Tienda Rigelec KIT DE DESTORNILLADORES PRECISION KIT DE DESTORNILLADORES PRECISION 31 EN1 31IN1","breadcrumb":{"@id":"https:\/\/tienda.rigelec.com.ar\/?product=kit-de-destornilladores-precision#breadcrumb"},"inLanguage":"es-AR","potentialAction":[{"@type":"ReadAction","target":["https:\/\/tienda.rigelec.com.ar\/?product=kit-de-destornilladores-precision"]}]},{"@type":"ImageObject","inLanguage":"es-AR","@id":"https:\/\/tienda.rigelec.com.ar\/?product=kit-de-destornilladores-precision#primaryimage","url":"https:\/\/tienda.rigelec.com.ar\/wp-content\/uploads\/2025\/07\/KITDEDESTORNILLADORESPRECISION31EN1.jpg","contentUrl":"https:\/\/tienda.rigelec.com.ar\/wp-content\/uploads\/2025\/07\/KITDEDESTORNILLADORESPRECISION31EN1.jpg","width":1080,"height":1080},{"@type":"BreadcrumbList","@id":"https:\/\/tienda.rigelec.com.ar\/?product=kit-de-destornilladores-precision#breadcrumb","itemListElement":[{"@type":"ListItem","position":1,"name":"Inicio","item":"https:\/\/tienda.rigelec.com.ar\/"},{"@type":"ListItem","position":2,"name":"Shop","item":"https:\/\/tienda.rigelec.com.ar\/?page_id=12"},{"@type":"ListItem","position":3,"name":"KIT DE DESTORNILLADORES PRECISION 31 EN1 31IN1"}]},{"@type":"WebSite","@id":"https:\/\/tienda.rigelec.com.ar\/#website","url":"https:\/\/tienda.rigelec.com.ar\/","name":"Tienda Rigelec","description":"Energia en movimiento","publisher":{"@id":"https:\/\/tienda.rigelec.com.ar\/#organization"},"potentialAction":[{"@type":"SearchAction","target":{"@type":"EntryPoint","urlTemplate":"https:\/\/tienda.rigelec.com.ar\/?s={search_term_string}"},"query-input":{"@type":"PropertyValueSpecification","valueRequired":true,"valueName":"search_term_string"}}],"inLanguage":"es-AR"},{"@type":"Organization","@id":"https:\/\/tienda.rigelec.com.ar\/#organization","name":"Tienda Rigelec","url":"https:\/\/tienda.rigelec.com.ar\/","logo":{"@type":"ImageObject","inLanguage":"es-AR","@id":"https:\/\/tienda.rigelec.com.ar\/#\/schema\/logo\/image\/","url":"https:\/\/tienda.rigelec.com.ar\/wp-content\/uploads\/2024\/09\/isologo-blanco-rigelec.png","contentUrl":"https:\/\/tienda.rigelec.com.ar\/wp-content\/uploads\/2024\/09\/isologo-blanco-rigelec.png","width":94,"height":97,"caption":"Tienda Rigelec"},"image":{"@id":"https:\/\/tienda.rigelec.com.ar\/#\/schema\/logo\/image\/"}}]}},"jetpack_sharing_enabled":true,"_links":{"self":[{"href":"https:\/\/tienda.rigelec.com.ar\/index.php?rest_route=\/wp\/v2\/product\/30904","targetHints":{"allow":["GET"]}}],"collection":[{"href":"https:\/\/tienda.rigelec.com.ar\/index.php?rest_route=\/wp\/v2\/product"}],"about":[{"href":"https:\/\/tienda.rigelec.com.ar\/index.php?rest_route=\/wp\/v2\/types\/product"}],"replies":[{"embeddable":true,"href":"https:\/\/tienda.rigelec.com.ar\/index.php?rest_route=%2Fwp%2Fv2%2Fcomments&post=30904"}],"wp:featuredmedia":[{"embeddable":true,"href":"https:\/\/tienda.rigelec.com.ar\/index.php?rest_route=\/wp\/v2\/media\/30905"}],"wp:attachment":[{"href":"https:\/\/tienda.rigelec.com.ar\/index.php?rest_route=%2Fwp%2Fv2%2Fmedia&parent=30904"}],"wp:term":[{"taxonomy":"product_brand","embeddable":true,"href":"https:\/\/tienda.rigelec.com.ar\/index.php?rest_route=%2Fwp%2Fv2%2Fproduct_brand&post=30904"},{"taxonomy":"product_cat","embeddable":true,"href":"https:\/\/tienda.rigelec.com.ar\/index.php?rest_route=%2Fwp%2Fv2%2Fproduct_cat&post=30904"},{"taxonomy":"product_tag","embeddable":true,"href":"https:\/\/tienda.rigelec.com.ar\/index.php?rest_route=%2Fwp%2Fv2%2Fproduct_tag&post=30904"}],"curies":[{"name":"wp","href":"https:\/\/api.w.org\/{rel}","templated":true}]}}