{"id":30906,"date":"2025-07-31T19:20:02","date_gmt":"2025-07-31T22:20:02","guid":{"rendered":"https:\/\/tienda.rigelec.com.ar\/?product=pinza-punta-larga-jdpl2926-6in-160mm"},"modified":"2026-05-01T00:33:08","modified_gmt":"2026-05-01T03:33:08","slug":"pinza-punta-larga","status":"publish","type":"product","link":"https:\/\/tienda.rigelec.com.ar\/?product=pinza-punta-larga","title":{"rendered":"PINZA PUNTA LARGA JDPL2926 6in &#8211; 160MM"},"content":{"rendered":"<p>PINZA PUNTA LARGA<\/p>\n<h3 data-start=\"170\" data-end=\"240\"><strong data-start=\"174\" data-end=\"240\">Pinza de punta larga JDPL2926 \u2013 6&#8243; (160 mm) \u2013 Acero al carbono<\/strong><\/h3>\n<p data-start=\"242\" data-end=\"646\">La <strong data-start=\"245\" data-end=\"278\">pinza de punta larga JDPL2926<\/strong> es una herramienta indispensable para trabajos de precisi\u00f3n, ideal para sostener, doblar o manipular alambres y componentes en espacios reducidos. Con un tama\u00f1o compacto de <strong data-start=\"452\" data-end=\"475\">6 pulgadas (160 mm)<\/strong>, est\u00e1 fabricada en <strong data-start=\"495\" data-end=\"515\">acero al carbono<\/strong> de alta resistencia y tratada con <strong data-start=\"550\" data-end=\"590\">acabado pulido y aceite antioxidante<\/strong>, lo que garantiza durabilidad y rendimiento prolongado.<\/p>\n<p data-start=\"648\" data-end=\"887\">Su dise\u00f1o estilizado permite acceder a zonas estrechas con facilidad, siendo ideal para tareas el\u00e9ctricas, artesanales, electr\u00f3nicas o de reparaci\u00f3n fina. El mango liso, de un solo color, ofrece un agarre firme y c\u00f3modo para el uso diario.<\/p>\n<h3 data-start=\"894\" data-end=\"927\"><strong data-start=\"898\" data-end=\"927\">Caracter\u00edsticas t\u00e9cnicas:<\/strong><\/h3>\n<ul data-start=\"928\" data-end=\"1220\">\n<li data-start=\"928\" data-end=\"958\">\n<p data-start=\"930\" data-end=\"958\">Tipo: Pinza de punta larga<\/p>\n<\/li>\n<li data-start=\"959\" data-end=\"979\">\n<p data-start=\"961\" data-end=\"979\">Modelo: JDPL2926<\/p>\n<\/li>\n<li data-start=\"980\" data-end=\"1003\">\n<p data-start=\"982\" data-end=\"1003\">Tama\u00f1o: 6\u201d \/ 160 mm<\/p>\n<\/li>\n<li data-start=\"1004\" data-end=\"1034\">\n<p data-start=\"1006\" data-end=\"1034\">Material: Acero al carbono<\/p>\n<\/li>\n<li data-start=\"1035\" data-end=\"1080\">\n<p data-start=\"1037\" data-end=\"1080\">Tratamiento: Pulido + aceite antioxidante<\/p>\n<\/li>\n<li data-start=\"1081\" data-end=\"1120\">\n<p data-start=\"1083\" data-end=\"1120\">Mango: De un solo color, ergon\u00f3mico<\/p>\n<\/li>\n<li data-start=\"1121\" data-end=\"1151\">\n<p data-start=\"1123\" data-end=\"1151\">Embalaje: Con percha de PP<\/p>\n<\/li>\n<\/ul>\n","protected":false},"excerpt":{"rendered":"<p>Tama\u00f1o: 6&#8243;\/160 mm.<br \/>\nMaterial: acero al carbono<br \/>\nTratamiento superficial: pulido y aceite antioxidante.<br \/>\nMango de un color<br \/>\nEmbalado con percha de PP<\/p>\n","protected":false},"featured_media":30907,"comment_status":"open","ping_status":"closed","template":"","meta":{"_monsterinsights_skip_tracking":false,"_monsterinsights_sitenote_active":false,"_monsterinsights_sitenote_note":"","_monsterinsights_sitenote_category":0},"product_brand":[],"product_cat":[371],"product_tag":[452],"class_list":{"0":"post-30906","1":"product","2":"type-product","3":"status-publish","4":"has-post-thumbnail","6":"product_cat-ii-pinza","7":"product_tag-jadever","9":"first","10":"instock","11":"shipping-taxable","12":"purchasable","13":"product-type-simple"},"yoast_head":"<!-- This site is optimized with the Yoast SEO plugin v25.3.1 - https:\/\/yoast.com\/wordpress\/plugins\/seo\/ -->\n<title>PINZA PUNTA LARGA JDPL2926 6in - 160MM - Tienda Rigelec<\/title>\n<meta name=\"description\" content=\"PINZA PUNTA LARGA JDPL2926 6in - 160MM Tienda Rigelec PINZA PUNTA LARGA JDPL2926 6in - 160MM PINZA PUNTA LARGA JDPL2926 6in - 160MM\" \/>\n<meta name=\"robots\" content=\"index, follow, max-snippet:-1, max-image-preview:large, max-video-preview:-1\" \/>\n<link rel=\"canonical\" href=\"https:\/\/tienda.rigelec.com.ar\/?product=pinza-punta-larga\" \/>\n<meta property=\"og:locale\" content=\"es_ES\" \/>\n<meta property=\"og:type\" content=\"article\" \/>\n<meta property=\"og:title\" content=\"PINZA PUNTA LARGA JDPL2926 6in - 160MM - Tienda Rigelec\" \/>\n<meta property=\"og:description\" content=\"PINZA PUNTA LARGA JDPL2926 6in - 160MM Tienda Rigelec PINZA PUNTA LARGA JDPL2926 6in - 160MM PINZA PUNTA LARGA JDPL2926 6in - 160MM\" \/>\n<meta property=\"og:url\" content=\"https:\/\/tienda.rigelec.com.ar\/?product=pinza-punta-larga\" \/>\n<meta property=\"og:site_name\" content=\"Tienda Rigelec\" \/>\n<meta property=\"article:modified_time\" content=\"2026-05-01T03:33:08+00:00\" \/>\n<meta property=\"og:image\" content=\"https:\/\/tienda.rigelec.com.ar\/wp-content\/uploads\/2025\/07\/PINZAPUNTALARGA.jpg\" \/>\n\t<meta property=\"og:image:width\" content=\"713\" \/>\n\t<meta property=\"og:image:height\" content=\"713\" \/>\n\t<meta property=\"og:image:type\" content=\"image\/jpeg\" \/>\n<meta name=\"twitter:card\" content=\"summary_large_image\" \/>\n<meta name=\"twitter:label1\" content=\"Tiempo de lectura\" \/>\n\t<meta name=\"twitter:data1\" content=\"1 minuto\" \/>\n<script type=\"application\/ld+json\" class=\"yoast-schema-graph\">{\"@context\":\"https:\/\/schema.org\",\"@graph\":[{\"@type\":\"WebPage\",\"@id\":\"https:\/\/tienda.rigelec.com.ar\/?product=pinza-punta-larga\",\"url\":\"https:\/\/tienda.rigelec.com.ar\/?product=pinza-punta-larga\",\"name\":\"PINZA PUNTA LARGA JDPL2926 6in - 160MM - Tienda Rigelec\",\"isPartOf\":{\"@id\":\"https:\/\/tienda.rigelec.com.ar\/#website\"},\"primaryImageOfPage\":{\"@id\":\"https:\/\/tienda.rigelec.com.ar\/?product=pinza-punta-larga#primaryimage\"},\"image\":{\"@id\":\"https:\/\/tienda.rigelec.com.ar\/?product=pinza-punta-larga#primaryimage\"},\"thumbnailUrl\":\"https:\/\/tienda.rigelec.com.ar\/wp-content\/uploads\/2025\/07\/PINZAPUNTALARGA.jpg\",\"datePublished\":\"2025-07-31T22:20:02+00:00\",\"dateModified\":\"2026-05-01T03:33:08+00:00\",\"description\":\"PINZA PUNTA LARGA JDPL2926 6in - 160MM Tienda Rigelec PINZA PUNTA LARGA JDPL2926 6in - 160MM PINZA PUNTA LARGA JDPL2926 6in - 160MM\",\"breadcrumb\":{\"@id\":\"https:\/\/tienda.rigelec.com.ar\/?product=pinza-punta-larga#breadcrumb\"},\"inLanguage\":\"es-AR\",\"potentialAction\":[{\"@type\":\"ReadAction\",\"target\":[\"https:\/\/tienda.rigelec.com.ar\/?product=pinza-punta-larga\"]}]},{\"@type\":\"ImageObject\",\"inLanguage\":\"es-AR\",\"@id\":\"https:\/\/tienda.rigelec.com.ar\/?product=pinza-punta-larga#primaryimage\",\"url\":\"https:\/\/tienda.rigelec.com.ar\/wp-content\/uploads\/2025\/07\/PINZAPUNTALARGA.jpg\",\"contentUrl\":\"https:\/\/tienda.rigelec.com.ar\/wp-content\/uploads\/2025\/07\/PINZAPUNTALARGA.jpg\",\"width\":713,\"height\":713},{\"@type\":\"BreadcrumbList\",\"@id\":\"https:\/\/tienda.rigelec.com.ar\/?product=pinza-punta-larga#breadcrumb\",\"itemListElement\":[{\"@type\":\"ListItem\",\"position\":1,\"name\":\"Inicio\",\"item\":\"https:\/\/tienda.rigelec.com.ar\/\"},{\"@type\":\"ListItem\",\"position\":2,\"name\":\"Shop\",\"item\":\"https:\/\/tienda.rigelec.com.ar\/?page_id=12\"},{\"@type\":\"ListItem\",\"position\":3,\"name\":\"PINZA PUNTA LARGA JDPL2926 6in &#8211; 160MM\"}]},{\"@type\":\"WebSite\",\"@id\":\"https:\/\/tienda.rigelec.com.ar\/#website\",\"url\":\"https:\/\/tienda.rigelec.com.ar\/\",\"name\":\"Tienda Rigelec\",\"description\":\"Energia en movimiento\",\"publisher\":{\"@id\":\"https:\/\/tienda.rigelec.com.ar\/#organization\"},\"potentialAction\":[{\"@type\":\"SearchAction\",\"target\":{\"@type\":\"EntryPoint\",\"urlTemplate\":\"https:\/\/tienda.rigelec.com.ar\/?s={search_term_string}\"},\"query-input\":{\"@type\":\"PropertyValueSpecification\",\"valueRequired\":true,\"valueName\":\"search_term_string\"}}],\"inLanguage\":\"es-AR\"},{\"@type\":\"Organization\",\"@id\":\"https:\/\/tienda.rigelec.com.ar\/#organization\",\"name\":\"Tienda Rigelec\",\"url\":\"https:\/\/tienda.rigelec.com.ar\/\",\"logo\":{\"@type\":\"ImageObject\",\"inLanguage\":\"es-AR\",\"@id\":\"https:\/\/tienda.rigelec.com.ar\/#\/schema\/logo\/image\/\",\"url\":\"https:\/\/tienda.rigelec.com.ar\/wp-content\/uploads\/2024\/09\/isologo-blanco-rigelec.png\",\"contentUrl\":\"https:\/\/tienda.rigelec.com.ar\/wp-content\/uploads\/2024\/09\/isologo-blanco-rigelec.png\",\"width\":94,\"height\":97,\"caption\":\"Tienda Rigelec\"},\"image\":{\"@id\":\"https:\/\/tienda.rigelec.com.ar\/#\/schema\/logo\/image\/\"}}]}<\/script>\n<!-- \/ Yoast SEO plugin. -->","yoast_head_json":{"title":"PINZA PUNTA LARGA JDPL2926 6in - 160MM - Tienda Rigelec","description":"PINZA PUNTA LARGA JDPL2926 6in - 160MM Tienda Rigelec PINZA PUNTA LARGA JDPL2926 6in - 160MM PINZA PUNTA LARGA JDPL2926 6in - 160MM","robots":{"index":"index","follow":"follow","max-snippet":"max-snippet:-1","max-image-preview":"max-image-preview:large","max-video-preview":"max-video-preview:-1"},"canonical":"https:\/\/tienda.rigelec.com.ar\/?product=pinza-punta-larga","og_locale":"es_ES","og_type":"article","og_title":"PINZA PUNTA LARGA JDPL2926 6in - 160MM - Tienda Rigelec","og_description":"PINZA PUNTA LARGA JDPL2926 6in - 160MM Tienda Rigelec PINZA PUNTA LARGA JDPL2926 6in - 160MM PINZA PUNTA LARGA JDPL2926 6in - 160MM","og_url":"https:\/\/tienda.rigelec.com.ar\/?product=pinza-punta-larga","og_site_name":"Tienda Rigelec","article_modified_time":"2026-05-01T03:33:08+00:00","og_image":[{"width":713,"height":713,"url":"https:\/\/tienda.rigelec.com.ar\/wp-content\/uploads\/2025\/07\/PINZAPUNTALARGA.jpg","type":"image\/jpeg"}],"twitter_card":"summary_large_image","twitter_misc":{"Tiempo de lectura":"1 minuto"},"schema":{"@context":"https:\/\/schema.org","@graph":[{"@type":"WebPage","@id":"https:\/\/tienda.rigelec.com.ar\/?product=pinza-punta-larga","url":"https:\/\/tienda.rigelec.com.ar\/?product=pinza-punta-larga","name":"PINZA PUNTA LARGA JDPL2926 6in - 160MM - Tienda Rigelec","isPartOf":{"@id":"https:\/\/tienda.rigelec.com.ar\/#website"},"primaryImageOfPage":{"@id":"https:\/\/tienda.rigelec.com.ar\/?product=pinza-punta-larga#primaryimage"},"image":{"@id":"https:\/\/tienda.rigelec.com.ar\/?product=pinza-punta-larga#primaryimage"},"thumbnailUrl":"https:\/\/tienda.rigelec.com.ar\/wp-content\/uploads\/2025\/07\/PINZAPUNTALARGA.jpg","datePublished":"2025-07-31T22:20:02+00:00","dateModified":"2026-05-01T03:33:08+00:00","description":"PINZA PUNTA LARGA JDPL2926 6in - 160MM Tienda Rigelec PINZA PUNTA LARGA JDPL2926 6in - 160MM PINZA PUNTA LARGA JDPL2926 6in - 160MM","breadcrumb":{"@id":"https:\/\/tienda.rigelec.com.ar\/?product=pinza-punta-larga#breadcrumb"},"inLanguage":"es-AR","potentialAction":[{"@type":"ReadAction","target":["https:\/\/tienda.rigelec.com.ar\/?product=pinza-punta-larga"]}]},{"@type":"ImageObject","inLanguage":"es-AR","@id":"https:\/\/tienda.rigelec.com.ar\/?product=pinza-punta-larga#primaryimage","url":"https:\/\/tienda.rigelec.com.ar\/wp-content\/uploads\/2025\/07\/PINZAPUNTALARGA.jpg","contentUrl":"https:\/\/tienda.rigelec.com.ar\/wp-content\/uploads\/2025\/07\/PINZAPUNTALARGA.jpg","width":713,"height":713},{"@type":"BreadcrumbList","@id":"https:\/\/tienda.rigelec.com.ar\/?product=pinza-punta-larga#breadcrumb","itemListElement":[{"@type":"ListItem","position":1,"name":"Inicio","item":"https:\/\/tienda.rigelec.com.ar\/"},{"@type":"ListItem","position":2,"name":"Shop","item":"https:\/\/tienda.rigelec.com.ar\/?page_id=12"},{"@type":"ListItem","position":3,"name":"PINZA PUNTA LARGA JDPL2926 6in &#8211; 160MM"}]},{"@type":"WebSite","@id":"https:\/\/tienda.rigelec.com.ar\/#website","url":"https:\/\/tienda.rigelec.com.ar\/","name":"Tienda Rigelec","description":"Energia en movimiento","publisher":{"@id":"https:\/\/tienda.rigelec.com.ar\/#organization"},"potentialAction":[{"@type":"SearchAction","target":{"@type":"EntryPoint","urlTemplate":"https:\/\/tienda.rigelec.com.ar\/?s={search_term_string}"},"query-input":{"@type":"PropertyValueSpecification","valueRequired":true,"valueName":"search_term_string"}}],"inLanguage":"es-AR"},{"@type":"Organization","@id":"https:\/\/tienda.rigelec.com.ar\/#organization","name":"Tienda Rigelec","url":"https:\/\/tienda.rigelec.com.ar\/","logo":{"@type":"ImageObject","inLanguage":"es-AR","@id":"https:\/\/tienda.rigelec.com.ar\/#\/schema\/logo\/image\/","url":"https:\/\/tienda.rigelec.com.ar\/wp-content\/uploads\/2024\/09\/isologo-blanco-rigelec.png","contentUrl":"https:\/\/tienda.rigelec.com.ar\/wp-content\/uploads\/2024\/09\/isologo-blanco-rigelec.png","width":94,"height":97,"caption":"Tienda Rigelec"},"image":{"@id":"https:\/\/tienda.rigelec.com.ar\/#\/schema\/logo\/image\/"}}]}},"jetpack_sharing_enabled":true,"_links":{"self":[{"href":"https:\/\/tienda.rigelec.com.ar\/index.php?rest_route=\/wp\/v2\/product\/30906","targetHints":{"allow":["GET"]}}],"collection":[{"href":"https:\/\/tienda.rigelec.com.ar\/index.php?rest_route=\/wp\/v2\/product"}],"about":[{"href":"https:\/\/tienda.rigelec.com.ar\/index.php?rest_route=\/wp\/v2\/types\/product"}],"replies":[{"embeddable":true,"href":"https:\/\/tienda.rigelec.com.ar\/index.php?rest_route=%2Fwp%2Fv2%2Fcomments&post=30906"}],"wp:featuredmedia":[{"embeddable":true,"href":"https:\/\/tienda.rigelec.com.ar\/index.php?rest_route=\/wp\/v2\/media\/30907"}],"wp:attachment":[{"href":"https:\/\/tienda.rigelec.com.ar\/index.php?rest_route=%2Fwp%2Fv2%2Fmedia&parent=30906"}],"wp:term":[{"taxonomy":"product_brand","embeddable":true,"href":"https:\/\/tienda.rigelec.com.ar\/index.php?rest_route=%2Fwp%2Fv2%2Fproduct_brand&post=30906"},{"taxonomy":"product_cat","embeddable":true,"href":"https:\/\/tienda.rigelec.com.ar\/index.php?rest_route=%2Fwp%2Fv2%2Fproduct_cat&post=30906"},{"taxonomy":"product_tag","embeddable":true,"href":"https:\/\/tienda.rigelec.com.ar\/index.php?rest_route=%2Fwp%2Fv2%2Fproduct_tag&post=30906"}],"curies":[{"name":"wp","href":"https:\/\/api.w.org\/{rel}","templated":true}]}}