{"id":30918,"date":"2025-07-31T20:11:07","date_gmt":"2025-07-31T23:11:07","guid":{"rendered":"https:\/\/tienda.rigelec.com.ar\/?product=pela-cables-cobre-aluminio-jdbq4601-0-2-6mm"},"modified":"2026-05-01T01:28:05","modified_gmt":"2026-05-01T04:28:05","slug":"pela-cables","status":"publish","type":"product","link":"https:\/\/tienda.rigelec.com.ar\/?product=pela-cables","title":{"rendered":"PELA CABLES COBRE ALUMINIO JDBQ4601 0.2-6MM"},"content":{"rendered":"<p>PELA CABLES COBRE ALUMINIO<\/p>\n<h3 data-start=\"161\" data-end=\"234\"><strong data-start=\"165\" data-end=\"234\">Pela Cables Cobre y Aluminio JDBQ4601 \u2013 0.2 a 6 mm \u2013 Multifunci\u00f3n<\/strong><\/h3>\n<p data-start=\"236\" data-end=\"598\">El <strong data-start=\"239\" data-end=\"263\">pela cables JDBQ4601<\/strong> es una herramienta vers\u00e1til y precisa, dise\u00f1ada para tareas el\u00e9ctricas que requieren seguridad, rapidez y precisi\u00f3n. Compatible con <strong data-start=\"396\" data-end=\"426\">cables de cobre y aluminio<\/strong> de <strong data-start=\"430\" data-end=\"444\">0,2 a 6 mm<\/strong>, permite adem\u00e1s <strong data-start=\"461\" data-end=\"494\">crimpar y engarzar terminales<\/strong> con facilidad, convirti\u00e9ndose en una aliada imprescindible para electricistas, instaladores y t\u00e9cnicos.<\/p>\n<p data-start=\"600\" data-end=\"734\">Fabricada con materiales duraderos, ofrece un agarre c\u00f3modo y una operaci\u00f3n sencilla, ideal tanto para uso profesional como dom\u00e9stico.<\/p>\n","protected":false},"excerpt":{"rendered":"<p>Pela cables cobre y aluminio (0.2-6mm) engarza terminales aislados 0,5-6mm, terminales no aislados 4-6mm, crimpar terminales no aislados 1,5-2,5mm, engarce de terminales no aislados: 0,5-1mm<\/p>\n","protected":false},"featured_media":30919,"comment_status":"open","ping_status":"closed","template":"","meta":{"_monsterinsights_skip_tracking":false,"_monsterinsights_sitenote_active":false,"_monsterinsights_sitenote_note":"","_monsterinsights_sitenote_category":0},"product_brand":[],"product_cat":[371],"product_tag":[452],"class_list":{"0":"post-30918","1":"product","2":"type-product","3":"status-publish","4":"has-post-thumbnail","6":"product_cat-ii-pinza","7":"product_tag-jadever","9":"first","10":"outofstock","11":"shipping-taxable","12":"purchasable","13":"product-type-simple"},"yoast_head":"<!-- This site is optimized with the Yoast SEO plugin v25.3.1 - https:\/\/yoast.com\/wordpress\/plugins\/seo\/ -->\n<title>PELA CABLES COBRE ALUMINIO JDBQ4601 0.2-6MM - Tienda Rigelec<\/title>\n<meta name=\"description\" content=\"PELA CABLES COBRE ALUMINIO JDBQ4601 0.2-6MM Tienda Rigelec PELA CABLES COBRE ALUMINIO JDBQ4601 0.2-6MM Tienda Rigelec PELA CABLES\" \/>\n<meta name=\"robots\" content=\"index, follow, max-snippet:-1, max-image-preview:large, max-video-preview:-1\" \/>\n<link rel=\"canonical\" href=\"https:\/\/tienda.rigelec.com.ar\/?product=pela-cables\" \/>\n<meta property=\"og:locale\" content=\"es_ES\" \/>\n<meta property=\"og:type\" content=\"article\" \/>\n<meta property=\"og:title\" content=\"PELA CABLES COBRE ALUMINIO JDBQ4601 0.2-6MM - Tienda Rigelec\" \/>\n<meta property=\"og:description\" content=\"PELA CABLES COBRE ALUMINIO JDBQ4601 0.2-6MM Tienda Rigelec PELA CABLES COBRE ALUMINIO JDBQ4601 0.2-6MM Tienda Rigelec PELA CABLES\" \/>\n<meta property=\"og:url\" content=\"https:\/\/tienda.rigelec.com.ar\/?product=pela-cables\" \/>\n<meta property=\"og:site_name\" content=\"Tienda Rigelec\" \/>\n<meta property=\"article:modified_time\" content=\"2026-05-01T04:28:05+00:00\" \/>\n<meta property=\"og:image\" content=\"https:\/\/tienda.rigelec.com.ar\/wp-content\/uploads\/2025\/07\/PELACABLESCOBREALUMINIO.jpg\" \/>\n\t<meta property=\"og:image:width\" content=\"1080\" \/>\n\t<meta property=\"og:image:height\" content=\"1080\" \/>\n\t<meta property=\"og:image:type\" content=\"image\/jpeg\" \/>\n<meta name=\"twitter:card\" content=\"summary_large_image\" \/>\n<meta name=\"twitter:label1\" content=\"Tiempo de lectura\" \/>\n\t<meta name=\"twitter:data1\" content=\"1 minuto\" \/>\n<script type=\"application\/ld+json\" class=\"yoast-schema-graph\">{\"@context\":\"https:\/\/schema.org\",\"@graph\":[{\"@type\":\"WebPage\",\"@id\":\"https:\/\/tienda.rigelec.com.ar\/?product=pela-cables\",\"url\":\"https:\/\/tienda.rigelec.com.ar\/?product=pela-cables\",\"name\":\"PELA CABLES COBRE ALUMINIO JDBQ4601 0.2-6MM - Tienda Rigelec\",\"isPartOf\":{\"@id\":\"https:\/\/tienda.rigelec.com.ar\/#website\"},\"primaryImageOfPage\":{\"@id\":\"https:\/\/tienda.rigelec.com.ar\/?product=pela-cables#primaryimage\"},\"image\":{\"@id\":\"https:\/\/tienda.rigelec.com.ar\/?product=pela-cables#primaryimage\"},\"thumbnailUrl\":\"https:\/\/tienda.rigelec.com.ar\/wp-content\/uploads\/2025\/07\/PELACABLESCOBREALUMINIO.jpg\",\"datePublished\":\"2025-07-31T23:11:07+00:00\",\"dateModified\":\"2026-05-01T04:28:05+00:00\",\"description\":\"PELA CABLES COBRE ALUMINIO JDBQ4601 0.2-6MM Tienda Rigelec PELA CABLES COBRE ALUMINIO JDBQ4601 0.2-6MM Tienda Rigelec PELA CABLES\",\"breadcrumb\":{\"@id\":\"https:\/\/tienda.rigelec.com.ar\/?product=pela-cables#breadcrumb\"},\"inLanguage\":\"es-AR\",\"potentialAction\":[{\"@type\":\"ReadAction\",\"target\":[\"https:\/\/tienda.rigelec.com.ar\/?product=pela-cables\"]}]},{\"@type\":\"ImageObject\",\"inLanguage\":\"es-AR\",\"@id\":\"https:\/\/tienda.rigelec.com.ar\/?product=pela-cables#primaryimage\",\"url\":\"https:\/\/tienda.rigelec.com.ar\/wp-content\/uploads\/2025\/07\/PELACABLESCOBREALUMINIO.jpg\",\"contentUrl\":\"https:\/\/tienda.rigelec.com.ar\/wp-content\/uploads\/2025\/07\/PELACABLESCOBREALUMINIO.jpg\",\"width\":1080,\"height\":1080},{\"@type\":\"BreadcrumbList\",\"@id\":\"https:\/\/tienda.rigelec.com.ar\/?product=pela-cables#breadcrumb\",\"itemListElement\":[{\"@type\":\"ListItem\",\"position\":1,\"name\":\"Inicio\",\"item\":\"https:\/\/tienda.rigelec.com.ar\/\"},{\"@type\":\"ListItem\",\"position\":2,\"name\":\"Shop\",\"item\":\"https:\/\/tienda.rigelec.com.ar\/?page_id=12\"},{\"@type\":\"ListItem\",\"position\":3,\"name\":\"PELA CABLES COBRE ALUMINIO JDBQ4601 0.2-6MM\"}]},{\"@type\":\"WebSite\",\"@id\":\"https:\/\/tienda.rigelec.com.ar\/#website\",\"url\":\"https:\/\/tienda.rigelec.com.ar\/\",\"name\":\"Tienda Rigelec\",\"description\":\"Energia en movimiento\",\"publisher\":{\"@id\":\"https:\/\/tienda.rigelec.com.ar\/#organization\"},\"potentialAction\":[{\"@type\":\"SearchAction\",\"target\":{\"@type\":\"EntryPoint\",\"urlTemplate\":\"https:\/\/tienda.rigelec.com.ar\/?s={search_term_string}\"},\"query-input\":{\"@type\":\"PropertyValueSpecification\",\"valueRequired\":true,\"valueName\":\"search_term_string\"}}],\"inLanguage\":\"es-AR\"},{\"@type\":\"Organization\",\"@id\":\"https:\/\/tienda.rigelec.com.ar\/#organization\",\"name\":\"Tienda Rigelec\",\"url\":\"https:\/\/tienda.rigelec.com.ar\/\",\"logo\":{\"@type\":\"ImageObject\",\"inLanguage\":\"es-AR\",\"@id\":\"https:\/\/tienda.rigelec.com.ar\/#\/schema\/logo\/image\/\",\"url\":\"https:\/\/tienda.rigelec.com.ar\/wp-content\/uploads\/2024\/09\/isologo-blanco-rigelec.png\",\"contentUrl\":\"https:\/\/tienda.rigelec.com.ar\/wp-content\/uploads\/2024\/09\/isologo-blanco-rigelec.png\",\"width\":94,\"height\":97,\"caption\":\"Tienda Rigelec\"},\"image\":{\"@id\":\"https:\/\/tienda.rigelec.com.ar\/#\/schema\/logo\/image\/\"}}]}<\/script>\n<!-- \/ Yoast SEO plugin. -->","yoast_head_json":{"title":"PELA CABLES COBRE ALUMINIO JDBQ4601 0.2-6MM - Tienda Rigelec","description":"PELA CABLES COBRE ALUMINIO JDBQ4601 0.2-6MM Tienda Rigelec PELA CABLES COBRE ALUMINIO JDBQ4601 0.2-6MM Tienda Rigelec PELA CABLES","robots":{"index":"index","follow":"follow","max-snippet":"max-snippet:-1","max-image-preview":"max-image-preview:large","max-video-preview":"max-video-preview:-1"},"canonical":"https:\/\/tienda.rigelec.com.ar\/?product=pela-cables","og_locale":"es_ES","og_type":"article","og_title":"PELA CABLES COBRE ALUMINIO JDBQ4601 0.2-6MM - Tienda Rigelec","og_description":"PELA CABLES COBRE ALUMINIO JDBQ4601 0.2-6MM Tienda Rigelec PELA CABLES COBRE ALUMINIO JDBQ4601 0.2-6MM Tienda Rigelec PELA CABLES","og_url":"https:\/\/tienda.rigelec.com.ar\/?product=pela-cables","og_site_name":"Tienda Rigelec","article_modified_time":"2026-05-01T04:28:05+00:00","og_image":[{"width":1080,"height":1080,"url":"https:\/\/tienda.rigelec.com.ar\/wp-content\/uploads\/2025\/07\/PELACABLESCOBREALUMINIO.jpg","type":"image\/jpeg"}],"twitter_card":"summary_large_image","twitter_misc":{"Tiempo de lectura":"1 minuto"},"schema":{"@context":"https:\/\/schema.org","@graph":[{"@type":"WebPage","@id":"https:\/\/tienda.rigelec.com.ar\/?product=pela-cables","url":"https:\/\/tienda.rigelec.com.ar\/?product=pela-cables","name":"PELA CABLES COBRE ALUMINIO JDBQ4601 0.2-6MM - Tienda Rigelec","isPartOf":{"@id":"https:\/\/tienda.rigelec.com.ar\/#website"},"primaryImageOfPage":{"@id":"https:\/\/tienda.rigelec.com.ar\/?product=pela-cables#primaryimage"},"image":{"@id":"https:\/\/tienda.rigelec.com.ar\/?product=pela-cables#primaryimage"},"thumbnailUrl":"https:\/\/tienda.rigelec.com.ar\/wp-content\/uploads\/2025\/07\/PELACABLESCOBREALUMINIO.jpg","datePublished":"2025-07-31T23:11:07+00:00","dateModified":"2026-05-01T04:28:05+00:00","description":"PELA CABLES COBRE ALUMINIO JDBQ4601 0.2-6MM Tienda Rigelec PELA CABLES COBRE ALUMINIO JDBQ4601 0.2-6MM Tienda Rigelec PELA CABLES","breadcrumb":{"@id":"https:\/\/tienda.rigelec.com.ar\/?product=pela-cables#breadcrumb"},"inLanguage":"es-AR","potentialAction":[{"@type":"ReadAction","target":["https:\/\/tienda.rigelec.com.ar\/?product=pela-cables"]}]},{"@type":"ImageObject","inLanguage":"es-AR","@id":"https:\/\/tienda.rigelec.com.ar\/?product=pela-cables#primaryimage","url":"https:\/\/tienda.rigelec.com.ar\/wp-content\/uploads\/2025\/07\/PELACABLESCOBREALUMINIO.jpg","contentUrl":"https:\/\/tienda.rigelec.com.ar\/wp-content\/uploads\/2025\/07\/PELACABLESCOBREALUMINIO.jpg","width":1080,"height":1080},{"@type":"BreadcrumbList","@id":"https:\/\/tienda.rigelec.com.ar\/?product=pela-cables#breadcrumb","itemListElement":[{"@type":"ListItem","position":1,"name":"Inicio","item":"https:\/\/tienda.rigelec.com.ar\/"},{"@type":"ListItem","position":2,"name":"Shop","item":"https:\/\/tienda.rigelec.com.ar\/?page_id=12"},{"@type":"ListItem","position":3,"name":"PELA CABLES COBRE ALUMINIO JDBQ4601 0.2-6MM"}]},{"@type":"WebSite","@id":"https:\/\/tienda.rigelec.com.ar\/#website","url":"https:\/\/tienda.rigelec.com.ar\/","name":"Tienda Rigelec","description":"Energia en movimiento","publisher":{"@id":"https:\/\/tienda.rigelec.com.ar\/#organization"},"potentialAction":[{"@type":"SearchAction","target":{"@type":"EntryPoint","urlTemplate":"https:\/\/tienda.rigelec.com.ar\/?s={search_term_string}"},"query-input":{"@type":"PropertyValueSpecification","valueRequired":true,"valueName":"search_term_string"}}],"inLanguage":"es-AR"},{"@type":"Organization","@id":"https:\/\/tienda.rigelec.com.ar\/#organization","name":"Tienda Rigelec","url":"https:\/\/tienda.rigelec.com.ar\/","logo":{"@type":"ImageObject","inLanguage":"es-AR","@id":"https:\/\/tienda.rigelec.com.ar\/#\/schema\/logo\/image\/","url":"https:\/\/tienda.rigelec.com.ar\/wp-content\/uploads\/2024\/09\/isologo-blanco-rigelec.png","contentUrl":"https:\/\/tienda.rigelec.com.ar\/wp-content\/uploads\/2024\/09\/isologo-blanco-rigelec.png","width":94,"height":97,"caption":"Tienda Rigelec"},"image":{"@id":"https:\/\/tienda.rigelec.com.ar\/#\/schema\/logo\/image\/"}}]}},"jetpack_sharing_enabled":true,"_links":{"self":[{"href":"https:\/\/tienda.rigelec.com.ar\/index.php?rest_route=\/wp\/v2\/product\/30918","targetHints":{"allow":["GET"]}}],"collection":[{"href":"https:\/\/tienda.rigelec.com.ar\/index.php?rest_route=\/wp\/v2\/product"}],"about":[{"href":"https:\/\/tienda.rigelec.com.ar\/index.php?rest_route=\/wp\/v2\/types\/product"}],"replies":[{"embeddable":true,"href":"https:\/\/tienda.rigelec.com.ar\/index.php?rest_route=%2Fwp%2Fv2%2Fcomments&post=30918"}],"wp:featuredmedia":[{"embeddable":true,"href":"https:\/\/tienda.rigelec.com.ar\/index.php?rest_route=\/wp\/v2\/media\/30919"}],"wp:attachment":[{"href":"https:\/\/tienda.rigelec.com.ar\/index.php?rest_route=%2Fwp%2Fv2%2Fmedia&parent=30918"}],"wp:term":[{"taxonomy":"product_brand","embeddable":true,"href":"https:\/\/tienda.rigelec.com.ar\/index.php?rest_route=%2Fwp%2Fv2%2Fproduct_brand&post=30918"},{"taxonomy":"product_cat","embeddable":true,"href":"https:\/\/tienda.rigelec.com.ar\/index.php?rest_route=%2Fwp%2Fv2%2Fproduct_cat&post=30918"},{"taxonomy":"product_tag","embeddable":true,"href":"https:\/\/tienda.rigelec.com.ar\/index.php?rest_route=%2Fwp%2Fv2%2Fproduct_tag&post=30918"}],"curies":[{"name":"wp","href":"https:\/\/api.w.org\/{rel}","templated":true}]}}