{"id":30926,"date":"2025-07-31T20:13:59","date_gmt":"2025-07-31T23:13:59","guid":{"rendered":"https:\/\/tienda.rigelec.com.ar\/?product=rotomartillo-brushless-inalambrica-1100rpm-20v"},"modified":"2026-05-01T01:40:01","modified_gmt":"2026-05-01T04:40:01","slug":"rotomartillo","status":"publish","type":"product","link":"https:\/\/tienda.rigelec.com.ar\/?product=rotomartillo","title":{"rendered":"ROTOMARTILLO BRUSHLESS INALAMBRICA 1100RPM-20V"},"content":{"rendered":"<p>ROTOMARTILLO BRUSHLESS<\/p>\n<h3 data-start=\"220\" data-end=\"290\"><strong data-start=\"224\" data-end=\"290\">Rotomartillo Inal\u00e1mbrico Brushless 20V \u2013 SDS \u2013 2.0J | 5400 bpm<\/strong><\/h3>\n<p data-start=\"292\" data-end=\"515\">El <strong data-start=\"295\" data-end=\"337\">rotomartillo inal\u00e1mbrico brushless 20V<\/strong> combina <strong data-start=\"346\" data-end=\"394\">potencia, precisi\u00f3n y libertad de movimiento<\/strong>. Gracias a su motor sin carbones (<strong data-start=\"429\" data-end=\"442\">brushless<\/strong>), ofrece mayor durabilidad, eficiencia energ\u00e9tica y menos mantenimiento.<\/p>\n<p data-start=\"517\" data-end=\"699\">Su sistema de <strong data-start=\"531\" data-end=\"546\">impacto SDS<\/strong> y su bater\u00eda de <strong data-start=\"563\" data-end=\"579\">3Ah incluida<\/strong>, lo convierten en una herramienta profesional ideal para perforar <strong data-start=\"646\" data-end=\"684\">hormig\u00f3n, ladrillo, madera y metal<\/strong> con facilidad.<\/p>\n<h3 data-start=\"706\" data-end=\"740\"><strong data-start=\"710\" data-end=\"740\">Especificaciones t\u00e9cnicas:<\/strong><\/h3>\n<ul data-start=\"741\" data-end=\"992\">\n<li data-start=\"741\" data-end=\"761\">\n<p data-start=\"743\" data-end=\"761\"><strong data-start=\"743\" data-end=\"755\">Voltaje:<\/strong> 20V<\/p>\n<\/li>\n<li data-start=\"762\" data-end=\"799\">\n<p data-start=\"764\" data-end=\"799\"><strong data-start=\"764\" data-end=\"788\">Velocidad sin carga:<\/strong> 1100 rpm<\/p>\n<\/li>\n<li data-start=\"800\" data-end=\"833\">\n<p data-start=\"802\" data-end=\"833\"><strong data-start=\"802\" data-end=\"822\">Tasa de impacto:<\/strong> 5400 bpm<\/p>\n<\/li>\n<li data-start=\"834\" data-end=\"872\">\n<p data-start=\"836\" data-end=\"872\"><strong data-start=\"836\" data-end=\"859\">Energ\u00eda de impacto:<\/strong> 2.0 Joules<\/p>\n<\/li>\n<li data-start=\"873\" data-end=\"912\">\n<p data-start=\"875\" data-end=\"912\"><strong data-start=\"875\" data-end=\"885\">Motor:<\/strong> Brushless (sin carbones)<\/p>\n<\/li>\n<li data-start=\"913\" data-end=\"945\">\n<p data-start=\"915\" data-end=\"945\"><strong data-start=\"915\" data-end=\"939\">Sistema de encastre:<\/strong> SDS<\/p>\n<\/li>\n<li data-start=\"946\" data-end=\"992\">\n<p data-start=\"948\" data-end=\"992\"><strong data-start=\"948\" data-end=\"960\">Incluye:<\/strong> bater\u00eda Li-ion 3.0Ah + cargador<\/p>\n<\/li>\n<\/ul>\n","protected":false},"excerpt":{"rendered":"<p>Taladro rotopercutor inal\u00e1mbrico 1100 rpm con bater\u00eda li-ion 3ah + cargador &#8211; voltaje: 20v &#8211; tasa de mpacto: 5400bpm &#8211; energ\u00eda impacto: 2.0j &#8211; sistema sds &#8211; brushless<\/p>\n","protected":false},"featured_media":30927,"comment_status":"open","ping_status":"closed","template":"","meta":{"_monsterinsights_skip_tracking":false,"_monsterinsights_sitenote_active":false,"_monsterinsights_sitenote_note":"","_monsterinsights_sitenote_category":0},"product_brand":[],"product_cat":[366],"product_tag":[452],"class_list":{"0":"post-30926","1":"product","2":"type-product","3":"status-publish","4":"has-post-thumbnail","6":"product_cat-b-electricas","7":"product_tag-jadever","9":"first","10":"outofstock","11":"shipping-taxable","12":"purchasable","13":"product-type-simple"},"yoast_head":"<!-- This site is optimized with the Yoast SEO plugin v25.3.1 - https:\/\/yoast.com\/wordpress\/plugins\/seo\/ -->\n<title>ROTOMARTILLO BRUSHLESS INALAMBRICA 1100RPM-20V - Tienda Rigelec<\/title>\n<meta name=\"description\" content=\"ROTOMARTILLO BRUSHLESS INALAMBRICA 1100RPM-20V Tienda Rigelec ROTOMARTILLO BRUSHLESS INALAMBRICA 1100RPM-20V ROTOMARTILLO\" \/>\n<meta name=\"robots\" content=\"index, follow, max-snippet:-1, max-image-preview:large, max-video-preview:-1\" \/>\n<link rel=\"canonical\" href=\"https:\/\/tienda.rigelec.com.ar\/?product=rotomartillo\" \/>\n<meta property=\"og:locale\" content=\"es_ES\" \/>\n<meta property=\"og:type\" content=\"article\" \/>\n<meta property=\"og:title\" content=\"ROTOMARTILLO BRUSHLESS INALAMBRICA 1100RPM-20V - Tienda Rigelec\" \/>\n<meta property=\"og:description\" content=\"ROTOMARTILLO BRUSHLESS INALAMBRICA 1100RPM-20V Tienda Rigelec ROTOMARTILLO BRUSHLESS INALAMBRICA 1100RPM-20V ROTOMARTILLO\" \/>\n<meta property=\"og:url\" content=\"https:\/\/tienda.rigelec.com.ar\/?product=rotomartillo\" \/>\n<meta property=\"og:site_name\" content=\"Tienda Rigelec\" \/>\n<meta property=\"article:modified_time\" content=\"2026-05-01T04:40:01+00:00\" \/>\n<meta property=\"og:image\" content=\"https:\/\/tienda.rigelec.com.ar\/wp-content\/uploads\/2025\/07\/ROTOMARTILLOBRUSHLESS.jpg\" \/>\n\t<meta property=\"og:image:width\" content=\"2000\" \/>\n\t<meta property=\"og:image:height\" content=\"2000\" \/>\n\t<meta property=\"og:image:type\" content=\"image\/jpeg\" \/>\n<meta name=\"twitter:card\" content=\"summary_large_image\" \/>\n<meta name=\"twitter:label1\" content=\"Tiempo de lectura\" \/>\n\t<meta name=\"twitter:data1\" content=\"1 minuto\" \/>\n<script type=\"application\/ld+json\" class=\"yoast-schema-graph\">{\"@context\":\"https:\/\/schema.org\",\"@graph\":[{\"@type\":\"WebPage\",\"@id\":\"https:\/\/tienda.rigelec.com.ar\/?product=rotomartillo\",\"url\":\"https:\/\/tienda.rigelec.com.ar\/?product=rotomartillo\",\"name\":\"ROTOMARTILLO BRUSHLESS INALAMBRICA 1100RPM-20V - Tienda Rigelec\",\"isPartOf\":{\"@id\":\"https:\/\/tienda.rigelec.com.ar\/#website\"},\"primaryImageOfPage\":{\"@id\":\"https:\/\/tienda.rigelec.com.ar\/?product=rotomartillo#primaryimage\"},\"image\":{\"@id\":\"https:\/\/tienda.rigelec.com.ar\/?product=rotomartillo#primaryimage\"},\"thumbnailUrl\":\"https:\/\/tienda.rigelec.com.ar\/wp-content\/uploads\/2025\/07\/ROTOMARTILLOBRUSHLESS.jpg\",\"datePublished\":\"2025-07-31T23:13:59+00:00\",\"dateModified\":\"2026-05-01T04:40:01+00:00\",\"description\":\"ROTOMARTILLO BRUSHLESS INALAMBRICA 1100RPM-20V Tienda Rigelec ROTOMARTILLO BRUSHLESS INALAMBRICA 1100RPM-20V ROTOMARTILLO\",\"breadcrumb\":{\"@id\":\"https:\/\/tienda.rigelec.com.ar\/?product=rotomartillo#breadcrumb\"},\"inLanguage\":\"es-AR\",\"potentialAction\":[{\"@type\":\"ReadAction\",\"target\":[\"https:\/\/tienda.rigelec.com.ar\/?product=rotomartillo\"]}]},{\"@type\":\"ImageObject\",\"inLanguage\":\"es-AR\",\"@id\":\"https:\/\/tienda.rigelec.com.ar\/?product=rotomartillo#primaryimage\",\"url\":\"https:\/\/tienda.rigelec.com.ar\/wp-content\/uploads\/2025\/07\/ROTOMARTILLOBRUSHLESS.jpg\",\"contentUrl\":\"https:\/\/tienda.rigelec.com.ar\/wp-content\/uploads\/2025\/07\/ROTOMARTILLOBRUSHLESS.jpg\",\"width\":2000,\"height\":2000},{\"@type\":\"BreadcrumbList\",\"@id\":\"https:\/\/tienda.rigelec.com.ar\/?product=rotomartillo#breadcrumb\",\"itemListElement\":[{\"@type\":\"ListItem\",\"position\":1,\"name\":\"Inicio\",\"item\":\"https:\/\/tienda.rigelec.com.ar\/\"},{\"@type\":\"ListItem\",\"position\":2,\"name\":\"Shop\",\"item\":\"https:\/\/tienda.rigelec.com.ar\/?page_id=12\"},{\"@type\":\"ListItem\",\"position\":3,\"name\":\"ROTOMARTILLO BRUSHLESS INALAMBRICA 1100RPM-20V\"}]},{\"@type\":\"WebSite\",\"@id\":\"https:\/\/tienda.rigelec.com.ar\/#website\",\"url\":\"https:\/\/tienda.rigelec.com.ar\/\",\"name\":\"Tienda Rigelec\",\"description\":\"Energia en movimiento\",\"publisher\":{\"@id\":\"https:\/\/tienda.rigelec.com.ar\/#organization\"},\"potentialAction\":[{\"@type\":\"SearchAction\",\"target\":{\"@type\":\"EntryPoint\",\"urlTemplate\":\"https:\/\/tienda.rigelec.com.ar\/?s={search_term_string}\"},\"query-input\":{\"@type\":\"PropertyValueSpecification\",\"valueRequired\":true,\"valueName\":\"search_term_string\"}}],\"inLanguage\":\"es-AR\"},{\"@type\":\"Organization\",\"@id\":\"https:\/\/tienda.rigelec.com.ar\/#organization\",\"name\":\"Tienda Rigelec\",\"url\":\"https:\/\/tienda.rigelec.com.ar\/\",\"logo\":{\"@type\":\"ImageObject\",\"inLanguage\":\"es-AR\",\"@id\":\"https:\/\/tienda.rigelec.com.ar\/#\/schema\/logo\/image\/\",\"url\":\"https:\/\/tienda.rigelec.com.ar\/wp-content\/uploads\/2024\/09\/isologo-blanco-rigelec.png\",\"contentUrl\":\"https:\/\/tienda.rigelec.com.ar\/wp-content\/uploads\/2024\/09\/isologo-blanco-rigelec.png\",\"width\":94,\"height\":97,\"caption\":\"Tienda Rigelec\"},\"image\":{\"@id\":\"https:\/\/tienda.rigelec.com.ar\/#\/schema\/logo\/image\/\"}}]}<\/script>\n<!-- \/ Yoast SEO plugin. -->","yoast_head_json":{"title":"ROTOMARTILLO BRUSHLESS INALAMBRICA 1100RPM-20V - Tienda Rigelec","description":"ROTOMARTILLO BRUSHLESS INALAMBRICA 1100RPM-20V Tienda Rigelec ROTOMARTILLO BRUSHLESS INALAMBRICA 1100RPM-20V ROTOMARTILLO","robots":{"index":"index","follow":"follow","max-snippet":"max-snippet:-1","max-image-preview":"max-image-preview:large","max-video-preview":"max-video-preview:-1"},"canonical":"https:\/\/tienda.rigelec.com.ar\/?product=rotomartillo","og_locale":"es_ES","og_type":"article","og_title":"ROTOMARTILLO BRUSHLESS INALAMBRICA 1100RPM-20V - Tienda Rigelec","og_description":"ROTOMARTILLO BRUSHLESS INALAMBRICA 1100RPM-20V Tienda Rigelec ROTOMARTILLO BRUSHLESS INALAMBRICA 1100RPM-20V ROTOMARTILLO","og_url":"https:\/\/tienda.rigelec.com.ar\/?product=rotomartillo","og_site_name":"Tienda Rigelec","article_modified_time":"2026-05-01T04:40:01+00:00","og_image":[{"width":2000,"height":2000,"url":"https:\/\/tienda.rigelec.com.ar\/wp-content\/uploads\/2025\/07\/ROTOMARTILLOBRUSHLESS.jpg","type":"image\/jpeg"}],"twitter_card":"summary_large_image","twitter_misc":{"Tiempo de lectura":"1 minuto"},"schema":{"@context":"https:\/\/schema.org","@graph":[{"@type":"WebPage","@id":"https:\/\/tienda.rigelec.com.ar\/?product=rotomartillo","url":"https:\/\/tienda.rigelec.com.ar\/?product=rotomartillo","name":"ROTOMARTILLO BRUSHLESS INALAMBRICA 1100RPM-20V - Tienda Rigelec","isPartOf":{"@id":"https:\/\/tienda.rigelec.com.ar\/#website"},"primaryImageOfPage":{"@id":"https:\/\/tienda.rigelec.com.ar\/?product=rotomartillo#primaryimage"},"image":{"@id":"https:\/\/tienda.rigelec.com.ar\/?product=rotomartillo#primaryimage"},"thumbnailUrl":"https:\/\/tienda.rigelec.com.ar\/wp-content\/uploads\/2025\/07\/ROTOMARTILLOBRUSHLESS.jpg","datePublished":"2025-07-31T23:13:59+00:00","dateModified":"2026-05-01T04:40:01+00:00","description":"ROTOMARTILLO BRUSHLESS INALAMBRICA 1100RPM-20V Tienda Rigelec ROTOMARTILLO BRUSHLESS INALAMBRICA 1100RPM-20V ROTOMARTILLO","breadcrumb":{"@id":"https:\/\/tienda.rigelec.com.ar\/?product=rotomartillo#breadcrumb"},"inLanguage":"es-AR","potentialAction":[{"@type":"ReadAction","target":["https:\/\/tienda.rigelec.com.ar\/?product=rotomartillo"]}]},{"@type":"ImageObject","inLanguage":"es-AR","@id":"https:\/\/tienda.rigelec.com.ar\/?product=rotomartillo#primaryimage","url":"https:\/\/tienda.rigelec.com.ar\/wp-content\/uploads\/2025\/07\/ROTOMARTILLOBRUSHLESS.jpg","contentUrl":"https:\/\/tienda.rigelec.com.ar\/wp-content\/uploads\/2025\/07\/ROTOMARTILLOBRUSHLESS.jpg","width":2000,"height":2000},{"@type":"BreadcrumbList","@id":"https:\/\/tienda.rigelec.com.ar\/?product=rotomartillo#breadcrumb","itemListElement":[{"@type":"ListItem","position":1,"name":"Inicio","item":"https:\/\/tienda.rigelec.com.ar\/"},{"@type":"ListItem","position":2,"name":"Shop","item":"https:\/\/tienda.rigelec.com.ar\/?page_id=12"},{"@type":"ListItem","position":3,"name":"ROTOMARTILLO BRUSHLESS INALAMBRICA 1100RPM-20V"}]},{"@type":"WebSite","@id":"https:\/\/tienda.rigelec.com.ar\/#website","url":"https:\/\/tienda.rigelec.com.ar\/","name":"Tienda Rigelec","description":"Energia en movimiento","publisher":{"@id":"https:\/\/tienda.rigelec.com.ar\/#organization"},"potentialAction":[{"@type":"SearchAction","target":{"@type":"EntryPoint","urlTemplate":"https:\/\/tienda.rigelec.com.ar\/?s={search_term_string}"},"query-input":{"@type":"PropertyValueSpecification","valueRequired":true,"valueName":"search_term_string"}}],"inLanguage":"es-AR"},{"@type":"Organization","@id":"https:\/\/tienda.rigelec.com.ar\/#organization","name":"Tienda Rigelec","url":"https:\/\/tienda.rigelec.com.ar\/","logo":{"@type":"ImageObject","inLanguage":"es-AR","@id":"https:\/\/tienda.rigelec.com.ar\/#\/schema\/logo\/image\/","url":"https:\/\/tienda.rigelec.com.ar\/wp-content\/uploads\/2024\/09\/isologo-blanco-rigelec.png","contentUrl":"https:\/\/tienda.rigelec.com.ar\/wp-content\/uploads\/2024\/09\/isologo-blanco-rigelec.png","width":94,"height":97,"caption":"Tienda Rigelec"},"image":{"@id":"https:\/\/tienda.rigelec.com.ar\/#\/schema\/logo\/image\/"}}]}},"jetpack_sharing_enabled":true,"_links":{"self":[{"href":"https:\/\/tienda.rigelec.com.ar\/index.php?rest_route=\/wp\/v2\/product\/30926","targetHints":{"allow":["GET"]}}],"collection":[{"href":"https:\/\/tienda.rigelec.com.ar\/index.php?rest_route=\/wp\/v2\/product"}],"about":[{"href":"https:\/\/tienda.rigelec.com.ar\/index.php?rest_route=\/wp\/v2\/types\/product"}],"replies":[{"embeddable":true,"href":"https:\/\/tienda.rigelec.com.ar\/index.php?rest_route=%2Fwp%2Fv2%2Fcomments&post=30926"}],"wp:featuredmedia":[{"embeddable":true,"href":"https:\/\/tienda.rigelec.com.ar\/index.php?rest_route=\/wp\/v2\/media\/30927"}],"wp:attachment":[{"href":"https:\/\/tienda.rigelec.com.ar\/index.php?rest_route=%2Fwp%2Fv2%2Fmedia&parent=30926"}],"wp:term":[{"taxonomy":"product_brand","embeddable":true,"href":"https:\/\/tienda.rigelec.com.ar\/index.php?rest_route=%2Fwp%2Fv2%2Fproduct_brand&post=30926"},{"taxonomy":"product_cat","embeddable":true,"href":"https:\/\/tienda.rigelec.com.ar\/index.php?rest_route=%2Fwp%2Fv2%2Fproduct_cat&post=30926"},{"taxonomy":"product_tag","embeddable":true,"href":"https:\/\/tienda.rigelec.com.ar\/index.php?rest_route=%2Fwp%2Fv2%2Fproduct_tag&post=30926"}],"curies":[{"name":"wp","href":"https:\/\/api.w.org\/{rel}","templated":true}]}}