{"id":30957,"date":"2025-08-04T13:40:47","date_gmt":"2025-08-04T16:40:47","guid":{"rendered":"https:\/\/tienda.rigelec.com.ar\/?product=destornillador-phillips-ph3-ph3x200mm-8x200mm"},"modified":"2026-05-01T00:31:44","modified_gmt":"2026-05-01T03:31:44","slug":"destornillador-phillips-ph3","status":"publish","type":"product","link":"https:\/\/tienda.rigelec.com.ar\/?product=destornillador-phillips-ph3","title":{"rendered":"DESTORNILLADOR PHILLIPS PH3 PH3X200MM 8X200MM"},"content":{"rendered":"<p>DESTORNILLADOR PHILLIPS PH3<\/p>\n<h3 data-start=\"106\" data-end=\"177\"><strong data-start=\"110\" data-end=\"177\">Destornillador Phillips PH3 x 200 mm | Mango Ergon\u00f3mico Bicolor<\/strong><\/h3>\n<p data-start=\"179\" data-end=\"438\">El destornillador Phillips PH3 x 200 mm es ideal para trabajos que requieren precisi\u00f3n y fuerza. Su punta magn\u00e9tica PH3 asegura un mejor agarre del tornillo, mientras que su mango ergon\u00f3mico bicolor proporciona comodidad durante el uso prolongado.<\/p>\n<p data-start=\"440\" data-end=\"579\">Fabricado con hoja de acero S2 de alta resistencia, es una herramienta imprescindible tanto para profesionales como para uso dom\u00e9stico.<\/p>\n<h3 data-start=\"586\" data-end=\"619\"><strong data-start=\"590\" data-end=\"619\">Caracter\u00edsticas t\u00e9cnicas:<\/strong><\/h3>\n<ul data-start=\"620\" data-end=\"920\">\n<li data-start=\"620\" data-end=\"667\">\n<p data-start=\"622\" data-end=\"667\"><strong data-start=\"622\" data-end=\"640\">Tipo de punta:<\/strong> Phillips PH3 (magn\u00e9tica)<\/p>\n<\/li>\n<li data-start=\"668\" data-end=\"705\">\n<p data-start=\"670\" data-end=\"705\"><strong data-start=\"670\" data-end=\"694\">Material de la hoja:<\/strong> Acero S2<\/p>\n<\/li>\n<li data-start=\"706\" data-end=\"741\">\n<p data-start=\"708\" data-end=\"741\"><strong data-start=\"708\" data-end=\"732\">Longitud de la hoja:<\/strong> 200 mm<\/p>\n<\/li>\n<li data-start=\"742\" data-end=\"777\">\n<p data-start=\"744\" data-end=\"777\"><strong data-start=\"744\" data-end=\"768\">Di\u00e1metro de la hoja:<\/strong> 8,0 mm<\/p>\n<\/li>\n<li data-start=\"778\" data-end=\"820\">\n<p data-start=\"780\" data-end=\"820\"><strong data-start=\"780\" data-end=\"790\">Mango:<\/strong> Redondo, ergon\u00f3mico bicolor<\/p>\n<\/li>\n<li data-start=\"821\" data-end=\"879\">\n<p data-start=\"823\" data-end=\"879\"><strong data-start=\"823\" data-end=\"840\">Presentaci\u00f3n:<\/strong> 1 destornillador con percha pl\u00e1stica<\/p>\n<\/li>\n<li data-start=\"880\" data-end=\"920\">\n<p data-start=\"882\" data-end=\"920\"><strong data-start=\"882\" data-end=\"895\">Imantado:<\/strong> S\u00ed, con fuerte magn\u00e9tico<\/p>\n<\/li>\n<\/ul>\n","protected":false},"excerpt":{"rendered":"<p>Material de la hoja: S2<br \/>\nTipo de punta: phillips PH3 (magn\u00e9tica)<br \/>\nLongitud de la hoja: 200 mm<br \/>\nDi\u00e1metro de la hoja: 8,0 mm<br \/>\nTipo de mango: redondo<br \/>\nMaterial del mango: ergon\u00f3mico bicolor.<br \/>\n1 destornillador con 1 percha de pl\u00e1stico.<br \/>\nCon fuerte magn\u00e9tico<br \/>\nEmbalado con percha de pl\u00e1stico<\/p>\n","protected":false},"featured_media":30958,"comment_status":"open","ping_status":"closed","template":"","meta":{"_monsterinsights_skip_tracking":false,"_monsterinsights_sitenote_active":false,"_monsterinsights_sitenote_note":"","_monsterinsights_sitenote_category":0},"product_brand":[],"product_cat":[363],"product_tag":[452],"class_list":{"0":"post-30957","1":"product","2":"type-product","3":"status-publish","4":"has-post-thumbnail","6":"product_cat-i-destornillador","7":"product_tag-jadever","9":"first","10":"instock","11":"shipping-taxable","12":"purchasable","13":"product-type-simple"},"yoast_head":"<!-- This site is optimized with the Yoast SEO plugin v25.3.1 - https:\/\/yoast.com\/wordpress\/plugins\/seo\/ -->\n<title>DESTORNILLADOR PHILLIPS PH3 PH3X200MM 8X200MM - Tienda Rigelec<\/title>\n<meta name=\"description\" content=\"DESTORNILLADOR PHILLIPS PH3 PH3X200MM 8X200MM Tienda Rigelec DESTORNILLADOR PHILLIPS PH3 PH3X200MM 8X200MM DESTORNILLADOR PHILLIPS PH3\" \/>\n<meta name=\"robots\" content=\"index, follow, max-snippet:-1, max-image-preview:large, max-video-preview:-1\" \/>\n<link rel=\"canonical\" href=\"https:\/\/tienda.rigelec.com.ar\/?product=destornillador-phillips-ph3\" \/>\n<meta property=\"og:locale\" content=\"es_ES\" \/>\n<meta property=\"og:type\" content=\"article\" \/>\n<meta property=\"og:title\" content=\"DESTORNILLADOR PHILLIPS PH3 PH3X200MM 8X200MM - Tienda Rigelec\" \/>\n<meta property=\"og:description\" content=\"DESTORNILLADOR PHILLIPS PH3 PH3X200MM 8X200MM Tienda Rigelec DESTORNILLADOR PHILLIPS PH3 PH3X200MM 8X200MM DESTORNILLADOR PHILLIPS PH3\" \/>\n<meta property=\"og:url\" content=\"https:\/\/tienda.rigelec.com.ar\/?product=destornillador-phillips-ph3\" \/>\n<meta property=\"og:site_name\" content=\"Tienda Rigelec\" \/>\n<meta property=\"article:modified_time\" content=\"2026-05-01T03:31:44+00:00\" \/>\n<meta property=\"og:image\" content=\"https:\/\/tienda.rigelec.com.ar\/wp-content\/uploads\/2025\/08\/DESTORNILLADORPHILLIPSPH3-scaled.jpg\" \/>\n\t<meta property=\"og:image:width\" content=\"2560\" \/>\n\t<meta property=\"og:image:height\" content=\"2560\" \/>\n\t<meta property=\"og:image:type\" content=\"image\/jpeg\" \/>\n<meta name=\"twitter:card\" content=\"summary_large_image\" \/>\n<meta name=\"twitter:label1\" content=\"Tiempo de lectura\" \/>\n\t<meta name=\"twitter:data1\" content=\"1 minuto\" \/>\n<script type=\"application\/ld+json\" class=\"yoast-schema-graph\">{\"@context\":\"https:\/\/schema.org\",\"@graph\":[{\"@type\":\"WebPage\",\"@id\":\"https:\/\/tienda.rigelec.com.ar\/?product=destornillador-phillips-ph3\",\"url\":\"https:\/\/tienda.rigelec.com.ar\/?product=destornillador-phillips-ph3\",\"name\":\"DESTORNILLADOR PHILLIPS PH3 PH3X200MM 8X200MM - Tienda Rigelec\",\"isPartOf\":{\"@id\":\"https:\/\/tienda.rigelec.com.ar\/#website\"},\"primaryImageOfPage\":{\"@id\":\"https:\/\/tienda.rigelec.com.ar\/?product=destornillador-phillips-ph3#primaryimage\"},\"image\":{\"@id\":\"https:\/\/tienda.rigelec.com.ar\/?product=destornillador-phillips-ph3#primaryimage\"},\"thumbnailUrl\":\"https:\/\/tienda.rigelec.com.ar\/wp-content\/uploads\/2025\/08\/DESTORNILLADORPHILLIPSPH3-scaled.jpg\",\"datePublished\":\"2025-08-04T16:40:47+00:00\",\"dateModified\":\"2026-05-01T03:31:44+00:00\",\"description\":\"DESTORNILLADOR PHILLIPS PH3 PH3X200MM 8X200MM Tienda Rigelec DESTORNILLADOR PHILLIPS PH3 PH3X200MM 8X200MM DESTORNILLADOR PHILLIPS PH3\",\"breadcrumb\":{\"@id\":\"https:\/\/tienda.rigelec.com.ar\/?product=destornillador-phillips-ph3#breadcrumb\"},\"inLanguage\":\"es-AR\",\"potentialAction\":[{\"@type\":\"ReadAction\",\"target\":[\"https:\/\/tienda.rigelec.com.ar\/?product=destornillador-phillips-ph3\"]}]},{\"@type\":\"ImageObject\",\"inLanguage\":\"es-AR\",\"@id\":\"https:\/\/tienda.rigelec.com.ar\/?product=destornillador-phillips-ph3#primaryimage\",\"url\":\"https:\/\/tienda.rigelec.com.ar\/wp-content\/uploads\/2025\/08\/DESTORNILLADORPHILLIPSPH3-scaled.jpg\",\"contentUrl\":\"https:\/\/tienda.rigelec.com.ar\/wp-content\/uploads\/2025\/08\/DESTORNILLADORPHILLIPSPH3-scaled.jpg\",\"width\":2560,\"height\":2560},{\"@type\":\"BreadcrumbList\",\"@id\":\"https:\/\/tienda.rigelec.com.ar\/?product=destornillador-phillips-ph3#breadcrumb\",\"itemListElement\":[{\"@type\":\"ListItem\",\"position\":1,\"name\":\"Inicio\",\"item\":\"https:\/\/tienda.rigelec.com.ar\/\"},{\"@type\":\"ListItem\",\"position\":2,\"name\":\"Shop\",\"item\":\"https:\/\/tienda.rigelec.com.ar\/?page_id=12\"},{\"@type\":\"ListItem\",\"position\":3,\"name\":\"DESTORNILLADOR PHILLIPS PH3 PH3X200MM 8X200MM\"}]},{\"@type\":\"WebSite\",\"@id\":\"https:\/\/tienda.rigelec.com.ar\/#website\",\"url\":\"https:\/\/tienda.rigelec.com.ar\/\",\"name\":\"Tienda Rigelec\",\"description\":\"Energia en movimiento\",\"publisher\":{\"@id\":\"https:\/\/tienda.rigelec.com.ar\/#organization\"},\"potentialAction\":[{\"@type\":\"SearchAction\",\"target\":{\"@type\":\"EntryPoint\",\"urlTemplate\":\"https:\/\/tienda.rigelec.com.ar\/?s={search_term_string}\"},\"query-input\":{\"@type\":\"PropertyValueSpecification\",\"valueRequired\":true,\"valueName\":\"search_term_string\"}}],\"inLanguage\":\"es-AR\"},{\"@type\":\"Organization\",\"@id\":\"https:\/\/tienda.rigelec.com.ar\/#organization\",\"name\":\"Tienda Rigelec\",\"url\":\"https:\/\/tienda.rigelec.com.ar\/\",\"logo\":{\"@type\":\"ImageObject\",\"inLanguage\":\"es-AR\",\"@id\":\"https:\/\/tienda.rigelec.com.ar\/#\/schema\/logo\/image\/\",\"url\":\"https:\/\/tienda.rigelec.com.ar\/wp-content\/uploads\/2024\/09\/isologo-blanco-rigelec.png\",\"contentUrl\":\"https:\/\/tienda.rigelec.com.ar\/wp-content\/uploads\/2024\/09\/isologo-blanco-rigelec.png\",\"width\":94,\"height\":97,\"caption\":\"Tienda Rigelec\"},\"image\":{\"@id\":\"https:\/\/tienda.rigelec.com.ar\/#\/schema\/logo\/image\/\"}}]}<\/script>\n<!-- \/ Yoast SEO plugin. -->","yoast_head_json":{"title":"DESTORNILLADOR PHILLIPS PH3 PH3X200MM 8X200MM - Tienda Rigelec","description":"DESTORNILLADOR PHILLIPS PH3 PH3X200MM 8X200MM Tienda Rigelec DESTORNILLADOR PHILLIPS PH3 PH3X200MM 8X200MM DESTORNILLADOR PHILLIPS PH3","robots":{"index":"index","follow":"follow","max-snippet":"max-snippet:-1","max-image-preview":"max-image-preview:large","max-video-preview":"max-video-preview:-1"},"canonical":"https:\/\/tienda.rigelec.com.ar\/?product=destornillador-phillips-ph3","og_locale":"es_ES","og_type":"article","og_title":"DESTORNILLADOR PHILLIPS PH3 PH3X200MM 8X200MM - Tienda Rigelec","og_description":"DESTORNILLADOR PHILLIPS PH3 PH3X200MM 8X200MM Tienda Rigelec DESTORNILLADOR PHILLIPS PH3 PH3X200MM 8X200MM DESTORNILLADOR PHILLIPS PH3","og_url":"https:\/\/tienda.rigelec.com.ar\/?product=destornillador-phillips-ph3","og_site_name":"Tienda Rigelec","article_modified_time":"2026-05-01T03:31:44+00:00","og_image":[{"width":2560,"height":2560,"url":"https:\/\/tienda.rigelec.com.ar\/wp-content\/uploads\/2025\/08\/DESTORNILLADORPHILLIPSPH3-scaled.jpg","type":"image\/jpeg"}],"twitter_card":"summary_large_image","twitter_misc":{"Tiempo de lectura":"1 minuto"},"schema":{"@context":"https:\/\/schema.org","@graph":[{"@type":"WebPage","@id":"https:\/\/tienda.rigelec.com.ar\/?product=destornillador-phillips-ph3","url":"https:\/\/tienda.rigelec.com.ar\/?product=destornillador-phillips-ph3","name":"DESTORNILLADOR PHILLIPS PH3 PH3X200MM 8X200MM - Tienda Rigelec","isPartOf":{"@id":"https:\/\/tienda.rigelec.com.ar\/#website"},"primaryImageOfPage":{"@id":"https:\/\/tienda.rigelec.com.ar\/?product=destornillador-phillips-ph3#primaryimage"},"image":{"@id":"https:\/\/tienda.rigelec.com.ar\/?product=destornillador-phillips-ph3#primaryimage"},"thumbnailUrl":"https:\/\/tienda.rigelec.com.ar\/wp-content\/uploads\/2025\/08\/DESTORNILLADORPHILLIPSPH3-scaled.jpg","datePublished":"2025-08-04T16:40:47+00:00","dateModified":"2026-05-01T03:31:44+00:00","description":"DESTORNILLADOR PHILLIPS PH3 PH3X200MM 8X200MM Tienda Rigelec DESTORNILLADOR PHILLIPS PH3 PH3X200MM 8X200MM DESTORNILLADOR PHILLIPS PH3","breadcrumb":{"@id":"https:\/\/tienda.rigelec.com.ar\/?product=destornillador-phillips-ph3#breadcrumb"},"inLanguage":"es-AR","potentialAction":[{"@type":"ReadAction","target":["https:\/\/tienda.rigelec.com.ar\/?product=destornillador-phillips-ph3"]}]},{"@type":"ImageObject","inLanguage":"es-AR","@id":"https:\/\/tienda.rigelec.com.ar\/?product=destornillador-phillips-ph3#primaryimage","url":"https:\/\/tienda.rigelec.com.ar\/wp-content\/uploads\/2025\/08\/DESTORNILLADORPHILLIPSPH3-scaled.jpg","contentUrl":"https:\/\/tienda.rigelec.com.ar\/wp-content\/uploads\/2025\/08\/DESTORNILLADORPHILLIPSPH3-scaled.jpg","width":2560,"height":2560},{"@type":"BreadcrumbList","@id":"https:\/\/tienda.rigelec.com.ar\/?product=destornillador-phillips-ph3#breadcrumb","itemListElement":[{"@type":"ListItem","position":1,"name":"Inicio","item":"https:\/\/tienda.rigelec.com.ar\/"},{"@type":"ListItem","position":2,"name":"Shop","item":"https:\/\/tienda.rigelec.com.ar\/?page_id=12"},{"@type":"ListItem","position":3,"name":"DESTORNILLADOR PHILLIPS PH3 PH3X200MM 8X200MM"}]},{"@type":"WebSite","@id":"https:\/\/tienda.rigelec.com.ar\/#website","url":"https:\/\/tienda.rigelec.com.ar\/","name":"Tienda Rigelec","description":"Energia en movimiento","publisher":{"@id":"https:\/\/tienda.rigelec.com.ar\/#organization"},"potentialAction":[{"@type":"SearchAction","target":{"@type":"EntryPoint","urlTemplate":"https:\/\/tienda.rigelec.com.ar\/?s={search_term_string}"},"query-input":{"@type":"PropertyValueSpecification","valueRequired":true,"valueName":"search_term_string"}}],"inLanguage":"es-AR"},{"@type":"Organization","@id":"https:\/\/tienda.rigelec.com.ar\/#organization","name":"Tienda Rigelec","url":"https:\/\/tienda.rigelec.com.ar\/","logo":{"@type":"ImageObject","inLanguage":"es-AR","@id":"https:\/\/tienda.rigelec.com.ar\/#\/schema\/logo\/image\/","url":"https:\/\/tienda.rigelec.com.ar\/wp-content\/uploads\/2024\/09\/isologo-blanco-rigelec.png","contentUrl":"https:\/\/tienda.rigelec.com.ar\/wp-content\/uploads\/2024\/09\/isologo-blanco-rigelec.png","width":94,"height":97,"caption":"Tienda Rigelec"},"image":{"@id":"https:\/\/tienda.rigelec.com.ar\/#\/schema\/logo\/image\/"}}]}},"jetpack_sharing_enabled":true,"_links":{"self":[{"href":"https:\/\/tienda.rigelec.com.ar\/index.php?rest_route=\/wp\/v2\/product\/30957","targetHints":{"allow":["GET"]}}],"collection":[{"href":"https:\/\/tienda.rigelec.com.ar\/index.php?rest_route=\/wp\/v2\/product"}],"about":[{"href":"https:\/\/tienda.rigelec.com.ar\/index.php?rest_route=\/wp\/v2\/types\/product"}],"replies":[{"embeddable":true,"href":"https:\/\/tienda.rigelec.com.ar\/index.php?rest_route=%2Fwp%2Fv2%2Fcomments&post=30957"}],"wp:featuredmedia":[{"embeddable":true,"href":"https:\/\/tienda.rigelec.com.ar\/index.php?rest_route=\/wp\/v2\/media\/30958"}],"wp:attachment":[{"href":"https:\/\/tienda.rigelec.com.ar\/index.php?rest_route=%2Fwp%2Fv2%2Fmedia&parent=30957"}],"wp:term":[{"taxonomy":"product_brand","embeddable":true,"href":"https:\/\/tienda.rigelec.com.ar\/index.php?rest_route=%2Fwp%2Fv2%2Fproduct_brand&post=30957"},{"taxonomy":"product_cat","embeddable":true,"href":"https:\/\/tienda.rigelec.com.ar\/index.php?rest_route=%2Fwp%2Fv2%2Fproduct_cat&post=30957"},{"taxonomy":"product_tag","embeddable":true,"href":"https:\/\/tienda.rigelec.com.ar\/index.php?rest_route=%2Fwp%2Fv2%2Fproduct_tag&post=30957"}],"curies":[{"name":"wp","href":"https:\/\/api.w.org\/{rel}","templated":true}]}}