{"id":30959,"date":"2025-08-04T14:31:36","date_gmt":"2025-08-04T17:31:36","guid":{"rendered":"https:\/\/tienda.rigelec.com.ar\/?product=pasacables-inalambrico-kdcx600-type-z-800w-20v-600n"},"modified":"2026-05-01T01:38:53","modified_gmt":"2026-05-01T04:38:53","slug":"pasacables","status":"publish","type":"product","link":"https:\/\/tienda.rigelec.com.ar\/?product=pasacables","title":{"rendered":"PASACABLES INALAMBRICO &#8211; KDCX600 (TYPE Z) 800W-20V-600N"},"content":{"rendered":"<p>PASACABLES<\/p>\n<p data-start=\"91\" data-end=\"151\"><strong data-start=\"91\" data-end=\"149\">Pasacables Inal\u00e1mbrico DCK KDCX600 \u2013 800W \u2013 20V \u2013 600N<\/strong><\/p>\n<p data-start=\"153\" data-end=\"528\">El pasacables inal\u00e1mbrico DCK KDCX600 est\u00e1 dise\u00f1ado para facilitar el tendido de cables en instalaciones el\u00e9ctricas y de telecomunicaciones, ofreciendo potencia, precisi\u00f3n y libertad de movimiento. Con un motor de 800W alimentado por bater\u00eda de 20V, proporciona una fuerza de tracci\u00f3n de 600N, ideal para trabajos r\u00e1pidos y seguros incluso en conductos largos o con curvas.<\/p>\n<p data-start=\"530\" data-end=\"791\">Su dise\u00f1o ergon\u00f3mico reduce la fatiga en jornadas prolongadas y permite un manejo c\u00f3modo en espacios reducidos. Al ser inal\u00e1mbrico, elimina la limitaci\u00f3n de cables, permitiendo trabajar con total movilidad y eficiencia en obras, reparaciones o mantenimientos.<\/p>\n<p data-start=\"793\" data-end=\"826\"><strong data-start=\"793\" data-end=\"824\">Caracter\u00edsticas destacadas:<\/strong><\/p>\n<ul data-start=\"827\" data-end=\"1092\">\n<li data-start=\"827\" data-end=\"846\">\n<p data-start=\"829\" data-end=\"846\">Potencia: 800W.<\/p>\n<\/li>\n<li data-start=\"847\" data-end=\"880\">\n<p data-start=\"849\" data-end=\"880\">Alimentaci\u00f3n: bater\u00eda de 20V.<\/p>\n<\/li>\n<li data-start=\"881\" data-end=\"910\">\n<p data-start=\"883\" data-end=\"910\">Fuerza de tracci\u00f3n: 600N.<\/p>\n<\/li>\n<li data-start=\"911\" data-end=\"955\">\n<p data-start=\"913\" data-end=\"955\">Ligero y ergon\u00f3mico para uso prolongado.<\/p>\n<\/li>\n<li data-start=\"956\" data-end=\"1038\">\n<p data-start=\"958\" data-end=\"1038\">Ideal para tendido en instalaciones el\u00e9ctricas, de datos y telecomunicaciones.<\/p>\n<\/li>\n<li data-start=\"1039\" data-end=\"1092\">\n<p data-start=\"1041\" data-end=\"1092\">Dise\u00f1o port\u00e1til para trabajar en cualquier lugar.<\/p>\n<\/li>\n<\/ul>\n<p data-start=\"1094\" data-end=\"1224\">Potente, vers\u00e1til y libre de cables, el DCK KDCX600 es la soluci\u00f3n profesional para un tendido de cables m\u00e1s r\u00e1pido y eficiente.<\/p>\n","protected":false},"excerpt":{"rendered":"<p>PASACABLES INALAMBRICO POTENCIA 800W FUERZA DE TRACCION 600N PESO 6.4KG MOTOR BRUSHLESS INCLUYE BOTELLA DE ACEITE LUBRICANTE, LLAVE, PARA ROLLO DE CABLE NO INCLUYE BATERIA<\/p>\n","protected":false},"featured_media":30960,"comment_status":"open","ping_status":"closed","template":"","meta":{"_monsterinsights_skip_tracking":false,"_monsterinsights_sitenote_active":false,"_monsterinsights_sitenote_note":"","_monsterinsights_sitenote_category":0},"product_brand":[],"product_cat":[366],"product_tag":[479],"class_list":{"0":"post-30959","1":"product","2":"type-product","3":"status-publish","4":"has-post-thumbnail","6":"product_cat-b-electricas","7":"product_tag-dck","9":"first","10":"outofstock","11":"shipping-taxable","12":"purchasable","13":"product-type-simple"},"yoast_head":"<!-- This site is optimized with the Yoast SEO plugin v25.3.1 - https:\/\/yoast.com\/wordpress\/plugins\/seo\/ -->\n<title>PASACABLES INALAMBRICO - KDCX600 (TYPE Z) 800W-20V-600N - Tienda Rigelec<\/title>\n<meta name=\"description\" content=\"Tienda Rigelec PASACABLES INALAMBRICO - KDCX600 (TYPE Z) 800W-20V-600N Tienda Rigelec PASACABLES Tienda Rigelec PASACABLES\" \/>\n<meta name=\"robots\" content=\"index, follow, max-snippet:-1, max-image-preview:large, max-video-preview:-1\" \/>\n<link rel=\"canonical\" href=\"https:\/\/tienda.rigelec.com.ar\/?product=pasacables\" \/>\n<meta property=\"og:locale\" content=\"es_ES\" \/>\n<meta property=\"og:type\" content=\"article\" \/>\n<meta property=\"og:title\" content=\"PASACABLES INALAMBRICO - KDCX600 (TYPE Z) 800W-20V-600N - Tienda Rigelec\" \/>\n<meta property=\"og:description\" content=\"Tienda Rigelec PASACABLES INALAMBRICO - KDCX600 (TYPE Z) 800W-20V-600N Tienda Rigelec PASACABLES Tienda Rigelec PASACABLES\" \/>\n<meta property=\"og:url\" content=\"https:\/\/tienda.rigelec.com.ar\/?product=pasacables\" \/>\n<meta property=\"og:site_name\" content=\"Tienda Rigelec\" \/>\n<meta property=\"article:modified_time\" content=\"2026-05-01T04:38:53+00:00\" \/>\n<meta property=\"og:image\" content=\"https:\/\/tienda.rigelec.com.ar\/wp-content\/uploads\/2025\/08\/PASACABLES.jpg\" \/>\n\t<meta property=\"og:image:width\" content=\"1080\" \/>\n\t<meta property=\"og:image:height\" content=\"1080\" \/>\n\t<meta property=\"og:image:type\" content=\"image\/jpeg\" \/>\n<meta name=\"twitter:card\" content=\"summary_large_image\" \/>\n<meta name=\"twitter:label1\" content=\"Tiempo de lectura\" \/>\n\t<meta name=\"twitter:data1\" content=\"1 minuto\" \/>\n<script type=\"application\/ld+json\" class=\"yoast-schema-graph\">{\"@context\":\"https:\/\/schema.org\",\"@graph\":[{\"@type\":\"WebPage\",\"@id\":\"https:\/\/tienda.rigelec.com.ar\/?product=pasacables\",\"url\":\"https:\/\/tienda.rigelec.com.ar\/?product=pasacables\",\"name\":\"PASACABLES INALAMBRICO - KDCX600 (TYPE Z) 800W-20V-600N - Tienda Rigelec\",\"isPartOf\":{\"@id\":\"https:\/\/tienda.rigelec.com.ar\/#website\"},\"primaryImageOfPage\":{\"@id\":\"https:\/\/tienda.rigelec.com.ar\/?product=pasacables#primaryimage\"},\"image\":{\"@id\":\"https:\/\/tienda.rigelec.com.ar\/?product=pasacables#primaryimage\"},\"thumbnailUrl\":\"https:\/\/tienda.rigelec.com.ar\/wp-content\/uploads\/2025\/08\/PASACABLES.jpg\",\"datePublished\":\"2025-08-04T17:31:36+00:00\",\"dateModified\":\"2026-05-01T04:38:53+00:00\",\"description\":\"Tienda Rigelec PASACABLES INALAMBRICO - KDCX600 (TYPE Z) 800W-20V-600N Tienda Rigelec PASACABLES Tienda Rigelec PASACABLES\",\"breadcrumb\":{\"@id\":\"https:\/\/tienda.rigelec.com.ar\/?product=pasacables#breadcrumb\"},\"inLanguage\":\"es-AR\",\"potentialAction\":[{\"@type\":\"ReadAction\",\"target\":[\"https:\/\/tienda.rigelec.com.ar\/?product=pasacables\"]}]},{\"@type\":\"ImageObject\",\"inLanguage\":\"es-AR\",\"@id\":\"https:\/\/tienda.rigelec.com.ar\/?product=pasacables#primaryimage\",\"url\":\"https:\/\/tienda.rigelec.com.ar\/wp-content\/uploads\/2025\/08\/PASACABLES.jpg\",\"contentUrl\":\"https:\/\/tienda.rigelec.com.ar\/wp-content\/uploads\/2025\/08\/PASACABLES.jpg\",\"width\":1080,\"height\":1080},{\"@type\":\"BreadcrumbList\",\"@id\":\"https:\/\/tienda.rigelec.com.ar\/?product=pasacables#breadcrumb\",\"itemListElement\":[{\"@type\":\"ListItem\",\"position\":1,\"name\":\"Inicio\",\"item\":\"https:\/\/tienda.rigelec.com.ar\/\"},{\"@type\":\"ListItem\",\"position\":2,\"name\":\"Shop\",\"item\":\"https:\/\/tienda.rigelec.com.ar\/?page_id=12\"},{\"@type\":\"ListItem\",\"position\":3,\"name\":\"PASACABLES INALAMBRICO &#8211; KDCX600 (TYPE Z) 800W-20V-600N\"}]},{\"@type\":\"WebSite\",\"@id\":\"https:\/\/tienda.rigelec.com.ar\/#website\",\"url\":\"https:\/\/tienda.rigelec.com.ar\/\",\"name\":\"Tienda Rigelec\",\"description\":\"Energia en movimiento\",\"publisher\":{\"@id\":\"https:\/\/tienda.rigelec.com.ar\/#organization\"},\"potentialAction\":[{\"@type\":\"SearchAction\",\"target\":{\"@type\":\"EntryPoint\",\"urlTemplate\":\"https:\/\/tienda.rigelec.com.ar\/?s={search_term_string}\"},\"query-input\":{\"@type\":\"PropertyValueSpecification\",\"valueRequired\":true,\"valueName\":\"search_term_string\"}}],\"inLanguage\":\"es-AR\"},{\"@type\":\"Organization\",\"@id\":\"https:\/\/tienda.rigelec.com.ar\/#organization\",\"name\":\"Tienda Rigelec\",\"url\":\"https:\/\/tienda.rigelec.com.ar\/\",\"logo\":{\"@type\":\"ImageObject\",\"inLanguage\":\"es-AR\",\"@id\":\"https:\/\/tienda.rigelec.com.ar\/#\/schema\/logo\/image\/\",\"url\":\"https:\/\/tienda.rigelec.com.ar\/wp-content\/uploads\/2024\/09\/isologo-blanco-rigelec.png\",\"contentUrl\":\"https:\/\/tienda.rigelec.com.ar\/wp-content\/uploads\/2024\/09\/isologo-blanco-rigelec.png\",\"width\":94,\"height\":97,\"caption\":\"Tienda Rigelec\"},\"image\":{\"@id\":\"https:\/\/tienda.rigelec.com.ar\/#\/schema\/logo\/image\/\"}}]}<\/script>\n<!-- \/ Yoast SEO plugin. -->","yoast_head_json":{"title":"PASACABLES INALAMBRICO - KDCX600 (TYPE Z) 800W-20V-600N - Tienda Rigelec","description":"Tienda Rigelec PASACABLES INALAMBRICO - KDCX600 (TYPE Z) 800W-20V-600N Tienda Rigelec PASACABLES Tienda Rigelec PASACABLES","robots":{"index":"index","follow":"follow","max-snippet":"max-snippet:-1","max-image-preview":"max-image-preview:large","max-video-preview":"max-video-preview:-1"},"canonical":"https:\/\/tienda.rigelec.com.ar\/?product=pasacables","og_locale":"es_ES","og_type":"article","og_title":"PASACABLES INALAMBRICO - KDCX600 (TYPE Z) 800W-20V-600N - Tienda Rigelec","og_description":"Tienda Rigelec PASACABLES INALAMBRICO - KDCX600 (TYPE Z) 800W-20V-600N Tienda Rigelec PASACABLES Tienda Rigelec PASACABLES","og_url":"https:\/\/tienda.rigelec.com.ar\/?product=pasacables","og_site_name":"Tienda Rigelec","article_modified_time":"2026-05-01T04:38:53+00:00","og_image":[{"width":1080,"height":1080,"url":"https:\/\/tienda.rigelec.com.ar\/wp-content\/uploads\/2025\/08\/PASACABLES.jpg","type":"image\/jpeg"}],"twitter_card":"summary_large_image","twitter_misc":{"Tiempo de lectura":"1 minuto"},"schema":{"@context":"https:\/\/schema.org","@graph":[{"@type":"WebPage","@id":"https:\/\/tienda.rigelec.com.ar\/?product=pasacables","url":"https:\/\/tienda.rigelec.com.ar\/?product=pasacables","name":"PASACABLES INALAMBRICO - KDCX600 (TYPE Z) 800W-20V-600N - Tienda Rigelec","isPartOf":{"@id":"https:\/\/tienda.rigelec.com.ar\/#website"},"primaryImageOfPage":{"@id":"https:\/\/tienda.rigelec.com.ar\/?product=pasacables#primaryimage"},"image":{"@id":"https:\/\/tienda.rigelec.com.ar\/?product=pasacables#primaryimage"},"thumbnailUrl":"https:\/\/tienda.rigelec.com.ar\/wp-content\/uploads\/2025\/08\/PASACABLES.jpg","datePublished":"2025-08-04T17:31:36+00:00","dateModified":"2026-05-01T04:38:53+00:00","description":"Tienda Rigelec PASACABLES INALAMBRICO - KDCX600 (TYPE Z) 800W-20V-600N Tienda Rigelec PASACABLES Tienda Rigelec PASACABLES","breadcrumb":{"@id":"https:\/\/tienda.rigelec.com.ar\/?product=pasacables#breadcrumb"},"inLanguage":"es-AR","potentialAction":[{"@type":"ReadAction","target":["https:\/\/tienda.rigelec.com.ar\/?product=pasacables"]}]},{"@type":"ImageObject","inLanguage":"es-AR","@id":"https:\/\/tienda.rigelec.com.ar\/?product=pasacables#primaryimage","url":"https:\/\/tienda.rigelec.com.ar\/wp-content\/uploads\/2025\/08\/PASACABLES.jpg","contentUrl":"https:\/\/tienda.rigelec.com.ar\/wp-content\/uploads\/2025\/08\/PASACABLES.jpg","width":1080,"height":1080},{"@type":"BreadcrumbList","@id":"https:\/\/tienda.rigelec.com.ar\/?product=pasacables#breadcrumb","itemListElement":[{"@type":"ListItem","position":1,"name":"Inicio","item":"https:\/\/tienda.rigelec.com.ar\/"},{"@type":"ListItem","position":2,"name":"Shop","item":"https:\/\/tienda.rigelec.com.ar\/?page_id=12"},{"@type":"ListItem","position":3,"name":"PASACABLES INALAMBRICO &#8211; KDCX600 (TYPE Z) 800W-20V-600N"}]},{"@type":"WebSite","@id":"https:\/\/tienda.rigelec.com.ar\/#website","url":"https:\/\/tienda.rigelec.com.ar\/","name":"Tienda Rigelec","description":"Energia en movimiento","publisher":{"@id":"https:\/\/tienda.rigelec.com.ar\/#organization"},"potentialAction":[{"@type":"SearchAction","target":{"@type":"EntryPoint","urlTemplate":"https:\/\/tienda.rigelec.com.ar\/?s={search_term_string}"},"query-input":{"@type":"PropertyValueSpecification","valueRequired":true,"valueName":"search_term_string"}}],"inLanguage":"es-AR"},{"@type":"Organization","@id":"https:\/\/tienda.rigelec.com.ar\/#organization","name":"Tienda Rigelec","url":"https:\/\/tienda.rigelec.com.ar\/","logo":{"@type":"ImageObject","inLanguage":"es-AR","@id":"https:\/\/tienda.rigelec.com.ar\/#\/schema\/logo\/image\/","url":"https:\/\/tienda.rigelec.com.ar\/wp-content\/uploads\/2024\/09\/isologo-blanco-rigelec.png","contentUrl":"https:\/\/tienda.rigelec.com.ar\/wp-content\/uploads\/2024\/09\/isologo-blanco-rigelec.png","width":94,"height":97,"caption":"Tienda Rigelec"},"image":{"@id":"https:\/\/tienda.rigelec.com.ar\/#\/schema\/logo\/image\/"}}]}},"jetpack_sharing_enabled":true,"_links":{"self":[{"href":"https:\/\/tienda.rigelec.com.ar\/index.php?rest_route=\/wp\/v2\/product\/30959","targetHints":{"allow":["GET"]}}],"collection":[{"href":"https:\/\/tienda.rigelec.com.ar\/index.php?rest_route=\/wp\/v2\/product"}],"about":[{"href":"https:\/\/tienda.rigelec.com.ar\/index.php?rest_route=\/wp\/v2\/types\/product"}],"replies":[{"embeddable":true,"href":"https:\/\/tienda.rigelec.com.ar\/index.php?rest_route=%2Fwp%2Fv2%2Fcomments&post=30959"}],"wp:featuredmedia":[{"embeddable":true,"href":"https:\/\/tienda.rigelec.com.ar\/index.php?rest_route=\/wp\/v2\/media\/30960"}],"wp:attachment":[{"href":"https:\/\/tienda.rigelec.com.ar\/index.php?rest_route=%2Fwp%2Fv2%2Fmedia&parent=30959"}],"wp:term":[{"taxonomy":"product_brand","embeddable":true,"href":"https:\/\/tienda.rigelec.com.ar\/index.php?rest_route=%2Fwp%2Fv2%2Fproduct_brand&post=30959"},{"taxonomy":"product_cat","embeddable":true,"href":"https:\/\/tienda.rigelec.com.ar\/index.php?rest_route=%2Fwp%2Fv2%2Fproduct_cat&post=30959"},{"taxonomy":"product_tag","embeddable":true,"href":"https:\/\/tienda.rigelec.com.ar\/index.php?rest_route=%2Fwp%2Fv2%2Fproduct_tag&post=30959"}],"curies":[{"name":"wp","href":"https:\/\/api.w.org\/{rel}","templated":true}]}}