{"id":30963,"date":"2025-08-04T14:31:39","date_gmt":"2025-08-04T17:31:39","guid":{"rendered":"https:\/\/tienda.rigelec.com.ar\/?product=taladro-atornillador-percutor-inalambrico-kdjz23-10i-type-ek-12v-35nm"},"modified":"2026-05-01T01:38:54","modified_gmt":"2026-05-01T04:38:54","slug":"taladro","status":"publish","type":"product","link":"https:\/\/tienda.rigelec.com.ar\/?product=taladro","title":{"rendered":"TALADRO ATORNILLADOR PERCUTOR INALAMBRICO &#8211; KDJZ23-10i (TYPE EK) 12V-35Nm"},"content":{"rendered":"<p>TALADRO ATORNILLADOR PERCUTOR<\/p>\n<p data-start=\"118\" data-end=\"193\"><strong data-start=\"118\" data-end=\"191\">Taladro Atornillador Percutor Inal\u00e1mbrico DCK KDJZ23-10i \u2013 12V \u2013 35Nm<\/strong><\/p>\n<p data-start=\"195\" data-end=\"487\">Compacto, potente y vers\u00e1til, el DCK KDJZ23-10i es la herramienta ideal para tareas de perforaci\u00f3n y atornillado en espacios reducidos o trabajos de precisi\u00f3n. Su motor de 12V ofrece un par m\u00e1ximo de <strong data-start=\"395\" data-end=\"403\">35Nm<\/strong>, suficiente para abordar madera, metal y mamposter\u00eda ligera con total eficiencia.<\/p>\n<p data-start=\"489\" data-end=\"735\">El dise\u00f1o ergon\u00f3mico y liviano permite un manejo c\u00f3modo incluso en jornadas prolongadas, mientras que la funci\u00f3n percutor ampl\u00eda las posibilidades de trabajo. Al ser inal\u00e1mbrico, brinda libertad de movimiento y practicidad en cualquier entorno.<\/p>\n<p data-start=\"737\" data-end=\"770\"><strong data-start=\"737\" data-end=\"768\">Caracter\u00edsticas destacadas:<\/strong><\/p>\n<ul data-start=\"771\" data-end=\"951\">\n<li data-start=\"771\" data-end=\"788\">\n<p data-start=\"773\" data-end=\"788\">Voltaje: 12V.<\/p>\n<\/li>\n<li data-start=\"789\" data-end=\"810\">\n<p data-start=\"791\" data-end=\"810\">Par m\u00e1ximo: 35Nm.<\/p>\n<\/li>\n<li data-start=\"811\" data-end=\"859\">\n<p data-start=\"813\" data-end=\"859\">Funciones: taladro, atornillador y percutor.<\/p>\n<\/li>\n<li data-start=\"860\" data-end=\"907\">\n<p data-start=\"862\" data-end=\"907\">Dise\u00f1o compacto para mayor maniobrabilidad.<\/p>\n<\/li>\n<li data-start=\"908\" data-end=\"951\">\n<p data-start=\"910\" data-end=\"951\">Empu\u00f1adura ergon\u00f3mica y antideslizante.<\/p>\n<\/li>\n<\/ul>\n<p data-start=\"953\" data-end=\"1110\">El DCK KDJZ23-10i combina <strong data-start=\"979\" data-end=\"1017\">movilidad, precisi\u00f3n y rendimiento<\/strong>, convirti\u00e9ndose en un aliado indispensable para profesionales y entusiastas del bricolaje.<\/p>\n","protected":false},"excerpt":{"rendered":"<p>TALADRO ATORNILLADOR PERCUTOR INALAMBRICO 35Nm MANDRIL 10MM PERFORACION ACERO 10MM, PARED 8MM, MADERA 20MM PESO 0.8KG MOTOR BRUSHLESS INCLUYE DESTORNILLADOR DOBLE PUNTA, BATERIA 2Ah*2<\/p>\n","protected":false},"featured_media":30964,"comment_status":"open","ping_status":"closed","template":"","meta":{"_monsterinsights_skip_tracking":false,"_monsterinsights_sitenote_active":false,"_monsterinsights_sitenote_note":"","_monsterinsights_sitenote_category":0},"product_brand":[],"product_cat":[366],"product_tag":[479],"class_list":{"0":"post-30963","1":"product","2":"type-product","3":"status-publish","4":"has-post-thumbnail","6":"product_cat-b-electricas","7":"product_tag-dck","9":"first","10":"outofstock","11":"shipping-taxable","12":"purchasable","13":"product-type-simple"},"yoast_head":"<!-- This site is optimized with the Yoast SEO plugin v25.3.1 - https:\/\/yoast.com\/wordpress\/plugins\/seo\/ -->\n<title>TALADRO ATORNILLADOR PERCUTOR INALAMBRICO - KDJZ23-10i (TYPE EK) 12V-35Nm - Tienda Rigelec<\/title>\n<meta name=\"description\" content=\"TALADRO Tienda Rigelec TALADRO ATORNILLADOR PERCUTOR INALAMBRICO - KDJZ23-10i (TYPE EK) 12V-35Nm Tienda Rigelec Tienda Rigelec\" \/>\n<meta name=\"robots\" content=\"index, follow, max-snippet:-1, max-image-preview:large, max-video-preview:-1\" \/>\n<link rel=\"canonical\" href=\"https:\/\/tienda.rigelec.com.ar\/?product=taladro\" \/>\n<meta property=\"og:locale\" content=\"es_ES\" \/>\n<meta property=\"og:type\" content=\"article\" \/>\n<meta property=\"og:title\" content=\"TALADRO ATORNILLADOR PERCUTOR INALAMBRICO - KDJZ23-10i (TYPE EK) 12V-35Nm - Tienda Rigelec\" \/>\n<meta property=\"og:description\" content=\"TALADRO Tienda Rigelec TALADRO ATORNILLADOR PERCUTOR INALAMBRICO - KDJZ23-10i (TYPE EK) 12V-35Nm Tienda Rigelec Tienda Rigelec\" \/>\n<meta property=\"og:url\" content=\"https:\/\/tienda.rigelec.com.ar\/?product=taladro\" \/>\n<meta property=\"og:site_name\" content=\"Tienda Rigelec\" \/>\n<meta property=\"article:modified_time\" content=\"2026-05-01T04:38:54+00:00\" \/>\n<meta property=\"og:image\" content=\"https:\/\/tienda.rigelec.com.ar\/wp-content\/uploads\/2025\/08\/TALADROATORNILLADORPERCUTOR-1.jpg\" \/>\n\t<meta property=\"og:image:width\" content=\"1080\" \/>\n\t<meta property=\"og:image:height\" content=\"1080\" \/>\n\t<meta property=\"og:image:type\" content=\"image\/jpeg\" \/>\n<meta name=\"twitter:card\" content=\"summary_large_image\" \/>\n<meta name=\"twitter:label1\" content=\"Tiempo de lectura\" \/>\n\t<meta name=\"twitter:data1\" content=\"1 minuto\" \/>\n<script type=\"application\/ld+json\" class=\"yoast-schema-graph\">{\"@context\":\"https:\/\/schema.org\",\"@graph\":[{\"@type\":\"WebPage\",\"@id\":\"https:\/\/tienda.rigelec.com.ar\/?product=taladro\",\"url\":\"https:\/\/tienda.rigelec.com.ar\/?product=taladro\",\"name\":\"TALADRO ATORNILLADOR PERCUTOR INALAMBRICO - KDJZ23-10i (TYPE EK) 12V-35Nm - Tienda Rigelec\",\"isPartOf\":{\"@id\":\"https:\/\/tienda.rigelec.com.ar\/#website\"},\"primaryImageOfPage\":{\"@id\":\"https:\/\/tienda.rigelec.com.ar\/?product=taladro#primaryimage\"},\"image\":{\"@id\":\"https:\/\/tienda.rigelec.com.ar\/?product=taladro#primaryimage\"},\"thumbnailUrl\":\"https:\/\/tienda.rigelec.com.ar\/wp-content\/uploads\/2025\/08\/TALADROATORNILLADORPERCUTOR-1.jpg\",\"datePublished\":\"2025-08-04T17:31:39+00:00\",\"dateModified\":\"2026-05-01T04:38:54+00:00\",\"description\":\"TALADRO Tienda Rigelec TALADRO ATORNILLADOR PERCUTOR INALAMBRICO - KDJZ23-10i (TYPE EK) 12V-35Nm Tienda Rigelec Tienda Rigelec\",\"breadcrumb\":{\"@id\":\"https:\/\/tienda.rigelec.com.ar\/?product=taladro#breadcrumb\"},\"inLanguage\":\"es-AR\",\"potentialAction\":[{\"@type\":\"ReadAction\",\"target\":[\"https:\/\/tienda.rigelec.com.ar\/?product=taladro\"]}]},{\"@type\":\"ImageObject\",\"inLanguage\":\"es-AR\",\"@id\":\"https:\/\/tienda.rigelec.com.ar\/?product=taladro#primaryimage\",\"url\":\"https:\/\/tienda.rigelec.com.ar\/wp-content\/uploads\/2025\/08\/TALADROATORNILLADORPERCUTOR-1.jpg\",\"contentUrl\":\"https:\/\/tienda.rigelec.com.ar\/wp-content\/uploads\/2025\/08\/TALADROATORNILLADORPERCUTOR-1.jpg\",\"width\":1080,\"height\":1080},{\"@type\":\"BreadcrumbList\",\"@id\":\"https:\/\/tienda.rigelec.com.ar\/?product=taladro#breadcrumb\",\"itemListElement\":[{\"@type\":\"ListItem\",\"position\":1,\"name\":\"Inicio\",\"item\":\"https:\/\/tienda.rigelec.com.ar\/\"},{\"@type\":\"ListItem\",\"position\":2,\"name\":\"Shop\",\"item\":\"https:\/\/tienda.rigelec.com.ar\/?page_id=12\"},{\"@type\":\"ListItem\",\"position\":3,\"name\":\"TALADRO ATORNILLADOR PERCUTOR INALAMBRICO &#8211; KDJZ23-10i (TYPE EK) 12V-35Nm\"}]},{\"@type\":\"WebSite\",\"@id\":\"https:\/\/tienda.rigelec.com.ar\/#website\",\"url\":\"https:\/\/tienda.rigelec.com.ar\/\",\"name\":\"Tienda Rigelec\",\"description\":\"Energia en movimiento\",\"publisher\":{\"@id\":\"https:\/\/tienda.rigelec.com.ar\/#organization\"},\"potentialAction\":[{\"@type\":\"SearchAction\",\"target\":{\"@type\":\"EntryPoint\",\"urlTemplate\":\"https:\/\/tienda.rigelec.com.ar\/?s={search_term_string}\"},\"query-input\":{\"@type\":\"PropertyValueSpecification\",\"valueRequired\":true,\"valueName\":\"search_term_string\"}}],\"inLanguage\":\"es-AR\"},{\"@type\":\"Organization\",\"@id\":\"https:\/\/tienda.rigelec.com.ar\/#organization\",\"name\":\"Tienda Rigelec\",\"url\":\"https:\/\/tienda.rigelec.com.ar\/\",\"logo\":{\"@type\":\"ImageObject\",\"inLanguage\":\"es-AR\",\"@id\":\"https:\/\/tienda.rigelec.com.ar\/#\/schema\/logo\/image\/\",\"url\":\"https:\/\/tienda.rigelec.com.ar\/wp-content\/uploads\/2024\/09\/isologo-blanco-rigelec.png\",\"contentUrl\":\"https:\/\/tienda.rigelec.com.ar\/wp-content\/uploads\/2024\/09\/isologo-blanco-rigelec.png\",\"width\":94,\"height\":97,\"caption\":\"Tienda Rigelec\"},\"image\":{\"@id\":\"https:\/\/tienda.rigelec.com.ar\/#\/schema\/logo\/image\/\"}}]}<\/script>\n<!-- \/ Yoast SEO plugin. -->","yoast_head_json":{"title":"TALADRO ATORNILLADOR PERCUTOR INALAMBRICO - KDJZ23-10i (TYPE EK) 12V-35Nm - Tienda Rigelec","description":"TALADRO Tienda Rigelec TALADRO ATORNILLADOR PERCUTOR INALAMBRICO - KDJZ23-10i (TYPE EK) 12V-35Nm Tienda Rigelec Tienda Rigelec","robots":{"index":"index","follow":"follow","max-snippet":"max-snippet:-1","max-image-preview":"max-image-preview:large","max-video-preview":"max-video-preview:-1"},"canonical":"https:\/\/tienda.rigelec.com.ar\/?product=taladro","og_locale":"es_ES","og_type":"article","og_title":"TALADRO ATORNILLADOR PERCUTOR INALAMBRICO - KDJZ23-10i (TYPE EK) 12V-35Nm - Tienda Rigelec","og_description":"TALADRO Tienda Rigelec TALADRO ATORNILLADOR PERCUTOR INALAMBRICO - KDJZ23-10i (TYPE EK) 12V-35Nm Tienda Rigelec Tienda Rigelec","og_url":"https:\/\/tienda.rigelec.com.ar\/?product=taladro","og_site_name":"Tienda Rigelec","article_modified_time":"2026-05-01T04:38:54+00:00","og_image":[{"width":1080,"height":1080,"url":"https:\/\/tienda.rigelec.com.ar\/wp-content\/uploads\/2025\/08\/TALADROATORNILLADORPERCUTOR-1.jpg","type":"image\/jpeg"}],"twitter_card":"summary_large_image","twitter_misc":{"Tiempo de lectura":"1 minuto"},"schema":{"@context":"https:\/\/schema.org","@graph":[{"@type":"WebPage","@id":"https:\/\/tienda.rigelec.com.ar\/?product=taladro","url":"https:\/\/tienda.rigelec.com.ar\/?product=taladro","name":"TALADRO ATORNILLADOR PERCUTOR INALAMBRICO - KDJZ23-10i (TYPE EK) 12V-35Nm - Tienda Rigelec","isPartOf":{"@id":"https:\/\/tienda.rigelec.com.ar\/#website"},"primaryImageOfPage":{"@id":"https:\/\/tienda.rigelec.com.ar\/?product=taladro#primaryimage"},"image":{"@id":"https:\/\/tienda.rigelec.com.ar\/?product=taladro#primaryimage"},"thumbnailUrl":"https:\/\/tienda.rigelec.com.ar\/wp-content\/uploads\/2025\/08\/TALADROATORNILLADORPERCUTOR-1.jpg","datePublished":"2025-08-04T17:31:39+00:00","dateModified":"2026-05-01T04:38:54+00:00","description":"TALADRO Tienda Rigelec TALADRO ATORNILLADOR PERCUTOR INALAMBRICO - KDJZ23-10i (TYPE EK) 12V-35Nm Tienda Rigelec Tienda Rigelec","breadcrumb":{"@id":"https:\/\/tienda.rigelec.com.ar\/?product=taladro#breadcrumb"},"inLanguage":"es-AR","potentialAction":[{"@type":"ReadAction","target":["https:\/\/tienda.rigelec.com.ar\/?product=taladro"]}]},{"@type":"ImageObject","inLanguage":"es-AR","@id":"https:\/\/tienda.rigelec.com.ar\/?product=taladro#primaryimage","url":"https:\/\/tienda.rigelec.com.ar\/wp-content\/uploads\/2025\/08\/TALADROATORNILLADORPERCUTOR-1.jpg","contentUrl":"https:\/\/tienda.rigelec.com.ar\/wp-content\/uploads\/2025\/08\/TALADROATORNILLADORPERCUTOR-1.jpg","width":1080,"height":1080},{"@type":"BreadcrumbList","@id":"https:\/\/tienda.rigelec.com.ar\/?product=taladro#breadcrumb","itemListElement":[{"@type":"ListItem","position":1,"name":"Inicio","item":"https:\/\/tienda.rigelec.com.ar\/"},{"@type":"ListItem","position":2,"name":"Shop","item":"https:\/\/tienda.rigelec.com.ar\/?page_id=12"},{"@type":"ListItem","position":3,"name":"TALADRO ATORNILLADOR PERCUTOR INALAMBRICO &#8211; KDJZ23-10i (TYPE EK) 12V-35Nm"}]},{"@type":"WebSite","@id":"https:\/\/tienda.rigelec.com.ar\/#website","url":"https:\/\/tienda.rigelec.com.ar\/","name":"Tienda Rigelec","description":"Energia en movimiento","publisher":{"@id":"https:\/\/tienda.rigelec.com.ar\/#organization"},"potentialAction":[{"@type":"SearchAction","target":{"@type":"EntryPoint","urlTemplate":"https:\/\/tienda.rigelec.com.ar\/?s={search_term_string}"},"query-input":{"@type":"PropertyValueSpecification","valueRequired":true,"valueName":"search_term_string"}}],"inLanguage":"es-AR"},{"@type":"Organization","@id":"https:\/\/tienda.rigelec.com.ar\/#organization","name":"Tienda Rigelec","url":"https:\/\/tienda.rigelec.com.ar\/","logo":{"@type":"ImageObject","inLanguage":"es-AR","@id":"https:\/\/tienda.rigelec.com.ar\/#\/schema\/logo\/image\/","url":"https:\/\/tienda.rigelec.com.ar\/wp-content\/uploads\/2024\/09\/isologo-blanco-rigelec.png","contentUrl":"https:\/\/tienda.rigelec.com.ar\/wp-content\/uploads\/2024\/09\/isologo-blanco-rigelec.png","width":94,"height":97,"caption":"Tienda Rigelec"},"image":{"@id":"https:\/\/tienda.rigelec.com.ar\/#\/schema\/logo\/image\/"}}]}},"jetpack_sharing_enabled":true,"_links":{"self":[{"href":"https:\/\/tienda.rigelec.com.ar\/index.php?rest_route=\/wp\/v2\/product\/30963","targetHints":{"allow":["GET"]}}],"collection":[{"href":"https:\/\/tienda.rigelec.com.ar\/index.php?rest_route=\/wp\/v2\/product"}],"about":[{"href":"https:\/\/tienda.rigelec.com.ar\/index.php?rest_route=\/wp\/v2\/types\/product"}],"replies":[{"embeddable":true,"href":"https:\/\/tienda.rigelec.com.ar\/index.php?rest_route=%2Fwp%2Fv2%2Fcomments&post=30963"}],"wp:featuredmedia":[{"embeddable":true,"href":"https:\/\/tienda.rigelec.com.ar\/index.php?rest_route=\/wp\/v2\/media\/30964"}],"wp:attachment":[{"href":"https:\/\/tienda.rigelec.com.ar\/index.php?rest_route=%2Fwp%2Fv2%2Fmedia&parent=30963"}],"wp:term":[{"taxonomy":"product_brand","embeddable":true,"href":"https:\/\/tienda.rigelec.com.ar\/index.php?rest_route=%2Fwp%2Fv2%2Fproduct_brand&post=30963"},{"taxonomy":"product_cat","embeddable":true,"href":"https:\/\/tienda.rigelec.com.ar\/index.php?rest_route=%2Fwp%2Fv2%2Fproduct_cat&post=30963"},{"taxonomy":"product_tag","embeddable":true,"href":"https:\/\/tienda.rigelec.com.ar\/index.php?rest_route=%2Fwp%2Fv2%2Fproduct_tag&post=30963"}],"curies":[{"name":"wp","href":"https:\/\/api.w.org\/{rel}","templated":true}]}}