{"id":30969,"date":"2025-08-04T14:31:44","date_gmt":"2025-08-04T17:31:44","guid":{"rendered":"https:\/\/tienda.rigelec.com.ar\/?product=amoladora-angular-inalambrica-kdsm03-115-type-em-630w-20v-115mm"},"modified":"2026-05-01T01:38:54","modified_gmt":"2026-05-01T04:38:54","slug":"amoladora-angular-2","status":"publish","type":"product","link":"https:\/\/tienda.rigelec.com.ar\/?product=amoladora-angular-2","title":{"rendered":"AMOLADORA ANGULAR INALAMBRICA &#8211; KDSM03-115 (TYPE EM) 630W-20V-115MM"},"content":{"rendered":"<p>AMOLADORA ANGULAR<\/p>\n<article class=\"text-token-text-primary w-full focus:outline-none scroll-mt-[calc(var(--header-height)+min(200px,max(70px,20svh)))]\" dir=\"auto\" tabindex=\"-1\" data-turn-id=\"708ff3a0-f361-4c2b-8dbb-f0a5ed986d6e\" data-testid=\"conversation-turn-128\" data-scroll-anchor=\"true\" data-turn=\"assistant\">\n<div class=\"text-base my-auto mx-auto pb-10 [--thread-content-margin:--spacing(4)] @[37rem]:[--thread-content-margin:--spacing(6)] @[72rem]:[--thread-content-margin:--spacing(16)] px-(--thread-content-margin)\">\n<div class=\"[--thread-content-max-width:32rem] @[34rem]:[--thread-content-max-width:40rem] @[64rem]:[--thread-content-max-width:48rem] mx-auto max-w-(--thread-content-max-width) flex-1 group\/turn-messages focus-visible:outline-hidden relative flex w-full min-w-0 flex-col agent-turn\" tabindex=\"-1\">\n<div class=\"flex max-w-full flex-col grow\">\n<div class=\"min-h-8 text-message relative flex w-full flex-col items-end gap-2 text-start break-words whitespace-normal [.text-message+&amp;]:mt-5\" dir=\"auto\" data-message-author-role=\"assistant\" data-message-id=\"708ff3a0-f361-4c2b-8dbb-f0a5ed986d6e\" data-message-model-slug=\"gpt-5\">\n<div class=\"flex w-full flex-col gap-1 empty:hidden first:pt-[3px]\">\n<div class=\"markdown prose dark:prose-invert w-full break-words light markdown-new-styling\">\n<p data-start=\"466\" data-end=\"840\">La <strong data-start=\"469\" data-end=\"523\">Amoladora Angular Inal\u00e1mbrica KDSM03-115 (Type EM)<\/strong> es la herramienta ideal para quienes buscan <strong data-start=\"568\" data-end=\"580\">potencia<\/strong>, <strong data-start=\"582\" data-end=\"595\">comodidad<\/strong> y <strong data-start=\"598\" data-end=\"614\">versatilidad<\/strong> en un mismo equipo. Equipada con un motor de <strong data-start=\"660\" data-end=\"668\">630W<\/strong> y alimentada por una bater\u00eda de <strong data-start=\"701\" data-end=\"708\">20V<\/strong>, ofrece un rendimiento constante para trabajos de corte, desbaste y pulido en distintos materiales como metal, piedra o cer\u00e1mica.<\/p>\n<p data-start=\"842\" data-end=\"1172\">Su <strong data-start=\"845\" data-end=\"864\">disco de 115 mm<\/strong> proporciona precisi\u00f3n y control en espacios reducidos, mientras que el dise\u00f1o ergon\u00f3mico y la empu\u00f1adura auxiliar garantizan un manejo c\u00f3modo incluso en jornadas prolongadas. Adem\u00e1s, al ser inal\u00e1mbrica, elimina las limitaciones de los cables, brindando total libertad de movimiento en el lugar de trabajo.<\/p>\n<p data-start=\"1174\" data-end=\"1224\">Entre sus ventajas m\u00e1s destacadas se encuentran:<\/p>\n<ul data-start=\"1225\" data-end=\"1606\">\n<li data-start=\"1225\" data-end=\"1309\">\n<p data-start=\"1227\" data-end=\"1309\"><strong data-start=\"1227\" data-end=\"1255\">Portabilidad y autonom\u00eda<\/strong>, perfecta para trabajos en interiores y exteriores.<\/p>\n<\/li>\n<li data-start=\"1310\" data-end=\"1368\">\n<p data-start=\"1312\" data-end=\"1368\"><strong data-start=\"1312\" data-end=\"1336\">Construcci\u00f3n robusta<\/strong>, dise\u00f1ada para uso intensivo.<\/p>\n<\/li>\n<li data-start=\"1369\" data-end=\"1472\">\n<p data-start=\"1371\" data-end=\"1472\"><strong data-start=\"1371\" data-end=\"1384\">Seguridad<\/strong> gracias al sistema de protecci\u00f3n contra sobrecargas y el f\u00e1cil acceso al interruptor.<\/p>\n<\/li>\n<li data-start=\"1473\" data-end=\"1606\">\n<p data-start=\"1475\" data-end=\"1606\"><strong data-start=\"1475\" data-end=\"1526\">Compatibilidad con la l\u00ednea de bater\u00edas DCK 20V<\/strong>, lo que permite usar la misma bater\u00eda en diferentes herramientas de la marca.<\/p>\n<\/li>\n<\/ul>\n<p data-start=\"1608\" data-end=\"1802\">Esta amoladora es ideal tanto para <strong data-start=\"1643\" data-end=\"1660\">profesionales<\/strong> como para <strong data-start=\"1671\" data-end=\"1699\">aficionados <\/strong>que buscan una herramienta confiable, de alto rendimiento y lista para enfrentar m\u00faltiples desaf\u00edos.<\/p>\n<\/div>\n<\/div>\n<\/div>\n<\/div>\n<div class=\"flex min-h-[46px] justify-start\"><\/div>\n<\/div>\n<\/div>\n<\/article>\n<div class=\"pointer-events-none h-px w-px\" aria-hidden=\"true\" data-edge=\"true\"><\/div>\n","protected":false},"excerpt":{"rendered":"<p>AMOLADORA ANGULAR INALAMBRICA POTENCIA 630W DIAMETRO DEL DISCO 115MM ROSCA DEL EJE M14 PESO 2.2KG MOTOR BRUSHLESS INCLUYE MANGO AUXILIAR, LLAVE, MALETIN PLASTICO<\/p>\n","protected":false},"featured_media":30970,"comment_status":"open","ping_status":"closed","template":"","meta":{"_monsterinsights_skip_tracking":false,"_monsterinsights_sitenote_active":false,"_monsterinsights_sitenote_note":"","_monsterinsights_sitenote_category":0},"product_brand":[],"product_cat":[366],"product_tag":[479],"class_list":{"0":"post-30969","1":"product","2":"type-product","3":"status-publish","4":"has-post-thumbnail","6":"product_cat-b-electricas","7":"product_tag-dck","9":"first","10":"instock","11":"shipping-taxable","12":"purchasable","13":"product-type-simple"},"yoast_head":"<!-- This site is optimized with the Yoast SEO plugin v25.3.1 - https:\/\/yoast.com\/wordpress\/plugins\/seo\/ -->\n<title>AMOLADORA ANGULAR INALAMBRICA - KDSM03-115 (TYPE EM) 630W-20V-115MM - Tienda Rigelec<\/title>\n<meta name=\"description\" content=\"AMOLADORA Tienda Rigelec AMOLADORA ANGULAR INALAMBRICA - KDSM03-115 (TYPE EM) 630W-20V-115MM Tienda Rigelec AMOLADORA Tienda Rigelec\" \/>\n<meta name=\"robots\" content=\"index, follow, max-snippet:-1, max-image-preview:large, max-video-preview:-1\" \/>\n<link rel=\"canonical\" href=\"https:\/\/tienda.rigelec.com.ar\/?product=amoladora-angular-2\" \/>\n<meta property=\"og:locale\" content=\"es_ES\" \/>\n<meta property=\"og:type\" content=\"article\" \/>\n<meta property=\"og:title\" content=\"AMOLADORA ANGULAR INALAMBRICA - KDSM03-115 (TYPE EM) 630W-20V-115MM - Tienda Rigelec\" \/>\n<meta property=\"og:description\" content=\"AMOLADORA Tienda Rigelec AMOLADORA ANGULAR INALAMBRICA - KDSM03-115 (TYPE EM) 630W-20V-115MM Tienda Rigelec AMOLADORA Tienda Rigelec\" \/>\n<meta property=\"og:url\" content=\"https:\/\/tienda.rigelec.com.ar\/?product=amoladora-angular-2\" \/>\n<meta property=\"og:site_name\" content=\"Tienda Rigelec\" \/>\n<meta property=\"article:modified_time\" content=\"2026-05-01T04:38:54+00:00\" \/>\n<meta property=\"og:image\" content=\"https:\/\/tienda.rigelec.com.ar\/wp-content\/uploads\/2025\/08\/AMOLADORAANGULAR-1.jpg\" \/>\n\t<meta property=\"og:image:width\" content=\"1080\" \/>\n\t<meta property=\"og:image:height\" content=\"1080\" \/>\n\t<meta property=\"og:image:type\" content=\"image\/jpeg\" \/>\n<meta name=\"twitter:card\" content=\"summary_large_image\" \/>\n<meta name=\"twitter:label1\" content=\"Tiempo de lectura\" \/>\n\t<meta name=\"twitter:data1\" content=\"1 minuto\" \/>\n<script type=\"application\/ld+json\" class=\"yoast-schema-graph\">{\"@context\":\"https:\/\/schema.org\",\"@graph\":[{\"@type\":\"WebPage\",\"@id\":\"https:\/\/tienda.rigelec.com.ar\/?product=amoladora-angular-2\",\"url\":\"https:\/\/tienda.rigelec.com.ar\/?product=amoladora-angular-2\",\"name\":\"AMOLADORA ANGULAR INALAMBRICA - KDSM03-115 (TYPE EM) 630W-20V-115MM - Tienda Rigelec\",\"isPartOf\":{\"@id\":\"https:\/\/tienda.rigelec.com.ar\/#website\"},\"primaryImageOfPage\":{\"@id\":\"https:\/\/tienda.rigelec.com.ar\/?product=amoladora-angular-2#primaryimage\"},\"image\":{\"@id\":\"https:\/\/tienda.rigelec.com.ar\/?product=amoladora-angular-2#primaryimage\"},\"thumbnailUrl\":\"https:\/\/tienda.rigelec.com.ar\/wp-content\/uploads\/2025\/08\/AMOLADORAANGULAR-1.jpg\",\"datePublished\":\"2025-08-04T17:31:44+00:00\",\"dateModified\":\"2026-05-01T04:38:54+00:00\",\"description\":\"AMOLADORA Tienda Rigelec AMOLADORA ANGULAR INALAMBRICA - KDSM03-115 (TYPE EM) 630W-20V-115MM Tienda Rigelec AMOLADORA Tienda Rigelec\",\"breadcrumb\":{\"@id\":\"https:\/\/tienda.rigelec.com.ar\/?product=amoladora-angular-2#breadcrumb\"},\"inLanguage\":\"es-AR\",\"potentialAction\":[{\"@type\":\"ReadAction\",\"target\":[\"https:\/\/tienda.rigelec.com.ar\/?product=amoladora-angular-2\"]}]},{\"@type\":\"ImageObject\",\"inLanguage\":\"es-AR\",\"@id\":\"https:\/\/tienda.rigelec.com.ar\/?product=amoladora-angular-2#primaryimage\",\"url\":\"https:\/\/tienda.rigelec.com.ar\/wp-content\/uploads\/2025\/08\/AMOLADORAANGULAR-1.jpg\",\"contentUrl\":\"https:\/\/tienda.rigelec.com.ar\/wp-content\/uploads\/2025\/08\/AMOLADORAANGULAR-1.jpg\",\"width\":1080,\"height\":1080},{\"@type\":\"BreadcrumbList\",\"@id\":\"https:\/\/tienda.rigelec.com.ar\/?product=amoladora-angular-2#breadcrumb\",\"itemListElement\":[{\"@type\":\"ListItem\",\"position\":1,\"name\":\"Inicio\",\"item\":\"https:\/\/tienda.rigelec.com.ar\/\"},{\"@type\":\"ListItem\",\"position\":2,\"name\":\"Shop\",\"item\":\"https:\/\/tienda.rigelec.com.ar\/?page_id=12\"},{\"@type\":\"ListItem\",\"position\":3,\"name\":\"AMOLADORA ANGULAR INALAMBRICA &#8211; KDSM03-115 (TYPE EM) 630W-20V-115MM\"}]},{\"@type\":\"WebSite\",\"@id\":\"https:\/\/tienda.rigelec.com.ar\/#website\",\"url\":\"https:\/\/tienda.rigelec.com.ar\/\",\"name\":\"Tienda Rigelec\",\"description\":\"Energia en movimiento\",\"publisher\":{\"@id\":\"https:\/\/tienda.rigelec.com.ar\/#organization\"},\"potentialAction\":[{\"@type\":\"SearchAction\",\"target\":{\"@type\":\"EntryPoint\",\"urlTemplate\":\"https:\/\/tienda.rigelec.com.ar\/?s={search_term_string}\"},\"query-input\":{\"@type\":\"PropertyValueSpecification\",\"valueRequired\":true,\"valueName\":\"search_term_string\"}}],\"inLanguage\":\"es-AR\"},{\"@type\":\"Organization\",\"@id\":\"https:\/\/tienda.rigelec.com.ar\/#organization\",\"name\":\"Tienda Rigelec\",\"url\":\"https:\/\/tienda.rigelec.com.ar\/\",\"logo\":{\"@type\":\"ImageObject\",\"inLanguage\":\"es-AR\",\"@id\":\"https:\/\/tienda.rigelec.com.ar\/#\/schema\/logo\/image\/\",\"url\":\"https:\/\/tienda.rigelec.com.ar\/wp-content\/uploads\/2024\/09\/isologo-blanco-rigelec.png\",\"contentUrl\":\"https:\/\/tienda.rigelec.com.ar\/wp-content\/uploads\/2024\/09\/isologo-blanco-rigelec.png\",\"width\":94,\"height\":97,\"caption\":\"Tienda Rigelec\"},\"image\":{\"@id\":\"https:\/\/tienda.rigelec.com.ar\/#\/schema\/logo\/image\/\"}}]}<\/script>\n<!-- \/ Yoast SEO plugin. -->","yoast_head_json":{"title":"AMOLADORA ANGULAR INALAMBRICA - KDSM03-115 (TYPE EM) 630W-20V-115MM - Tienda Rigelec","description":"AMOLADORA Tienda Rigelec AMOLADORA ANGULAR INALAMBRICA - KDSM03-115 (TYPE EM) 630W-20V-115MM Tienda Rigelec AMOLADORA Tienda Rigelec","robots":{"index":"index","follow":"follow","max-snippet":"max-snippet:-1","max-image-preview":"max-image-preview:large","max-video-preview":"max-video-preview:-1"},"canonical":"https:\/\/tienda.rigelec.com.ar\/?product=amoladora-angular-2","og_locale":"es_ES","og_type":"article","og_title":"AMOLADORA ANGULAR INALAMBRICA - KDSM03-115 (TYPE EM) 630W-20V-115MM - Tienda Rigelec","og_description":"AMOLADORA Tienda Rigelec AMOLADORA ANGULAR INALAMBRICA - KDSM03-115 (TYPE EM) 630W-20V-115MM Tienda Rigelec AMOLADORA Tienda Rigelec","og_url":"https:\/\/tienda.rigelec.com.ar\/?product=amoladora-angular-2","og_site_name":"Tienda Rigelec","article_modified_time":"2026-05-01T04:38:54+00:00","og_image":[{"width":1080,"height":1080,"url":"https:\/\/tienda.rigelec.com.ar\/wp-content\/uploads\/2025\/08\/AMOLADORAANGULAR-1.jpg","type":"image\/jpeg"}],"twitter_card":"summary_large_image","twitter_misc":{"Tiempo de lectura":"1 minuto"},"schema":{"@context":"https:\/\/schema.org","@graph":[{"@type":"WebPage","@id":"https:\/\/tienda.rigelec.com.ar\/?product=amoladora-angular-2","url":"https:\/\/tienda.rigelec.com.ar\/?product=amoladora-angular-2","name":"AMOLADORA ANGULAR INALAMBRICA - KDSM03-115 (TYPE EM) 630W-20V-115MM - Tienda Rigelec","isPartOf":{"@id":"https:\/\/tienda.rigelec.com.ar\/#website"},"primaryImageOfPage":{"@id":"https:\/\/tienda.rigelec.com.ar\/?product=amoladora-angular-2#primaryimage"},"image":{"@id":"https:\/\/tienda.rigelec.com.ar\/?product=amoladora-angular-2#primaryimage"},"thumbnailUrl":"https:\/\/tienda.rigelec.com.ar\/wp-content\/uploads\/2025\/08\/AMOLADORAANGULAR-1.jpg","datePublished":"2025-08-04T17:31:44+00:00","dateModified":"2026-05-01T04:38:54+00:00","description":"AMOLADORA Tienda Rigelec AMOLADORA ANGULAR INALAMBRICA - KDSM03-115 (TYPE EM) 630W-20V-115MM Tienda Rigelec AMOLADORA Tienda Rigelec","breadcrumb":{"@id":"https:\/\/tienda.rigelec.com.ar\/?product=amoladora-angular-2#breadcrumb"},"inLanguage":"es-AR","potentialAction":[{"@type":"ReadAction","target":["https:\/\/tienda.rigelec.com.ar\/?product=amoladora-angular-2"]}]},{"@type":"ImageObject","inLanguage":"es-AR","@id":"https:\/\/tienda.rigelec.com.ar\/?product=amoladora-angular-2#primaryimage","url":"https:\/\/tienda.rigelec.com.ar\/wp-content\/uploads\/2025\/08\/AMOLADORAANGULAR-1.jpg","contentUrl":"https:\/\/tienda.rigelec.com.ar\/wp-content\/uploads\/2025\/08\/AMOLADORAANGULAR-1.jpg","width":1080,"height":1080},{"@type":"BreadcrumbList","@id":"https:\/\/tienda.rigelec.com.ar\/?product=amoladora-angular-2#breadcrumb","itemListElement":[{"@type":"ListItem","position":1,"name":"Inicio","item":"https:\/\/tienda.rigelec.com.ar\/"},{"@type":"ListItem","position":2,"name":"Shop","item":"https:\/\/tienda.rigelec.com.ar\/?page_id=12"},{"@type":"ListItem","position":3,"name":"AMOLADORA ANGULAR INALAMBRICA &#8211; KDSM03-115 (TYPE EM) 630W-20V-115MM"}]},{"@type":"WebSite","@id":"https:\/\/tienda.rigelec.com.ar\/#website","url":"https:\/\/tienda.rigelec.com.ar\/","name":"Tienda Rigelec","description":"Energia en movimiento","publisher":{"@id":"https:\/\/tienda.rigelec.com.ar\/#organization"},"potentialAction":[{"@type":"SearchAction","target":{"@type":"EntryPoint","urlTemplate":"https:\/\/tienda.rigelec.com.ar\/?s={search_term_string}"},"query-input":{"@type":"PropertyValueSpecification","valueRequired":true,"valueName":"search_term_string"}}],"inLanguage":"es-AR"},{"@type":"Organization","@id":"https:\/\/tienda.rigelec.com.ar\/#organization","name":"Tienda Rigelec","url":"https:\/\/tienda.rigelec.com.ar\/","logo":{"@type":"ImageObject","inLanguage":"es-AR","@id":"https:\/\/tienda.rigelec.com.ar\/#\/schema\/logo\/image\/","url":"https:\/\/tienda.rigelec.com.ar\/wp-content\/uploads\/2024\/09\/isologo-blanco-rigelec.png","contentUrl":"https:\/\/tienda.rigelec.com.ar\/wp-content\/uploads\/2024\/09\/isologo-blanco-rigelec.png","width":94,"height":97,"caption":"Tienda Rigelec"},"image":{"@id":"https:\/\/tienda.rigelec.com.ar\/#\/schema\/logo\/image\/"}}]}},"jetpack_sharing_enabled":true,"_links":{"self":[{"href":"https:\/\/tienda.rigelec.com.ar\/index.php?rest_route=\/wp\/v2\/product\/30969","targetHints":{"allow":["GET"]}}],"collection":[{"href":"https:\/\/tienda.rigelec.com.ar\/index.php?rest_route=\/wp\/v2\/product"}],"about":[{"href":"https:\/\/tienda.rigelec.com.ar\/index.php?rest_route=\/wp\/v2\/types\/product"}],"replies":[{"embeddable":true,"href":"https:\/\/tienda.rigelec.com.ar\/index.php?rest_route=%2Fwp%2Fv2%2Fcomments&post=30969"}],"wp:featuredmedia":[{"embeddable":true,"href":"https:\/\/tienda.rigelec.com.ar\/index.php?rest_route=\/wp\/v2\/media\/30970"}],"wp:attachment":[{"href":"https:\/\/tienda.rigelec.com.ar\/index.php?rest_route=%2Fwp%2Fv2%2Fmedia&parent=30969"}],"wp:term":[{"taxonomy":"product_brand","embeddable":true,"href":"https:\/\/tienda.rigelec.com.ar\/index.php?rest_route=%2Fwp%2Fv2%2Fproduct_brand&post=30969"},{"taxonomy":"product_cat","embeddable":true,"href":"https:\/\/tienda.rigelec.com.ar\/index.php?rest_route=%2Fwp%2Fv2%2Fproduct_cat&post=30969"},{"taxonomy":"product_tag","embeddable":true,"href":"https:\/\/tienda.rigelec.com.ar\/index.php?rest_route=%2Fwp%2Fv2%2Fproduct_tag&post=30969"}],"curies":[{"name":"wp","href":"https:\/\/api.w.org\/{rel}","templated":true}]}}