{"id":30971,"date":"2025-08-04T14:32:43","date_gmt":"2025-08-04T17:32:43","guid":{"rendered":"https:\/\/tienda.rigelec.com.ar\/?product=pistola-calor-kqb04-2000-2000w-660c"},"modified":"2026-05-01T01:38:55","modified_gmt":"2026-05-01T04:38:55","slug":"pistola-calor-2","status":"publish","type":"product","link":"https:\/\/tienda.rigelec.com.ar\/?product=pistola-calor-2","title":{"rendered":"PISTOLA CALOR KQB04-2000 2000W-660\u00b0C"},"content":{"rendered":"<p>PISTOLA CALOR<\/p>\n<p data-start=\"162\" data-end=\"235\"><strong data-start=\"162\" data-end=\"233\">Pistola de Calor DCK KQB04-2000 \u2013 2000W | Alta Potencia y Precisi\u00f3n<\/strong><\/p>\n<p data-start=\"237\" data-end=\"641\">La <strong data-start=\"240\" data-end=\"275\">Pistola de Calor DCK KQB04-2000<\/strong> combina <strong data-start=\"284\" data-end=\"305\">potencia de 2000W<\/strong> con un dise\u00f1o ergon\u00f3mico para ofrecer un rendimiento excepcional en m\u00faltiples aplicaciones. Con una temperatura m\u00e1xima de <strong data-start=\"428\" data-end=\"437\">660\u00b0C<\/strong>, es perfecta para trabajos de decapado de pintura, moldeado de pl\u00e1sticos, soldadura de tubos termorretr\u00e1ctiles, secado r\u00e1pido, descongelado de ca\u00f1er\u00edas y muchas otras tareas profesionales o dom\u00e9sticas.<\/p>\n<p data-start=\"643\" data-end=\"932\">Su construcci\u00f3n robusta asegura durabilidad, mientras que el dise\u00f1o de agarre c\u00f3modo permite trabajar durante m\u00e1s tiempo sin fatiga. La boquilla est\u00e1 dise\u00f1ada para distribuir el calor de manera uniforme, optimizando resultados y reduciendo el riesgo de da\u00f1os en la superficie de trabajo.<\/p>\n<p data-start=\"934\" data-end=\"960\"><strong data-start=\"934\" data-end=\"958\">Ventajas destacadas:<\/strong><\/p>\n<ul data-start=\"961\" data-end=\"1250\">\n<li data-start=\"961\" data-end=\"1024\">\n<p data-start=\"963\" data-end=\"1024\">Potencia de 2000W para un calentamiento r\u00e1pido y eficiente.<\/p>\n<\/li>\n<li data-start=\"1025\" data-end=\"1086\">\n<p data-start=\"1027\" data-end=\"1086\">Temperatura m\u00e1xima de 660\u00b0C, ideal para tareas exigentes.<\/p>\n<\/li>\n<li data-start=\"1087\" data-end=\"1135\">\n<p data-start=\"1089\" data-end=\"1135\">Dise\u00f1o ergon\u00f3mico con agarre antideslizante.<\/p>\n<\/li>\n<li data-start=\"1136\" data-end=\"1198\">\n<p data-start=\"1138\" data-end=\"1198\">Versatilidad para uso industrial, profesional o dom\u00e9stico.<\/p>\n<\/li>\n<li data-start=\"1199\" data-end=\"1250\">\n<p data-start=\"1201\" data-end=\"1250\">Marca DCK, sin\u00f3nimo de calidad y confiabilidad.<\/p>\n<\/li>\n<\/ul>\n<p data-start=\"1252\" data-end=\"1404\">Ya sea que necesites <strong data-start=\"1273\" data-end=\"1317\">remover pintura, soldar, moldear o secar<\/strong>, esta pistola de calor es tu aliada para lograr resultados precisos y profesionales.<\/p>\n","protected":false},"excerpt":{"rendered":"<p>&#8220;PISTOLA DE CALOR POTENCIA 2000W TEMPERATURA MAX. 600\u00b0C TEMPERATURA Y FUERZA DEL AIRE REGULABLE EN 3 VELOCIDADES PESO 0.8KG INCLUYE TUBOS PLANO, REDONDO<\/p>\n","protected":false},"featured_media":30972,"comment_status":"open","ping_status":"closed","template":"","meta":{"_monsterinsights_skip_tracking":false,"_monsterinsights_sitenote_active":false,"_monsterinsights_sitenote_note":"","_monsterinsights_sitenote_category":0},"product_brand":[],"product_cat":[366],"product_tag":[479],"class_list":{"0":"post-30971","1":"product","2":"type-product","3":"status-publish","4":"has-post-thumbnail","6":"product_cat-b-electricas","7":"product_tag-dck","9":"first","10":"outofstock","11":"shipping-taxable","12":"purchasable","13":"product-type-simple"},"yoast_head":"<!-- This site is optimized with the Yoast SEO plugin v25.3.1 - https:\/\/yoast.com\/wordpress\/plugins\/seo\/ -->\n<title>PISTOLA CALOR KQB04-2000 2000W-660\u00b0C - Tienda Rigelec<\/title>\n<meta name=\"description\" content=\"Tienda Rigelec PISTOLA CALOR KQB04-2000 2000W-660\u00b0C Tienda Rigelec PISTOLA CALOR KQB04-2000 2000W-660\u00b0C PISTOLA CALOR Tienda Rigelec\" \/>\n<meta name=\"robots\" content=\"index, follow, max-snippet:-1, max-image-preview:large, max-video-preview:-1\" \/>\n<link rel=\"canonical\" href=\"https:\/\/tienda.rigelec.com.ar\/?product=pistola-calor-2\" \/>\n<meta property=\"og:locale\" content=\"es_ES\" \/>\n<meta property=\"og:type\" content=\"article\" \/>\n<meta property=\"og:title\" content=\"PISTOLA CALOR KQB04-2000 2000W-660\u00b0C - Tienda Rigelec\" \/>\n<meta property=\"og:description\" content=\"Tienda Rigelec PISTOLA CALOR KQB04-2000 2000W-660\u00b0C Tienda Rigelec PISTOLA CALOR KQB04-2000 2000W-660\u00b0C PISTOLA CALOR Tienda Rigelec\" \/>\n<meta property=\"og:url\" content=\"https:\/\/tienda.rigelec.com.ar\/?product=pistola-calor-2\" \/>\n<meta property=\"og:site_name\" content=\"Tienda Rigelec\" \/>\n<meta property=\"article:modified_time\" content=\"2026-05-01T04:38:55+00:00\" \/>\n<meta property=\"og:image\" content=\"https:\/\/tienda.rigelec.com.ar\/wp-content\/uploads\/2025\/08\/PISTOLACALOR.jpg\" \/>\n\t<meta property=\"og:image:width\" content=\"1080\" \/>\n\t<meta property=\"og:image:height\" content=\"1080\" \/>\n\t<meta property=\"og:image:type\" content=\"image\/jpeg\" \/>\n<meta name=\"twitter:card\" content=\"summary_large_image\" \/>\n<meta name=\"twitter:label1\" content=\"Tiempo de lectura\" \/>\n\t<meta name=\"twitter:data1\" content=\"1 minuto\" \/>\n<script type=\"application\/ld+json\" class=\"yoast-schema-graph\">{\"@context\":\"https:\/\/schema.org\",\"@graph\":[{\"@type\":\"WebPage\",\"@id\":\"https:\/\/tienda.rigelec.com.ar\/?product=pistola-calor-2\",\"url\":\"https:\/\/tienda.rigelec.com.ar\/?product=pistola-calor-2\",\"name\":\"PISTOLA CALOR KQB04-2000 2000W-660\u00b0C - Tienda Rigelec\",\"isPartOf\":{\"@id\":\"https:\/\/tienda.rigelec.com.ar\/#website\"},\"primaryImageOfPage\":{\"@id\":\"https:\/\/tienda.rigelec.com.ar\/?product=pistola-calor-2#primaryimage\"},\"image\":{\"@id\":\"https:\/\/tienda.rigelec.com.ar\/?product=pistola-calor-2#primaryimage\"},\"thumbnailUrl\":\"https:\/\/tienda.rigelec.com.ar\/wp-content\/uploads\/2025\/08\/PISTOLACALOR.jpg\",\"datePublished\":\"2025-08-04T17:32:43+00:00\",\"dateModified\":\"2026-05-01T04:38:55+00:00\",\"description\":\"Tienda Rigelec PISTOLA CALOR KQB04-2000 2000W-660\u00b0C Tienda Rigelec PISTOLA CALOR KQB04-2000 2000W-660\u00b0C PISTOLA CALOR Tienda Rigelec\",\"breadcrumb\":{\"@id\":\"https:\/\/tienda.rigelec.com.ar\/?product=pistola-calor-2#breadcrumb\"},\"inLanguage\":\"es-AR\",\"potentialAction\":[{\"@type\":\"ReadAction\",\"target\":[\"https:\/\/tienda.rigelec.com.ar\/?product=pistola-calor-2\"]}]},{\"@type\":\"ImageObject\",\"inLanguage\":\"es-AR\",\"@id\":\"https:\/\/tienda.rigelec.com.ar\/?product=pistola-calor-2#primaryimage\",\"url\":\"https:\/\/tienda.rigelec.com.ar\/wp-content\/uploads\/2025\/08\/PISTOLACALOR.jpg\",\"contentUrl\":\"https:\/\/tienda.rigelec.com.ar\/wp-content\/uploads\/2025\/08\/PISTOLACALOR.jpg\",\"width\":1080,\"height\":1080},{\"@type\":\"BreadcrumbList\",\"@id\":\"https:\/\/tienda.rigelec.com.ar\/?product=pistola-calor-2#breadcrumb\",\"itemListElement\":[{\"@type\":\"ListItem\",\"position\":1,\"name\":\"Inicio\",\"item\":\"https:\/\/tienda.rigelec.com.ar\/\"},{\"@type\":\"ListItem\",\"position\":2,\"name\":\"Shop\",\"item\":\"https:\/\/tienda.rigelec.com.ar\/?page_id=12\"},{\"@type\":\"ListItem\",\"position\":3,\"name\":\"PISTOLA CALOR KQB04-2000 2000W-660\u00b0C\"}]},{\"@type\":\"WebSite\",\"@id\":\"https:\/\/tienda.rigelec.com.ar\/#website\",\"url\":\"https:\/\/tienda.rigelec.com.ar\/\",\"name\":\"Tienda Rigelec\",\"description\":\"Energia en movimiento\",\"publisher\":{\"@id\":\"https:\/\/tienda.rigelec.com.ar\/#organization\"},\"potentialAction\":[{\"@type\":\"SearchAction\",\"target\":{\"@type\":\"EntryPoint\",\"urlTemplate\":\"https:\/\/tienda.rigelec.com.ar\/?s={search_term_string}\"},\"query-input\":{\"@type\":\"PropertyValueSpecification\",\"valueRequired\":true,\"valueName\":\"search_term_string\"}}],\"inLanguage\":\"es-AR\"},{\"@type\":\"Organization\",\"@id\":\"https:\/\/tienda.rigelec.com.ar\/#organization\",\"name\":\"Tienda Rigelec\",\"url\":\"https:\/\/tienda.rigelec.com.ar\/\",\"logo\":{\"@type\":\"ImageObject\",\"inLanguage\":\"es-AR\",\"@id\":\"https:\/\/tienda.rigelec.com.ar\/#\/schema\/logo\/image\/\",\"url\":\"https:\/\/tienda.rigelec.com.ar\/wp-content\/uploads\/2024\/09\/isologo-blanco-rigelec.png\",\"contentUrl\":\"https:\/\/tienda.rigelec.com.ar\/wp-content\/uploads\/2024\/09\/isologo-blanco-rigelec.png\",\"width\":94,\"height\":97,\"caption\":\"Tienda Rigelec\"},\"image\":{\"@id\":\"https:\/\/tienda.rigelec.com.ar\/#\/schema\/logo\/image\/\"}}]}<\/script>\n<!-- \/ Yoast SEO plugin. -->","yoast_head_json":{"title":"PISTOLA CALOR KQB04-2000 2000W-660\u00b0C - Tienda Rigelec","description":"Tienda Rigelec PISTOLA CALOR KQB04-2000 2000W-660\u00b0C Tienda Rigelec PISTOLA CALOR KQB04-2000 2000W-660\u00b0C PISTOLA CALOR Tienda Rigelec","robots":{"index":"index","follow":"follow","max-snippet":"max-snippet:-1","max-image-preview":"max-image-preview:large","max-video-preview":"max-video-preview:-1"},"canonical":"https:\/\/tienda.rigelec.com.ar\/?product=pistola-calor-2","og_locale":"es_ES","og_type":"article","og_title":"PISTOLA CALOR KQB04-2000 2000W-660\u00b0C - Tienda Rigelec","og_description":"Tienda Rigelec PISTOLA CALOR KQB04-2000 2000W-660\u00b0C Tienda Rigelec PISTOLA CALOR KQB04-2000 2000W-660\u00b0C PISTOLA CALOR Tienda Rigelec","og_url":"https:\/\/tienda.rigelec.com.ar\/?product=pistola-calor-2","og_site_name":"Tienda Rigelec","article_modified_time":"2026-05-01T04:38:55+00:00","og_image":[{"width":1080,"height":1080,"url":"https:\/\/tienda.rigelec.com.ar\/wp-content\/uploads\/2025\/08\/PISTOLACALOR.jpg","type":"image\/jpeg"}],"twitter_card":"summary_large_image","twitter_misc":{"Tiempo de lectura":"1 minuto"},"schema":{"@context":"https:\/\/schema.org","@graph":[{"@type":"WebPage","@id":"https:\/\/tienda.rigelec.com.ar\/?product=pistola-calor-2","url":"https:\/\/tienda.rigelec.com.ar\/?product=pistola-calor-2","name":"PISTOLA CALOR KQB04-2000 2000W-660\u00b0C - Tienda Rigelec","isPartOf":{"@id":"https:\/\/tienda.rigelec.com.ar\/#website"},"primaryImageOfPage":{"@id":"https:\/\/tienda.rigelec.com.ar\/?product=pistola-calor-2#primaryimage"},"image":{"@id":"https:\/\/tienda.rigelec.com.ar\/?product=pistola-calor-2#primaryimage"},"thumbnailUrl":"https:\/\/tienda.rigelec.com.ar\/wp-content\/uploads\/2025\/08\/PISTOLACALOR.jpg","datePublished":"2025-08-04T17:32:43+00:00","dateModified":"2026-05-01T04:38:55+00:00","description":"Tienda Rigelec PISTOLA CALOR KQB04-2000 2000W-660\u00b0C Tienda Rigelec PISTOLA CALOR KQB04-2000 2000W-660\u00b0C PISTOLA CALOR Tienda Rigelec","breadcrumb":{"@id":"https:\/\/tienda.rigelec.com.ar\/?product=pistola-calor-2#breadcrumb"},"inLanguage":"es-AR","potentialAction":[{"@type":"ReadAction","target":["https:\/\/tienda.rigelec.com.ar\/?product=pistola-calor-2"]}]},{"@type":"ImageObject","inLanguage":"es-AR","@id":"https:\/\/tienda.rigelec.com.ar\/?product=pistola-calor-2#primaryimage","url":"https:\/\/tienda.rigelec.com.ar\/wp-content\/uploads\/2025\/08\/PISTOLACALOR.jpg","contentUrl":"https:\/\/tienda.rigelec.com.ar\/wp-content\/uploads\/2025\/08\/PISTOLACALOR.jpg","width":1080,"height":1080},{"@type":"BreadcrumbList","@id":"https:\/\/tienda.rigelec.com.ar\/?product=pistola-calor-2#breadcrumb","itemListElement":[{"@type":"ListItem","position":1,"name":"Inicio","item":"https:\/\/tienda.rigelec.com.ar\/"},{"@type":"ListItem","position":2,"name":"Shop","item":"https:\/\/tienda.rigelec.com.ar\/?page_id=12"},{"@type":"ListItem","position":3,"name":"PISTOLA CALOR KQB04-2000 2000W-660\u00b0C"}]},{"@type":"WebSite","@id":"https:\/\/tienda.rigelec.com.ar\/#website","url":"https:\/\/tienda.rigelec.com.ar\/","name":"Tienda Rigelec","description":"Energia en movimiento","publisher":{"@id":"https:\/\/tienda.rigelec.com.ar\/#organization"},"potentialAction":[{"@type":"SearchAction","target":{"@type":"EntryPoint","urlTemplate":"https:\/\/tienda.rigelec.com.ar\/?s={search_term_string}"},"query-input":{"@type":"PropertyValueSpecification","valueRequired":true,"valueName":"search_term_string"}}],"inLanguage":"es-AR"},{"@type":"Organization","@id":"https:\/\/tienda.rigelec.com.ar\/#organization","name":"Tienda Rigelec","url":"https:\/\/tienda.rigelec.com.ar\/","logo":{"@type":"ImageObject","inLanguage":"es-AR","@id":"https:\/\/tienda.rigelec.com.ar\/#\/schema\/logo\/image\/","url":"https:\/\/tienda.rigelec.com.ar\/wp-content\/uploads\/2024\/09\/isologo-blanco-rigelec.png","contentUrl":"https:\/\/tienda.rigelec.com.ar\/wp-content\/uploads\/2024\/09\/isologo-blanco-rigelec.png","width":94,"height":97,"caption":"Tienda Rigelec"},"image":{"@id":"https:\/\/tienda.rigelec.com.ar\/#\/schema\/logo\/image\/"}}]}},"jetpack_sharing_enabled":true,"_links":{"self":[{"href":"https:\/\/tienda.rigelec.com.ar\/index.php?rest_route=\/wp\/v2\/product\/30971","targetHints":{"allow":["GET"]}}],"collection":[{"href":"https:\/\/tienda.rigelec.com.ar\/index.php?rest_route=\/wp\/v2\/product"}],"about":[{"href":"https:\/\/tienda.rigelec.com.ar\/index.php?rest_route=\/wp\/v2\/types\/product"}],"replies":[{"embeddable":true,"href":"https:\/\/tienda.rigelec.com.ar\/index.php?rest_route=%2Fwp%2Fv2%2Fcomments&post=30971"}],"wp:featuredmedia":[{"embeddable":true,"href":"https:\/\/tienda.rigelec.com.ar\/index.php?rest_route=\/wp\/v2\/media\/30972"}],"wp:attachment":[{"href":"https:\/\/tienda.rigelec.com.ar\/index.php?rest_route=%2Fwp%2Fv2%2Fmedia&parent=30971"}],"wp:term":[{"taxonomy":"product_brand","embeddable":true,"href":"https:\/\/tienda.rigelec.com.ar\/index.php?rest_route=%2Fwp%2Fv2%2Fproduct_brand&post=30971"},{"taxonomy":"product_cat","embeddable":true,"href":"https:\/\/tienda.rigelec.com.ar\/index.php?rest_route=%2Fwp%2Fv2%2Fproduct_cat&post=30971"},{"taxonomy":"product_tag","embeddable":true,"href":"https:\/\/tienda.rigelec.com.ar\/index.php?rest_route=%2Fwp%2Fv2%2Fproduct_tag&post=30971"}],"curies":[{"name":"wp","href":"https:\/\/api.w.org\/{rel}","templated":true}]}}