{"id":30983,"date":"2025-08-04T14:42:27","date_gmt":"2025-08-04T17:42:27","guid":{"rendered":"https:\/\/tienda.rigelec.com.ar\/?product=baterias-litio-li-ion-ffbl2020-20v-2ah"},"modified":"2026-05-03T21:45:27","modified_gmt":"2026-05-04T00:45:27","slug":"baterias-litio-2","status":"publish","type":"product","link":"https:\/\/tienda.rigelec.com.ar\/?product=baterias-litio-2","title":{"rendered":"BATERIAS LITIO LI-ION &#8211; FFBL2020 20V &#8211; 2AH"},"content":{"rendered":"<p>BATERIAS LITIO<\/p>\n<p data-start=\"173\" data-end=\"265\"><strong data-start=\"173\" data-end=\"263\">Bater\u00eda de Litio DCK FFBL2020 \u2013 20V 2.0Ah | Potencia y Autonom\u00eda para tus Herramientas<\/strong><\/p>\n<p data-start=\"267\" data-end=\"629\">La <strong data-start=\"270\" data-end=\"303\">Bater\u00eda de Litio DCK FFBL2020<\/strong> ofrece <strong data-start=\"311\" data-end=\"330\">20V de potencia<\/strong> y <strong data-start=\"333\" data-end=\"355\">2.0Ah de capacidad<\/strong>, brindando energ\u00eda constante y confiable para todas tus herramientas inal\u00e1mbricas de la l\u00ednea DCK. Dise\u00f1ada con tecnolog\u00eda <strong data-start=\"479\" data-end=\"489\">Li-Ion<\/strong>, garantiza un rendimiento \u00f3ptimo sin efecto memoria y con carga r\u00e1pida, permiti\u00e9ndote trabajar por m\u00e1s tiempo y con menos interrupciones.<\/p>\n<p data-start=\"631\" data-end=\"883\">Compacta y liviana, esta bater\u00eda es ideal para tareas que requieren movilidad y practicidad. Su construcci\u00f3n robusta y sistema de encastre seguro aseguran una conexi\u00f3n firme y estable con la herramienta, evitando cortes de energ\u00eda durante el trabajo.<\/p>\n<p data-start=\"885\" data-end=\"918\"><strong data-start=\"885\" data-end=\"916\">Caracter\u00edsticas destacadas:<\/strong><\/p>\n<ul data-start=\"919\" data-end=\"1105\">\n<li data-start=\"919\" data-end=\"936\">\n<p data-start=\"921\" data-end=\"936\">Voltaje: 20V.<\/p>\n<\/li>\n<li data-start=\"937\" data-end=\"958\">\n<p data-start=\"939\" data-end=\"958\">Capacidad: 2.0Ah.<\/p>\n<\/li>\n<li data-start=\"959\" data-end=\"1012\">\n<p data-start=\"961\" data-end=\"1012\">Tecnolog\u00eda Li-Ion: mayor duraci\u00f3n y carga r\u00e1pida.<\/p>\n<\/li>\n<li data-start=\"1013\" data-end=\"1062\">\n<p data-start=\"1015\" data-end=\"1062\">Compatible con herramientas inal\u00e1mbricas DCK.<\/p>\n<\/li>\n<li data-start=\"1063\" data-end=\"1105\">\n<p data-start=\"1065\" data-end=\"1105\">Dise\u00f1o liviano y f\u00e1cil de transportar.<\/p>\n<\/li>\n<\/ul>\n<p>&nbsp;<\/p>\n","protected":false},"excerpt":{"rendered":"<p>BATER\u00cdAS DE LI-ION 2 AH &#8211; VOLTAJE: 20V &#8211; INDICADOR LED DE ENERG\u00cdA DE LA BATER\u00cdA<\/p>\n","protected":false},"featured_media":30984,"comment_status":"open","ping_status":"closed","template":"","meta":{"_monsterinsights_skip_tracking":false,"_monsterinsights_sitenote_active":false,"_monsterinsights_sitenote_note":"","_monsterinsights_sitenote_category":0},"product_brand":[],"product_cat":[366],"product_tag":[479],"class_list":{"0":"post-30983","1":"product","2":"type-product","3":"status-publish","4":"has-post-thumbnail","6":"product_cat-b-electricas","7":"product_tag-dck","9":"first","10":"instock","11":"shipping-taxable","12":"purchasable","13":"product-type-simple"},"yoast_head":"<!-- This site is optimized with the Yoast SEO plugin v25.3.1 - https:\/\/yoast.com\/wordpress\/plugins\/seo\/ -->\n<title>BATERIAS LITIO LI-ION - FFBL2020 20V - 2AH - Tienda Rigelec<\/title>\n<meta name=\"description\" content=\"Tienda Rigelec BATERIAS LITIO LI-ION - FFBL2020 20V - 2AH Tienda Rigelec BATERIAS LITIO LI-ION - FFBL2020 20V - 2AH BATERIAS LITIO\" \/>\n<meta name=\"robots\" content=\"index, follow, max-snippet:-1, max-image-preview:large, max-video-preview:-1\" \/>\n<link rel=\"canonical\" href=\"https:\/\/tienda.rigelec.com.ar\/?product=baterias-litio-2\" \/>\n<meta property=\"og:locale\" content=\"es_ES\" \/>\n<meta property=\"og:type\" content=\"article\" \/>\n<meta property=\"og:title\" content=\"BATERIAS LITIO LI-ION - FFBL2020 20V - 2AH - Tienda Rigelec\" \/>\n<meta property=\"og:description\" content=\"Tienda Rigelec BATERIAS LITIO LI-ION - FFBL2020 20V - 2AH Tienda Rigelec BATERIAS LITIO LI-ION - FFBL2020 20V - 2AH BATERIAS LITIO\" \/>\n<meta property=\"og:url\" content=\"https:\/\/tienda.rigelec.com.ar\/?product=baterias-litio-2\" \/>\n<meta property=\"og:site_name\" content=\"Tienda Rigelec\" \/>\n<meta property=\"article:modified_time\" content=\"2026-05-04T00:45:27+00:00\" \/>\n<meta property=\"og:image\" content=\"https:\/\/tienda.rigelec.com.ar\/wp-content\/uploads\/2025\/08\/BATERIASLITIO.jpg\" \/>\n\t<meta property=\"og:image:width\" content=\"1080\" \/>\n\t<meta property=\"og:image:height\" content=\"1080\" \/>\n\t<meta property=\"og:image:type\" content=\"image\/jpeg\" \/>\n<meta name=\"twitter:card\" content=\"summary_large_image\" \/>\n<meta name=\"twitter:label1\" content=\"Tiempo de lectura\" \/>\n\t<meta name=\"twitter:data1\" content=\"1 minuto\" \/>\n<script type=\"application\/ld+json\" class=\"yoast-schema-graph\">{\"@context\":\"https:\/\/schema.org\",\"@graph\":[{\"@type\":\"WebPage\",\"@id\":\"https:\/\/tienda.rigelec.com.ar\/?product=baterias-litio-2\",\"url\":\"https:\/\/tienda.rigelec.com.ar\/?product=baterias-litio-2\",\"name\":\"BATERIAS LITIO LI-ION - FFBL2020 20V - 2AH - Tienda Rigelec\",\"isPartOf\":{\"@id\":\"https:\/\/tienda.rigelec.com.ar\/#website\"},\"primaryImageOfPage\":{\"@id\":\"https:\/\/tienda.rigelec.com.ar\/?product=baterias-litio-2#primaryimage\"},\"image\":{\"@id\":\"https:\/\/tienda.rigelec.com.ar\/?product=baterias-litio-2#primaryimage\"},\"thumbnailUrl\":\"https:\/\/tienda.rigelec.com.ar\/wp-content\/uploads\/2025\/08\/BATERIASLITIO.jpg\",\"datePublished\":\"2025-08-04T17:42:27+00:00\",\"dateModified\":\"2026-05-04T00:45:27+00:00\",\"description\":\"Tienda Rigelec BATERIAS LITIO LI-ION - FFBL2020 20V - 2AH Tienda Rigelec BATERIAS LITIO LI-ION - FFBL2020 20V - 2AH BATERIAS LITIO\",\"breadcrumb\":{\"@id\":\"https:\/\/tienda.rigelec.com.ar\/?product=baterias-litio-2#breadcrumb\"},\"inLanguage\":\"es-AR\",\"potentialAction\":[{\"@type\":\"ReadAction\",\"target\":[\"https:\/\/tienda.rigelec.com.ar\/?product=baterias-litio-2\"]}]},{\"@type\":\"ImageObject\",\"inLanguage\":\"es-AR\",\"@id\":\"https:\/\/tienda.rigelec.com.ar\/?product=baterias-litio-2#primaryimage\",\"url\":\"https:\/\/tienda.rigelec.com.ar\/wp-content\/uploads\/2025\/08\/BATERIASLITIO.jpg\",\"contentUrl\":\"https:\/\/tienda.rigelec.com.ar\/wp-content\/uploads\/2025\/08\/BATERIASLITIO.jpg\",\"width\":1080,\"height\":1080},{\"@type\":\"BreadcrumbList\",\"@id\":\"https:\/\/tienda.rigelec.com.ar\/?product=baterias-litio-2#breadcrumb\",\"itemListElement\":[{\"@type\":\"ListItem\",\"position\":1,\"name\":\"Inicio\",\"item\":\"https:\/\/tienda.rigelec.com.ar\/\"},{\"@type\":\"ListItem\",\"position\":2,\"name\":\"Shop\",\"item\":\"https:\/\/tienda.rigelec.com.ar\/?page_id=12\"},{\"@type\":\"ListItem\",\"position\":3,\"name\":\"BATERIAS LITIO LI-ION &#8211; FFBL2020 20V &#8211; 2AH\"}]},{\"@type\":\"WebSite\",\"@id\":\"https:\/\/tienda.rigelec.com.ar\/#website\",\"url\":\"https:\/\/tienda.rigelec.com.ar\/\",\"name\":\"Tienda Rigelec\",\"description\":\"Energia en movimiento\",\"publisher\":{\"@id\":\"https:\/\/tienda.rigelec.com.ar\/#organization\"},\"potentialAction\":[{\"@type\":\"SearchAction\",\"target\":{\"@type\":\"EntryPoint\",\"urlTemplate\":\"https:\/\/tienda.rigelec.com.ar\/?s={search_term_string}\"},\"query-input\":{\"@type\":\"PropertyValueSpecification\",\"valueRequired\":true,\"valueName\":\"search_term_string\"}}],\"inLanguage\":\"es-AR\"},{\"@type\":\"Organization\",\"@id\":\"https:\/\/tienda.rigelec.com.ar\/#organization\",\"name\":\"Tienda Rigelec\",\"url\":\"https:\/\/tienda.rigelec.com.ar\/\",\"logo\":{\"@type\":\"ImageObject\",\"inLanguage\":\"es-AR\",\"@id\":\"https:\/\/tienda.rigelec.com.ar\/#\/schema\/logo\/image\/\",\"url\":\"https:\/\/tienda.rigelec.com.ar\/wp-content\/uploads\/2024\/09\/isologo-blanco-rigelec.png\",\"contentUrl\":\"https:\/\/tienda.rigelec.com.ar\/wp-content\/uploads\/2024\/09\/isologo-blanco-rigelec.png\",\"width\":94,\"height\":97,\"caption\":\"Tienda Rigelec\"},\"image\":{\"@id\":\"https:\/\/tienda.rigelec.com.ar\/#\/schema\/logo\/image\/\"}}]}<\/script>\n<!-- \/ Yoast SEO plugin. -->","yoast_head_json":{"title":"BATERIAS LITIO LI-ION - FFBL2020 20V - 2AH - Tienda Rigelec","description":"Tienda Rigelec BATERIAS LITIO LI-ION - FFBL2020 20V - 2AH Tienda Rigelec BATERIAS LITIO LI-ION - FFBL2020 20V - 2AH BATERIAS LITIO","robots":{"index":"index","follow":"follow","max-snippet":"max-snippet:-1","max-image-preview":"max-image-preview:large","max-video-preview":"max-video-preview:-1"},"canonical":"https:\/\/tienda.rigelec.com.ar\/?product=baterias-litio-2","og_locale":"es_ES","og_type":"article","og_title":"BATERIAS LITIO LI-ION - FFBL2020 20V - 2AH - Tienda Rigelec","og_description":"Tienda Rigelec BATERIAS LITIO LI-ION - FFBL2020 20V - 2AH Tienda Rigelec BATERIAS LITIO LI-ION - FFBL2020 20V - 2AH BATERIAS LITIO","og_url":"https:\/\/tienda.rigelec.com.ar\/?product=baterias-litio-2","og_site_name":"Tienda Rigelec","article_modified_time":"2026-05-04T00:45:27+00:00","og_image":[{"width":1080,"height":1080,"url":"https:\/\/tienda.rigelec.com.ar\/wp-content\/uploads\/2025\/08\/BATERIASLITIO.jpg","type":"image\/jpeg"}],"twitter_card":"summary_large_image","twitter_misc":{"Tiempo de lectura":"1 minuto"},"schema":{"@context":"https:\/\/schema.org","@graph":[{"@type":"WebPage","@id":"https:\/\/tienda.rigelec.com.ar\/?product=baterias-litio-2","url":"https:\/\/tienda.rigelec.com.ar\/?product=baterias-litio-2","name":"BATERIAS LITIO LI-ION - FFBL2020 20V - 2AH - Tienda Rigelec","isPartOf":{"@id":"https:\/\/tienda.rigelec.com.ar\/#website"},"primaryImageOfPage":{"@id":"https:\/\/tienda.rigelec.com.ar\/?product=baterias-litio-2#primaryimage"},"image":{"@id":"https:\/\/tienda.rigelec.com.ar\/?product=baterias-litio-2#primaryimage"},"thumbnailUrl":"https:\/\/tienda.rigelec.com.ar\/wp-content\/uploads\/2025\/08\/BATERIASLITIO.jpg","datePublished":"2025-08-04T17:42:27+00:00","dateModified":"2026-05-04T00:45:27+00:00","description":"Tienda Rigelec BATERIAS LITIO LI-ION - FFBL2020 20V - 2AH Tienda Rigelec BATERIAS LITIO LI-ION - FFBL2020 20V - 2AH BATERIAS LITIO","breadcrumb":{"@id":"https:\/\/tienda.rigelec.com.ar\/?product=baterias-litio-2#breadcrumb"},"inLanguage":"es-AR","potentialAction":[{"@type":"ReadAction","target":["https:\/\/tienda.rigelec.com.ar\/?product=baterias-litio-2"]}]},{"@type":"ImageObject","inLanguage":"es-AR","@id":"https:\/\/tienda.rigelec.com.ar\/?product=baterias-litio-2#primaryimage","url":"https:\/\/tienda.rigelec.com.ar\/wp-content\/uploads\/2025\/08\/BATERIASLITIO.jpg","contentUrl":"https:\/\/tienda.rigelec.com.ar\/wp-content\/uploads\/2025\/08\/BATERIASLITIO.jpg","width":1080,"height":1080},{"@type":"BreadcrumbList","@id":"https:\/\/tienda.rigelec.com.ar\/?product=baterias-litio-2#breadcrumb","itemListElement":[{"@type":"ListItem","position":1,"name":"Inicio","item":"https:\/\/tienda.rigelec.com.ar\/"},{"@type":"ListItem","position":2,"name":"Shop","item":"https:\/\/tienda.rigelec.com.ar\/?page_id=12"},{"@type":"ListItem","position":3,"name":"BATERIAS LITIO LI-ION &#8211; FFBL2020 20V &#8211; 2AH"}]},{"@type":"WebSite","@id":"https:\/\/tienda.rigelec.com.ar\/#website","url":"https:\/\/tienda.rigelec.com.ar\/","name":"Tienda Rigelec","description":"Energia en movimiento","publisher":{"@id":"https:\/\/tienda.rigelec.com.ar\/#organization"},"potentialAction":[{"@type":"SearchAction","target":{"@type":"EntryPoint","urlTemplate":"https:\/\/tienda.rigelec.com.ar\/?s={search_term_string}"},"query-input":{"@type":"PropertyValueSpecification","valueRequired":true,"valueName":"search_term_string"}}],"inLanguage":"es-AR"},{"@type":"Organization","@id":"https:\/\/tienda.rigelec.com.ar\/#organization","name":"Tienda Rigelec","url":"https:\/\/tienda.rigelec.com.ar\/","logo":{"@type":"ImageObject","inLanguage":"es-AR","@id":"https:\/\/tienda.rigelec.com.ar\/#\/schema\/logo\/image\/","url":"https:\/\/tienda.rigelec.com.ar\/wp-content\/uploads\/2024\/09\/isologo-blanco-rigelec.png","contentUrl":"https:\/\/tienda.rigelec.com.ar\/wp-content\/uploads\/2024\/09\/isologo-blanco-rigelec.png","width":94,"height":97,"caption":"Tienda Rigelec"},"image":{"@id":"https:\/\/tienda.rigelec.com.ar\/#\/schema\/logo\/image\/"}}]}},"jetpack_sharing_enabled":true,"_links":{"self":[{"href":"https:\/\/tienda.rigelec.com.ar\/index.php?rest_route=\/wp\/v2\/product\/30983","targetHints":{"allow":["GET"]}}],"collection":[{"href":"https:\/\/tienda.rigelec.com.ar\/index.php?rest_route=\/wp\/v2\/product"}],"about":[{"href":"https:\/\/tienda.rigelec.com.ar\/index.php?rest_route=\/wp\/v2\/types\/product"}],"replies":[{"embeddable":true,"href":"https:\/\/tienda.rigelec.com.ar\/index.php?rest_route=%2Fwp%2Fv2%2Fcomments&post=30983"}],"wp:featuredmedia":[{"embeddable":true,"href":"https:\/\/tienda.rigelec.com.ar\/index.php?rest_route=\/wp\/v2\/media\/30984"}],"wp:attachment":[{"href":"https:\/\/tienda.rigelec.com.ar\/index.php?rest_route=%2Fwp%2Fv2%2Fmedia&parent=30983"}],"wp:term":[{"taxonomy":"product_brand","embeddable":true,"href":"https:\/\/tienda.rigelec.com.ar\/index.php?rest_route=%2Fwp%2Fv2%2Fproduct_brand&post=30983"},{"taxonomy":"product_cat","embeddable":true,"href":"https:\/\/tienda.rigelec.com.ar\/index.php?rest_route=%2Fwp%2Fv2%2Fproduct_cat&post=30983"},{"taxonomy":"product_tag","embeddable":true,"href":"https:\/\/tienda.rigelec.com.ar\/index.php?rest_route=%2Fwp%2Fv2%2Fproduct_tag&post=30983"}],"curies":[{"name":"wp","href":"https:\/\/api.w.org\/{rel}","templated":true}]}}