{"id":30985,"date":"2025-08-04T14:42:28","date_gmt":"2025-08-04T17:42:28","guid":{"rendered":"https:\/\/tienda.rigelec.com.ar\/?product=baterias-litio-li-ion-ffbl2040-20v-4ah"},"modified":"2026-05-03T21:45:27","modified_gmt":"2026-05-04T00:45:27","slug":"baterias-litio-3","status":"publish","type":"product","link":"https:\/\/tienda.rigelec.com.ar\/?product=baterias-litio-3","title":{"rendered":"BATERIAS LITIO LI-ION &#8211; FFBL2040 20V &#8211; 4AH"},"content":{"rendered":"<p>BATERIAS LITIO<\/p>\n<p data-start=\"148\" data-end=\"230\"><strong data-start=\"148\" data-end=\"228\">Bater\u00eda de Litio DCK FFBL2040 \u2013 20V 4.0Ah | M\u00e1xima Potencia y Larga Duraci\u00f3n<\/strong><\/p>\n<p data-start=\"232\" data-end=\"586\">La <strong data-start=\"235\" data-end=\"268\">Bater\u00eda de Litio DCK FFBL2040<\/strong> ofrece <strong data-start=\"276\" data-end=\"295\">20V de potencia<\/strong> y <strong data-start=\"298\" data-end=\"320\">4.0Ah de capacidad<\/strong>, brindando un rendimiento superior y prolongada autonom\u00eda para todas tus herramientas inal\u00e1mbricas de la l\u00ednea DCK. Su tecnolog\u00eda <strong data-start=\"451\" data-end=\"461\">Li-Ion<\/strong> asegura energ\u00eda constante, sin efecto memoria, y tiempos de carga reducidos, ideal para trabajos intensivos y prolongados.<\/p>\n<p data-start=\"588\" data-end=\"901\">Gracias a su dise\u00f1o robusto y sistema de encastre seguro, garantiza una conexi\u00f3n firme y estable durante todo el uso, evitando interrupciones en tus tareas. Su alta capacidad permite trabajar por m\u00e1s tiempo sin necesidad de recargar, optimizando la productividad tanto en entornos profesionales como dom\u00e9sticos.<\/p>\n<p data-start=\"903\" data-end=\"936\"><strong data-start=\"903\" data-end=\"934\">Caracter\u00edsticas destacadas:<\/strong><\/p>\n<ul data-start=\"937\" data-end=\"1136\">\n<li data-start=\"937\" data-end=\"954\">\n<p data-start=\"939\" data-end=\"954\">Voltaje: 20V.<\/p>\n<\/li>\n<li data-start=\"955\" data-end=\"976\">\n<p data-start=\"957\" data-end=\"976\">Capacidad: 4.0Ah.<\/p>\n<\/li>\n<li data-start=\"977\" data-end=\"1030\">\n<p data-start=\"979\" data-end=\"1030\">Tecnolog\u00eda Li-Ion: mayor duraci\u00f3n y carga r\u00e1pida.<\/p>\n<\/li>\n<li data-start=\"1031\" data-end=\"1080\">\n<p data-start=\"1033\" data-end=\"1080\">Compatible con herramientas inal\u00e1mbricas DCK.<\/p>\n<\/li>\n<li data-start=\"1081\" data-end=\"1136\">\n<p data-start=\"1083\" data-end=\"1136\">Ideal para trabajos que requieren m\u00e1xima autonom\u00eda.<\/p>\n<\/li>\n<\/ul>\n","protected":false},"excerpt":{"rendered":"<p>BATER\u00cdAS DE LI-ION 4,0 AH &#8211; VOLTAJE: 20V &#8211; INDICADOR LED DE ENERG\u00cdA DE LA BATER\u00cdA<\/p>\n","protected":false},"featured_media":30986,"comment_status":"open","ping_status":"closed","template":"","meta":{"_monsterinsights_skip_tracking":false,"_monsterinsights_sitenote_active":false,"_monsterinsights_sitenote_note":"","_monsterinsights_sitenote_category":0},"product_brand":[],"product_cat":[366],"product_tag":[479],"class_list":{"0":"post-30985","1":"product","2":"type-product","3":"status-publish","4":"has-post-thumbnail","6":"product_cat-b-electricas","7":"product_tag-dck","9":"first","10":"instock","11":"shipping-taxable","12":"purchasable","13":"product-type-simple"},"yoast_head":"<!-- This site is optimized with the Yoast SEO plugin v25.3.1 - https:\/\/yoast.com\/wordpress\/plugins\/seo\/ -->\n<title>BATERIAS LITIO LI-ION - FFBL2040 20V - 4AH - Tienda Rigelec<\/title>\n<meta name=\"description\" content=\"Tienda Rigelec BATERIAS LITIO LI-ION - FFBL2040 20V - 4AH BATERIAS LITIO - Tienda Rigelec BATERIAS LITIO LI-ION - FFBL2040 20V - 4AH\" \/>\n<meta name=\"robots\" content=\"index, follow, max-snippet:-1, max-image-preview:large, max-video-preview:-1\" \/>\n<link rel=\"canonical\" href=\"https:\/\/tienda.rigelec.com.ar\/?product=baterias-litio-3\" \/>\n<meta property=\"og:locale\" content=\"es_ES\" \/>\n<meta property=\"og:type\" content=\"article\" \/>\n<meta property=\"og:title\" content=\"BATERIAS LITIO LI-ION - FFBL2040 20V - 4AH - Tienda Rigelec\" \/>\n<meta property=\"og:description\" content=\"Tienda Rigelec BATERIAS LITIO LI-ION - FFBL2040 20V - 4AH BATERIAS LITIO - Tienda Rigelec BATERIAS LITIO LI-ION - FFBL2040 20V - 4AH\" \/>\n<meta property=\"og:url\" content=\"https:\/\/tienda.rigelec.com.ar\/?product=baterias-litio-3\" \/>\n<meta property=\"og:site_name\" content=\"Tienda Rigelec\" \/>\n<meta property=\"article:modified_time\" content=\"2026-05-04T00:45:27+00:00\" \/>\n<meta property=\"og:image\" content=\"https:\/\/tienda.rigelec.com.ar\/wp-content\/uploads\/2025\/08\/BATERIASLITIO-1.jpg\" \/>\n\t<meta property=\"og:image:width\" content=\"1080\" \/>\n\t<meta property=\"og:image:height\" content=\"1080\" \/>\n\t<meta property=\"og:image:type\" content=\"image\/jpeg\" \/>\n<meta name=\"twitter:card\" content=\"summary_large_image\" \/>\n<meta name=\"twitter:label1\" content=\"Tiempo de lectura\" \/>\n\t<meta name=\"twitter:data1\" content=\"1 minuto\" \/>\n<script type=\"application\/ld+json\" class=\"yoast-schema-graph\">{\"@context\":\"https:\/\/schema.org\",\"@graph\":[{\"@type\":\"WebPage\",\"@id\":\"https:\/\/tienda.rigelec.com.ar\/?product=baterias-litio-3\",\"url\":\"https:\/\/tienda.rigelec.com.ar\/?product=baterias-litio-3\",\"name\":\"BATERIAS LITIO LI-ION - FFBL2040 20V - 4AH - Tienda Rigelec\",\"isPartOf\":{\"@id\":\"https:\/\/tienda.rigelec.com.ar\/#website\"},\"primaryImageOfPage\":{\"@id\":\"https:\/\/tienda.rigelec.com.ar\/?product=baterias-litio-3#primaryimage\"},\"image\":{\"@id\":\"https:\/\/tienda.rigelec.com.ar\/?product=baterias-litio-3#primaryimage\"},\"thumbnailUrl\":\"https:\/\/tienda.rigelec.com.ar\/wp-content\/uploads\/2025\/08\/BATERIASLITIO-1.jpg\",\"datePublished\":\"2025-08-04T17:42:28+00:00\",\"dateModified\":\"2026-05-04T00:45:27+00:00\",\"description\":\"Tienda Rigelec BATERIAS LITIO LI-ION - FFBL2040 20V - 4AH BATERIAS LITIO - Tienda Rigelec BATERIAS LITIO LI-ION - FFBL2040 20V - 4AH\",\"breadcrumb\":{\"@id\":\"https:\/\/tienda.rigelec.com.ar\/?product=baterias-litio-3#breadcrumb\"},\"inLanguage\":\"es-AR\",\"potentialAction\":[{\"@type\":\"ReadAction\",\"target\":[\"https:\/\/tienda.rigelec.com.ar\/?product=baterias-litio-3\"]}]},{\"@type\":\"ImageObject\",\"inLanguage\":\"es-AR\",\"@id\":\"https:\/\/tienda.rigelec.com.ar\/?product=baterias-litio-3#primaryimage\",\"url\":\"https:\/\/tienda.rigelec.com.ar\/wp-content\/uploads\/2025\/08\/BATERIASLITIO-1.jpg\",\"contentUrl\":\"https:\/\/tienda.rigelec.com.ar\/wp-content\/uploads\/2025\/08\/BATERIASLITIO-1.jpg\",\"width\":1080,\"height\":1080},{\"@type\":\"BreadcrumbList\",\"@id\":\"https:\/\/tienda.rigelec.com.ar\/?product=baterias-litio-3#breadcrumb\",\"itemListElement\":[{\"@type\":\"ListItem\",\"position\":1,\"name\":\"Inicio\",\"item\":\"https:\/\/tienda.rigelec.com.ar\/\"},{\"@type\":\"ListItem\",\"position\":2,\"name\":\"Shop\",\"item\":\"https:\/\/tienda.rigelec.com.ar\/?page_id=12\"},{\"@type\":\"ListItem\",\"position\":3,\"name\":\"BATERIAS LITIO LI-ION &#8211; FFBL2040 20V &#8211; 4AH\"}]},{\"@type\":\"WebSite\",\"@id\":\"https:\/\/tienda.rigelec.com.ar\/#website\",\"url\":\"https:\/\/tienda.rigelec.com.ar\/\",\"name\":\"Tienda Rigelec\",\"description\":\"Energia en movimiento\",\"publisher\":{\"@id\":\"https:\/\/tienda.rigelec.com.ar\/#organization\"},\"potentialAction\":[{\"@type\":\"SearchAction\",\"target\":{\"@type\":\"EntryPoint\",\"urlTemplate\":\"https:\/\/tienda.rigelec.com.ar\/?s={search_term_string}\"},\"query-input\":{\"@type\":\"PropertyValueSpecification\",\"valueRequired\":true,\"valueName\":\"search_term_string\"}}],\"inLanguage\":\"es-AR\"},{\"@type\":\"Organization\",\"@id\":\"https:\/\/tienda.rigelec.com.ar\/#organization\",\"name\":\"Tienda Rigelec\",\"url\":\"https:\/\/tienda.rigelec.com.ar\/\",\"logo\":{\"@type\":\"ImageObject\",\"inLanguage\":\"es-AR\",\"@id\":\"https:\/\/tienda.rigelec.com.ar\/#\/schema\/logo\/image\/\",\"url\":\"https:\/\/tienda.rigelec.com.ar\/wp-content\/uploads\/2024\/09\/isologo-blanco-rigelec.png\",\"contentUrl\":\"https:\/\/tienda.rigelec.com.ar\/wp-content\/uploads\/2024\/09\/isologo-blanco-rigelec.png\",\"width\":94,\"height\":97,\"caption\":\"Tienda Rigelec\"},\"image\":{\"@id\":\"https:\/\/tienda.rigelec.com.ar\/#\/schema\/logo\/image\/\"}}]}<\/script>\n<!-- \/ Yoast SEO plugin. -->","yoast_head_json":{"title":"BATERIAS LITIO LI-ION - FFBL2040 20V - 4AH - Tienda Rigelec","description":"Tienda Rigelec BATERIAS LITIO LI-ION - FFBL2040 20V - 4AH BATERIAS LITIO - Tienda Rigelec BATERIAS LITIO LI-ION - FFBL2040 20V - 4AH","robots":{"index":"index","follow":"follow","max-snippet":"max-snippet:-1","max-image-preview":"max-image-preview:large","max-video-preview":"max-video-preview:-1"},"canonical":"https:\/\/tienda.rigelec.com.ar\/?product=baterias-litio-3","og_locale":"es_ES","og_type":"article","og_title":"BATERIAS LITIO LI-ION - FFBL2040 20V - 4AH - Tienda Rigelec","og_description":"Tienda Rigelec BATERIAS LITIO LI-ION - FFBL2040 20V - 4AH BATERIAS LITIO - Tienda Rigelec BATERIAS LITIO LI-ION - FFBL2040 20V - 4AH","og_url":"https:\/\/tienda.rigelec.com.ar\/?product=baterias-litio-3","og_site_name":"Tienda Rigelec","article_modified_time":"2026-05-04T00:45:27+00:00","og_image":[{"width":1080,"height":1080,"url":"https:\/\/tienda.rigelec.com.ar\/wp-content\/uploads\/2025\/08\/BATERIASLITIO-1.jpg","type":"image\/jpeg"}],"twitter_card":"summary_large_image","twitter_misc":{"Tiempo de lectura":"1 minuto"},"schema":{"@context":"https:\/\/schema.org","@graph":[{"@type":"WebPage","@id":"https:\/\/tienda.rigelec.com.ar\/?product=baterias-litio-3","url":"https:\/\/tienda.rigelec.com.ar\/?product=baterias-litio-3","name":"BATERIAS LITIO LI-ION - FFBL2040 20V - 4AH - Tienda Rigelec","isPartOf":{"@id":"https:\/\/tienda.rigelec.com.ar\/#website"},"primaryImageOfPage":{"@id":"https:\/\/tienda.rigelec.com.ar\/?product=baterias-litio-3#primaryimage"},"image":{"@id":"https:\/\/tienda.rigelec.com.ar\/?product=baterias-litio-3#primaryimage"},"thumbnailUrl":"https:\/\/tienda.rigelec.com.ar\/wp-content\/uploads\/2025\/08\/BATERIASLITIO-1.jpg","datePublished":"2025-08-04T17:42:28+00:00","dateModified":"2026-05-04T00:45:27+00:00","description":"Tienda Rigelec BATERIAS LITIO LI-ION - FFBL2040 20V - 4AH BATERIAS LITIO - Tienda Rigelec BATERIAS LITIO LI-ION - FFBL2040 20V - 4AH","breadcrumb":{"@id":"https:\/\/tienda.rigelec.com.ar\/?product=baterias-litio-3#breadcrumb"},"inLanguage":"es-AR","potentialAction":[{"@type":"ReadAction","target":["https:\/\/tienda.rigelec.com.ar\/?product=baterias-litio-3"]}]},{"@type":"ImageObject","inLanguage":"es-AR","@id":"https:\/\/tienda.rigelec.com.ar\/?product=baterias-litio-3#primaryimage","url":"https:\/\/tienda.rigelec.com.ar\/wp-content\/uploads\/2025\/08\/BATERIASLITIO-1.jpg","contentUrl":"https:\/\/tienda.rigelec.com.ar\/wp-content\/uploads\/2025\/08\/BATERIASLITIO-1.jpg","width":1080,"height":1080},{"@type":"BreadcrumbList","@id":"https:\/\/tienda.rigelec.com.ar\/?product=baterias-litio-3#breadcrumb","itemListElement":[{"@type":"ListItem","position":1,"name":"Inicio","item":"https:\/\/tienda.rigelec.com.ar\/"},{"@type":"ListItem","position":2,"name":"Shop","item":"https:\/\/tienda.rigelec.com.ar\/?page_id=12"},{"@type":"ListItem","position":3,"name":"BATERIAS LITIO LI-ION &#8211; FFBL2040 20V &#8211; 4AH"}]},{"@type":"WebSite","@id":"https:\/\/tienda.rigelec.com.ar\/#website","url":"https:\/\/tienda.rigelec.com.ar\/","name":"Tienda Rigelec","description":"Energia en movimiento","publisher":{"@id":"https:\/\/tienda.rigelec.com.ar\/#organization"},"potentialAction":[{"@type":"SearchAction","target":{"@type":"EntryPoint","urlTemplate":"https:\/\/tienda.rigelec.com.ar\/?s={search_term_string}"},"query-input":{"@type":"PropertyValueSpecification","valueRequired":true,"valueName":"search_term_string"}}],"inLanguage":"es-AR"},{"@type":"Organization","@id":"https:\/\/tienda.rigelec.com.ar\/#organization","name":"Tienda Rigelec","url":"https:\/\/tienda.rigelec.com.ar\/","logo":{"@type":"ImageObject","inLanguage":"es-AR","@id":"https:\/\/tienda.rigelec.com.ar\/#\/schema\/logo\/image\/","url":"https:\/\/tienda.rigelec.com.ar\/wp-content\/uploads\/2024\/09\/isologo-blanco-rigelec.png","contentUrl":"https:\/\/tienda.rigelec.com.ar\/wp-content\/uploads\/2024\/09\/isologo-blanco-rigelec.png","width":94,"height":97,"caption":"Tienda Rigelec"},"image":{"@id":"https:\/\/tienda.rigelec.com.ar\/#\/schema\/logo\/image\/"}}]}},"jetpack_sharing_enabled":true,"_links":{"self":[{"href":"https:\/\/tienda.rigelec.com.ar\/index.php?rest_route=\/wp\/v2\/product\/30985","targetHints":{"allow":["GET"]}}],"collection":[{"href":"https:\/\/tienda.rigelec.com.ar\/index.php?rest_route=\/wp\/v2\/product"}],"about":[{"href":"https:\/\/tienda.rigelec.com.ar\/index.php?rest_route=\/wp\/v2\/types\/product"}],"replies":[{"embeddable":true,"href":"https:\/\/tienda.rigelec.com.ar\/index.php?rest_route=%2Fwp%2Fv2%2Fcomments&post=30985"}],"wp:featuredmedia":[{"embeddable":true,"href":"https:\/\/tienda.rigelec.com.ar\/index.php?rest_route=\/wp\/v2\/media\/30986"}],"wp:attachment":[{"href":"https:\/\/tienda.rigelec.com.ar\/index.php?rest_route=%2Fwp%2Fv2%2Fmedia&parent=30985"}],"wp:term":[{"taxonomy":"product_brand","embeddable":true,"href":"https:\/\/tienda.rigelec.com.ar\/index.php?rest_route=%2Fwp%2Fv2%2Fproduct_brand&post=30985"},{"taxonomy":"product_cat","embeddable":true,"href":"https:\/\/tienda.rigelec.com.ar\/index.php?rest_route=%2Fwp%2Fv2%2Fproduct_cat&post=30985"},{"taxonomy":"product_tag","embeddable":true,"href":"https:\/\/tienda.rigelec.com.ar\/index.php?rest_route=%2Fwp%2Fv2%2Fproduct_tag&post=30985"}],"curies":[{"name":"wp","href":"https:\/\/api.w.org\/{rel}","templated":true}]}}