{"id":30987,"date":"2025-08-04T14:42:29","date_gmt":"2025-08-04T17:42:29","guid":{"rendered":"https:\/\/tienda.rigelec.com.ar\/?product=baterias-litio-li-ion-ffbl2060-20v-6ah"},"modified":"2026-05-03T21:46:41","modified_gmt":"2026-05-04T00:46:41","slug":"baterias-litio-4","status":"publish","type":"product","link":"https:\/\/tienda.rigelec.com.ar\/?product=baterias-litio-4","title":{"rendered":"BATERIAS LITIO LI-ION &#8211; FFBL2060 20V &#8211; 6AH"},"content":{"rendered":"<p>BATERIAS LITIO<\/p>\n<p data-start=\"146\" data-end=\"231\"><strong data-start=\"146\" data-end=\"229\">Bater\u00eda de Litio DCK FFBL2060 \u2013 20V 6.0Ah | M\u00e1xima Potencia y Autonom\u00eda Extrema<\/strong><\/p>\n<p data-start=\"233\" data-end=\"618\">La <strong data-start=\"236\" data-end=\"269\">Bater\u00eda de Litio DCK FFBL2060<\/strong> ofrece <strong data-start=\"277\" data-end=\"296\">20V de potencia<\/strong> y una impresionante <strong data-start=\"317\" data-end=\"339\">capacidad de 6.0Ah<\/strong>, pensada para brindar la <strong data-start=\"365\" data-end=\"385\">m\u00e1xima autonom\u00eda<\/strong> en trabajos prolongados y de alta exigencia. Gracias a su tecnolog\u00eda <strong data-start=\"455\" data-end=\"465\">Li-Ion<\/strong>, asegura un suministro de energ\u00eda constante, sin p\u00e9rdidas de rendimiento y sin efecto memoria, permitiendo ciclos de carga m\u00e1s eficientes y duraderos.<\/p>\n<p data-start=\"620\" data-end=\"878\">Su dise\u00f1o robusto y encastre seguro garantizan estabilidad y continuidad en el uso, evitando cortes inesperados durante tus tareas. Esta bater\u00eda es ideal para profesionales que necesitan potencia sostenida y largas horas de trabajo sin recargas frecuentes.<\/p>\n<p data-start=\"880\" data-end=\"913\"><strong data-start=\"880\" data-end=\"911\">Caracter\u00edsticas destacadas:<\/strong><\/p>\n<ul data-start=\"914\" data-end=\"1131\">\n<li data-start=\"914\" data-end=\"931\">\n<p data-start=\"916\" data-end=\"931\">Voltaje: 20V.<\/p>\n<\/li>\n<li data-start=\"932\" data-end=\"953\">\n<p data-start=\"934\" data-end=\"953\">Capacidad: 6.0Ah.<\/p>\n<\/li>\n<li data-start=\"954\" data-end=\"1011\">\n<p data-start=\"956\" data-end=\"1011\">Tecnolog\u00eda Li-Ion para mayor duraci\u00f3n y carga r\u00e1pida.<\/p>\n<\/li>\n<li data-start=\"1012\" data-end=\"1078\">\n<p data-start=\"1014\" data-end=\"1078\">Compatible con todas las herramientas inal\u00e1mbricas DCK de 20V.<\/p>\n<\/li>\n<li data-start=\"1079\" data-end=\"1131\">\n<p data-start=\"1081\" data-end=\"1131\">Perfecta para trabajos intensivos y prolongados.<\/p>\n<\/li>\n<\/ul>\n","protected":false},"excerpt":{"rendered":"<p>BATER\u00cdAS DE LI-ION 6,0 AH &#8211; VOLTAJE: 20V &#8211; INDICADOR LED DE ENERG\u00cdA DE LA BATER\u00cdA<\/p>\n","protected":false},"featured_media":30988,"comment_status":"open","ping_status":"closed","template":"","meta":{"_monsterinsights_skip_tracking":false,"_monsterinsights_sitenote_active":false,"_monsterinsights_sitenote_note":"","_monsterinsights_sitenote_category":0},"product_brand":[],"product_cat":[366],"product_tag":[479],"class_list":{"0":"post-30987","1":"product","2":"type-product","3":"status-publish","4":"has-post-thumbnail","6":"product_cat-b-electricas","7":"product_tag-dck","9":"first","10":"instock","11":"shipping-taxable","12":"purchasable","13":"product-type-simple"},"yoast_head":"<!-- This site is optimized with the Yoast SEO plugin v25.3.1 - https:\/\/yoast.com\/wordpress\/plugins\/seo\/ -->\n<title>BATERIAS LITIO LI-ION - FFBL2060 20V - 6AH - Tienda Rigelec<\/title>\n<meta name=\"description\" content=\"Tienda Rigelec BATERIAS LITIO LI-ION - FFBL2060 20V - 6AH Tienda Rigelec BATERIAS LITIO LI-ION - FFBL2060 20V - 6AH BATERIAS LITIO\" \/>\n<meta name=\"robots\" content=\"index, follow, max-snippet:-1, max-image-preview:large, max-video-preview:-1\" \/>\n<link rel=\"canonical\" href=\"https:\/\/tienda.rigelec.com.ar\/?product=baterias-litio-4\" \/>\n<meta property=\"og:locale\" content=\"es_ES\" \/>\n<meta property=\"og:type\" content=\"article\" \/>\n<meta property=\"og:title\" content=\"BATERIAS LITIO LI-ION - FFBL2060 20V - 6AH - Tienda Rigelec\" \/>\n<meta property=\"og:description\" content=\"Tienda Rigelec BATERIAS LITIO LI-ION - FFBL2060 20V - 6AH Tienda Rigelec BATERIAS LITIO LI-ION - FFBL2060 20V - 6AH BATERIAS LITIO\" \/>\n<meta property=\"og:url\" content=\"https:\/\/tienda.rigelec.com.ar\/?product=baterias-litio-4\" \/>\n<meta property=\"og:site_name\" content=\"Tienda Rigelec\" \/>\n<meta property=\"article:modified_time\" content=\"2026-05-04T00:46:41+00:00\" \/>\n<meta property=\"og:image\" content=\"https:\/\/tienda.rigelec.com.ar\/wp-content\/uploads\/2025\/08\/BATERIASLITIO-2.jpg\" \/>\n\t<meta property=\"og:image:width\" content=\"1080\" \/>\n\t<meta property=\"og:image:height\" content=\"1080\" \/>\n\t<meta property=\"og:image:type\" content=\"image\/jpeg\" \/>\n<meta name=\"twitter:card\" content=\"summary_large_image\" \/>\n<meta name=\"twitter:label1\" content=\"Tiempo de lectura\" \/>\n\t<meta name=\"twitter:data1\" content=\"1 minuto\" \/>\n<script type=\"application\/ld+json\" class=\"yoast-schema-graph\">{\"@context\":\"https:\/\/schema.org\",\"@graph\":[{\"@type\":\"WebPage\",\"@id\":\"https:\/\/tienda.rigelec.com.ar\/?product=baterias-litio-4\",\"url\":\"https:\/\/tienda.rigelec.com.ar\/?product=baterias-litio-4\",\"name\":\"BATERIAS LITIO LI-ION - FFBL2060 20V - 6AH - Tienda Rigelec\",\"isPartOf\":{\"@id\":\"https:\/\/tienda.rigelec.com.ar\/#website\"},\"primaryImageOfPage\":{\"@id\":\"https:\/\/tienda.rigelec.com.ar\/?product=baterias-litio-4#primaryimage\"},\"image\":{\"@id\":\"https:\/\/tienda.rigelec.com.ar\/?product=baterias-litio-4#primaryimage\"},\"thumbnailUrl\":\"https:\/\/tienda.rigelec.com.ar\/wp-content\/uploads\/2025\/08\/BATERIASLITIO-2.jpg\",\"datePublished\":\"2025-08-04T17:42:29+00:00\",\"dateModified\":\"2026-05-04T00:46:41+00:00\",\"description\":\"Tienda Rigelec BATERIAS LITIO LI-ION - FFBL2060 20V - 6AH Tienda Rigelec BATERIAS LITIO LI-ION - FFBL2060 20V - 6AH BATERIAS LITIO\",\"breadcrumb\":{\"@id\":\"https:\/\/tienda.rigelec.com.ar\/?product=baterias-litio-4#breadcrumb\"},\"inLanguage\":\"es-AR\",\"potentialAction\":[{\"@type\":\"ReadAction\",\"target\":[\"https:\/\/tienda.rigelec.com.ar\/?product=baterias-litio-4\"]}]},{\"@type\":\"ImageObject\",\"inLanguage\":\"es-AR\",\"@id\":\"https:\/\/tienda.rigelec.com.ar\/?product=baterias-litio-4#primaryimage\",\"url\":\"https:\/\/tienda.rigelec.com.ar\/wp-content\/uploads\/2025\/08\/BATERIASLITIO-2.jpg\",\"contentUrl\":\"https:\/\/tienda.rigelec.com.ar\/wp-content\/uploads\/2025\/08\/BATERIASLITIO-2.jpg\",\"width\":1080,\"height\":1080},{\"@type\":\"BreadcrumbList\",\"@id\":\"https:\/\/tienda.rigelec.com.ar\/?product=baterias-litio-4#breadcrumb\",\"itemListElement\":[{\"@type\":\"ListItem\",\"position\":1,\"name\":\"Inicio\",\"item\":\"https:\/\/tienda.rigelec.com.ar\/\"},{\"@type\":\"ListItem\",\"position\":2,\"name\":\"Shop\",\"item\":\"https:\/\/tienda.rigelec.com.ar\/?page_id=12\"},{\"@type\":\"ListItem\",\"position\":3,\"name\":\"BATERIAS LITIO LI-ION &#8211; FFBL2060 20V &#8211; 6AH\"}]},{\"@type\":\"WebSite\",\"@id\":\"https:\/\/tienda.rigelec.com.ar\/#website\",\"url\":\"https:\/\/tienda.rigelec.com.ar\/\",\"name\":\"Tienda Rigelec\",\"description\":\"Energia en movimiento\",\"publisher\":{\"@id\":\"https:\/\/tienda.rigelec.com.ar\/#organization\"},\"potentialAction\":[{\"@type\":\"SearchAction\",\"target\":{\"@type\":\"EntryPoint\",\"urlTemplate\":\"https:\/\/tienda.rigelec.com.ar\/?s={search_term_string}\"},\"query-input\":{\"@type\":\"PropertyValueSpecification\",\"valueRequired\":true,\"valueName\":\"search_term_string\"}}],\"inLanguage\":\"es-AR\"},{\"@type\":\"Organization\",\"@id\":\"https:\/\/tienda.rigelec.com.ar\/#organization\",\"name\":\"Tienda Rigelec\",\"url\":\"https:\/\/tienda.rigelec.com.ar\/\",\"logo\":{\"@type\":\"ImageObject\",\"inLanguage\":\"es-AR\",\"@id\":\"https:\/\/tienda.rigelec.com.ar\/#\/schema\/logo\/image\/\",\"url\":\"https:\/\/tienda.rigelec.com.ar\/wp-content\/uploads\/2024\/09\/isologo-blanco-rigelec.png\",\"contentUrl\":\"https:\/\/tienda.rigelec.com.ar\/wp-content\/uploads\/2024\/09\/isologo-blanco-rigelec.png\",\"width\":94,\"height\":97,\"caption\":\"Tienda Rigelec\"},\"image\":{\"@id\":\"https:\/\/tienda.rigelec.com.ar\/#\/schema\/logo\/image\/\"}}]}<\/script>\n<!-- \/ Yoast SEO plugin. -->","yoast_head_json":{"title":"BATERIAS LITIO LI-ION - FFBL2060 20V - 6AH - Tienda Rigelec","description":"Tienda Rigelec BATERIAS LITIO LI-ION - FFBL2060 20V - 6AH Tienda Rigelec BATERIAS LITIO LI-ION - FFBL2060 20V - 6AH BATERIAS LITIO","robots":{"index":"index","follow":"follow","max-snippet":"max-snippet:-1","max-image-preview":"max-image-preview:large","max-video-preview":"max-video-preview:-1"},"canonical":"https:\/\/tienda.rigelec.com.ar\/?product=baterias-litio-4","og_locale":"es_ES","og_type":"article","og_title":"BATERIAS LITIO LI-ION - FFBL2060 20V - 6AH - Tienda Rigelec","og_description":"Tienda Rigelec BATERIAS LITIO LI-ION - FFBL2060 20V - 6AH Tienda Rigelec BATERIAS LITIO LI-ION - FFBL2060 20V - 6AH BATERIAS LITIO","og_url":"https:\/\/tienda.rigelec.com.ar\/?product=baterias-litio-4","og_site_name":"Tienda Rigelec","article_modified_time":"2026-05-04T00:46:41+00:00","og_image":[{"width":1080,"height":1080,"url":"https:\/\/tienda.rigelec.com.ar\/wp-content\/uploads\/2025\/08\/BATERIASLITIO-2.jpg","type":"image\/jpeg"}],"twitter_card":"summary_large_image","twitter_misc":{"Tiempo de lectura":"1 minuto"},"schema":{"@context":"https:\/\/schema.org","@graph":[{"@type":"WebPage","@id":"https:\/\/tienda.rigelec.com.ar\/?product=baterias-litio-4","url":"https:\/\/tienda.rigelec.com.ar\/?product=baterias-litio-4","name":"BATERIAS LITIO LI-ION - FFBL2060 20V - 6AH - Tienda Rigelec","isPartOf":{"@id":"https:\/\/tienda.rigelec.com.ar\/#website"},"primaryImageOfPage":{"@id":"https:\/\/tienda.rigelec.com.ar\/?product=baterias-litio-4#primaryimage"},"image":{"@id":"https:\/\/tienda.rigelec.com.ar\/?product=baterias-litio-4#primaryimage"},"thumbnailUrl":"https:\/\/tienda.rigelec.com.ar\/wp-content\/uploads\/2025\/08\/BATERIASLITIO-2.jpg","datePublished":"2025-08-04T17:42:29+00:00","dateModified":"2026-05-04T00:46:41+00:00","description":"Tienda Rigelec BATERIAS LITIO LI-ION - FFBL2060 20V - 6AH Tienda Rigelec BATERIAS LITIO LI-ION - FFBL2060 20V - 6AH BATERIAS LITIO","breadcrumb":{"@id":"https:\/\/tienda.rigelec.com.ar\/?product=baterias-litio-4#breadcrumb"},"inLanguage":"es-AR","potentialAction":[{"@type":"ReadAction","target":["https:\/\/tienda.rigelec.com.ar\/?product=baterias-litio-4"]}]},{"@type":"ImageObject","inLanguage":"es-AR","@id":"https:\/\/tienda.rigelec.com.ar\/?product=baterias-litio-4#primaryimage","url":"https:\/\/tienda.rigelec.com.ar\/wp-content\/uploads\/2025\/08\/BATERIASLITIO-2.jpg","contentUrl":"https:\/\/tienda.rigelec.com.ar\/wp-content\/uploads\/2025\/08\/BATERIASLITIO-2.jpg","width":1080,"height":1080},{"@type":"BreadcrumbList","@id":"https:\/\/tienda.rigelec.com.ar\/?product=baterias-litio-4#breadcrumb","itemListElement":[{"@type":"ListItem","position":1,"name":"Inicio","item":"https:\/\/tienda.rigelec.com.ar\/"},{"@type":"ListItem","position":2,"name":"Shop","item":"https:\/\/tienda.rigelec.com.ar\/?page_id=12"},{"@type":"ListItem","position":3,"name":"BATERIAS LITIO LI-ION &#8211; FFBL2060 20V &#8211; 6AH"}]},{"@type":"WebSite","@id":"https:\/\/tienda.rigelec.com.ar\/#website","url":"https:\/\/tienda.rigelec.com.ar\/","name":"Tienda Rigelec","description":"Energia en movimiento","publisher":{"@id":"https:\/\/tienda.rigelec.com.ar\/#organization"},"potentialAction":[{"@type":"SearchAction","target":{"@type":"EntryPoint","urlTemplate":"https:\/\/tienda.rigelec.com.ar\/?s={search_term_string}"},"query-input":{"@type":"PropertyValueSpecification","valueRequired":true,"valueName":"search_term_string"}}],"inLanguage":"es-AR"},{"@type":"Organization","@id":"https:\/\/tienda.rigelec.com.ar\/#organization","name":"Tienda Rigelec","url":"https:\/\/tienda.rigelec.com.ar\/","logo":{"@type":"ImageObject","inLanguage":"es-AR","@id":"https:\/\/tienda.rigelec.com.ar\/#\/schema\/logo\/image\/","url":"https:\/\/tienda.rigelec.com.ar\/wp-content\/uploads\/2024\/09\/isologo-blanco-rigelec.png","contentUrl":"https:\/\/tienda.rigelec.com.ar\/wp-content\/uploads\/2024\/09\/isologo-blanco-rigelec.png","width":94,"height":97,"caption":"Tienda Rigelec"},"image":{"@id":"https:\/\/tienda.rigelec.com.ar\/#\/schema\/logo\/image\/"}}]}},"jetpack_sharing_enabled":true,"_links":{"self":[{"href":"https:\/\/tienda.rigelec.com.ar\/index.php?rest_route=\/wp\/v2\/product\/30987","targetHints":{"allow":["GET"]}}],"collection":[{"href":"https:\/\/tienda.rigelec.com.ar\/index.php?rest_route=\/wp\/v2\/product"}],"about":[{"href":"https:\/\/tienda.rigelec.com.ar\/index.php?rest_route=\/wp\/v2\/types\/product"}],"replies":[{"embeddable":true,"href":"https:\/\/tienda.rigelec.com.ar\/index.php?rest_route=%2Fwp%2Fv2%2Fcomments&post=30987"}],"wp:featuredmedia":[{"embeddable":true,"href":"https:\/\/tienda.rigelec.com.ar\/index.php?rest_route=\/wp\/v2\/media\/30988"}],"wp:attachment":[{"href":"https:\/\/tienda.rigelec.com.ar\/index.php?rest_route=%2Fwp%2Fv2%2Fmedia&parent=30987"}],"wp:term":[{"taxonomy":"product_brand","embeddable":true,"href":"https:\/\/tienda.rigelec.com.ar\/index.php?rest_route=%2Fwp%2Fv2%2Fproduct_brand&post=30987"},{"taxonomy":"product_cat","embeddable":true,"href":"https:\/\/tienda.rigelec.com.ar\/index.php?rest_route=%2Fwp%2Fv2%2Fproduct_cat&post=30987"},{"taxonomy":"product_tag","embeddable":true,"href":"https:\/\/tienda.rigelec.com.ar\/index.php?rest_route=%2Fwp%2Fv2%2Fproduct_tag&post=30987"}],"curies":[{"name":"wp","href":"https:\/\/api.w.org\/{rel}","templated":true}]}}