{"id":30991,"date":"2025-08-04T14:43:30","date_gmt":"2025-08-04T17:43:30","guid":{"rendered":"https:\/\/tienda.rigelec.com.ar\/?product=baterias-litio-li-ion-lb1220-1-12v-2ah"},"modified":"2026-05-03T21:46:42","modified_gmt":"2026-05-04T00:46:42","slug":"baterias-litio-5","status":"publish","type":"product","link":"https:\/\/tienda.rigelec.com.ar\/?product=baterias-litio-5","title":{"rendered":"CARGADOR DE BATERIA LI-ION &#8211; LB1220-1 12V &#8211; 2AH"},"content":{"rendered":"<p>BATERIAS LITIO<\/p>\n<p data-start=\"133\" data-end=\"203\"><strong data-start=\"133\" data-end=\"201\">Bater\u00eda de Litio DCK LB1220-1 \u2013 12V 2.0Ah | Compacta y Eficiente<\/strong><\/p>\n<p data-start=\"205\" data-end=\"523\">La <strong data-start=\"208\" data-end=\"241\">Bater\u00eda de Litio DCK LB1220-1<\/strong> ofrece <strong data-start=\"249\" data-end=\"268\">12V de potencia<\/strong> y una capacidad de <strong data-start=\"288\" data-end=\"297\">2.0Ah<\/strong>, ideal para trabajos ligeros y de precisi\u00f3n. Su tecnolog\u00eda <strong data-start=\"357\" data-end=\"367\">Li-Ion<\/strong> garantiza un rendimiento constante, sin p\u00e9rdidas de energ\u00eda y sin efecto memoria, lo que prolonga su vida \u00fatil y permite cargas m\u00e1s r\u00e1pidas y eficientes.<\/p>\n<p data-start=\"525\" data-end=\"769\">Gracias a su dise\u00f1o compacto y liviano, es perfecta para herramientas port\u00e1tiles, ofreciendo comodidad y reduciendo la fatiga durante el uso prolongado. El encastre seguro asegura una conexi\u00f3n firme, evitando interrupciones mientras trabaj\u00e1s.<\/p>\n<p data-start=\"771\" data-end=\"804\"><strong data-start=\"771\" data-end=\"802\">Caracter\u00edsticas destacadas:<\/strong><\/p>\n<ul data-start=\"805\" data-end=\"1009\">\n<li data-start=\"805\" data-end=\"822\">\n<p data-start=\"807\" data-end=\"822\">Voltaje: 12V.<\/p>\n<\/li>\n<li data-start=\"823\" data-end=\"844\">\n<p data-start=\"825\" data-end=\"844\">Capacidad: 2.0Ah.<\/p>\n<\/li>\n<li data-start=\"845\" data-end=\"902\">\n<p data-start=\"847\" data-end=\"902\">Tecnolog\u00eda Li-Ion para mayor duraci\u00f3n y carga r\u00e1pida.<\/p>\n<\/li>\n<li data-start=\"903\" data-end=\"959\">\n<p data-start=\"905\" data-end=\"959\">Compatible con herramientas inal\u00e1mbricas DCK de 12V.<\/p>\n<\/li>\n<li data-start=\"960\" data-end=\"1009\">\n<p data-start=\"962\" data-end=\"1009\">Ligera y ergon\u00f3mica, ideal para uso continuo.<\/p>\n<\/li>\n<\/ul>\n","protected":false},"excerpt":{"rendered":"<p>BATER\u00cdAS DE LI-ION 2,0 AH &#8211; VOLTAJE: 12V &#8211; INDICADOR LED DE ENERG\u00cdA DE LA BATER\u00cdA<\/p>\n","protected":false},"featured_media":30992,"comment_status":"open","ping_status":"closed","template":"","meta":{"_monsterinsights_skip_tracking":false,"_monsterinsights_sitenote_active":false,"_monsterinsights_sitenote_note":"","_monsterinsights_sitenote_category":0},"product_brand":[],"product_cat":[366],"product_tag":[479],"class_list":{"0":"post-30991","1":"product","2":"type-product","3":"status-publish","4":"has-post-thumbnail","6":"product_cat-b-electricas","7":"product_tag-dck","9":"first","10":"instock","11":"shipping-taxable","12":"purchasable","13":"product-type-simple"},"yoast_head":"<!-- This site is optimized with the Yoast SEO plugin v25.3.1 - https:\/\/yoast.com\/wordpress\/plugins\/seo\/ -->\n<title>CARGADOR DE BATERIA LI-ION - LB1220-1 12V - 2AH - Tienda Rigelec<\/title>\n<meta name=\"description\" content=\"BATERIAS LITIO Tienda Rigelec CARGADOR DE BATERIA LI-ION - LB1220-1 12V - 2AH Tienda Rigelec BATERIAS LITIO Tienda Rigelec Tienda Rigelec\" \/>\n<meta name=\"robots\" content=\"index, follow, max-snippet:-1, max-image-preview:large, max-video-preview:-1\" \/>\n<link rel=\"canonical\" href=\"https:\/\/tienda.rigelec.com.ar\/?product=baterias-litio-5\" \/>\n<meta property=\"og:locale\" content=\"es_ES\" \/>\n<meta property=\"og:type\" content=\"article\" \/>\n<meta property=\"og:title\" content=\"CARGADOR DE BATERIA LI-ION - LB1220-1 12V - 2AH - Tienda Rigelec\" \/>\n<meta property=\"og:description\" content=\"BATERIAS LITIO Tienda Rigelec CARGADOR DE BATERIA LI-ION - LB1220-1 12V - 2AH Tienda Rigelec BATERIAS LITIO Tienda Rigelec Tienda Rigelec\" \/>\n<meta property=\"og:url\" content=\"https:\/\/tienda.rigelec.com.ar\/?product=baterias-litio-5\" \/>\n<meta property=\"og:site_name\" content=\"Tienda Rigelec\" \/>\n<meta property=\"article:modified_time\" content=\"2026-05-04T00:46:42+00:00\" \/>\n<meta property=\"og:image\" content=\"https:\/\/tienda.rigelec.com.ar\/wp-content\/uploads\/2025\/08\/BATERIASLITIO-4.jpg\" \/>\n\t<meta property=\"og:image:width\" content=\"1080\" \/>\n\t<meta property=\"og:image:height\" content=\"1080\" \/>\n\t<meta property=\"og:image:type\" content=\"image\/jpeg\" \/>\n<meta name=\"twitter:card\" content=\"summary_large_image\" \/>\n<meta name=\"twitter:label1\" content=\"Tiempo de lectura\" \/>\n\t<meta name=\"twitter:data1\" content=\"1 minuto\" \/>\n<script type=\"application\/ld+json\" class=\"yoast-schema-graph\">{\"@context\":\"https:\/\/schema.org\",\"@graph\":[{\"@type\":\"WebPage\",\"@id\":\"https:\/\/tienda.rigelec.com.ar\/?product=baterias-litio-5\",\"url\":\"https:\/\/tienda.rigelec.com.ar\/?product=baterias-litio-5\",\"name\":\"CARGADOR DE BATERIA LI-ION - LB1220-1 12V - 2AH - Tienda Rigelec\",\"isPartOf\":{\"@id\":\"https:\/\/tienda.rigelec.com.ar\/#website\"},\"primaryImageOfPage\":{\"@id\":\"https:\/\/tienda.rigelec.com.ar\/?product=baterias-litio-5#primaryimage\"},\"image\":{\"@id\":\"https:\/\/tienda.rigelec.com.ar\/?product=baterias-litio-5#primaryimage\"},\"thumbnailUrl\":\"https:\/\/tienda.rigelec.com.ar\/wp-content\/uploads\/2025\/08\/BATERIASLITIO-4.jpg\",\"datePublished\":\"2025-08-04T17:43:30+00:00\",\"dateModified\":\"2026-05-04T00:46:42+00:00\",\"description\":\"BATERIAS LITIO Tienda Rigelec CARGADOR DE BATERIA LI-ION - LB1220-1 12V - 2AH Tienda Rigelec BATERIAS LITIO Tienda Rigelec Tienda Rigelec\",\"breadcrumb\":{\"@id\":\"https:\/\/tienda.rigelec.com.ar\/?product=baterias-litio-5#breadcrumb\"},\"inLanguage\":\"es-AR\",\"potentialAction\":[{\"@type\":\"ReadAction\",\"target\":[\"https:\/\/tienda.rigelec.com.ar\/?product=baterias-litio-5\"]}]},{\"@type\":\"ImageObject\",\"inLanguage\":\"es-AR\",\"@id\":\"https:\/\/tienda.rigelec.com.ar\/?product=baterias-litio-5#primaryimage\",\"url\":\"https:\/\/tienda.rigelec.com.ar\/wp-content\/uploads\/2025\/08\/BATERIASLITIO-4.jpg\",\"contentUrl\":\"https:\/\/tienda.rigelec.com.ar\/wp-content\/uploads\/2025\/08\/BATERIASLITIO-4.jpg\",\"width\":1080,\"height\":1080},{\"@type\":\"BreadcrumbList\",\"@id\":\"https:\/\/tienda.rigelec.com.ar\/?product=baterias-litio-5#breadcrumb\",\"itemListElement\":[{\"@type\":\"ListItem\",\"position\":1,\"name\":\"Inicio\",\"item\":\"https:\/\/tienda.rigelec.com.ar\/\"},{\"@type\":\"ListItem\",\"position\":2,\"name\":\"Shop\",\"item\":\"https:\/\/tienda.rigelec.com.ar\/?page_id=12\"},{\"@type\":\"ListItem\",\"position\":3,\"name\":\"CARGADOR DE BATERIA LI-ION &#8211; LB1220-1 12V &#8211; 2AH\"}]},{\"@type\":\"WebSite\",\"@id\":\"https:\/\/tienda.rigelec.com.ar\/#website\",\"url\":\"https:\/\/tienda.rigelec.com.ar\/\",\"name\":\"Tienda Rigelec\",\"description\":\"Energia en movimiento\",\"publisher\":{\"@id\":\"https:\/\/tienda.rigelec.com.ar\/#organization\"},\"potentialAction\":[{\"@type\":\"SearchAction\",\"target\":{\"@type\":\"EntryPoint\",\"urlTemplate\":\"https:\/\/tienda.rigelec.com.ar\/?s={search_term_string}\"},\"query-input\":{\"@type\":\"PropertyValueSpecification\",\"valueRequired\":true,\"valueName\":\"search_term_string\"}}],\"inLanguage\":\"es-AR\"},{\"@type\":\"Organization\",\"@id\":\"https:\/\/tienda.rigelec.com.ar\/#organization\",\"name\":\"Tienda Rigelec\",\"url\":\"https:\/\/tienda.rigelec.com.ar\/\",\"logo\":{\"@type\":\"ImageObject\",\"inLanguage\":\"es-AR\",\"@id\":\"https:\/\/tienda.rigelec.com.ar\/#\/schema\/logo\/image\/\",\"url\":\"https:\/\/tienda.rigelec.com.ar\/wp-content\/uploads\/2024\/09\/isologo-blanco-rigelec.png\",\"contentUrl\":\"https:\/\/tienda.rigelec.com.ar\/wp-content\/uploads\/2024\/09\/isologo-blanco-rigelec.png\",\"width\":94,\"height\":97,\"caption\":\"Tienda Rigelec\"},\"image\":{\"@id\":\"https:\/\/tienda.rigelec.com.ar\/#\/schema\/logo\/image\/\"}}]}<\/script>\n<!-- \/ Yoast SEO plugin. -->","yoast_head_json":{"title":"CARGADOR DE BATERIA LI-ION - LB1220-1 12V - 2AH - Tienda Rigelec","description":"BATERIAS LITIO Tienda Rigelec CARGADOR DE BATERIA LI-ION - LB1220-1 12V - 2AH Tienda Rigelec BATERIAS LITIO Tienda Rigelec Tienda Rigelec","robots":{"index":"index","follow":"follow","max-snippet":"max-snippet:-1","max-image-preview":"max-image-preview:large","max-video-preview":"max-video-preview:-1"},"canonical":"https:\/\/tienda.rigelec.com.ar\/?product=baterias-litio-5","og_locale":"es_ES","og_type":"article","og_title":"CARGADOR DE BATERIA LI-ION - LB1220-1 12V - 2AH - Tienda Rigelec","og_description":"BATERIAS LITIO Tienda Rigelec CARGADOR DE BATERIA LI-ION - LB1220-1 12V - 2AH Tienda Rigelec BATERIAS LITIO Tienda Rigelec Tienda Rigelec","og_url":"https:\/\/tienda.rigelec.com.ar\/?product=baterias-litio-5","og_site_name":"Tienda Rigelec","article_modified_time":"2026-05-04T00:46:42+00:00","og_image":[{"width":1080,"height":1080,"url":"https:\/\/tienda.rigelec.com.ar\/wp-content\/uploads\/2025\/08\/BATERIASLITIO-4.jpg","type":"image\/jpeg"}],"twitter_card":"summary_large_image","twitter_misc":{"Tiempo de lectura":"1 minuto"},"schema":{"@context":"https:\/\/schema.org","@graph":[{"@type":"WebPage","@id":"https:\/\/tienda.rigelec.com.ar\/?product=baterias-litio-5","url":"https:\/\/tienda.rigelec.com.ar\/?product=baterias-litio-5","name":"CARGADOR DE BATERIA LI-ION - LB1220-1 12V - 2AH - Tienda Rigelec","isPartOf":{"@id":"https:\/\/tienda.rigelec.com.ar\/#website"},"primaryImageOfPage":{"@id":"https:\/\/tienda.rigelec.com.ar\/?product=baterias-litio-5#primaryimage"},"image":{"@id":"https:\/\/tienda.rigelec.com.ar\/?product=baterias-litio-5#primaryimage"},"thumbnailUrl":"https:\/\/tienda.rigelec.com.ar\/wp-content\/uploads\/2025\/08\/BATERIASLITIO-4.jpg","datePublished":"2025-08-04T17:43:30+00:00","dateModified":"2026-05-04T00:46:42+00:00","description":"BATERIAS LITIO Tienda Rigelec CARGADOR DE BATERIA LI-ION - LB1220-1 12V - 2AH Tienda Rigelec BATERIAS LITIO Tienda Rigelec Tienda Rigelec","breadcrumb":{"@id":"https:\/\/tienda.rigelec.com.ar\/?product=baterias-litio-5#breadcrumb"},"inLanguage":"es-AR","potentialAction":[{"@type":"ReadAction","target":["https:\/\/tienda.rigelec.com.ar\/?product=baterias-litio-5"]}]},{"@type":"ImageObject","inLanguage":"es-AR","@id":"https:\/\/tienda.rigelec.com.ar\/?product=baterias-litio-5#primaryimage","url":"https:\/\/tienda.rigelec.com.ar\/wp-content\/uploads\/2025\/08\/BATERIASLITIO-4.jpg","contentUrl":"https:\/\/tienda.rigelec.com.ar\/wp-content\/uploads\/2025\/08\/BATERIASLITIO-4.jpg","width":1080,"height":1080},{"@type":"BreadcrumbList","@id":"https:\/\/tienda.rigelec.com.ar\/?product=baterias-litio-5#breadcrumb","itemListElement":[{"@type":"ListItem","position":1,"name":"Inicio","item":"https:\/\/tienda.rigelec.com.ar\/"},{"@type":"ListItem","position":2,"name":"Shop","item":"https:\/\/tienda.rigelec.com.ar\/?page_id=12"},{"@type":"ListItem","position":3,"name":"CARGADOR DE BATERIA LI-ION &#8211; LB1220-1 12V &#8211; 2AH"}]},{"@type":"WebSite","@id":"https:\/\/tienda.rigelec.com.ar\/#website","url":"https:\/\/tienda.rigelec.com.ar\/","name":"Tienda Rigelec","description":"Energia en movimiento","publisher":{"@id":"https:\/\/tienda.rigelec.com.ar\/#organization"},"potentialAction":[{"@type":"SearchAction","target":{"@type":"EntryPoint","urlTemplate":"https:\/\/tienda.rigelec.com.ar\/?s={search_term_string}"},"query-input":{"@type":"PropertyValueSpecification","valueRequired":true,"valueName":"search_term_string"}}],"inLanguage":"es-AR"},{"@type":"Organization","@id":"https:\/\/tienda.rigelec.com.ar\/#organization","name":"Tienda Rigelec","url":"https:\/\/tienda.rigelec.com.ar\/","logo":{"@type":"ImageObject","inLanguage":"es-AR","@id":"https:\/\/tienda.rigelec.com.ar\/#\/schema\/logo\/image\/","url":"https:\/\/tienda.rigelec.com.ar\/wp-content\/uploads\/2024\/09\/isologo-blanco-rigelec.png","contentUrl":"https:\/\/tienda.rigelec.com.ar\/wp-content\/uploads\/2024\/09\/isologo-blanco-rigelec.png","width":94,"height":97,"caption":"Tienda Rigelec"},"image":{"@id":"https:\/\/tienda.rigelec.com.ar\/#\/schema\/logo\/image\/"}}]}},"jetpack_sharing_enabled":true,"_links":{"self":[{"href":"https:\/\/tienda.rigelec.com.ar\/index.php?rest_route=\/wp\/v2\/product\/30991","targetHints":{"allow":["GET"]}}],"collection":[{"href":"https:\/\/tienda.rigelec.com.ar\/index.php?rest_route=\/wp\/v2\/product"}],"about":[{"href":"https:\/\/tienda.rigelec.com.ar\/index.php?rest_route=\/wp\/v2\/types\/product"}],"replies":[{"embeddable":true,"href":"https:\/\/tienda.rigelec.com.ar\/index.php?rest_route=%2Fwp%2Fv2%2Fcomments&post=30991"}],"wp:featuredmedia":[{"embeddable":true,"href":"https:\/\/tienda.rigelec.com.ar\/index.php?rest_route=\/wp\/v2\/media\/30992"}],"wp:attachment":[{"href":"https:\/\/tienda.rigelec.com.ar\/index.php?rest_route=%2Fwp%2Fv2%2Fmedia&parent=30991"}],"wp:term":[{"taxonomy":"product_brand","embeddable":true,"href":"https:\/\/tienda.rigelec.com.ar\/index.php?rest_route=%2Fwp%2Fv2%2Fproduct_brand&post=30991"},{"taxonomy":"product_cat","embeddable":true,"href":"https:\/\/tienda.rigelec.com.ar\/index.php?rest_route=%2Fwp%2Fv2%2Fproduct_cat&post=30991"},{"taxonomy":"product_tag","embeddable":true,"href":"https:\/\/tienda.rigelec.com.ar\/index.php?rest_route=%2Fwp%2Fv2%2Fproduct_tag&post=30991"}],"curies":[{"name":"wp","href":"https:\/\/api.w.org\/{rel}","templated":true}]}}