{"id":30997,"date":"2025-08-04T14:43:34","date_gmt":"2025-08-04T17:43:34","guid":{"rendered":"https:\/\/tienda.rigelec.com.ar\/?product=baterias-litio-li-ion-ffcl20-04-20v-4a"},"modified":"2026-05-03T21:46:42","modified_gmt":"2026-05-04T00:46:42","slug":"bateria-de-litio-dck-ffcl20-04-20v-4ah","status":"publish","type":"product","link":"https:\/\/tienda.rigelec.com.ar\/?product=bateria-de-litio-dck-ffcl20-04-20v-4ah","title":{"rendered":"CARGADOR DE BATERIA LI-ION &#8211; FFCL20-04 20V &#8211; 4A"},"content":{"rendered":"<p data-start=\"496\" data-end=\"784\">La <strong data-start=\"499\" data-end=\"540\">Bater\u00eda de Litio Li-Ion DCK FFCL20-04<\/strong> est\u00e1 dise\u00f1ada para suministrar energ\u00eda confiable y duradera a todas tus herramientas inal\u00e1mbricas DCK de <strong data-start=\"646\" data-end=\"653\">20V<\/strong>. Con una capacidad de <strong data-start=\"676\" data-end=\"683\">4Ah<\/strong>, proporciona una excelente autonom\u00eda, permitiendo completar trabajos exigentes sin interrupciones.<\/p>\n<p data-start=\"786\" data-end=\"1073\">Su tecnolog\u00eda <strong data-start=\"800\" data-end=\"810\">Li-Ion<\/strong> (litio-ion) asegura una carga r\u00e1pida, sin efecto memoria y con menor p\u00e9rdida de energ\u00eda, prolongando la vida \u00fatil de la bater\u00eda. Gracias a su dise\u00f1o compacto y liviano, se transporta y cambia f\u00e1cilmente, mejorando la comodidad y productividad en obra o taller.<\/p>\n<p data-start=\"1075\" data-end=\"1210\">Es el complemento perfecto para quienes trabajan de forma continua y necesitan una fuente de energ\u00eda port\u00e1til, eficiente y confiable.<\/p>\n<h2 data-start=\"1217\" data-end=\"1252\"><strong data-start=\"1220\" data-end=\"1250\">Caracter\u00edsticas<\/strong><\/h2>\n<ul data-start=\"1253\" data-end=\"1524\">\n<li data-start=\"1253\" data-end=\"1273\">\n<p data-start=\"1255\" data-end=\"1273\">Voltaje: <strong data-start=\"1264\" data-end=\"1271\">20V<\/strong><\/p>\n<\/li>\n<li data-start=\"1274\" data-end=\"1296\">\n<p data-start=\"1276\" data-end=\"1296\">Capacidad: <strong data-start=\"1287\" data-end=\"1294\">4Ah<\/strong><\/p>\n<\/li>\n<li data-start=\"1297\" data-end=\"1335\">\n<p data-start=\"1299\" data-end=\"1335\">Tecnolog\u00eda: <strong data-start=\"1311\" data-end=\"1333\">Li-Ion (litio-ion)<\/strong><\/p>\n<\/li>\n<li data-start=\"1336\" data-end=\"1368\">\n<p data-start=\"1338\" data-end=\"1368\">Tipo: <strong data-start=\"1344\" data-end=\"1366\">Bater\u00eda recargable<\/strong><\/p>\n<\/li>\n<li data-start=\"1369\" data-end=\"1417\">\n<p data-start=\"1371\" data-end=\"1417\">Compatible con herramientas inal\u00e1mbricas DCK<\/p>\n<\/li>\n<li data-start=\"1418\" data-end=\"1455\">\n<p data-start=\"1420\" data-end=\"1455\">Carga r\u00e1pida y sin efecto memoria<\/p>\n<\/li>\n<li data-start=\"1456\" data-end=\"1485\">\n<p data-start=\"1458\" data-end=\"1485\">Dise\u00f1o compacto y liviano<\/p>\n<\/li>\n<li data-start=\"1486\" data-end=\"1524\">\n<p data-start=\"1488\" data-end=\"1524\">Alto rendimiento y larga vida \u00fatil<\/p>\n<\/li>\n<\/ul>\n<h2 data-start=\"1531\" data-end=\"1565\"><strong data-start=\"1534\" data-end=\"1563\">Aplicaciones recomendadas<\/strong><\/h2>\n<ul data-start=\"1566\" data-end=\"1760\">\n<li data-start=\"1566\" data-end=\"1614\">\n<p data-start=\"1568\" data-end=\"1614\">Uso con herramientas inal\u00e1mbricas DCK de 20V<\/p>\n<\/li>\n<li data-start=\"1615\" data-end=\"1679\">\n<p data-start=\"1617\" data-end=\"1679\">Trabajos prolongados en construcci\u00f3n, taller o mantenimiento<\/p>\n<\/li>\n<li data-start=\"1680\" data-end=\"1727\">\n<p data-start=\"1682\" data-end=\"1727\">Proyectos que requieren autonom\u00eda extendida<\/p>\n<\/li>\n<li data-start=\"1728\" data-end=\"1760\">\n<p data-start=\"1730\" data-end=\"1760\">Uso profesional e industrial<\/p>\n<\/li>\n<\/ul>\n<p><a href=\"https:\/\/www.dcktool.ar\/productos?sub=BATERIAS&amp;*=FFCL20-04\">https:\/\/www.dcktool.ar\/productos?sub=BATERIAS&amp;*=FFCL20-04<\/a><\/p>\n","protected":false},"excerpt":{"rendered":"<p>BATER\u00cdAS DE LI-ION 4,0 A.<br \/>\nVOLTAJE DE ENTRADA: 220-240V 50\/60Hz<br \/>\nVOLTAJE DE SALIDA: 20V<\/p>\n","protected":false},"featured_media":30998,"comment_status":"open","ping_status":"closed","template":"","meta":{"_monsterinsights_skip_tracking":false,"_monsterinsights_sitenote_active":false,"_monsterinsights_sitenote_note":"","_monsterinsights_sitenote_category":0},"product_brand":[],"product_cat":[366],"product_tag":[479],"class_list":{"0":"post-30997","1":"product","2":"type-product","3":"status-publish","4":"has-post-thumbnail","6":"product_cat-b-electricas","7":"product_tag-dck","9":"first","10":"instock","11":"shipping-taxable","12":"purchasable","13":"product-type-simple"},"yoast_head":"<!-- This site is optimized with the Yoast SEO plugin v25.3.1 - https:\/\/yoast.com\/wordpress\/plugins\/seo\/ -->\n<title>Tienda Rigelec Bater\u00eda de Litio DCK FFCL20-04 \u2014 20V, 4Ah<\/title>\n<meta name=\"description\" content=\"Bater\u00eda de litio DCK FFCL20-04 \u2014 20V y 4Ah. Autonom\u00eda prolongada, carga r\u00e1pida y dise\u00f1o compacto para herramientas inal\u00e1mbricas. Ideal para uso profesional.\" \/>\n<meta name=\"robots\" content=\"index, follow, max-snippet:-1, max-image-preview:large, max-video-preview:-1\" \/>\n<link rel=\"canonical\" href=\"https:\/\/tienda.rigelec.com.ar\/?product=bateria-de-litio-dck-ffcl20-04-20v-4ah\" \/>\n<meta property=\"og:locale\" content=\"es_ES\" \/>\n<meta property=\"og:type\" content=\"article\" \/>\n<meta property=\"og:title\" content=\"Tienda Rigelec Bater\u00eda de Litio DCK FFCL20-04 \u2014 20V, 4Ah\" \/>\n<meta property=\"og:description\" content=\"Bater\u00eda de litio DCK FFCL20-04 \u2014 20V y 4Ah. Autonom\u00eda prolongada, carga r\u00e1pida y dise\u00f1o compacto para herramientas inal\u00e1mbricas. Ideal para uso profesional.\" \/>\n<meta property=\"og:url\" content=\"https:\/\/tienda.rigelec.com.ar\/?product=bateria-de-litio-dck-ffcl20-04-20v-4ah\" \/>\n<meta property=\"og:site_name\" content=\"Tienda Rigelec\" \/>\n<meta property=\"article:modified_time\" content=\"2026-05-04T00:46:42+00:00\" \/>\n<meta property=\"og:image\" content=\"https:\/\/tienda.rigelec.com.ar\/wp-content\/uploads\/2025\/08\/BATERIASLITIO-7.jpg\" \/>\n\t<meta property=\"og:image:width\" content=\"1080\" \/>\n\t<meta property=\"og:image:height\" content=\"1080\" \/>\n\t<meta property=\"og:image:type\" content=\"image\/jpeg\" \/>\n<meta name=\"twitter:card\" content=\"summary_large_image\" \/>\n<meta name=\"twitter:label1\" content=\"Tiempo de lectura\" \/>\n\t<meta name=\"twitter:data1\" content=\"1 minuto\" \/>\n<script type=\"application\/ld+json\" class=\"yoast-schema-graph\">{\"@context\":\"https:\/\/schema.org\",\"@graph\":[{\"@type\":\"WebPage\",\"@id\":\"https:\/\/tienda.rigelec.com.ar\/?product=bateria-de-litio-dck-ffcl20-04-20v-4ah\",\"url\":\"https:\/\/tienda.rigelec.com.ar\/?product=bateria-de-litio-dck-ffcl20-04-20v-4ah\",\"name\":\"Tienda Rigelec Bater\u00eda de Litio DCK FFCL20-04 \u2014 20V, 4Ah\",\"isPartOf\":{\"@id\":\"https:\/\/tienda.rigelec.com.ar\/#website\"},\"primaryImageOfPage\":{\"@id\":\"https:\/\/tienda.rigelec.com.ar\/?product=bateria-de-litio-dck-ffcl20-04-20v-4ah#primaryimage\"},\"image\":{\"@id\":\"https:\/\/tienda.rigelec.com.ar\/?product=bateria-de-litio-dck-ffcl20-04-20v-4ah#primaryimage\"},\"thumbnailUrl\":\"https:\/\/tienda.rigelec.com.ar\/wp-content\/uploads\/2025\/08\/BATERIASLITIO-7.jpg\",\"datePublished\":\"2025-08-04T17:43:34+00:00\",\"dateModified\":\"2026-05-04T00:46:42+00:00\",\"description\":\"Bater\u00eda de litio DCK FFCL20-04 \u2014 20V y 4Ah. Autonom\u00eda prolongada, carga r\u00e1pida y dise\u00f1o compacto para herramientas inal\u00e1mbricas. Ideal para uso profesional.\",\"breadcrumb\":{\"@id\":\"https:\/\/tienda.rigelec.com.ar\/?product=bateria-de-litio-dck-ffcl20-04-20v-4ah#breadcrumb\"},\"inLanguage\":\"es-AR\",\"potentialAction\":[{\"@type\":\"ReadAction\",\"target\":[\"https:\/\/tienda.rigelec.com.ar\/?product=bateria-de-litio-dck-ffcl20-04-20v-4ah\"]}]},{\"@type\":\"ImageObject\",\"inLanguage\":\"es-AR\",\"@id\":\"https:\/\/tienda.rigelec.com.ar\/?product=bateria-de-litio-dck-ffcl20-04-20v-4ah#primaryimage\",\"url\":\"https:\/\/tienda.rigelec.com.ar\/wp-content\/uploads\/2025\/08\/BATERIASLITIO-7.jpg\",\"contentUrl\":\"https:\/\/tienda.rigelec.com.ar\/wp-content\/uploads\/2025\/08\/BATERIASLITIO-7.jpg\",\"width\":1080,\"height\":1080},{\"@type\":\"BreadcrumbList\",\"@id\":\"https:\/\/tienda.rigelec.com.ar\/?product=bateria-de-litio-dck-ffcl20-04-20v-4ah#breadcrumb\",\"itemListElement\":[{\"@type\":\"ListItem\",\"position\":1,\"name\":\"Inicio\",\"item\":\"https:\/\/tienda.rigelec.com.ar\/\"},{\"@type\":\"ListItem\",\"position\":2,\"name\":\"Shop\",\"item\":\"https:\/\/tienda.rigelec.com.ar\/?page_id=12\"},{\"@type\":\"ListItem\",\"position\":3,\"name\":\"CARGADOR DE BATERIA LI-ION &#8211; FFCL20-04 20V &#8211; 4A\"}]},{\"@type\":\"WebSite\",\"@id\":\"https:\/\/tienda.rigelec.com.ar\/#website\",\"url\":\"https:\/\/tienda.rigelec.com.ar\/\",\"name\":\"Tienda Rigelec\",\"description\":\"Energia en movimiento\",\"publisher\":{\"@id\":\"https:\/\/tienda.rigelec.com.ar\/#organization\"},\"potentialAction\":[{\"@type\":\"SearchAction\",\"target\":{\"@type\":\"EntryPoint\",\"urlTemplate\":\"https:\/\/tienda.rigelec.com.ar\/?s={search_term_string}\"},\"query-input\":{\"@type\":\"PropertyValueSpecification\",\"valueRequired\":true,\"valueName\":\"search_term_string\"}}],\"inLanguage\":\"es-AR\"},{\"@type\":\"Organization\",\"@id\":\"https:\/\/tienda.rigelec.com.ar\/#organization\",\"name\":\"Tienda Rigelec\",\"url\":\"https:\/\/tienda.rigelec.com.ar\/\",\"logo\":{\"@type\":\"ImageObject\",\"inLanguage\":\"es-AR\",\"@id\":\"https:\/\/tienda.rigelec.com.ar\/#\/schema\/logo\/image\/\",\"url\":\"https:\/\/tienda.rigelec.com.ar\/wp-content\/uploads\/2024\/09\/isologo-blanco-rigelec.png\",\"contentUrl\":\"https:\/\/tienda.rigelec.com.ar\/wp-content\/uploads\/2024\/09\/isologo-blanco-rigelec.png\",\"width\":94,\"height\":97,\"caption\":\"Tienda Rigelec\"},\"image\":{\"@id\":\"https:\/\/tienda.rigelec.com.ar\/#\/schema\/logo\/image\/\"}}]}<\/script>\n<!-- \/ Yoast SEO plugin. -->","yoast_head_json":{"title":"Tienda Rigelec Bater\u00eda de Litio DCK FFCL20-04 \u2014 20V, 4Ah","description":"Bater\u00eda de litio DCK FFCL20-04 \u2014 20V y 4Ah. Autonom\u00eda prolongada, carga r\u00e1pida y dise\u00f1o compacto para herramientas inal\u00e1mbricas. Ideal para uso profesional.","robots":{"index":"index","follow":"follow","max-snippet":"max-snippet:-1","max-image-preview":"max-image-preview:large","max-video-preview":"max-video-preview:-1"},"canonical":"https:\/\/tienda.rigelec.com.ar\/?product=bateria-de-litio-dck-ffcl20-04-20v-4ah","og_locale":"es_ES","og_type":"article","og_title":"Tienda Rigelec Bater\u00eda de Litio DCK FFCL20-04 \u2014 20V, 4Ah","og_description":"Bater\u00eda de litio DCK FFCL20-04 \u2014 20V y 4Ah. Autonom\u00eda prolongada, carga r\u00e1pida y dise\u00f1o compacto para herramientas inal\u00e1mbricas. Ideal para uso profesional.","og_url":"https:\/\/tienda.rigelec.com.ar\/?product=bateria-de-litio-dck-ffcl20-04-20v-4ah","og_site_name":"Tienda Rigelec","article_modified_time":"2026-05-04T00:46:42+00:00","og_image":[{"width":1080,"height":1080,"url":"https:\/\/tienda.rigelec.com.ar\/wp-content\/uploads\/2025\/08\/BATERIASLITIO-7.jpg","type":"image\/jpeg"}],"twitter_card":"summary_large_image","twitter_misc":{"Tiempo de lectura":"1 minuto"},"schema":{"@context":"https:\/\/schema.org","@graph":[{"@type":"WebPage","@id":"https:\/\/tienda.rigelec.com.ar\/?product=bateria-de-litio-dck-ffcl20-04-20v-4ah","url":"https:\/\/tienda.rigelec.com.ar\/?product=bateria-de-litio-dck-ffcl20-04-20v-4ah","name":"Tienda Rigelec Bater\u00eda de Litio DCK FFCL20-04 \u2014 20V, 4Ah","isPartOf":{"@id":"https:\/\/tienda.rigelec.com.ar\/#website"},"primaryImageOfPage":{"@id":"https:\/\/tienda.rigelec.com.ar\/?product=bateria-de-litio-dck-ffcl20-04-20v-4ah#primaryimage"},"image":{"@id":"https:\/\/tienda.rigelec.com.ar\/?product=bateria-de-litio-dck-ffcl20-04-20v-4ah#primaryimage"},"thumbnailUrl":"https:\/\/tienda.rigelec.com.ar\/wp-content\/uploads\/2025\/08\/BATERIASLITIO-7.jpg","datePublished":"2025-08-04T17:43:34+00:00","dateModified":"2026-05-04T00:46:42+00:00","description":"Bater\u00eda de litio DCK FFCL20-04 \u2014 20V y 4Ah. Autonom\u00eda prolongada, carga r\u00e1pida y dise\u00f1o compacto para herramientas inal\u00e1mbricas. Ideal para uso profesional.","breadcrumb":{"@id":"https:\/\/tienda.rigelec.com.ar\/?product=bateria-de-litio-dck-ffcl20-04-20v-4ah#breadcrumb"},"inLanguage":"es-AR","potentialAction":[{"@type":"ReadAction","target":["https:\/\/tienda.rigelec.com.ar\/?product=bateria-de-litio-dck-ffcl20-04-20v-4ah"]}]},{"@type":"ImageObject","inLanguage":"es-AR","@id":"https:\/\/tienda.rigelec.com.ar\/?product=bateria-de-litio-dck-ffcl20-04-20v-4ah#primaryimage","url":"https:\/\/tienda.rigelec.com.ar\/wp-content\/uploads\/2025\/08\/BATERIASLITIO-7.jpg","contentUrl":"https:\/\/tienda.rigelec.com.ar\/wp-content\/uploads\/2025\/08\/BATERIASLITIO-7.jpg","width":1080,"height":1080},{"@type":"BreadcrumbList","@id":"https:\/\/tienda.rigelec.com.ar\/?product=bateria-de-litio-dck-ffcl20-04-20v-4ah#breadcrumb","itemListElement":[{"@type":"ListItem","position":1,"name":"Inicio","item":"https:\/\/tienda.rigelec.com.ar\/"},{"@type":"ListItem","position":2,"name":"Shop","item":"https:\/\/tienda.rigelec.com.ar\/?page_id=12"},{"@type":"ListItem","position":3,"name":"CARGADOR DE BATERIA LI-ION &#8211; FFCL20-04 20V &#8211; 4A"}]},{"@type":"WebSite","@id":"https:\/\/tienda.rigelec.com.ar\/#website","url":"https:\/\/tienda.rigelec.com.ar\/","name":"Tienda Rigelec","description":"Energia en movimiento","publisher":{"@id":"https:\/\/tienda.rigelec.com.ar\/#organization"},"potentialAction":[{"@type":"SearchAction","target":{"@type":"EntryPoint","urlTemplate":"https:\/\/tienda.rigelec.com.ar\/?s={search_term_string}"},"query-input":{"@type":"PropertyValueSpecification","valueRequired":true,"valueName":"search_term_string"}}],"inLanguage":"es-AR"},{"@type":"Organization","@id":"https:\/\/tienda.rigelec.com.ar\/#organization","name":"Tienda Rigelec","url":"https:\/\/tienda.rigelec.com.ar\/","logo":{"@type":"ImageObject","inLanguage":"es-AR","@id":"https:\/\/tienda.rigelec.com.ar\/#\/schema\/logo\/image\/","url":"https:\/\/tienda.rigelec.com.ar\/wp-content\/uploads\/2024\/09\/isologo-blanco-rigelec.png","contentUrl":"https:\/\/tienda.rigelec.com.ar\/wp-content\/uploads\/2024\/09\/isologo-blanco-rigelec.png","width":94,"height":97,"caption":"Tienda Rigelec"},"image":{"@id":"https:\/\/tienda.rigelec.com.ar\/#\/schema\/logo\/image\/"}}]}},"jetpack_sharing_enabled":true,"_links":{"self":[{"href":"https:\/\/tienda.rigelec.com.ar\/index.php?rest_route=\/wp\/v2\/product\/30997","targetHints":{"allow":["GET"]}}],"collection":[{"href":"https:\/\/tienda.rigelec.com.ar\/index.php?rest_route=\/wp\/v2\/product"}],"about":[{"href":"https:\/\/tienda.rigelec.com.ar\/index.php?rest_route=\/wp\/v2\/types\/product"}],"replies":[{"embeddable":true,"href":"https:\/\/tienda.rigelec.com.ar\/index.php?rest_route=%2Fwp%2Fv2%2Fcomments&post=30997"}],"wp:featuredmedia":[{"embeddable":true,"href":"https:\/\/tienda.rigelec.com.ar\/index.php?rest_route=\/wp\/v2\/media\/30998"}],"wp:attachment":[{"href":"https:\/\/tienda.rigelec.com.ar\/index.php?rest_route=%2Fwp%2Fv2%2Fmedia&parent=30997"}],"wp:term":[{"taxonomy":"product_brand","embeddable":true,"href":"https:\/\/tienda.rigelec.com.ar\/index.php?rest_route=%2Fwp%2Fv2%2Fproduct_brand&post=30997"},{"taxonomy":"product_cat","embeddable":true,"href":"https:\/\/tienda.rigelec.com.ar\/index.php?rest_route=%2Fwp%2Fv2%2Fproduct_cat&post=30997"},{"taxonomy":"product_tag","embeddable":true,"href":"https:\/\/tienda.rigelec.com.ar\/index.php?rest_route=%2Fwp%2Fv2%2Fproduct_tag&post=30997"}],"curies":[{"name":"wp","href":"https:\/\/api.w.org\/{rel}","templated":true}]}}