{"id":31007,"date":"2025-08-04T14:43:41","date_gmt":"2025-08-04T17:43:41","guid":{"rendered":"https:\/\/tienda.rigelec.com.ar\/?product=llave-de-impacto-inalambrico-kdpb1288-type-z-800-w-tr-1300nm-3-4"},"modified":"2026-05-03T21:47:26","modified_gmt":"2026-05-04T00:47:26","slug":"llave-impacto-inalambrica-dck-kdpb1288-800w-1300-nm-3-4","status":"publish","type":"product","link":"https:\/\/tienda.rigelec.com.ar\/?product=llave-impacto-inalambrica-dck-kdpb1288-800w-1300-nm-3-4","title":{"rendered":"LLAVE DE IMPACTO INALAMBRICO &#8211; KDPB1288 (TYPE Z) 800 W &#8211; TR: 1300NM &#8211; 3\/4&#8243;"},"content":{"rendered":"<p data-start=\"602\" data-end=\"922\">La <strong data-start=\"605\" data-end=\"659\">Llave de Impacto Inal\u00e1mbrica DCK KDPB1288 (Type Z)<\/strong> est\u00e1 dise\u00f1ada para enfrentar las tareas m\u00e1s exigentes con total movilidad. Equipada con un motor de <strong data-start=\"760\" data-end=\"768\">800W<\/strong> y un torque m\u00e1ximo de <strong data-start=\"791\" data-end=\"801\">1300Nm<\/strong>, afloja y ajusta pernos y tuercas de gran tama\u00f1o con rapidez y precisi\u00f3n, incluso en aplicaciones de alta resistencia.<\/p>\n<p data-start=\"924\" data-end=\"1156\">Su encastre cuadrado de <strong data-start=\"948\" data-end=\"956\">3\/4\u2033<\/strong> ofrece compatibilidad con bocas y accesorios de gran tama\u00f1o, lo que la convierte en la elecci\u00f3n perfecta para trabajos en camiones, maquinaria pesada, estructuras met\u00e1licas y entornos industriales.<\/p>\n<p data-start=\"1158\" data-end=\"1422\">Gracias a su dise\u00f1o <strong data-start=\"1178\" data-end=\"1193\">inal\u00e1mbrico<\/strong>, la KDPB1288 permite trabajar sin restricciones, manteniendo un equilibrio perfecto entre potencia y autonom\u00eda. Su empu\u00f1adura ergon\u00f3mica y superficie antideslizante reducen la fatiga y mejoran el control en tareas prolongadas.<\/p>\n<p data-start=\"1424\" data-end=\"1597\">Fabricada con materiales de alta calidad y pensada para uso intensivo, esta herramienta garantiza durabilidad y un rendimiento constante en cualquier condici\u00f3n de trabajo.<\/p>\n<h2 data-start=\"1604\" data-end=\"1639\"><strong data-start=\"1607\" data-end=\"1637\">Caracter\u00edsticas<\/strong><\/h2>\n<ul data-start=\"1640\" data-end=\"1925\">\n<li data-start=\"1640\" data-end=\"1662\">\n<p data-start=\"1642\" data-end=\"1662\">Potencia: <strong data-start=\"1652\" data-end=\"1660\">800W<\/strong><\/p>\n<\/li>\n<li data-start=\"1663\" data-end=\"1692\">\n<p data-start=\"1665\" data-end=\"1692\">Torque m\u00e1ximo: <strong data-start=\"1680\" data-end=\"1690\">1300Nm<\/strong><\/p>\n<\/li>\n<li data-start=\"1693\" data-end=\"1724\">\n<p data-start=\"1695\" data-end=\"1724\">Encastre: <strong data-start=\"1705\" data-end=\"1722\">3\/4\u2033 cuadrado<\/strong><\/p>\n<\/li>\n<li data-start=\"1725\" data-end=\"1758\">\n<p data-start=\"1727\" data-end=\"1758\">Alimentaci\u00f3n: <strong data-start=\"1741\" data-end=\"1756\">Inal\u00e1mbrica<\/strong><\/p>\n<\/li>\n<li data-start=\"1759\" data-end=\"1792\">\n<p data-start=\"1761\" data-end=\"1792\">Uso: Profesional \/ Industrial<\/p>\n<\/li>\n<li data-start=\"1793\" data-end=\"1844\">\n<p data-start=\"1795\" data-end=\"1844\">Dise\u00f1o ergon\u00f3mico con empu\u00f1adura antideslizante<\/p>\n<\/li>\n<li data-start=\"1845\" data-end=\"1882\">\n<p data-start=\"1847\" data-end=\"1882\">Construcci\u00f3n robusta y resistente<\/p>\n<\/li>\n<li data-start=\"1883\" data-end=\"1925\">\n<p data-start=\"1885\" data-end=\"1925\">Alto rendimiento para trabajos pesados<\/p>\n<\/li>\n<\/ul>\n<h2 data-start=\"1932\" data-end=\"1966\"><strong data-start=\"1935\" data-end=\"1964\">Aplicaciones\u00a0<\/strong><\/h2>\n<ul data-start=\"1967\" data-end=\"2145\">\n<li data-start=\"1967\" data-end=\"2004\">\n<p data-start=\"1969\" data-end=\"2004\">Talleres mec\u00e1nicos y automotrices<\/p>\n<\/li>\n<li data-start=\"2005\" data-end=\"2054\">\n<p data-start=\"2007\" data-end=\"2054\">Mantenimiento de camiones y maquinaria pesada<\/p>\n<\/li>\n<li data-start=\"2055\" data-end=\"2104\">\n<p data-start=\"2057\" data-end=\"2104\">Montaje y desmontaje de estructuras met\u00e1licas<\/p>\n<\/li>\n<li data-start=\"2105\" data-end=\"2145\">\n<p data-start=\"2107\" data-end=\"2145\">Trabajos de construcci\u00f3n e industria<\/p>\n<\/li>\n<\/ul>\n<p><a href=\"https:\/\/www.dcktool.ar\/productos?*=KDPB1288\">https:\/\/www.dcktool.ar\/productos?*=KDPB1288<\/a><\/p>\n","protected":false},"excerpt":{"rendered":"<p>LLAVE DE IMPACTO INALAMBRICA POTENCIA 800W<br \/>\nMAX. TORQUE 1700Nm<br \/>\nTAMA\u00d1O DE PERNO ESTANDAR M12-M24<br \/>\nPESO 1.8KG<br \/>\nMOTOR BRUSHLESS NO INCLUYE BATERIA<\/p>\n","protected":false},"featured_media":31008,"comment_status":"open","ping_status":"closed","template":"","meta":{"_monsterinsights_skip_tracking":false,"_monsterinsights_sitenote_active":false,"_monsterinsights_sitenote_note":"","_monsterinsights_sitenote_category":0},"product_brand":[],"product_cat":[366],"product_tag":[479],"class_list":{"0":"post-31007","1":"product","2":"type-product","3":"status-publish","4":"has-post-thumbnail","6":"product_cat-b-electricas","7":"product_tag-dck","9":"first","10":"outofstock","11":"shipping-taxable","12":"purchasable","13":"product-type-simple"},"yoast_head":"<!-- This site is optimized with the Yoast SEO plugin v25.3.1 - https:\/\/yoast.com\/wordpress\/plugins\/seo\/ -->\n<title>LLAVE DE IMPACTO INALAMBRICO - KDPB1288 (TYPE Z) 800 W - TR: 1300NM - 3\/4&quot; - Tienda Rigelec<\/title>\n<meta name=\"description\" content=\"Llave de impacto inal\u00e1mbrica DCK KDPB1288 \u2014 800W y 1300 Nm. Potencia industrial, encastre 3\/4&quot;, ergon\u00f3mica y sin cables. Ideal para trabajos pesados.\" \/>\n<meta name=\"robots\" content=\"index, follow, max-snippet:-1, max-image-preview:large, max-video-preview:-1\" \/>\n<link rel=\"canonical\" href=\"https:\/\/tienda.rigelec.com.ar\/?product=llave-impacto-inalambrica-dck-kdpb1288-800w-1300-nm-3-4\" \/>\n<meta property=\"og:locale\" content=\"es_ES\" \/>\n<meta property=\"og:type\" content=\"article\" \/>\n<meta property=\"og:title\" content=\"LLAVE DE IMPACTO INALAMBRICO - KDPB1288 (TYPE Z) 800 W - TR: 1300NM - 3\/4&quot; - Tienda Rigelec\" \/>\n<meta property=\"og:description\" content=\"Llave de impacto inal\u00e1mbrica DCK KDPB1288 \u2014 800W y 1300 Nm. Potencia industrial, encastre 3\/4&quot;, ergon\u00f3mica y sin cables. Ideal para trabajos pesados.\" \/>\n<meta property=\"og:url\" content=\"https:\/\/tienda.rigelec.com.ar\/?product=llave-impacto-inalambrica-dck-kdpb1288-800w-1300-nm-3-4\" \/>\n<meta property=\"og:site_name\" content=\"Tienda Rigelec\" \/>\n<meta property=\"article:modified_time\" content=\"2026-05-04T00:47:26+00:00\" \/>\n<meta property=\"og:image\" content=\"https:\/\/tienda.rigelec.com.ar\/wp-content\/uploads\/2025\/08\/LLAVEDEIMPACTO.jpg\" \/>\n\t<meta property=\"og:image:width\" content=\"1080\" \/>\n\t<meta property=\"og:image:height\" content=\"1080\" \/>\n\t<meta property=\"og:image:type\" content=\"image\/jpeg\" \/>\n<meta name=\"twitter:card\" content=\"summary_large_image\" \/>\n<meta name=\"twitter:label1\" content=\"Tiempo de lectura\" \/>\n\t<meta name=\"twitter:data1\" content=\"2 minutos\" \/>\n<script type=\"application\/ld+json\" class=\"yoast-schema-graph\">{\"@context\":\"https:\/\/schema.org\",\"@graph\":[{\"@type\":\"WebPage\",\"@id\":\"https:\/\/tienda.rigelec.com.ar\/?product=llave-impacto-inalambrica-dck-kdpb1288-800w-1300-nm-3-4\",\"url\":\"https:\/\/tienda.rigelec.com.ar\/?product=llave-impacto-inalambrica-dck-kdpb1288-800w-1300-nm-3-4\",\"name\":\"LLAVE DE IMPACTO INALAMBRICO - KDPB1288 (TYPE Z) 800 W - TR: 1300NM - 3\/4\\\" - Tienda Rigelec\",\"isPartOf\":{\"@id\":\"https:\/\/tienda.rigelec.com.ar\/#website\"},\"primaryImageOfPage\":{\"@id\":\"https:\/\/tienda.rigelec.com.ar\/?product=llave-impacto-inalambrica-dck-kdpb1288-800w-1300-nm-3-4#primaryimage\"},\"image\":{\"@id\":\"https:\/\/tienda.rigelec.com.ar\/?product=llave-impacto-inalambrica-dck-kdpb1288-800w-1300-nm-3-4#primaryimage\"},\"thumbnailUrl\":\"https:\/\/tienda.rigelec.com.ar\/wp-content\/uploads\/2025\/08\/LLAVEDEIMPACTO.jpg\",\"datePublished\":\"2025-08-04T17:43:41+00:00\",\"dateModified\":\"2026-05-04T00:47:26+00:00\",\"description\":\"Llave de impacto inal\u00e1mbrica DCK KDPB1288 \u2014 800W y 1300 Nm. Potencia industrial, encastre 3\/4\\\", ergon\u00f3mica y sin cables. Ideal para trabajos pesados.\",\"breadcrumb\":{\"@id\":\"https:\/\/tienda.rigelec.com.ar\/?product=llave-impacto-inalambrica-dck-kdpb1288-800w-1300-nm-3-4#breadcrumb\"},\"inLanguage\":\"es-AR\",\"potentialAction\":[{\"@type\":\"ReadAction\",\"target\":[\"https:\/\/tienda.rigelec.com.ar\/?product=llave-impacto-inalambrica-dck-kdpb1288-800w-1300-nm-3-4\"]}]},{\"@type\":\"ImageObject\",\"inLanguage\":\"es-AR\",\"@id\":\"https:\/\/tienda.rigelec.com.ar\/?product=llave-impacto-inalambrica-dck-kdpb1288-800w-1300-nm-3-4#primaryimage\",\"url\":\"https:\/\/tienda.rigelec.com.ar\/wp-content\/uploads\/2025\/08\/LLAVEDEIMPACTO.jpg\",\"contentUrl\":\"https:\/\/tienda.rigelec.com.ar\/wp-content\/uploads\/2025\/08\/LLAVEDEIMPACTO.jpg\",\"width\":1080,\"height\":1080},{\"@type\":\"BreadcrumbList\",\"@id\":\"https:\/\/tienda.rigelec.com.ar\/?product=llave-impacto-inalambrica-dck-kdpb1288-800w-1300-nm-3-4#breadcrumb\",\"itemListElement\":[{\"@type\":\"ListItem\",\"position\":1,\"name\":\"Inicio\",\"item\":\"https:\/\/tienda.rigelec.com.ar\/\"},{\"@type\":\"ListItem\",\"position\":2,\"name\":\"Shop\",\"item\":\"https:\/\/tienda.rigelec.com.ar\/?page_id=12\"},{\"@type\":\"ListItem\",\"position\":3,\"name\":\"LLAVE DE IMPACTO INALAMBRICO &#8211; KDPB1288 (TYPE Z) 800 W &#8211; TR: 1300NM &#8211; 3\/4&#8243;\"}]},{\"@type\":\"WebSite\",\"@id\":\"https:\/\/tienda.rigelec.com.ar\/#website\",\"url\":\"https:\/\/tienda.rigelec.com.ar\/\",\"name\":\"Tienda Rigelec\",\"description\":\"Energia en movimiento\",\"publisher\":{\"@id\":\"https:\/\/tienda.rigelec.com.ar\/#organization\"},\"potentialAction\":[{\"@type\":\"SearchAction\",\"target\":{\"@type\":\"EntryPoint\",\"urlTemplate\":\"https:\/\/tienda.rigelec.com.ar\/?s={search_term_string}\"},\"query-input\":{\"@type\":\"PropertyValueSpecification\",\"valueRequired\":true,\"valueName\":\"search_term_string\"}}],\"inLanguage\":\"es-AR\"},{\"@type\":\"Organization\",\"@id\":\"https:\/\/tienda.rigelec.com.ar\/#organization\",\"name\":\"Tienda Rigelec\",\"url\":\"https:\/\/tienda.rigelec.com.ar\/\",\"logo\":{\"@type\":\"ImageObject\",\"inLanguage\":\"es-AR\",\"@id\":\"https:\/\/tienda.rigelec.com.ar\/#\/schema\/logo\/image\/\",\"url\":\"https:\/\/tienda.rigelec.com.ar\/wp-content\/uploads\/2024\/09\/isologo-blanco-rigelec.png\",\"contentUrl\":\"https:\/\/tienda.rigelec.com.ar\/wp-content\/uploads\/2024\/09\/isologo-blanco-rigelec.png\",\"width\":94,\"height\":97,\"caption\":\"Tienda Rigelec\"},\"image\":{\"@id\":\"https:\/\/tienda.rigelec.com.ar\/#\/schema\/logo\/image\/\"}}]}<\/script>\n<!-- \/ Yoast SEO plugin. -->","yoast_head_json":{"title":"LLAVE DE IMPACTO INALAMBRICO - KDPB1288 (TYPE Z) 800 W - TR: 1300NM - 3\/4\" - Tienda Rigelec","description":"Llave de impacto inal\u00e1mbrica DCK KDPB1288 \u2014 800W y 1300 Nm. Potencia industrial, encastre 3\/4\", ergon\u00f3mica y sin cables. Ideal para trabajos pesados.","robots":{"index":"index","follow":"follow","max-snippet":"max-snippet:-1","max-image-preview":"max-image-preview:large","max-video-preview":"max-video-preview:-1"},"canonical":"https:\/\/tienda.rigelec.com.ar\/?product=llave-impacto-inalambrica-dck-kdpb1288-800w-1300-nm-3-4","og_locale":"es_ES","og_type":"article","og_title":"LLAVE DE IMPACTO INALAMBRICO - KDPB1288 (TYPE Z) 800 W - TR: 1300NM - 3\/4\" - Tienda Rigelec","og_description":"Llave de impacto inal\u00e1mbrica DCK KDPB1288 \u2014 800W y 1300 Nm. Potencia industrial, encastre 3\/4\", ergon\u00f3mica y sin cables. Ideal para trabajos pesados.","og_url":"https:\/\/tienda.rigelec.com.ar\/?product=llave-impacto-inalambrica-dck-kdpb1288-800w-1300-nm-3-4","og_site_name":"Tienda Rigelec","article_modified_time":"2026-05-04T00:47:26+00:00","og_image":[{"width":1080,"height":1080,"url":"https:\/\/tienda.rigelec.com.ar\/wp-content\/uploads\/2025\/08\/LLAVEDEIMPACTO.jpg","type":"image\/jpeg"}],"twitter_card":"summary_large_image","twitter_misc":{"Tiempo de lectura":"2 minutos"},"schema":{"@context":"https:\/\/schema.org","@graph":[{"@type":"WebPage","@id":"https:\/\/tienda.rigelec.com.ar\/?product=llave-impacto-inalambrica-dck-kdpb1288-800w-1300-nm-3-4","url":"https:\/\/tienda.rigelec.com.ar\/?product=llave-impacto-inalambrica-dck-kdpb1288-800w-1300-nm-3-4","name":"LLAVE DE IMPACTO INALAMBRICO - KDPB1288 (TYPE Z) 800 W - TR: 1300NM - 3\/4\" - Tienda Rigelec","isPartOf":{"@id":"https:\/\/tienda.rigelec.com.ar\/#website"},"primaryImageOfPage":{"@id":"https:\/\/tienda.rigelec.com.ar\/?product=llave-impacto-inalambrica-dck-kdpb1288-800w-1300-nm-3-4#primaryimage"},"image":{"@id":"https:\/\/tienda.rigelec.com.ar\/?product=llave-impacto-inalambrica-dck-kdpb1288-800w-1300-nm-3-4#primaryimage"},"thumbnailUrl":"https:\/\/tienda.rigelec.com.ar\/wp-content\/uploads\/2025\/08\/LLAVEDEIMPACTO.jpg","datePublished":"2025-08-04T17:43:41+00:00","dateModified":"2026-05-04T00:47:26+00:00","description":"Llave de impacto inal\u00e1mbrica DCK KDPB1288 \u2014 800W y 1300 Nm. Potencia industrial, encastre 3\/4\", ergon\u00f3mica y sin cables. Ideal para trabajos pesados.","breadcrumb":{"@id":"https:\/\/tienda.rigelec.com.ar\/?product=llave-impacto-inalambrica-dck-kdpb1288-800w-1300-nm-3-4#breadcrumb"},"inLanguage":"es-AR","potentialAction":[{"@type":"ReadAction","target":["https:\/\/tienda.rigelec.com.ar\/?product=llave-impacto-inalambrica-dck-kdpb1288-800w-1300-nm-3-4"]}]},{"@type":"ImageObject","inLanguage":"es-AR","@id":"https:\/\/tienda.rigelec.com.ar\/?product=llave-impacto-inalambrica-dck-kdpb1288-800w-1300-nm-3-4#primaryimage","url":"https:\/\/tienda.rigelec.com.ar\/wp-content\/uploads\/2025\/08\/LLAVEDEIMPACTO.jpg","contentUrl":"https:\/\/tienda.rigelec.com.ar\/wp-content\/uploads\/2025\/08\/LLAVEDEIMPACTO.jpg","width":1080,"height":1080},{"@type":"BreadcrumbList","@id":"https:\/\/tienda.rigelec.com.ar\/?product=llave-impacto-inalambrica-dck-kdpb1288-800w-1300-nm-3-4#breadcrumb","itemListElement":[{"@type":"ListItem","position":1,"name":"Inicio","item":"https:\/\/tienda.rigelec.com.ar\/"},{"@type":"ListItem","position":2,"name":"Shop","item":"https:\/\/tienda.rigelec.com.ar\/?page_id=12"},{"@type":"ListItem","position":3,"name":"LLAVE DE IMPACTO INALAMBRICO &#8211; KDPB1288 (TYPE Z) 800 W &#8211; TR: 1300NM &#8211; 3\/4&#8243;"}]},{"@type":"WebSite","@id":"https:\/\/tienda.rigelec.com.ar\/#website","url":"https:\/\/tienda.rigelec.com.ar\/","name":"Tienda Rigelec","description":"Energia en movimiento","publisher":{"@id":"https:\/\/tienda.rigelec.com.ar\/#organization"},"potentialAction":[{"@type":"SearchAction","target":{"@type":"EntryPoint","urlTemplate":"https:\/\/tienda.rigelec.com.ar\/?s={search_term_string}"},"query-input":{"@type":"PropertyValueSpecification","valueRequired":true,"valueName":"search_term_string"}}],"inLanguage":"es-AR"},{"@type":"Organization","@id":"https:\/\/tienda.rigelec.com.ar\/#organization","name":"Tienda Rigelec","url":"https:\/\/tienda.rigelec.com.ar\/","logo":{"@type":"ImageObject","inLanguage":"es-AR","@id":"https:\/\/tienda.rigelec.com.ar\/#\/schema\/logo\/image\/","url":"https:\/\/tienda.rigelec.com.ar\/wp-content\/uploads\/2024\/09\/isologo-blanco-rigelec.png","contentUrl":"https:\/\/tienda.rigelec.com.ar\/wp-content\/uploads\/2024\/09\/isologo-blanco-rigelec.png","width":94,"height":97,"caption":"Tienda Rigelec"},"image":{"@id":"https:\/\/tienda.rigelec.com.ar\/#\/schema\/logo\/image\/"}}]}},"jetpack_sharing_enabled":true,"_links":{"self":[{"href":"https:\/\/tienda.rigelec.com.ar\/index.php?rest_route=\/wp\/v2\/product\/31007","targetHints":{"allow":["GET"]}}],"collection":[{"href":"https:\/\/tienda.rigelec.com.ar\/index.php?rest_route=\/wp\/v2\/product"}],"about":[{"href":"https:\/\/tienda.rigelec.com.ar\/index.php?rest_route=\/wp\/v2\/types\/product"}],"replies":[{"embeddable":true,"href":"https:\/\/tienda.rigelec.com.ar\/index.php?rest_route=%2Fwp%2Fv2%2Fcomments&post=31007"}],"wp:featuredmedia":[{"embeddable":true,"href":"https:\/\/tienda.rigelec.com.ar\/index.php?rest_route=\/wp\/v2\/media\/31008"}],"wp:attachment":[{"href":"https:\/\/tienda.rigelec.com.ar\/index.php?rest_route=%2Fwp%2Fv2%2Fmedia&parent=31007"}],"wp:term":[{"taxonomy":"product_brand","embeddable":true,"href":"https:\/\/tienda.rigelec.com.ar\/index.php?rest_route=%2Fwp%2Fv2%2Fproduct_brand&post=31007"},{"taxonomy":"product_cat","embeddable":true,"href":"https:\/\/tienda.rigelec.com.ar\/index.php?rest_route=%2Fwp%2Fv2%2Fproduct_cat&post=31007"},{"taxonomy":"product_tag","embeddable":true,"href":"https:\/\/tienda.rigelec.com.ar\/index.php?rest_route=%2Fwp%2Fv2%2Fproduct_tag&post=31007"}],"curies":[{"name":"wp","href":"https:\/\/api.w.org\/{rel}","templated":true}]}}